{"id":12775,"date":"2024-06-28T09:56:14","date_gmt":"2024-06-28T07:56:14","guid":{"rendered":"https:\/\/new.antersystem.com\/sustainable-practices\/"},"modified":"2026-01-30T14:31:00","modified_gmt":"2026-01-30T13:31:00","slug":"sustainable-practices","status":"publish","type":"page","link":"https:\/\/antersystem.com\/ar\/news\/sustainable-practices\/","title":{"rendered":"\u0627\u0644\u0645\u0645\u0627\u0631\u0633\u0627\u062a \u0627\u0644\u0645\u0633\u062a\u062f\u0627\u0645\u0629"},"content":{"rendered":"\n<div class=\"wp-block-columns is-layout-flex wp-container-core-columns-is-layout-9d6595d7 wp-block-columns-is-layout-flex\">\n<div class=\"wp-block-column is-layout-flow wp-block-column-is-layout-flow\" style=\"flex-basis:10%\"><\/div>\n\n\n\n<div class=\"wp-block-column is-layout-flow wp-block-column-is-layout-flow\">\n<h2 class=\"wp-block-heading\">\u0645\u0648\u0627\u0643\u0628\u0629 \u0627\u0644\u0645\u0628\u0627\u062f\u0631\u0627\u062a \u0648\u0627\u0644\u0645\u0639\u0627\u064a\u064a\u0631 \u0627\u0644\u0639\u0627\u0644\u0645\u064a\u0629<\/h2>\n\n\n\n<p><strong>\u062a\u0633\u0627\u0639\u062f EcoVadis \u0627\u0644\u0634\u0631\u0643\u0627\u062a \u0639\u0644\u0649 \u062a\u0642\u064a\u064a\u0645 \u0645\u062f\u0649 \u0641\u0639\u0627\u0644\u064a\u0629 \u0625\u062f\u0627\u0631\u062a\u0647\u0627 \u0644\u0645\u0645\u0627\u0631\u0633\u0627\u062a \u0627\u0644\u0645\u0633\u0624\u0648\u0644\u064a\u0629 \u0627\u0644\u0627\u062c\u062a\u0645\u0627\u0639\u064a\u0629 \u0644\u0644\u0634\u0631\u0643\u0627\u062a.  <\/strong>  \u062a\u0644\u062a\u0632\u0645 \u0634\u0631\u0643\u0629 Anter System \u0628\u0645\u0646\u0639 \u0627\u0644\u062a\u0644\u0648\u062b \u0627\u0644\u0628\u064a\u0626\u064a \u0648\u062a\u0642\u062f\u064a\u0645 \u0645\u0646\u062a\u062c\u0627\u062a \u0623\u062e\u0644\u0627\u0642\u064a\u0629 \u0648\u0627\u0639\u062a\u0645\u0627\u062f \u0646\u0645\u0627\u0630\u062c \u0623\u0639\u0645\u0627\u0644 \u0645\u0633\u062a\u062f\u0627\u0645\u0629. \u0641\u064a \u0639\u0627\u0645 2024\u060c \u062a\u0645 \u0627\u0644\u0627\u0639\u062a\u0631\u0627\u0641 \u0628\u062c\u0647\u0648\u062f\u0646\u0627 \u0645\u0631\u0629 \u0623\u062e\u0631\u0649 <strong>\u0628\u0645\u064a\u062f\u0627\u0644\u064a\u0629 EcoVadis \u0627\u0644\u0641\u0636\u064a\u0629\u060c \u0643\u0645\u0627 \u062d\u062f\u062b<\/strong> \u0641\u064a \u0627\u0644\u0639\u0627\u0645 \u0627\u0644\u0633\u0627\u0628\u0642.<\/p>\n\n\n\n<p>\u064a\u0624\u0643\u062f \u0647\u0630\u0627 \u0627\u0644\u062a\u0645\u064a\u0632 \u0623\u0646 \u0627\u0644\u0634\u0631\u0643\u0629 \u062d\u0642\u0642\u062a \u0646\u062a\u0627\u0626\u062c \u0639\u0627\u0644\u064a\u0629 \u0641\u064a \u0627\u0644\u0645\u062c\u0627\u0644\u0627\u062a \u0627\u0644\u062a\u0627\u0644\u064a\u0629:<\/p>\n\n\n\n<p><strong>\u0627\u0644\u0628\u064a\u0626\u0629:<\/strong> \u0627\u0644\u0633\u064a\u0627\u0633\u0627\u062a \u0648\u0627\u0644\u0625\u062c\u0631\u0627\u0621\u0627\u062a \u0627\u0644\u0645\u062a\u0639\u0644\u0642\u0629 \u0628\u0625\u062f\u0627\u0631\u0629 \u0627\u0644\u0623\u062b\u0631 \u0627\u0644\u0628\u064a\u0626\u064a \u0644\u0644\u0634\u0631\u0643\u0629\u060c \u0628\u0645\u0627 \u0641\u064a \u0630\u0644\u0643 \u0625\u062f\u0627\u0631\u0629 \u0627\u0644\u0627\u0646\u0628\u0639\u0627\u062b\u0627\u062a \u0648\u0643\u0641\u0627\u0621\u0629 \u0627\u0644\u0645\u0648\u0627\u0631\u062f \u0648\u0645\u0628\u0627\u062f\u0631\u0627\u062a \u0627\u0644\u0627\u0633\u062a\u062f\u0627\u0645\u0629.<\/p>\n\n\n\n<p><strong>\u0627\u0644\u0639\u0645\u0644 \u0648\u062d\u0642\u0648\u0642 \u0627\u0644\u0625\u0646\u0633\u0627\u0646:<\/strong> \u0638\u0631\u0648\u0641 \u0627\u0644\u0639\u0645\u0644\u060c \u0648\u0627\u062d\u062a\u0631\u0627\u0645 \u062d\u0642\u0648\u0642 \u0627\u0644\u0645\u0648\u0638\u0641\u064a\u0646\u060c \u0648\u0627\u0644\u0635\u062d\u0629 \u0648\u0627\u0644\u0633\u0644\u0627\u0645\u0629 \u0627\u0644\u0645\u0647\u0646\u064a\u0629\u060c \u0628\u0627\u0644\u0625\u0636\u0627\u0641\u0629 \u0625\u0644\u0649 \u0633\u064a\u0627\u0633\u0627\u062a \u0627\u0644\u062a\u0646\u0648\u0639 \u0648\u0627\u0644\u0634\u0645\u0648\u0644.<\/p>\n\n\n\n<p><strong>\u0627\u0644\u0623\u062e\u0644\u0627\u0642\u064a\u0627\u062a:<\/strong> \u0627\u0644\u0645\u0628\u0627\u062f\u0626 \u0627\u0644\u0623\u062e\u0644\u0627\u0642\u064a\u0629\u060c \u0648\u062a\u062f\u0627\u0628\u064a\u0631 \u0645\u0643\u0627\u0641\u062d\u0629 \u0627\u0644\u0641\u0633\u0627\u062f\u060c \u0648\u0627\u0644\u0634\u0641\u0627\u0641\u064a\u0629\u060c \u0648\u0627\u0644\u0627\u0645\u062a\u062b\u0627\u0644 \u0644\u0644\u0648\u0627\u0626\u062d \u0627\u0644\u0642\u0627\u0646\u0648\u0646\u064a\u0629.<\/p>\n\n\n\n<p><strong>\u0627\u0644\u0645\u0634\u062a\u0631\u064a\u0627\u062a \u0627\u0644\u0645\u0633\u062a\u062f\u0627\u0645\u0629:<\/strong> \u0633\u064a\u0627\u0633\u0627\u062a \u062a\u0639\u0632\u064a\u0632 \u0645\u0645\u0627\u0631\u0633\u0627\u062a \u0627\u0644\u0634\u0631\u0627\u0621 \u0627\u0644\u0623\u062e\u0644\u0627\u0642\u064a\u0629 \u0648\u0627\u0644\u0645\u0633\u062a\u062f\u0627\u0645\u0629\u060c \u0648\u0627\u062e\u062a\u064a\u0627\u0631 \u0627\u0644\u0645\u0648\u0631\u062f\u064a\u0646\u060c \u0648\u0625\u062f\u0627\u0631\u0629 \u0633\u0644\u0633\u0644\u0629 \u0627\u0644\u062a\u0648\u0631\u064a\u062f.<\/p>\n\n\n\n<p>\u062a\u0636\u0639\u0646\u0627 \u0627\u0644\u0645\u064a\u062f\u0627\u0644\u064a\u0629 \u0627\u0644\u0641\u0636\u064a\u0629 \u0636\u0645\u0646 \u0623\u0641\u0636\u0644 15% \u0645\u0646 \u0627\u0644\u0634\u0631\u0643\u0627\u062a \u0627\u0644\u062a\u064a \u062a\u0645 \u062a\u0642\u064a\u064a\u0645\u0647\u0627 \u0645\u0646 \u0642\u0628\u0644 EcoVadis\u060c \u0645\u0645\u0627 \u064a\u0633\u0644\u0637 \u0627\u0644\u0636\u0648\u0621 \u0639\u0644\u0649 \u0627\u0644\u062a\u0632\u0627\u0645\u0646\u0627 \u0627\u0644\u0646\u0634\u0637 \u0628\u0627\u0644\u0627\u0633\u062a\u062f\u0627\u0645\u0629 \u0648\u0627\u0644\u0645\u0633\u0624\u0648\u0644\u064a\u0629 \u0627\u0644\u0627\u062c\u062a\u0645\u0627\u0639\u064a\u0629. \u0646\u0634\u0643\u0631 \u0643\u0644 \u0645\u0646 \u0633\u0627\u0647\u0645 \u0641\u064a \u062a\u062d\u0642\u064a\u0642 \u0647\u0630\u0647 \u0627\u0644\u0646\u062a\u0627\u0626\u062c \u0641\u064a \u0634\u0631\u0643\u0629 Anter System &#8211; \u0648\u0639\u0645\u0644\u0627\u0626\u0646\u0627 \u0639\u0644\u0649 \u062b\u0642\u062a\u0647\u0645 \u0627\u0644\u0645\u0633\u062a\u0645\u0631\u0629.<\/p>\n<\/div>\n\n\n\n<div class=\"wp-block-column is-layout-flow wp-block-column-is-layout-flow\" style=\"flex-basis:10%\"><\/div>\n<\/div>\n<div class=\"wp-block-image\">\n<figure class=\"aligncenter size-large is-resized\"><img loading=\"lazy\" decoding=\"async\" width=\"1024\" height=\"535\" src=\"https:\/\/antersystem.com\/wp-content\/uploads\/ECOVADIS-1-1024x535.webp\" alt=\"&#x62A;&#x64F;&#x638;&#x647;&#x631; &#x627;&#x644;&#x635;&#x648;&#x631;&#x629; &#x645;&#x64A;&#x62F;&#x627;&#x644;&#x64A;&#x629; EcoVadis &#x627;&#x644;&#x641;&#x636;&#x64A;&#x629;. &#x648;&#x647;&#x64A; &#x62A;&#x624;&#x643;&#x62F; &#x627;&#x644;&#x623;&#x62F;&#x627;&#x621; &#x627;&#x644;&#x639;&#x627;&#x644;&#x64A; &#x641;&#x64A; &#x645;&#x62C;&#x627;&#x644; &#x627;&#x644;&#x645;&#x633;&#x624;&#x648;&#x644;&#x64A;&#x629; &#x627;&#x644;&#x627;&#x62C;&#x62A;&#x645;&#x627;&#x639;&#x64A;&#x629; &#x644;&#x644;&#x634;&#x631;&#x643;&#x627;&#x62A; &#x648;&#x627;&#x644;&#x623;&#x62E;&#x644;&#x627;&#x642;&#x64A;&#x627;&#x62A; &#x648;&#x62D;&#x645;&#x627;&#x64A;&#x629; &#x627;&#x644;&#x628;&#x64A;&#x626;&#x629; &#x648;&#x627;&#x644;&#x625;&#x62F;&#x627;&#x631;&#x629; &#x627;&#x644;&#x645;&#x633;&#x62A;&#x62F;&#x627;&#x645;&#x629;. \" class=\"wp-image-4968\" style=\"width:620px;height:auto\" srcset=\"https:\/\/antersystem.com\/wp-content\/uploads\/ECOVADIS-1-1024x535.webp 1024w, https:\/\/antersystem.com\/wp-content\/uploads\/ECOVADIS-1-300x157.webp 300w, https:\/\/antersystem.com\/wp-content\/uploads\/ECOVADIS-1-768x401.webp 768w, https:\/\/antersystem.com\/wp-content\/uploads\/ECOVADIS-1-450x235.webp 450w, https:\/\/antersystem.com\/wp-content\/uploads\/ECOVADIS-1-330x172.webp 330w, https:\/\/antersystem.com\/wp-content\/uploads\/ECOVADIS-1.webp 1200w\" sizes=\"auto, (max-width: 1024px) 100vw, 1024px\" \/><\/figure><\/div>","protected":false},"excerpt":{"rendered":"<p>\u0645\u0648\u0627\u0643\u0628\u0629 \u0627\u0644\u0645\u0628\u0627\u062f\u0631\u0627\u062a \u0648\u0627\u0644\u0645\u0639\u0627\u064a\u064a\u0631 \u0627\u0644\u0639\u0627\u0644\u0645\u064a\u0629 \u062a\u0633\u0627\u0639\u062f EcoVadis \u0627\u0644\u0634\u0631\u0643\u0627\u062a \u0639\u0644\u0649 \u062a\u0642\u064a\u064a\u0645 \u0645\u062f\u0649 \u0641\u0639\u0627\u0644\u064a\u0629 \u0625\u062f\u0627\u0631\u062a\u0647\u0627 \u0644\u0645\u0645\u0627\u0631\u0633\u0627\u062a \u0627\u0644\u0645\u0633\u0624\u0648\u0644\u064a\u0629 \u0627\u0644\u0627\u062c\u062a\u0645\u0627\u0639\u064a\u0629 \u0644\u0644\u0634\u0631\u0643\u0627\u062a. \u062a\u0644\u062a\u0632\u0645 \u0634\u0631\u0643\u0629 Anter System \u0628\u0645\u0646\u0639 \u0627\u0644\u062a\u0644\u0648\u062b \u0627\u0644\u0628\u064a\u0626\u064a \u0648\u062a\u0642\u062f\u064a\u0645 \u0645\u0646\u062a\u062c\u0627\u062a \u0623\u062e\u0644\u0627\u0642\u064a\u0629 \u0648\u0627\u0639\u062a\u0645\u0627\u062f \u0646\u0645\u0627\u0630\u062c \u0623\u0639\u0645\u0627\u0644 \u0645\u0633\u062a\u062f\u0627\u0645\u0629. \u0641\u064a \u0639\u0627\u0645 2024\u060c \u062a\u0645 \u0627\u0644\u0627\u0639\u062a\u0631\u0627\u0641 \u0628\u062c\u0647\u0648\u062f\u0646\u0627 \u0645\u0631\u0629 \u0623\u062e\u0631\u0649 \u0628\u0645\u064a\u062f\u0627\u0644\u064a\u0629 EcoVadis \u0627\u0644\u0641\u0636\u064a\u0629\u060c \u0643\u0645\u0627 \u062d\u062f\u062b \u0641\u064a \u0627\u0644\u0639\u0627\u0645 \u0627\u0644\u0633\u0627\u0628\u0642. \u064a\u0624\u0643\u062f \u0647\u0630\u0627 \u0627\u0644\u062a\u0645\u064a\u0632 \u0623\u0646 \u0627\u0644\u0634\u0631\u0643\u0629 \u062d\u0642\u0642\u062a \u0646\u062a\u0627\u0626\u062c \u0639\u0627\u0644\u064a\u0629 \u0641\u064a [&hellip;]<\/p>\n","protected":false},"author":1,"featured_media":0,"parent":30526,"menu_order":0,"comment_status":"closed","ping_status":"closed","template":"","meta":{"inline_featured_image":false,"ngg_post_thumbnail":0,"footnotes":""},"class_list":["post-12775","page","type-page","status-publish","hentry"],"acf":[],"yoast_head":"<!-- This site is optimized with the Yoast SEO plugin v27.0 - https:\/\/yoast.com\/product\/yoast-seo-wordpress\/ -->\n<title>\u0627\u0644\u0645\u0645\u0627\u0631\u0633\u0627\u062a \u0627\u0644\u0645\u0633\u062a\u062f\u0627\u0645\u0629 - Anter System<\/title>\n<meta name=\"description\" content=\"\u0645\u0648\u0627\u0643\u0628\u0629 \u0627\u0644\u0645\u0628\u0627\u062f\u0631\u0627\u062a \u0648\u0627\u0644\u0645\u0639\u0627\u064a\u064a\u0631 \u0627\u0644\u0639\u0627\u0644\u0645\u064a\u0629 \u062a\u0633\u0627\u0639\u062f EcoVadis \u0627\u0644\u0634\u0631\u0643\u0627\u062a \u0639\u0644\u0649 \u062a\u0642\u064a\u064a\u0645 \u0645\u062f\u0649 \u0641\u0639\u0627\u0644\u064a\u0629 \u0625\u062f\u0627\u0631\u062a\u0647\u0627 \u0644\u0645\u0645\u0627\u0631\u0633\u0627\u062a \u0627\u0644\u0645\u0633\u0624\u0648\u0644\u064a\u0629 \u0627\u0644\u0627\u062c\u062a\u0645\u0627\u0639\u064a\u0629 \u0644\u0644\u0634\u0631\u0643\u0627\u062a. \u062a\u0644\u062a\u0632\u0645 \u0634\u0631\u0643\u0629 Anter System\" \/>\n<meta name=\"robots\" content=\"index, follow, max-snippet:-1, max-image-preview:large, max-video-preview:-1\" \/>\n<link rel=\"canonical\" href=\"https:\/\/antersystem.com\/ar\/news\/sustainable-practices\/\" \/>\n<meta property=\"og:locale\" content=\"ar_AR\" \/>\n<meta property=\"og:type\" content=\"article\" \/>\n<meta property=\"og:title\" content=\"\u0627\u0644\u0645\u0645\u0627\u0631\u0633\u0627\u062a \u0627\u0644\u0645\u0633\u062a\u062f\u0627\u0645\u0629 - Anter System\" \/>\n<meta property=\"og:description\" content=\"\u0645\u0648\u0627\u0643\u0628\u0629 \u0627\u0644\u0645\u0628\u0627\u062f\u0631\u0627\u062a \u0648\u0627\u0644\u0645\u0639\u0627\u064a\u064a\u0631 \u0627\u0644\u0639\u0627\u0644\u0645\u064a\u0629 \u062a\u0633\u0627\u0639\u062f EcoVadis \u0627\u0644\u0634\u0631\u0643\u0627\u062a \u0639\u0644\u0649 \u062a\u0642\u064a\u064a\u0645 \u0645\u062f\u0649 \u0641\u0639\u0627\u0644\u064a\u0629 \u0625\u062f\u0627\u0631\u062a\u0647\u0627 \u0644\u0645\u0645\u0627\u0631\u0633\u0627\u062a \u0627\u0644\u0645\u0633\u0624\u0648\u0644\u064a\u0629 \u0627\u0644\u0627\u062c\u062a\u0645\u0627\u0639\u064a\u0629 \u0644\u0644\u0634\u0631\u0643\u0627\u062a. \u062a\u0644\u062a\u0632\u0645 \u0634\u0631\u0643\u0629 Anter System\" \/>\n<meta property=\"og:url\" content=\"https:\/\/antersystem.com\/ar\/news\/sustainable-practices\/\" \/>\n<meta property=\"og:site_name\" content=\"Anter System\" \/>\n<meta property=\"article:modified_time\" content=\"2026-01-30T13:31:00+00:00\" \/>\n<meta property=\"og:image\" content=\"https:\/\/antersystem.com\/wp-content\/uploads\/ECOVADIS-1-1024x535.webp\" \/>\n<meta name=\"twitter:card\" content=\"summary_large_image\" \/>\n<script type=\"application\/ld+json\" class=\"yoast-schema-graph\">{\"@context\":\"https:\/\/schema.org\",\"@graph\":[{\"@type\":\"WebPage\",\"@id\":\"https:\/\/antersystem.com\/ar\/news\/sustainable-practices\/\",\"url\":\"https:\/\/antersystem.com\/ar\/news\/sustainable-practices\/\",\"name\":\"\u0627\u0644\u0645\u0645\u0627\u0631\u0633\u0627\u062a \u0627\u0644\u0645\u0633\u062a\u062f\u0627\u0645\u0629 - Anter System\",\"isPartOf\":{\"@id\":\"https:\/\/antersystem.com\/ar\/#website\"},\"primaryImageOfPage\":{\"@id\":\"https:\/\/antersystem.com\/ar\/news\/sustainable-practices\/#primaryimage\"},\"image\":{\"@id\":\"https:\/\/antersystem.com\/ar\/news\/sustainable-practices\/#primaryimage\"},\"thumbnailUrl\":\"https:\/\/antersystem.com\/wp-content\/uploads\/ECOVADIS-1-1024x535.webp\",\"datePublished\":\"2024-06-28T07:56:14+00:00\",\"dateModified\":\"2026-01-30T13:31:00+00:00\",\"description\":\"\u0645\u0648\u0627\u0643\u0628\u0629 \u0627\u0644\u0645\u0628\u0627\u062f\u0631\u0627\u062a \u0648\u0627\u0644\u0645\u0639\u0627\u064a\u064a\u0631 \u0627\u0644\u0639\u0627\u0644\u0645\u064a\u0629 \u062a\u0633\u0627\u0639\u062f EcoVadis \u0627\u0644\u0634\u0631\u0643\u0627\u062a \u0639\u0644\u0649 \u062a\u0642\u064a\u064a\u0645 \u0645\u062f\u0649 \u0641\u0639\u0627\u0644\u064a\u0629 \u0625\u062f\u0627\u0631\u062a\u0647\u0627 \u0644\u0645\u0645\u0627\u0631\u0633\u0627\u062a \u0627\u0644\u0645\u0633\u0624\u0648\u0644\u064a\u0629 \u0627\u0644\u0627\u062c\u062a\u0645\u0627\u0639\u064a\u0629 \u0644\u0644\u0634\u0631\u0643\u0627\u062a. \u062a\u0644\u062a\u0632\u0645 \u0634\u0631\u0643\u0629 Anter System\",\"breadcrumb\":{\"@id\":\"https:\/\/antersystem.com\/ar\/news\/sustainable-practices\/#breadcrumb\"},\"inLanguage\":\"ar\",\"potentialAction\":[{\"@type\":\"ReadAction\",\"target\":[\"https:\/\/antersystem.com\/ar\/news\/sustainable-practices\/\"]}]},{\"@type\":\"ImageObject\",\"inLanguage\":\"ar\",\"@id\":\"https:\/\/antersystem.com\/ar\/news\/sustainable-practices\/#primaryimage\",\"url\":\"https:\/\/antersystem.com\/wp-content\/uploads\/ECOVADIS-1-1024x535.webp\",\"contentUrl\":\"https:\/\/antersystem.com\/wp-content\/uploads\/ECOVADIS-1-1024x535.webp\"},{\"@type\":\"BreadcrumbList\",\"@id\":\"https:\/\/antersystem.com\/ar\/news\/sustainable-practices\/#breadcrumb\",\"itemListElement\":[{\"@type\":\"ListItem\",\"position\":1,\"name\":\"AnterSystem\",\"item\":\"https:\/\/antersystem.com\/ar\/\"},{\"@type\":\"ListItem\",\"position\":2,\"name\":\"\u0627\u0644\u0623\u062e\u0628\u0627\u0631\",\"item\":\"https:\/\/antersystem.com\/ar\/news\/\"},{\"@type\":\"ListItem\",\"position\":3,\"name\":\"\u0627\u0644\u0645\u0645\u0627\u0631\u0633\u0627\u062a \u0627\u0644\u0645\u0633\u062a\u062f\u0627\u0645\u0629\"}]},{\"@type\":\"WebSite\",\"@id\":\"https:\/\/antersystem.com\/ar\/#website\",\"url\":\"https:\/\/antersystem.com\/ar\/\",\"name\":\"Anter System\",\"description\":\"Jeste\u015bmy polskim producentem elastycznych barier ochronnych wykonywanych z polimerowych tworzyw sztucznych. Na rynku krajowym i zagranicznym dzia\u0142amy od ponad 15 lat dbaj\u0105c o zapewnienie bezpiecze\u0144stwa w zak\u0142adach produkcyjnych, magazynach oraz centrach logistycznych.\",\"potentialAction\":[{\"@type\":\"SearchAction\",\"target\":{\"@type\":\"EntryPoint\",\"urlTemplate\":\"https:\/\/antersystem.com\/ar\/?s={search_term_string}\"},\"query-input\":{\"@type\":\"PropertyValueSpecification\",\"valueRequired\":true,\"valueName\":\"search_term_string\"}}],\"inLanguage\":\"ar\"}]}<\/script>\n<!-- \/ Yoast SEO plugin. -->","yoast_head_json":{"title":"\u0627\u0644\u0645\u0645\u0627\u0631\u0633\u0627\u062a \u0627\u0644\u0645\u0633\u062a\u062f\u0627\u0645\u0629 - Anter System","description":"\u0645\u0648\u0627\u0643\u0628\u0629 \u0627\u0644\u0645\u0628\u0627\u062f\u0631\u0627\u062a \u0648\u0627\u0644\u0645\u0639\u0627\u064a\u064a\u0631 \u0627\u0644\u0639\u0627\u0644\u0645\u064a\u0629 \u062a\u0633\u0627\u0639\u062f EcoVadis \u0627\u0644\u0634\u0631\u0643\u0627\u062a \u0639\u0644\u0649 \u062a\u0642\u064a\u064a\u0645 \u0645\u062f\u0649 \u0641\u0639\u0627\u0644\u064a\u0629 \u0625\u062f\u0627\u0631\u062a\u0647\u0627 \u0644\u0645\u0645\u0627\u0631\u0633\u0627\u062a \u0627\u0644\u0645\u0633\u0624\u0648\u0644\u064a\u0629 \u0627\u0644\u0627\u062c\u062a\u0645\u0627\u0639\u064a\u0629 \u0644\u0644\u0634\u0631\u0643\u0627\u062a. \u062a\u0644\u062a\u0632\u0645 \u0634\u0631\u0643\u0629 Anter System","robots":{"index":"index","follow":"follow","max-snippet":"max-snippet:-1","max-image-preview":"max-image-preview:large","max-video-preview":"max-video-preview:-1"},"canonical":"https:\/\/antersystem.com\/ar\/news\/sustainable-practices\/","og_locale":"ar_AR","og_type":"article","og_title":"\u0627\u0644\u0645\u0645\u0627\u0631\u0633\u0627\u062a \u0627\u0644\u0645\u0633\u062a\u062f\u0627\u0645\u0629 - Anter System","og_description":"\u0645\u0648\u0627\u0643\u0628\u0629 \u0627\u0644\u0645\u0628\u0627\u062f\u0631\u0627\u062a \u0648\u0627\u0644\u0645\u0639\u0627\u064a\u064a\u0631 \u0627\u0644\u0639\u0627\u0644\u0645\u064a\u0629 \u062a\u0633\u0627\u0639\u062f EcoVadis \u0627\u0644\u0634\u0631\u0643\u0627\u062a \u0639\u0644\u0649 \u062a\u0642\u064a\u064a\u0645 \u0645\u062f\u0649 \u0641\u0639\u0627\u0644\u064a\u0629 \u0625\u062f\u0627\u0631\u062a\u0647\u0627 \u0644\u0645\u0645\u0627\u0631\u0633\u0627\u062a \u0627\u0644\u0645\u0633\u0624\u0648\u0644\u064a\u0629 \u0627\u0644\u0627\u062c\u062a\u0645\u0627\u0639\u064a\u0629 \u0644\u0644\u0634\u0631\u0643\u0627\u062a. \u062a\u0644\u062a\u0632\u0645 \u0634\u0631\u0643\u0629 Anter System","og_url":"https:\/\/antersystem.com\/ar\/news\/sustainable-practices\/","og_site_name":"Anter System","article_modified_time":"2026-01-30T13:31:00+00:00","og_image":[{"url":"https:\/\/antersystem.com\/wp-content\/uploads\/ECOVADIS-1-1024x535.webp","type":"","width":"","height":""}],"twitter_card":"summary_large_image","schema":{"@context":"https:\/\/schema.org","@graph":[{"@type":"WebPage","@id":"https:\/\/antersystem.com\/ar\/news\/sustainable-practices\/","url":"https:\/\/antersystem.com\/ar\/news\/sustainable-practices\/","name":"\u0627\u0644\u0645\u0645\u0627\u0631\u0633\u0627\u062a \u0627\u0644\u0645\u0633\u062a\u062f\u0627\u0645\u0629 - Anter System","isPartOf":{"@id":"https:\/\/antersystem.com\/ar\/#website"},"primaryImageOfPage":{"@id":"https:\/\/antersystem.com\/ar\/news\/sustainable-practices\/#primaryimage"},"image":{"@id":"https:\/\/antersystem.com\/ar\/news\/sustainable-practices\/#primaryimage"},"thumbnailUrl":"https:\/\/antersystem.com\/wp-content\/uploads\/ECOVADIS-1-1024x535.webp","datePublished":"2024-06-28T07:56:14+00:00","dateModified":"2026-01-30T13:31:00+00:00","description":"\u0645\u0648\u0627\u0643\u0628\u0629 \u0627\u0644\u0645\u0628\u0627\u062f\u0631\u0627\u062a \u0648\u0627\u0644\u0645\u0639\u0627\u064a\u064a\u0631 \u0627\u0644\u0639\u0627\u0644\u0645\u064a\u0629 \u062a\u0633\u0627\u0639\u062f EcoVadis \u0627\u0644\u0634\u0631\u0643\u0627\u062a \u0639\u0644\u0649 \u062a\u0642\u064a\u064a\u0645 \u0645\u062f\u0649 \u0641\u0639\u0627\u0644\u064a\u0629 \u0625\u062f\u0627\u0631\u062a\u0647\u0627 \u0644\u0645\u0645\u0627\u0631\u0633\u0627\u062a \u0627\u0644\u0645\u0633\u0624\u0648\u0644\u064a\u0629 \u0627\u0644\u0627\u062c\u062a\u0645\u0627\u0639\u064a\u0629 \u0644\u0644\u0634\u0631\u0643\u0627\u062a. \u062a\u0644\u062a\u0632\u0645 \u0634\u0631\u0643\u0629 Anter System","breadcrumb":{"@id":"https:\/\/antersystem.com\/ar\/news\/sustainable-practices\/#breadcrumb"},"inLanguage":"ar","potentialAction":[{"@type":"ReadAction","target":["https:\/\/antersystem.com\/ar\/news\/sustainable-practices\/"]}]},{"@type":"ImageObject","inLanguage":"ar","@id":"https:\/\/antersystem.com\/ar\/news\/sustainable-practices\/#primaryimage","url":"https:\/\/antersystem.com\/wp-content\/uploads\/ECOVADIS-1-1024x535.webp","contentUrl":"https:\/\/antersystem.com\/wp-content\/uploads\/ECOVADIS-1-1024x535.webp"},{"@type":"BreadcrumbList","@id":"https:\/\/antersystem.com\/ar\/news\/sustainable-practices\/#breadcrumb","itemListElement":[{"@type":"ListItem","position":1,"name":"AnterSystem","item":"https:\/\/antersystem.com\/ar\/"},{"@type":"ListItem","position":2,"name":"\u0627\u0644\u0623\u062e\u0628\u0627\u0631","item":"https:\/\/antersystem.com\/ar\/news\/"},{"@type":"ListItem","position":3,"name":"\u0627\u0644\u0645\u0645\u0627\u0631\u0633\u0627\u062a \u0627\u0644\u0645\u0633\u062a\u062f\u0627\u0645\u0629"}]},{"@type":"WebSite","@id":"https:\/\/antersystem.com\/ar\/#website","url":"https:\/\/antersystem.com\/ar\/","name":"Anter System","description":"Jeste\u015bmy polskim producentem elastycznych barier ochronnych wykonywanych z polimerowych tworzyw sztucznych. Na rynku krajowym i zagranicznym dzia\u0142amy od ponad 15 lat dbaj\u0105c o zapewnienie bezpiecze\u0144stwa w zak\u0142adach produkcyjnych, magazynach oraz centrach logistycznych.","potentialAction":[{"@type":"SearchAction","target":{"@type":"EntryPoint","urlTemplate":"https:\/\/antersystem.com\/ar\/?s={search_term_string}"},"query-input":{"@type":"PropertyValueSpecification","valueRequired":true,"valueName":"search_term_string"}}],"inLanguage":"ar"}]}},"_links":{"self":[{"href":"https:\/\/antersystem.com\/ar\/wp-json\/wp\/v2\/pages\/12775","targetHints":{"allow":["GET"]}}],"collection":[{"href":"https:\/\/antersystem.com\/ar\/wp-json\/wp\/v2\/pages"}],"about":[{"href":"https:\/\/antersystem.com\/ar\/wp-json\/wp\/v2\/types\/page"}],"author":[{"embeddable":true,"href":"https:\/\/antersystem.com\/ar\/wp-json\/wp\/v2\/users\/1"}],"replies":[{"embeddable":true,"href":"https:\/\/antersystem.com\/ar\/wp-json\/wp\/v2\/comments?post=12775"}],"version-history":[{"count":1,"href":"https:\/\/antersystem.com\/ar\/wp-json\/wp\/v2\/pages\/12775\/revisions"}],"predecessor-version":[{"id":12781,"href":"https:\/\/antersystem.com\/ar\/wp-json\/wp\/v2\/pages\/12775\/revisions\/12781"}],"up":[{"embeddable":true,"href":"https:\/\/antersystem.com\/ar\/wp-json\/wp\/v2\/pages\/30526"}],"wp:attachment":[{"href":"https:\/\/antersystem.com\/ar\/wp-json\/wp\/v2\/media?parent=12775"}],"curies":[{"name":"wp","href":"https:\/\/api.w.org\/{rel}","templated":true}]}}