{"id":15412,"date":"2024-04-11T13:02:00","date_gmt":"2024-04-11T11:02:00","guid":{"rendered":"https:\/\/new.antersystem.com\/trailer-supports\/"},"modified":"2026-01-30T14:31:00","modified_gmt":"2026-01-30T13:31:00","slug":"trailer-supports","status":"publish","type":"page","link":"https:\/\/antersystem.com\/ar\/news\/trailer-supports\/","title":{"rendered":"\u062f\u0639\u0627\u0645\u0627\u062a \u0627\u0644\u0645\u0642\u0637\u0648\u0631\u0629"},"content":{"rendered":"\n<div class=\"wp-block-columns is-layout-flex wp-container-core-columns-is-layout-9d6595d7 wp-block-columns-is-layout-flex\">\n<div class=\"wp-block-column is-layout-flow wp-block-column-is-layout-flow\" style=\"flex-basis:10px\"><\/div>\n\n\n\n<div class=\"wp-block-column is-layout-flow wp-block-column-is-layout-flow\">\n<h3 class=\"wp-block-heading\">\u0643\u064a\u0641 \u064a\u0645\u0643\u0646 \u062a\u062d\u0633\u064a\u0646 \u0627\u0644\u0633\u0644\u0627\u0645\u0629 \u0641\u064a \u0623\u0631\u0635\u0641\u0629 \u0627\u0644\u062a\u062d\u0645\u064a\u0644\u061f  <br\/>\u0633\u0644\u0627\u0645\u0629 \u0627\u0644\u0645\u0642\u0637\u0648\u0631\u0627\u062a \u0647\u064a \u0645\u0641\u062a\u0627\u062d \u0627\u0644\u0627\u0633\u062a\u0642\u0631\u0627\u0631 \u0641\u064a \u0645\u062c\u0627\u0644 \u0627\u0644\u062e\u062f\u0645\u0627\u062a \u0627\u0644\u0644\u0648\u062c\u0633\u062a\u064a\u0629<\/h3>\n\n\n\n<figure class=\"wp-block-embed aligncenter is-type-video is-provider-youtube wp-block-embed-youtube wp-embed-aspect-16-9 wp-has-aspect-ratio\"><div class=\"wp-block-embed__wrapper\">\n<iframe loading=\"lazy\" title=\"AnterSystem demonstration of trailer support -JST and JST. R. Products for loadnig technique.\" width=\"500\" height=\"281\" src=\"https:\/\/www.youtube.com\/embed\/rS78QAlo6eM?feature=oembed\" frameborder=\"0\" allow=\"accelerometer; autoplay; clipboard-write; encrypted-media; gyroscope; picture-in-picture; web-share\" referrerpolicy=\"strict-origin-when-cross-origin\" allowfullscreen><\/iframe>\n<\/div><\/figure>\n\n\n\n<p>\u0641\u064a \u0627\u0644\u062e\u062f\u0645\u0627\u062a \u0627\u0644\u0644\u0648\u062c\u0633\u062a\u064a\u0629 \u0627\u0644\u0639\u0627\u0644\u0645\u064a\u0629\u060c \u064a\u0644\u0639\u0628 \u0643\u0644 \u062c\u0632\u0621 \u0645\u0646 \u0633\u0644\u0633\u0644\u0629 \u0627\u0644\u062a\u0648\u0631\u064a\u062f \u062f\u0648\u0631\u0627\u064b \u062d\u064a\u0648\u064a\u0627\u064b \u0641\u064a \u0636\u0645\u0627\u0646 \u0627\u0644\u0643\u0641\u0627\u0621\u0629 \u0648\u0627\u0644\u0633\u0644\u0627\u0645\u0629. \u0648\u0645\u0639 \u0630\u0644\u0643\u060c \u0641\u0625\u0646 \u0623\u062d\u062f \u0627\u0644\u0639\u0646\u0627\u0635\u0631 \u0627\u0644\u062a\u064a \u063a\u0627\u0644\u0628\u0627\u064b \u0645\u0627 \u064a\u062a\u0645 \u062a\u062c\u0627\u0647\u0644\u0647\u0627 \u0641\u064a \u0643\u062b\u064a\u0631 \u0645\u0646 \u0627\u0644\u0623\u062d\u064a\u0627\u0646\u060c \u0648\u0644\u0643\u0646\u0647 \u0639\u0646\u0635\u0631 \u062d\u0627\u0633\u0645 \u0647\u0648 <strong>\u062d\u0627\u0645\u0644 \u0623\u0645\u0627\u0646<\/strong> \u0627\u0644\u0645\u0642\u0637\u0648\u0631\u0629 <strong>.<\/strong> \u0647\u0630\u0627 \u0627\u0644\u0645\u0643\u0648\u0646 \u0627\u0644\u0628\u0633\u064a\u0637 \u0627\u0644\u0630\u064a \u0644\u0627 \u063a\u0646\u0649 \u0639\u0646\u0647 \u0636\u0631\u0648\u0631\u064a \u0644\u0644\u062d\u0641\u0627\u0638 \u0639\u0644\u0649 \u0627\u0644\u0627\u0633\u062a\u0642\u0631\u0627\u0631 \u0648\u0627\u0644\u0633\u0644\u0627\u0645\u0629 \u0623\u062b\u0646\u0627\u0621 \u0627\u0644\u0639\u0645\u0644\u064a\u0627\u062a \u0641\u064a \u0623\u0631\u0635\u0641\u0629 \u0627\u0644\u062a\u062d\u0645\u064a\u0644.<\/p>\n\n\n\n<p><strong>\u0627\u0644\u062f\u0648\u0631 \u0627\u0644\u0631\u0626\u064a\u0633\u064a \u0644\u0645\u0648\u0627\u0642\u0641 \u0633\u0644\u0627\u0645\u0629 \u0627\u0644\u0645\u0642\u0637\u0648\u0631\u0627\u062a<\/strong><\/p>\n\n\n\n<p><a href=\"https:\/\/antersystem.com\/kategorie_produktow\/technika-zaladunkowa\/\"><strong>\u062d\u0648\u0627\u0645\u0644 \u0623\u0645\u0627\u0646 \u0627\u0644\u0645\u0642\u0637\u0648\u0631\u0627\u062a &#8211; JST (\u062d\u0627\u0645\u0644 \u0631\u0627\u0641\u0639\u0629 \u0627\u0644\u0645\u0642\u0637\u0648\u0631\u0629) \u0648 JST<\/strong>.R <strong>&#8211; \u062a\u0645\u0646\u0639 \u0627\u0644\u0645\u0642\u0637\u0648\u0631\u0627\u062a<\/strong><\/a> \u0645\u0646 \u0627\u0644\u0645\u064a\u0644 \u0623\u0648 \u0627\u0644\u0627\u0646\u0647\u064a\u0627\u0631 \u062a\u062d\u062a \u0648\u0632\u0646 \u0627\u0644\u0631\u0627\u0641\u0639\u0627\u062a \u0627\u0644\u0634\u0648\u0643\u064a\u0629 \u0623\u062b\u0646\u0627\u0621 \u0639\u0645\u0644\u064a\u0627\u062a \u0627\u0644\u062a\u062d\u0645\u064a\u0644 \u0648\u0627\u0644\u062a\u0641\u0631\u064a\u063a. \u0628\u0627\u0633\u062a\u062e\u062f\u0627\u0645 \u062d\u0648\u0627\u0645\u0644 \u0627\u0644\u0623\u0645\u0627\u0646\u060c \u064a\u0645\u0643\u0646 \u0625\u062c\u0631\u0627\u0621 \u0647\u0630\u0647 \u0627\u0644\u0639\u0645\u0644\u064a\u0627\u062a <strong>\u0628\u0633\u0631\u0639\u0629 \u0648\u0623\u0645\u0627\u0646\u060c \u062f\u0648\u0646 \u0627\u0644\u062d\u0627\u062c\u0629 \u0625\u0644\u0649 \u0648\u062d\u062f\u0629 \u062c\u0631\u0627\u0631.<\/strong> \u064a\u0645\u0643\u0646 \u0627\u0633\u062a\u062e\u062f\u0627\u0645 \u0627\u0644\u0645\u0631\u0643\u0628\u0627\u062a \u0627\u0644\u062a\u064a \u062a\u064f\u0633\u062a\u062e\u062f\u0645 \u0639\u0627\u062f\u0629\u064b \u0644\u0623\u063a\u0631\u0627\u0636 \u0623\u062e\u0631\u0649 \u0628\u0643\u0641\u0627\u0621\u0629 \u0639\u0646\u062f \u0648\u062c\u0648\u062f \u062d\u0627\u0645\u0644 \u0645\u0642\u0637\u0648\u0631\u0629. \u0637\u0648\u0627\u0644 \u0627\u0644\u0639\u0645\u0644\u064a\u0629\u060c <strong>\u064a\u062a\u0645 \u0627\u0644\u062d\u0641\u0627\u0638 \u0639\u0644\u0649 \u062b\u0628\u0627\u062a \u0627\u0644\u0645\u0642\u0637\u0648\u0631\u0629 \u0628\u0627\u0644\u0643\u0627\u0645\u0644\u060c \u0645\u0645\u0627 \u064a\u0642\u0644\u0644 \u0645\u0646<\/strong> \u0645\u062e\u0627\u0637\u0631 \u062a\u0644\u0641 \u0627\u0644\u0645\u0631\u0643\u0628\u0627\u062a \u0623\u0648 \u0627\u0644\u0628\u0636\u0627\u0626\u0639 \u0623\u0648 \u0627\u0644\u0623\u0634\u062e\u0627\u0635 &#8211; \u0648\u0623\u062d\u064a\u0627\u0646\u0627\u064b \u062d\u062a\u0649 \u0627\u0644\u0623\u0631\u0635\u0641\u0629 \u0646\u0641\u0633\u0647\u0627. \u0648\u0628\u0627\u062e\u062a\u0635\u0627\u0631\u060c <strong>\u064a\u062a\u0645 \u0627\u0644\u062a\u062e\u0644\u0635 \u0645\u0646 \u0627\u0644\u0639\u0648\u0627\u0642\u0628 \u0627\u0644\u0645\u062d\u062a\u0645\u0644\u0629 \u0644\u0644\u062a\u0623\u0645\u064a\u0646 \u063a\u064a\u0631 \u0627\u0644\u0633\u0644\u064a\u0645 \u0644\u0644\u0645\u0642\u0637\u0648\u0631\u0629\u060c \u0645\u0645\u0627 \u064a\u062d\u0645\u064a<\/strong> \u0643\u0644\u0627\u064b \u0645\u0646 \u0627\u0644\u0645\u0634\u063a\u0644\u064a\u0646 \u0648\u0627\u0644\u0634\u0631\u0643\u0629.<\/p>\n\n\n\n<p><strong>\u0645\u0627 \u0627\u0644\u0630\u064a \u064a\u062d\u062f\u062f \u0627\u0644\u062d\u0627\u0645\u0644 \u0627\u0644\u0645\u062b\u0627\u0644\u064a \u0644\u0633\u0644\u0627\u0645\u0629 \u0627\u0644\u0645\u0642\u0637\u0648\u0631\u0629\u061f<\/strong><\/p>\n\n\n\n<p>\u064a\u062c\u0628 \u0623\u0646 \u062a\u0641\u064a \u062d\u0648\u0627\u0645\u0644 \u0633\u0644\u0627\u0645\u0629 \u0627\u0644\u0645\u0642\u0637\u0648\u0631\u0627\u062a \u0628\u0645\u0639\u0627\u064a\u064a\u0631 \u0627\u0644\u062c\u0648\u062f\u0629 \u0648\u0627\u0644\u0645\u062a\u0627\u0646\u0629 \u0627\u0644\u0635\u0627\u0631\u0645\u0629 \u0644\u0636\u0645\u0627\u0646 \u0638\u0631\u0648\u0641 \u0639\u0645\u0644 \u0645\u062b\u0627\u0644\u064a\u0629. \u0623\u0648\u0644\u0627\u064b\u060c \u064a\u062c\u0628 \u0623\u0646 \u062a\u0643\u0648\u0646 \u0645\u0635\u0646\u0648\u0639\u0629 \u0645\u0646 \u0645\u0648\u0627\u062f \u0639\u0627\u0644\u064a\u0629 \u0627\u0644\u062c\u0648\u062f\u0629 \u064a\u0645\u0643\u0646\u0647\u0627 \u062a\u062d\u0645\u0644 \u0627\u0644\u0637\u0642\u0633 \u0627\u0644\u0642\u0627\u0633\u064a \u0648\u0627\u0644\u0623\u062d\u0645\u0627\u0644 \u0627\u0644\u062b\u0642\u064a\u0644\u0629. \u0648\u0644\u0627 \u064a\u0642\u0644 \u0639\u0646 \u0630\u0644\u0643 \u0623\u0647\u0645\u064a\u0629 <strong>\u0627\u0644\u062b\u0628\u0627\u062a \u0648\u0627\u0644\u0627\u0631\u062a\u0641\u0627\u0639 \u0627\u0644\u0642\u0627\u0628\u0644 \u0644\u0644\u062a\u0639\u062f\u064a\u0644\u060c<\/strong> \u0645\u0645\u0627 \u064a\u0633\u0645\u062d \u0628\u0627\u0644\u062a\u0643\u064a\u0641 \u0645\u0639 \u0623\u0646\u0648\u0627\u0639 \u0627\u0644\u0645\u0642\u0637\u0648\u0631\u0627\u062a \u0627\u0644\u0645\u062e\u062a\u0644\u0641\u0629 \u0648\u0638\u0631\u0648\u0641 \u0627\u0644\u0623\u0631\u0636. \u0644\u0636\u0645\u0627\u0646 \u0633\u0644\u0627\u0645\u0629 \u0627\u0644\u0645\u0634\u063a\u0644\u060c \u064a\u062c\u0628 \u0623\u0646 \u062a\u0634\u062a\u0645\u0644 \u0627\u0644\u062d\u0648\u0627\u0645\u0644 <strong>\u0639\u0644\u0649 \u0622\u0644\u064a\u0627\u062a \u0642\u0641\u0644 \u062a<\/strong> \u0645\u0646\u0639 \u0627\u0644\u062d\u0631\u0643\u0629 \u0627\u0644\u0639\u0631\u0636\u064a\u0629 \u0623\u062b\u0646\u0627\u0621 \u0627\u0644\u0627\u0633\u062a\u062e\u062f\u0627\u0645.<\/p>\n\n\n\n<p>\u062a\u0645 \u062a\u0635\u0645\u064a\u0645 \u062d\u0648\u0627\u0645\u0644 \u0627\u0644\u0645\u0642\u0637\u0648\u0631\u0627\u062a \u0645\u0646 Anter System \u0644\u0633\u0647\u0648\u0644\u0629 <strong>\u0627\u0644\u0627\u0633\u062a\u062e\u062f\u0627\u0645 \u0648\u0627\u0644\u0645\u062a\u0627\u0646\u0629<\/strong>. \u0641\u0647\u064a \u062a\u062a\u0645\u064a\u0632 <strong>\u0628\u0622\u0644\u064a\u0629 \u0627\u0644\u062a\u0633\u0648\u064a\u0629 \u0627\u0644\u0630\u0627\u062a\u064a\u0629<\/strong> \u0648\u0625\u0639\u062f\u0627\u062f\u0627\u062a \u0627\u0631\u062a\u0641\u0627\u0639 \u0642\u0627\u0628\u0644\u0629 \u0644\u0644\u062a\u0639\u062f\u064a\u0644. \u064a\u0645\u0643\u0646 \u0623\u0646 \u062a\u062a\u062d\u0645\u0644 \u0643\u0644 \u0648\u062d\u062f\u0629 \u062d\u0645\u0648\u0644\u0627\u062a \u062a\u0635\u0644 \u0625\u0644\u0649 <strong>45 \u0637\u0646\u0627\u064b\u060c<\/strong> \u0648\u062a\u062a\u0636\u0645\u0646 \u0645\u064a\u0632\u0627\u062a \u0625\u0636\u0627\u0641\u064a\u0629 \u0645\u062b\u0644 <strong>\u0623\u0646\u0638\u0645\u0629 \u0627\u0644\u062a\u062d\u0643\u0645 \u0641\u064a \u0627\u0644\u0648\u0635\u0648\u0644<\/strong> <strong>\u0648\u0639\u0644\u0627\u0645\u0627\u062a \u0639\u0627\u0644\u064a\u0629 \u0627\u0644\u0648\u0636\u0648\u062d.<\/strong> \u064a\u0645\u0643\u0646 \u0623\u064a\u0636\u064b\u0627 \u062a\u0632\u0648\u064a\u062f \u0627\u0644\u0645\u0648\u0627\u062f \u0627\u0644\u0645\u0633\u062a\u062e\u062f\u0645\u0629 \u0641\u064a \u0625\u0646\u062a\u0627\u062c\u0647\u0627 <strong>\u0628\u0637\u0628\u0642\u0629 \u0637\u0644\u0627\u0621 \u0645\u0636\u0627\u062f\u0629 \u0644\u0644\u062a\u0622\u0643\u0644 \u0644\u0625\u0637\u0627\u0644\u0629<\/strong> \u0627\u0644\u0639\u0645\u0631 \u0627\u0644\u0627\u0641\u062a\u0631\u0627\u0636\u064a \u0648\u0627\u0644\u0645\u0648\u062b\u0648\u0642\u064a\u0629. \u0625\u0630\u0627 \u0643\u0646\u062a \u0644\u0627 \u062a\u0632\u0627\u0644 \u063a\u064a\u0631 \u0645\u062a\u0623\u0643\u062f \u0645\u0646 \u0643\u064a\u0641\u064a\u0629 \u062a\u062d\u0633\u064a\u0646 \u062d\u0648\u0627\u0645\u0644 \u0633\u0644\u0627\u0645\u0629 \u0627\u0644\u0645\u0642\u0637\u0648\u0631\u0627\u062a \u0644\u0644\u0643\u0641\u0627\u0621\u0629 \u0648\u0627\u0644\u0633\u0644\u0627\u0645\u0629 \u0641\u064a \u0645\u0633\u062a\u0648\u062f\u0639\u0643 &#8211; \u0634\u0627\u0647\u062f \u0627\u0644\u0641\u064a\u062f\u064a\u0648 \u0623\u0639\u0644\u0627\u0647.<\/p>\n\n\n\n<p><strong>\u064a\u0648\u0635\u064a<\/strong> \u0645\u0635\u0646\u0639\u0648 \u0627\u0644\u0645\u0642\u0637\u0648\u0631\u0627\u062a \u0623\u0646\u0641\u0633\u0647\u0645 <strong>\u0628\u0627\u0633\u062a\u062e\u062f\u0627\u0645 \u062d\u0648\u0627\u0645\u0644 \u0627\u0644\u0623\u0645\u0627\u0646 \u0643\u062c\u0632\u0621<\/strong> \u0645\u0646 \u0627\u0644\u0645\u0645\u0627\u0631\u0633\u0627\u062a \u0627\u0644\u062a\u0634\u063a\u064a\u0644\u064a\u0629 \u0627\u0644\u0642\u064a\u0627\u0633\u064a\u0629.<\/p>\n\n\n\n<p>\u062a\u0639\u0631\u0651\u0641 \u0639\u0644\u0649 \u0627\u0644\u0645\u0632\u064a\u062f \u062d\u0648\u0644 \u0643\u064a\u0641\u064a\u0629 \u0639\u0645\u0644\u0647\u0627: <strong><a href=\"https:\/\/antersystem.com\/wiedza-i-nowosci\/podpora-pod-naczepe-tira\/\">\u062f\u0639\u0645 \u0633\u0644\u0627\u0645\u0629 \u0627\u0644\u0645\u0642\u0637\u0648\u0631\u0627\u062a \u0641\u064a \u0627\u0644\u062e\u062f\u0645\u0627\u062a \u0627\u0644\u0644\u0648\u062c\u0633\u062a\u064a\u0629<\/a><\/strong><\/p>\n<\/div>\n\n\n\n<div class=\"wp-block-column is-layout-flow wp-block-column-is-layout-flow\" style=\"flex-basis:10px\"><\/div>\n<\/div>\n","protected":false},"excerpt":{"rendered":"<p>\u0643\u064a\u0641 \u064a\u0645\u0643\u0646 \u062a\u062d\u0633\u064a\u0646 \u0627\u0644\u0633\u0644\u0627\u0645\u0629 \u0641\u064a \u0623\u0631\u0635\u0641\u0629 \u0627\u0644\u062a\u062d\u0645\u064a\u0644\u061f \u0633\u0644\u0627\u0645\u0629 \u0627\u0644\u0645\u0642\u0637\u0648\u0631\u0627\u062a \u0647\u064a \u0645\u0641\u062a\u0627\u062d \u0627\u0644\u0627\u0633\u062a\u0642\u0631\u0627\u0631 \u0641\u064a \u0645\u062c\u0627\u0644 \u0627\u0644\u062e\u062f\u0645\u0627\u062a \u0627\u0644\u0644\u0648\u062c\u0633\u062a\u064a\u0629 \u0641\u064a \u0627\u0644\u062e\u062f\u0645\u0627\u062a \u0627\u0644\u0644\u0648\u062c\u0633\u062a\u064a\u0629 \u0627\u0644\u0639\u0627\u0644\u0645\u064a\u0629\u060c \u064a\u0644\u0639\u0628 \u0643\u0644 \u062c\u0632\u0621 \u0645\u0646 \u0633\u0644\u0633\u0644\u0629 \u0627\u0644\u062a\u0648\u0631\u064a\u062f \u062f\u0648\u0631\u0627\u064b \u062d\u064a\u0648\u064a\u0627\u064b \u0641\u064a \u0636\u0645\u0627\u0646 \u0627\u0644\u0643\u0641\u0627\u0621\u0629 \u0648\u0627\u0644\u0633\u0644\u0627\u0645\u0629. \u0648\u0645\u0639 \u0630\u0644\u0643\u060c \u0641\u0625\u0646 \u0623\u062d\u062f \u0627\u0644\u0639\u0646\u0627\u0635\u0631 \u0627\u0644\u062a\u064a \u063a\u0627\u0644\u0628\u0627\u064b \u0645\u0627 \u064a\u062a\u0645 \u062a\u062c\u0627\u0647\u0644\u0647\u0627 \u0641\u064a \u0643\u062b\u064a\u0631 \u0645\u0646 \u0627\u0644\u0623\u062d\u064a\u0627\u0646\u060c \u0648\u0644\u0643\u0646\u0647 \u0639\u0646\u0635\u0631 \u062d\u0627\u0633\u0645 \u0647\u0648 \u062d\u0627\u0645\u0644 \u0623\u0645\u0627\u0646 \u0627\u0644\u0645\u0642\u0637\u0648\u0631\u0629 . \u0647\u0630\u0627 [&hellip;]<\/p>\n","protected":false},"author":1,"featured_media":0,"parent":30526,"menu_order":0,"comment_status":"closed","ping_status":"closed","template":"","meta":{"inline_featured_image":false,"ngg_post_thumbnail":0,"footnotes":""},"class_list":["post-15412","page","type-page","status-publish","hentry"],"acf":[],"yoast_head":"<!-- This site is optimized with the Yoast SEO plugin v27.0 - https:\/\/yoast.com\/product\/yoast-seo-wordpress\/ -->\n<title>\u062f\u0639\u0627\u0645\u0627\u062a \u0627\u0644\u0645\u0642\u0637\u0648\u0631\u0629 - Anter System<\/title>\n<meta name=\"description\" content=\"\u062a\u0644\u0639\u0628 \u062f\u0639\u0627\u0645\u0627\u062a \u0627\u0644\u0633\u0644\u0627\u0645\u0629 \u0644\u0644\u0645\u0642\u0637\u0648\u0631\u0627\u062a \u062f\u0648\u0631\u064b\u0627 \u0631\u0626\u064a\u0633\u064a\u064b\u0627 \u0641\u064a \u0636\u0645\u0627\u0646 \u0627\u0644\u062a\u0634\u063a\u064a\u0644 \u0627\u0644\u0641\u0639\u0627\u0644 \u0648\u0627\u0644\u0622\u0645\u0646 \u0641\u064a \u0623\u0631\u0635\u0641\u0629 \u0627\u0644\u062a\u062d\u0645\u064a\u0644.\" \/>\n<meta name=\"robots\" content=\"index, follow, max-snippet:-1, max-image-preview:large, max-video-preview:-1\" \/>\n<link rel=\"canonical\" href=\"https:\/\/antersystem.com\/ar\/news\/trailer-supports\/\" \/>\n<meta property=\"og:locale\" content=\"ar_AR\" \/>\n<meta property=\"og:type\" content=\"article\" \/>\n<meta property=\"og:title\" content=\"\u062f\u0639\u0627\u0645\u0627\u062a \u0627\u0644\u0645\u0642\u0637\u0648\u0631\u0629 - Anter System\" \/>\n<meta property=\"og:description\" content=\"\u062a\u0644\u0639\u0628 \u062f\u0639\u0627\u0645\u0627\u062a \u0627\u0644\u0633\u0644\u0627\u0645\u0629 \u0644\u0644\u0645\u0642\u0637\u0648\u0631\u0627\u062a \u062f\u0648\u0631\u064b\u0627 \u0631\u0626\u064a\u0633\u064a\u064b\u0627 \u0641\u064a \u0636\u0645\u0627\u0646 \u0627\u0644\u062a\u0634\u063a\u064a\u0644 \u0627\u0644\u0641\u0639\u0627\u0644 \u0648\u0627\u0644\u0622\u0645\u0646 \u0641\u064a \u0623\u0631\u0635\u0641\u0629 \u0627\u0644\u062a\u062d\u0645\u064a\u0644.\" \/>\n<meta property=\"og:url\" content=\"https:\/\/antersystem.com\/ar\/news\/trailer-supports\/\" \/>\n<meta property=\"og:site_name\" content=\"Anter System\" \/>\n<meta property=\"article:modified_time\" content=\"2026-01-30T13:31:00+00:00\" \/>\n<meta name=\"twitter:card\" content=\"summary_large_image\" \/>\n<script type=\"application\/ld+json\" class=\"yoast-schema-graph\">{\"@context\":\"https:\/\/schema.org\",\"@graph\":[{\"@type\":\"WebPage\",\"@id\":\"https:\/\/antersystem.com\/ar\/news\/trailer-supports\/\",\"url\":\"https:\/\/antersystem.com\/ar\/news\/trailer-supports\/\",\"name\":\"\u062f\u0639\u0627\u0645\u0627\u062a \u0627\u0644\u0645\u0642\u0637\u0648\u0631\u0629 - Anter System\",\"isPartOf\":{\"@id\":\"https:\/\/antersystem.com\/ar\/#website\"},\"datePublished\":\"2024-04-11T11:02:00+00:00\",\"dateModified\":\"2026-01-30T13:31:00+00:00\",\"description\":\"\u062a\u0644\u0639\u0628 \u062f\u0639\u0627\u0645\u0627\u062a \u0627\u0644\u0633\u0644\u0627\u0645\u0629 \u0644\u0644\u0645\u0642\u0637\u0648\u0631\u0627\u062a \u062f\u0648\u0631\u064b\u0627 \u0631\u0626\u064a\u0633\u064a\u064b\u0627 \u0641\u064a \u0636\u0645\u0627\u0646 \u0627\u0644\u062a\u0634\u063a\u064a\u0644 \u0627\u0644\u0641\u0639\u0627\u0644 \u0648\u0627\u0644\u0622\u0645\u0646 \u0641\u064a \u0623\u0631\u0635\u0641\u0629 \u0627\u0644\u062a\u062d\u0645\u064a\u0644.\",\"breadcrumb\":{\"@id\":\"https:\/\/antersystem.com\/ar\/news\/trailer-supports\/#breadcrumb\"},\"inLanguage\":\"ar\",\"potentialAction\":[{\"@type\":\"ReadAction\",\"target\":[\"https:\/\/antersystem.com\/ar\/news\/trailer-supports\/\"]}]},{\"@type\":\"BreadcrumbList\",\"@id\":\"https:\/\/antersystem.com\/ar\/news\/trailer-supports\/#breadcrumb\",\"itemListElement\":[{\"@type\":\"ListItem\",\"position\":1,\"name\":\"AnterSystem\",\"item\":\"https:\/\/antersystem.com\/ar\/\"},{\"@type\":\"ListItem\",\"position\":2,\"name\":\"\u0627\u0644\u0623\u062e\u0628\u0627\u0631\",\"item\":\"https:\/\/antersystem.com\/ar\/news\/\"},{\"@type\":\"ListItem\",\"position\":3,\"name\":\"\u062f\u0639\u0627\u0645\u0627\u062a \u0627\u0644\u0645\u0642\u0637\u0648\u0631\u0629\"}]},{\"@type\":\"WebSite\",\"@id\":\"https:\/\/antersystem.com\/ar\/#website\",\"url\":\"https:\/\/antersystem.com\/ar\/\",\"name\":\"Anter System\",\"description\":\"Jeste\u015bmy polskim producentem elastycznych barier ochronnych wykonywanych z polimerowych tworzyw sztucznych. Na rynku krajowym i zagranicznym dzia\u0142amy od ponad 15 lat dbaj\u0105c o zapewnienie bezpiecze\u0144stwa w zak\u0142adach produkcyjnych, magazynach oraz centrach logistycznych.\",\"potentialAction\":[{\"@type\":\"SearchAction\",\"target\":{\"@type\":\"EntryPoint\",\"urlTemplate\":\"https:\/\/antersystem.com\/ar\/?s={search_term_string}\"},\"query-input\":{\"@type\":\"PropertyValueSpecification\",\"valueRequired\":true,\"valueName\":\"search_term_string\"}}],\"inLanguage\":\"ar\"}]}<\/script>\n<!-- \/ Yoast SEO plugin. -->","yoast_head_json":{"title":"\u062f\u0639\u0627\u0645\u0627\u062a \u0627\u0644\u0645\u0642\u0637\u0648\u0631\u0629 - Anter System","description":"\u062a\u0644\u0639\u0628 \u062f\u0639\u0627\u0645\u0627\u062a \u0627\u0644\u0633\u0644\u0627\u0645\u0629 \u0644\u0644\u0645\u0642\u0637\u0648\u0631\u0627\u062a \u062f\u0648\u0631\u064b\u0627 \u0631\u0626\u064a\u0633\u064a\u064b\u0627 \u0641\u064a \u0636\u0645\u0627\u0646 \u0627\u0644\u062a\u0634\u063a\u064a\u0644 \u0627\u0644\u0641\u0639\u0627\u0644 \u0648\u0627\u0644\u0622\u0645\u0646 \u0641\u064a \u0623\u0631\u0635\u0641\u0629 \u0627\u0644\u062a\u062d\u0645\u064a\u0644.","robots":{"index":"index","follow":"follow","max-snippet":"max-snippet:-1","max-image-preview":"max-image-preview:large","max-video-preview":"max-video-preview:-1"},"canonical":"https:\/\/antersystem.com\/ar\/news\/trailer-supports\/","og_locale":"ar_AR","og_type":"article","og_title":"\u062f\u0639\u0627\u0645\u0627\u062a \u0627\u0644\u0645\u0642\u0637\u0648\u0631\u0629 - Anter System","og_description":"\u062a\u0644\u0639\u0628 \u062f\u0639\u0627\u0645\u0627\u062a \u0627\u0644\u0633\u0644\u0627\u0645\u0629 \u0644\u0644\u0645\u0642\u0637\u0648\u0631\u0627\u062a \u062f\u0648\u0631\u064b\u0627 \u0631\u0626\u064a\u0633\u064a\u064b\u0627 \u0641\u064a \u0636\u0645\u0627\u0646 \u0627\u0644\u062a\u0634\u063a\u064a\u0644 \u0627\u0644\u0641\u0639\u0627\u0644 \u0648\u0627\u0644\u0622\u0645\u0646 \u0641\u064a \u0623\u0631\u0635\u0641\u0629 \u0627\u0644\u062a\u062d\u0645\u064a\u0644.","og_url":"https:\/\/antersystem.com\/ar\/news\/trailer-supports\/","og_site_name":"Anter System","article_modified_time":"2026-01-30T13:31:00+00:00","twitter_card":"summary_large_image","schema":{"@context":"https:\/\/schema.org","@graph":[{"@type":"WebPage","@id":"https:\/\/antersystem.com\/ar\/news\/trailer-supports\/","url":"https:\/\/antersystem.com\/ar\/news\/trailer-supports\/","name":"\u062f\u0639\u0627\u0645\u0627\u062a \u0627\u0644\u0645\u0642\u0637\u0648\u0631\u0629 - Anter System","isPartOf":{"@id":"https:\/\/antersystem.com\/ar\/#website"},"datePublished":"2024-04-11T11:02:00+00:00","dateModified":"2026-01-30T13:31:00+00:00","description":"\u062a\u0644\u0639\u0628 \u062f\u0639\u0627\u0645\u0627\u062a \u0627\u0644\u0633\u0644\u0627\u0645\u0629 \u0644\u0644\u0645\u0642\u0637\u0648\u0631\u0627\u062a \u062f\u0648\u0631\u064b\u0627 \u0631\u0626\u064a\u0633\u064a\u064b\u0627 \u0641\u064a \u0636\u0645\u0627\u0646 \u0627\u0644\u062a\u0634\u063a\u064a\u0644 \u0627\u0644\u0641\u0639\u0627\u0644 \u0648\u0627\u0644\u0622\u0645\u0646 \u0641\u064a \u0623\u0631\u0635\u0641\u0629 \u0627\u0644\u062a\u062d\u0645\u064a\u0644.","breadcrumb":{"@id":"https:\/\/antersystem.com\/ar\/news\/trailer-supports\/#breadcrumb"},"inLanguage":"ar","potentialAction":[{"@type":"ReadAction","target":["https:\/\/antersystem.com\/ar\/news\/trailer-supports\/"]}]},{"@type":"BreadcrumbList","@id":"https:\/\/antersystem.com\/ar\/news\/trailer-supports\/#breadcrumb","itemListElement":[{"@type":"ListItem","position":1,"name":"AnterSystem","item":"https:\/\/antersystem.com\/ar\/"},{"@type":"ListItem","position":2,"name":"\u0627\u0644\u0623\u062e\u0628\u0627\u0631","item":"https:\/\/antersystem.com\/ar\/news\/"},{"@type":"ListItem","position":3,"name":"\u062f\u0639\u0627\u0645\u0627\u062a \u0627\u0644\u0645\u0642\u0637\u0648\u0631\u0629"}]},{"@type":"WebSite","@id":"https:\/\/antersystem.com\/ar\/#website","url":"https:\/\/antersystem.com\/ar\/","name":"Anter System","description":"Jeste\u015bmy polskim producentem elastycznych barier ochronnych wykonywanych z polimerowych tworzyw sztucznych. Na rynku krajowym i zagranicznym dzia\u0142amy od ponad 15 lat dbaj\u0105c o zapewnienie bezpiecze\u0144stwa w zak\u0142adach produkcyjnych, magazynach oraz centrach logistycznych.","potentialAction":[{"@type":"SearchAction","target":{"@type":"EntryPoint","urlTemplate":"https:\/\/antersystem.com\/ar\/?s={search_term_string}"},"query-input":{"@type":"PropertyValueSpecification","valueRequired":true,"valueName":"search_term_string"}}],"inLanguage":"ar"}]}},"_links":{"self":[{"href":"https:\/\/antersystem.com\/ar\/wp-json\/wp\/v2\/pages\/15412","targetHints":{"allow":["GET"]}}],"collection":[{"href":"https:\/\/antersystem.com\/ar\/wp-json\/wp\/v2\/pages"}],"about":[{"href":"https:\/\/antersystem.com\/ar\/wp-json\/wp\/v2\/types\/page"}],"author":[{"embeddable":true,"href":"https:\/\/antersystem.com\/ar\/wp-json\/wp\/v2\/users\/1"}],"replies":[{"embeddable":true,"href":"https:\/\/antersystem.com\/ar\/wp-json\/wp\/v2\/comments?post=15412"}],"version-history":[{"count":1,"href":"https:\/\/antersystem.com\/ar\/wp-json\/wp\/v2\/pages\/15412\/revisions"}],"predecessor-version":[{"id":15414,"href":"https:\/\/antersystem.com\/ar\/wp-json\/wp\/v2\/pages\/15412\/revisions\/15414"}],"up":[{"embeddable":true,"href":"https:\/\/antersystem.com\/ar\/wp-json\/wp\/v2\/pages\/30526"}],"wp:attachment":[{"href":"https:\/\/antersystem.com\/ar\/wp-json\/wp\/v2\/media?parent=15412"}],"curies":[{"name":"wp","href":"https:\/\/api.w.org\/{rel}","templated":true}]}}