{"id":15435,"date":"2024-11-08T10:12:51","date_gmt":"2024-11-08T09:12:51","guid":{"rendered":"https:\/\/new.antersystem.com\/warsaw-industry-week-2024-2\/"},"modified":"2026-01-31T22:28:58","modified_gmt":"2026-01-31T21:28:58","slug":"warsaw-industry-week-2024-2","status":"publish","type":"page","link":"https:\/\/antersystem.com\/ar\/news\/warsaw-industry-week-2024-2\/","title":{"rendered":"Warsaw Industry Week 2024"},"content":{"rendered":"\n<div class=\"wp-block-columns is-layout-flex wp-container-core-columns-is-layout-9d6595d7 wp-block-columns-is-layout-flex\">\n<div class=\"wp-block-column is-layout-flow wp-block-column-is-layout-flow\">\n<h2 class=\"wp-block-heading\">\u062a\u0642\u0631\u064a\u0631 \u0645\u0646 Warsaw Industry Week 5-7.11.2024<\/h2>\n\n\n\n<div class=\"wp-block-columns is-layout-flex wp-container-core-columns-is-layout-9d6595d7 wp-block-columns-is-layout-flex\">\n<div class=\"wp-block-column is-layout-flow wp-block-column-is-layout-flow\" style=\"flex-basis:10%\"><\/div>\n\n\n\n<div class=\"wp-block-column is-layout-flow wp-block-column-is-layout-flow\" style=\"flex-basis:10%\"><\/div>\n<\/div>\n\n\n\n<div class=\"wp-block-columns is-layout-flex wp-container-core-columns-is-layout-9d6595d7 wp-block-columns-is-layout-flex\">\n<div class=\"wp-block-column is-layout-flow wp-block-column-is-layout-flow\" style=\"flex-basis:10%\"><\/div>\n\n\n\n<div class=\"wp-block-column is-layout-flow wp-block-column-is-layout-flow\">\n<p><strong>\u0634\u0647\u062f\u062a<\/strong> \u0646\u0633\u062e\u0629 2024 \u0645\u0646 <strong>Warsaw Industry Week<\/strong> \u0627\u0644\u062f\u0648\u0631\u0629 \u0627\u0644\u062b\u0627\u0645\u0646\u0629 \u0648\u0627\u0644\u0646\u0627\u062c\u062d\u0629 \u0644\u0644\u063a\u0627\u064a\u0629 \u0644\u0648\u0627\u062d\u062f\u0629 \u0645\u0646 \u0623\u0647\u0645 \u0627\u0644\u0641\u0639\u0627\u0644\u064a\u0627\u062a \u0627\u0644\u0635\u0646\u0627\u0639\u064a\u0629 \u0641\u064a \u0648\u0633\u0637 \u0648\u0634\u0631\u0642 \u0623\u0648\u0631\u0648\u0628\u0627. <strong>\u062d\u0638\u064a\u062a \u0634\u0631\u0643\u0629 Anter System\u060c \u0628\u0635\u0641\u062a\u0647\u0627 \u0639\u0627\u0631\u0636\u064b\u0627\u060c \u0628\u0634\u0631\u0641<\/strong> \u0627\u0644\u0645\u0634\u0627\u0631\u0643\u0629 \u0641\u064a \u0647\u0630\u0627 \u0627\u0644\u0645\u0639\u0631\u0636 \u0627\u0644\u0645\u0631\u0645\u0648\u0642 \u0627\u0644\u0630\u064a \u062c\u0645\u0639 \u0623\u0643\u062b\u0631 \u0645\u0646 370 \u0639\u0627\u0631\u0636\u064b\u0627 \u0648\u0622\u0644\u0627\u0641 \u0627\u0644\u0645\u0647\u0646\u064a\u064a\u0646 \u0645\u0646 \u062c\u0645\u064a\u0639 \u0623\u0646\u062d\u0627\u0621 \u0627\u0644\u0635\u0646\u0627\u0639\u0629. \u0648\u0642\u062f \u0648\u0641\u0631\u062a \u0627\u0644\u0641\u0639\u0627\u0644\u064a\u0629 \u0645\u0646\u0635\u0629 \u0645\u0645\u062a\u0627\u0632\u0629 \u0644\u0639\u0631\u0636 \u062d\u0644\u0648\u0644\u0646\u0627 \u0627\u0644\u0635\u0646\u0627\u0639\u064a\u0629 \u0627\u0644\u0645\u0628\u062a\u0643\u0631\u0629 \u0648\u0627\u0644\u062e\u062f\u0645\u0627\u062a \u0627\u0644\u0644\u0648\u062c\u0633\u062a\u064a\u0629 \u0627\u0644\u062f\u0627\u062e\u0644\u064a\u0629\u060c \u0628\u0645\u0627 \u0641\u064a \u0630\u0644\u0643 \u0627\u0644\u0623\u0646\u0638\u0645\u0629 \u0627\u0644\u0645\u062a\u0642\u062f\u0645\u0629 \u0627\u0644\u062a\u064a \u062a\u062f\u0639\u0645 \u0627\u0644\u0633\u0644\u0627\u0645\u0629 \u0641\u064a \u0645\u0643\u0627\u0646 \u0627\u0644\u0639\u0645\u0644 \u0648\u0643\u0641\u0627\u0621\u0629 \u0627\u0644\u0639\u0645\u0644\u064a\u0627\u062a. \u0648\u0645\u0646 \u0623\u0628\u0631\u0632 \u0645\u0627 \u064a\u0645\u064a\u0632 \u0627\u0644\u0645\u0639\u0631\u0636 \u0623\u064a\u0636\u0627\u064b \u0641\u0631\u0635\u0629 \u0627\u0644\u0645\u0634\u0627\u0631\u0643\u0629 \u0641\u064a \u0627\u0644\u0641\u0639\u0627\u0644\u064a\u0627\u062a \u0627\u0644\u0645\u0635\u0627\u062d\u0628\u0629 \u0645\u062b\u0644 \u0627\u0644\u0645\u0624\u062a\u0645\u0631 \u0627\u0644\u0635\u0646\u0627\u0639\u064a \u0627\u0644\u062f\u0648\u0644\u064a.<\/p>\n\n\n\n<p>\u0627\u062c\u062a\u0630\u0628 \u062c\u0646\u0627\u062d\u0646\u0627 \u0627\u0647\u062a\u0645\u0627\u0645\u0627\u064b \u0643\u0628\u064a\u0631\u0627\u064b\u060c \u062e\u0627\u0635\u0629\u064b \u0645\u0639 \u0639\u0631\u0636 \u0645\u0646\u062a\u062c\u0627\u062a \u0645\u062b\u0644 <a href=\"https:\/\/antersystem.com\/kategorie-produktow\/bramki-bezpieczenstwa\/\">\u0628\u0648\u0627\u0628\u0627\u062a \u0627\u0644\u0633\u0644\u0627\u0645\u0629 \u0627\u0644\u0623\u0648\u062a\u0648\u0645\u0627\u062a\u064a\u0643\u064a\u0629 \u0648GATE<\/a> <a href=\"https:\/\/antersystem.com\/kategorie-produktow\/odbojnice-regalowe\/\">PROTECTORS \u0644\u0644\u0623\u0639\u0645\u062f\u0629 \u0648\u0627\u0644\u0631\u0641\u0648\u0641.<\/a> \u0647\u0630\u0647 \u0627\u0644\u062d\u0644\u0648\u0644\u060c \u0627\u0644\u0645\u0635\u0645\u0645\u0629 \u0644\u062a\u0639\u0632\u064a\u0632 \u0627\u0644\u0633\u0644\u0627\u0645\u0629 \u0648\u0627\u0644\u062a\u0646\u0638\u064a\u0645 \u0641\u064a \u0645\u0643\u0627\u0646 \u0627\u0644\u0639\u0645\u0644 \u0641\u064a \u0645\u0646\u0634\u0622\u062a \u0627\u0644\u0625\u0646\u062a\u0627\u062c\u060c \u062a\u062a\u0645\u0627\u0634\u0649 \u062a\u0645\u0627\u0645\u064b\u0627 \u0645\u0639 \u0627\u0644\u0627\u062a\u062c\u0627\u0647\u0627\u062a \u0627\u0644\u0633\u0627\u0626\u062f\u0629 \u0641\u064a \u0627\u0644\u0623\u062a\u0645\u062a\u0629 \u0648\u062a\u062d\u0633\u064a\u0646 \u0645\u0633\u0627\u062d\u0629 \u0627\u0644\u0639\u0645\u0644 \u0627\u0644\u062a\u064a \u062a\u0645 \u0639\u0631\u0636\u0647\u0627 \u0641\u064a \u0645\u0639\u0631\u0636 \u0647\u0630\u0627 \u0627\u0644\u0639\u0627\u0645.<\/p>\n\n\n\n<p><strong>\u0644\u0645 \u062a\u0633\u0645\u062d<\/strong> \u0644\u0646\u0627 \u0627\u0644\u0645\u0634\u0627\u0631\u0643\u0629 \u0641\u064a <strong>Warsaw Industry Week<\/strong> \u0628\u0645\u0634\u0627\u0631\u0643\u0629 \u062e\u0628\u0631\u0627\u062a\u0646\u0627 \u0641\u062d\u0633\u0628\u060c \u0628\u0644 <strong>\u0623\u062a\u0627\u062d\u062a<\/strong> \u0644\u0646\u0627 \u0623\u064a\u0636\u0627\u064b \u0625\u0642\u0627\u0645\u0629 \u0639\u0644\u0627\u0642\u0627\u062a \u0639\u0645\u0644 \u0642\u064a\u0651\u0645\u0629 \u0648\u062a\u0628\u0627\u062f\u0644 \u0627\u0644\u0645\u0639\u0631\u0641\u0629 \u0645\u0639 \u062e\u0628\u0631\u0627\u0621 \u0627\u0644\u0635\u0646\u0627\u0639\u0629. \u0648\u064a\u0648\u0641\u0631 \u0630\u0644\u0643 \u0625\u0644\u0647\u0627\u0645\u064b\u0627 \u0642\u0648\u064a\u064b\u0627 \u0644\u0645\u0632\u064a\u062f \u0645\u0646 \u0627\u0644\u062a\u0637\u0648\u064a\u0631 \u0644\u0645\u0646\u062a\u062c\u0627\u062a\u0646\u0627 \u0628\u0645\u0627 \u064a\u062a\u0645\u0627\u0634\u0649 \u0645\u0639 \u062a\u0648\u0642\u0639\u0627\u062a \u0627\u0644\u0633\u0648\u0642 \u0627\u0644\u0645\u062a\u0637\u0648\u0631\u0629 \u0648\u0627\u0644\u062a\u062d\u0648\u0644\u0627\u062a \u0627\u0644\u062a\u064a \u062a\u0634\u0647\u062f\u0647\u0627 \u0627\u0644\u0635\u0646\u0627\u0639\u0629. \u0646\u062d\u0646 \u0641\u062e\u0648\u0631\u0648\u0646 \u0628\u0623\u0646 \u0627\u0628\u062a\u0643\u0627\u0631\u0627\u062a\u0646\u0627 \u0645\u0633\u062a\u0645\u0631\u0629 \u0641\u064a \u062a\u0644\u0628\u064a\u0629 \u0627\u0644\u0627\u062d\u062a\u064a\u0627\u062c\u0627\u062a \u0627\u0644\u062f\u064a\u0646\u0627\u0645\u064a\u0643\u064a\u0629 \u0644\u0644\u0633\u0648\u0642 \u0648\u0627\u0644\u0645\u0633\u0627\u0647\u0645\u0629 \u0641\u064a \u062a\u062d\u0633\u064a\u0646 \u0627\u0644\u0643\u0641\u0627\u0621\u0629 \u0648\u0627\u0644\u0633\u0644\u0627\u0645\u0629 \u0641\u064a \u0627\u0644\u0642\u0637\u0627\u0639 \u0627\u0644\u0635\u0646\u0627\u0639\u064a.<\/p>\n\n\n\n<p>\u0646\u0648\u062f \u0623\u0646 \u0646\u0634\u0643\u0631 \u0643\u0644 \u0645\u0646 <strong>\u0632\u0627\u0631 \u062c\u0646\u0627\u062d\u0646\u0627 &#8211;<\/strong> \u0646\u0631\u0627\u0643\u0645 \u0641\u064a \u0627\u0644\u062f\u0648\u0631\u0629 \u0627\u0644\u0642\u0627\u062f\u0645\u0629!<\/p>\n\n\n\n<div class=\"wp-block-columns is-layout-flex wp-container-core-columns-is-layout-9d6595d7 wp-block-columns-is-layout-flex\">\n<div class=\"wp-block-column is-layout-flow wp-block-column-is-layout-flow\"><\/div>\n\n\n\n<div class=\"wp-block-column is-layout-flow wp-block-column-is-layout-flow\"><\/div>\n\n\n\n<div class=\"wp-block-column is-layout-flow wp-block-column-is-layout-flow\"><\/div>\n<\/div>\n<\/div>\n\n\n\n<div class=\"wp-block-column is-layout-flow wp-block-column-is-layout-flow\" style=\"flex-basis:10%\"><\/div>\n<\/div>\n\n\n\nngg_shortcode_0_placeholder\n<\/div>\n<\/div>\n\n<p><\/p>\n","protected":false},"excerpt":{"rendered":"<p>\u062a\u0642\u0631\u064a\u0631 \u0645\u0646 Warsaw Industry Week 5-7.11.2024 \u0634\u0647\u062f\u062a \u0646\u0633\u062e\u0629 2024 \u0645\u0646 Warsaw Industry Week \u0627\u0644\u062f\u0648\u0631\u0629 \u0627\u0644\u062b\u0627\u0645\u0646\u0629 \u0648\u0627\u0644\u0646\u0627\u062c\u062d\u0629 \u0644\u0644\u063a\u0627\u064a\u0629 \u0644\u0648\u0627\u062d\u062f\u0629 \u0645\u0646 \u0623\u0647\u0645 \u0627\u0644\u0641\u0639\u0627\u0644\u064a\u0627\u062a \u0627\u0644\u0635\u0646\u0627\u0639\u064a\u0629 \u0641\u064a \u0648\u0633\u0637 \u0648\u0634\u0631\u0642 \u0623\u0648\u0631\u0648\u0628\u0627. \u062d\u0638\u064a\u062a \u0634\u0631\u0643\u0629 Anter System\u060c \u0628\u0635\u0641\u062a\u0647\u0627 \u0639\u0627\u0631\u0636\u064b\u0627\u060c \u0628\u0634\u0631\u0641 \u0627\u0644\u0645\u0634\u0627\u0631\u0643\u0629 \u0641\u064a \u0647\u0630\u0627 \u0627\u0644\u0645\u0639\u0631\u0636 \u0627\u0644\u0645\u0631\u0645\u0648\u0642 \u0627\u0644\u0630\u064a \u062c\u0645\u0639 \u0623\u0643\u062b\u0631 \u0645\u0646 370 \u0639\u0627\u0631\u0636\u064b\u0627 \u0648\u0622\u0644\u0627\u0641 \u0627\u0644\u0645\u0647\u0646\u064a\u064a\u0646 \u0645\u0646 \u062c\u0645\u064a\u0639 \u0623\u0646\u062d\u0627\u0621 \u0627\u0644\u0635\u0646\u0627\u0639\u0629. \u0648\u0642\u062f \u0648\u0641\u0631\u062a \u0627\u0644\u0641\u0639\u0627\u0644\u064a\u0629 \u0645\u0646\u0635\u0629 \u0645\u0645\u062a\u0627\u0632\u0629 [&hellip;]<\/p>\n","protected":false},"author":1,"featured_media":0,"parent":30526,"menu_order":0,"comment_status":"closed","ping_status":"closed","template":"","meta":{"inline_featured_image":false,"ngg_post_thumbnail":0,"footnotes":""},"class_list":["post-15435","page","type-page","status-publish","hentry"],"acf":[],"yoast_head":"<!-- This site is optimized with the Yoast SEO plugin v27.0 - https:\/\/yoast.com\/product\/yoast-seo-wordpress\/ -->\n<title>Warsaw Industry Week 2024 - Anter System<\/title>\n<meta name=\"description\" content=\"\u0623\u0633\u0628\u0648\u0639 Warsaw Industry Week \u0641\u064a \u0648\u0627\u0631\u0633\u0648 \u0641\u064a \u0627\u0644\u0641\u062a\u0631\u0629 \u0645\u0646 5 \u0625\u0644\u0649 7 \u0633\u0628\u062a\u0645\u0628\u0631\/\u0623\u064a\u0644\u0648\u0644 2020\u060c \u062d\u064a\u062b \u0633\u064a\u062a\u0645 \u0639\u0631\u0636 \u0646\u0638\u0627\u0645 Anter System\" \/>\n<meta name=\"robots\" content=\"index, follow, max-snippet:-1, max-image-preview:large, max-video-preview:-1\" \/>\n<link rel=\"canonical\" href=\"https:\/\/antersystem.com\/ar\/news\/warsaw-industry-week-2024-2\/\" \/>\n<meta property=\"og:locale\" content=\"ar_AR\" \/>\n<meta property=\"og:type\" content=\"article\" \/>\n<meta property=\"og:title\" content=\"Warsaw Industry Week 2024 - Anter System\" \/>\n<meta property=\"og:description\" content=\"\u0623\u0633\u0628\u0648\u0639 Warsaw Industry Week \u0641\u064a \u0648\u0627\u0631\u0633\u0648 \u0641\u064a \u0627\u0644\u0641\u062a\u0631\u0629 \u0645\u0646 5 \u0625\u0644\u0649 7 \u0633\u0628\u062a\u0645\u0628\u0631\/\u0623\u064a\u0644\u0648\u0644 2020\u060c \u062d\u064a\u062b \u0633\u064a\u062a\u0645 \u0639\u0631\u0636 \u0646\u0638\u0627\u0645 Anter System\" \/>\n<meta property=\"og:url\" content=\"https:\/\/antersystem.com\/ar\/news\/warsaw-industry-week-2024-2\/\" \/>\n<meta property=\"og:site_name\" content=\"Anter System\" \/>\n<meta property=\"article:modified_time\" content=\"2026-01-31T21:28:58+00:00\" \/>\n<meta name=\"twitter:card\" content=\"summary_large_image\" \/>\n<script type=\"application\/ld+json\" class=\"yoast-schema-graph\">{\"@context\":\"https:\/\/schema.org\",\"@graph\":[{\"@type\":\"WebPage\",\"@id\":\"https:\/\/antersystem.com\/ar\/news\/warsaw-industry-week-2024-2\/\",\"url\":\"https:\/\/antersystem.com\/ar\/news\/warsaw-industry-week-2024-2\/\",\"name\":\"Warsaw Industry Week 2024 - Anter System\",\"isPartOf\":{\"@id\":\"https:\/\/antersystem.com\/ar\/#website\"},\"datePublished\":\"2024-11-08T09:12:51+00:00\",\"dateModified\":\"2026-01-31T21:28:58+00:00\",\"description\":\"\u0623\u0633\u0628\u0648\u0639 Warsaw Industry Week \u0641\u064a \u0648\u0627\u0631\u0633\u0648 \u0641\u064a \u0627\u0644\u0641\u062a\u0631\u0629 \u0645\u0646 5 \u0625\u0644\u0649 7 \u0633\u0628\u062a\u0645\u0628\u0631\/\u0623\u064a\u0644\u0648\u0644 2020\u060c \u062d\u064a\u062b \u0633\u064a\u062a\u0645 \u0639\u0631\u0636 \u0646\u0638\u0627\u0645 Anter System\",\"breadcrumb\":{\"@id\":\"https:\/\/antersystem.com\/ar\/news\/warsaw-industry-week-2024-2\/#breadcrumb\"},\"inLanguage\":\"ar\",\"potentialAction\":[{\"@type\":\"ReadAction\",\"target\":[\"https:\/\/antersystem.com\/ar\/news\/warsaw-industry-week-2024-2\/\"]}]},{\"@type\":\"BreadcrumbList\",\"@id\":\"https:\/\/antersystem.com\/ar\/news\/warsaw-industry-week-2024-2\/#breadcrumb\",\"itemListElement\":[{\"@type\":\"ListItem\",\"position\":1,\"name\":\"AnterSystem\",\"item\":\"https:\/\/antersystem.com\/ar\/\"},{\"@type\":\"ListItem\",\"position\":2,\"name\":\"\u0627\u0644\u0623\u062e\u0628\u0627\u0631\",\"item\":\"https:\/\/antersystem.com\/ar\/news\/\"},{\"@type\":\"ListItem\",\"position\":3,\"name\":\"Warsaw Industry Week 2024\"}]},{\"@type\":\"WebSite\",\"@id\":\"https:\/\/antersystem.com\/ar\/#website\",\"url\":\"https:\/\/antersystem.com\/ar\/\",\"name\":\"Anter System\",\"description\":\"Jeste\u015bmy polskim producentem elastycznych barier ochronnych wykonywanych z polimerowych tworzyw sztucznych. Na rynku krajowym i zagranicznym dzia\u0142amy od ponad 15 lat dbaj\u0105c o zapewnienie bezpiecze\u0144stwa w zak\u0142adach produkcyjnych, magazynach oraz centrach logistycznych.\",\"potentialAction\":[{\"@type\":\"SearchAction\",\"target\":{\"@type\":\"EntryPoint\",\"urlTemplate\":\"https:\/\/antersystem.com\/ar\/?s={search_term_string}\"},\"query-input\":{\"@type\":\"PropertyValueSpecification\",\"valueRequired\":true,\"valueName\":\"search_term_string\"}}],\"inLanguage\":\"ar\"}]}<\/script>\n<!-- \/ Yoast SEO plugin. -->","yoast_head_json":{"title":"Warsaw Industry Week 2024 - Anter System","description":"\u0623\u0633\u0628\u0648\u0639 Warsaw Industry Week \u0641\u064a \u0648\u0627\u0631\u0633\u0648 \u0641\u064a \u0627\u0644\u0641\u062a\u0631\u0629 \u0645\u0646 5 \u0625\u0644\u0649 7 \u0633\u0628\u062a\u0645\u0628\u0631\/\u0623\u064a\u0644\u0648\u0644 2020\u060c \u062d\u064a\u062b \u0633\u064a\u062a\u0645 \u0639\u0631\u0636 \u0646\u0638\u0627\u0645 Anter System","robots":{"index":"index","follow":"follow","max-snippet":"max-snippet:-1","max-image-preview":"max-image-preview:large","max-video-preview":"max-video-preview:-1"},"canonical":"https:\/\/antersystem.com\/ar\/news\/warsaw-industry-week-2024-2\/","og_locale":"ar_AR","og_type":"article","og_title":"Warsaw Industry Week 2024 - Anter System","og_description":"\u0623\u0633\u0628\u0648\u0639 Warsaw Industry Week \u0641\u064a \u0648\u0627\u0631\u0633\u0648 \u0641\u064a \u0627\u0644\u0641\u062a\u0631\u0629 \u0645\u0646 5 \u0625\u0644\u0649 7 \u0633\u0628\u062a\u0645\u0628\u0631\/\u0623\u064a\u0644\u0648\u0644 2020\u060c \u062d\u064a\u062b \u0633\u064a\u062a\u0645 \u0639\u0631\u0636 \u0646\u0638\u0627\u0645 Anter System","og_url":"https:\/\/antersystem.com\/ar\/news\/warsaw-industry-week-2024-2\/","og_site_name":"Anter System","article_modified_time":"2026-01-31T21:28:58+00:00","twitter_card":"summary_large_image","schema":{"@context":"https:\/\/schema.org","@graph":[{"@type":"WebPage","@id":"https:\/\/antersystem.com\/ar\/news\/warsaw-industry-week-2024-2\/","url":"https:\/\/antersystem.com\/ar\/news\/warsaw-industry-week-2024-2\/","name":"Warsaw Industry Week 2024 - Anter System","isPartOf":{"@id":"https:\/\/antersystem.com\/ar\/#website"},"datePublished":"2024-11-08T09:12:51+00:00","dateModified":"2026-01-31T21:28:58+00:00","description":"\u0623\u0633\u0628\u0648\u0639 Warsaw Industry Week \u0641\u064a \u0648\u0627\u0631\u0633\u0648 \u0641\u064a \u0627\u0644\u0641\u062a\u0631\u0629 \u0645\u0646 5 \u0625\u0644\u0649 7 \u0633\u0628\u062a\u0645\u0628\u0631\/\u0623\u064a\u0644\u0648\u0644 2020\u060c \u062d\u064a\u062b \u0633\u064a\u062a\u0645 \u0639\u0631\u0636 \u0646\u0638\u0627\u0645 Anter System","breadcrumb":{"@id":"https:\/\/antersystem.com\/ar\/news\/warsaw-industry-week-2024-2\/#breadcrumb"},"inLanguage":"ar","potentialAction":[{"@type":"ReadAction","target":["https:\/\/antersystem.com\/ar\/news\/warsaw-industry-week-2024-2\/"]}]},{"@type":"BreadcrumbList","@id":"https:\/\/antersystem.com\/ar\/news\/warsaw-industry-week-2024-2\/#breadcrumb","itemListElement":[{"@type":"ListItem","position":1,"name":"AnterSystem","item":"https:\/\/antersystem.com\/ar\/"},{"@type":"ListItem","position":2,"name":"\u0627\u0644\u0623\u062e\u0628\u0627\u0631","item":"https:\/\/antersystem.com\/ar\/news\/"},{"@type":"ListItem","position":3,"name":"Warsaw Industry Week 2024"}]},{"@type":"WebSite","@id":"https:\/\/antersystem.com\/ar\/#website","url":"https:\/\/antersystem.com\/ar\/","name":"Anter System","description":"Jeste\u015bmy polskim producentem elastycznych barier ochronnych wykonywanych z polimerowych tworzyw sztucznych. Na rynku krajowym i zagranicznym dzia\u0142amy od ponad 15 lat dbaj\u0105c o zapewnienie bezpiecze\u0144stwa w zak\u0142adach produkcyjnych, magazynach oraz centrach logistycznych.","potentialAction":[{"@type":"SearchAction","target":{"@type":"EntryPoint","urlTemplate":"https:\/\/antersystem.com\/ar\/?s={search_term_string}"},"query-input":{"@type":"PropertyValueSpecification","valueRequired":true,"valueName":"search_term_string"}}],"inLanguage":"ar"}]}},"_links":{"self":[{"href":"https:\/\/antersystem.com\/ar\/wp-json\/wp\/v2\/pages\/15435","targetHints":{"allow":["GET"]}}],"collection":[{"href":"https:\/\/antersystem.com\/ar\/wp-json\/wp\/v2\/pages"}],"about":[{"href":"https:\/\/antersystem.com\/ar\/wp-json\/wp\/v2\/types\/page"}],"author":[{"embeddable":true,"href":"https:\/\/antersystem.com\/ar\/wp-json\/wp\/v2\/users\/1"}],"replies":[{"embeddable":true,"href":"https:\/\/antersystem.com\/ar\/wp-json\/wp\/v2\/comments?post=15435"}],"version-history":[{"count":1,"href":"https:\/\/antersystem.com\/ar\/wp-json\/wp\/v2\/pages\/15435\/revisions"}],"predecessor-version":[{"id":15437,"href":"https:\/\/antersystem.com\/ar\/wp-json\/wp\/v2\/pages\/15435\/revisions\/15437"}],"up":[{"embeddable":true,"href":"https:\/\/antersystem.com\/ar\/wp-json\/wp\/v2\/pages\/30526"}],"wp:attachment":[{"href":"https:\/\/antersystem.com\/ar\/wp-json\/wp\/v2\/media?parent=15435"}],"curies":[{"name":"wp","href":"https:\/\/api.w.org\/{rel}","templated":true}]}}