{"id":15506,"date":"2023-10-16T10:41:27","date_gmt":"2023-10-16T08:41:27","guid":{"rendered":"https:\/\/new.antersystem.com\/safe-space-wall-protection\/"},"modified":"2026-01-30T14:31:00","modified_gmt":"2026-01-30T13:31:00","slug":"safe-space-wall-protection","status":"publish","type":"page","link":"https:\/\/antersystem.com\/ar\/news\/safe-space-wall-protection\/","title":{"rendered":"\u0627\u0644\u0641\u0636\u0627\u0621 \u0627\u0644\u0622\u0645\u0646 &#8220;Bezpieczna przestrze\u0144&#8221;"},"content":{"rendered":"\n<div class=\"wp-block-columns is-layout-flex wp-container-core-columns-is-layout-9d6595d7 wp-block-columns-is-layout-flex\">\n<div class=\"wp-block-column is-layout-flow wp-block-column-is-layout-flow\" style=\"flex-basis:10%\"><\/div>\n\n\n\n<div class=\"wp-block-column is-layout-flow wp-block-column-is-layout-flow\">\n<h3 class=\"wp-block-heading\">\u0645\u0633\u0627\u062d\u0629 \u0622\u0645\u0646\u0629. \u062d\u0645\u0627\u064a\u0629 \u0627\u0644\u062c\u062f\u0631\u0627\u0646 &#8211; \u0623\u0646\u0638\u0645\u0629 \u0627\u0644\u0633\u0644\u0627\u0645\u0629 \u0645\u0646 \u0627\u0644\u0628\u0648\u0644\u064a\u0645\u0631 \u0644\u0644\u0645\u0633\u062a\u0648\u062f\u0639\u0627\u062a \u0648\u0627\u0644\u0645\u0646\u0634\u0622\u062a \u0627\u0644\u0635\u0646\u0627\u0639\u064a\u0629<\/h3>\n\n\n\n<p style=\"text-align: left;\">\u062a\u0636\u0645\u0646 \u0639\u062f\u062f \u064a\u0648\u0646\u064a\u0648 2019 \u0645\u0646 <em>\u0645\u062c\u0644\u0629 Top Logistyk<\/em> \u0645\u0642\u0627\u0644\u0627\u064b \u0639\u0646 \u062d\u0645\u0627\u064a\u0629 \u0627\u0644\u062c\u062f\u0631\u0627\u0646 &#8211; \u0648\u0647\u064a \u0647\u064a\u0627\u0643\u0644 \u062d\u0645\u0627\u064a\u0629 \u0631\u0623\u0633\u064a\u0629 \u0630\u0627\u062a \u062a\u0635\u0645\u064a\u0645 \u0645\u0639\u064a\u0627\u0631\u064a\u060c \u0645\u0645\u0627 \u064a\u0633\u0645\u062d \u0628\u0625\u0646\u0634\u0627\u0621 \u062c\u062f\u0631\u0627\u0646 \u0623\u0645\u0627\u0646 \u0628\u0623\u064a \u0637\u0648\u0644 \u0648\u0634\u0643\u0644 \u0647\u0646\u062f\u0633\u064a. \u0648\u0628\u0641\u0636\u0644 \u0645\u0631\u0648\u0646\u062a\u0647\u0627\u060c \u062a\u062a\u064a\u062d \u0647\u0630\u0647 \u0627\u0644\u0623\u0646\u0638\u0645\u0629 \u0625\u0645\u0643\u0627\u0646\u064a\u0629 \u0628\u0646\u0627\u0621 \u062c\u062f\u0631\u0627\u0646 \u0648\u0627\u0642\u064a\u0629 \u0645\u062e\u0631\u0645\u0629 \u0645\u0646 \u0623\u064a \u0627\u0631\u062a\u0641\u0627\u0639\u060c \u0648\u0647\u064a \u0645\u0646\u0627\u0633\u0628\u0629 \u062a\u0645\u0627\u0645\u064b\u0627 \u0644\u0644\u0645\u0633\u062a\u0648\u062f\u0639\u0627\u062a \u0627\u0644\u062d\u062f\u064a\u062b\u0629 \u0648\u0627\u0644\u0628\u064a\u0626\u0627\u062a \u0627\u0644\u0635\u0646\u0627\u0639\u064a\u0629.<\/p>\n<p>\u062a\u0639\u0631\u0641 \u0639\u0644\u0649 \u0627\u0644\u0645\u0632\u064a\u062f \u062d\u0648\u0644 \u0645\u0632\u0627\u064a\u0627 \u0623\u0646\u0638\u0645\u0629 \u0627\u0644\u0633\u0644\u0627\u0645\u0629 \u0627\u0644\u0642\u0627\u0626\u0645\u0629 \u0639\u0644\u0649 \u0627\u0644\u0628\u0648\u0644\u064a\u0645\u0631 \u0641\u064a <em>\u0645\u0642\u0627\u0644\u0629 Top Logistyk<\/em> \u0623\u062f\u0646\u0627\u0647.<\/p>\n<p>&nbsp;<\/p>\n<p>&nbsp;<\/p>\n<\/div>\n\n\n\n<div class=\"wp-block-column is-layout-flow wp-block-column-is-layout-flow\" style=\"flex-basis:10%\"><\/div>\n<\/div>\n\n<div data-wp-interactive=\"core\/file\" class=\"wp-block-file\"><object data-wp-bind--hidden=\"!state.hasPdfPreview\" hidden class=\"wp-block-file__embed\" data=\"https:\/\/antersystem.com\/wp-content\/uploads\/Anter-System_artykul_Bezpieczna-przestrzen.pdf\" type=\"application\/pdf\" style=\"width:100%;height:600px\" aria-label=\"\u062a\u0636\u0645\u064a\u0646 Anter-System_artykul_Bezpieczna-przestrzen.\"><\/object><a id=\"wp-block-file--media-ee450cea-ca59-4ce4-8c22-729773c7fc8d\" href=\"https:\/\/antersystem.com\/wp-content\/uploads\/Anter-System_artykul_Bezpieczna-przestrzen.pdf\">\u0639\u0646\u062a\u0631-\u0646\u0638\u0627\u0645_\u0628\u0627\u0631\u062a\u064a\u0643\u0648\u0644_\u0628\u064a\u0632\u0628\u064a\u062a\u0634\u0646\u0627-\u0628\u0631\u0632\u064a\u0633\u062a\u0631\u0632\u0646<\/a><a href=\"https:\/\/antersystem.com\/wp-content\/uploads\/Anter-System_artykul_Bezpieczna-przestrzen.pdf\" class=\"wp-block-file__button wp-element-button\" download=\"\" aria-describedby=\"wp-block-file--media-ee450cea-ca59-4ce4-8c22-729773c7fc8d\">\u062a\u0646\u0632\u064a\u0644<\/a><\/div>\n","protected":false},"excerpt":{"rendered":"<p>\u0645\u0633\u0627\u062d\u0629 \u0622\u0645\u0646\u0629. \u062d\u0645\u0627\u064a\u0629 \u0627\u0644\u062c\u062f\u0631\u0627\u0646 &#8211; \u0623\u0646\u0638\u0645\u0629 \u0627\u0644\u0633\u0644\u0627\u0645\u0629 \u0645\u0646 \u0627\u0644\u0628\u0648\u0644\u064a\u0645\u0631 \u0644\u0644\u0645\u0633\u062a\u0648\u062f\u0639\u0627\u062a \u0648\u0627\u0644\u0645\u0646\u0634\u0622\u062a \u0627\u0644\u0635\u0646\u0627\u0639\u064a\u0629 \u062a\u0636\u0645\u0646 \u0639\u062f\u062f \u064a\u0648\u0646\u064a\u0648 2019 \u0645\u0646 \u0645\u062c\u0644\u0629 Top Logistyk \u0645\u0642\u0627\u0644\u0627\u064b \u0639\u0646 \u062d\u0645\u0627\u064a\u0629 \u0627\u0644\u062c\u062f\u0631\u0627\u0646 &#8211; \u0648\u0647\u064a \u0647\u064a\u0627\u0643\u0644 \u062d\u0645\u0627\u064a\u0629 \u0631\u0623\u0633\u064a\u0629 \u0630\u0627\u062a \u062a\u0635\u0645\u064a\u0645 \u0645\u0639\u064a\u0627\u0631\u064a\u060c \u0645\u0645\u0627 \u064a\u0633\u0645\u062d \u0628\u0625\u0646\u0634\u0627\u0621 \u062c\u062f\u0631\u0627\u0646 \u0623\u0645\u0627\u0646 \u0628\u0623\u064a \u0637\u0648\u0644 \u0648\u0634\u0643\u0644 \u0647\u0646\u062f\u0633\u064a. \u0648\u0628\u0641\u0636\u0644 \u0645\u0631\u0648\u0646\u062a\u0647\u0627\u060c \u062a\u062a\u064a\u062d \u0647\u0630\u0647 \u0627\u0644\u0623\u0646\u0638\u0645\u0629 \u0625\u0645\u0643\u0627\u0646\u064a\u0629 \u0628\u0646\u0627\u0621 \u062c\u062f\u0631\u0627\u0646 \u0648\u0627\u0642\u064a\u0629 \u0645\u062e\u0631\u0645\u0629 \u0645\u0646 \u0623\u064a \u0627\u0631\u062a\u0641\u0627\u0639\u060c \u0648\u0647\u064a [&hellip;]<\/p>\n","protected":false},"author":1,"featured_media":0,"parent":30526,"menu_order":0,"comment_status":"closed","ping_status":"closed","template":"","meta":{"inline_featured_image":false,"ngg_post_thumbnail":0,"footnotes":""},"class_list":["post-15506","page","type-page","status-publish","hentry"],"acf":[],"yoast_head":"<!-- This site is optimized with the Yoast SEO plugin v27.0 - https:\/\/yoast.com\/product\/yoast-seo-wordpress\/ -->\n<title>\u0627\u0644\u0641\u0636\u0627\u0621 \u0627\u0644\u0622\u0645\u0646 &quot;Bezpieczna przestrze\u0144&quot; - Anter System<\/title>\n<meta name=\"description\" content=\"\u0645\u0633\u0627\u062d\u0629 \u0622\u0645\u0646\u0629. \u062d\u0645\u0627\u064a\u0629 \u0627\u0644\u062c\u062f\u0631\u0627\u0646 - \u0623\u0646\u0638\u0645\u0629 \u0627\u0644\u0633\u0644\u0627\u0645\u0629 \u0645\u0646 \u0627\u0644\u0628\u0648\u0644\u064a\u0645\u0631 \u0644\u0644\u0645\u0633\u062a\u0648\u062f\u0639\u0627\u062a \u0648\u0627\u0644\u0645\u0646\u0634\u0622\u062a \u0627\u0644\u0635\u0646\u0627\u0639\u064a\u0629 \u062a\u0636\u0645\u0646 \u0639\u062f\u062f \u064a\u0648\u0646\u064a\u0648 2019 \u0645\u0646 \u0645\u062c\u0644\u0629 Top Logistyk \u0645\u0642\u0627\u0644\u0627\u064b \u0639\u0646 \u062d\u0645\u0627\u064a\u0629 \u0627\u0644\u062c\u062f\u0631\u0627\u0646 - \u0648\u0647\u064a\" \/>\n<meta name=\"robots\" content=\"index, follow, max-snippet:-1, max-image-preview:large, max-video-preview:-1\" \/>\n<link rel=\"canonical\" href=\"https:\/\/antersystem.com\/ar\/news\/safe-space-wall-protection\/\" \/>\n<meta property=\"og:locale\" content=\"ar_AR\" \/>\n<meta property=\"og:type\" content=\"article\" \/>\n<meta property=\"og:title\" content=\"\u0627\u0644\u0641\u0636\u0627\u0621 \u0627\u0644\u0622\u0645\u0646 &quot;Bezpieczna przestrze\u0144&quot; - Anter System\" \/>\n<meta property=\"og:description\" content=\"\u0645\u0633\u0627\u062d\u0629 \u0622\u0645\u0646\u0629. \u062d\u0645\u0627\u064a\u0629 \u0627\u0644\u062c\u062f\u0631\u0627\u0646 - \u0623\u0646\u0638\u0645\u0629 \u0627\u0644\u0633\u0644\u0627\u0645\u0629 \u0645\u0646 \u0627\u0644\u0628\u0648\u0644\u064a\u0645\u0631 \u0644\u0644\u0645\u0633\u062a\u0648\u062f\u0639\u0627\u062a \u0648\u0627\u0644\u0645\u0646\u0634\u0622\u062a \u0627\u0644\u0635\u0646\u0627\u0639\u064a\u0629 \u062a\u0636\u0645\u0646 \u0639\u062f\u062f \u064a\u0648\u0646\u064a\u0648 2019 \u0645\u0646 \u0645\u062c\u0644\u0629 Top Logistyk \u0645\u0642\u0627\u0644\u0627\u064b \u0639\u0646 \u062d\u0645\u0627\u064a\u0629 \u0627\u0644\u062c\u062f\u0631\u0627\u0646 - \u0648\u0647\u064a\" \/>\n<meta property=\"og:url\" content=\"https:\/\/antersystem.com\/ar\/news\/safe-space-wall-protection\/\" \/>\n<meta property=\"og:site_name\" content=\"Anter System\" \/>\n<meta property=\"article:modified_time\" content=\"2026-01-30T13:31:00+00:00\" \/>\n<meta name=\"twitter:card\" content=\"summary_large_image\" \/>\n<script type=\"application\/ld+json\" class=\"yoast-schema-graph\">{\"@context\":\"https:\/\/schema.org\",\"@graph\":[{\"@type\":\"WebPage\",\"@id\":\"https:\/\/antersystem.com\/ar\/news\/safe-space-wall-protection\/\",\"url\":\"https:\/\/antersystem.com\/ar\/news\/safe-space-wall-protection\/\",\"name\":\"\u0627\u0644\u0641\u0636\u0627\u0621 \u0627\u0644\u0622\u0645\u0646 \\\"Bezpieczna przestrze\u0144\\\" - Anter System\",\"isPartOf\":{\"@id\":\"https:\/\/antersystem.com\/ar\/#website\"},\"datePublished\":\"2023-10-16T08:41:27+00:00\",\"dateModified\":\"2026-01-30T13:31:00+00:00\",\"description\":\"\u0645\u0633\u0627\u062d\u0629 \u0622\u0645\u0646\u0629. \u062d\u0645\u0627\u064a\u0629 \u0627\u0644\u062c\u062f\u0631\u0627\u0646 - \u0623\u0646\u0638\u0645\u0629 \u0627\u0644\u0633\u0644\u0627\u0645\u0629 \u0645\u0646 \u0627\u0644\u0628\u0648\u0644\u064a\u0645\u0631 \u0644\u0644\u0645\u0633\u062a\u0648\u062f\u0639\u0627\u062a \u0648\u0627\u0644\u0645\u0646\u0634\u0622\u062a \u0627\u0644\u0635\u0646\u0627\u0639\u064a\u0629 \u062a\u0636\u0645\u0646 \u0639\u062f\u062f \u064a\u0648\u0646\u064a\u0648 2019 \u0645\u0646 \u0645\u062c\u0644\u0629 Top Logistyk \u0645\u0642\u0627\u0644\u0627\u064b \u0639\u0646 \u062d\u0645\u0627\u064a\u0629 \u0627\u0644\u062c\u062f\u0631\u0627\u0646 - \u0648\u0647\u064a\",\"breadcrumb\":{\"@id\":\"https:\/\/antersystem.com\/ar\/news\/safe-space-wall-protection\/#breadcrumb\"},\"inLanguage\":\"ar\",\"potentialAction\":[{\"@type\":\"ReadAction\",\"target\":[\"https:\/\/antersystem.com\/ar\/news\/safe-space-wall-protection\/\"]}]},{\"@type\":\"BreadcrumbList\",\"@id\":\"https:\/\/antersystem.com\/ar\/news\/safe-space-wall-protection\/#breadcrumb\",\"itemListElement\":[{\"@type\":\"ListItem\",\"position\":1,\"name\":\"AnterSystem\",\"item\":\"https:\/\/antersystem.com\/ar\/\"},{\"@type\":\"ListItem\",\"position\":2,\"name\":\"\u0627\u0644\u0623\u062e\u0628\u0627\u0631\",\"item\":\"https:\/\/antersystem.com\/ar\/news\/\"},{\"@type\":\"ListItem\",\"position\":3,\"name\":\"\u0627\u0644\u0641\u0636\u0627\u0621 \u0627\u0644\u0622\u0645\u0646 &#8220;Bezpieczna przestrze\u0144&#8221;\"}]},{\"@type\":\"WebSite\",\"@id\":\"https:\/\/antersystem.com\/ar\/#website\",\"url\":\"https:\/\/antersystem.com\/ar\/\",\"name\":\"Anter System\",\"description\":\"Jeste\u015bmy polskim producentem elastycznych barier ochronnych wykonywanych z polimerowych tworzyw sztucznych. Na rynku krajowym i zagranicznym dzia\u0142amy od ponad 15 lat dbaj\u0105c o zapewnienie bezpiecze\u0144stwa w zak\u0142adach produkcyjnych, magazynach oraz centrach logistycznych.\",\"potentialAction\":[{\"@type\":\"SearchAction\",\"target\":{\"@type\":\"EntryPoint\",\"urlTemplate\":\"https:\/\/antersystem.com\/ar\/?s={search_term_string}\"},\"query-input\":{\"@type\":\"PropertyValueSpecification\",\"valueRequired\":true,\"valueName\":\"search_term_string\"}}],\"inLanguage\":\"ar\"}]}<\/script>\n<!-- \/ Yoast SEO plugin. -->","yoast_head_json":{"title":"\u0627\u0644\u0641\u0636\u0627\u0621 \u0627\u0644\u0622\u0645\u0646 \"Bezpieczna przestrze\u0144\" - Anter System","description":"\u0645\u0633\u0627\u062d\u0629 \u0622\u0645\u0646\u0629. \u062d\u0645\u0627\u064a\u0629 \u0627\u0644\u062c\u062f\u0631\u0627\u0646 - \u0623\u0646\u0638\u0645\u0629 \u0627\u0644\u0633\u0644\u0627\u0645\u0629 \u0645\u0646 \u0627\u0644\u0628\u0648\u0644\u064a\u0645\u0631 \u0644\u0644\u0645\u0633\u062a\u0648\u062f\u0639\u0627\u062a \u0648\u0627\u0644\u0645\u0646\u0634\u0622\u062a \u0627\u0644\u0635\u0646\u0627\u0639\u064a\u0629 \u062a\u0636\u0645\u0646 \u0639\u062f\u062f \u064a\u0648\u0646\u064a\u0648 2019 \u0645\u0646 \u0645\u062c\u0644\u0629 Top Logistyk \u0645\u0642\u0627\u0644\u0627\u064b \u0639\u0646 \u062d\u0645\u0627\u064a\u0629 \u0627\u0644\u062c\u062f\u0631\u0627\u0646 - \u0648\u0647\u064a","robots":{"index":"index","follow":"follow","max-snippet":"max-snippet:-1","max-image-preview":"max-image-preview:large","max-video-preview":"max-video-preview:-1"},"canonical":"https:\/\/antersystem.com\/ar\/news\/safe-space-wall-protection\/","og_locale":"ar_AR","og_type":"article","og_title":"\u0627\u0644\u0641\u0636\u0627\u0621 \u0627\u0644\u0622\u0645\u0646 \"Bezpieczna przestrze\u0144\" - Anter System","og_description":"\u0645\u0633\u0627\u062d\u0629 \u0622\u0645\u0646\u0629. \u062d\u0645\u0627\u064a\u0629 \u0627\u0644\u062c\u062f\u0631\u0627\u0646 - \u0623\u0646\u0638\u0645\u0629 \u0627\u0644\u0633\u0644\u0627\u0645\u0629 \u0645\u0646 \u0627\u0644\u0628\u0648\u0644\u064a\u0645\u0631 \u0644\u0644\u0645\u0633\u062a\u0648\u062f\u0639\u0627\u062a \u0648\u0627\u0644\u0645\u0646\u0634\u0622\u062a \u0627\u0644\u0635\u0646\u0627\u0639\u064a\u0629 \u062a\u0636\u0645\u0646 \u0639\u062f\u062f \u064a\u0648\u0646\u064a\u0648 2019 \u0645\u0646 \u0645\u062c\u0644\u0629 Top Logistyk \u0645\u0642\u0627\u0644\u0627\u064b \u0639\u0646 \u062d\u0645\u0627\u064a\u0629 \u0627\u0644\u062c\u062f\u0631\u0627\u0646 - \u0648\u0647\u064a","og_url":"https:\/\/antersystem.com\/ar\/news\/safe-space-wall-protection\/","og_site_name":"Anter System","article_modified_time":"2026-01-30T13:31:00+00:00","twitter_card":"summary_large_image","schema":{"@context":"https:\/\/schema.org","@graph":[{"@type":"WebPage","@id":"https:\/\/antersystem.com\/ar\/news\/safe-space-wall-protection\/","url":"https:\/\/antersystem.com\/ar\/news\/safe-space-wall-protection\/","name":"\u0627\u0644\u0641\u0636\u0627\u0621 \u0627\u0644\u0622\u0645\u0646 \"Bezpieczna przestrze\u0144\" - Anter System","isPartOf":{"@id":"https:\/\/antersystem.com\/ar\/#website"},"datePublished":"2023-10-16T08:41:27+00:00","dateModified":"2026-01-30T13:31:00+00:00","description":"\u0645\u0633\u0627\u062d\u0629 \u0622\u0645\u0646\u0629. \u062d\u0645\u0627\u064a\u0629 \u0627\u0644\u062c\u062f\u0631\u0627\u0646 - \u0623\u0646\u0638\u0645\u0629 \u0627\u0644\u0633\u0644\u0627\u0645\u0629 \u0645\u0646 \u0627\u0644\u0628\u0648\u0644\u064a\u0645\u0631 \u0644\u0644\u0645\u0633\u062a\u0648\u062f\u0639\u0627\u062a \u0648\u0627\u0644\u0645\u0646\u0634\u0622\u062a \u0627\u0644\u0635\u0646\u0627\u0639\u064a\u0629 \u062a\u0636\u0645\u0646 \u0639\u062f\u062f \u064a\u0648\u0646\u064a\u0648 2019 \u0645\u0646 \u0645\u062c\u0644\u0629 Top Logistyk \u0645\u0642\u0627\u0644\u0627\u064b \u0639\u0646 \u062d\u0645\u0627\u064a\u0629 \u0627\u0644\u062c\u062f\u0631\u0627\u0646 - \u0648\u0647\u064a","breadcrumb":{"@id":"https:\/\/antersystem.com\/ar\/news\/safe-space-wall-protection\/#breadcrumb"},"inLanguage":"ar","potentialAction":[{"@type":"ReadAction","target":["https:\/\/antersystem.com\/ar\/news\/safe-space-wall-protection\/"]}]},{"@type":"BreadcrumbList","@id":"https:\/\/antersystem.com\/ar\/news\/safe-space-wall-protection\/#breadcrumb","itemListElement":[{"@type":"ListItem","position":1,"name":"AnterSystem","item":"https:\/\/antersystem.com\/ar\/"},{"@type":"ListItem","position":2,"name":"\u0627\u0644\u0623\u062e\u0628\u0627\u0631","item":"https:\/\/antersystem.com\/ar\/news\/"},{"@type":"ListItem","position":3,"name":"\u0627\u0644\u0641\u0636\u0627\u0621 \u0627\u0644\u0622\u0645\u0646 &#8220;Bezpieczna przestrze\u0144&#8221;"}]},{"@type":"WebSite","@id":"https:\/\/antersystem.com\/ar\/#website","url":"https:\/\/antersystem.com\/ar\/","name":"Anter System","description":"Jeste\u015bmy polskim producentem elastycznych barier ochronnych wykonywanych z polimerowych tworzyw sztucznych. Na rynku krajowym i zagranicznym dzia\u0142amy od ponad 15 lat dbaj\u0105c o zapewnienie bezpiecze\u0144stwa w zak\u0142adach produkcyjnych, magazynach oraz centrach logistycznych.","potentialAction":[{"@type":"SearchAction","target":{"@type":"EntryPoint","urlTemplate":"https:\/\/antersystem.com\/ar\/?s={search_term_string}"},"query-input":{"@type":"PropertyValueSpecification","valueRequired":true,"valueName":"search_term_string"}}],"inLanguage":"ar"}]}},"_links":{"self":[{"href":"https:\/\/antersystem.com\/ar\/wp-json\/wp\/v2\/pages\/15506","targetHints":{"allow":["GET"]}}],"collection":[{"href":"https:\/\/antersystem.com\/ar\/wp-json\/wp\/v2\/pages"}],"about":[{"href":"https:\/\/antersystem.com\/ar\/wp-json\/wp\/v2\/types\/page"}],"author":[{"embeddable":true,"href":"https:\/\/antersystem.com\/ar\/wp-json\/wp\/v2\/users\/1"}],"replies":[{"embeddable":true,"href":"https:\/\/antersystem.com\/ar\/wp-json\/wp\/v2\/comments?post=15506"}],"version-history":[{"count":1,"href":"https:\/\/antersystem.com\/ar\/wp-json\/wp\/v2\/pages\/15506\/revisions"}],"predecessor-version":[{"id":15510,"href":"https:\/\/antersystem.com\/ar\/wp-json\/wp\/v2\/pages\/15506\/revisions\/15510"}],"up":[{"embeddable":true,"href":"https:\/\/antersystem.com\/ar\/wp-json\/wp\/v2\/pages\/30526"}],"wp:attachment":[{"href":"https:\/\/antersystem.com\/ar\/wp-json\/wp\/v2\/media?parent=15506"}],"curies":[{"name":"wp","href":"https:\/\/api.w.org\/{rel}","templated":true}]}}