{"id":15726,"date":"2024-05-28T10:54:04","date_gmt":"2024-05-28T08:54:04","guid":{"rendered":"https:\/\/new.antersystem.com\/modernlog24\/"},"modified":"2026-01-30T14:31:00","modified_gmt":"2026-01-30T13:31:00","slug":"modernlog24","status":"publish","type":"page","link":"https:\/\/antersystem.com\/ar\/news\/modernlog24\/","title":{"rendered":"MODERNLOG&#8217;24"},"content":{"rendered":"\n<div class=\"wp-block-columns is-layout-flex wp-container-core-columns-is-layout-9d6595d7 wp-block-columns-is-layout-flex\">\n<div class=\"wp-block-column is-layout-flow wp-block-column-is-layout-flow\" style=\"flex-basis:10%\"><\/div>\n\n\n\n<div class=\"wp-block-column is-layout-flow wp-block-column-is-layout-flow\">\n<h2 class=\"wp-block-heading\">\u0646\u0638\u0627\u0645 Anter System &#8211; \u0634\u0631\u064a\u0643 \u0627\u0644\u062a\u0643\u0646\u0648\u0644\u0648\u062c\u064a\u0627 \u0641\u064a IN4LOG<\/h2>\n\n\n\n<h2 class=\"wp-block-heading\"><br\/>\u0633\u064a\u064f\u0642\u0627\u0645 \u0645\u0639\u0631\u0636 Modernlog \u0627\u0644\u062a\u062c\u0627\u0631\u064a \u0641\u064a \u0627\u0644\u0641\u062a\u0631\u0629 \u0645\u0646 4 \u0625\u0644\u0649 7 \u064a\u0648\u0646\u064a\u0648 2024 \u0641\u064a \u0623\u0631\u0636 \u0627\u0644\u0645\u0639\u0627\u0631\u0636 \u0627\u0644\u062f\u0648\u0644\u064a\u0629 \u0641\u064a \u0628\u0648\u0632\u0646\u0627\u0646 \u0641\u064a \u0627\u0644\u0623\u062c\u0646\u062d\u0629 7 \u06487A \u06488 \u06488A \u06488A.<\/h2>\n\n\n\n<p>\u062a\u0639\u062f \u0628\u062f\u0627\u064a\u0629 \u0634\u0647\u0631 \u064a\u0648\u0646\u064a\u0648 \u0628\u0641\u062a\u0631\u0629 \u0645\u062b\u064a\u0631\u0629 \u0641\u064a \u0623\u0631\u0636 \u0627\u0644\u0645\u0639\u0627\u0631\u0636 \u0627\u0644\u062f\u0648\u0644\u064a\u0629 \u0641\u064a \u0628\u0648\u0632\u0646\u0627\u0646. <strong>\u064a\u0642\u0627\u0645<\/strong> <strong>\u0645\u0639\u0631\u0636 Modernlog<\/strong> <strong>\u0648\u0645\u0624\u062a\u0645\u0631 \u0627\u0644\u0645\u0633\u062a\u0648\u062f\u0639\u0627\u062a \u0627\u0644\u0630\u0643\u064a\u0629<\/strong> \u062c\u0646\u0628\u064b\u0627 \u0625\u0644\u0649 \u062c\u0646\u0628 \u0645\u0639 <strong>\u0645\u0639\u0631\u0636 ITM Industry Europe &#8211;<\/strong> \u0648\u0647\u0648 \u0645\u0639\u0631\u0636 \u062a\u062c\u0627\u0631\u064a \u0643\u0628\u064a\u0631 \u064a\u0639\u0631\u0636 \u0625\u0646\u062c\u0627\u0632\u0627\u062a \u0627\u0644\u0635\u0646\u0627\u0639\u0629 \u0627\u0644\u0628\u0648\u0644\u0646\u062f\u064a\u0629 \u0648\u0627\u0644\u0639\u0627\u0644\u0645\u064a\u0629. \u0648\u0645\u0646 \u0628\u064a\u0646 \u0627\u0644\u0641\u0639\u0627\u0644\u064a\u0627\u062a \u0627\u0644\u0645\u0635\u0627\u062d\u0628\u0629 \u0623\u064a\u0636\u0627\u064b <strong>\u0645\u0639\u0631\u0636 \u0627\u0644\u062a\u0639\u0627\u0648\u0646 \u0627\u0644\u0635\u0646\u0627\u0639\u064a \u0644\u0644\u062a\u0639\u0627\u0642\u062f \u0645\u0646 \u0627\u0644\u0628\u0627\u0637\u0646.<\/strong> <a href=\"https:\/\/modernlog.pl\/pl\/aktualnosci\/wieksze-potrzeby-wieksza-powierzchnia-targi-modernlog-i-konferencja-smart-warehouse-z-nowa-lokalizacja\/\">\u064a\u062a\u0648\u0641\u0631 \u0627\u0644\u0645\u0632\u064a\u062f \u0645\u0646 \u0627\u0644\u0645\u0639\u0644\u0648\u0645\u0627\u062a \u0639\u0644\u0649 \u0627\u0644\u0645\u0648\u0642\u0639 \u0627\u0644\u0625\u0644\u0643\u062a\u0631\u0648\u0646\u064a \u0644\u0644\u062c\u0647\u0629 \u0627\u0644\u0645\u0646\u0638\u0645\u0629.<\/a> \u064a\u062c\u0628 \u0639\u0644\u0649 \u0627\u0644\u0632\u0627\u0626\u0631\u064a\u0646 \u0627\u0644\u0630\u064a\u0646 \u064a\u062e\u0637\u0637\u0648\u0646 \u0644\u0644\u062d\u0636\u0648\u0631 \u0623\u0646 \u064a\u062e\u0637\u0637\u0648\u0627 \u0644\u0645\u0633\u0627\u0631\u0647\u0645 \u0628\u0639\u0646\u0627\u064a\u0629!<\/p>\n\n\n\n<p>\u0648\u0627\u0644\u0622\u0646\u060c \u0646\u0639\u0648\u062f \u0625\u0644\u0649 Modernlog. \u0645\u0646 \u0639\u0648\u0627\u0645\u0644 \u0627\u0644\u062c\u0630\u0628 \u0627\u0644\u0631\u0626\u064a\u0633\u064a\u0629 \u0641\u064a <strong>\u0627\u0644\u0645\u0639\u0631\u0636 \u0627\u0644\u062a\u062c\u0627\u0631\u064a \u0644\u0644\u062e\u062f\u0645\u0627\u062a \u0627\u0644\u0644\u0648\u062c\u0633\u062a\u064a\u0629 \u0648\u0627\u0644\u062a\u062e\u0632\u064a\u0646 \u0648\u0627\u0644\u0646\u0642\u0644 \u0647\u064a \u0627\u0644\u0639\u0631\u0648\u0636<\/strong> \u0627\u0644\u062d\u064a\u0629 \u0644\u0644\u0622\u0644\u0627\u062a \u0641\u064a <strong>\u0645\u0646\u0637\u0642\u0629 In4Log\u060c \u0627\u0644\u062a\u064a \u064a\u062a\u0645 \u062a\u0646\u0638\u064a\u0645\u0647\u0627<\/strong> \u0628\u0627\u0644\u062a\u0639\u0627\u0648\u0646 \u0645\u0639 \u0634\u0631\u0643\u0627\u0621 \u0627\u0644\u062a\u0643\u0646\u0648\u0644\u0648\u062c\u064a\u0627. <strong>\u0647\u0630\u0627 \u0647\u0648 \u0627\u0644\u0645\u0643\u0627\u0646 \u0627\u0644\u0630\u064a \u0633\u062a\u062c\u062f\u0646\u0627 \u0641\u064a\u0647 &#8211; \u062d\u064a\u062b \u0633\u0646\u0639\u0631\u0636 \u062d\u0648\u0627\u062c\u0632 \u0627\u0644\u0633\u0644\u0627\u0645\u0629 \u0627\u0644\u0645\u0631\u0646\u0629 \u0627\u0644\u062e\u0627\u0635\u0629 \u0628\u0646\u0627.<\/strong> \u0643\u0634\u0631\u064a\u0643 \u062a\u0643\u0646\u0648\u0644\u0648\u062c\u064a \u0644\u0644\u0645\u0646\u0637\u0642\u0629 \u0648\u0627\u0644\u0645\u0624\u062a\u0645\u0631\u060c <strong>\u0633\u062a\u0648\u0641\u0631 \u0634\u0631\u0643\u0629<\/strong> Anter <strong>System<\/strong> \u0623\u0646\u0638\u0645\u0629 \u0627\u0644\u0633\u0644\u0627\u0645\u0629 \u0644\u0645\u0646\u0637\u0642\u0629 In4Log. \u0627\u0644\u0639\u062f\u064a\u062f \u0645\u0646 \u0627\u0644\u062d\u0644\u0648\u0644 \u0627\u0644\u0648\u0642\u0627\u0626\u064a\u0629 \u0627\u0644\u062a\u064a \u0646\u0635\u0641\u0647\u0627 \u0647\u0646\u0627 \u0628\u0634\u0643\u0644 \u0645\u0633\u062a\u0645\u0631 \u0633\u062a\u0643\u0648\u0646 \u0645\u062a\u0627\u062d\u0629 \u0641\u064a \u0627\u0644\u0645\u0648\u0642\u0639 \u0644\u062a\u062c\u0631\u0628\u0629 \u0639\u0645\u0644\u064a\u0629.<\/p>\n\n\n\n<h3 class=\"wp-block-heading\">\u0627\u0644\u062a\u062d\u0633\u064a\u0646 \u0641\u064a \u0627\u0644\u0639\u0645\u0644<\/h3>\n\n\n\n<p><strong>In4Log \u0639\u0628\u0627\u0631\u0629 \u0639\u0646<\/strong> \u0639\u0631\u0636 \u0645\u0628\u0627\u0634\u0631 \u0644\u0644\u0639\u0645\u0644\u064a\u0627\u062a \u0627\u0644\u0644\u0648\u062c\u0633\u062a\u064a\u0629 \u0627\u0644\u062f\u0627\u062e\u0644\u064a\u0629\u060c \u0648\u0625\u0639\u0627\u062f\u0629 \u0625\u0646\u0634\u0627\u0621 \u0627\u0644\u0639\u0645\u0644\u064a\u0627\u062a \u0627\u0644\u062d\u0631\u062c\u0629 \u0645\u0646 \u0628\u064a\u0626\u0627\u062a \u0627\u0644\u0645\u0633\u062a\u0648\u062f\u0639\u0627\u062a \u0648\u0627\u0644\u062e\u062f\u0645\u0627\u062a \u0627\u0644\u0644\u0648\u062c\u0633\u062a\u064a\u0629. \u0625\u0646\u0647 \u0627\u0644\u0645\u0643\u0627\u0646 \u0627\u0644\u0645\u062b\u0627\u0644\u064a \u0644\u0644\u0646\u0638\u0631 \u0625\u0644\u0649 \u0645\u0639\u062f\u0627\u062a\u0643 \u0627\u0644\u062d\u0627\u0644\u064a\u0629 \u0645\u0646 \u0645\u0646\u0638\u0648\u0631 \u062c\u062f\u064a\u062f \u0648\u0625\u0637\u0644\u0627\u0642 \u0627\u0644\u0639\u0646\u0627\u0646 \u0644\u0625\u0646\u062a\u0627\u062c\u064a\u0629 \u0623\u0643\u0628\u0631 \u0645\u0646 \u062e\u0644\u0627\u0644 \u0627\u0633\u062a\u062e\u062f\u0627\u0645 \u0623\u0641\u0636\u0644 \u0644\u0644\u0645\u0648\u0627\u0631\u062f. \u064a\u0645\u0643\u0646 \u0623\u0646 \u062a\u0644\u0647\u0645 \u0627\u0644\u0645\u0645\u0627\u0631\u0633\u0627\u062a \u0627\u0644\u062c\u064a\u062f\u0629 \u0648\u0627\u0644\u0645\u0646\u062a\u062c\u0627\u062a \u0627\u0644\u062f\u0627\u0639\u0645\u0629 \u0646\u0647\u062c\u0627\u064b \u0623\u0643\u062b\u0631 \u0625\u0628\u062f\u0627\u0639\u0627\u064b \u0641\u064a \u0645\u062c\u0627\u0644 \u0627\u0644\u062e\u062f\u0645\u0627\u062a \u0627\u0644\u0644\u0648\u062c\u0633\u062a\u064a\u0629. \u0633\u062a\u0642\u0627\u0645 \u0627\u0644\u0639\u0631\u0648\u0636 \u0643\u0644 \u064a\u0648\u0645 \u0645\u0646 \u0623\u064a\u0627\u0645 \u0627\u0644\u0641\u0639\u0627\u0644\u064a\u0629.<\/p>\n\n\n\n<h3 class=\"wp-block-heading\">\u0627\u0644\u062a\u0642\u0646\u064a\u0627\u062a \u0627\u0644\u0645\u0633\u062a\u0642\u0628\u0644\u064a\u0629 \u0641\u064a \u0645\u062c\u0627\u0644 \u0627\u0644\u062e\u062f\u0645\u0627\u062a \u0627\u0644\u0644\u0648\u062c\u0633\u062a\u064a\u0629<\/h3>\n\n\n\n<p>\u0625\u0646 \u0645\u062f\u0648\u0646\u0629 Modernlog \u0644\u0647\u0630\u0627 \u0627\u0644\u0639\u0627\u0645 \u0645\u0644\u064a\u0626\u0629 \u0628\u0627\u0644\u0645\u0639\u0631\u0641\u0629. \u0627\u0644\u0632\u0627\u0626\u0631\u0648\u0646 \u0645\u062f\u0639\u0648\u0648\u0646 \u0644\u062d\u0636\u0648\u0631 <strong>\u0645\u0624\u062a\u0645\u0631 \u0627\u0644\u0645\u0633\u062a\u0648\u062f\u0639\u0627\u062a \u0627\u0644\u0630\u0643\u064a\u0629\u060c<\/strong> \u0627\u0644\u0630\u064a \u064a\u0636\u0645 \u062f\u0631\u0627\u0633\u0627\u062a \u062d\u0627\u0644\u0629 \u0639\u0645\u0644\u064a\u0629 \u0648\u0631\u0624\u0649 \u062d\u0648\u0644 \u0627\u0644\u0644\u0648\u062c\u0633\u062a\u064a\u0627\u062a <strong>4.0 \u0648\u0627\u0644\u062d\u0644\u0648\u0644 \u0627\u0644\u062d\u062f\u064a\u062b\u0629<\/strong> \u0644\u0645\u0633\u062a\u0648\u062f\u0639\u0627\u062a \u0627\u0644\u0645\u0633\u062a\u0642\u0628\u0644. \u064a\u062a\u0636\u0645\u0646 \u0627\u0644\u0628\u0631\u0646\u0627\u0645\u062c \u062d\u0644\u0642\u0627\u062a \u0646\u0642\u0627\u0634 \u0645\u0648\u0627\u0636\u064a\u0639\u064a\u0629 \u0645\u062b\u0644:<\/p>\n\n\n\n<ul>\n<li>\u0627\u0644\u0645\u062f\u0631\u0627\u0621 \u0627\u0644\u0630\u064a\u0646 \u064a\u0648\u0627\u062c\u0647\u0648\u0646 \u062a\u062d\u062f\u064a\u0627\u062a \u0627\u0644\u062e\u062f\u0645\u0627\u062a \u0627\u0644\u0644\u0648\u062c\u0633\u062a\u064a\u0629 \u0641\u064a \u0627\u0644\u0645\u0633\u062a\u0642\u0628\u0644<\/li>\n<li>\u0627\u0644\u0631\u0642\u0645\u0646\u0629 \u0648\u0625\u0646\u062a\u0631\u0646\u062a \u0627\u0644\u0623\u0634\u064a\u0627\u0621 &#8211; \u0627\u0644\u062f\u0639\u0645 \u0641\u064a \u0639\u0645\u0644\u064a\u0627\u062a \u0627\u0644\u0645\u0633\u062a\u0648\u062f\u0639\u0627\u062a<\/li>\n<li>\u0627\u0644\u0645\u0633\u062a\u0648\u062f\u0639\u0627\u062a \u0627\u0644\u0630\u0643\u064a\u0629 &#8211; \u0627\u0644\u0623\u062a\u0645\u062a\u0629 \u0648\u0627\u0644\u062a\u062d\u0648\u0644 \u0627\u0644\u0623\u0648\u062a\u0648\u0645\u0627\u062a\u064a\u0643\u064a<\/li>\n<li>\u0627\u0644\u0631\u0648\u0628\u0648\u062a\u0627\u062a \u0648\u0627\u0644\u062a\u0642\u0646\u064a\u0627\u062a \u0627\u0644\u0645\u0633\u062a\u0642\u0628\u0644\u064a\u0629<\/li>\n<li>\u062a\u0644\u0628\u064a\u0629 \u0627\u062d\u062a\u064a\u0627\u062c\u0627\u062a \u0627\u0644\u062a\u062c\u0627\u0631\u0629 \u0627\u0644\u0625\u0644\u0643\u062a\u0631\u0648\u0646\u064a\u0629 &#8211; \u0627\u062d\u062a\u064a\u0627\u062c\u0627\u062a \u0645\u062a\u0632\u0627\u064a\u062f\u0629 \u0648\u062a\u062d\u062f\u064a\u0627\u062a \u062c\u062f\u064a\u062f\u0629<\/li>\n<\/ul>\n\n\n\n<p>\u0648\u0645\u0646 \u0623\u0628\u0631\u0632 \u0627\u0644\u0645\u062d\u0627\u0636\u0631\u0627\u062a \u0627\u0644\u0645\u062b\u064a\u0631\u0629 \u0644\u0644\u0627\u0647\u062a\u0645\u0627\u0645 \u0628\u0634\u0643\u0644 \u062e\u0627\u0635 \u0644\u0644\u0645\u0647\u062a\u0645\u064a\u0646 \u0628\u062a\u0623\u062b\u064a\u0631 \u0627\u0644\u0630\u0643\u0627\u0621 \u0627\u0644\u0627\u0635\u0637\u0646\u0627\u0639\u064a \u0639\u0644\u0649 \u0645\u0643\u0627\u0646 \u0627\u0644\u0639\u0645\u0644 \u0645\u062d\u0627\u0636\u0631\u0629 <em>&#8220;\u0628\u064a\u0646 \u0627\u0644\u0645\u0646\u0637\u0642 \u0648\u0627\u0644\u0644\u0627\u0645\u0639\u0642\u0648\u0644 &#8211; \u0643\u064a\u0641 \u0633\u064a\u063a\u064a\u0631 \u0627\u0644\u062a\u0637\u0648\u0631 \u0627\u0644\u062a\u0643\u0646\u0648\u0644\u0648\u062c\u064a \u062a\u062c\u0631\u0628\u062a\u0646\u0627 \u0641\u064a \u0627\u0644\u0639\u0645\u0644&#8221; (\u0627\u0644\u064a\u0648\u0645<\/em> \u0627\u0644\u0623\u0648\u0644\u060c \u0627\u0644\u0645\u062a\u062d\u062f\u062b: \u0628\u0627\u0631\u062a\u0644\u0648\u0645\u064a\u064a\u0647 \u0628\u0631\u0627\u0643).<\/p>\n\n\n\n<p><strong>\u062a\u064f\u0639\u062f \u062d\u0648\u0627\u062c\u0632\u0646\u0627 \u0627\u0644\u0645\u0631\u0646\u0629<\/strong> \u0627\u0633\u062a\u062c\u0627\u0628\u0629 \u0645\u0628\u0627\u0634\u0631\u0629 \u0644\u062a\u062d\u062f\u064a\u0627\u062a \u0639\u0627\u0644\u0645 \u0633\u0631\u064a\u0639 \u0627\u0644\u062a\u0637\u0648\u0631 \u064a\u0639\u062a\u0645\u062f \u0639\u0644\u0649 \u0627\u0644\u062a\u0643\u0646\u0648\u0644\u0648\u062c\u064a\u0627. \u0641\u0647\u064a \u062a\u062a\u064a\u062d \u0627\u0644\u062a\u0643\u064a\u0641 \u0627\u0644\u062f\u064a\u0646\u0627\u0645\u064a\u0643\u064a \u0645\u0639 \u0627\u0644\u0638\u0631\u0648\u0641 \u0627\u0644\u062a\u0634\u063a\u064a\u0644\u064a\u0629 \u0627\u0644\u0645\u062a\u063a\u064a\u0631\u0629\u060c \u0648\u062a\u0648\u0641\u0631 \u0643\u0644\u0627\u064b \u0645\u0646 \u0627\u0644\u062a\u062d\u0643\u0645 \u0648\u0627\u0644\u062d\u0645\u0627\u064a\u0629 \u0645\u0639 \u0627\u0644\u0633\u0645\u0627\u062d \u0628\u0627\u0632\u062f\u0647\u0627\u0631 \u0645\u0632\u0627\u064a\u0627 \u0627\u0644\u0623\u062a\u0645\u062a\u0629.<\/p>\n\n\n\n<p>\u0646\u062d\u0646 \u0646\u062f\u0639\u0648\u0643 \u0644\u0627\u0633\u062a\u0643\u0634\u0627\u0641 \u0645\u0632\u0627\u064a\u0627 \u0627\u0644\u062d\u0648\u0627\u062c\u0632 \u0627\u0644\u0645\u0631\u0646\u0629 &#8211; \u0645\u0646\u062a\u062c\u0627\u062a \u0630\u0627\u062a \u0645\u064a\u0632\u0627\u062a \u0645\u0628\u062a\u0643\u0631\u0629 \u0639\u062f\u064a\u062f\u0629 \u0644\u0645 \u064a\u062a\u0645 \u0627\u0643\u062a\u0634\u0627\u0641\u0647\u0627 \u0628\u0639\u062f. \u0643\u0645\u0627 \u0633\u0646\u0639\u0631\u0636 <strong>\u0627\u0628\u062a\u0643\u0627\u0631\u0627\u062a \u0634\u0631\u0643\u0629 Anter System \u0627\u0644\u062d\u0627\u0626\u0632\u0629 \u0639\u0644\u0649 \u062c\u0648\u0627\u0626\u0632 \u0648\u0627\u0644\u0645\u0639\u062a\u0631\u0641 \u0628\u0647\u0627<\/strong> \u0641\u064a \u0627\u0644\u0645\u0633\u0627\u0628\u0642\u0627\u062a \u0627\u0644\u0643\u0628\u0631\u0649 \u0641\u064a \u0647\u0630\u0627 \u0627\u0644\u0645\u062c\u0627\u0644. <strong>\u062a\u0648\u0642\u0639 \u0627\u0644\u062d\u0635\u0648\u0644 \u0639\u0644\u0649 \u0645\u0634\u0648\u0631\u0629 \u0627\u0644\u062e\u0628\u0631\u0627\u0621 \u0648\u062a\u062c\u0631\u0628\u0629 \u062a\u0641\u0627\u0639\u0644\u064a\u0629 \u0648\u0639\u0645\u0644\u064a\u0629.<\/strong> \u0648\u0628\u0627\u0644\u0646\u0633\u0628\u0629 \u0644\u0623\u0648\u0644\u0626\u0643 \u0627\u0644\u0630\u064a\u0646 \u064a\u0631\u063a\u0628\u0648\u0646 \u0641\u064a \u0631\u0624\u064a\u0629 \u0645\u0627 \u064a\u0646\u062a\u0638\u0631\u0647\u0645 &#8211; \u0625\u0644\u064a\u0643\u0645 <strong><a href=\"https:\/\/antersystem.com\/wiedza-i-nowosci\/modernlog-targi-logistyki-magazynowania-i-transportu\/\">\u0645\u0644\u062e\u0635\u0646\u0627 \u0645\u0646 \u0627\u0644\u062f\u0648\u0631\u0629 \u0627\u0644\u0633\u0627\u0628\u0642\u0629.<\/a><\/strong><\/p>\n\n\n\n<p>\u0646\u0631\u0627\u0643\u0645 \u0642\u0631\u064a\u0628\u0627\u064b \u0641\u064a <strong>Modernlog 2024!<\/strong> \u0627\u0643\u062a\u0634\u0641 \u0643\u064a\u0641 \u064a\u0645\u0643\u0646 \u0644\u062d\u0644\u0648\u0644 Anter System \u0623\u0646 \u062a\u062d\u0648\u0644 \u0623\u0639\u0645\u0627\u0644\u0643: <strong>\u0627\u0644\u062c\u0646\u0627\u062d 7 \u0623\u060c \u0627\u0644\u062c\u0646\u0627\u062d 44.<\/strong><\/p>\n\n\n\n<p>\u0631\u0627\u0628\u0637 \u0627\u0644\u062d\u062f\u062b: <strong><a href=\"https:\/\/modernlog.pl\/pl\/\">Modernlog<\/a><\/strong><\/p>\n\n\n\n<p><strong>#Modernlog #\u0645\u0639\u0631\u0636 #\u0645\u0639\u0631\u0636_\u0627\u0644\u0633\u0644\u0627\u0645\u0629 #\u0627\u0644\u0633\u0644\u0627\u0645\u0629 #\u0627\u0644\u0633\u0644\u0627\u0645\u0629 #\u0627\u0644\u0628\u064a\u0626\u0629 #\u0627\u0644\u062d\u0648\u0627\u062c\u0632 \u0627\u0644\u0645\u0631\u0646\u0629<\/strong><\/p>\n<\/div>\n\n\n\n<div class=\"wp-block-column is-layout-flow wp-block-column-is-layout-flow\" style=\"flex-basis:10%\"><\/div>\n<\/div>\n<div class=\"wp-block-image\">\n<figure class=\"aligncenter size-large is-resized\"><img loading=\"lazy\" decoding=\"async\" width=\"1024\" height=\"535\" src=\"https:\/\/antersystem.com\/wp-content\/uploads\/ZAJAWKA-MODERNLOG-1024x535.webp\" alt=\"Anter System &#x641;&#x64A; Modernlog 2024\" class=\"wp-image-4733\" style=\"width:720px;height:auto\" srcset=\"https:\/\/antersystem.com\/wp-content\/uploads\/ZAJAWKA-MODERNLOG-1024x535.webp 1024w, https:\/\/antersystem.com\/wp-content\/uploads\/ZAJAWKA-MODERNLOG-300x157.webp 300w, https:\/\/antersystem.com\/wp-content\/uploads\/ZAJAWKA-MODERNLOG-768x401.webp 768w, https:\/\/antersystem.com\/wp-content\/uploads\/ZAJAWKA-MODERNLOG-450x235.webp 450w, https:\/\/antersystem.com\/wp-content\/uploads\/ZAJAWKA-MODERNLOG-330x172.webp 330w, https:\/\/antersystem.com\/wp-content\/uploads\/ZAJAWKA-MODERNLOG.webp 1200w\" sizes=\"auto, (max-width: 1024px) 100vw, 1024px\" \/><\/figure><\/div>","protected":false},"excerpt":{"rendered":"<p>\u0646\u0638\u0627\u0645 Anter System &#8211; \u0634\u0631\u064a\u0643 \u0627\u0644\u062a\u0643\u0646\u0648\u0644\u0648\u062c\u064a\u0627 \u0641\u064a IN4LOG \u0633\u064a\u064f\u0642\u0627\u0645 \u0645\u0639\u0631\u0636 Modernlog \u0627\u0644\u062a\u062c\u0627\u0631\u064a \u0641\u064a \u0627\u0644\u0641\u062a\u0631\u0629 \u0645\u0646 4 \u0625\u0644\u0649 7 \u064a\u0648\u0646\u064a\u0648 2024 \u0641\u064a \u0623\u0631\u0636 \u0627\u0644\u0645\u0639\u0627\u0631\u0636 \u0627\u0644\u062f\u0648\u0644\u064a\u0629 \u0641\u064a \u0628\u0648\u0632\u0646\u0627\u0646 \u0641\u064a \u0627\u0644\u0623\u062c\u0646\u062d\u0629 7 \u06487A \u06488 \u06488A \u06488A. \u062a\u0639\u062f \u0628\u062f\u0627\u064a\u0629 \u0634\u0647\u0631 \u064a\u0648\u0646\u064a\u0648 \u0628\u0641\u062a\u0631\u0629 \u0645\u062b\u064a\u0631\u0629 \u0641\u064a \u0623\u0631\u0636 \u0627\u0644\u0645\u0639\u0627\u0631\u0636 \u0627\u0644\u062f\u0648\u0644\u064a\u0629 \u0641\u064a \u0628\u0648\u0632\u0646\u0627\u0646. \u064a\u0642\u0627\u0645 \u0645\u0639\u0631\u0636 Modernlog \u0648\u0645\u0624\u062a\u0645\u0631 \u0627\u0644\u0645\u0633\u062a\u0648\u062f\u0639\u0627\u062a \u0627\u0644\u0630\u0643\u064a\u0629 \u062c\u0646\u0628\u064b\u0627 \u0625\u0644\u0649 \u062c\u0646\u0628 \u0645\u0639 [&hellip;]<\/p>\n","protected":false},"author":1,"featured_media":0,"parent":30526,"menu_order":0,"comment_status":"closed","ping_status":"closed","template":"","meta":{"inline_featured_image":false,"ngg_post_thumbnail":0,"footnotes":""},"class_list":["post-15726","page","type-page","status-publish","hentry"],"acf":[],"yoast_head":"<!-- This site is optimized with the Yoast SEO plugin v27.0 - https:\/\/yoast.com\/product\/yoast-seo-wordpress\/ -->\n<title>MODERNLOG&#039;24 - Anter System<\/title>\n<meta name=\"description\" content=\"\u062a\u0627\u0631\u062c\u064a Modernlog potrwajaj\u0105 od 4 do 7 czerwca&#039;24 na terenie Mi\u0119dzynarododowych Targ\u00f3w Pozna\u0144skich. Anter System zabezpieczy tam stref\u0119tf\u0119t In4Log.\" \/>\n<meta name=\"robots\" content=\"index, follow, max-snippet:-1, max-image-preview:large, max-video-preview:-1\" \/>\n<link rel=\"canonical\" href=\"https:\/\/antersystem.com\/ar\/news\/modernlog24\/\" \/>\n<meta property=\"og:locale\" content=\"ar_AR\" \/>\n<meta property=\"og:type\" content=\"article\" \/>\n<meta property=\"og:title\" content=\"MODERNLOG&#039;24 - Anter System\" \/>\n<meta property=\"og:description\" content=\"\u062a\u0627\u0631\u062c\u064a Modernlog potrwajaj\u0105 od 4 do 7 czerwca&#039;24 na terenie Mi\u0119dzynarododowych Targ\u00f3w Pozna\u0144skich. Anter System zabezpieczy tam stref\u0119tf\u0119t In4Log.\" \/>\n<meta property=\"og:url\" content=\"https:\/\/antersystem.com\/ar\/news\/modernlog24\/\" \/>\n<meta property=\"og:site_name\" content=\"Anter System\" \/>\n<meta property=\"article:modified_time\" content=\"2026-01-30T13:31:00+00:00\" \/>\n<meta property=\"og:image\" content=\"https:\/\/antersystem.com\/wp-content\/uploads\/ZAJAWKA-MODERNLOG-1024x535.webp\" \/>\n<meta name=\"twitter:card\" content=\"summary_large_image\" \/>\n<script type=\"application\/ld+json\" class=\"yoast-schema-graph\">{\"@context\":\"https:\/\/schema.org\",\"@graph\":[{\"@type\":\"WebPage\",\"@id\":\"https:\/\/antersystem.com\/ar\/news\/modernlog24\/\",\"url\":\"https:\/\/antersystem.com\/ar\/news\/modernlog24\/\",\"name\":\"MODERNLOG'24 - Anter System\",\"isPartOf\":{\"@id\":\"https:\/\/antersystem.com\/ar\/#website\"},\"primaryImageOfPage\":{\"@id\":\"https:\/\/antersystem.com\/ar\/news\/modernlog24\/#primaryimage\"},\"image\":{\"@id\":\"https:\/\/antersystem.com\/ar\/news\/modernlog24\/#primaryimage\"},\"thumbnailUrl\":\"https:\/\/antersystem.com\/wp-content\/uploads\/ZAJAWKA-MODERNLOG-1024x535.webp\",\"datePublished\":\"2024-05-28T08:54:04+00:00\",\"dateModified\":\"2026-01-30T13:31:00+00:00\",\"description\":\"\u062a\u0627\u0631\u062c\u064a Modernlog potrwajaj\u0105 od 4 do 7 czerwca'24 na terenie Mi\u0119dzynarododowych Targ\u00f3w Pozna\u0144skich. Anter System zabezpieczy tam stref\u0119tf\u0119t In4Log.\",\"breadcrumb\":{\"@id\":\"https:\/\/antersystem.com\/ar\/news\/modernlog24\/#breadcrumb\"},\"inLanguage\":\"ar\",\"potentialAction\":[{\"@type\":\"ReadAction\",\"target\":[\"https:\/\/antersystem.com\/ar\/news\/modernlog24\/\"]}]},{\"@type\":\"ImageObject\",\"inLanguage\":\"ar\",\"@id\":\"https:\/\/antersystem.com\/ar\/news\/modernlog24\/#primaryimage\",\"url\":\"https:\/\/antersystem.com\/wp-content\/uploads\/ZAJAWKA-MODERNLOG-1024x535.webp\",\"contentUrl\":\"https:\/\/antersystem.com\/wp-content\/uploads\/ZAJAWKA-MODERNLOG-1024x535.webp\"},{\"@type\":\"BreadcrumbList\",\"@id\":\"https:\/\/antersystem.com\/ar\/news\/modernlog24\/#breadcrumb\",\"itemListElement\":[{\"@type\":\"ListItem\",\"position\":1,\"name\":\"AnterSystem\",\"item\":\"https:\/\/antersystem.com\/ar\/\"},{\"@type\":\"ListItem\",\"position\":2,\"name\":\"\u0627\u0644\u0623\u062e\u0628\u0627\u0631\",\"item\":\"https:\/\/antersystem.com\/ar\/news\/\"},{\"@type\":\"ListItem\",\"position\":3,\"name\":\"MODERNLOG&#8217;24\"}]},{\"@type\":\"WebSite\",\"@id\":\"https:\/\/antersystem.com\/ar\/#website\",\"url\":\"https:\/\/antersystem.com\/ar\/\",\"name\":\"Anter System\",\"description\":\"Jeste\u015bmy polskim producentem elastycznych barier ochronnych wykonywanych z polimerowych tworzyw sztucznych. Na rynku krajowym i zagranicznym dzia\u0142amy od ponad 15 lat dbaj\u0105c o zapewnienie bezpiecze\u0144stwa w zak\u0142adach produkcyjnych, magazynach oraz centrach logistycznych.\",\"potentialAction\":[{\"@type\":\"SearchAction\",\"target\":{\"@type\":\"EntryPoint\",\"urlTemplate\":\"https:\/\/antersystem.com\/ar\/?s={search_term_string}\"},\"query-input\":{\"@type\":\"PropertyValueSpecification\",\"valueRequired\":true,\"valueName\":\"search_term_string\"}}],\"inLanguage\":\"ar\"}]}<\/script>\n<!-- \/ Yoast SEO plugin. -->","yoast_head_json":{"title":"MODERNLOG'24 - Anter System","description":"\u062a\u0627\u0631\u062c\u064a Modernlog potrwajaj\u0105 od 4 do 7 czerwca'24 na terenie Mi\u0119dzynarododowych Targ\u00f3w Pozna\u0144skich. Anter System zabezpieczy tam stref\u0119tf\u0119t In4Log.","robots":{"index":"index","follow":"follow","max-snippet":"max-snippet:-1","max-image-preview":"max-image-preview:large","max-video-preview":"max-video-preview:-1"},"canonical":"https:\/\/antersystem.com\/ar\/news\/modernlog24\/","og_locale":"ar_AR","og_type":"article","og_title":"MODERNLOG'24 - Anter System","og_description":"\u062a\u0627\u0631\u062c\u064a Modernlog potrwajaj\u0105 od 4 do 7 czerwca'24 na terenie Mi\u0119dzynarododowych Targ\u00f3w Pozna\u0144skich. Anter System zabezpieczy tam stref\u0119tf\u0119t In4Log.","og_url":"https:\/\/antersystem.com\/ar\/news\/modernlog24\/","og_site_name":"Anter System","article_modified_time":"2026-01-30T13:31:00+00:00","og_image":[{"url":"https:\/\/antersystem.com\/wp-content\/uploads\/ZAJAWKA-MODERNLOG-1024x535.webp","type":"","width":"","height":""}],"twitter_card":"summary_large_image","schema":{"@context":"https:\/\/schema.org","@graph":[{"@type":"WebPage","@id":"https:\/\/antersystem.com\/ar\/news\/modernlog24\/","url":"https:\/\/antersystem.com\/ar\/news\/modernlog24\/","name":"MODERNLOG'24 - Anter System","isPartOf":{"@id":"https:\/\/antersystem.com\/ar\/#website"},"primaryImageOfPage":{"@id":"https:\/\/antersystem.com\/ar\/news\/modernlog24\/#primaryimage"},"image":{"@id":"https:\/\/antersystem.com\/ar\/news\/modernlog24\/#primaryimage"},"thumbnailUrl":"https:\/\/antersystem.com\/wp-content\/uploads\/ZAJAWKA-MODERNLOG-1024x535.webp","datePublished":"2024-05-28T08:54:04+00:00","dateModified":"2026-01-30T13:31:00+00:00","description":"\u062a\u0627\u0631\u062c\u064a Modernlog potrwajaj\u0105 od 4 do 7 czerwca'24 na terenie Mi\u0119dzynarododowych Targ\u00f3w Pozna\u0144skich. Anter System zabezpieczy tam stref\u0119tf\u0119t In4Log.","breadcrumb":{"@id":"https:\/\/antersystem.com\/ar\/news\/modernlog24\/#breadcrumb"},"inLanguage":"ar","potentialAction":[{"@type":"ReadAction","target":["https:\/\/antersystem.com\/ar\/news\/modernlog24\/"]}]},{"@type":"ImageObject","inLanguage":"ar","@id":"https:\/\/antersystem.com\/ar\/news\/modernlog24\/#primaryimage","url":"https:\/\/antersystem.com\/wp-content\/uploads\/ZAJAWKA-MODERNLOG-1024x535.webp","contentUrl":"https:\/\/antersystem.com\/wp-content\/uploads\/ZAJAWKA-MODERNLOG-1024x535.webp"},{"@type":"BreadcrumbList","@id":"https:\/\/antersystem.com\/ar\/news\/modernlog24\/#breadcrumb","itemListElement":[{"@type":"ListItem","position":1,"name":"AnterSystem","item":"https:\/\/antersystem.com\/ar\/"},{"@type":"ListItem","position":2,"name":"\u0627\u0644\u0623\u062e\u0628\u0627\u0631","item":"https:\/\/antersystem.com\/ar\/news\/"},{"@type":"ListItem","position":3,"name":"MODERNLOG&#8217;24"}]},{"@type":"WebSite","@id":"https:\/\/antersystem.com\/ar\/#website","url":"https:\/\/antersystem.com\/ar\/","name":"Anter System","description":"Jeste\u015bmy polskim producentem elastycznych barier ochronnych wykonywanych z polimerowych tworzyw sztucznych. Na rynku krajowym i zagranicznym dzia\u0142amy od ponad 15 lat dbaj\u0105c o zapewnienie bezpiecze\u0144stwa w zak\u0142adach produkcyjnych, magazynach oraz centrach logistycznych.","potentialAction":[{"@type":"SearchAction","target":{"@type":"EntryPoint","urlTemplate":"https:\/\/antersystem.com\/ar\/?s={search_term_string}"},"query-input":{"@type":"PropertyValueSpecification","valueRequired":true,"valueName":"search_term_string"}}],"inLanguage":"ar"}]}},"_links":{"self":[{"href":"https:\/\/antersystem.com\/ar\/wp-json\/wp\/v2\/pages\/15726","targetHints":{"allow":["GET"]}}],"collection":[{"href":"https:\/\/antersystem.com\/ar\/wp-json\/wp\/v2\/pages"}],"about":[{"href":"https:\/\/antersystem.com\/ar\/wp-json\/wp\/v2\/types\/page"}],"author":[{"embeddable":true,"href":"https:\/\/antersystem.com\/ar\/wp-json\/wp\/v2\/users\/1"}],"replies":[{"embeddable":true,"href":"https:\/\/antersystem.com\/ar\/wp-json\/wp\/v2\/comments?post=15726"}],"version-history":[{"count":1,"href":"https:\/\/antersystem.com\/ar\/wp-json\/wp\/v2\/pages\/15726\/revisions"}],"predecessor-version":[{"id":15733,"href":"https:\/\/antersystem.com\/ar\/wp-json\/wp\/v2\/pages\/15726\/revisions\/15733"}],"up":[{"embeddable":true,"href":"https:\/\/antersystem.com\/ar\/wp-json\/wp\/v2\/pages\/30526"}],"wp:attachment":[{"href":"https:\/\/antersystem.com\/ar\/wp-json\/wp\/v2\/media?parent=15726"}],"curies":[{"name":"wp","href":"https:\/\/api.w.org\/{rel}","templated":true}]}}