{"id":30204,"date":"2023-11-22T10:15:28","date_gmt":"2023-11-22T09:15:28","guid":{"rendered":"https:\/\/new.antersystem.com\/big-5-global-2023\/"},"modified":"2026-01-30T14:31:00","modified_gmt":"2026-01-30T13:31:00","slug":"big-5-global-2023","status":"publish","type":"page","link":"https:\/\/antersystem.com\/ar\/news\/big-5-global-2023\/","title":{"rendered":"Anter System \u0641\u064a \u0645\u0639\u0631\u0636 Big 5 Global&#8217;23"},"content":{"rendered":"\n<div class=\"wp-block-columns is-layout-flex wp-container-core-columns-is-layout-9d6595d7 wp-block-columns-is-layout-flex\">\n<div class=\"wp-block-column is-layout-flow wp-block-column-is-layout-flow\" style=\"flex-basis:10%\"><\/div>\n\n\n\n<div class=\"wp-block-column is-layout-flow wp-block-column-is-layout-flow\">\n<h3 class=\"wp-block-heading\"><strong>Anter System \u0628\u0627\u0644\u062a\u0639\u0627\u0648\u0646 \u0645\u0639 \u0648\u0643\u0627\u0644\u0629 \u0627\u0644\u0627\u0633\u062a\u062b\u0645\u0627\u0631 \u0648\u0627\u0644\u062a\u062c\u0627\u0631\u0629 \u0627\u0644\u0628\u0648\u0644\u0646\u062f\u064a\u0629 \u0641\u064a \u062f\u0628\u064a<\/strong><\/h3>\n\n\n\n<p>\u0644\u0642\u062f \u062a\u0628\u0646\u064a\u0646\u0627 \u0628\u0634\u0643\u0644 \u0645\u062a\u0632\u0627\u064a\u062f \u0627\u0644\u0631\u0642\u0645\u0646\u0629 \u0648\u0625\u0646\u062a\u0631\u0646\u062a \u0627\u0644\u0623\u0634\u064a\u0627\u0621. \u0644\u0642\u062f \u0623\u0635\u0628\u062d \u0627\u0644\u062a\u062f\u0627\u0648\u0644 \u0627\u0644\u0631\u0642\u0645\u064a \u0644\u0644\u0648\u062b\u0627\u0626\u0642 \u0648\u0627\u0644\u0627\u0633\u062a\u062e\u062f\u0627\u0645 \u0627\u0644\u0648\u0627\u0633\u0639 \u0627\u0644\u0646\u0637\u0627\u0642 \u0644\u0646\u0638\u0627\u0645 \u062a\u062d\u062f\u064a\u062f \u0627\u0644\u0645\u0648\u0627\u0642\u0639 \u0627\u0644\u0639\u0627\u0644\u0645\u064a (GPS) \u0623\u0645\u0631\u064b\u0627 \u0645\u0639\u062a\u0627\u062f\u064b\u0627. \u0648\u0644\u0643\u0646 \u0625\u0644\u0649 \u062c\u0627\u0646\u0628 \u0627\u0644\u062a\u0642\u0646\u064a\u0627\u062a \u0627\u0644\u062c\u062f\u064a\u062f\u0629\u060c \u0641\u0625\u0646 \u0627\u0644\u0634\u0631\u0627\u0643\u0627\u062a \u0627\u0644\u062f\u0648\u0644\u064a\u0629 \u0648\u062f\u062e\u0648\u0644 \u0627\u0644\u0623\u0633\u0648\u0627\u0642 \u0627\u0644\u0628\u0639\u064a\u062f\u0629 \u0647\u064a \u0623\u064a\u0636\u0627\u064b \u0637\u0631\u0642 \u0644\u0627\u0633\u062a\u0643\u0634\u0627\u0641 \u0627\u0644\u0645\u062c\u0647\u0648\u0644. \u0645\u0627 \u0627\u0644\u0630\u064a \u0646\u0639\u0631\u0641\u0647 \u062d\u0642\u0627\u064b \u0639\u0646 \u0623\u0633\u0648\u0627\u0642 \u0627\u0644\u0634\u0631\u0642 \u0627\u0644\u0623\u0648\u0633\u0637\u061f \u0645\u0627 \u0645\u062f\u0649 \u0645\u0639\u0631\u0641\u0629 \u0627\u0644\u0635\u0646\u0627\u0639\u0629 \u0627\u0644\u0639\u0627\u0644\u0645\u064a\u0629 \u0628\u062a\u062e\u0635\u0635\u0627\u062a \u0627\u0644\u0634\u0631\u0643\u0627\u062a \u0627\u0644\u0628\u0648\u0644\u0646\u062f\u064a\u0629\u061f<\/p>\n\n\n\n<p>\u0646\u062d\u0646 \u0639\u0644\u0649 \u0648\u0634\u0643 \u0623\u0646 \u0646\u0643\u062a\u0634\u0641 \u0630\u0644\u0643! \u0648\u0628\u0635\u0641\u062a\u0646\u0627 \u0634\u0631\u0643\u0629 \u0645\u0635\u0646\u0639\u0629 \u0644\u062d\u0648\u0627\u062c\u0632 \u0627\u0644\u0633\u0644\u0627\u0645\u0629 \u0627\u0644\u0645\u0631\u0646\u0629\u060c \u0641\u0642\u062f \u0642\u0628\u0644\u0646\u0627 \u0627\u0644\u062f\u0639\u0648\u0629 \u0645\u0646 \u0634\u0631\u0643\u0629 PAIH \u0644\u0644\u0645\u0634\u0627\u0631\u0643\u0629 \u0641\u064a \u0645\u0639\u0631\u0636 \u0627\u0644\u0628\u0646\u0627\u0621 \u0627\u0644\u0639\u0627\u0644\u0645\u064a \u0627\u0644\u062e\u0645\u0633\u0629 \u0627\u0644\u0643\u0628\u0627\u0631 2023. \u0633\u064a\u0642\u0627\u0645 \u0627\u0644\u062d\u062f\u062b \u0641\u064a \u0627\u0644\u0641\u062a\u0631\u0629 \u0645\u0646 4 \u0625\u0644\u0649 7 \u062f\u064a\u0633\u0645\u0628\u0631 2023 \u0641\u064a \u062f\u0628\u064a (\u0627\u0644\u0625\u0645\u0627\u0631\u0627\u062a \u0627\u0644\u0639\u0631\u0628\u064a\u0629 \u0627\u0644\u0645\u062a\u062d\u062f\u0629).<\/p>\n\n\n\n<h4 class=\"wp-block-heading\">\u0628\u064a\u062c 5 \u062c\u0644\u0648\u0628\u0627\u0644<\/h4>\n\n\n\n<p>\u064a\u0639\u062f <a href=\"https:\/\/www.big5global.com\/\">\u0645\u0639\u0631\u0636 \u0627\u0644\u062e\u0645\u0633\u0629 \u0627\u0644\u0643\u0628\u0627\u0631 \u0627\u0644\u0639\u0627\u0644\u0645\u064a<\/a> \u0623\u062d\u062f \u0623\u0647\u0645 \u0627\u0644\u0623\u062d\u062f\u0627\u062b \u0641\u064a \u0635\u0646\u0627\u0639\u0629 \u0627\u0644\u0625\u0646\u0634\u0627\u0621\u0627\u062a \u0648\u0627\u0644\u0628\u0646\u064a\u0629 \u0627\u0644\u062a\u062d\u062a\u064a\u0629 \u0627\u0644\u0639\u0627\u0644\u0645\u064a\u0629. \u0627\u0633\u062a\u0636\u0627\u0641\u062a \u0627\u0644\u062f\u0648\u0631\u0629 \u0627\u0644\u0633\u0627\u0628\u0642\u0629 2,200 \u0639\u0627\u0631\u0636 \u0645\u0646 150 \u062f\u0648\u0644\u0629 \u0648\u0623\u0643\u062b\u0631 \u0645\u0646 68,000 \u0632\u0627\u0626\u0631. \u064a\u0636\u0645 \u0627\u0644\u062d\u062f\u062b \u0623\u064a\u0636\u0627\u064b \u0627\u0644\u0639\u062f\u064a\u062f \u0645\u0646 \u0627\u0644\u0645\u0628\u0627\u062f\u0631\u0627\u062a \u0648\u0627\u0644\u0645\u0624\u062a\u0645\u0631\u0627\u062a \u0648\u0627\u0644\u062c\u0644\u0633\u0627\u062a \u0627\u0644\u0645\u0648\u0627\u0636\u064a\u0639\u064a\u0629 \u0627\u0644\u0625\u0636\u0627\u0641\u064a\u0629.<\/p>\n\n\n\n<p>\u064a\u0633\u0639\u062f\u0646\u0627 \u0623\u0646 \u062a\u062a\u0627\u062d \u0644\u0646\u0627 \u0627\u0644\u0641\u0631\u0635\u0629 \u0644\u062a\u0642\u062f\u064a\u0645 \u0627\u0644\u0645\u0646\u062a\u062c\u0627\u062a \u0648\u0627\u0644\u062e\u062f\u0645\u0627\u062a \u0627\u0644\u0628\u0648\u0644\u0646\u062f\u064a\u0629 \u0644\u062c\u0645\u0647\u0648\u0631 \u0648\u0627\u0633\u0639 \u0645\u0646 \u0627\u0644\u0639\u0645\u0644\u0627\u0621 \u0627\u0644\u0645\u062d\u062a\u0645\u0644\u064a\u0646. \u0646\u062d\u0646 \u0646\u0634\u0639\u0631 \u0628\u0627\u0644\u0641\u062e\u0631 \u0644\u0627\u0633\u062a\u062c\u0627\u0628\u0629 \u0648\u0643\u0627\u0644\u0629 \u0627\u0644\u0627\u0633\u062a\u062b\u0645\u0627\u0631 \u0648\u0627\u0644\u062a\u062c\u0627\u0631\u0629 \u0627\u0644\u0628\u0648\u0644\u0646\u062f\u064a\u0629. \u062a\u0623\u0633\u0633\u062a \u0634\u0631\u0643\u0629 Anter System\u060c \u0643\u0634\u0631\u0643\u0629 \u0645\u062a\u062e\u0635\u0635\u0629 \u0641\u064a \u0623\u0646\u0638\u0645\u0629 \u0627\u0644\u0633\u0644\u0627\u0645\u0629\u060c \u0639\u0644\u0649 \u0627\u0644\u062e\u0628\u0631\u0629 \u0627\u0644\u0648\u0627\u0633\u0639\u0629 \u0644\u0645\u0624\u0633\u0633\u064a\u0647\u0627 \u0641\u064a \u0647\u0630\u0627 \u0627\u0644\u0645\u062c\u0627\u0644. \u064a\u0639\u062f \u062a\u0642\u062f\u064a\u0645 \u0627\u0644\u0627\u0633\u062a\u0634\u0627\u0631\u0627\u062a \u062d\u0648\u0644 \u0627\u0644\u062d\u0644\u0648\u0644 \u0627\u0644\u062a\u064a \u064a\u0645\u0643\u0646 \u0623\u0646 \u062a\u0639\u0632\u0632 \u062c\u0648\u062f\u0629 \u0627\u0644\u0639\u0645\u0644 \u0648\u0627\u0644\u0633\u0644\u0627\u0645\u0629 \u0623\u062d\u062f \u0627\u0644\u0631\u0643\u0627\u0626\u0632 \u0627\u0644\u0623\u0633\u0627\u0633\u064a\u0629 \u0644\u062a\u0637\u0648\u064a\u0631\u0646\u0627. \u0646\u062d\u0646 \u0646\u0639\u062a\u0642\u062f \u0623\u0646 \u0627\u0644\u0642\u062f\u0631\u0629 \u0639\u0644\u0649 \u062a\u0646\u0638\u064a\u0645 \u0627\u0644\u0645\u0633\u0627\u062d\u0629 \u0628\u0627\u0633\u062a\u062e\u062f\u0627\u0645 \u062d\u0648\u0627\u062c\u0632 \u0627\u0644\u0633\u0644\u0627\u0645\u0629 \u0627\u0644\u0645\u0631\u0646\u0629 \u0645\u064a\u0632\u0629 \u0642\u0648\u064a\u0629 \u0641\u064a \u0633\u0648\u0642 \u062a\u0646\u0627\u0641\u0633\u064a\u0629.<\/p>\n\n\n\n<p>\u0646\u062f\u0639\u0648\u0643 \u0644\u0632\u064a\u0627\u0631\u0629 \u062c\u0646\u0627\u062d\u0646\u0627 \u0648\u0645\u0634\u0627\u0631\u0643\u0629 \u0623\u0641\u0643\u0627\u0631\u0643!<\/p>\n<\/div>\n\n\n\n<div class=\"wp-block-column is-layout-flow wp-block-column-is-layout-flow\" style=\"flex-basis:10%\"><\/div>\n<\/div>\n\n<p><\/p>\n<div class=\"wp-block-image\">\n<figure class=\"aligncenter size-large is-resized\"><img loading=\"lazy\" decoding=\"async\" width=\"1024\" height=\"535\" src=\"https:\/\/antersystem.com\/wp-content\/uploads\/4-7-December-2023-Dubai-World-Trade-Centre-1-1024x535.jpg\" alt=\"\" class=\"wp-image-3635\" style=\"width:720px;height:auto\" srcset=\"https:\/\/antersystem.com\/wp-content\/uploads\/4-7-December-2023-Dubai-World-Trade-Centre-1-1024x535.jpg 1024w, https:\/\/antersystem.com\/wp-content\/uploads\/4-7-December-2023-Dubai-World-Trade-Centre-1-300x157.jpg 300w, https:\/\/antersystem.com\/wp-content\/uploads\/4-7-December-2023-Dubai-World-Trade-Centre-1-768x401.jpg 768w, https:\/\/antersystem.com\/wp-content\/uploads\/4-7-December-2023-Dubai-World-Trade-Centre-1-450x235.jpg 450w, https:\/\/antersystem.com\/wp-content\/uploads\/4-7-December-2023-Dubai-World-Trade-Centre-1-330x172.jpg 330w, https:\/\/antersystem.com\/wp-content\/uploads\/4-7-December-2023-Dubai-World-Trade-Centre-1.jpg 1200w\" sizes=\"auto, (max-width: 1024px) 100vw, 1024px\" \/><\/figure><\/div>","protected":false},"excerpt":{"rendered":"<p>Anter System \u0628\u0627\u0644\u062a\u0639\u0627\u0648\u0646 \u0645\u0639 \u0648\u0643\u0627\u0644\u0629 \u0627\u0644\u0627\u0633\u062a\u062b\u0645\u0627\u0631 \u0648\u0627\u0644\u062a\u062c\u0627\u0631\u0629 \u0627\u0644\u0628\u0648\u0644\u0646\u062f\u064a\u0629 \u0641\u064a \u062f\u0628\u064a \u0644\u0642\u062f \u062a\u0628\u0646\u064a\u0646\u0627 \u0628\u0634\u0643\u0644 \u0645\u062a\u0632\u0627\u064a\u062f \u0627\u0644\u0631\u0642\u0645\u0646\u0629 \u0648\u0625\u0646\u062a\u0631\u0646\u062a \u0627\u0644\u0623\u0634\u064a\u0627\u0621. \u0644\u0642\u062f \u0623\u0635\u0628\u062d \u0627\u0644\u062a\u062f\u0627\u0648\u0644 \u0627\u0644\u0631\u0642\u0645\u064a \u0644\u0644\u0648\u062b\u0627\u0626\u0642 \u0648\u0627\u0644\u0627\u0633\u062a\u062e\u062f\u0627\u0645 \u0627\u0644\u0648\u0627\u0633\u0639 \u0627\u0644\u0646\u0637\u0627\u0642 \u0644\u0646\u0638\u0627\u0645 \u062a\u062d\u062f\u064a\u062f \u0627\u0644\u0645\u0648\u0627\u0642\u0639 \u0627\u0644\u0639\u0627\u0644\u0645\u064a (GPS) \u0623\u0645\u0631\u064b\u0627 \u0645\u0639\u062a\u0627\u062f\u064b\u0627. \u0648\u0644\u0643\u0646 \u0625\u0644\u0649 \u062c\u0627\u0646\u0628 \u0627\u0644\u062a\u0642\u0646\u064a\u0627\u062a \u0627\u0644\u062c\u062f\u064a\u062f\u0629\u060c \u0641\u0625\u0646 \u0627\u0644\u0634\u0631\u0627\u0643\u0627\u062a \u0627\u0644\u062f\u0648\u0644\u064a\u0629 \u0648\u062f\u062e\u0648\u0644 \u0627\u0644\u0623\u0633\u0648\u0627\u0642 \u0627\u0644\u0628\u0639\u064a\u062f\u0629 \u0647\u064a \u0623\u064a\u0636\u0627\u064b \u0637\u0631\u0642 \u0644\u0627\u0633\u062a\u0643\u0634\u0627\u0641 \u0627\u0644\u0645\u062c\u0647\u0648\u0644. \u0645\u0627 \u0627\u0644\u0630\u064a \u0646\u0639\u0631\u0641\u0647 \u062d\u0642\u0627\u064b \u0639\u0646 \u0623\u0633\u0648\u0627\u0642 \u0627\u0644\u0634\u0631\u0642 [&hellip;]<\/p>\n","protected":false},"author":1,"featured_media":0,"parent":30526,"menu_order":0,"comment_status":"closed","ping_status":"closed","template":"","meta":{"inline_featured_image":false,"ngg_post_thumbnail":0,"footnotes":""},"class_list":["post-30204","page","type-page","status-publish","hentry"],"acf":[],"yoast_head":"<!-- This site is optimized with the Yoast SEO plugin v27.0 - https:\/\/yoast.com\/product\/yoast-seo-wordpress\/ -->\n<title>Anter System \u0641\u064a \u0645\u0639\u0631\u0636 Big 5 Global&#039;23 - Anter System<\/title>\n<meta name=\"description\" content=\"Jako Productent elastycznych barier ochronnych przyj\u0119li\u015blimy zaproszenie PAIH do do d&#039;udgach budowlanych Big 5 Global 2023.\" \/>\n<meta name=\"robots\" content=\"index, follow, max-snippet:-1, max-image-preview:large, max-video-preview:-1\" \/>\n<link rel=\"canonical\" href=\"https:\/\/antersystem.com\/ar\/news\/big-5-global-2023\/\" \/>\n<meta property=\"og:locale\" content=\"ar_AR\" \/>\n<meta property=\"og:type\" content=\"article\" \/>\n<meta property=\"og:title\" content=\"Anter System \u0641\u064a \u0645\u0639\u0631\u0636 Big 5 Global&#039;23 - Anter System\" \/>\n<meta property=\"og:description\" content=\"Jako Productent elastycznych barier ochronnych przyj\u0119li\u015blimy zaproszenie PAIH do do d&#039;udgach budowlanych Big 5 Global 2023.\" \/>\n<meta property=\"og:url\" content=\"https:\/\/antersystem.com\/ar\/news\/big-5-global-2023\/\" \/>\n<meta property=\"og:site_name\" content=\"Anter System\" \/>\n<meta property=\"article:modified_time\" content=\"2026-01-30T13:31:00+00:00\" \/>\n<meta property=\"og:image\" content=\"https:\/\/antersystem.com\/wp-content\/uploads\/4-7-December-2023-Dubai-World-Trade-Centre-1-1024x535.jpg\" \/>\n<meta name=\"twitter:card\" content=\"summary_large_image\" \/>\n<script type=\"application\/ld+json\" class=\"yoast-schema-graph\">{\"@context\":\"https:\/\/schema.org\",\"@graph\":[{\"@type\":\"WebPage\",\"@id\":\"https:\/\/antersystem.com\/ar\/news\/big-5-global-2023\/\",\"url\":\"https:\/\/antersystem.com\/ar\/news\/big-5-global-2023\/\",\"name\":\"Anter System \u0641\u064a \u0645\u0639\u0631\u0636 Big 5 Global'23 - Anter System\",\"isPartOf\":{\"@id\":\"https:\/\/antersystem.com\/ar\/#website\"},\"primaryImageOfPage\":{\"@id\":\"https:\/\/antersystem.com\/ar\/news\/big-5-global-2023\/#primaryimage\"},\"image\":{\"@id\":\"https:\/\/antersystem.com\/ar\/news\/big-5-global-2023\/#primaryimage\"},\"thumbnailUrl\":\"https:\/\/antersystem.com\/wp-content\/uploads\/4-7-December-2023-Dubai-World-Trade-Centre-1-1024x535.jpg\",\"datePublished\":\"2023-11-22T09:15:28+00:00\",\"dateModified\":\"2026-01-30T13:31:00+00:00\",\"description\":\"Jako Productent elastycznych barier ochronnych przyj\u0119li\u015blimy zaproszenie PAIH do do d'udgach budowlanych Big 5 Global 2023.\",\"breadcrumb\":{\"@id\":\"https:\/\/antersystem.com\/ar\/news\/big-5-global-2023\/#breadcrumb\"},\"inLanguage\":\"ar\",\"potentialAction\":[{\"@type\":\"ReadAction\",\"target\":[\"https:\/\/antersystem.com\/ar\/news\/big-5-global-2023\/\"]}]},{\"@type\":\"ImageObject\",\"inLanguage\":\"ar\",\"@id\":\"https:\/\/antersystem.com\/ar\/news\/big-5-global-2023\/#primaryimage\",\"url\":\"https:\/\/antersystem.com\/wp-content\/uploads\/4-7-December-2023-Dubai-World-Trade-Centre-1-1024x535.jpg\",\"contentUrl\":\"https:\/\/antersystem.com\/wp-content\/uploads\/4-7-December-2023-Dubai-World-Trade-Centre-1-1024x535.jpg\"},{\"@type\":\"BreadcrumbList\",\"@id\":\"https:\/\/antersystem.com\/ar\/news\/big-5-global-2023\/#breadcrumb\",\"itemListElement\":[{\"@type\":\"ListItem\",\"position\":1,\"name\":\"AnterSystem\",\"item\":\"https:\/\/antersystem.com\/ar\/\"},{\"@type\":\"ListItem\",\"position\":2,\"name\":\"\u0627\u0644\u0623\u062e\u0628\u0627\u0631\",\"item\":\"https:\/\/antersystem.com\/ar\/news\/\"},{\"@type\":\"ListItem\",\"position\":3,\"name\":\"Anter System \u0641\u064a \u0645\u0639\u0631\u0636 Big 5 Global&#8217;23\"}]},{\"@type\":\"WebSite\",\"@id\":\"https:\/\/antersystem.com\/ar\/#website\",\"url\":\"https:\/\/antersystem.com\/ar\/\",\"name\":\"Anter System\",\"description\":\"Jeste\u015bmy polskim producentem elastycznych barier ochronnych wykonywanych z polimerowych tworzyw sztucznych. Na rynku krajowym i zagranicznym dzia\u0142amy od ponad 15 lat dbaj\u0105c o zapewnienie bezpiecze\u0144stwa w zak\u0142adach produkcyjnych, magazynach oraz centrach logistycznych.\",\"potentialAction\":[{\"@type\":\"SearchAction\",\"target\":{\"@type\":\"EntryPoint\",\"urlTemplate\":\"https:\/\/antersystem.com\/ar\/?s={search_term_string}\"},\"query-input\":{\"@type\":\"PropertyValueSpecification\",\"valueRequired\":true,\"valueName\":\"search_term_string\"}}],\"inLanguage\":\"ar\"}]}<\/script>\n<!-- \/ Yoast SEO plugin. -->","yoast_head_json":{"title":"Anter System \u0641\u064a \u0645\u0639\u0631\u0636 Big 5 Global'23 - Anter System","description":"Jako Productent elastycznych barier ochronnych przyj\u0119li\u015blimy zaproszenie PAIH do do d'udgach budowlanych Big 5 Global 2023.","robots":{"index":"index","follow":"follow","max-snippet":"max-snippet:-1","max-image-preview":"max-image-preview:large","max-video-preview":"max-video-preview:-1"},"canonical":"https:\/\/antersystem.com\/ar\/news\/big-5-global-2023\/","og_locale":"ar_AR","og_type":"article","og_title":"Anter System \u0641\u064a \u0645\u0639\u0631\u0636 Big 5 Global'23 - Anter System","og_description":"Jako Productent elastycznych barier ochronnych przyj\u0119li\u015blimy zaproszenie PAIH do do d'udgach budowlanych Big 5 Global 2023.","og_url":"https:\/\/antersystem.com\/ar\/news\/big-5-global-2023\/","og_site_name":"Anter System","article_modified_time":"2026-01-30T13:31:00+00:00","og_image":[{"url":"https:\/\/antersystem.com\/wp-content\/uploads\/4-7-December-2023-Dubai-World-Trade-Centre-1-1024x535.jpg","type":"","width":"","height":""}],"twitter_card":"summary_large_image","schema":{"@context":"https:\/\/schema.org","@graph":[{"@type":"WebPage","@id":"https:\/\/antersystem.com\/ar\/news\/big-5-global-2023\/","url":"https:\/\/antersystem.com\/ar\/news\/big-5-global-2023\/","name":"Anter System \u0641\u064a \u0645\u0639\u0631\u0636 Big 5 Global'23 - Anter System","isPartOf":{"@id":"https:\/\/antersystem.com\/ar\/#website"},"primaryImageOfPage":{"@id":"https:\/\/antersystem.com\/ar\/news\/big-5-global-2023\/#primaryimage"},"image":{"@id":"https:\/\/antersystem.com\/ar\/news\/big-5-global-2023\/#primaryimage"},"thumbnailUrl":"https:\/\/antersystem.com\/wp-content\/uploads\/4-7-December-2023-Dubai-World-Trade-Centre-1-1024x535.jpg","datePublished":"2023-11-22T09:15:28+00:00","dateModified":"2026-01-30T13:31:00+00:00","description":"Jako Productent elastycznych barier ochronnych przyj\u0119li\u015blimy zaproszenie PAIH do do d'udgach budowlanych Big 5 Global 2023.","breadcrumb":{"@id":"https:\/\/antersystem.com\/ar\/news\/big-5-global-2023\/#breadcrumb"},"inLanguage":"ar","potentialAction":[{"@type":"ReadAction","target":["https:\/\/antersystem.com\/ar\/news\/big-5-global-2023\/"]}]},{"@type":"ImageObject","inLanguage":"ar","@id":"https:\/\/antersystem.com\/ar\/news\/big-5-global-2023\/#primaryimage","url":"https:\/\/antersystem.com\/wp-content\/uploads\/4-7-December-2023-Dubai-World-Trade-Centre-1-1024x535.jpg","contentUrl":"https:\/\/antersystem.com\/wp-content\/uploads\/4-7-December-2023-Dubai-World-Trade-Centre-1-1024x535.jpg"},{"@type":"BreadcrumbList","@id":"https:\/\/antersystem.com\/ar\/news\/big-5-global-2023\/#breadcrumb","itemListElement":[{"@type":"ListItem","position":1,"name":"AnterSystem","item":"https:\/\/antersystem.com\/ar\/"},{"@type":"ListItem","position":2,"name":"\u0627\u0644\u0623\u062e\u0628\u0627\u0631","item":"https:\/\/antersystem.com\/ar\/news\/"},{"@type":"ListItem","position":3,"name":"Anter System \u0641\u064a \u0645\u0639\u0631\u0636 Big 5 Global&#8217;23"}]},{"@type":"WebSite","@id":"https:\/\/antersystem.com\/ar\/#website","url":"https:\/\/antersystem.com\/ar\/","name":"Anter System","description":"Jeste\u015bmy polskim producentem elastycznych barier ochronnych wykonywanych z polimerowych tworzyw sztucznych. Na rynku krajowym i zagranicznym dzia\u0142amy od ponad 15 lat dbaj\u0105c o zapewnienie bezpiecze\u0144stwa w zak\u0142adach produkcyjnych, magazynach oraz centrach logistycznych.","potentialAction":[{"@type":"SearchAction","target":{"@type":"EntryPoint","urlTemplate":"https:\/\/antersystem.com\/ar\/?s={search_term_string}"},"query-input":{"@type":"PropertyValueSpecification","valueRequired":true,"valueName":"search_term_string"}}],"inLanguage":"ar"}]}},"_links":{"self":[{"href":"https:\/\/antersystem.com\/ar\/wp-json\/wp\/v2\/pages\/30204","targetHints":{"allow":["GET"]}}],"collection":[{"href":"https:\/\/antersystem.com\/ar\/wp-json\/wp\/v2\/pages"}],"about":[{"href":"https:\/\/antersystem.com\/ar\/wp-json\/wp\/v2\/types\/page"}],"author":[{"embeddable":true,"href":"https:\/\/antersystem.com\/ar\/wp-json\/wp\/v2\/users\/1"}],"replies":[{"embeddable":true,"href":"https:\/\/antersystem.com\/ar\/wp-json\/wp\/v2\/comments?post=30204"}],"version-history":[{"count":1,"href":"https:\/\/antersystem.com\/ar\/wp-json\/wp\/v2\/pages\/30204\/revisions"}],"predecessor-version":[{"id":30205,"href":"https:\/\/antersystem.com\/ar\/wp-json\/wp\/v2\/pages\/30204\/revisions\/30205"}],"up":[{"embeddable":true,"href":"https:\/\/antersystem.com\/ar\/wp-json\/wp\/v2\/pages\/30526"}],"wp:attachment":[{"href":"https:\/\/antersystem.com\/ar\/wp-json\/wp\/v2\/media?parent=30204"}],"curies":[{"name":"wp","href":"https:\/\/api.w.org\/{rel}","templated":true}]}}