{"id":30612,"date":"2024-02-15T10:41:35","date_gmt":"2024-02-15T09:41:35","guid":{"rendered":"https:\/\/new.antersystem.com\/%d8%a7%d9%84%d8%a3%d8%ae%d8%a8%d8%a7%d8%b1\/logimat-2024\/"},"modified":"2026-01-30T14:34:48","modified_gmt":"2026-01-30T13:34:48","slug":"logimat-2024","status":"publish","type":"page","link":"https:\/\/antersystem.com\/ar\/news\/logimat-2024\/","title":{"rendered":"\u0644\u0648\u062c\u064a\u0645\u0627\u062a 2024"},"content":{"rendered":"\n<div class=\"wp-block-columns is-layout-flex wp-container-core-columns-is-layout-9d6595d7 wp-block-columns-is-layout-flex\">\n  \n  <div class=\"wp-block-column is-layout-flow wp-block-column-is-layout-flow\" style=\"flex-basis:10%\"><\/div>\n  \n\n  \n  <div class=\"wp-block-column is-layout-flow wp-block-column-is-layout-flow\">\n    \n    <h3 class=\"wp-block-heading\">\u062f\u0639\u0648\u0629 \u0625\u0644\u0649 LogiMAT!<\/h3>\n    \n\n    \n    <p>\u0641\u064a \u063a\u0636\u0648\u0646 \u0634\u0647\u0631 \u0648\u0627\u062d\u062f \u0641\u0642\u0637\u060c <strong>\u0633\u064a\u0628\u062f\u0623 \u0645\u0639\u0631\u0636 \u0644\u0648\u062c\u064a\u0645\u0627\u062a \u0627\u0644\u062a\u062c\u0627\u0631\u064a<\/strong> \u0627\u0644\u062f\u0648\u0644\u064a \u0641\u064a \u0634\u062a\u0648\u062a\u063a\u0627\u0631\u062a. \u0641\u064a \u0627\u0644\u0641\u062a\u0631\u0629 \u0645\u0646 <strong>19 \u0625\u0644\u0649 21 \u0645\u0627\u0631\u0633<\/strong>\u060c \u0633\u0646\u0639\u0631\u0636 \u0623\u0646\u0638\u0645\u062a\u0646\u0627 \u0627\u0644\u062a\u064a \u062a\u0639\u0632\u0632 \u0627\u0644\u0633\u0644\u0627\u0645\u0629 \u0641\u064a \u0627\u0644\u0645\u0633\u062a\u0648\u062f\u0639\u0627\u062a \u0648\u0627\u0644\u0645\u0631\u0627\u0643\u0632 \u0627\u0644\u0644\u0648\u062c\u0633\u062a\u064a\u0629. \u064a\u062f\u0639\u0648\u0643 \u0647\u0630\u0627 \u0627\u0644\u062d\u062f\u062b \u0625\u0644\u0649 \u0627\u0633\u062a\u0643\u0634\u0627\u0641 \u0627\u062a\u062c\u0627\u0647\u0627\u062a \u0627\u0644\u0635\u0646\u0627\u0639\u0629 \u0627\u0644\u0646\u0627\u0634\u0626\u0629 \u0648\u0627\u0644\u0645\u0646\u062a\u062c\u0627\u062a \u0627\u0644\u062d\u062f\u064a\u062b\u0629. \u0627\u0644\u0645\u0648\u0636\u0648\u0639 \u0627\u0644\u0631\u0626\u064a\u0633\u064a \u0644\u0645\u0646\u0635\u0629 \u0627\u0644\u0623\u0639\u0645\u0627\u0644 \u0644\u0647\u0630\u0627 \u0627\u0644\u0639\u0627\u0645: <strong>\u062a\u0634\u0643\u064a\u0644 \u0627\u0644\u062a\u063a\u064a\u064a\u0631 \u0645\u0639\u064b\u0627.<\/strong><\/p>\n    \n\n    \n    <h4 class=\"wp-block-heading\"><strong>\u0645\u0627\u0630\u0627 \u062a\u062a\u0648\u0642\u0639 \u0641\u064a \u0645\u0639\u0631\u0636 \u0644\u0648\u062c\u064a\u0645\u0627\u062a 2024\u061f<\/strong><\/h4>\n    \n\n    \n    <p>\u0625\u0644\u0649 \u062c\u0627\u0646\u0628 \u0627\u0644\u0639\u0631\u0648\u0636 \u0627\u0644\u0639\u0627\u0644\u0645\u064a\u0629 \u0648\u0627\u0644\u0623\u0648\u0631\u0648\u0628\u064a\u0629 \u0627\u0644\u0623\u0648\u0644\u0649\u060c <strong>\u0633\u064a\u0643\u062a\u0634\u0641<\/strong> \u0627\u0644\u0645\u062a\u062e\u0635\u0635\u0648\u0646 \u0641\u064a \u0627\u0644\u0635\u0646\u0627\u0639\u0629 \u0641\u064a <strong>\u0645\u0639\u0631\u0636 \u0644\u0648\u062c\u064a\u0645\u0627\u062a 2024<\/strong> \u0645\u062c\u0645\u0648\u0639\u0629 \u0648\u0627\u0633\u0639\u0629 \u0645\u0646 \u0627\u0644\u062d\u0644\u0648\u0644 \u0627\u0644\u062c\u062f\u064a\u062f\u0629 \u0648\u0627\u0644\u0645\u062d\u0633\u0651\u0646\u0629 \u0627\u0644\u0645\u0635\u0645\u0645\u0629 \u0644\u062a\u062d\u0633\u064a\u0646 \u0633\u064a\u0631 \u0627\u0644\u0639\u0645\u0644 \u062f\u0627\u062e\u0644 \u0627\u0644\u0645\u0633\u062a\u0648\u062f\u0639\u0627\u062a. <strong>\u0633\u064a\u0643\u0648\u0646 \u0645\u0648\u0636\u0648\u0639 \u0627\u0644\u062a\u0646\u0642\u0644 \u0641\u064a \u0627\u0644\u0645\u0633\u062a\u0648\u062f\u0639\u0627\u062a \u0647\u0648<\/strong> \u0627\u0644\u0645\u0648\u0636\u0648\u0639 \u0627\u0644\u0631\u0626\u064a\u0633\u064a \u0647\u0630\u0627 \u0627\u0644\u0639\u0627\u0645\u060c \u062d\u064a\u062b \u0633\u064a\u062a\u0645 \u062a\u0633\u0644\u064a\u0637 \u0627\u0644\u0636\u0648\u0621 \u0639\u0644\u064a\u0647 \u0645\u0646 \u062e\u0644\u0627\u0644 \u0627\u0644\u0645\u0646\u062a\u062c\u0627\u062a \u0648\u0627\u0644\u062d\u0644\u0648\u0644 \u0627\u0644\u062a\u064a \u064a\u0642\u062f\u0645\u0647\u0627 \u0645\u062e\u062a\u0644\u0641 \u0627\u0644\u0639\u0627\u0631\u0636\u064a\u0646 &#8211; \u0645\u0646 \u0645\u0635\u0646\u0639\u064a \u0627\u0644\u0622\u0644\u0627\u062a \u0648\u0627\u0644\u0645\u0639\u062f\u0627\u062a\u060c \u0645\u0631\u0648\u0631\u0627\u064b \u0628\u0645\u0637\u0648\u0631\u064a \u0627\u0644\u0631\u0648\u0628\u0648\u062a\u0627\u062a \u0627\u0644\u0645\u062a\u0646\u0642\u0644\u0629 \u0630\u0627\u062a\u064a\u0629 \u0627\u0644\u062d\u0631\u0643\u0629 (AMR)\u060c \u0625\u0644\u0649 \u0645\u0646\u062a\u062c\u064a \u0627\u0644\u0634\u0627\u062d\u0646\u0627\u062a \u0627\u0644\u0635\u0646\u0627\u0639\u064a\u0629\u060c \u0648\u0634\u0631\u0643\u0627\u062a \u0645\u062b\u0644\u0646\u0627 &#8211; \u0645\u0635\u0646\u0639\u064a <a href=\"https:\/\/antersystem.com\/produkty\/\">\u062d\u0648\u0627\u062c\u0632 \u0627\u0644\u0633\u0644\u0627\u0645\u0629 \u0627\u0644\u0645\u062a\u0646\u0642\u0644\u0629 \u0648\u0627\u0644\u0645\u0631\u0646\u0629.<\/a><\/p>\n    \n\n    \n    <p>\u064a\u0645\u0643\u0646 \u062d\u062c\u0632 \u062a\u0630\u0627\u0643\u0631 \u0627\u0644\u0641\u0639\u0627\u0644\u064a\u0629 \u0645\u0646 \u0647\u0646\u0627: <a href=\"https:\/\/www.logimat-messe.de\/en\"><strong>Logimat-messe.de\/EN<\/strong><\/a><\/p>\n    \n\n    \n    <p><em>\u064a\u0644\u062e\u0635<\/em> \u0645\u062f\u064a\u0631 <em>\u0627\u0644\u0645\u0639\u0631\u0636<\/em> \u0645\u0627\u064a\u0643\u0644 <strong>\u0631\u0648\u0634\u062a\u064a<\/strong><em>\u0642\u0627\u0626\u0644\u0627\u064b: &#8220;\u064a\u0639\u0643\u0633 \u0645\u0639\u0631\u0636 \u0644\u0648\u062c\u064a\u0645\u0627\u062a 2024\u060c \u0645\u0646 \u062e\u0644\u0627\u0644 \u0645\u062c\u0645\u0648\u0639\u0629 \u0643\u0627\u0645\u0644\u0629 \u0645\u0646 \u0627\u0644\u0627\u0628\u062a\u0643\u0627\u0631\u0627\u062a \u0627\u0644\u062a\u064a \u0633\u064a\u062c\u0644\u0628\u0647\u0627 \u0627\u0644\u0639\u0627\u0631\u0636\u0648\u0646 \u0625\u0644\u0649 \u0634\u062a\u0648\u062a\u062c\u0627\u0631\u062a\u060c \u0627\u0644\u0627\u062a\u062c\u0627\u0647\u0627\u062a \u0627\u0644\u062d\u0627\u0644\u064a\u0629 \u0627\u0644\u062a\u064a \u062a\u0634\u0643\u0644 \u0642\u0637\u0627\u0639 \u0627\u0644\u062e\u062f\u0645\u0627\u062a \u0627\u0644\u0644\u0648\u062c\u0633\u062a\u064a\u0629 \u0627\u0644\u062f\u0627\u062e\u0644\u064a\u0629 \u0628\u0623\u0643\u0645\u0644\u0647&#8221;<\/em> <strong>.<\/strong> <em>&#8220;\u064a\u062a\u064a\u062d \u0645\u0639\u0631\u0636 \u0644\u0648\u062c\u064a\u0645\u0627\u062a \u0627\u0644\u0641\u0631\u0635\u0629 \u0644\u0644\u0645\u062a\u062e\u0635\u0635\u064a\u0646 \u0644\u0627\u0633\u062a\u0643\u0634\u0627\u0641 \u0627\u0644\u062d\u0644\u0648\u0644 \u0627\u0644\u0645\u062a\u0637\u0648\u0631\u0629 \u0627\u0644\u062a\u064a \u0633\u062a\u062d\u062f\u062f \u0645\u0644\u0627\u0645\u062d \u0627\u0644\u0635\u0646\u0627\u0639\u0629 \u0641\u064a \u0627\u0644\u0633\u0646\u0648\u0627\u062a \u0627\u0644\u0642\u0627\u062f\u0645\u0629.&#8221;<\/em><\/p>\n    \n\n    \n    <h4 class=\"wp-block-heading\"><strong>\u0645\u0634\u0627\u0631\u0643\u0629 \u0627\u0644\u0645\u0639\u0631\u0641\u0629<\/strong><\/h4>\n    \n\n    \n    <p>\u0646\u062d\u0646 \u0646\u0642\u062f\u0645 \u062d\u0644\u0648\u0644\u0627\u064b \u0645\u062a\u062e\u0635\u0635\u0629 \u0644\u062a\u0639\u0632\u064a\u0632 \u0627\u0644\u0633\u0644\u0627\u0645\u0629 \u0641\u064a \u0645\u0643\u0627\u0646 \u0627\u0644\u0639\u0645\u0644 \u0641\u064a \u0634\u0631\u0643\u062a\u0643. \u0625\u0630\u0627 \u0643\u0646\u062a \u0645\u0647\u062a\u0645\u064b\u0627 \u0628\u0627\u0644\u062a\u0648\u0627\u0635\u0644 \u0645\u0639\u0646\u0627\u060c \u0641\u0633\u064a\u0633\u0639\u062f\u0646\u0627 \u0623\u0646 \u0646\u0644\u062a\u0642\u064a \u0628\u0643 \u0648\u0646\u0646\u0627\u0642\u0634 \u062e\u064a\u0627\u0631\u0627\u062a \u0645\u062d\u062f\u062f\u0629 \u0628\u0627\u0644\u062a\u0641\u0635\u064a\u0644. \u062a\u0641\u0636\u0644\u0648\u0627 \u0628\u0632\u064a\u0627\u0631\u062a\u0646\u0627 \u0641\u064a <strong>\u0627\u0644\u0642\u0627\u0639\u0629 9\u060c \u0627\u0644\u062c\u0646\u0627\u062d 9A17.<\/strong> \u0646\u0648\u0627\u0635\u0644 \u0623\u064a\u0636\u064b\u0627 \u062a\u0642\u062f\u064a\u0645 <strong>\u062a\u062f\u0642\u064a\u0642 \u0645\u062c\u0627\u0646\u064a \u0644\u0644\u0633\u0644\u0627\u0645\u0629 \u0641\u064a \u0627\u0644\u0645\u0648\u0642\u0639 \u064a\u0631\u0643\u0632<\/strong> \u0639\u0644\u0649 \u062a\u062d\u0633\u064a\u0646 \u0627\u0633\u062a\u0642\u0631\u0627\u0631 \u0648\u0645\u0648\u062b\u0648\u0642\u064a\u0629 \u0645\u0646\u0627\u0637\u0642 \u0627\u0644\u0639\u0645\u0644 &#8211; \u0644\u062a\u062d\u062f\u064a\u062f \u0645\u0648\u0639\u062f \u0644\u0643\u060c \u0627\u062a\u0635\u0644 \u0628\u0646\u0627 \u0639\u0644\u0649 <a href=\"tel:+48%20606%20116%20171\"><strong>+48 606 116 171<\/strong><\/a>.<\/p>\n    \n\n    \n    <hr class=\"wp-block-separator has-text-color has-white-color has-alpha-channel-opacity has-white-background-color has-background is-style-default\"\/>\n    \n  <\/div>\n  \n\n  \n  <div class=\"wp-block-column is-layout-flow wp-block-column-is-layout-flow\" style=\"flex-basis:10%\"><\/div>\n  \n<\/div>\n<div class=\"wp-block-image\">\n<figure class=\"aligncenter size-large is-resized\"><img loading=\"lazy\" decoding=\"async\" width=\"1024\" height=\"535\" src=\"https:\/\/antersystem.com\/wp-content\/uploads\/Logimat2024-Anter-System-invitation-2-1024x535.jpg\" alt=\"&#x646;&#x638;&#x627;&#x645; Anter System &#x641;&#x64A; &#x62F;&#x639;&#x648;&#x629; LogiMAT 2024\" class=\"wp-image-4227\" style=\"width:720px;height:auto\" srcset=\"https:\/\/antersystem.com\/wp-content\/uploads\/Logimat2024-Anter-System-invitation-2-1024x535.jpg 1024w, https:\/\/antersystem.com\/wp-content\/uploads\/Logimat2024-Anter-System-invitation-2-300x157.jpg 300w, https:\/\/antersystem.com\/wp-content\/uploads\/Logimat2024-Anter-System-invitation-2-768x401.jpg 768w, https:\/\/antersystem.com\/wp-content\/uploads\/Logimat2024-Anter-System-invitation-2-450x235.jpg 450w, https:\/\/antersystem.com\/wp-content\/uploads\/Logimat2024-Anter-System-invitation-2-330x172.jpg 330w, https:\/\/antersystem.com\/wp-content\/uploads\/Logimat2024-Anter-System-invitation-2.jpg 1200w\" sizes=\"auto, (max-width: 1024px) 100vw, 1024px\" \/><\/figure><\/div>","protected":false},"excerpt":{"rendered":"<p>\u062f\u0639\u0648\u0629 \u0625\u0644\u0649 LogiMAT! \u0641\u064a \u063a\u0636\u0648\u0646 \u0634\u0647\u0631 \u0648\u0627\u062d\u062f \u0641\u0642\u0637\u060c \u0633\u064a\u0628\u062f\u0623 \u0645\u0639\u0631\u0636 \u0644\u0648\u062c\u064a\u0645\u0627\u062a \u0627\u0644\u062a\u062c\u0627\u0631\u064a \u0627\u0644\u062f\u0648\u0644\u064a \u0641\u064a \u0634\u062a\u0648\u062a\u063a\u0627\u0631\u062a. \u0641\u064a \u0627\u0644\u0641\u062a\u0631\u0629 \u0645\u0646 19 \u0625\u0644\u0649 21 \u0645\u0627\u0631\u0633\u060c \u0633\u0646\u0639\u0631\u0636 \u0623\u0646\u0638\u0645\u062a\u0646\u0627 \u0627\u0644\u062a\u064a \u062a\u0639\u0632\u0632 \u0627\u0644\u0633\u0644\u0627\u0645\u0629 \u0641\u064a \u0627\u0644\u0645\u0633\u062a\u0648\u062f\u0639\u0627\u062a \u0648\u0627\u0644\u0645\u0631\u0627\u0643\u0632 \u0627\u0644\u0644\u0648\u062c\u0633\u062a\u064a\u0629. \u064a\u062f\u0639\u0648\u0643 \u0647\u0630\u0627 \u0627\u0644\u062d\u062f\u062b \u0625\u0644\u0649 \u0627\u0633\u062a\u0643\u0634\u0627\u0641 \u0627\u062a\u062c\u0627\u0647\u0627\u062a \u0627\u0644\u0635\u0646\u0627\u0639\u0629 \u0627\u0644\u0646\u0627\u0634\u0626\u0629 \u0648\u0627\u0644\u0645\u0646\u062a\u062c\u0627\u062a \u0627\u0644\u062d\u062f\u064a\u062b\u0629. \u0627\u0644\u0645\u0648\u0636\u0648\u0639 \u0627\u0644\u0631\u0626\u064a\u0633\u064a \u0644\u0645\u0646\u0635\u0629 \u0627\u0644\u0623\u0639\u0645\u0627\u0644 \u0644\u0647\u0630\u0627 \u0627\u0644\u0639\u0627\u0645: \u062a\u0634\u0643\u064a\u0644 \u0627\u0644\u062a\u063a\u064a\u064a\u0631 \u0645\u0639\u064b\u0627. \u0645\u0627\u0630\u0627 \u062a\u062a\u0648\u0642\u0639 \u0641\u064a \u0645\u0639\u0631\u0636 \u0644\u0648\u062c\u064a\u0645\u0627\u062a [&hellip;]<\/p>\n","protected":false},"author":1,"featured_media":0,"parent":30526,"menu_order":0,"comment_status":"closed","ping_status":"closed","template":"","meta":{"inline_featured_image":false,"ngg_post_thumbnail":0,"footnotes":""},"class_list":["post-30612","page","type-page","status-publish","hentry"],"acf":[],"yoast_head":"<!-- This site is optimized with the Yoast SEO plugin v27.0 - https:\/\/yoast.com\/product\/yoast-seo-wordpress\/ -->\n<title>\u0644\u0648\u062c\u064a\u0645\u0627\u062a 2024 - Anter System<\/title>\n<meta name=\"description\" content=\"\u062a\u0645 \u062a\u0635\u0645\u064a\u0645\u0647 \u0645\u0646 \u0642\u0628\u0644 \u0634\u0631\u0643\u0629 Ju\u017c za miesi\u0105c rozpoczynajaj\u0105 si mi\u0119dzynarodowe Targi Logimat w Stuttgarcie. \u0641\u064a \u0627\u0644\u0641\u062a\u0631\u0629 \u0645\u0646 19 \u0625\u0644\u0649 21.03 \u0645\u0646 \u0627\u0644\u0634\u0647\u0631 \u0627\u0644\u062c\u0627\u0631\u064a.\" \/>\n<meta name=\"robots\" content=\"index, follow, max-snippet:-1, max-image-preview:large, max-video-preview:-1\" \/>\n<link rel=\"canonical\" href=\"https:\/\/antersystem.com\/ar\/news\/logimat-2024\/\" \/>\n<meta property=\"og:locale\" content=\"ar_AR\" \/>\n<meta property=\"og:type\" content=\"article\" \/>\n<meta property=\"og:title\" content=\"\u0644\u0648\u062c\u064a\u0645\u0627\u062a 2024 - Anter System\" \/>\n<meta property=\"og:description\" content=\"\u062a\u0645 \u062a\u0635\u0645\u064a\u0645\u0647 \u0645\u0646 \u0642\u0628\u0644 \u0634\u0631\u0643\u0629 Ju\u017c za miesi\u0105c rozpoczynajaj\u0105 si mi\u0119dzynarodowe Targi Logimat w Stuttgarcie. \u0641\u064a \u0627\u0644\u0641\u062a\u0631\u0629 \u0645\u0646 19 \u0625\u0644\u0649 21.03 \u0645\u0646 \u0627\u0644\u0634\u0647\u0631 \u0627\u0644\u062c\u0627\u0631\u064a.\" \/>\n<meta property=\"og:url\" content=\"https:\/\/antersystem.com\/ar\/news\/logimat-2024\/\" \/>\n<meta property=\"og:site_name\" content=\"Anter System\" \/>\n<meta property=\"article:modified_time\" content=\"2026-01-30T13:34:48+00:00\" \/>\n<meta property=\"og:image\" content=\"https:\/\/antersystem.com\/wp-content\/uploads\/Logimat2024-Anter-System-invitation-2-1024x535.jpg\" \/>\n<meta name=\"twitter:card\" content=\"summary_large_image\" \/>\n<script type=\"application\/ld+json\" class=\"yoast-schema-graph\">{\"@context\":\"https:\/\/schema.org\",\"@graph\":[{\"@type\":\"WebPage\",\"@id\":\"https:\/\/antersystem.com\/ar\/news\/logimat-2024\/\",\"url\":\"https:\/\/antersystem.com\/ar\/news\/logimat-2024\/\",\"name\":\"\u0644\u0648\u062c\u064a\u0645\u0627\u062a 2024 - Anter System\",\"isPartOf\":{\"@id\":\"https:\/\/antersystem.com\/ar\/#website\"},\"primaryImageOfPage\":{\"@id\":\"https:\/\/antersystem.com\/ar\/news\/logimat-2024\/#primaryimage\"},\"image\":{\"@id\":\"https:\/\/antersystem.com\/ar\/news\/logimat-2024\/#primaryimage\"},\"thumbnailUrl\":\"https:\/\/antersystem.com\/wp-content\/uploads\/Logimat2024-Anter-System-invitation-2-1024x535.jpg\",\"datePublished\":\"2024-02-15T09:41:35+00:00\",\"dateModified\":\"2026-01-30T13:34:48+00:00\",\"description\":\"\u062a\u0645 \u062a\u0635\u0645\u064a\u0645\u0647 \u0645\u0646 \u0642\u0628\u0644 \u0634\u0631\u0643\u0629 Ju\u017c za miesi\u0105c rozpoczynajaj\u0105 si mi\u0119dzynarodowe Targi Logimat w Stuttgarcie. \u0641\u064a \u0627\u0644\u0641\u062a\u0631\u0629 \u0645\u0646 19 \u0625\u0644\u0649 21.03 \u0645\u0646 \u0627\u0644\u0634\u0647\u0631 \u0627\u0644\u062c\u0627\u0631\u064a.\",\"breadcrumb\":{\"@id\":\"https:\/\/antersystem.com\/ar\/news\/logimat-2024\/#breadcrumb\"},\"inLanguage\":\"ar\",\"potentialAction\":[{\"@type\":\"ReadAction\",\"target\":[\"https:\/\/antersystem.com\/ar\/news\/logimat-2024\/\"]}]},{\"@type\":\"ImageObject\",\"inLanguage\":\"ar\",\"@id\":\"https:\/\/antersystem.com\/ar\/news\/logimat-2024\/#primaryimage\",\"url\":\"https:\/\/antersystem.com\/wp-content\/uploads\/Logimat2024-Anter-System-invitation-2-1024x535.jpg\",\"contentUrl\":\"https:\/\/antersystem.com\/wp-content\/uploads\/Logimat2024-Anter-System-invitation-2-1024x535.jpg\"},{\"@type\":\"BreadcrumbList\",\"@id\":\"https:\/\/antersystem.com\/ar\/news\/logimat-2024\/#breadcrumb\",\"itemListElement\":[{\"@type\":\"ListItem\",\"position\":1,\"name\":\"AnterSystem\",\"item\":\"https:\/\/antersystem.com\/ar\/\"},{\"@type\":\"ListItem\",\"position\":2,\"name\":\"\u0627\u0644\u0623\u062e\u0628\u0627\u0631\",\"item\":\"https:\/\/antersystem.com\/ar\/news\/\"},{\"@type\":\"ListItem\",\"position\":3,\"name\":\"\u0644\u0648\u062c\u064a\u0645\u0627\u062a 2024\"}]},{\"@type\":\"WebSite\",\"@id\":\"https:\/\/antersystem.com\/ar\/#website\",\"url\":\"https:\/\/antersystem.com\/ar\/\",\"name\":\"Anter System\",\"description\":\"Jeste\u015bmy polskim producentem elastycznych barier ochronnych wykonywanych z polimerowych tworzyw sztucznych. Na rynku krajowym i zagranicznym dzia\u0142amy od ponad 15 lat dbaj\u0105c o zapewnienie bezpiecze\u0144stwa w zak\u0142adach produkcyjnych, magazynach oraz centrach logistycznych.\",\"potentialAction\":[{\"@type\":\"SearchAction\",\"target\":{\"@type\":\"EntryPoint\",\"urlTemplate\":\"https:\/\/antersystem.com\/ar\/?s={search_term_string}\"},\"query-input\":{\"@type\":\"PropertyValueSpecification\",\"valueRequired\":true,\"valueName\":\"search_term_string\"}}],\"inLanguage\":\"ar\"}]}<\/script>\n<!-- \/ Yoast SEO plugin. -->","yoast_head_json":{"title":"\u0644\u0648\u062c\u064a\u0645\u0627\u062a 2024 - Anter System","description":"\u062a\u0645 \u062a\u0635\u0645\u064a\u0645\u0647 \u0645\u0646 \u0642\u0628\u0644 \u0634\u0631\u0643\u0629 Ju\u017c za miesi\u0105c rozpoczynajaj\u0105 si mi\u0119dzynarodowe Targi Logimat w Stuttgarcie. \u0641\u064a \u0627\u0644\u0641\u062a\u0631\u0629 \u0645\u0646 19 \u0625\u0644\u0649 21.03 \u0645\u0646 \u0627\u0644\u0634\u0647\u0631 \u0627\u0644\u062c\u0627\u0631\u064a.","robots":{"index":"index","follow":"follow","max-snippet":"max-snippet:-1","max-image-preview":"max-image-preview:large","max-video-preview":"max-video-preview:-1"},"canonical":"https:\/\/antersystem.com\/ar\/news\/logimat-2024\/","og_locale":"ar_AR","og_type":"article","og_title":"\u0644\u0648\u062c\u064a\u0645\u0627\u062a 2024 - Anter System","og_description":"\u062a\u0645 \u062a\u0635\u0645\u064a\u0645\u0647 \u0645\u0646 \u0642\u0628\u0644 \u0634\u0631\u0643\u0629 Ju\u017c za miesi\u0105c rozpoczynajaj\u0105 si mi\u0119dzynarodowe Targi Logimat w Stuttgarcie. \u0641\u064a \u0627\u0644\u0641\u062a\u0631\u0629 \u0645\u0646 19 \u0625\u0644\u0649 21.03 \u0645\u0646 \u0627\u0644\u0634\u0647\u0631 \u0627\u0644\u062c\u0627\u0631\u064a.","og_url":"https:\/\/antersystem.com\/ar\/news\/logimat-2024\/","og_site_name":"Anter System","article_modified_time":"2026-01-30T13:34:48+00:00","og_image":[{"url":"https:\/\/antersystem.com\/wp-content\/uploads\/Logimat2024-Anter-System-invitation-2-1024x535.jpg","type":"","width":"","height":""}],"twitter_card":"summary_large_image","schema":{"@context":"https:\/\/schema.org","@graph":[{"@type":"WebPage","@id":"https:\/\/antersystem.com\/ar\/news\/logimat-2024\/","url":"https:\/\/antersystem.com\/ar\/news\/logimat-2024\/","name":"\u0644\u0648\u062c\u064a\u0645\u0627\u062a 2024 - Anter System","isPartOf":{"@id":"https:\/\/antersystem.com\/ar\/#website"},"primaryImageOfPage":{"@id":"https:\/\/antersystem.com\/ar\/news\/logimat-2024\/#primaryimage"},"image":{"@id":"https:\/\/antersystem.com\/ar\/news\/logimat-2024\/#primaryimage"},"thumbnailUrl":"https:\/\/antersystem.com\/wp-content\/uploads\/Logimat2024-Anter-System-invitation-2-1024x535.jpg","datePublished":"2024-02-15T09:41:35+00:00","dateModified":"2026-01-30T13:34:48+00:00","description":"\u062a\u0645 \u062a\u0635\u0645\u064a\u0645\u0647 \u0645\u0646 \u0642\u0628\u0644 \u0634\u0631\u0643\u0629 Ju\u017c za miesi\u0105c rozpoczynajaj\u0105 si mi\u0119dzynarodowe Targi Logimat w Stuttgarcie. \u0641\u064a \u0627\u0644\u0641\u062a\u0631\u0629 \u0645\u0646 19 \u0625\u0644\u0649 21.03 \u0645\u0646 \u0627\u0644\u0634\u0647\u0631 \u0627\u0644\u062c\u0627\u0631\u064a.","breadcrumb":{"@id":"https:\/\/antersystem.com\/ar\/news\/logimat-2024\/#breadcrumb"},"inLanguage":"ar","potentialAction":[{"@type":"ReadAction","target":["https:\/\/antersystem.com\/ar\/news\/logimat-2024\/"]}]},{"@type":"ImageObject","inLanguage":"ar","@id":"https:\/\/antersystem.com\/ar\/news\/logimat-2024\/#primaryimage","url":"https:\/\/antersystem.com\/wp-content\/uploads\/Logimat2024-Anter-System-invitation-2-1024x535.jpg","contentUrl":"https:\/\/antersystem.com\/wp-content\/uploads\/Logimat2024-Anter-System-invitation-2-1024x535.jpg"},{"@type":"BreadcrumbList","@id":"https:\/\/antersystem.com\/ar\/news\/logimat-2024\/#breadcrumb","itemListElement":[{"@type":"ListItem","position":1,"name":"AnterSystem","item":"https:\/\/antersystem.com\/ar\/"},{"@type":"ListItem","position":2,"name":"\u0627\u0644\u0623\u062e\u0628\u0627\u0631","item":"https:\/\/antersystem.com\/ar\/news\/"},{"@type":"ListItem","position":3,"name":"\u0644\u0648\u062c\u064a\u0645\u0627\u062a 2024"}]},{"@type":"WebSite","@id":"https:\/\/antersystem.com\/ar\/#website","url":"https:\/\/antersystem.com\/ar\/","name":"Anter System","description":"Jeste\u015bmy polskim producentem elastycznych barier ochronnych wykonywanych z polimerowych tworzyw sztucznych. Na rynku krajowym i zagranicznym dzia\u0142amy od ponad 15 lat dbaj\u0105c o zapewnienie bezpiecze\u0144stwa w zak\u0142adach produkcyjnych, magazynach oraz centrach logistycznych.","potentialAction":[{"@type":"SearchAction","target":{"@type":"EntryPoint","urlTemplate":"https:\/\/antersystem.com\/ar\/?s={search_term_string}"},"query-input":{"@type":"PropertyValueSpecification","valueRequired":true,"valueName":"search_term_string"}}],"inLanguage":"ar"}]}},"_links":{"self":[{"href":"https:\/\/antersystem.com\/ar\/wp-json\/wp\/v2\/pages\/30612","targetHints":{"allow":["GET"]}}],"collection":[{"href":"https:\/\/antersystem.com\/ar\/wp-json\/wp\/v2\/pages"}],"about":[{"href":"https:\/\/antersystem.com\/ar\/wp-json\/wp\/v2\/types\/page"}],"author":[{"embeddable":true,"href":"https:\/\/antersystem.com\/ar\/wp-json\/wp\/v2\/users\/1"}],"replies":[{"embeddable":true,"href":"https:\/\/antersystem.com\/ar\/wp-json\/wp\/v2\/comments?post=30612"}],"version-history":[{"count":1,"href":"https:\/\/antersystem.com\/ar\/wp-json\/wp\/v2\/pages\/30612\/revisions"}],"predecessor-version":[{"id":30613,"href":"https:\/\/antersystem.com\/ar\/wp-json\/wp\/v2\/pages\/30612\/revisions\/30613"}],"up":[{"embeddable":true,"href":"https:\/\/antersystem.com\/ar\/wp-json\/wp\/v2\/pages\/30526"}],"wp:attachment":[{"href":"https:\/\/antersystem.com\/ar\/wp-json\/wp\/v2\/media?parent=30612"}],"curies":[{"name":"wp","href":"https:\/\/api.w.org\/{rel}","templated":true}]}}