{"id":38891,"date":"2024-11-25T09:14:04","date_gmt":"2024-11-25T08:14:04","guid":{"rendered":"https:\/\/antersystem.com\/news\/anter-system-at-intralogistyka-i-magazynowanie-conference-2024\/"},"modified":"2026-02-02T14:15:46","modified_gmt":"2026-02-02T13:15:46","slug":"anter-system-at-intralogistyka-i-magazynowanie-conference-2024","status":"publish","type":"page","link":"https:\/\/antersystem.com\/ar\/news\/anter-system-at-intralogistyka-i-magazynowanie-conference-2024\/","title":{"rendered":"Anter System \u0641\u064a \u0645\u0624\u062a\u0645\u0631 &#8220;Intralogististyka i magazynowanie&#8221;"},"content":{"rendered":"\n<div class=\"wp-block-columns is-layout-flex wp-container-core-columns-is-layout-9d6595d7 wp-block-columns-is-layout-flex\">\n<div class=\"wp-block-column is-layout-flow wp-block-column-is-layout-flow\" style=\"flex-basis:10%\"><\/div>\n\n\n\n<div class=\"wp-block-column is-layout-flow wp-block-column-is-layout-flow\">\n<h2 class=\"wp-block-heading\">\u0627\u0643\u062a\u0634\u0641 \u0623\u062d\u062f\u062b \u0627\u0644\u0627\u062a\u062c\u0627\u0647\u0627\u062a \u0641\u064a \u0645\u062c\u0627\u0644 \u0627\u0644\u062e\u062f\u0645\u0627\u062a \u0627\u0644\u0644\u0648\u062c\u0633\u062a\u064a\u0629 \u0627\u0644\u062f\u0627\u062e\u0644\u064a\u0629!<\/h2>\n\n\n\n<p>\u064a\u0633\u0639\u062f\u0646\u0627 \u0623\u0646 \u0646\u0639\u0644\u0646 \u0623\u0646 Anter System \u0634\u0631\u064a\u0643 \u0641\u064a \u0645\u0624\u062a\u0645\u0631 &#8221; <strong>\u062a\u062d\u0633\u064a\u0646 \u0627\u0644\u062e\u062f\u0645\u0627\u062a \u0627\u0644\u0644\u0648\u062c\u0633\u062a\u064a\u0629 \u0627\u0644\u062f\u0627\u062e\u0644\u064a\u0629 \u0648\u0639\u0645\u0644\u064a\u0627\u062a \u0627\u0644\u0645\u0633\u062a\u0648\u062f\u0639\u0627\u062a&#8221;\u060c \u0648\u0627\u0644\u0630\u064a \u0633\u064a\u0639\u0642\u062f<\/strong> \u0641\u064a 5 \u062f\u064a\u0633\u0645\u0628\u0631 <strong>2024 \u0641\u064a \u0633\u0648\u0627\u0631\u0632\u0648\u062f\u0632 \u0628\u0627\u0644\u0642\u0631\u0628 \u0645\u0646<\/strong> \u0628\u0648\u0632\u0646\u0627\u0646. \u0627\u0644\u0647\u062f\u0641 \u0627\u0644\u0631\u0626\u064a\u0633\u064a \u0645\u0646 \u0647\u0630\u0627 \u0627\u0644\u062d\u062f\u062b \u0647\u0648 \u0627\u0644\u062c\u0645\u0639 \u0628\u064a\u0646 \u062e\u0628\u0631\u0627\u0621 \u0645\u0646 \u0642\u0637\u0627\u0639\u0627\u062a \u0627\u0644\u0645\u0633\u062a\u0648\u062f\u0639\u0627\u062a \u0627\u0644\u0644\u0648\u062c\u0633\u062a\u064a\u0629 \u0648\u0627\u0644\u0635\u0646\u0627\u0639\u064a\u0629 \u0648\u0627\u0644\u0623\u062a\u0645\u062a\u0629\u060c \u0648\u0625\u0646\u0634\u0627\u0621 \u0645\u0646\u0635\u0629 \u0644\u062a\u0628\u0627\u062f\u0644 \u0627\u0644\u0645\u0639\u0631\u0641\u0629 \u0648\u0639\u0631\u0636 \u0623\u062d\u062f\u062b \u0627\u0644\u062d\u0644\u0648\u0644. <\/p>\n\n\n\n<p><strong>\u0627\u0644\u0645\u062d\u0627\u0636\u0631\u0627\u062a \u0648\u0648\u0631\u0634 \u0627\u0644\u0639\u0645\u0644 \u0648\u0634\u0628\u0643\u0627\u062a \u0627\u0644\u0623\u0639\u0645\u0627\u0644<\/strong><\/p>\n\n\n\n<p>\u0633\u064a\u063a\u0637\u064a \u0627\u0644\u0645\u0624\u062a\u0645\u0631 \u0627\u0644\u0645\u0648\u0636\u0648\u0639\u0627\u062a \u0627\u0644\u0631\u0626\u064a\u0633\u064a\u0629 \u0627\u0644\u0645\u062a\u0639\u0644\u0642\u0629 <strong>\u0628\u0623\u062a\u0645\u062a\u0629 \u0639\u0645\u0644\u064a\u0627\u062a \u0627\u0644\u0645\u0633\u062a\u0648\u062f\u0639\u0627\u062a\u060c \u0648\u062a\u0637\u0628\u064a\u0642 \u0627\u0644\u062a\u0642\u0646\u064a\u0627\u062a \u0627\u0644\u0645\u0628\u062a\u0643\u0631\u0629\u060c<\/strong> <strong>\u0648\u062a\u062d\u0633\u064a\u0646 \u0627\u0644\u0633\u0644\u0627\u0645\u0629 \u0641\u064a<\/strong> \u0628\u064a\u0626\u0627\u062a <strong>\u0627\u0644\u0645\u0633\u062a\u0648\u062f\u0639\u0627\u062a<\/strong>. \u0633\u062a\u0634\u0645\u0644 \u0627\u0644\u0645\u0648\u0627\u0636\u064a\u0639 \u0627\u0644\u062a\u064a \u0633\u062a\u062a\u0645 \u0645\u0646\u0627\u0642\u0634\u062a\u0647\u0627 \u0623\u0646\u0638\u0645\u0629 \u0627\u0644\u0646\u0642\u0644 \u0627\u0644\u062f\u0627\u062e\u0644\u064a\u060c \u0648\u0631\u0648\u0628\u0648\u062a\u0627\u062a \u0627\u0644\u0645\u0633\u062a\u0648\u062f\u0639\u0627\u062a\u060c \u0648\u0623\u0646\u0638\u0645\u0629 \u0627\u0644\u062a\u062e\u0632\u064a\u0646 \u0627\u0644\u0622\u0644\u064a \u0648\u0627\u0646\u062a\u0642\u0627\u0621 \u0627\u0644\u0637\u0644\u0628\u0627\u062a\u060c \u0648\u062a\u0642\u0646\u064a\u0627\u062a \u062a\u062d\u062f\u064a\u062f \u0627\u0644\u0647\u0648\u064a\u0629 \u0628\u0627\u0644\u062a\u0631\u062f\u062f\u0627\u062a \u0627\u0644\u0644\u0627\u0633\u0644\u0643\u064a\u0629 \u0648\u0627\u0644\u062a\u0639\u0631\u0641 \u0627\u0644\u0644\u0627\u0633\u0644\u0643\u064a\u060c \u0628\u0627\u0644\u0625\u0636\u0627\u0641\u0629 \u0625\u0644\u0649 \u0628\u0631\u0645\u062c\u0629 \u0627\u0644\u062e\u062f\u0645\u0627\u062a \u0627\u0644\u0644\u0648\u062c\u0633\u062a\u064a\u0629 \u0627\u0644\u062f\u0627\u062e\u0644\u064a\u0629. \u0643\u0645\u0627 \u0633\u062a\u062a\u0627\u062d \u0644\u0644\u0645\u0634\u0627\u0631\u0643\u064a\u0646 \u0641\u0631\u0635\u0629 \u0627\u0644\u0645\u0634\u0627\u0631\u0643\u0629 \u0641\u064a \u0648\u0631\u0634 \u0627\u0644\u0639\u0645\u0644 \u0627\u0644\u062a\u0642\u0646\u064a\u0629 &#8211; \u0648\u0647\u064a \u0641\u0631\u0635\u0629 \u0645\u0645\u062a\u0627\u0632\u0629 \u0644\u062a\u0639\u0645\u064a\u0642 \u0627\u0644\u0645\u0647\u0627\u0631\u0627\u062a \u0627\u0644\u0639\u0645\u0644\u064a\u0629 \u0627\u0644\u0645\u062a\u0639\u0644\u0642\u0629 \u0628\u0645\u0648\u0627\u0636\u064a\u0639 \u0627\u0644\u0645\u0624\u062a\u0645\u0631. \u0648\u0645\u0646 \u0627\u0644\u0645\u0632\u0627\u064a\u0627 \u0627\u0644\u0625\u0636\u0627\u0641\u064a\u0629 \u0644\u0644\u062d\u062f\u062b <strong>\u0641\u0631\u0635\u0629 \u0625\u0642\u0627\u0645\u0629 \u0639\u0644\u0627\u0642\u0627\u062a \u0639\u0645\u0644 \u0642\u064a\u0651\u0645\u0629 \u064a\u0645\u0643\u0646 \u0623\u0646<\/strong> \u062a\u062f\u0639\u0645 \u0627\u0644\u062a\u0637\u0648\u064a\u0631 \u0627\u0644\u0645\u0647\u0646\u064a \u0623\u0648 \u062a\u0624\u062f\u064a \u0625\u0644\u0649 \u0634\u0631\u0627\u0643\u0627\u062a \u062c\u062f\u064a\u062f\u0629.   <\/p>\n\n\n\n<p><strong>\u0644\u0646\u062a\u062d\u062f\u062b \u0639\u0646 \u0627\u0644\u0633\u0644\u0627\u0645\u0629<\/strong><\/p>\n\n\n\n<p><strong>\u0643\u0634\u0631\u064a\u0643 \u0641\u064a \u0647\u0630\u0627 \u0627\u0644\u062d\u062f\u062b\u060c \u0633\u062a\u0643\u0648\u0646 \u0634\u0631\u0643\u0629 Anter System \u062d\u0627\u0636\u0631\u0629 \u0641\u064a \u0627\u0644\u0645\u0624\u062a\u0645\u0631 \u0644\u0644\u0625\u062c\u0627\u0628\u0629 \u0639\u0644\u0649<\/strong> \u0627\u0644\u0623\u0633\u0626\u0644\u0629 \u0627\u0644\u0645\u062a\u0639\u0644\u0642\u0629 \u0628\u0623\u062d\u062f\u062b \u0627\u0644\u062d\u0644\u0648\u0644 \u0627\u0644\u062a\u064a \u062a\u062f\u0639\u0645 \u0643\u0641\u0627\u0621\u0629 \u0648\u0633\u0644\u0627\u0645\u0629 \u0627\u0644\u062e\u062f\u0645\u0627\u062a \u0627\u0644\u0644\u0648\u062c\u0633\u062a\u064a\u0629 \u0627\u0644\u062f\u0627\u062e\u0644\u064a\u0629. \u0633\u062a\u062a\u0627\u062d \u0627\u0644\u0641\u0631\u0635\u0629 \u0644\u0644\u0645\u0634\u0627\u0631\u0643\u064a\u0646 \u0644\u0645\u0639\u0631\u0641\u0629 \u0627\u0644\u0645\u0632\u064a\u062f \u0639\u0646 \u0623\u0646\u0638\u0645\u0629 \u062d\u0645\u0627\u064a\u0629 \u0627\u0644\u0628\u0646\u064a\u0629 \u0627\u0644\u062a\u062d\u062a\u064a\u0629\u060c \u0648\u0645\u0646\u062a\u062c\u0627\u062a \u0625\u062f\u0627\u0631\u0629 \u0645\u0633\u0627\u062d\u0629 \u0627\u0644\u0645\u0633\u062a\u0648\u062f\u0639\u0627\u062a\u060c \u0648\u062d\u0644\u0648\u0644 \u0627\u0644\u0633\u0644\u0627\u0645\u0629 \u0627\u0644\u0645\u0635\u0645\u0645\u0629 \u0644\u0644\u0645\u0631\u0627\u0641\u0642 \u0627\u0644\u0635\u0646\u0627\u0639\u064a\u0629 \u0648\u0627\u0644\u062a\u062e\u0632\u064a\u0646. <\/p>\n\n\n\n<p>\u0646\u062f\u0639\u0648\u0643\u0645 \u0628\u062d\u0631\u0627\u0631\u0629 \u0644\u0644\u0645\u0634\u0627\u0631\u0643\u0629 \u0641\u064a \u0627\u0644\u0645\u0624\u062a\u0645\u0631 \u0648\u0627\u0644\u062a\u062d\u062f\u062b \u0645\u0639 \u0645\u0645\u062b\u0644\u064a\u0646\u0627.<\/p>\n\n\n\n<p><strong>\u0627\u0644\u062a\u0627\u0631\u064a\u062e:<\/strong> 5 \u062f\u064a\u0633\u0645\u0628\u0631 2024\u060c 5 \u062f\u064a\u0633\u0645\u0628\u0631 2024\u060c \u0633\u0648\u0627\u0631\u0632\u0648\u062f\u0632 \u0628\u0627\u0644\u0642\u0631\u0628 \u0645\u0646 \u0628\u0648\u0632\u0646\u0627\u0646\u060c 8:00 \u0635\u0628\u0627\u062d\u064b\u0627 &#8211; 3:30 \u0645\u0633\u0627\u0621\u064b<br\/><strong>\u0627\u0644\u0645\u0643\u0627\u0646:<\/strong> \u0641\u0646\u062f\u0642 \u0647\u0627\u0645\u0628\u062a\u0648\u0646 \u0628\u0627\u064a \u0647\u064a\u0644\u062a\u0648\u0646 \u0628\u0648\u0632\u0646\u0627\u0646 \u0633\u0648\u0627\u0631\u0632\u0632\u060c 1 \u0634\u0627\u0631\u0639 \u0623\u0646\u062a\u0648\u0646\u064a\u064a\u063a\u0648 \u062a\u0627\u0628\u0627\u0643\u064a\u060c \u0633\u0648\u0627\u0631\u0632<\/p>\n\n\n\n<p>\u0627\u0644\u0645\u0634\u0627\u0631\u0643\u0629 \u0641\u064a \u0627\u0644\u0645\u0624\u062a\u0645\u0631 \u0645\u062c\u0627\u0646\u064a\u0629.<\/p>\n\n\n\n<p><strong>\u0627\u0644\u0645\u0632\u064a\u062f \u0645\u0646 \u0627\u0644\u0645\u0639\u0644\u0648\u0645\u0627\u062a \u0648\u0627\u0644\u062a\u0633\u062c\u064a\u0644:<\/strong> <em><a href=\"https:\/\/www.axonmedia.pl\/konferencje\/aktualne\/intralogistyka-magazynowanie-2024-poznan\/\">&#8220;\u0627\u0644\u062e\u062f\u0645\u0627\u062a \u0627\u0644\u0644\u0648\u062c\u0633\u062a\u064a\u0629 \u0627\u0644\u062f\u0627\u062e\u0644\u064a\u0629 \u0648\u0627\u0644\u062a\u062e\u0632\u064a\u0646&#8221;<\/a><\/em><\/p>\n\n\n\n<p>\u0646\u0631\u0627\u0643\u0645 \u0641\u064a \u0633\u0648\u0627\u0631\u0632 &#8211; \u062f\u0639\u0648\u0646\u0627 \u0646\u0639\u0645\u0644 \u0645\u0639\u0627\u064b \u0644\u062a\u0634\u0643\u064a\u0644 \u0645\u0633\u062a\u0642\u0628\u0644 \u0627\u0644\u0645\u0633\u062a\u0648\u062f\u0639\u0627\u062a \u0627\u0644\u062d\u062f\u064a\u062b\u0629!<\/p>\n\n\n\n<p><\/p>\n\n\n\n<p><\/p>\n<\/div>\n\n\n\n<div class=\"wp-block-column is-layout-flow wp-block-column-is-layout-flow\" style=\"flex-basis:10%\"><\/div>\n<\/div>\n<div class=\"wp-block-image\">\n<figure class=\"aligncenter size-large is-resized\"><img loading=\"lazy\" decoding=\"async\" width=\"1024\" height=\"576\" src=\"https:\/\/antersystem.com\/wp-content\/uploads\/axon_12_2024_konferencja_Intralogistyka-1024x576.jpg\" alt=\"\" class=\"wp-image-5650\" style=\"width:620px;height:auto\" srcset=\"https:\/\/antersystem.com\/wp-content\/uploads\/axon_12_2024_konferencja_Intralogistyka-1024x576.jpg 1024w, https:\/\/antersystem.com\/wp-content\/uploads\/axon_12_2024_konferencja_Intralogistyka-300x169.jpg 300w, https:\/\/antersystem.com\/wp-content\/uploads\/axon_12_2024_konferencja_Intralogistyka-768x432.jpg 768w, https:\/\/antersystem.com\/wp-content\/uploads\/axon_12_2024_konferencja_Intralogistyka-450x253.jpg 450w, https:\/\/antersystem.com\/wp-content\/uploads\/axon_12_2024_konferencja_Intralogistyka-330x186.jpg 330w, https:\/\/antersystem.com\/wp-content\/uploads\/axon_12_2024_konferencja_Intralogistyka.jpg 1115w\" sizes=\"auto, (max-width: 1024px) 100vw, 1024px\" \/><\/figure><\/div>","protected":false},"excerpt":{"rendered":"<p>\u0627\u0643\u062a\u0634\u0641 \u0623\u062d\u062f\u062b \u0627\u0644\u0627\u062a\u062c\u0627\u0647\u0627\u062a \u0641\u064a \u0645\u062c\u0627\u0644 \u0627\u0644\u062e\u062f\u0645\u0627\u062a \u0627\u0644\u0644\u0648\u062c\u0633\u062a\u064a\u0629 \u0627\u0644\u062f\u0627\u062e\u0644\u064a\u0629! \u064a\u0633\u0639\u062f\u0646\u0627 \u0623\u0646 \u0646\u0639\u0644\u0646 \u0623\u0646 Anter System \u0634\u0631\u064a\u0643 \u0641\u064a \u0645\u0624\u062a\u0645\u0631 &#8221; \u062a\u062d\u0633\u064a\u0646 \u0627\u0644\u062e\u062f\u0645\u0627\u062a \u0627\u0644\u0644\u0648\u062c\u0633\u062a\u064a\u0629 \u0627\u0644\u062f\u0627\u062e\u0644\u064a\u0629 \u0648\u0639\u0645\u0644\u064a\u0627\u062a \u0627\u0644\u0645\u0633\u062a\u0648\u062f\u0639\u0627\u062a&#8221;\u060c \u0648\u0627\u0644\u0630\u064a \u0633\u064a\u0639\u0642\u062f \u0641\u064a 5 \u062f\u064a\u0633\u0645\u0628\u0631 2024 \u0641\u064a \u0633\u0648\u0627\u0631\u0632\u0648\u062f\u0632 \u0628\u0627\u0644\u0642\u0631\u0628 \u0645\u0646 \u0628\u0648\u0632\u0646\u0627\u0646. \u0627\u0644\u0647\u062f\u0641 \u0627\u0644\u0631\u0626\u064a\u0633\u064a \u0645\u0646 \u0647\u0630\u0627 \u0627\u0644\u062d\u062f\u062b \u0647\u0648 \u0627\u0644\u062c\u0645\u0639 \u0628\u064a\u0646 \u062e\u0628\u0631\u0627\u0621 \u0645\u0646 \u0642\u0637\u0627\u0639\u0627\u062a \u0627\u0644\u0645\u0633\u062a\u0648\u062f\u0639\u0627\u062a \u0627\u0644\u0644\u0648\u062c\u0633\u062a\u064a\u0629 \u0648\u0627\u0644\u0635\u0646\u0627\u0639\u064a\u0629 \u0648\u0627\u0644\u0623\u062a\u0645\u062a\u0629\u060c \u0648\u0625\u0646\u0634\u0627\u0621 \u0645\u0646\u0635\u0629 \u0644\u062a\u0628\u0627\u062f\u0644 \u0627\u0644\u0645\u0639\u0631\u0641\u0629 \u0648\u0639\u0631\u0636 [&hellip;]<\/p>\n","protected":false},"author":1,"featured_media":0,"parent":30526,"menu_order":0,"comment_status":"closed","ping_status":"closed","template":"","meta":{"inline_featured_image":false,"ngg_post_thumbnail":0,"footnotes":""},"class_list":["post-38891","page","type-page","status-publish","hentry"],"acf":[],"yoast_head":"<!-- This site is optimized with the Yoast SEO plugin v27.0 - https:\/\/yoast.com\/product\/yoast-seo-wordpress\/ -->\n<title>Anter System \u0641\u064a \u0645\u0624\u062a\u0645\u0631 &quot;Intralogististyka i magazynowanie&quot; - Anter System<\/title>\n<meta name=\"description\" content=\"\u0645\u0624\u062a\u0645\u0631 &quot;Intralogogistyka i magazynowanie, kt\u00f3rej tematyka obejmuj mi\u0119dzy innymi zagadnienienia zwi\u0105zane zwi\u0105zane zwipiecznym magazynem\" \/>\n<meta name=\"robots\" content=\"index, follow, max-snippet:-1, max-image-preview:large, max-video-preview:-1\" \/>\n<link rel=\"canonical\" href=\"https:\/\/antersystem.com\/ar\/news\/anter-system-at-intralogistyka-i-magazynowanie-conference-2024\/\" \/>\n<meta property=\"og:locale\" content=\"ar_AR\" \/>\n<meta property=\"og:type\" content=\"article\" \/>\n<meta property=\"og:title\" content=\"Anter System \u0641\u064a \u0645\u0624\u062a\u0645\u0631 &quot;Intralogististyka i magazynowanie&quot; - Anter System\" \/>\n<meta property=\"og:description\" content=\"\u0645\u0624\u062a\u0645\u0631 &quot;Intralogogistyka i magazynowanie, kt\u00f3rej tematyka obejmuj mi\u0119dzy innymi zagadnienienia zwi\u0105zane zwi\u0105zane zwipiecznym magazynem\" \/>\n<meta property=\"og:url\" content=\"https:\/\/antersystem.com\/ar\/news\/anter-system-at-intralogistyka-i-magazynowanie-conference-2024\/\" \/>\n<meta property=\"og:site_name\" content=\"Anter System\" \/>\n<meta property=\"article:modified_time\" content=\"2026-02-02T13:15:46+00:00\" \/>\n<meta property=\"og:image\" content=\"https:\/\/antersystem.com\/wp-content\/uploads\/axon_12_2024_konferencja_Intralogistyka-1024x576.jpg\" \/>\n<meta name=\"twitter:card\" content=\"summary_large_image\" \/>\n<script type=\"application\/ld+json\" class=\"yoast-schema-graph\">{\"@context\":\"https:\/\/schema.org\",\"@graph\":[{\"@type\":\"WebPage\",\"@id\":\"https:\/\/antersystem.com\/ar\/news\/anter-system-at-intralogistyka-i-magazynowanie-conference-2024\/\",\"url\":\"https:\/\/antersystem.com\/ar\/news\/anter-system-at-intralogistyka-i-magazynowanie-conference-2024\/\",\"name\":\"Anter System \u0641\u064a \u0645\u0624\u062a\u0645\u0631 \\\"Intralogististyka i magazynowanie\\\" - Anter System\",\"isPartOf\":{\"@id\":\"https:\/\/antersystem.com\/ar\/#website\"},\"primaryImageOfPage\":{\"@id\":\"https:\/\/antersystem.com\/ar\/news\/anter-system-at-intralogistyka-i-magazynowanie-conference-2024\/#primaryimage\"},\"image\":{\"@id\":\"https:\/\/antersystem.com\/ar\/news\/anter-system-at-intralogistyka-i-magazynowanie-conference-2024\/#primaryimage\"},\"thumbnailUrl\":\"https:\/\/antersystem.com\/wp-content\/uploads\/axon_12_2024_konferencja_Intralogistyka-1024x576.jpg\",\"datePublished\":\"2024-11-25T08:14:04+00:00\",\"dateModified\":\"2026-02-02T13:15:46+00:00\",\"description\":\"\u0645\u0624\u062a\u0645\u0631 \\\"Intralogogistyka i magazynowanie, kt\u00f3rej tematyka obejmuj mi\u0119dzy innymi zagadnienienia zwi\u0105zane zwi\u0105zane zwipiecznym magazynem\",\"breadcrumb\":{\"@id\":\"https:\/\/antersystem.com\/ar\/news\/anter-system-at-intralogistyka-i-magazynowanie-conference-2024\/#breadcrumb\"},\"inLanguage\":\"ar\",\"potentialAction\":[{\"@type\":\"ReadAction\",\"target\":[\"https:\/\/antersystem.com\/ar\/news\/anter-system-at-intralogistyka-i-magazynowanie-conference-2024\/\"]}]},{\"@type\":\"ImageObject\",\"inLanguage\":\"ar\",\"@id\":\"https:\/\/antersystem.com\/ar\/news\/anter-system-at-intralogistyka-i-magazynowanie-conference-2024\/#primaryimage\",\"url\":\"https:\/\/antersystem.com\/wp-content\/uploads\/axon_12_2024_konferencja_Intralogistyka-1024x576.jpg\",\"contentUrl\":\"https:\/\/antersystem.com\/wp-content\/uploads\/axon_12_2024_konferencja_Intralogistyka-1024x576.jpg\"},{\"@type\":\"BreadcrumbList\",\"@id\":\"https:\/\/antersystem.com\/ar\/news\/anter-system-at-intralogistyka-i-magazynowanie-conference-2024\/#breadcrumb\",\"itemListElement\":[{\"@type\":\"ListItem\",\"position\":1,\"name\":\"AnterSystem\",\"item\":\"https:\/\/antersystem.com\/ar\/\"},{\"@type\":\"ListItem\",\"position\":2,\"name\":\"\u0627\u0644\u0623\u062e\u0628\u0627\u0631\",\"item\":\"https:\/\/antersystem.com\/ar\/news\/\"},{\"@type\":\"ListItem\",\"position\":3,\"name\":\"Anter System \u0641\u064a \u0645\u0624\u062a\u0645\u0631 &#8220;Intralogististyka i magazynowanie&#8221;\"}]},{\"@type\":\"WebSite\",\"@id\":\"https:\/\/antersystem.com\/ar\/#website\",\"url\":\"https:\/\/antersystem.com\/ar\/\",\"name\":\"Anter System\",\"description\":\"Jeste\u015bmy polskim producentem elastycznych barier ochronnych wykonywanych z polimerowych tworzyw sztucznych. Na rynku krajowym i zagranicznym dzia\u0142amy od ponad 15 lat dbaj\u0105c o zapewnienie bezpiecze\u0144stwa w zak\u0142adach produkcyjnych, magazynach oraz centrach logistycznych.\",\"potentialAction\":[{\"@type\":\"SearchAction\",\"target\":{\"@type\":\"EntryPoint\",\"urlTemplate\":\"https:\/\/antersystem.com\/ar\/?s={search_term_string}\"},\"query-input\":{\"@type\":\"PropertyValueSpecification\",\"valueRequired\":true,\"valueName\":\"search_term_string\"}}],\"inLanguage\":\"ar\"}]}<\/script>\n<!-- \/ Yoast SEO plugin. -->","yoast_head_json":{"title":"Anter System \u0641\u064a \u0645\u0624\u062a\u0645\u0631 \"Intralogististyka i magazynowanie\" - Anter System","description":"\u0645\u0624\u062a\u0645\u0631 \"Intralogogistyka i magazynowanie, kt\u00f3rej tematyka obejmuj mi\u0119dzy innymi zagadnienienia zwi\u0105zane zwi\u0105zane zwipiecznym magazynem","robots":{"index":"index","follow":"follow","max-snippet":"max-snippet:-1","max-image-preview":"max-image-preview:large","max-video-preview":"max-video-preview:-1"},"canonical":"https:\/\/antersystem.com\/ar\/news\/anter-system-at-intralogistyka-i-magazynowanie-conference-2024\/","og_locale":"ar_AR","og_type":"article","og_title":"Anter System \u0641\u064a \u0645\u0624\u062a\u0645\u0631 \"Intralogististyka i magazynowanie\" - Anter System","og_description":"\u0645\u0624\u062a\u0645\u0631 \"Intralogogistyka i magazynowanie, kt\u00f3rej tematyka obejmuj mi\u0119dzy innymi zagadnienienia zwi\u0105zane zwi\u0105zane zwipiecznym magazynem","og_url":"https:\/\/antersystem.com\/ar\/news\/anter-system-at-intralogistyka-i-magazynowanie-conference-2024\/","og_site_name":"Anter System","article_modified_time":"2026-02-02T13:15:46+00:00","og_image":[{"url":"https:\/\/antersystem.com\/wp-content\/uploads\/axon_12_2024_konferencja_Intralogistyka-1024x576.jpg","type":"","width":"","height":""}],"twitter_card":"summary_large_image","schema":{"@context":"https:\/\/schema.org","@graph":[{"@type":"WebPage","@id":"https:\/\/antersystem.com\/ar\/news\/anter-system-at-intralogistyka-i-magazynowanie-conference-2024\/","url":"https:\/\/antersystem.com\/ar\/news\/anter-system-at-intralogistyka-i-magazynowanie-conference-2024\/","name":"Anter System \u0641\u064a \u0645\u0624\u062a\u0645\u0631 \"Intralogististyka i magazynowanie\" - Anter System","isPartOf":{"@id":"https:\/\/antersystem.com\/ar\/#website"},"primaryImageOfPage":{"@id":"https:\/\/antersystem.com\/ar\/news\/anter-system-at-intralogistyka-i-magazynowanie-conference-2024\/#primaryimage"},"image":{"@id":"https:\/\/antersystem.com\/ar\/news\/anter-system-at-intralogistyka-i-magazynowanie-conference-2024\/#primaryimage"},"thumbnailUrl":"https:\/\/antersystem.com\/wp-content\/uploads\/axon_12_2024_konferencja_Intralogistyka-1024x576.jpg","datePublished":"2024-11-25T08:14:04+00:00","dateModified":"2026-02-02T13:15:46+00:00","description":"\u0645\u0624\u062a\u0645\u0631 \"Intralogogistyka i magazynowanie, kt\u00f3rej tematyka obejmuj mi\u0119dzy innymi zagadnienienia zwi\u0105zane zwi\u0105zane zwipiecznym magazynem","breadcrumb":{"@id":"https:\/\/antersystem.com\/ar\/news\/anter-system-at-intralogistyka-i-magazynowanie-conference-2024\/#breadcrumb"},"inLanguage":"ar","potentialAction":[{"@type":"ReadAction","target":["https:\/\/antersystem.com\/ar\/news\/anter-system-at-intralogistyka-i-magazynowanie-conference-2024\/"]}]},{"@type":"ImageObject","inLanguage":"ar","@id":"https:\/\/antersystem.com\/ar\/news\/anter-system-at-intralogistyka-i-magazynowanie-conference-2024\/#primaryimage","url":"https:\/\/antersystem.com\/wp-content\/uploads\/axon_12_2024_konferencja_Intralogistyka-1024x576.jpg","contentUrl":"https:\/\/antersystem.com\/wp-content\/uploads\/axon_12_2024_konferencja_Intralogistyka-1024x576.jpg"},{"@type":"BreadcrumbList","@id":"https:\/\/antersystem.com\/ar\/news\/anter-system-at-intralogistyka-i-magazynowanie-conference-2024\/#breadcrumb","itemListElement":[{"@type":"ListItem","position":1,"name":"AnterSystem","item":"https:\/\/antersystem.com\/ar\/"},{"@type":"ListItem","position":2,"name":"\u0627\u0644\u0623\u062e\u0628\u0627\u0631","item":"https:\/\/antersystem.com\/ar\/news\/"},{"@type":"ListItem","position":3,"name":"Anter System \u0641\u064a \u0645\u0624\u062a\u0645\u0631 &#8220;Intralogististyka i magazynowanie&#8221;"}]},{"@type":"WebSite","@id":"https:\/\/antersystem.com\/ar\/#website","url":"https:\/\/antersystem.com\/ar\/","name":"Anter System","description":"Jeste\u015bmy polskim producentem elastycznych barier ochronnych wykonywanych z polimerowych tworzyw sztucznych. Na rynku krajowym i zagranicznym dzia\u0142amy od ponad 15 lat dbaj\u0105c o zapewnienie bezpiecze\u0144stwa w zak\u0142adach produkcyjnych, magazynach oraz centrach logistycznych.","potentialAction":[{"@type":"SearchAction","target":{"@type":"EntryPoint","urlTemplate":"https:\/\/antersystem.com\/ar\/?s={search_term_string}"},"query-input":{"@type":"PropertyValueSpecification","valueRequired":true,"valueName":"search_term_string"}}],"inLanguage":"ar"}]}},"_links":{"self":[{"href":"https:\/\/antersystem.com\/ar\/wp-json\/wp\/v2\/pages\/38891","targetHints":{"allow":["GET"]}}],"collection":[{"href":"https:\/\/antersystem.com\/ar\/wp-json\/wp\/v2\/pages"}],"about":[{"href":"https:\/\/antersystem.com\/ar\/wp-json\/wp\/v2\/types\/page"}],"author":[{"embeddable":true,"href":"https:\/\/antersystem.com\/ar\/wp-json\/wp\/v2\/users\/1"}],"replies":[{"embeddable":true,"href":"https:\/\/antersystem.com\/ar\/wp-json\/wp\/v2\/comments?post=38891"}],"version-history":[{"count":1,"href":"https:\/\/antersystem.com\/ar\/wp-json\/wp\/v2\/pages\/38891\/revisions"}],"predecessor-version":[{"id":38892,"href":"https:\/\/antersystem.com\/ar\/wp-json\/wp\/v2\/pages\/38891\/revisions\/38892"}],"up":[{"embeddable":true,"href":"https:\/\/antersystem.com\/ar\/wp-json\/wp\/v2\/pages\/30526"}],"wp:attachment":[{"href":"https:\/\/antersystem.com\/ar\/wp-json\/wp\/v2\/media?parent=38891"}],"curies":[{"name":"wp","href":"https:\/\/api.w.org\/{rel}","templated":true}]}}