{"id":38970,"date":"2024-12-12T15:46:51","date_gmt":"2024-12-12T14:46:51","guid":{"rendered":"https:\/\/antersystem.com\/news\/anter-system-expert-commentary-for-kaizen-magazine\/"},"modified":"2026-02-02T15:23:18","modified_gmt":"2026-02-02T14:23:18","slug":"anter-system-expert-commentary-for-kaizen-magazine","status":"publish","type":"page","link":"https:\/\/antersystem.com\/ar\/news\/anter-system-expert-commentary-for-kaizen-magazine\/","title":{"rendered":"\u062a\u0639\u0644\u064a\u0642\u0627\u062a \u062e\u0628\u0631\u0627\u0621 Anter System \u0644\u0645\u062c\u0644\u0629 KAIZEN"},"content":{"rendered":"\n<div class=\"wp-block-columns is-layout-flex wp-container-core-columns-is-layout-9d6595d7 wp-block-columns-is-layout-flex\">\n  \n  <div class=\"wp-block-column is-layout-flow wp-block-column-is-layout-flow\" style=\"flex-basis:10%\"><\/div>\n  \n\n  \n  <div class=\"wp-block-column is-layout-flow wp-block-column-is-layout-flow\">\n    \n    <h2 class=\"wp-block-heading\">\u0628\u0636\u0639 \u0643\u0644\u0645\u0627\u062a \u0645\u0646 Anter System \u0639\u0646 \u0627\u0644\u0633\u0644\u0627\u0645\u0629 \u0627\u0644\u0635\u0646\u0627\u0639\u064a\u0629 <em>\u0644\u0645\u062c\u0644\u0629 \u0643\u0627\u064a\u0632\u0646<\/em> <\/h2>\n    \n\n    \n    <p>\u064a\u0633\u0639\u062f\u0646\u0627 \u0623\u0646 \u0646\u0639\u0644\u0646 \u0623\u0646 \u0627\u0644\u0639\u062f\u062f \u0627\u0644\u0623\u062e\u064a\u0631 \u0645\u0646 <em>\u0645\u062c\u0644\u0629 \u0643\u0627\u064a\u0632\u0646<\/em> (\u0623\u0643\u062a\u0648\u0628\u0631 &#8211; \u0646\u0648\u0641\u0645\u0628\u0631 2024\u060c \u0627\u0644\u0639\u062f\u062f 5(70)\/2024) \u064a\u062a\u0636\u0645\u0646 \u062a\u0639\u0644\u064a\u0642\u064b\u0627 \u0644\u0644\u062e\u0628\u064a\u0631\u0629 \u0646\u0627\u062a\u0627\u0644\u064a\u0627 \u0645\u0627\u0631\u062c\u0627\u062a\u064a\u0633\u060c <strong>\u0645\u062f\u064a\u0631\u0629<\/strong> \u0627\u0644\u0645\u0634\u0631\u0648\u0639 <strong>\u0641\u064a \u0634\u0631\u0643\u0629 Anter System.<\/strong> \u0627\u0644\u062a\u0639\u0644\u064a\u0642 \u0647\u0648 \u062c\u0632\u0621 \u0645\u0646 \u0645\u0642\u0627\u0644 \u0628\u0642\u0644\u0645 \u0645\u064a\u062e\u0627\u0644 \u062c\u0648\u0631\u062a\u0634\u0627\u0643 \u0628\u0639\u0646\u0648\u0627\u0646 <em>&#8220;\u0645\u0646\u0637\u0642\u0629 \u0627\u0644\u062d\u0631\u0643\u0629. \u0643\u064a\u0641 \u0648\u0628\u0623\u064a \u0634\u064a\u0621 \u064a\u062a\u0645 \u062a\u0623\u0645\u064a\u0646 \u0645\u0646\u0627\u0637\u0642 \u062d\u0631\u0643\u0629 \u0627\u0644\u0645\u0639\u062f\u0627\u062a \u0648\u0627\u0644\u0623\u0634\u062e\u0627\u0635 \u0641\u064a \u0627\u0644\u0642\u0627\u0639\u0627\u062a \u0627\u0644\u0635\u0646\u0627\u0639\u064a\u0629\u061f&#8221;\u060c \u0648\u0627\u0644\u0630\u064a \u064a\u062a\u0646\u0627\u0648\u0644<\/em> <strong>\u0627\u0644\u0627\u062a\u062c\u0627\u0647\u0627\u062a<\/strong> \u0627\u0644\u062d\u0627\u0644\u064a\u0629 <strong>\u0641\u064a \u0645\u062c\u0627\u0644 \u0627\u0644\u0633\u0644\u0627\u0645\u0629 \u0627\u0644\u0645\u0647\u0646\u064a\u0629 \u0641\u064a \u0627\u0644\u0628\u064a\u0626\u0627\u062a \u0627\u0644\u0635\u0646\u0627\u0639\u064a\u0629.<\/strong> \u064a\u0633\u062a\u0639\u0631\u0636 \u0627\u0644\u0645\u0642\u0627\u0644 \u0645\u062c\u0645\u0648\u0639\u0629 \u0648\u0627\u0633\u0639\u0629 \u0645\u0646 \u0627\u0644\u062d\u0644\u0648\u0644 \u0627\u0644\u062d\u062f\u064a\u062b\u0629 &#8211; \u0645\u0646 \u0623\u0646\u0638\u0645\u0629 \u062a\u0643\u0646\u0648\u0644\u0648\u062c\u064a\u0627 \u0627\u0644\u0645\u0639\u0644\u0648\u0645\u0627\u062a \u0625\u0644\u0649 \u062a\u062f\u0627\u0628\u064a\u0631 \u0627\u0644\u062d\u0645\u0627\u064a\u0629 \u0627\u0644\u0645\u0627\u062f\u064a\u0629. <\/p>\n    \n\n    \n    <p><strong>\u064a\u0631\u0643\u0632 \u062a\u0639\u0644\u064a\u0642 \u062e\u0628\u0631\u0627\u0626\u0646\u0627<\/strong> \u0639\u0644\u0649 \u0627\u0644\u0648\u0639\u064a \u0627\u0644\u0645\u062a\u0632\u0627\u064a\u062f \u0628\u0627\u0644\u0648\u0642\u0627\u064a\u0629 \u0645\u0646 \u0627\u0644\u062d\u0648\u0627\u062f\u062b \u0641\u064a \u0627\u0644\u0645\u0646\u0634\u0622\u062a \u0627\u0644\u0635\u0646\u0627\u0639\u064a\u0629 \u0627\u0644\u062d\u062f\u064a\u062b\u0629\u060c \u0648\u0627\u0644\u062a\u0639\u0627\u0648\u0646 \u0645\u0639 \u0623\u062e\u0635\u0627\u0626\u064a\u064a \u0627\u0644\u0633\u0644\u0627\u0645\u0629 \u0627\u0644\u0645\u0647\u0646\u064a\u0629 \u0623\u062b\u0646\u0627\u0621 \u0639\u0645\u0644\u064a\u0627\u062a \u062a\u062f\u0642\u064a\u0642 \u0627\u0644\u0633\u0644\u0627\u0645\u0629\u060c \u0648\u0623\u062d\u062f\u062b \u0627\u0644\u0627\u0628\u062a\u0643\u0627\u0631\u0627\u062a \u0645\u0646 \u0627\u0644\u0646\u0638\u0627\u0645 \u0627\u0644\u0645\u0639\u064a\u0627\u0631\u064a \u0644\u0644\u062d\u0648\u0627\u062c\u0632 \u0627\u0644\u0648\u0627\u0642\u064a\u0629 \u0627\u0644\u0645\u0631\u0646\u0629 \u0627\u0644\u062a\u064a \u0637\u0648\u0631\u062a\u0647\u0627 \u0634\u0631\u0643\u0629 Anter System.<\/p>\n    \n\n    \n    <blockquote class=\"wp-block-quote is-layout-flow wp-block-quote-is-layout-flow\">\n      \n      <p><em>&#8220;[&#8230;] \u062a\u0638\u0644 \u062d\u0648\u0627\u062c\u0632 \u0627\u0644\u0633\u0644\u0627\u0645\u0629 \u0627\u0644\u0645\u0627\u062f\u064a\u0629 \u0639\u0646\u0635\u0631\u064b\u0627 \u0623\u0633\u0627\u0633\u064a\u064b\u0627 \u0641\u064a \u0623\u0646\u0638\u0645\u0629 \u0627\u0644\u062d\u0645\u0627\u064a\u0629 \u0641\u064a \u0627\u0644\u0642\u0627\u0639\u0627\u062a \u0627\u0644\u0635\u0646\u0627\u0639\u064a\u0629. \u0641\u0647\u064a \u062a\u0633\u0627\u0639\u062f \u0639\u0644\u0649 \u062a\u0642\u0644\u064a\u0644 \u0645\u062e\u0627\u0637\u0631 \u062d\u0648\u0627\u062f\u062b \u0627\u0644\u0645\u0634\u0627\u0629 \u0648\u062d\u0645\u0627\u064a\u0629 \u0627\u0644\u0622\u0644\u0627\u062a \u0648\u0627\u0644\u0631\u0641\u0648\u0641 \u0648\u0627\u0644\u0628\u0646\u064a\u0629 \u0627\u0644\u062a\u062d\u062a\u064a\u0629 \u0648\u063a\u064a\u0631\u0647\u0627 \u0645\u0646 \u0627\u0644\u0645\u0646\u0627\u0637\u0642 \u0627\u0644\u0645\u0639\u0631\u0636\u0629 \u0644\u0644\u062a\u0644\u0641 \u0628\u0634\u0643\u0644 \u0641\u0639\u0627\u0644. \u0639\u0646\u062f \u0627\u062e\u062a\u064a\u0627\u0631 \u0627\u0644\u062d\u0645\u0627\u064a\u0629 \u0627\u0644\u0645\u0646\u0627\u0633\u0628\u0629\u060c \u062a\u0644\u0639\u0628 \u0627\u0644\u0645\u0648\u0627\u062f \u0627\u0644\u0645\u0633\u062a\u062e\u062f\u0645\u0629 \u062f\u0648\u0631\u064b\u0627 \u062d\u0627\u0633\u0645\u064b\u0627. \u064a\u062c\u062f\u0631 \u0627\u0644\u0646\u0638\u0631 \u0641\u064a \u0645\u062a\u0627\u0646\u0629 \u0627\u0644\u062d\u0644\u0648\u0644 \u0627\u0644\u0645\u0639\u0631\u0648\u0636\u0629 \u0648\u0639\u0645\u0631\u0647\u0627 \u0627\u0644\u0627\u0641\u062a\u0631\u0627\u0636\u064a \u0648\u0633\u0647\u0648\u0644\u0629 \u0635\u064a\u0627\u0646\u062a\u0647\u0627 \u0648\u062c\u0645\u0627\u0644\u064a\u0627\u062a\u0647\u0627. [&#8230;]      <\/em><\/p>\n      \n\n      \n      <p><em>\u062a\u0648\u0641\u0631 \u0647\u0630\u0647 \u0627\u0644\u0623\u0646\u0638\u0645\u0629 \u0627\u0644\u062d\u062f\u064a\u062b\u0629 \u0623\u064a\u0636\u0627\u064b \u0645\u064a\u0632\u0627\u062a \u0625\u0636\u0627\u0641\u064a\u0629 \u0645\u062b\u0644 \u0623\u0636\u0648\u0627\u0621 \u0627\u0644\u062a\u062d\u0630\u064a\u0631 \u0623\u0648 \u0627\u0644\u0625\u0634\u0627\u0631\u0627\u062a \u0627\u0644\u0635\u0648\u062a\u064a\u0629. \u0648\u0645\u0646 \u0627\u0644\u062d\u0644\u0648\u0644 \u0627\u0644\u0634\u0627\u0626\u0639\u0629 \u0628\u0634\u0643\u0644 \u0645\u062a\u0632\u0627\u064a\u062f \u0627\u0644\u062d\u0644\u0648\u0644 \u0627\u0644\u062a\u064a \u062a\u063a\u0644\u0642 \u0628\u0648\u0627\u0628\u0627\u062a \u0627\u0644\u0623\u0645\u0627\u0646 \u0639\u0646\u062f \u0627\u0643\u062a\u0634\u0627\u0641 \u0627\u0642\u062a\u0631\u0627\u0628 \u0633\u064a\u0627\u0631\u0629. \u062a\u0647\u062f\u0641 \u062c\u0645\u064a\u0639 \u0647\u0630\u0647 \u0627\u0644\u0648\u0638\u0627\u0626\u0641 \u0625\u0644\u0649 \u0645\u0646\u0639 \u0627\u0644\u062a\u0635\u0627\u062f\u0645 \u0628\u064a\u0646 \u0627\u0644\u0645\u0634\u0627\u0629 \u0648\u0627\u0644\u0645\u0631\u0643\u0628\u0627\u062a \u0641\u064a \u0627\u0644\u0645\u0646\u0627\u0637\u0642 \u0627\u0644\u0645\u0639\u0631\u0636\u0629 \u0628\u0634\u0643\u0644 \u062e\u0627\u0635 \u0644\u0644\u0627\u0635\u0637\u062f\u0627\u0645.&#8221;  <\/em><\/p>\n      \n      <cite>\u0646\u0627\u062a\u0627\u0644\u064a\u0627 \u0645\u0627\u0631\u062c\u0627\u062a\u064a\u0633\u060c \u0645\u062f\u064a\u0631\u0629 \u0645\u0634\u0631\u0648\u0639 \u0641\u064a \u0634\u0631\u0643\u0629 Anter System\u060c \u0643\u0627\u064a\u0632\u0646 <em>\u0631\u0642\u0645 5(70<\/em> )\/2024<\/cite>\n    <\/blockquote>\n    \n\n    \n    <p>\u0627\u0644\u0645\u0642\u0627\u0644\u0629 \u0627\u0644\u0643\u0627\u0645\u0644\u0629 \u0645\u062a\u0627\u062d\u0629 \u0639\u0644\u0649 \u0627\u0644\u0625\u0646\u062a\u0631\u0646\u062a \u0639\u0644\u0649 \u0627\u0644\u0631\u0627\u0628\u0637: <a href=\"https:\/\/www.logistyczny.com\/sklep24\/index.php\/kaizen\/2024\/kaizen-5-2024-e-wydanie.html\"><em>\u0643\u0627\u064a\u0632\u0646 5\/2024 &#8211; \u0627\u0644\u0625\u0635\u062f\u0627\u0631 \u0627\u0644\u0625\u0644\u0643\u062a\u0631\u0648\u0646\u064a &#8211; 2024 &#8211; \u0643\u0627\u064a\u0632\u0646<\/em><\/a><\/p>\n    \n\n    \n    <p>\u064a\u062a\u0636\u0645\u0646 \u0627\u0644\u0639\u062f\u062f \u0627\u0644\u0623\u062e\u064a\u0631 \u0623\u064a\u0636\u064b\u0627 \u0627\u0644\u0639\u062f\u064a\u062f \u0645\u0646 \u0627\u0644\u0645\u0648\u0636\u0648\u0639\u0627\u062a \u0627\u0644\u062b\u0627\u0642\u0628\u0629 \u0627\u0644\u0623\u062e\u0631\u0649 \u0644\u0644\u0645\u0647\u0646\u064a\u064a\u0646 \u0641\u064a \u0627\u0644\u0642\u0637\u0627\u0639 \u0627\u0644\u0635\u0646\u0627\u0639\u064a &#8211; \u0627\u0644\u062a\u064a \u062a\u063a\u0637\u064a \u0627\u0644\u0625\u062f\u0627\u0631\u0629 \u0648\u0627\u0644\u0623\u062a\u0645\u062a\u0629 \u0648\u0627\u0644\u0631\u0648\u0628\u0648\u062a\u0627\u062a \u0648\u0627\u0644\u0630\u0643\u0627\u0621 \u0627\u0644\u0627\u0635\u0637\u0646\u0627\u0639\u064a \u0641\u064a \u0627\u0644\u062a\u0635\u0646\u064a\u0639 &#8211; \u0625\u0644\u0649 \u062c\u0627\u0646\u0628 \u0645\u0642\u0627\u0644 \u0645\u0644\u062e\u0635 \u0633\u0646\u0648\u064a \u0645\u062b\u064a\u0631 \u0644\u0644\u0627\u0647\u062a\u0645\u0627\u0645: <em>&#8220;\u062e\u0645\u0633\u0629 \u0627\u062a\u062c\u0627\u0647\u0627\u062a. \u0627\u0644\u062a\u0642\u0646\u064a\u0627\u062a \u0627\u0644\u062c\u062f\u064a\u062f\u0629 \u0641\u064a \u0627\u0644\u0644\u0648\u062c\u0633\u062a\u064a\u0627\u062a \u0648\u0627\u0644\u0635\u0646\u0627\u0639\u0629 \u0641\u064a \u0639\u0627\u0645 2024 &#8211; \u0645\u0646 \u0627\u0644\u0630\u0643\u0627\u0621 \u0627\u0644\u0627\u0635\u0637\u0646\u0627\u0639\u064a \u0625\u0644\u0649 \u0627\u0644\u0643\u0647\u0631\u0628\u0629.&#8221;<\/em> \u0646\u0648\u0635\u064a \u0628\u0634\u062f\u0629 \u0628\u0642\u0631\u0627\u0621\u062a\u0647!<\/p>\n    \n\n    \n    <p>&#8212;&#8212;&#8212;&#8212;&#8212;&#8212;&#8212;&#8212;&#8212;&#8212;&#8212;&#8212;-<\/p>\n    \n\n    \n    <p><em>&#8220;\u0643\u0627\u064a\u0632\u0646. \u0645\u062c\u0644\u0629 \u062d\u0648\u0644 \u0623\u062f\u0648\u0627\u062a \u0627\u0644\u062a\u062d\u0633\u064a\u0646 \u0627\u0644\u0645\u0633\u062a\u0645\u0631 \u0641\u064a \u0627\u0644\u062a\u0635\u0646\u064a\u0639 \u0627\u0644\u062e\u0627\u0644\u064a \u0645\u0646 \u0627\u0644\u0647\u062f\u0631&#8221; \u0647\u064a<\/em> \u0627\u0644\u0645\u0646\u0634\u0648\u0631 \u0627\u0644\u0628\u0648\u0644\u0646\u062f\u064a \u0627\u0644\u0648\u062d\u064a\u062f \u0627\u0644\u0645\u062e\u0635\u0635 \u0644\u0645\u0646\u0633\u0642\u064a \u0643\u0627\u064a\u0632\u0646\/\u0645\u0646\u0633\u0642\u064a \u0643\u0627\u064a\u0632\u0646 \u0648\u0627\u0644\u0645\u0647\u0646\u064a\u064a\u0646 \u0627\u0644\u0630\u064a\u0646 \u064a\u0637\u0628\u0642\u0648\u0646 \u0627\u0633\u062a\u0631\u0627\u062a\u064a\u062c\u064a\u0627\u062a \u0627\u0644\u0625\u062f\u0627\u0631\u0629 \u0627\u0644\u062e\u0627\u0644\u064a\u0629 \u0645\u0646 \u0627\u0644\u0647\u062f\u0631 \u0641\u064a \u0627\u0644\u0645\u0624\u0633\u0633\u0627\u062a &#8211; \u0645\u0639 \u0627\u0644\u062a\u0631\u0643\u064a\u0632 \u0628\u0634\u0643\u0644 \u062e\u0627\u0635 \u0639\u0644\u0649 \u0645\u062c\u0627\u0644\u0627\u062a \u0627\u0644\u0625\u0646\u062a\u0627\u062c \u0648\u0627\u0644\u0639\u0645\u0644\u064a\u0627\u062a. \u064a\u062a\u0636\u0645\u0646 \u0627\u0644\u0645\u062d\u062a\u0648\u0649 \u0627\u0644\u062a\u0643\u0645\u064a\u0644\u064a \u0645\u0648\u0627\u062f \u062d\u0648\u0644 \u0627\u0644\u0628\u0646\u064a\u0629 \u0627\u0644\u062a\u062d\u062a\u064a\u0629 \u0644\u0644\u0623\u062c\u0647\u0632\u0629 \u0627\u0644\u0645\u0633\u062a\u062e\u062f\u0645\u0629 \u0641\u064a \u062e\u0637\u0648\u0637 \u0627\u0644\u0625\u0646\u062a\u0627\u062c\u060c \u0648\u062d\u0644\u0648\u0644 \u0623\u062a\u0645\u062a\u0629 \u062a\u062f\u0641\u0642 \u0627\u0644\u0645\u0648\u0627\u062f \u0648\u0627\u0644\u0645\u0646\u062a\u062c\u0627\u062a\u060c \u0648\u0623\u0646\u0638\u0645\u0629 \u062a\u0643\u0646\u0648\u0644\u0648\u062c\u064a\u0627 \u0627\u0644\u0645\u0639\u0644\u0648\u0645\u0627\u062a \u0627\u0644\u062a\u064a \u062a\u062a\u062d\u0643\u0645 \u0641\u064a \u0639\u0645\u0644\u064a\u0627\u062a \u0627\u0644\u0625\u0646\u062a\u0627\u062c. <\/p>\n    \n\n    \n    <p><em>\u0627\u0644\u0645\u0635\u062f\u0631: <a href=\"https:\/\/www.logistyczny.com\/\">www.logistyczny.com<\/a><\/em><\/p>\n    \n  <\/div>\n  \n\n  \n  <div class=\"wp-block-column is-layout-flow wp-block-column-is-layout-flow\" style=\"flex-basis:10%\"><\/div>\n  \n<\/div>\n","protected":false},"excerpt":{"rendered":"<p>\u0628\u0636\u0639 \u0643\u0644\u0645\u0627\u062a \u0645\u0646 Anter System \u0639\u0646 \u0627\u0644\u0633\u0644\u0627\u0645\u0629 \u0627\u0644\u0635\u0646\u0627\u0639\u064a\u0629 \u0644\u0645\u062c\u0644\u0629 \u0643\u0627\u064a\u0632\u0646 \u064a\u0633\u0639\u062f\u0646\u0627 \u0623\u0646 \u0646\u0639\u0644\u0646 \u0623\u0646 \u0627\u0644\u0639\u062f\u062f \u0627\u0644\u0623\u062e\u064a\u0631 \u0645\u0646 \u0645\u062c\u0644\u0629 \u0643\u0627\u064a\u0632\u0646 (\u0623\u0643\u062a\u0648\u0628\u0631 &#8211; \u0646\u0648\u0641\u0645\u0628\u0631 2024\u060c \u0627\u0644\u0639\u062f\u062f 5(70)\/2024) \u064a\u062a\u0636\u0645\u0646 \u062a\u0639\u0644\u064a\u0642\u064b\u0627 \u0644\u0644\u062e\u0628\u064a\u0631\u0629 \u0646\u0627\u062a\u0627\u0644\u064a\u0627 \u0645\u0627\u0631\u062c\u0627\u062a\u064a\u0633\u060c \u0645\u062f\u064a\u0631\u0629 \u0627\u0644\u0645\u0634\u0631\u0648\u0639 \u0641\u064a \u0634\u0631\u0643\u0629 Anter System. \u0627\u0644\u062a\u0639\u0644\u064a\u0642 \u0647\u0648 \u062c\u0632\u0621 \u0645\u0646 \u0645\u0642\u0627\u0644 \u0628\u0642\u0644\u0645 \u0645\u064a\u062e\u0627\u0644 \u062c\u0648\u0631\u062a\u0634\u0627\u0643 \u0628\u0639\u0646\u0648\u0627\u0646 &#8220;\u0645\u0646\u0637\u0642\u0629 \u0627\u0644\u062d\u0631\u0643\u0629. \u0643\u064a\u0641 \u0648\u0628\u0623\u064a \u0634\u064a\u0621 \u064a\u062a\u0645 \u062a\u0623\u0645\u064a\u0646 \u0645\u0646\u0627\u0637\u0642 \u062d\u0631\u0643\u0629 \u0627\u0644\u0645\u0639\u062f\u0627\u062a [&hellip;]<\/p>\n","protected":false},"author":1,"featured_media":0,"parent":30526,"menu_order":0,"comment_status":"closed","ping_status":"closed","template":"","meta":{"inline_featured_image":false,"ngg_post_thumbnail":0,"footnotes":""},"class_list":["post-38970","page","type-page","status-publish","hentry"],"acf":[],"yoast_head":"<!-- This site is optimized with the Yoast SEO plugin v27.0 - https:\/\/yoast.com\/product\/yoast-seo-wordpress\/ -->\n<title>\u062a\u0639\u0644\u064a\u0642\u0627\u062a \u062e\u0628\u0631\u0627\u0621 Anter System \u0644\u0645\u062c\u0644\u0629 KAIZEN - Anter System<\/title>\n<meta name=\"description\" content=\"Zapraszamy do lektury najnowszego wydania magazynu KAIZEN\u060c \u062d\u064a\u062b \u064a\u0645\u0643\u0646 \u0623\u0646 \u064a\u0643\u0648\u0646 \u0647\u0646\u0627\u0643 \u0627\u0644\u0645\u0632\u064a\u062f \u0645\u0646 \u0627\u0644\u0645\u0639\u0644\u0648\u0645\u0627\u062a \u062d\u0648\u0644 \u0646\u0638\u0627\u0645 Anter System\" \/>\n<meta name=\"robots\" content=\"index, follow, max-snippet:-1, max-image-preview:large, max-video-preview:-1\" \/>\n<link rel=\"canonical\" href=\"https:\/\/antersystem.com\/ar\/news\/anter-system-expert-commentary-for-kaizen-magazine\/\" \/>\n<meta property=\"og:locale\" content=\"ar_AR\" \/>\n<meta property=\"og:type\" content=\"article\" \/>\n<meta property=\"og:title\" content=\"\u062a\u0639\u0644\u064a\u0642\u0627\u062a \u062e\u0628\u0631\u0627\u0621 Anter System \u0644\u0645\u062c\u0644\u0629 KAIZEN - Anter System\" \/>\n<meta property=\"og:description\" content=\"Zapraszamy do lektury najnowszego wydania magazynu KAIZEN\u060c \u062d\u064a\u062b \u064a\u0645\u0643\u0646 \u0623\u0646 \u064a\u0643\u0648\u0646 \u0647\u0646\u0627\u0643 \u0627\u0644\u0645\u0632\u064a\u062f \u0645\u0646 \u0627\u0644\u0645\u0639\u0644\u0648\u0645\u0627\u062a \u062d\u0648\u0644 \u0646\u0638\u0627\u0645 Anter System\" \/>\n<meta property=\"og:url\" content=\"https:\/\/antersystem.com\/ar\/news\/anter-system-expert-commentary-for-kaizen-magazine\/\" \/>\n<meta property=\"og:site_name\" content=\"Anter System\" \/>\n<meta property=\"article:modified_time\" content=\"2026-02-02T14:23:18+00:00\" \/>\n<meta name=\"twitter:card\" content=\"summary_large_image\" \/>\n<script type=\"application\/ld+json\" class=\"yoast-schema-graph\">{\"@context\":\"https:\/\/schema.org\",\"@graph\":[{\"@type\":\"WebPage\",\"@id\":\"https:\/\/antersystem.com\/ar\/news\/anter-system-expert-commentary-for-kaizen-magazine\/\",\"url\":\"https:\/\/antersystem.com\/ar\/news\/anter-system-expert-commentary-for-kaizen-magazine\/\",\"name\":\"\u062a\u0639\u0644\u064a\u0642\u0627\u062a \u062e\u0628\u0631\u0627\u0621 Anter System \u0644\u0645\u062c\u0644\u0629 KAIZEN - Anter System\",\"isPartOf\":{\"@id\":\"https:\/\/antersystem.com\/ar\/#website\"},\"datePublished\":\"2024-12-12T14:46:51+00:00\",\"dateModified\":\"2026-02-02T14:23:18+00:00\",\"description\":\"Zapraszamy do lektury najnowszego wydania magazynu KAIZEN\u060c \u062d\u064a\u062b \u064a\u0645\u0643\u0646 \u0623\u0646 \u064a\u0643\u0648\u0646 \u0647\u0646\u0627\u0643 \u0627\u0644\u0645\u0632\u064a\u062f \u0645\u0646 \u0627\u0644\u0645\u0639\u0644\u0648\u0645\u0627\u062a \u062d\u0648\u0644 \u0646\u0638\u0627\u0645 Anter System\",\"breadcrumb\":{\"@id\":\"https:\/\/antersystem.com\/ar\/news\/anter-system-expert-commentary-for-kaizen-magazine\/#breadcrumb\"},\"inLanguage\":\"ar\",\"potentialAction\":[{\"@type\":\"ReadAction\",\"target\":[\"https:\/\/antersystem.com\/ar\/news\/anter-system-expert-commentary-for-kaizen-magazine\/\"]}]},{\"@type\":\"BreadcrumbList\",\"@id\":\"https:\/\/antersystem.com\/ar\/news\/anter-system-expert-commentary-for-kaizen-magazine\/#breadcrumb\",\"itemListElement\":[{\"@type\":\"ListItem\",\"position\":1,\"name\":\"AnterSystem\",\"item\":\"https:\/\/antersystem.com\/ar\/\"},{\"@type\":\"ListItem\",\"position\":2,\"name\":\"\u0627\u0644\u0623\u062e\u0628\u0627\u0631\",\"item\":\"https:\/\/antersystem.com\/ar\/news\/\"},{\"@type\":\"ListItem\",\"position\":3,\"name\":\"\u062a\u0639\u0644\u064a\u0642\u0627\u062a \u062e\u0628\u0631\u0627\u0621 Anter System \u0644\u0645\u062c\u0644\u0629 KAIZEN\"}]},{\"@type\":\"WebSite\",\"@id\":\"https:\/\/antersystem.com\/ar\/#website\",\"url\":\"https:\/\/antersystem.com\/ar\/\",\"name\":\"Anter System\",\"description\":\"Jeste\u015bmy polskim producentem elastycznych barier ochronnych wykonywanych z polimerowych tworzyw sztucznych. Na rynku krajowym i zagranicznym dzia\u0142amy od ponad 15 lat dbaj\u0105c o zapewnienie bezpiecze\u0144stwa w zak\u0142adach produkcyjnych, magazynach oraz centrach logistycznych.\",\"potentialAction\":[{\"@type\":\"SearchAction\",\"target\":{\"@type\":\"EntryPoint\",\"urlTemplate\":\"https:\/\/antersystem.com\/ar\/?s={search_term_string}\"},\"query-input\":{\"@type\":\"PropertyValueSpecification\",\"valueRequired\":true,\"valueName\":\"search_term_string\"}}],\"inLanguage\":\"ar\"}]}<\/script>\n<!-- \/ Yoast SEO plugin. -->","yoast_head_json":{"title":"\u062a\u0639\u0644\u064a\u0642\u0627\u062a \u062e\u0628\u0631\u0627\u0621 Anter System \u0644\u0645\u062c\u0644\u0629 KAIZEN - Anter System","description":"Zapraszamy do lektury najnowszego wydania magazynu KAIZEN\u060c \u062d\u064a\u062b \u064a\u0645\u0643\u0646 \u0623\u0646 \u064a\u0643\u0648\u0646 \u0647\u0646\u0627\u0643 \u0627\u0644\u0645\u0632\u064a\u062f \u0645\u0646 \u0627\u0644\u0645\u0639\u0644\u0648\u0645\u0627\u062a \u062d\u0648\u0644 \u0646\u0638\u0627\u0645 Anter System","robots":{"index":"index","follow":"follow","max-snippet":"max-snippet:-1","max-image-preview":"max-image-preview:large","max-video-preview":"max-video-preview:-1"},"canonical":"https:\/\/antersystem.com\/ar\/news\/anter-system-expert-commentary-for-kaizen-magazine\/","og_locale":"ar_AR","og_type":"article","og_title":"\u062a\u0639\u0644\u064a\u0642\u0627\u062a \u062e\u0628\u0631\u0627\u0621 Anter System \u0644\u0645\u062c\u0644\u0629 KAIZEN - Anter System","og_description":"Zapraszamy do lektury najnowszego wydania magazynu KAIZEN\u060c \u062d\u064a\u062b \u064a\u0645\u0643\u0646 \u0623\u0646 \u064a\u0643\u0648\u0646 \u0647\u0646\u0627\u0643 \u0627\u0644\u0645\u0632\u064a\u062f \u0645\u0646 \u0627\u0644\u0645\u0639\u0644\u0648\u0645\u0627\u062a \u062d\u0648\u0644 \u0646\u0638\u0627\u0645 Anter System","og_url":"https:\/\/antersystem.com\/ar\/news\/anter-system-expert-commentary-for-kaizen-magazine\/","og_site_name":"Anter System","article_modified_time":"2026-02-02T14:23:18+00:00","twitter_card":"summary_large_image","schema":{"@context":"https:\/\/schema.org","@graph":[{"@type":"WebPage","@id":"https:\/\/antersystem.com\/ar\/news\/anter-system-expert-commentary-for-kaizen-magazine\/","url":"https:\/\/antersystem.com\/ar\/news\/anter-system-expert-commentary-for-kaizen-magazine\/","name":"\u062a\u0639\u0644\u064a\u0642\u0627\u062a \u062e\u0628\u0631\u0627\u0621 Anter System \u0644\u0645\u062c\u0644\u0629 KAIZEN - Anter System","isPartOf":{"@id":"https:\/\/antersystem.com\/ar\/#website"},"datePublished":"2024-12-12T14:46:51+00:00","dateModified":"2026-02-02T14:23:18+00:00","description":"Zapraszamy do lektury najnowszego wydania magazynu KAIZEN\u060c \u062d\u064a\u062b \u064a\u0645\u0643\u0646 \u0623\u0646 \u064a\u0643\u0648\u0646 \u0647\u0646\u0627\u0643 \u0627\u0644\u0645\u0632\u064a\u062f \u0645\u0646 \u0627\u0644\u0645\u0639\u0644\u0648\u0645\u0627\u062a \u062d\u0648\u0644 \u0646\u0638\u0627\u0645 Anter System","breadcrumb":{"@id":"https:\/\/antersystem.com\/ar\/news\/anter-system-expert-commentary-for-kaizen-magazine\/#breadcrumb"},"inLanguage":"ar","potentialAction":[{"@type":"ReadAction","target":["https:\/\/antersystem.com\/ar\/news\/anter-system-expert-commentary-for-kaizen-magazine\/"]}]},{"@type":"BreadcrumbList","@id":"https:\/\/antersystem.com\/ar\/news\/anter-system-expert-commentary-for-kaizen-magazine\/#breadcrumb","itemListElement":[{"@type":"ListItem","position":1,"name":"AnterSystem","item":"https:\/\/antersystem.com\/ar\/"},{"@type":"ListItem","position":2,"name":"\u0627\u0644\u0623\u062e\u0628\u0627\u0631","item":"https:\/\/antersystem.com\/ar\/news\/"},{"@type":"ListItem","position":3,"name":"\u062a\u0639\u0644\u064a\u0642\u0627\u062a \u062e\u0628\u0631\u0627\u0621 Anter System \u0644\u0645\u062c\u0644\u0629 KAIZEN"}]},{"@type":"WebSite","@id":"https:\/\/antersystem.com\/ar\/#website","url":"https:\/\/antersystem.com\/ar\/","name":"Anter System","description":"Jeste\u015bmy polskim producentem elastycznych barier ochronnych wykonywanych z polimerowych tworzyw sztucznych. Na rynku krajowym i zagranicznym dzia\u0142amy od ponad 15 lat dbaj\u0105c o zapewnienie bezpiecze\u0144stwa w zak\u0142adach produkcyjnych, magazynach oraz centrach logistycznych.","potentialAction":[{"@type":"SearchAction","target":{"@type":"EntryPoint","urlTemplate":"https:\/\/antersystem.com\/ar\/?s={search_term_string}"},"query-input":{"@type":"PropertyValueSpecification","valueRequired":true,"valueName":"search_term_string"}}],"inLanguage":"ar"}]}},"_links":{"self":[{"href":"https:\/\/antersystem.com\/ar\/wp-json\/wp\/v2\/pages\/38970","targetHints":{"allow":["GET"]}}],"collection":[{"href":"https:\/\/antersystem.com\/ar\/wp-json\/wp\/v2\/pages"}],"about":[{"href":"https:\/\/antersystem.com\/ar\/wp-json\/wp\/v2\/types\/page"}],"author":[{"embeddable":true,"href":"https:\/\/antersystem.com\/ar\/wp-json\/wp\/v2\/users\/1"}],"replies":[{"embeddable":true,"href":"https:\/\/antersystem.com\/ar\/wp-json\/wp\/v2\/comments?post=38970"}],"version-history":[{"count":1,"href":"https:\/\/antersystem.com\/ar\/wp-json\/wp\/v2\/pages\/38970\/revisions"}],"predecessor-version":[{"id":38972,"href":"https:\/\/antersystem.com\/ar\/wp-json\/wp\/v2\/pages\/38970\/revisions\/38972"}],"up":[{"embeddable":true,"href":"https:\/\/antersystem.com\/ar\/wp-json\/wp\/v2\/pages\/30526"}],"wp:attachment":[{"href":"https:\/\/antersystem.com\/ar\/wp-json\/wp\/v2\/media?parent=38970"}],"curies":[{"name":"wp","href":"https:\/\/api.w.org\/{rel}","templated":true}]}}