{"id":39036,"date":"2023-10-11T15:11:24","date_gmt":"2023-10-11T13:11:24","guid":{"rendered":"https:\/\/antersystem.com\/news\/product-of-the-year-2019\/"},"modified":"2026-02-02T15:24:52","modified_gmt":"2026-02-02T14:24:52","slug":"product-of-the-year-2019","status":"publish","type":"page","link":"https:\/\/antersystem.com\/ar\/news\/product-of-the-year-2019\/","title":{"rendered":"\u0645\u0646\u062a\u062c \u0627\u0644\u0639\u0627\u0645 2019"},"content":{"rendered":"\n<div class=\"wp-block-columns is-layout-flex wp-container-core-columns-is-layout-9d6595d7 wp-block-columns-is-layout-flex\">\n<div class=\"wp-block-column is-layout-flow wp-block-column-is-layout-flow\" style=\"flex-basis:10%\"><\/div>\n\n\n\n<div class=\"wp-block-column is-layout-flow wp-block-column-is-layout-flow\">\n<h3 class=\"wp-block-heading\">\u0641\u0627\u0632\u062a \u0634\u0627\u062d\u0646\u0629 \u0627\u0644\u062f\u0639\u0645 \u0646\u0635\u0641 \u0627\u0644\u0645\u0642\u0637\u0648\u0631\u0629 JST 1.2 \u0628\u0627\u0633\u062a\u0641\u062a\u0627\u0621 \u0627\u0644\u0647\u0646\u062f\u0633\u0629 \u0648\u0627\u0644\u0635\u064a\u0627\u0646\u0629 &#8211; \u0623\u0641\u0636\u0644 \u0645\u0646\u062a\u062c \u0644\u0639\u0627\u0645 2019<\/h3>\n\n\n\n<p style=\"text-align: left;\">\u062a\u0645 \u062a\u0635\u0645\u064a\u0645 \u062f\u0639\u0627\u0645\u0629 \u0646\u0635\u0641 \u0627\u0644\u0645\u0642\u0637\u0648\u0631\u0629 JST 1.2 \u0644\u0636\u0645\u0627\u0646 \u0627\u0644\u0633\u0644\u0627\u0645\u0629 \u0623\u062b\u0646\u0627\u0621 \u062a\u062d\u0645\u064a\u0644 \u0648\u062a\u0641\u0631\u064a\u063a \u0627\u0644\u0628\u0636\u0627\u0626\u0639 \u0645\u0646 \u0646\u0635\u0641 \u0627\u0644\u0645\u0642\u0637\u0648\u0631\u0629 \u062f\u0648\u0646 \u0627\u0633\u062a\u062e\u062f\u0627\u0645 \u0648\u062d\u062f\u0629 \u062c\u0631\u0627\u0631. \u062a\u0645\u0646\u0639 \u0627\u0644\u062f\u0639\u0627\u0645\u0629 \u0628\u0634\u0643\u0644 \u0641\u0639\u0627\u0644 \u0627\u0644\u0645\u0642\u0637\u0648\u0631\u0629 \u0645\u0646 \u0627\u0644\u0645\u064a\u0644 \u0623\u0648 \u0627\u0644\u0627\u0646\u0642\u0644\u0627\u0628\u060c \u0645\u0645\u0627 \u064a\u0642\u0644\u0644 \u0645\u0646 \u0645\u062e\u0627\u0637\u0631 \u0627\u0644\u062d\u0648\u0627\u062f\u062b. <strong>\u0648\u0642\u062f \u062a\u0645 \u0627\u0644\u0627\u0639\u062a\u0631\u0627\u0641 \u0628\u0641\u0648\u0627\u0626\u062f \u0627\u0644\u0627\u0633\u062a\u062b\u0645\u0627\u0631 \u0641\u064a \u062d\u0644\u0648\u0644 \u0627\u0644\u0633\u0644\u0627\u0645\u0629 \u0627\u0644\u0645\u0646\u0627\u0633\u0628\u0629 \u0641\u064a \u0645\u062d\u0637\u0627\u062a \u0627\u0644\u062a\u062d\u0645\u064a\u0644 \u0641\u064a \u0627\u0633\u062a\u0641\u062a\u0627\u0621 \u0627\u0644\u0647\u0646\u062f\u0633\u0629 \u0648\u0627\u0644\u0635\u064a\u0627\u0646\u0629\u060c <a href=\"https:\/\/utrzymanieruchu.pl\/konkurs-produkt-roku-2019-rozstrzygniety\/\">\u0648\u062d\u0635\u0644\u062a \u062f\u0639\u0627\u0645\u0629 \u0627\u0644\u0645\u0642\u0637\u0648\u0631\u0629 JST 1.2 \u0639\u0644\u0649 \u062c\u0627\u0626\u0632\u0629 \u0623\u0641\u0636\u0644 \u0645\u0646\u062a\u062c \u0644\u0639\u0627\u0645 2019 \u0641\u064a \u0641\u0626\u0629 \u0645\u0639\u062f\u0627\u062a \u0627\u0644\u0646\u0642\u0644.<\/a><\/strong> <\/p>\n<p style=\"text-align: left;\">\u064a\u062a\u0645\u064a\u0632 \u0627\u0644\u0645\u0646\u062a\u062c \u0628\u0646\u0638\u0627\u0645 \u0627\u0644\u062a\u0633\u0648\u064a\u0629 \u0627\u0644\u0630\u0627\u062a\u064a\u0629\u060c \u0648\u064a\u0645\u0643\u0646 \u062a\u0639\u062f\u064a\u0644 \u0627\u0631\u062a\u0641\u0627\u0639\u0647 \u062d\u0633\u0628 \u0627\u0644\u062d\u0627\u062c\u0629. \u064a\u062a\u064a\u062d \u0646\u0638\u0627\u0645 \u0627\u0644\u062d\u0631\u0643\u0629 \u0625\u0645\u0643\u0627\u0646\u064a\u0629 \u0648\u0636\u0639 \u0627\u0644\u062f\u0639\u0627\u0645\u0629 \u0628\u0633\u0647\u0648\u0644\u0629 \u062a\u062d\u062a \u0646\u0635\u0641 \u0627\u0644\u0645\u0642\u0637\u0648\u0631\u0629. \u064a\u0648\u0635\u064a \u0645\u0635\u0646\u0639\u0648 \u0627\u0644\u0645\u0642\u0637\u0648\u0631\u0627\u062a \u0628\u0627\u0633\u062a\u062e\u062f\u0627\u0645 \u0627\u0644\u062f\u0639\u0627\u0645\u0627\u062a \u0639\u0646\u062f \u0627\u0644\u062a\u062d\u0645\u064a\u0644 \u0628\u062f\u0648\u0646 \u0648\u062d\u062f\u0627\u062a \u0627\u0644\u062c\u0631\u0627\u0631 &#8211; \u0639\u0644\u0627\u0648\u0629 \u0639\u0644\u0649 \u0630\u0644\u0643\u060c \u064a\u0645\u0643\u0646 \u0627\u0644\u0639\u062b\u0648\u0631 \u0639\u0644\u0649 \u0645\u0644\u0635\u0642\u0627\u062a \u062a\u062d\u0630\u064a\u0631\u064a\u0629 \u062a\u0648\u0635\u064a \u0628\u0627\u0633\u062a\u062e\u062f\u0627\u0645 \u062f\u0639\u0627\u0645\u0627\u062a \u0625\u0636\u0627\u0641\u064a\u0629 \u0639\u0644\u0649 \u0628\u0639\u0636 \u0623\u0646\u0635\u0627\u0641 \u0627\u0644\u0645\u0642\u0637\u0648\u0631\u0627\u062a.  <\/p>\n\n\n<div class=\"wp-block-image\">\n<figure class=\"aligncenter size-full is-resized\"><img loading=\"lazy\" decoding=\"async\" src=\"https:\/\/antersystem.com\/wp-content\/uploads\/Produkt-roku-2019-1.png\" alt=\"\" class=\"wp-image-2832\" style=\"width:485px;height:451px\" width=\"485\" height=\"451\" srcset=\"https:\/\/antersystem.com\/wp-content\/uploads\/Produkt-roku-2019-1.png 648w, https:\/\/antersystem.com\/wp-content\/uploads\/Produkt-roku-2019-1-300x279.png 300w, https:\/\/antersystem.com\/wp-content\/uploads\/Produkt-roku-2019-1-450x419.png 450w, https:\/\/antersystem.com\/wp-content\/uploads\/Produkt-roku-2019-1-330x307.png 330w\" sizes=\"auto, (max-width: 485px) 100vw, 485px\" \/><\/figure><\/div><\/div>\n\n\n\n<div class=\"wp-block-column is-layout-flow wp-block-column-is-layout-flow\" style=\"flex-basis:10%\"><\/div>\n<\/div>\n","protected":false},"excerpt":{"rendered":"<p>\u0641\u0627\u0632\u062a \u0634\u0627\u062d\u0646\u0629 \u0627\u0644\u062f\u0639\u0645 \u0646\u0635\u0641 \u0627\u0644\u0645\u0642\u0637\u0648\u0631\u0629 JST 1.2 \u0628\u0627\u0633\u062a\u0641\u062a\u0627\u0621 \u0627\u0644\u0647\u0646\u062f\u0633\u0629 \u0648\u0627\u0644\u0635\u064a\u0627\u0646\u0629 &#8211; \u0623\u0641\u0636\u0644 \u0645\u0646\u062a\u062c \u0644\u0639\u0627\u0645 2019 \u062a\u0645 \u062a\u0635\u0645\u064a\u0645 \u062f\u0639\u0627\u0645\u0629 \u0646\u0635\u0641 \u0627\u0644\u0645\u0642\u0637\u0648\u0631\u0629 JST 1.2 \u0644\u0636\u0645\u0627\u0646 \u0627\u0644\u0633\u0644\u0627\u0645\u0629 \u0623\u062b\u0646\u0627\u0621 \u062a\u062d\u0645\u064a\u0644 \u0648\u062a\u0641\u0631\u064a\u063a \u0627\u0644\u0628\u0636\u0627\u0626\u0639 \u0645\u0646 \u0646\u0635\u0641 \u0627\u0644\u0645\u0642\u0637\u0648\u0631\u0629 \u062f\u0648\u0646 \u0627\u0633\u062a\u062e\u062f\u0627\u0645 \u0648\u062d\u062f\u0629 \u062c\u0631\u0627\u0631. \u062a\u0645\u0646\u0639 \u0627\u0644\u062f\u0639\u0627\u0645\u0629 \u0628\u0634\u0643\u0644 \u0641\u0639\u0627\u0644 \u0627\u0644\u0645\u0642\u0637\u0648\u0631\u0629 \u0645\u0646 \u0627\u0644\u0645\u064a\u0644 \u0623\u0648 \u0627\u0644\u0627\u0646\u0642\u0644\u0627\u0628\u060c \u0645\u0645\u0627 \u064a\u0642\u0644\u0644 \u0645\u0646 \u0645\u062e\u0627\u0637\u0631 \u0627\u0644\u062d\u0648\u0627\u062f\u062b. \u0648\u0642\u062f \u062a\u0645 \u0627\u0644\u0627\u0639\u062a\u0631\u0627\u0641 \u0628\u0641\u0648\u0627\u0626\u062f \u0627\u0644\u0627\u0633\u062a\u062b\u0645\u0627\u0631 \u0641\u064a [&hellip;]<\/p>\n","protected":false},"author":1,"featured_media":0,"parent":30526,"menu_order":0,"comment_status":"closed","ping_status":"closed","template":"","meta":{"inline_featured_image":false,"ngg_post_thumbnail":0,"footnotes":""},"class_list":["post-39036","page","type-page","status-publish","hentry"],"acf":[],"yoast_head":"<!-- This site is optimized with the Yoast SEO plugin v27.0 - https:\/\/yoast.com\/product\/yoast-seo-wordpress\/ -->\n<title>\u0645\u0646\u062a\u062c \u0627\u0644\u0639\u0627\u0645 2019 - Anter System<\/title>\n<meta name=\"description\" content=\"\u0641\u0627\u0632\u062a \u0634\u0627\u062d\u0646\u0629 \u0627\u0644\u062f\u0639\u0645 \u0646\u0635\u0641 \u0627\u0644\u0645\u0642\u0637\u0648\u0631\u0629 JST 1.2 \u0628\u0627\u0633\u062a\u0641\u062a\u0627\u0621 \u0627\u0644\u0647\u0646\u062f\u0633\u0629 \u0648\u0627\u0644\u0635\u064a\u0627\u0646\u0629 - \u0623\u0641\u0636\u0644 \u0645\u0646\u062a\u062c \u0644\u0639\u0627\u0645 2019 \u062a\u0645 \u062a\u0635\u0645\u064a\u0645 \u062f\u0639\u0627\u0645\u0629 \u0646\u0635\u0641 \u0627\u0644\u0645\u0642\u0637\u0648\u0631\u0629 JST 1.2 \u0644\u0636\u0645\u0627\u0646 \u0627\u0644\u0633\u0644\u0627\u0645\u0629 \u0623\u062b\u0646\u0627\u0621 \u062a\u062d\u0645\u064a\u0644 \u0648\u062a\u0641\u0631\u064a\u063a\" \/>\n<meta name=\"robots\" content=\"index, follow, max-snippet:-1, max-image-preview:large, max-video-preview:-1\" \/>\n<link rel=\"canonical\" href=\"https:\/\/antersystem.com\/ar\/news\/product-of-the-year-2019\/\" \/>\n<meta property=\"og:locale\" content=\"ar_AR\" \/>\n<meta property=\"og:type\" content=\"article\" \/>\n<meta property=\"og:title\" content=\"\u0645\u0646\u062a\u062c \u0627\u0644\u0639\u0627\u0645 2019 - Anter System\" \/>\n<meta property=\"og:description\" content=\"\u0641\u0627\u0632\u062a \u0634\u0627\u062d\u0646\u0629 \u0627\u0644\u062f\u0639\u0645 \u0646\u0635\u0641 \u0627\u0644\u0645\u0642\u0637\u0648\u0631\u0629 JST 1.2 \u0628\u0627\u0633\u062a\u0641\u062a\u0627\u0621 \u0627\u0644\u0647\u0646\u062f\u0633\u0629 \u0648\u0627\u0644\u0635\u064a\u0627\u0646\u0629 - \u0623\u0641\u0636\u0644 \u0645\u0646\u062a\u062c \u0644\u0639\u0627\u0645 2019 \u062a\u0645 \u062a\u0635\u0645\u064a\u0645 \u062f\u0639\u0627\u0645\u0629 \u0646\u0635\u0641 \u0627\u0644\u0645\u0642\u0637\u0648\u0631\u0629 JST 1.2 \u0644\u0636\u0645\u0627\u0646 \u0627\u0644\u0633\u0644\u0627\u0645\u0629 \u0623\u062b\u0646\u0627\u0621 \u062a\u062d\u0645\u064a\u0644 \u0648\u062a\u0641\u0631\u064a\u063a\" \/>\n<meta property=\"og:url\" content=\"https:\/\/antersystem.com\/ar\/news\/product-of-the-year-2019\/\" \/>\n<meta property=\"og:site_name\" content=\"Anter System\" \/>\n<meta property=\"article:modified_time\" content=\"2026-02-02T14:24:52+00:00\" \/>\n<meta property=\"og:image\" content=\"https:\/\/antersystem.com\/wp-content\/uploads\/Produkt-roku-2019-1.png\" \/>\n<meta name=\"twitter:card\" content=\"summary_large_image\" \/>\n<script type=\"application\/ld+json\" class=\"yoast-schema-graph\">{\"@context\":\"https:\/\/schema.org\",\"@graph\":[{\"@type\":\"WebPage\",\"@id\":\"https:\/\/antersystem.com\/ar\/news\/product-of-the-year-2019\/\",\"url\":\"https:\/\/antersystem.com\/ar\/news\/product-of-the-year-2019\/\",\"name\":\"\u0645\u0646\u062a\u062c \u0627\u0644\u0639\u0627\u0645 2019 - Anter System\",\"isPartOf\":{\"@id\":\"https:\/\/antersystem.com\/ar\/#website\"},\"primaryImageOfPage\":{\"@id\":\"https:\/\/antersystem.com\/ar\/news\/product-of-the-year-2019\/#primaryimage\"},\"image\":{\"@id\":\"https:\/\/antersystem.com\/ar\/news\/product-of-the-year-2019\/#primaryimage\"},\"thumbnailUrl\":\"https:\/\/antersystem.com\/wp-content\/uploads\/Produkt-roku-2019-1.png\",\"datePublished\":\"2023-10-11T13:11:24+00:00\",\"dateModified\":\"2026-02-02T14:24:52+00:00\",\"description\":\"\u0641\u0627\u0632\u062a \u0634\u0627\u062d\u0646\u0629 \u0627\u0644\u062f\u0639\u0645 \u0646\u0635\u0641 \u0627\u0644\u0645\u0642\u0637\u0648\u0631\u0629 JST 1.2 \u0628\u0627\u0633\u062a\u0641\u062a\u0627\u0621 \u0627\u0644\u0647\u0646\u062f\u0633\u0629 \u0648\u0627\u0644\u0635\u064a\u0627\u0646\u0629 - \u0623\u0641\u0636\u0644 \u0645\u0646\u062a\u062c \u0644\u0639\u0627\u0645 2019 \u062a\u0645 \u062a\u0635\u0645\u064a\u0645 \u062f\u0639\u0627\u0645\u0629 \u0646\u0635\u0641 \u0627\u0644\u0645\u0642\u0637\u0648\u0631\u0629 JST 1.2 \u0644\u0636\u0645\u0627\u0646 \u0627\u0644\u0633\u0644\u0627\u0645\u0629 \u0623\u062b\u0646\u0627\u0621 \u062a\u062d\u0645\u064a\u0644 \u0648\u062a\u0641\u0631\u064a\u063a\",\"breadcrumb\":{\"@id\":\"https:\/\/antersystem.com\/ar\/news\/product-of-the-year-2019\/#breadcrumb\"},\"inLanguage\":\"ar\",\"potentialAction\":[{\"@type\":\"ReadAction\",\"target\":[\"https:\/\/antersystem.com\/ar\/news\/product-of-the-year-2019\/\"]}]},{\"@type\":\"ImageObject\",\"inLanguage\":\"ar\",\"@id\":\"https:\/\/antersystem.com\/ar\/news\/product-of-the-year-2019\/#primaryimage\",\"url\":\"https:\/\/antersystem.com\/wp-content\/uploads\/Produkt-roku-2019-1.png\",\"contentUrl\":\"https:\/\/antersystem.com\/wp-content\/uploads\/Produkt-roku-2019-1.png\"},{\"@type\":\"BreadcrumbList\",\"@id\":\"https:\/\/antersystem.com\/ar\/news\/product-of-the-year-2019\/#breadcrumb\",\"itemListElement\":[{\"@type\":\"ListItem\",\"position\":1,\"name\":\"AnterSystem\",\"item\":\"https:\/\/antersystem.com\/ar\/\"},{\"@type\":\"ListItem\",\"position\":2,\"name\":\"\u0627\u0644\u0623\u062e\u0628\u0627\u0631\",\"item\":\"https:\/\/antersystem.com\/ar\/news\/\"},{\"@type\":\"ListItem\",\"position\":3,\"name\":\"\u0645\u0646\u062a\u062c \u0627\u0644\u0639\u0627\u0645 2019\"}]},{\"@type\":\"WebSite\",\"@id\":\"https:\/\/antersystem.com\/ar\/#website\",\"url\":\"https:\/\/antersystem.com\/ar\/\",\"name\":\"Anter System\",\"description\":\"Jeste\u015bmy polskim producentem elastycznych barier ochronnych wykonywanych z polimerowych tworzyw sztucznych. Na rynku krajowym i zagranicznym dzia\u0142amy od ponad 15 lat dbaj\u0105c o zapewnienie bezpiecze\u0144stwa w zak\u0142adach produkcyjnych, magazynach oraz centrach logistycznych.\",\"potentialAction\":[{\"@type\":\"SearchAction\",\"target\":{\"@type\":\"EntryPoint\",\"urlTemplate\":\"https:\/\/antersystem.com\/ar\/?s={search_term_string}\"},\"query-input\":{\"@type\":\"PropertyValueSpecification\",\"valueRequired\":true,\"valueName\":\"search_term_string\"}}],\"inLanguage\":\"ar\"}]}<\/script>\n<!-- \/ Yoast SEO plugin. -->","yoast_head_json":{"title":"\u0645\u0646\u062a\u062c \u0627\u0644\u0639\u0627\u0645 2019 - Anter System","description":"\u0641\u0627\u0632\u062a \u0634\u0627\u062d\u0646\u0629 \u0627\u0644\u062f\u0639\u0645 \u0646\u0635\u0641 \u0627\u0644\u0645\u0642\u0637\u0648\u0631\u0629 JST 1.2 \u0628\u0627\u0633\u062a\u0641\u062a\u0627\u0621 \u0627\u0644\u0647\u0646\u062f\u0633\u0629 \u0648\u0627\u0644\u0635\u064a\u0627\u0646\u0629 - \u0623\u0641\u0636\u0644 \u0645\u0646\u062a\u062c \u0644\u0639\u0627\u0645 2019 \u062a\u0645 \u062a\u0635\u0645\u064a\u0645 \u062f\u0639\u0627\u0645\u0629 \u0646\u0635\u0641 \u0627\u0644\u0645\u0642\u0637\u0648\u0631\u0629 JST 1.2 \u0644\u0636\u0645\u0627\u0646 \u0627\u0644\u0633\u0644\u0627\u0645\u0629 \u0623\u062b\u0646\u0627\u0621 \u062a\u062d\u0645\u064a\u0644 \u0648\u062a\u0641\u0631\u064a\u063a","robots":{"index":"index","follow":"follow","max-snippet":"max-snippet:-1","max-image-preview":"max-image-preview:large","max-video-preview":"max-video-preview:-1"},"canonical":"https:\/\/antersystem.com\/ar\/news\/product-of-the-year-2019\/","og_locale":"ar_AR","og_type":"article","og_title":"\u0645\u0646\u062a\u062c \u0627\u0644\u0639\u0627\u0645 2019 - Anter System","og_description":"\u0641\u0627\u0632\u062a \u0634\u0627\u062d\u0646\u0629 \u0627\u0644\u062f\u0639\u0645 \u0646\u0635\u0641 \u0627\u0644\u0645\u0642\u0637\u0648\u0631\u0629 JST 1.2 \u0628\u0627\u0633\u062a\u0641\u062a\u0627\u0621 \u0627\u0644\u0647\u0646\u062f\u0633\u0629 \u0648\u0627\u0644\u0635\u064a\u0627\u0646\u0629 - \u0623\u0641\u0636\u0644 \u0645\u0646\u062a\u062c \u0644\u0639\u0627\u0645 2019 \u062a\u0645 \u062a\u0635\u0645\u064a\u0645 \u062f\u0639\u0627\u0645\u0629 \u0646\u0635\u0641 \u0627\u0644\u0645\u0642\u0637\u0648\u0631\u0629 JST 1.2 \u0644\u0636\u0645\u0627\u0646 \u0627\u0644\u0633\u0644\u0627\u0645\u0629 \u0623\u062b\u0646\u0627\u0621 \u062a\u062d\u0645\u064a\u0644 \u0648\u062a\u0641\u0631\u064a\u063a","og_url":"https:\/\/antersystem.com\/ar\/news\/product-of-the-year-2019\/","og_site_name":"Anter System","article_modified_time":"2026-02-02T14:24:52+00:00","og_image":[{"url":"https:\/\/antersystem.com\/wp-content\/uploads\/Produkt-roku-2019-1.png","type":"","width":"","height":""}],"twitter_card":"summary_large_image","schema":{"@context":"https:\/\/schema.org","@graph":[{"@type":"WebPage","@id":"https:\/\/antersystem.com\/ar\/news\/product-of-the-year-2019\/","url":"https:\/\/antersystem.com\/ar\/news\/product-of-the-year-2019\/","name":"\u0645\u0646\u062a\u062c \u0627\u0644\u0639\u0627\u0645 2019 - Anter System","isPartOf":{"@id":"https:\/\/antersystem.com\/ar\/#website"},"primaryImageOfPage":{"@id":"https:\/\/antersystem.com\/ar\/news\/product-of-the-year-2019\/#primaryimage"},"image":{"@id":"https:\/\/antersystem.com\/ar\/news\/product-of-the-year-2019\/#primaryimage"},"thumbnailUrl":"https:\/\/antersystem.com\/wp-content\/uploads\/Produkt-roku-2019-1.png","datePublished":"2023-10-11T13:11:24+00:00","dateModified":"2026-02-02T14:24:52+00:00","description":"\u0641\u0627\u0632\u062a \u0634\u0627\u062d\u0646\u0629 \u0627\u0644\u062f\u0639\u0645 \u0646\u0635\u0641 \u0627\u0644\u0645\u0642\u0637\u0648\u0631\u0629 JST 1.2 \u0628\u0627\u0633\u062a\u0641\u062a\u0627\u0621 \u0627\u0644\u0647\u0646\u062f\u0633\u0629 \u0648\u0627\u0644\u0635\u064a\u0627\u0646\u0629 - \u0623\u0641\u0636\u0644 \u0645\u0646\u062a\u062c \u0644\u0639\u0627\u0645 2019 \u062a\u0645 \u062a\u0635\u0645\u064a\u0645 \u062f\u0639\u0627\u0645\u0629 \u0646\u0635\u0641 \u0627\u0644\u0645\u0642\u0637\u0648\u0631\u0629 JST 1.2 \u0644\u0636\u0645\u0627\u0646 \u0627\u0644\u0633\u0644\u0627\u0645\u0629 \u0623\u062b\u0646\u0627\u0621 \u062a\u062d\u0645\u064a\u0644 \u0648\u062a\u0641\u0631\u064a\u063a","breadcrumb":{"@id":"https:\/\/antersystem.com\/ar\/news\/product-of-the-year-2019\/#breadcrumb"},"inLanguage":"ar","potentialAction":[{"@type":"ReadAction","target":["https:\/\/antersystem.com\/ar\/news\/product-of-the-year-2019\/"]}]},{"@type":"ImageObject","inLanguage":"ar","@id":"https:\/\/antersystem.com\/ar\/news\/product-of-the-year-2019\/#primaryimage","url":"https:\/\/antersystem.com\/wp-content\/uploads\/Produkt-roku-2019-1.png","contentUrl":"https:\/\/antersystem.com\/wp-content\/uploads\/Produkt-roku-2019-1.png"},{"@type":"BreadcrumbList","@id":"https:\/\/antersystem.com\/ar\/news\/product-of-the-year-2019\/#breadcrumb","itemListElement":[{"@type":"ListItem","position":1,"name":"AnterSystem","item":"https:\/\/antersystem.com\/ar\/"},{"@type":"ListItem","position":2,"name":"\u0627\u0644\u0623\u062e\u0628\u0627\u0631","item":"https:\/\/antersystem.com\/ar\/news\/"},{"@type":"ListItem","position":3,"name":"\u0645\u0646\u062a\u062c \u0627\u0644\u0639\u0627\u0645 2019"}]},{"@type":"WebSite","@id":"https:\/\/antersystem.com\/ar\/#website","url":"https:\/\/antersystem.com\/ar\/","name":"Anter System","description":"Jeste\u015bmy polskim producentem elastycznych barier ochronnych wykonywanych z polimerowych tworzyw sztucznych. Na rynku krajowym i zagranicznym dzia\u0142amy od ponad 15 lat dbaj\u0105c o zapewnienie bezpiecze\u0144stwa w zak\u0142adach produkcyjnych, magazynach oraz centrach logistycznych.","potentialAction":[{"@type":"SearchAction","target":{"@type":"EntryPoint","urlTemplate":"https:\/\/antersystem.com\/ar\/?s={search_term_string}"},"query-input":{"@type":"PropertyValueSpecification","valueRequired":true,"valueName":"search_term_string"}}],"inLanguage":"ar"}]}},"_links":{"self":[{"href":"https:\/\/antersystem.com\/ar\/wp-json\/wp\/v2\/pages\/39036","targetHints":{"allow":["GET"]}}],"collection":[{"href":"https:\/\/antersystem.com\/ar\/wp-json\/wp\/v2\/pages"}],"about":[{"href":"https:\/\/antersystem.com\/ar\/wp-json\/wp\/v2\/types\/page"}],"author":[{"embeddable":true,"href":"https:\/\/antersystem.com\/ar\/wp-json\/wp\/v2\/users\/1"}],"replies":[{"embeddable":true,"href":"https:\/\/antersystem.com\/ar\/wp-json\/wp\/v2\/comments?post=39036"}],"version-history":[{"count":1,"href":"https:\/\/antersystem.com\/ar\/wp-json\/wp\/v2\/pages\/39036\/revisions"}],"predecessor-version":[{"id":39037,"href":"https:\/\/antersystem.com\/ar\/wp-json\/wp\/v2\/pages\/39036\/revisions\/39037"}],"up":[{"embeddable":true,"href":"https:\/\/antersystem.com\/ar\/wp-json\/wp\/v2\/pages\/30526"}],"wp:attachment":[{"href":"https:\/\/antersystem.com\/ar\/wp-json\/wp\/v2\/media?parent=39036"}],"curies":[{"name":"wp","href":"https:\/\/api.w.org\/{rel}","templated":true}]}}