{"id":39051,"date":"2023-10-10T10:31:28","date_gmt":"2023-10-10T08:31:28","guid":{"rendered":"https:\/\/antersystem.com\/news\/magazine-mid-hazardous-events\/"},"modified":"2026-02-02T15:47:12","modified_gmt":"2026-02-02T14:47:12","slug":"magazine-mid-hazardous-events","status":"publish","type":"page","link":"https:\/\/antersystem.com\/ar\/news\/magazine-mid-hazardous-events\/","title":{"rendered":"\u0645\u062c\u0644\u0629 MID &#8220;\u0627\u0644\u0623\u062d\u062f\u0627\u062b \u0627\u0644\u062e\u0637\u0631\u0629&#8221;"},"content":{"rendered":"\n<div class=\"wp-block-columns is-layout-flex wp-container-core-columns-is-layout-9d6595d7 wp-block-columns-is-layout-flex\">\n<div class=\"wp-block-column is-layout-flow wp-block-column-is-layout-flow\" style=\"flex-basis:10%\"><\/div>\n\n\n\n<div class=\"wp-block-column is-layout-flow wp-block-column-is-layout-flow\">\n<h3 class=\"wp-block-heading\">\u0645\u062c\u0644\u0629 MID 1\/2023 &#8211; \u0645\u0642\u0627\u0644\u0629 &#8220;\u0627\u0644\u0623\u062d\u062f\u0627\u062b \u0627\u0644\u062e\u0637\u0631\u0629&#8221; (&#8220;Zdarzenia niebezzpieczne&#8221;)<\/h3>\n\n\n\n<p style=\"text-align: left;\">\u0646\u062f\u0639\u0648\u0643\u0645 \u0644\u0642\u0631\u0627\u0621\u0629 \u0627\u0644\u0645\u0642\u0627\u0644 \u0627\u0644\u0630\u064a \u0643\u062a\u0628\u062a\u0647 \u0627\u0644\u0633\u064a\u062f\u0629 \u0646\u0627\u062a\u0627\u0644\u064a\u0627 \u0645\u0627\u0631\u062c\u0627\u062a\u064a\u0633\u060c \u0645\u062f\u064a\u0631\u0629 \u0627\u0644\u0645\u0634\u0631\u0648\u0639 \u0644\u062f\u064a\u0646\u0627\u060c \u0646\u0627\u062a\u0627\u0644\u064a\u0627 \u0645\u0627\u0631\u062c\u0627\u062a\u064a\u0633\u060c \u0628\u0639\u0646\u0648\u0627\u0646 &#8220;\u0627\u0644\u0623\u062d\u062f\u0627\u062b \u0627\u0644\u062e\u0637\u0631\u0629&#8221;. \u0641\u064a \u0647\u0630\u0627 \u0627\u0644\u0646\u0635\u060c \u062a\u0634\u0627\u0631\u0643\u0646\u0627 \u0627\u0644\u0633\u064a\u062f\u0629 \u0646\u0627\u062a\u0627\u0644\u064a\u0627 \u0631\u0624\u064a\u062a\u0647\u0627 \u062d\u0648\u0644 \u0627\u0644\u062a\u063a\u064a\u064a\u0631\u0627\u062a \u0627\u0644\u062a\u064a \u0637\u0631\u0623\u062a \u0639\u0644\u0649 \u0627\u0644\u0635\u0646\u0627\u0639\u0629 \u0648\u0627\u0644\u062a\u064a \u062a\u0624\u062b\u0631 \u0639\u0644\u0649 \u0627\u0644\u0633\u0644\u0627\u0645\u0629 \u0641\u064a \u0645\u0643\u0627\u0646 \u0627\u0644\u0639\u0645\u0644. <\/p>\n<p>&nbsp;<\/p>\n<\/div>\n\n\n\n<div class=\"wp-block-column is-layout-flow wp-block-column-is-layout-flow\" style=\"flex-basis:10%\"><\/div>\n<\/div>\n\n<div data-wp-interactive=\"core\/file\" class=\"wp-block-file\"><object data-wp-bind--hidden=\"!state.hasPdfPreview\" hidden class=\"wp-block-file__embed\" data=\"https:\/\/antersystem.com\/wp-content\/uploads\/MID_91_1_2023-net.pdf\" type=\"application\/pdf\" style=\"width:100%;height:600px\" aria-label=\"\u062a\u0636\u0645\u064a\u0646 MID_91_1_2023-net.\"><\/object><a id=\"wp-block-file--media-c4a79965-4313-4b68-8827-3aa81c41db0a\" href=\"https:\/\/antersystem.com\/wp-content\/uploads\/MID_91_1_2023-net.pdf\">MID_91_1_1_2023-net<\/a><a href=\"https:\/\/antersystem.com\/wp-content\/uploads\/MID_91_1_2023-net.pdf\" class=\"wp-block-file__button wp-element-button\" download=\"\" aria-describedby=\"wp-block-file--media-c4a79965-4313-4b68-8827-3aa81c41db0a\">\u062a\u0646\u0632\u064a\u0644<\/a><\/div>\n","protected":false},"excerpt":{"rendered":"<p>\u0645\u062c\u0644\u0629 MID 1\/2023 &#8211; \u0645\u0642\u0627\u0644\u0629 &#8220;\u0627\u0644\u0623\u062d\u062f\u0627\u062b \u0627\u0644\u062e\u0637\u0631\u0629&#8221; (&#8220;Zdarzenia niebezzpieczne&#8221;) \u0646\u062f\u0639\u0648\u0643\u0645 \u0644\u0642\u0631\u0627\u0621\u0629 \u0627\u0644\u0645\u0642\u0627\u0644 \u0627\u0644\u0630\u064a \u0643\u062a\u0628\u062a\u0647 \u0627\u0644\u0633\u064a\u062f\u0629 \u0646\u0627\u062a\u0627\u0644\u064a\u0627 \u0645\u0627\u0631\u062c\u0627\u062a\u064a\u0633\u060c \u0645\u062f\u064a\u0631\u0629 \u0627\u0644\u0645\u0634\u0631\u0648\u0639 \u0644\u062f\u064a\u0646\u0627\u060c \u0646\u0627\u062a\u0627\u0644\u064a\u0627 \u0645\u0627\u0631\u062c\u0627\u062a\u064a\u0633\u060c \u0628\u0639\u0646\u0648\u0627\u0646 &#8220;\u0627\u0644\u0623\u062d\u062f\u0627\u062b \u0627\u0644\u062e\u0637\u0631\u0629&#8221;. \u0641\u064a \u0647\u0630\u0627 \u0627\u0644\u0646\u0635\u060c \u062a\u0634\u0627\u0631\u0643\u0646\u0627 \u0627\u0644\u0633\u064a\u062f\u0629 \u0646\u0627\u062a\u0627\u0644\u064a\u0627 \u0631\u0624\u064a\u062a\u0647\u0627 \u062d\u0648\u0644 \u0627\u0644\u062a\u063a\u064a\u064a\u0631\u0627\u062a \u0627\u0644\u062a\u064a \u0637\u0631\u0623\u062a \u0639\u0644\u0649 \u0627\u0644\u0635\u0646\u0627\u0639\u0629 \u0648\u0627\u0644\u062a\u064a \u062a\u0624\u062b\u0631 \u0639\u0644\u0649 \u0627\u0644\u0633\u0644\u0627\u0645\u0629 \u0641\u064a \u0645\u0643\u0627\u0646 \u0627\u0644\u0639\u0645\u0644. &nbsp;<\/p>\n","protected":false},"author":1,"featured_media":0,"parent":30526,"menu_order":0,"comment_status":"closed","ping_status":"closed","template":"","meta":{"inline_featured_image":false,"ngg_post_thumbnail":0,"footnotes":""},"class_list":["post-39051","page","type-page","status-publish","hentry"],"acf":[],"yoast_head":"<!-- This site is optimized with the Yoast SEO plugin v27.0 - https:\/\/yoast.com\/product\/yoast-seo-wordpress\/ -->\n<title>\u0645\u062c\u0644\u0629 MID &quot;\u0627\u0644\u0623\u062d\u062f\u0627\u062b \u0627\u0644\u062e\u0637\u0631\u0629&quot; - Anter System<\/title>\n<meta name=\"description\" content=\"\u0645\u062c\u0644\u0629 MID 1\/2023 - \u0645\u0642\u0627\u0644\u0629 &quot;\u0627\u0644\u0623\u062d\u062f\u0627\u062b \u0627\u0644\u062e\u0637\u0631\u0629&quot; (&quot;Zdarzenia niebezzpieczne&quot;) \u0646\u062f\u0639\u0648\u0643\u0645 \u0644\u0642\u0631\u0627\u0621\u0629 \u0627\u0644\u0645\u0642\u0627\u0644 \u0627\u0644\u0630\u064a \u0643\u062a\u0628\u062a\u0647 \u0627\u0644\u0633\u064a\u062f\u0629 \u0646\u0627\u062a\u0627\u0644\u064a\u0627 \u0645\u0627\u0631\u062c\u0627\u062a\u064a\u0633\u060c \u0645\u062f\u064a\u0631\u0629 \u0627\u0644\u0645\u0634\u0631\u0648\u0639 \u0644\u062f\u064a\u0646\u0627\u060c\" \/>\n<meta name=\"robots\" content=\"index, follow, max-snippet:-1, max-image-preview:large, max-video-preview:-1\" \/>\n<link rel=\"canonical\" href=\"https:\/\/antersystem.com\/ar\/news\/magazine-mid-hazardous-events\/\" \/>\n<meta property=\"og:locale\" content=\"ar_AR\" \/>\n<meta property=\"og:type\" content=\"article\" \/>\n<meta property=\"og:title\" content=\"\u0645\u062c\u0644\u0629 MID &quot;\u0627\u0644\u0623\u062d\u062f\u0627\u062b \u0627\u0644\u062e\u0637\u0631\u0629&quot; - Anter System\" \/>\n<meta property=\"og:description\" content=\"\u0645\u062c\u0644\u0629 MID 1\/2023 - \u0645\u0642\u0627\u0644\u0629 &quot;\u0627\u0644\u0623\u062d\u062f\u0627\u062b \u0627\u0644\u062e\u0637\u0631\u0629&quot; (&quot;Zdarzenia niebezzpieczne&quot;) \u0646\u062f\u0639\u0648\u0643\u0645 \u0644\u0642\u0631\u0627\u0621\u0629 \u0627\u0644\u0645\u0642\u0627\u0644 \u0627\u0644\u0630\u064a \u0643\u062a\u0628\u062a\u0647 \u0627\u0644\u0633\u064a\u062f\u0629 \u0646\u0627\u062a\u0627\u0644\u064a\u0627 \u0645\u0627\u0631\u062c\u0627\u062a\u064a\u0633\u060c \u0645\u062f\u064a\u0631\u0629 \u0627\u0644\u0645\u0634\u0631\u0648\u0639 \u0644\u062f\u064a\u0646\u0627\u060c\" \/>\n<meta property=\"og:url\" content=\"https:\/\/antersystem.com\/ar\/news\/magazine-mid-hazardous-events\/\" \/>\n<meta property=\"og:site_name\" content=\"Anter System\" \/>\n<meta property=\"article:modified_time\" content=\"2026-02-02T14:47:12+00:00\" \/>\n<meta name=\"twitter:card\" content=\"summary_large_image\" \/>\n<script type=\"application\/ld+json\" class=\"yoast-schema-graph\">{\"@context\":\"https:\/\/schema.org\",\"@graph\":[{\"@type\":\"WebPage\",\"@id\":\"https:\/\/antersystem.com\/ar\/news\/magazine-mid-hazardous-events\/\",\"url\":\"https:\/\/antersystem.com\/ar\/news\/magazine-mid-hazardous-events\/\",\"name\":\"\u0645\u062c\u0644\u0629 MID \\\"\u0627\u0644\u0623\u062d\u062f\u0627\u062b \u0627\u0644\u062e\u0637\u0631\u0629\\\" - Anter System\",\"isPartOf\":{\"@id\":\"https:\/\/antersystem.com\/ar\/#website\"},\"datePublished\":\"2023-10-10T08:31:28+00:00\",\"dateModified\":\"2026-02-02T14:47:12+00:00\",\"description\":\"\u0645\u062c\u0644\u0629 MID 1\/2023 - \u0645\u0642\u0627\u0644\u0629 \\\"\u0627\u0644\u0623\u062d\u062f\u0627\u062b \u0627\u0644\u062e\u0637\u0631\u0629\\\" (\\\"Zdarzenia niebezzpieczne\\\") \u0646\u062f\u0639\u0648\u0643\u0645 \u0644\u0642\u0631\u0627\u0621\u0629 \u0627\u0644\u0645\u0642\u0627\u0644 \u0627\u0644\u0630\u064a \u0643\u062a\u0628\u062a\u0647 \u0627\u0644\u0633\u064a\u062f\u0629 \u0646\u0627\u062a\u0627\u0644\u064a\u0627 \u0645\u0627\u0631\u062c\u0627\u062a\u064a\u0633\u060c \u0645\u062f\u064a\u0631\u0629 \u0627\u0644\u0645\u0634\u0631\u0648\u0639 \u0644\u062f\u064a\u0646\u0627\u060c\",\"breadcrumb\":{\"@id\":\"https:\/\/antersystem.com\/ar\/news\/magazine-mid-hazardous-events\/#breadcrumb\"},\"inLanguage\":\"ar\",\"potentialAction\":[{\"@type\":\"ReadAction\",\"target\":[\"https:\/\/antersystem.com\/ar\/news\/magazine-mid-hazardous-events\/\"]}]},{\"@type\":\"BreadcrumbList\",\"@id\":\"https:\/\/antersystem.com\/ar\/news\/magazine-mid-hazardous-events\/#breadcrumb\",\"itemListElement\":[{\"@type\":\"ListItem\",\"position\":1,\"name\":\"AnterSystem\",\"item\":\"https:\/\/antersystem.com\/ar\/\"},{\"@type\":\"ListItem\",\"position\":2,\"name\":\"\u0627\u0644\u0623\u062e\u0628\u0627\u0631\",\"item\":\"https:\/\/antersystem.com\/ar\/news\/\"},{\"@type\":\"ListItem\",\"position\":3,\"name\":\"\u0645\u062c\u0644\u0629 MID &#8220;\u0627\u0644\u0623\u062d\u062f\u0627\u062b \u0627\u0644\u062e\u0637\u0631\u0629&#8221;\"}]},{\"@type\":\"WebSite\",\"@id\":\"https:\/\/antersystem.com\/ar\/#website\",\"url\":\"https:\/\/antersystem.com\/ar\/\",\"name\":\"Anter System\",\"description\":\"Jeste\u015bmy polskim producentem elastycznych barier ochronnych wykonywanych z polimerowych tworzyw sztucznych. Na rynku krajowym i zagranicznym dzia\u0142amy od ponad 15 lat dbaj\u0105c o zapewnienie bezpiecze\u0144stwa w zak\u0142adach produkcyjnych, magazynach oraz centrach logistycznych.\",\"potentialAction\":[{\"@type\":\"SearchAction\",\"target\":{\"@type\":\"EntryPoint\",\"urlTemplate\":\"https:\/\/antersystem.com\/ar\/?s={search_term_string}\"},\"query-input\":{\"@type\":\"PropertyValueSpecification\",\"valueRequired\":true,\"valueName\":\"search_term_string\"}}],\"inLanguage\":\"ar\"}]}<\/script>\n<!-- \/ Yoast SEO plugin. -->","yoast_head_json":{"title":"\u0645\u062c\u0644\u0629 MID \"\u0627\u0644\u0623\u062d\u062f\u0627\u062b \u0627\u0644\u062e\u0637\u0631\u0629\" - Anter System","description":"\u0645\u062c\u0644\u0629 MID 1\/2023 - \u0645\u0642\u0627\u0644\u0629 \"\u0627\u0644\u0623\u062d\u062f\u0627\u062b \u0627\u0644\u062e\u0637\u0631\u0629\" (\"Zdarzenia niebezzpieczne\") \u0646\u062f\u0639\u0648\u0643\u0645 \u0644\u0642\u0631\u0627\u0621\u0629 \u0627\u0644\u0645\u0642\u0627\u0644 \u0627\u0644\u0630\u064a \u0643\u062a\u0628\u062a\u0647 \u0627\u0644\u0633\u064a\u062f\u0629 \u0646\u0627\u062a\u0627\u0644\u064a\u0627 \u0645\u0627\u0631\u062c\u0627\u062a\u064a\u0633\u060c \u0645\u062f\u064a\u0631\u0629 \u0627\u0644\u0645\u0634\u0631\u0648\u0639 \u0644\u062f\u064a\u0646\u0627\u060c","robots":{"index":"index","follow":"follow","max-snippet":"max-snippet:-1","max-image-preview":"max-image-preview:large","max-video-preview":"max-video-preview:-1"},"canonical":"https:\/\/antersystem.com\/ar\/news\/magazine-mid-hazardous-events\/","og_locale":"ar_AR","og_type":"article","og_title":"\u0645\u062c\u0644\u0629 MID \"\u0627\u0644\u0623\u062d\u062f\u0627\u062b \u0627\u0644\u062e\u0637\u0631\u0629\" - Anter System","og_description":"\u0645\u062c\u0644\u0629 MID 1\/2023 - \u0645\u0642\u0627\u0644\u0629 \"\u0627\u0644\u0623\u062d\u062f\u0627\u062b \u0627\u0644\u062e\u0637\u0631\u0629\" (\"Zdarzenia niebezzpieczne\") \u0646\u062f\u0639\u0648\u0643\u0645 \u0644\u0642\u0631\u0627\u0621\u0629 \u0627\u0644\u0645\u0642\u0627\u0644 \u0627\u0644\u0630\u064a \u0643\u062a\u0628\u062a\u0647 \u0627\u0644\u0633\u064a\u062f\u0629 \u0646\u0627\u062a\u0627\u0644\u064a\u0627 \u0645\u0627\u0631\u062c\u0627\u062a\u064a\u0633\u060c \u0645\u062f\u064a\u0631\u0629 \u0627\u0644\u0645\u0634\u0631\u0648\u0639 \u0644\u062f\u064a\u0646\u0627\u060c","og_url":"https:\/\/antersystem.com\/ar\/news\/magazine-mid-hazardous-events\/","og_site_name":"Anter System","article_modified_time":"2026-02-02T14:47:12+00:00","twitter_card":"summary_large_image","schema":{"@context":"https:\/\/schema.org","@graph":[{"@type":"WebPage","@id":"https:\/\/antersystem.com\/ar\/news\/magazine-mid-hazardous-events\/","url":"https:\/\/antersystem.com\/ar\/news\/magazine-mid-hazardous-events\/","name":"\u0645\u062c\u0644\u0629 MID \"\u0627\u0644\u0623\u062d\u062f\u0627\u062b \u0627\u0644\u062e\u0637\u0631\u0629\" - Anter System","isPartOf":{"@id":"https:\/\/antersystem.com\/ar\/#website"},"datePublished":"2023-10-10T08:31:28+00:00","dateModified":"2026-02-02T14:47:12+00:00","description":"\u0645\u062c\u0644\u0629 MID 1\/2023 - \u0645\u0642\u0627\u0644\u0629 \"\u0627\u0644\u0623\u062d\u062f\u0627\u062b \u0627\u0644\u062e\u0637\u0631\u0629\" (\"Zdarzenia niebezzpieczne\") \u0646\u062f\u0639\u0648\u0643\u0645 \u0644\u0642\u0631\u0627\u0621\u0629 \u0627\u0644\u0645\u0642\u0627\u0644 \u0627\u0644\u0630\u064a \u0643\u062a\u0628\u062a\u0647 \u0627\u0644\u0633\u064a\u062f\u0629 \u0646\u0627\u062a\u0627\u0644\u064a\u0627 \u0645\u0627\u0631\u062c\u0627\u062a\u064a\u0633\u060c \u0645\u062f\u064a\u0631\u0629 \u0627\u0644\u0645\u0634\u0631\u0648\u0639 \u0644\u062f\u064a\u0646\u0627\u060c","breadcrumb":{"@id":"https:\/\/antersystem.com\/ar\/news\/magazine-mid-hazardous-events\/#breadcrumb"},"inLanguage":"ar","potentialAction":[{"@type":"ReadAction","target":["https:\/\/antersystem.com\/ar\/news\/magazine-mid-hazardous-events\/"]}]},{"@type":"BreadcrumbList","@id":"https:\/\/antersystem.com\/ar\/news\/magazine-mid-hazardous-events\/#breadcrumb","itemListElement":[{"@type":"ListItem","position":1,"name":"AnterSystem","item":"https:\/\/antersystem.com\/ar\/"},{"@type":"ListItem","position":2,"name":"\u0627\u0644\u0623\u062e\u0628\u0627\u0631","item":"https:\/\/antersystem.com\/ar\/news\/"},{"@type":"ListItem","position":3,"name":"\u0645\u062c\u0644\u0629 MID &#8220;\u0627\u0644\u0623\u062d\u062f\u0627\u062b \u0627\u0644\u062e\u0637\u0631\u0629&#8221;"}]},{"@type":"WebSite","@id":"https:\/\/antersystem.com\/ar\/#website","url":"https:\/\/antersystem.com\/ar\/","name":"Anter System","description":"Jeste\u015bmy polskim producentem elastycznych barier ochronnych wykonywanych z polimerowych tworzyw sztucznych. Na rynku krajowym i zagranicznym dzia\u0142amy od ponad 15 lat dbaj\u0105c o zapewnienie bezpiecze\u0144stwa w zak\u0142adach produkcyjnych, magazynach oraz centrach logistycznych.","potentialAction":[{"@type":"SearchAction","target":{"@type":"EntryPoint","urlTemplate":"https:\/\/antersystem.com\/ar\/?s={search_term_string}"},"query-input":{"@type":"PropertyValueSpecification","valueRequired":true,"valueName":"search_term_string"}}],"inLanguage":"ar"}]}},"_links":{"self":[{"href":"https:\/\/antersystem.com\/ar\/wp-json\/wp\/v2\/pages\/39051","targetHints":{"allow":["GET"]}}],"collection":[{"href":"https:\/\/antersystem.com\/ar\/wp-json\/wp\/v2\/pages"}],"about":[{"href":"https:\/\/antersystem.com\/ar\/wp-json\/wp\/v2\/types\/page"}],"author":[{"embeddable":true,"href":"https:\/\/antersystem.com\/ar\/wp-json\/wp\/v2\/users\/1"}],"replies":[{"embeddable":true,"href":"https:\/\/antersystem.com\/ar\/wp-json\/wp\/v2\/comments?post=39051"}],"version-history":[{"count":1,"href":"https:\/\/antersystem.com\/ar\/wp-json\/wp\/v2\/pages\/39051\/revisions"}],"predecessor-version":[{"id":39053,"href":"https:\/\/antersystem.com\/ar\/wp-json\/wp\/v2\/pages\/39051\/revisions\/39053"}],"up":[{"embeddable":true,"href":"https:\/\/antersystem.com\/ar\/wp-json\/wp\/v2\/pages\/30526"}],"wp:attachment":[{"href":"https:\/\/antersystem.com\/ar\/wp-json\/wp\/v2\/media?parent=39051"}],"curies":[{"name":"wp","href":"https:\/\/api.w.org\/{rel}","templated":true}]}}