{"id":39088,"date":"2024-04-29T13:41:44","date_gmt":"2024-04-29T11:41:44","guid":{"rendered":"https:\/\/antersystem.com\/news\/report-from-sawo-2024-trade-fair\/"},"modified":"2026-02-02T15:47:19","modified_gmt":"2026-02-02T14:47:19","slug":"report-from-sawo-2024-trade-fair","status":"publish","type":"page","link":"https:\/\/antersystem.com\/ar\/news\/report-from-sawo-2024-trade-fair\/","title":{"rendered":"\u062a\u0642\u0631\u064a\u0631 \u0645\u0646 \u0645\u0639\u0631\u0636 SAWO 2024 \u0627\u0644\u062a\u062c\u0627\u0631\u064a"},"content":{"rendered":"\n<div class=\"wp-block-columns is-layout-flex wp-container-core-columns-is-layout-9d6595d7 wp-block-columns-is-layout-flex\">\n<div class=\"wp-block-column is-layout-flow wp-block-column-is-layout-flow\" style=\"flex-basis:10%\"><\/div>\n\n\n\n<div class=\"wp-block-column is-layout-flow wp-block-column-is-layout-flow\">\n<h2 class=\"wp-block-heading\">\u062a\u0642\u0631\u064a\u0631 \u0645\u0631\u0626\u064a \u0645\u0646 \u0627\u0644\u0645\u0639\u0631\u0636 \u0627\u0644\u062a\u062c\u0627\u0631\u064a SAWO&#8217;24<\/h2>\n\n\n\n<p>\u0627\u0644\u0645\u0639\u0631\u0636 \u0627\u0644\u062a\u062c\u0627\u0631\u064a \u0627\u0644\u062f\u0648\u0644\u064a \u0644\u0644\u0633\u0644\u0627\u0645\u0629 \u0627\u0644\u0645\u0647\u0646\u064a\u0629 \u0648\u0627\u0644\u062d\u0645\u0627\u064a\u0629 \u0645\u0646 \u0627\u0644\u062d\u0631\u0627\u0626\u0642 \u0648\u0627\u0644\u0625\u0646\u0642\u0627\u0630 SAWO \u0647\u0648 \u0623\u0643\u0628\u0631 \u0645\u0639\u0631\u0636 \u062a\u062c\u0627\u0631\u064a \u0644\u0644\u0633\u0644\u0627\u0645\u0629 \u0648\u0627\u0644\u0635\u062d\u0629 \u0627\u0644\u0645\u0647\u0646\u064a\u0629 \u0641\u064a \u0648\u0633\u0637 \u0648\u0634\u0631\u0642 \u0623\u0648\u0631\u0648\u0628\u0627. \u064a\u0642\u0627\u0645 \u0627\u0644\u0645\u0639\u0631\u0636 \u0643\u0644 \u0639\u0627\u0645\u064a\u0646. SAWO \u0647\u0648 \u062d\u062f\u062b \u0641\u0631\u064a\u062f \u0645\u0646 \u0646\u0648\u0639\u0647 \u0641\u064a \u0628\u0648\u0644\u0646\u062f\u0627 \u064a\u0633\u0627\u0647\u0645 \u0628\u0634\u0643\u0644 \u0645\u0628\u0627\u0634\u0631 \u0641\u064a \u062a\u0637\u0628\u064a\u0642 \u0627\u0644\u062a\u0642\u0646\u064a\u0627\u062a \u0648\u0627\u0644\u062d\u0644\u0648\u0644 \u0627\u0644\u0645\u062a\u0642\u062f\u0645\u0629 \u0641\u064a \u0627\u0644\u0634\u0631\u0643\u0627\u062a\u060c \u0648\u062a\u062d\u0633\u064a\u0646 \u062c\u0648\u062f\u0629 \u0627\u0644\u0639\u0645\u0644 \u0648\u0633\u0644\u0627\u0645\u0629 \u0627\u0644\u0645\u0648\u0638\u0641\u064a\u0646.  <\/p>\n\n\n\n<p>\u062e\u0644\u0627\u0644 \u062f\u0648\u0631\u0629 \u0647\u0630\u0627 \u0627\u0644\u0639\u0627\u0645\u060c \u062d\u0635\u0644\u0646\u0627 \u062e\u0644\u0627\u0644 \u062f\u0648\u0631\u0629 \u0647\u0630\u0627 \u0627\u0644\u0639\u0627\u0645 \u0639\u0644\u0649 \u0627\u0644\u0645\u064a\u062f\u0627\u0644\u064a\u0629 \u0627\u0644\u0630\u0647\u0628\u064a\u0629 \u0645\u0646 \u0627\u0644\u0645\u0646\u0638\u0645\u064a\u0646 \u0639\u0646 <strong><a href=\"https:\/\/antersystem.com\/ar\/products\/traffic-dock-gate\/bramka-dock-gate-3-2\/\">TRAFFIC DOCK GATE R2<\/a><\/strong>. \u064a\u0636\u0645\u0646 \u0647\u0630\u0627 \u0627\u0644\u062d\u0644 \u0627\u0644\u0645\u0628\u062a\u0643\u0631 \u0645\u0646\u0627\u0648\u0644\u0629 \u0622\u0645\u0646\u0629 \u0648\u0641\u0639\u0627\u0644\u0629 \u0644\u0644\u0628\u0636\u0627\u0626\u0639 \u0641\u064a \u0623\u0631\u0635\u0641\u0629 \u0627\u0644\u062a\u062d\u0645\u064a\u0644 \u0648\u0645\u0646\u0627\u0637\u0642 \u0627\u0644\u062a\u062e\u0632\u064a\u0646 \u0648\u0627\u0644\u0645\u0633\u062a\u0648\u062f\u0639\u0627\u062a. \u0623\u062c\u0631\u0649 \u0641\u0631\u064a\u0642\u0646\u0627 \u0627\u0644\u0639\u062f\u064a\u062f \u0645\u0646 \u0627\u0644\u0645\u062d\u0627\u062f\u062b\u0627\u062a \u0648\u0642\u062f\u0645 \u062d\u0644\u0648\u0644 Anter System \u0644\u0645\u0626\u0627\u062a \u0627\u0644\u0632\u0648\u0627\u0631\u060c \u0648\u0643\u0644 \u0630\u0644\u0643 \u0628\u0647\u062f\u0641 \u0648\u0627\u062d\u062f &#8211; \u0648\u0647\u0648 \u062c\u0639\u0644 \u0627\u0644\u0639\u0645\u0644 \u0627\u0644\u0622\u0645\u0646 \u0647\u0648 \u0627\u0644\u0645\u0639\u064a\u0627\u0631.  <\/p>\n\n\n\n<p>\u0646\u0634\u0643\u0631\u0643\u0645 \u0639\u0644\u0649 \u0632\u064a\u0627\u0631\u0629 \u062c\u0646\u0627\u062d\u0646\u0627 \u0648\u0625\u062a\u0627\u062d\u0629 \u0627\u0644\u0641\u0631\u0635\u0629 \u0644\u062a\u0642\u062f\u064a\u0645 \u0627\u0644\u062d\u0644\u0648\u0644 \u0627\u0644\u062a\u064a \u062a\u0642\u062f\u0645\u0647\u0627 \u0634\u0631\u0643\u0629 Anter System <a href=\"https:\/\/www.youtube.com\/channel\/UC1zGnGoW-aY0v1ZrDd3KHLA\">@anterystem_pl.<\/a><\/p>\n\n\n\n<p>\u0646\u062f\u0639\u0648\u0643\u0645 \u0644\u0644\u062a\u0648\u0627\u0635\u0644 \u0645\u0639\u0646\u0627 \u0648\u0645\u0634\u0627\u0647\u062f\u0629 \u0627\u0644\u0641\u064a\u062f\u064a\u0648\/ \u0627\u0644\u0635\u0648\u0631 \u0627\u0644\u062a\u064a \u062a\u0635\u0648\u0631 \u0623\u062c\u0648\u0627\u0621 \u0627\u0644\u062d\u062f\u062b!<\/p>\n\n\n\nngg_shortcode_0_placeholder\n\n\n\n<figure class=\"wp-block-embed aligncenter is-type-video is-provider-youtube wp-block-embed-youtube wp-embed-aspect-16-9 wp-has-aspect-ratio\"><div class=\"wp-block-embed__wrapper\">\n<iframe loading=\"lazy\" title=\"Relacja z targ\u00f3w SAWO 2024 Anter System. [Report from the SAWO 2024 Anter System fair.]\" width=\"500\" height=\"281\" src=\"https:\/\/www.youtube.com\/embed\/sRi9QEKJonk?feature=oembed\" frameborder=\"0\" allow=\"accelerometer; autoplay; clipboard-write; encrypted-media; gyroscope; picture-in-picture; web-share\" referrerpolicy=\"strict-origin-when-cross-origin\" allowfullscreen><\/iframe>\n<\/div><\/figure>\n\n\n\n<h3 class=\"wp-block-heading\"><\/h3>\n<\/div>\n\n\n\n<div class=\"wp-block-column is-layout-flow wp-block-column-is-layout-flow\" style=\"flex-basis:10%\"><\/div>\n<\/div>\n","protected":false},"excerpt":{"rendered":"<p>\u062a\u0642\u0631\u064a\u0631 \u0645\u0631\u0626\u064a \u0645\u0646 \u0627\u0644\u0645\u0639\u0631\u0636 \u0627\u0644\u062a\u062c\u0627\u0631\u064a SAWO&#8217;24 \u0627\u0644\u0645\u0639\u0631\u0636 \u0627\u0644\u062a\u062c\u0627\u0631\u064a \u0627\u0644\u062f\u0648\u0644\u064a \u0644\u0644\u0633\u0644\u0627\u0645\u0629 \u0627\u0644\u0645\u0647\u0646\u064a\u0629 \u0648\u0627\u0644\u062d\u0645\u0627\u064a\u0629 \u0645\u0646 \u0627\u0644\u062d\u0631\u0627\u0626\u0642 \u0648\u0627\u0644\u0625\u0646\u0642\u0627\u0630 SAWO \u0647\u0648 \u0623\u0643\u0628\u0631 \u0645\u0639\u0631\u0636 \u062a\u062c\u0627\u0631\u064a \u0644\u0644\u0633\u0644\u0627\u0645\u0629 \u0648\u0627\u0644\u0635\u062d\u0629 \u0627\u0644\u0645\u0647\u0646\u064a\u0629 \u0641\u064a \u0648\u0633\u0637 \u0648\u0634\u0631\u0642 \u0623\u0648\u0631\u0648\u0628\u0627. \u064a\u0642\u0627\u0645 \u0627\u0644\u0645\u0639\u0631\u0636 \u0643\u0644 \u0639\u0627\u0645\u064a\u0646. SAWO \u0647\u0648 \u062d\u062f\u062b \u0641\u0631\u064a\u062f \u0645\u0646 \u0646\u0648\u0639\u0647 \u0641\u064a \u0628\u0648\u0644\u0646\u062f\u0627 \u064a\u0633\u0627\u0647\u0645 \u0628\u0634\u0643\u0644 \u0645\u0628\u0627\u0634\u0631 \u0641\u064a \u062a\u0637\u0628\u064a\u0642 \u0627\u0644\u062a\u0642\u0646\u064a\u0627\u062a \u0648\u0627\u0644\u062d\u0644\u0648\u0644 \u0627\u0644\u0645\u062a\u0642\u062f\u0645\u0629 \u0641\u064a \u0627\u0644\u0634\u0631\u0643\u0627\u062a\u060c \u0648\u062a\u062d\u0633\u064a\u0646 \u062c\u0648\u062f\u0629 \u0627\u0644\u0639\u0645\u0644 \u0648\u0633\u0644\u0627\u0645\u0629 \u0627\u0644\u0645\u0648\u0638\u0641\u064a\u0646. \u062e\u0644\u0627\u0644 [&hellip;]<\/p>\n","protected":false},"author":1,"featured_media":0,"parent":30526,"menu_order":0,"comment_status":"closed","ping_status":"closed","template":"","meta":{"inline_featured_image":false,"ngg_post_thumbnail":0,"footnotes":""},"class_list":["post-39088","page","type-page","status-publish","hentry"],"acf":[],"yoast_head":"<!-- This site is optimized with the Yoast SEO plugin v27.0 - https:\/\/yoast.com\/product\/yoast-seo-wordpress\/ -->\n<title>\u062a\u0642\u0631\u064a\u0631 \u0645\u0646 \u0645\u0639\u0631\u0636 SAWO 2024 \u0627\u0644\u062a\u062c\u0627\u0631\u064a - Anter System<\/title>\n<meta name=\"description\" content=\"\u062a\u0642\u0631\u064a\u0631 \u0645\u0631\u0626\u064a \u0645\u0646 \u0627\u0644\u0645\u0639\u0631\u0636 \u0627\u0644\u062a\u062c\u0627\u0631\u064a SAWO&#039;24 \u0627\u0644\u0645\u0639\u0631\u0636 \u0627\u0644\u062a\u062c\u0627\u0631\u064a \u0627\u0644\u062f\u0648\u0644\u064a \u0644\u0644\u0633\u0644\u0627\u0645\u0629 \u0627\u0644\u0645\u0647\u0646\u064a\u0629 \u0648\u0627\u0644\u062d\u0645\u0627\u064a\u0629 \u0645\u0646 \u0627\u0644\u062d\u0631\u0627\u0626\u0642 \u0648\u0627\u0644\u0625\u0646\u0642\u0627\u0630 SAWO \u0647\u0648 \u0623\u0643\u0628\u0631 \u0645\u0639\u0631\u0636 \u062a\u062c\u0627\u0631\u064a \u0644\u0644\u0633\u0644\u0627\u0645\u0629 \u0648\u0627\u0644\u0635\u062d\u0629 \u0627\u0644\u0645\u0647\u0646\u064a\u0629 \u0641\u064a\" \/>\n<meta name=\"robots\" content=\"index, follow, max-snippet:-1, max-image-preview:large, max-video-preview:-1\" \/>\n<link rel=\"canonical\" href=\"https:\/\/antersystem.com\/ar\/news\/report-from-sawo-2024-trade-fair\/\" \/>\n<meta property=\"og:locale\" content=\"ar_AR\" \/>\n<meta property=\"og:type\" content=\"article\" \/>\n<meta property=\"og:title\" content=\"\u062a\u0642\u0631\u064a\u0631 \u0645\u0646 \u0645\u0639\u0631\u0636 SAWO 2024 \u0627\u0644\u062a\u062c\u0627\u0631\u064a - Anter System\" \/>\n<meta property=\"og:description\" content=\"\u062a\u0642\u0631\u064a\u0631 \u0645\u0631\u0626\u064a \u0645\u0646 \u0627\u0644\u0645\u0639\u0631\u0636 \u0627\u0644\u062a\u062c\u0627\u0631\u064a SAWO&#039;24 \u0627\u0644\u0645\u0639\u0631\u0636 \u0627\u0644\u062a\u062c\u0627\u0631\u064a \u0627\u0644\u062f\u0648\u0644\u064a \u0644\u0644\u0633\u0644\u0627\u0645\u0629 \u0627\u0644\u0645\u0647\u0646\u064a\u0629 \u0648\u0627\u0644\u062d\u0645\u0627\u064a\u0629 \u0645\u0646 \u0627\u0644\u062d\u0631\u0627\u0626\u0642 \u0648\u0627\u0644\u0625\u0646\u0642\u0627\u0630 SAWO \u0647\u0648 \u0623\u0643\u0628\u0631 \u0645\u0639\u0631\u0636 \u062a\u062c\u0627\u0631\u064a \u0644\u0644\u0633\u0644\u0627\u0645\u0629 \u0648\u0627\u0644\u0635\u062d\u0629 \u0627\u0644\u0645\u0647\u0646\u064a\u0629 \u0641\u064a\" \/>\n<meta property=\"og:url\" content=\"https:\/\/antersystem.com\/ar\/news\/report-from-sawo-2024-trade-fair\/\" \/>\n<meta property=\"og:site_name\" content=\"Anter System\" \/>\n<meta property=\"article:modified_time\" content=\"2026-02-02T14:47:19+00:00\" \/>\n<meta name=\"twitter:card\" content=\"summary_large_image\" \/>\n<script type=\"application\/ld+json\" class=\"yoast-schema-graph\">{\"@context\":\"https:\/\/schema.org\",\"@graph\":[{\"@type\":\"WebPage\",\"@id\":\"https:\/\/antersystem.com\/ar\/news\/report-from-sawo-2024-trade-fair\/\",\"url\":\"https:\/\/antersystem.com\/ar\/news\/report-from-sawo-2024-trade-fair\/\",\"name\":\"\u062a\u0642\u0631\u064a\u0631 \u0645\u0646 \u0645\u0639\u0631\u0636 SAWO 2024 \u0627\u0644\u062a\u062c\u0627\u0631\u064a - Anter System\",\"isPartOf\":{\"@id\":\"https:\/\/antersystem.com\/ar\/#website\"},\"datePublished\":\"2024-04-29T11:41:44+00:00\",\"dateModified\":\"2026-02-02T14:47:19+00:00\",\"description\":\"\u062a\u0642\u0631\u064a\u0631 \u0645\u0631\u0626\u064a \u0645\u0646 \u0627\u0644\u0645\u0639\u0631\u0636 \u0627\u0644\u062a\u062c\u0627\u0631\u064a SAWO'24 \u0627\u0644\u0645\u0639\u0631\u0636 \u0627\u0644\u062a\u062c\u0627\u0631\u064a \u0627\u0644\u062f\u0648\u0644\u064a \u0644\u0644\u0633\u0644\u0627\u0645\u0629 \u0627\u0644\u0645\u0647\u0646\u064a\u0629 \u0648\u0627\u0644\u062d\u0645\u0627\u064a\u0629 \u0645\u0646 \u0627\u0644\u062d\u0631\u0627\u0626\u0642 \u0648\u0627\u0644\u0625\u0646\u0642\u0627\u0630 SAWO \u0647\u0648 \u0623\u0643\u0628\u0631 \u0645\u0639\u0631\u0636 \u062a\u062c\u0627\u0631\u064a \u0644\u0644\u0633\u0644\u0627\u0645\u0629 \u0648\u0627\u0644\u0635\u062d\u0629 \u0627\u0644\u0645\u0647\u0646\u064a\u0629 \u0641\u064a\",\"breadcrumb\":{\"@id\":\"https:\/\/antersystem.com\/ar\/news\/report-from-sawo-2024-trade-fair\/#breadcrumb\"},\"inLanguage\":\"ar\",\"potentialAction\":[{\"@type\":\"ReadAction\",\"target\":[\"https:\/\/antersystem.com\/ar\/news\/report-from-sawo-2024-trade-fair\/\"]}]},{\"@type\":\"BreadcrumbList\",\"@id\":\"https:\/\/antersystem.com\/ar\/news\/report-from-sawo-2024-trade-fair\/#breadcrumb\",\"itemListElement\":[{\"@type\":\"ListItem\",\"position\":1,\"name\":\"AnterSystem\",\"item\":\"https:\/\/antersystem.com\/ar\/\"},{\"@type\":\"ListItem\",\"position\":2,\"name\":\"\u0627\u0644\u0623\u062e\u0628\u0627\u0631\",\"item\":\"https:\/\/antersystem.com\/ar\/news\/\"},{\"@type\":\"ListItem\",\"position\":3,\"name\":\"\u062a\u0642\u0631\u064a\u0631 \u0645\u0646 \u0645\u0639\u0631\u0636 SAWO 2024 \u0627\u0644\u062a\u062c\u0627\u0631\u064a\"}]},{\"@type\":\"WebSite\",\"@id\":\"https:\/\/antersystem.com\/ar\/#website\",\"url\":\"https:\/\/antersystem.com\/ar\/\",\"name\":\"Anter System\",\"description\":\"Jeste\u015bmy polskim producentem elastycznych barier ochronnych wykonywanych z polimerowych tworzyw sztucznych. Na rynku krajowym i zagranicznym dzia\u0142amy od ponad 15 lat dbaj\u0105c o zapewnienie bezpiecze\u0144stwa w zak\u0142adach produkcyjnych, magazynach oraz centrach logistycznych.\",\"potentialAction\":[{\"@type\":\"SearchAction\",\"target\":{\"@type\":\"EntryPoint\",\"urlTemplate\":\"https:\/\/antersystem.com\/ar\/?s={search_term_string}\"},\"query-input\":{\"@type\":\"PropertyValueSpecification\",\"valueRequired\":true,\"valueName\":\"search_term_string\"}}],\"inLanguage\":\"ar\"}]}<\/script>\n<!-- \/ Yoast SEO plugin. -->","yoast_head_json":{"title":"\u062a\u0642\u0631\u064a\u0631 \u0645\u0646 \u0645\u0639\u0631\u0636 SAWO 2024 \u0627\u0644\u062a\u062c\u0627\u0631\u064a - Anter System","description":"\u062a\u0642\u0631\u064a\u0631 \u0645\u0631\u0626\u064a \u0645\u0646 \u0627\u0644\u0645\u0639\u0631\u0636 \u0627\u0644\u062a\u062c\u0627\u0631\u064a SAWO'24 \u0627\u0644\u0645\u0639\u0631\u0636 \u0627\u0644\u062a\u062c\u0627\u0631\u064a \u0627\u0644\u062f\u0648\u0644\u064a \u0644\u0644\u0633\u0644\u0627\u0645\u0629 \u0627\u0644\u0645\u0647\u0646\u064a\u0629 \u0648\u0627\u0644\u062d\u0645\u0627\u064a\u0629 \u0645\u0646 \u0627\u0644\u062d\u0631\u0627\u0626\u0642 \u0648\u0627\u0644\u0625\u0646\u0642\u0627\u0630 SAWO \u0647\u0648 \u0623\u0643\u0628\u0631 \u0645\u0639\u0631\u0636 \u062a\u062c\u0627\u0631\u064a \u0644\u0644\u0633\u0644\u0627\u0645\u0629 \u0648\u0627\u0644\u0635\u062d\u0629 \u0627\u0644\u0645\u0647\u0646\u064a\u0629 \u0641\u064a","robots":{"index":"index","follow":"follow","max-snippet":"max-snippet:-1","max-image-preview":"max-image-preview:large","max-video-preview":"max-video-preview:-1"},"canonical":"https:\/\/antersystem.com\/ar\/news\/report-from-sawo-2024-trade-fair\/","og_locale":"ar_AR","og_type":"article","og_title":"\u062a\u0642\u0631\u064a\u0631 \u0645\u0646 \u0645\u0639\u0631\u0636 SAWO 2024 \u0627\u0644\u062a\u062c\u0627\u0631\u064a - Anter System","og_description":"\u062a\u0642\u0631\u064a\u0631 \u0645\u0631\u0626\u064a \u0645\u0646 \u0627\u0644\u0645\u0639\u0631\u0636 \u0627\u0644\u062a\u062c\u0627\u0631\u064a SAWO'24 \u0627\u0644\u0645\u0639\u0631\u0636 \u0627\u0644\u062a\u062c\u0627\u0631\u064a \u0627\u0644\u062f\u0648\u0644\u064a \u0644\u0644\u0633\u0644\u0627\u0645\u0629 \u0627\u0644\u0645\u0647\u0646\u064a\u0629 \u0648\u0627\u0644\u062d\u0645\u0627\u064a\u0629 \u0645\u0646 \u0627\u0644\u062d\u0631\u0627\u0626\u0642 \u0648\u0627\u0644\u0625\u0646\u0642\u0627\u0630 SAWO \u0647\u0648 \u0623\u0643\u0628\u0631 \u0645\u0639\u0631\u0636 \u062a\u062c\u0627\u0631\u064a \u0644\u0644\u0633\u0644\u0627\u0645\u0629 \u0648\u0627\u0644\u0635\u062d\u0629 \u0627\u0644\u0645\u0647\u0646\u064a\u0629 \u0641\u064a","og_url":"https:\/\/antersystem.com\/ar\/news\/report-from-sawo-2024-trade-fair\/","og_site_name":"Anter System","article_modified_time":"2026-02-02T14:47:19+00:00","twitter_card":"summary_large_image","schema":{"@context":"https:\/\/schema.org","@graph":[{"@type":"WebPage","@id":"https:\/\/antersystem.com\/ar\/news\/report-from-sawo-2024-trade-fair\/","url":"https:\/\/antersystem.com\/ar\/news\/report-from-sawo-2024-trade-fair\/","name":"\u062a\u0642\u0631\u064a\u0631 \u0645\u0646 \u0645\u0639\u0631\u0636 SAWO 2024 \u0627\u0644\u062a\u062c\u0627\u0631\u064a - Anter System","isPartOf":{"@id":"https:\/\/antersystem.com\/ar\/#website"},"datePublished":"2024-04-29T11:41:44+00:00","dateModified":"2026-02-02T14:47:19+00:00","description":"\u062a\u0642\u0631\u064a\u0631 \u0645\u0631\u0626\u064a \u0645\u0646 \u0627\u0644\u0645\u0639\u0631\u0636 \u0627\u0644\u062a\u062c\u0627\u0631\u064a SAWO'24 \u0627\u0644\u0645\u0639\u0631\u0636 \u0627\u0644\u062a\u062c\u0627\u0631\u064a \u0627\u0644\u062f\u0648\u0644\u064a \u0644\u0644\u0633\u0644\u0627\u0645\u0629 \u0627\u0644\u0645\u0647\u0646\u064a\u0629 \u0648\u0627\u0644\u062d\u0645\u0627\u064a\u0629 \u0645\u0646 \u0627\u0644\u062d\u0631\u0627\u0626\u0642 \u0648\u0627\u0644\u0625\u0646\u0642\u0627\u0630 SAWO \u0647\u0648 \u0623\u0643\u0628\u0631 \u0645\u0639\u0631\u0636 \u062a\u062c\u0627\u0631\u064a \u0644\u0644\u0633\u0644\u0627\u0645\u0629 \u0648\u0627\u0644\u0635\u062d\u0629 \u0627\u0644\u0645\u0647\u0646\u064a\u0629 \u0641\u064a","breadcrumb":{"@id":"https:\/\/antersystem.com\/ar\/news\/report-from-sawo-2024-trade-fair\/#breadcrumb"},"inLanguage":"ar","potentialAction":[{"@type":"ReadAction","target":["https:\/\/antersystem.com\/ar\/news\/report-from-sawo-2024-trade-fair\/"]}]},{"@type":"BreadcrumbList","@id":"https:\/\/antersystem.com\/ar\/news\/report-from-sawo-2024-trade-fair\/#breadcrumb","itemListElement":[{"@type":"ListItem","position":1,"name":"AnterSystem","item":"https:\/\/antersystem.com\/ar\/"},{"@type":"ListItem","position":2,"name":"\u0627\u0644\u0623\u062e\u0628\u0627\u0631","item":"https:\/\/antersystem.com\/ar\/news\/"},{"@type":"ListItem","position":3,"name":"\u062a\u0642\u0631\u064a\u0631 \u0645\u0646 \u0645\u0639\u0631\u0636 SAWO 2024 \u0627\u0644\u062a\u062c\u0627\u0631\u064a"}]},{"@type":"WebSite","@id":"https:\/\/antersystem.com\/ar\/#website","url":"https:\/\/antersystem.com\/ar\/","name":"Anter System","description":"Jeste\u015bmy polskim producentem elastycznych barier ochronnych wykonywanych z polimerowych tworzyw sztucznych. Na rynku krajowym i zagranicznym dzia\u0142amy od ponad 15 lat dbaj\u0105c o zapewnienie bezpiecze\u0144stwa w zak\u0142adach produkcyjnych, magazynach oraz centrach logistycznych.","potentialAction":[{"@type":"SearchAction","target":{"@type":"EntryPoint","urlTemplate":"https:\/\/antersystem.com\/ar\/?s={search_term_string}"},"query-input":{"@type":"PropertyValueSpecification","valueRequired":true,"valueName":"search_term_string"}}],"inLanguage":"ar"}]}},"_links":{"self":[{"href":"https:\/\/antersystem.com\/ar\/wp-json\/wp\/v2\/pages\/39088","targetHints":{"allow":["GET"]}}],"collection":[{"href":"https:\/\/antersystem.com\/ar\/wp-json\/wp\/v2\/pages"}],"about":[{"href":"https:\/\/antersystem.com\/ar\/wp-json\/wp\/v2\/types\/page"}],"author":[{"embeddable":true,"href":"https:\/\/antersystem.com\/ar\/wp-json\/wp\/v2\/users\/1"}],"replies":[{"embeddable":true,"href":"https:\/\/antersystem.com\/ar\/wp-json\/wp\/v2\/comments?post=39088"}],"version-history":[{"count":1,"href":"https:\/\/antersystem.com\/ar\/wp-json\/wp\/v2\/pages\/39088\/revisions"}],"predecessor-version":[{"id":39090,"href":"https:\/\/antersystem.com\/ar\/wp-json\/wp\/v2\/pages\/39088\/revisions\/39090"}],"up":[{"embeddable":true,"href":"https:\/\/antersystem.com\/ar\/wp-json\/wp\/v2\/pages\/30526"}],"wp:attachment":[{"href":"https:\/\/antersystem.com\/ar\/wp-json\/wp\/v2\/media?parent=39088"}],"curies":[{"name":"wp","href":"https:\/\/api.w.org\/{rel}","templated":true}]}}