{"id":39203,"date":"2024-02-08T14:55:05","date_gmt":"2024-02-08T13:55:05","guid":{"rendered":"https:\/\/antersystem.com\/news\/warehouse-logistics-at-the-trade-fair-intralogistica-2024\/"},"modified":"2026-02-04T11:22:27","modified_gmt":"2026-02-04T10:22:27","slug":"warehouse-logistics-at-the-trade-fair-intralogistica-2024","status":"publish","type":"page","link":"https:\/\/antersystem.com\/ar\/news\/warehouse-logistics-at-the-trade-fair-intralogistica-2024\/","title":{"rendered":"\u0644\u0648\u062c\u0633\u062a\u064a\u0627\u062a \u0627\u0644\u0645\u0633\u062a\u0648\u062f\u0639\u0627\u062a \u0641\u064a \u0627\u0644\u0645\u0639\u0631\u0636 \u0627\u0644\u062a\u062c\u0627\u0631\u064a"},"content":{"rendered":"\n<div class=\"wp-block-columns is-layout-flex wp-container-core-columns-is-layout-9d6595d7 wp-block-columns-is-layout-flex\">\n  \n  <div class=\"wp-block-column is-layout-flow wp-block-column-is-layout-flow\">\n    \n    <h3 class=\"wp-block-heading\"><\/h3>\n    \n\n    \n    <div class=\"wp-block-columns is-layout-flex wp-container-core-columns-is-layout-9d6595d7 wp-block-columns-is-layout-flex\">\n      \n      <div class=\"wp-block-column is-layout-flow wp-block-column-is-layout-flow\" style=\"flex-basis:10%\"><\/div>\n      \n\n      \n      <div class=\"wp-block-column is-layout-flow wp-block-column-is-layout-flow\">\n        \n        <h3 class=\"wp-block-heading\"><strong> <\/strong>\u0645\u0639\u0631\u0636 \u0625\u0646\u062a\u0631\u0627\u0644\u0648\u062c\u064a\u0633\u062a\u064a\u0643\u0627 \u0628\u0648\u0644\u0646\u062f\u0627 &#8211; 24-26 \u064a\u0646\u0627\u064a\u0631 2024<\/h3>\n        \n\n        \n        <p>\u0644\u0642\u062f \u0627\u0646\u062a\u0647\u062a \u0627\u0644\u062a\u062c\u0631\u0628\u0629 \u0627\u0644\u0622\u0646 &#8211; \u0648\u064a\u0627 \u0644\u0647\u0627 \u0645\u0646 \u062a\u062c\u0631\u0628\u0629 \u0631\u0627\u0626\u0639\u0629! \u0646\u0648\u062f \u0623\u0646 \u0646\u0639\u0631\u0628 \u0639\u0646 \u0627\u0645\u062a\u0646\u0627\u0646\u0646\u0627 \u0644\u0632\u064a\u0627\u0631\u0629 \u062c\u0646\u0627\u062d\u0646\u0627 \u0645\u0639 <a href=\"https:\/\/antersystem.com\/kategorie_produktow\/bariery-bezpieczenstwa-dla-pieszych\/\">\u062d\u0648\u0627\u062c\u0632 \u0627\u0644\u0633\u0644\u0627\u0645\u0629 \u0627\u0644\u0645\u0631\u0646\u0629 \u0648\u0644\u0644\u0623\u062c\u0648\u0627\u0621<\/a> \u0627\u0644\u0631\u0627\u0626\u0639\u0629 \u0627\u0644\u062a\u064a \u062e\u0644\u0642\u0646\u0627\u0647\u0627 \u0645\u0639 \u0643\u0644 \u0645\u0646 \u0627\u0644\u0632\u0648\u0627\u0631 \u0648\u0627\u0644\u0645\u0646\u0638\u0645\u064a\u0646. \u0646\u062d\u0646 \u0631\u0627\u0636\u0648\u0646 \u0628\u0634\u0643\u0644 \u062e\u0627\u0635 \u0639\u0646 \u062a\u0642\u062f\u064a\u0645 <a href=\"https:\/\/antersystem.com\/kategorie_produktow\/technika-zaladunkowa\/\">\u062d\u0644\u0648\u0644 \u062a\u0642\u0646\u064a\u0629 \u0627\u0644\u062a\u062d\u0645\u064a\u0644 \u0627\u0644\u062e\u0627\u0635\u0629 \u0628\u0646\u0627 \u060c<\/a> \u0648\u0627\u0644\u062a\u064a \u0644\u0645 \u064a\u062a\u0645 \u0627\u0644\u062a\u0639\u0631\u0641 \u0639\u0644\u064a\u0647\u0627 \u0639\u0644\u0649 \u0646\u0637\u0627\u0642 \u0648\u0627\u0633\u0639 \u0641\u064a \u0627\u0644\u0633\u0648\u0642 \u0628\u0639\u062f \u0648\u0644\u0643\u0646\u0647\u0627 \u062a\u062d\u0633\u0646 \u0628\u0634\u0643\u0644 \u0643\u0628\u064a\u0631 \u0645\u0646 \u0639\u0645\u0644\u064a\u0627\u062a \u0627\u0644\u0634\u062d\u0646. \u0648\u0628\u0635\u0641\u062a\u0646\u0627 \u0634\u0631\u0643\u0629 \u0645\u0635\u0646\u0639\u0629 \u0644\u062f\u0639\u0627\u0645\u0627\u062a \u0627\u0644\u0633\u0644\u0627\u0645\u0629 \u0648\u0623\u0642\u0641\u0627\u0644 \u0627\u0644\u0639\u062c\u0644\u0627\u062a \u0627\u0644\u064a\u062f\u0648\u064a\u0629\u060c \u0641\u0625\u0646\u0646\u0627 \u0646\u0634\u062c\u0639 \u062b\u0642\u0627\u0641\u0629 \u0627\u0644\u0639\u0645\u0644 \u0627\u0644\u0622\u0645\u0646 \u0648\u0627\u0644\u0627\u0633\u062a\u062e\u062f\u0627\u0645 \u0627\u0644\u0630\u0643\u064a \u0644\u0644\u0623\u062f\u0648\u0627\u062a \u0627\u0644\u0645\u062a\u0627\u062d\u0629 \u0641\u064a \u0623\u0646\u0638\u0645\u0629 \u0627\u0644\u0625\u062f\u0627\u0631\u0629 \u0627\u0644\u0644\u0648\u062c\u0633\u062a\u064a\u0629 \u0627\u0644\u0645\u062a\u0643\u0627\u0645\u0644\u0629.   <\/p>\n        \n\n        \n        <p>\u062a\u0642\u062f\u0645 \u0645\u062b\u0644 \u0647\u0630\u0647 \u0627\u0644\u0645\u0639\u0627\u0631\u0636 \u0627\u0644\u062a\u062c\u0627\u0631\u064a\u0629 \u0631\u0624\u064a\u0629 \u0648\u0627\u0633\u0639\u0629 \u0644\u0645\u0627 \u064a\u062d\u062f\u062b \u0641\u064a \u0647\u0630\u0647 \u0627\u0644\u0635\u0646\u0627\u0639\u0629 &#8211; \u0641\u0647\u064a \u062a\u0644\u0647\u0645\u0646\u0627 \u0648\u062a\u062a\u064a\u062d \u0644\u0646\u0627 \u0627\u0644\u062a\u0648\u0627\u0635\u0644 \u0648\u062a\u0633\u0645\u062d \u0644\u0646\u0627 \u0628\u0645\u0642\u0627\u0628\u0644\u0629 \u0627\u0644\u0642\u0627\u062f\u0629 \u0627\u0644\u0630\u064a\u0646 \u064a\u0634\u0627\u0631\u0643\u0648\u0646 \u062a\u062c\u0627\u0631\u0628\u0647\u0645 \u0648\u0642\u0635\u0635 \u0646\u062c\u0627\u062d\u0647\u0645. \u0646\u0648\u062f \u0623\u0646 \u0646\u0639\u0631\u0628 \u0639\u0646 \u0627\u0645\u062a\u0646\u0627\u0646\u0646\u0627 \u0644\u0640 <\/p>\n        \n\n        \n        <ul class=\"wp-block-list\"><li>\u0645\u062d\u0627\u062f\u062b\u0627\u062a \u062d\u0648\u0644 \u0639\u0645\u0644\u064a\u0627\u062a \u0627\u0644\u0639\u0645\u0644 \u0627\u0644\u0635\u0639\u0628\u0629 \u0627\u0644\u062a\u064a \u062a\u062a\u0637\u0644\u0628 \u0627\u0644\u0643\u062b\u064a\u0631 \u0645\u0646 \u0627\u0644\u062c\u0647\u062f \u0627\u0644\u0630\u0647\u0646\u064a &#8211; \u0648\u0647\u0648 \u062a\u0641\u0643\u064a\u0631 \u0645\u0633\u062a\u0648\u062d\u0649 \u0645\u0646 \u062e\u0628\u064a\u0631 \u0623\u0643\u0627\u062f\u064a\u0645\u064a \u0627\u0644\u062a\u0642\u064a\u0646\u0627\u0647 \u0641\u064a \u0647\u0630\u0627 \u0627\u0644\u062d\u062f\u062b.<\/li>\n          <li>\u0627\u0644\u0641\u0636\u0648\u0644 \u0648\u0627\u0644\u0646\u0647\u062c \u0627\u0644\u0639\u0627\u062f\u0644 \u0644\u0644\u0634\u0631\u0643\u0627\u062a \u0627\u0644\u0623\u062e\u0631\u0649\u060c \u0648\u062d\u062a\u0649 \u0627\u0644\u0645\u0646\u0627\u0641\u0633\u064a\u0646.<\/li>\n          <li>\u0627\u0644\u0627\u0646\u0641\u062a\u0627\u062d \u0639\u0644\u0649 \u062a\u062c\u0627\u0648\u0632 \u0623\u062f\u0648\u0627\u0631 \u0627\u0644\u0639\u0645\u0644 \u0648\u0627\u0644\u0627\u0644\u062a\u0642\u0627\u0621 \u0628\u0646\u0627 \u0634\u062e\u0635\u064a\u064b\u0627\u060c \u0648\u0645\u0646\u0627\u0642\u0634\u0629 \u0627\u0644\u0645\u062e\u0627\u0637\u0631 \u0627\u0644\u064a\u0648\u0645\u064a\u0629 \u0641\u064a \u0645\u0643\u0627\u0646 \u0627\u0644\u0639\u0645\u0644 \u0628\u0635\u0631\u0627\u062d\u0629 \u0648\u0628\u0635\u064a\u0631\u0629.<\/li>\n          <li>\u0645\u0646\u0627\u0642\u0634\u0627\u062a \u062a\u0641\u0627\u0639\u0644\u064a\u0629 \u0648\u062a\u0628\u0627\u062f\u0644 \u0648\u062c\u0647\u0627\u062a \u0627\u0644\u0646\u0638\u0631.<\/li>\n          <li>\u0627\u0644\u0648\u0642\u062a \u0627\u0644\u0630\u064a \u062e\u0635\u0635\u062a\u0647 \u0644\u0644\u062a\u0639\u0631\u0641 \u0639\u0644\u0649 \u0639\u0631\u0636\u0646\u0627 \u0648\u0631\u0624\u064a\u0629 \u062d\u0648\u0627\u062c\u0632 \u0627\u0644\u0633\u0644\u0627\u0645\u0629 \u0627\u0644\u0645\u0631\u0646\u0629 \u0623\u062b\u0646\u0627\u0621 \u0627\u0644\u0639\u0645\u0644.<\/li>\n          <li>\u0643\u0644\u0645\u0627\u062a\u0643 \u0627\u0644\u0644\u0637\u064a\u0641\u0629 \u0648\u062a\u0642\u062f\u064a\u0631\u0643 \u0644\u0644\u062a\u0635\u0645\u064a\u0645 \u0648\u0627\u0644\u0642\u064a\u0645\u0629 \u0627\u0644\u062c\u0645\u0627\u0644\u064a\u0629 \u0644\u062c\u0646\u0627\u062d\u0646\u0627 \u0648\u0645\u0646\u062a\u062c\u0627\u062a\u0646\u0627.<\/li>\n        <\/ul>\n\n        \n        <p>\u0646\u0624\u0643\u062f \u0644\u0643 \u0623\u0646\u0646\u0627 \u0644\u0646 \u0646\u062a\u0648\u0627\u0635\u0644 \u0645\u0639\u0643 \u0625\u0644\u0627 \u0628\u0627\u0644\u0645\u0639\u0644\u0648\u0645\u0627\u062a \u0630\u0627\u062a \u0627\u0644\u0635\u0644\u0629. \u0646\u062d\u0646 \u0645\u0633\u062a\u0639\u062f\u0648\u0646 \u062f\u0627\u0626\u0645\u064b\u0627 \u0644\u0632\u064a\u0627\u0631\u0629 \u0645\u0633\u062a\u0648\u062f\u0639\u0643 \u0623\u0648 \u0645\u0648\u0642\u0639 \u0627\u0644\u0625\u0646\u062a\u0627\u062c \u0627\u0644\u062e\u0627\u0635 \u0628\u0643 \u0644\u062a\u0642\u062f\u064a\u0645 \u0627\u0644\u0645\u0634\u0648\u0631\u0629 \u0628\u0634\u0623\u0646 \u062d\u0644\u0648\u0644 \u0627\u0644\u0633\u0644\u0627\u0645\u0629 \u0627\u0644\u0623\u0643\u062b\u0631 \u0641\u0639\u0627\u0644\u064a\u0629 \u0644\u0645\u0646\u0634\u0623\u062a\u0643. \u064a\u0645\u0643\u0646\u0643 \u0627\u0644\u0639\u062b\u0648\u0631 \u0639\u0644\u0649 \u062a\u0641\u0627\u0635\u064a\u0644 \u0627\u0644\u0627\u062a\u0635\u0627\u0644 \u0628\u0646\u0627 \u0639\u0644\u0649 \u0645\u0648\u0642\u0639\u0646\u0627 \u0627\u0644\u0625\u0644\u0643\u062a\u0631\u0648\u0646\u064a.  <\/p>\n        \n\n      <\/div>\n      \n\n      \n      <div class=\"wp-block-column is-layout-flow wp-block-column-is-layout-flow\" style=\"flex-basis:10%\"><\/div>\n      \n    <\/div>\n    \n\n    \n    ngg_shortcode_0_placeholder\n    \n  <\/div>\n  \n<\/div>\n","protected":false},"excerpt":{"rendered":"<p>\u0645\u0639\u0631\u0636 \u0625\u0646\u062a\u0631\u0627\u0644\u0648\u062c\u064a\u0633\u062a\u064a\u0643\u0627 \u0628\u0648\u0644\u0646\u062f\u0627 &#8211; 24-26 \u064a\u0646\u0627\u064a\u0631 2024 \u0644\u0642\u062f \u0627\u0646\u062a\u0647\u062a \u0627\u0644\u062a\u062c\u0631\u0628\u0629 \u0627\u0644\u0622\u0646 &#8211; \u0648\u064a\u0627 \u0644\u0647\u0627 \u0645\u0646 \u062a\u062c\u0631\u0628\u0629 \u0631\u0627\u0626\u0639\u0629! \u0646\u0648\u062f \u0623\u0646 \u0646\u0639\u0631\u0628 \u0639\u0646 \u0627\u0645\u062a\u0646\u0627\u0646\u0646\u0627 \u0644\u0632\u064a\u0627\u0631\u0629 \u062c\u0646\u0627\u062d\u0646\u0627 \u0645\u0639 \u062d\u0648\u0627\u062c\u0632 \u0627\u0644\u0633\u0644\u0627\u0645\u0629 \u0627\u0644\u0645\u0631\u0646\u0629 \u0648\u0644\u0644\u0623\u062c\u0648\u0627\u0621 \u0627\u0644\u0631\u0627\u0626\u0639\u0629 \u0627\u0644\u062a\u064a \u062e\u0644\u0642\u0646\u0627\u0647\u0627 \u0645\u0639 \u0643\u0644 \u0645\u0646 \u0627\u0644\u0632\u0648\u0627\u0631 \u0648\u0627\u0644\u0645\u0646\u0638\u0645\u064a\u0646. \u0646\u062d\u0646 \u0631\u0627\u0636\u0648\u0646 \u0628\u0634\u0643\u0644 \u062e\u0627\u0635 \u0639\u0646 \u062a\u0642\u062f\u064a\u0645 \u062d\u0644\u0648\u0644 \u062a\u0642\u0646\u064a\u0629 \u0627\u0644\u062a\u062d\u0645\u064a\u0644 \u0627\u0644\u062e\u0627\u0635\u0629 \u0628\u0646\u0627 \u060c \u0648\u0627\u0644\u062a\u064a \u0644\u0645 \u064a\u062a\u0645 \u0627\u0644\u062a\u0639\u0631\u0641 \u0639\u0644\u064a\u0647\u0627 \u0639\u0644\u0649 [&hellip;]<\/p>\n","protected":false},"author":1,"featured_media":0,"parent":30526,"menu_order":0,"comment_status":"closed","ping_status":"closed","template":"","meta":{"inline_featured_image":false,"ngg_post_thumbnail":0,"footnotes":""},"class_list":["post-39203","page","type-page","status-publish","hentry"],"acf":[],"yoast_head":"<!-- This site is optimized with the Yoast SEO plugin v27.0 - https:\/\/yoast.com\/product\/yoast-seo-wordpress\/ -->\n<title>\u0644\u0648\u062c\u0633\u062a\u064a\u0627\u062a \u0627\u0644\u0645\u0633\u062a\u0648\u062f\u0639\u0627\u062a \u0641\u064a \u0627\u0644\u0645\u0639\u0631\u0636 \u0627\u0644\u062a\u062c\u0627\u0631\u064a - Anter System<\/title>\n<meta name=\"description\" content=\"\u0645\u0639\u0631\u0636 \u0625\u0646\u062a\u0631\u0627\u0644\u0648\u062c\u064a\u0633\u062a\u064a\u0643\u0627 \u0628\u0648\u0644\u0646\u062f\u0627 - 24-26 \u064a\u0646\u0627\u064a\u0631 2024 \u0644\u0642\u062f \u0627\u0646\u062a\u0647\u062a \u0627\u0644\u062a\u062c\u0631\u0628\u0629 \u0627\u0644\u0622\u0646 - \u0648\u064a\u0627 \u0644\u0647\u0627 \u0645\u0646 \u062a\u062c\u0631\u0628\u0629 \u0631\u0627\u0626\u0639\u0629! \u0646\u0648\u062f \u0623\u0646 \u0646\u0639\u0631\u0628 \u0639\u0646 \u0627\u0645\u062a\u0646\u0627\u0646\u0646\u0627 \u0644\u0632\u064a\u0627\u0631\u0629 \u062c\u0646\u0627\u062d\u0646\u0627 \u0645\u0639 \u062d\u0648\u0627\u062c\u0632 \u0627\u0644\u0633\u0644\u0627\u0645\u0629\" \/>\n<meta name=\"robots\" content=\"index, follow, max-snippet:-1, max-image-preview:large, max-video-preview:-1\" \/>\n<link rel=\"canonical\" href=\"https:\/\/antersystem.com\/ar\/news\/warehouse-logistics-at-the-trade-fair-intralogistica-2024\/\" \/>\n<meta property=\"og:locale\" content=\"ar_AR\" \/>\n<meta property=\"og:type\" content=\"article\" \/>\n<meta property=\"og:title\" content=\"\u0644\u0648\u062c\u0633\u062a\u064a\u0627\u062a \u0627\u0644\u0645\u0633\u062a\u0648\u062f\u0639\u0627\u062a \u0641\u064a \u0627\u0644\u0645\u0639\u0631\u0636 \u0627\u0644\u062a\u062c\u0627\u0631\u064a - Anter System\" \/>\n<meta property=\"og:description\" content=\"\u0645\u0639\u0631\u0636 \u0625\u0646\u062a\u0631\u0627\u0644\u0648\u062c\u064a\u0633\u062a\u064a\u0643\u0627 \u0628\u0648\u0644\u0646\u062f\u0627 - 24-26 \u064a\u0646\u0627\u064a\u0631 2024 \u0644\u0642\u062f \u0627\u0646\u062a\u0647\u062a \u0627\u0644\u062a\u062c\u0631\u0628\u0629 \u0627\u0644\u0622\u0646 - \u0648\u064a\u0627 \u0644\u0647\u0627 \u0645\u0646 \u062a\u062c\u0631\u0628\u0629 \u0631\u0627\u0626\u0639\u0629! \u0646\u0648\u062f \u0623\u0646 \u0646\u0639\u0631\u0628 \u0639\u0646 \u0627\u0645\u062a\u0646\u0627\u0646\u0646\u0627 \u0644\u0632\u064a\u0627\u0631\u0629 \u062c\u0646\u0627\u062d\u0646\u0627 \u0645\u0639 \u062d\u0648\u0627\u062c\u0632 \u0627\u0644\u0633\u0644\u0627\u0645\u0629\" \/>\n<meta property=\"og:url\" content=\"https:\/\/antersystem.com\/ar\/news\/warehouse-logistics-at-the-trade-fair-intralogistica-2024\/\" \/>\n<meta property=\"og:site_name\" content=\"Anter System\" \/>\n<meta property=\"article:modified_time\" content=\"2026-02-04T10:22:27+00:00\" \/>\n<meta name=\"twitter:card\" content=\"summary_large_image\" \/>\n<script type=\"application\/ld+json\" class=\"yoast-schema-graph\">{\"@context\":\"https:\/\/schema.org\",\"@graph\":[{\"@type\":\"WebPage\",\"@id\":\"https:\/\/antersystem.com\/ar\/news\/warehouse-logistics-at-the-trade-fair-intralogistica-2024\/\",\"url\":\"https:\/\/antersystem.com\/ar\/news\/warehouse-logistics-at-the-trade-fair-intralogistica-2024\/\",\"name\":\"\u0644\u0648\u062c\u0633\u062a\u064a\u0627\u062a \u0627\u0644\u0645\u0633\u062a\u0648\u062f\u0639\u0627\u062a \u0641\u064a \u0627\u0644\u0645\u0639\u0631\u0636 \u0627\u0644\u062a\u062c\u0627\u0631\u064a - Anter System\",\"isPartOf\":{\"@id\":\"https:\/\/antersystem.com\/ar\/#website\"},\"datePublished\":\"2024-02-08T13:55:05+00:00\",\"dateModified\":\"2026-02-04T10:22:27+00:00\",\"description\":\"\u0645\u0639\u0631\u0636 \u0625\u0646\u062a\u0631\u0627\u0644\u0648\u062c\u064a\u0633\u062a\u064a\u0643\u0627 \u0628\u0648\u0644\u0646\u062f\u0627 - 24-26 \u064a\u0646\u0627\u064a\u0631 2024 \u0644\u0642\u062f \u0627\u0646\u062a\u0647\u062a \u0627\u0644\u062a\u062c\u0631\u0628\u0629 \u0627\u0644\u0622\u0646 - \u0648\u064a\u0627 \u0644\u0647\u0627 \u0645\u0646 \u062a\u062c\u0631\u0628\u0629 \u0631\u0627\u0626\u0639\u0629! \u0646\u0648\u062f \u0623\u0646 \u0646\u0639\u0631\u0628 \u0639\u0646 \u0627\u0645\u062a\u0646\u0627\u0646\u0646\u0627 \u0644\u0632\u064a\u0627\u0631\u0629 \u062c\u0646\u0627\u062d\u0646\u0627 \u0645\u0639 \u062d\u0648\u0627\u062c\u0632 \u0627\u0644\u0633\u0644\u0627\u0645\u0629\",\"breadcrumb\":{\"@id\":\"https:\/\/antersystem.com\/ar\/news\/warehouse-logistics-at-the-trade-fair-intralogistica-2024\/#breadcrumb\"},\"inLanguage\":\"ar\",\"potentialAction\":[{\"@type\":\"ReadAction\",\"target\":[\"https:\/\/antersystem.com\/ar\/news\/warehouse-logistics-at-the-trade-fair-intralogistica-2024\/\"]}]},{\"@type\":\"BreadcrumbList\",\"@id\":\"https:\/\/antersystem.com\/ar\/news\/warehouse-logistics-at-the-trade-fair-intralogistica-2024\/#breadcrumb\",\"itemListElement\":[{\"@type\":\"ListItem\",\"position\":1,\"name\":\"AnterSystem\",\"item\":\"https:\/\/antersystem.com\/ar\/\"},{\"@type\":\"ListItem\",\"position\":2,\"name\":\"\u0627\u0644\u0623\u062e\u0628\u0627\u0631\",\"item\":\"https:\/\/antersystem.com\/ar\/news\/\"},{\"@type\":\"ListItem\",\"position\":3,\"name\":\"\u0644\u0648\u062c\u0633\u062a\u064a\u0627\u062a \u0627\u0644\u0645\u0633\u062a\u0648\u062f\u0639\u0627\u062a \u0641\u064a \u0627\u0644\u0645\u0639\u0631\u0636 \u0627\u0644\u062a\u062c\u0627\u0631\u064a\"}]},{\"@type\":\"WebSite\",\"@id\":\"https:\/\/antersystem.com\/ar\/#website\",\"url\":\"https:\/\/antersystem.com\/ar\/\",\"name\":\"Anter System\",\"description\":\"Jeste\u015bmy polskim producentem elastycznych barier ochronnych wykonywanych z polimerowych tworzyw sztucznych. Na rynku krajowym i zagranicznym dzia\u0142amy od ponad 15 lat dbaj\u0105c o zapewnienie bezpiecze\u0144stwa w zak\u0142adach produkcyjnych, magazynach oraz centrach logistycznych.\",\"potentialAction\":[{\"@type\":\"SearchAction\",\"target\":{\"@type\":\"EntryPoint\",\"urlTemplate\":\"https:\/\/antersystem.com\/ar\/?s={search_term_string}\"},\"query-input\":{\"@type\":\"PropertyValueSpecification\",\"valueRequired\":true,\"valueName\":\"search_term_string\"}}],\"inLanguage\":\"ar\"}]}<\/script>\n<!-- \/ Yoast SEO plugin. -->","yoast_head_json":{"title":"\u0644\u0648\u062c\u0633\u062a\u064a\u0627\u062a \u0627\u0644\u0645\u0633\u062a\u0648\u062f\u0639\u0627\u062a \u0641\u064a \u0627\u0644\u0645\u0639\u0631\u0636 \u0627\u0644\u062a\u062c\u0627\u0631\u064a - Anter System","description":"\u0645\u0639\u0631\u0636 \u0625\u0646\u062a\u0631\u0627\u0644\u0648\u062c\u064a\u0633\u062a\u064a\u0643\u0627 \u0628\u0648\u0644\u0646\u062f\u0627 - 24-26 \u064a\u0646\u0627\u064a\u0631 2024 \u0644\u0642\u062f \u0627\u0646\u062a\u0647\u062a \u0627\u0644\u062a\u062c\u0631\u0628\u0629 \u0627\u0644\u0622\u0646 - \u0648\u064a\u0627 \u0644\u0647\u0627 \u0645\u0646 \u062a\u062c\u0631\u0628\u0629 \u0631\u0627\u0626\u0639\u0629! \u0646\u0648\u062f \u0623\u0646 \u0646\u0639\u0631\u0628 \u0639\u0646 \u0627\u0645\u062a\u0646\u0627\u0646\u0646\u0627 \u0644\u0632\u064a\u0627\u0631\u0629 \u062c\u0646\u0627\u062d\u0646\u0627 \u0645\u0639 \u062d\u0648\u0627\u062c\u0632 \u0627\u0644\u0633\u0644\u0627\u0645\u0629","robots":{"index":"index","follow":"follow","max-snippet":"max-snippet:-1","max-image-preview":"max-image-preview:large","max-video-preview":"max-video-preview:-1"},"canonical":"https:\/\/antersystem.com\/ar\/news\/warehouse-logistics-at-the-trade-fair-intralogistica-2024\/","og_locale":"ar_AR","og_type":"article","og_title":"\u0644\u0648\u062c\u0633\u062a\u064a\u0627\u062a \u0627\u0644\u0645\u0633\u062a\u0648\u062f\u0639\u0627\u062a \u0641\u064a \u0627\u0644\u0645\u0639\u0631\u0636 \u0627\u0644\u062a\u062c\u0627\u0631\u064a - Anter System","og_description":"\u0645\u0639\u0631\u0636 \u0625\u0646\u062a\u0631\u0627\u0644\u0648\u062c\u064a\u0633\u062a\u064a\u0643\u0627 \u0628\u0648\u0644\u0646\u062f\u0627 - 24-26 \u064a\u0646\u0627\u064a\u0631 2024 \u0644\u0642\u062f \u0627\u0646\u062a\u0647\u062a \u0627\u0644\u062a\u062c\u0631\u0628\u0629 \u0627\u0644\u0622\u0646 - \u0648\u064a\u0627 \u0644\u0647\u0627 \u0645\u0646 \u062a\u062c\u0631\u0628\u0629 \u0631\u0627\u0626\u0639\u0629! \u0646\u0648\u062f \u0623\u0646 \u0646\u0639\u0631\u0628 \u0639\u0646 \u0627\u0645\u062a\u0646\u0627\u0646\u0646\u0627 \u0644\u0632\u064a\u0627\u0631\u0629 \u062c\u0646\u0627\u062d\u0646\u0627 \u0645\u0639 \u062d\u0648\u0627\u062c\u0632 \u0627\u0644\u0633\u0644\u0627\u0645\u0629","og_url":"https:\/\/antersystem.com\/ar\/news\/warehouse-logistics-at-the-trade-fair-intralogistica-2024\/","og_site_name":"Anter System","article_modified_time":"2026-02-04T10:22:27+00:00","twitter_card":"summary_large_image","schema":{"@context":"https:\/\/schema.org","@graph":[{"@type":"WebPage","@id":"https:\/\/antersystem.com\/ar\/news\/warehouse-logistics-at-the-trade-fair-intralogistica-2024\/","url":"https:\/\/antersystem.com\/ar\/news\/warehouse-logistics-at-the-trade-fair-intralogistica-2024\/","name":"\u0644\u0648\u062c\u0633\u062a\u064a\u0627\u062a \u0627\u0644\u0645\u0633\u062a\u0648\u062f\u0639\u0627\u062a \u0641\u064a \u0627\u0644\u0645\u0639\u0631\u0636 \u0627\u0644\u062a\u062c\u0627\u0631\u064a - Anter System","isPartOf":{"@id":"https:\/\/antersystem.com\/ar\/#website"},"datePublished":"2024-02-08T13:55:05+00:00","dateModified":"2026-02-04T10:22:27+00:00","description":"\u0645\u0639\u0631\u0636 \u0625\u0646\u062a\u0631\u0627\u0644\u0648\u062c\u064a\u0633\u062a\u064a\u0643\u0627 \u0628\u0648\u0644\u0646\u062f\u0627 - 24-26 \u064a\u0646\u0627\u064a\u0631 2024 \u0644\u0642\u062f \u0627\u0646\u062a\u0647\u062a \u0627\u0644\u062a\u062c\u0631\u0628\u0629 \u0627\u0644\u0622\u0646 - \u0648\u064a\u0627 \u0644\u0647\u0627 \u0645\u0646 \u062a\u062c\u0631\u0628\u0629 \u0631\u0627\u0626\u0639\u0629! \u0646\u0648\u062f \u0623\u0646 \u0646\u0639\u0631\u0628 \u0639\u0646 \u0627\u0645\u062a\u0646\u0627\u0646\u0646\u0627 \u0644\u0632\u064a\u0627\u0631\u0629 \u062c\u0646\u0627\u062d\u0646\u0627 \u0645\u0639 \u062d\u0648\u0627\u062c\u0632 \u0627\u0644\u0633\u0644\u0627\u0645\u0629","breadcrumb":{"@id":"https:\/\/antersystem.com\/ar\/news\/warehouse-logistics-at-the-trade-fair-intralogistica-2024\/#breadcrumb"},"inLanguage":"ar","potentialAction":[{"@type":"ReadAction","target":["https:\/\/antersystem.com\/ar\/news\/warehouse-logistics-at-the-trade-fair-intralogistica-2024\/"]}]},{"@type":"BreadcrumbList","@id":"https:\/\/antersystem.com\/ar\/news\/warehouse-logistics-at-the-trade-fair-intralogistica-2024\/#breadcrumb","itemListElement":[{"@type":"ListItem","position":1,"name":"AnterSystem","item":"https:\/\/antersystem.com\/ar\/"},{"@type":"ListItem","position":2,"name":"\u0627\u0644\u0623\u062e\u0628\u0627\u0631","item":"https:\/\/antersystem.com\/ar\/news\/"},{"@type":"ListItem","position":3,"name":"\u0644\u0648\u062c\u0633\u062a\u064a\u0627\u062a \u0627\u0644\u0645\u0633\u062a\u0648\u062f\u0639\u0627\u062a \u0641\u064a \u0627\u0644\u0645\u0639\u0631\u0636 \u0627\u0644\u062a\u062c\u0627\u0631\u064a"}]},{"@type":"WebSite","@id":"https:\/\/antersystem.com\/ar\/#website","url":"https:\/\/antersystem.com\/ar\/","name":"Anter System","description":"Jeste\u015bmy polskim producentem elastycznych barier ochronnych wykonywanych z polimerowych tworzyw sztucznych. Na rynku krajowym i zagranicznym dzia\u0142amy od ponad 15 lat dbaj\u0105c o zapewnienie bezpiecze\u0144stwa w zak\u0142adach produkcyjnych, magazynach oraz centrach logistycznych.","potentialAction":[{"@type":"SearchAction","target":{"@type":"EntryPoint","urlTemplate":"https:\/\/antersystem.com\/ar\/?s={search_term_string}"},"query-input":{"@type":"PropertyValueSpecification","valueRequired":true,"valueName":"search_term_string"}}],"inLanguage":"ar"}]}},"_links":{"self":[{"href":"https:\/\/antersystem.com\/ar\/wp-json\/wp\/v2\/pages\/39203","targetHints":{"allow":["GET"]}}],"collection":[{"href":"https:\/\/antersystem.com\/ar\/wp-json\/wp\/v2\/pages"}],"about":[{"href":"https:\/\/antersystem.com\/ar\/wp-json\/wp\/v2\/types\/page"}],"author":[{"embeddable":true,"href":"https:\/\/antersystem.com\/ar\/wp-json\/wp\/v2\/users\/1"}],"replies":[{"embeddable":true,"href":"https:\/\/antersystem.com\/ar\/wp-json\/wp\/v2\/comments?post=39203"}],"version-history":[{"count":1,"href":"https:\/\/antersystem.com\/ar\/wp-json\/wp\/v2\/pages\/39203\/revisions"}],"predecessor-version":[{"id":39204,"href":"https:\/\/antersystem.com\/ar\/wp-json\/wp\/v2\/pages\/39203\/revisions\/39204"}],"up":[{"embeddable":true,"href":"https:\/\/antersystem.com\/ar\/wp-json\/wp\/v2\/pages\/30526"}],"wp:attachment":[{"href":"https:\/\/antersystem.com\/ar\/wp-json\/wp\/v2\/media?parent=39203"}],"curies":[{"name":"wp","href":"https:\/\/api.w.org\/{rel}","templated":true}]}}