{"id":39281,"date":"2023-10-24T15:40:36","date_gmt":"2023-10-24T13:40:36","guid":{"rendered":"https:\/\/antersystem.com\/news\/trade-fair-in-toronto-november-79-2023\/"},"modified":"2026-02-04T11:22:44","modified_gmt":"2026-02-04T10:22:44","slug":"trade-fair-in-toronto-november-79-2023","status":"publish","type":"page","link":"https:\/\/antersystem.com\/ar\/news\/trade-fair-in-toronto-november-79-2023\/","title":{"rendered":"\u0627\u0644\u0645\u0639\u0631\u0636 \u0627\u0644\u062a\u062c\u0627\u0631\u064a \u0641\u064a \u062a\u0648\u0631\u0646\u062a\u0648\u060c \u062a\u0648\u0631\u0646\u062a\u0648\u060c 7-9 \u0646\u0648\u0641\u0645\u0628\u0631 2023"},"content":{"rendered":"\n<div class=\"wp-block-columns is-layout-flex wp-container-core-columns-is-layout-9d6595d7 wp-block-columns-is-layout-flex\">\n<div class=\"wp-block-column is-layout-flow wp-block-column-is-layout-flow\" style=\"flex-basis:10%\"><\/div>\n\n\n\n<div class=\"wp-block-column is-layout-flow wp-block-column-is-layout-flow\">\n<h3 class=\"wp-block-heading\">\u0627\u0644\u0645\u0639\u0631\u0636 \u0627\u0644\u062a\u062c\u0627\u0631\u064a \u0641\u064a \u062a\u0648\u0631\u0646\u062a\u0648\u060c \u062a\u0648\u0631\u0646\u062a\u0648\u060c 7-9 \u0646\u0648\u0641\u0645\u0628\u0631 2023<\/h3>\n\n\n\n<p style=\"text-align: left;\"><strong>\u0641\u064a \u0628\u062f\u0627\u064a\u0629 \u0634\u0647\u0631 \u0646\u0648\u0641\u0645\u0628\u0631\u060c \u0646\u063a\u0648\u0635 \u0641\u064a \u0627\u0628\u062a\u0643\u0627\u0631\u0627\u062a \u0645\u0646 \u0639\u0627\u0644\u0645 \u0627\u0644\u062a\u0635\u0646\u064a\u0639 \u0641\u064a \u0645\u0639\u0631\u0636 PACK EX \u0627\u0644\u062a\u062c\u0627\u0631\u064a \u0641\u064a \u062a\u0648\u0631\u0646\u062a\u0648.<\/strong>  \u0643\u0645\u0627 \u0633\u062a\u0634\u0627\u0631\u0643 \u0634\u0631\u0643\u0629 Anter System \u0641\u064a \u0627\u0644\u0645\u0639\u0631\u0636. \u0641\u064a \u0627\u0644\u0641\u062a\u0631\u0629 \u0645\u0646 7 \u0625\u0644\u0649 9 \u0646\u0648\u0641\u0645\u0628\u0631\u060c \u0633\u062a\u062a\u0645\u0643\u0646 \u0645\u0646 \u0645\u0642\u0627\u0628\u0644\u062a\u0646\u0627 \u0648\u0627\u0644\u0627\u0637\u0644\u0627\u0639 \u0639\u0644\u0649 \u0645\u0646\u062a\u062c\u0627\u062a\u0646\u0627\u060c \u0645\u062b\u0644 <a href=\"https:\/\/antersystem.com\/kategorie_produktow\/slupki-ochronne\/\">\u062d\u0648\u0627\u062c\u0632 \u0627\u0644\u062d\u0645\u0627\u064a\u0629<\/a> \u0645\u0646 \u0646\u0648\u0639 &#8220;PA &#8221; \u0648\u062d\u0648\u0627\u062c\u0632 \u0627\u0644\u062d\u0645\u0627\u064a\u0629 \u0645\u0646 \u0646\u0648\u0639 &#8220;KB&#8221; <a href=\"https:\/\/antersystem.com\/ar\/elastyczna-bariera-pedestrian-r3-hd-flexi-2\/\">\u0648\u062d\u0648\u0627\u062c\u0632 \u0627\u0644\u0645\u0634\u0627\u0629 \u0627\u0644\u0645\u0631\u0646\u0629 R3 \u0641\u064a \u0627\u0644\u062c\u0646\u0627\u062d \u0631\u0642\u0645: 2318.<\/a> \u0646\u0631\u062d\u0628 \u0628\u0623\u064a \u0634\u062e\u0635 \u0645\u0647\u062a\u0645 \u0628\u0627\u0644\u0623\u0646\u0638\u0645\u0629 \u0627\u0644\u062a\u064a \u062a\u0639\u0645\u0644 \u0639\u0644\u0649 \u062a\u062d\u0633\u064a\u0646 \u0627\u0644\u0633\u0644\u0627\u0645\u0629 \u0628\u0632\u064a\u0627\u0631\u062a\u0646\u0627. <\/p>\n<h3><strong>\u0645\u0627 \u0647\u0648 PACK EX\u061f<\/strong><\/h3>\n<p>\u064a\u064f\u0639\u062f \u0645\u0639\u0631\u0636 PACK EX \u062c\u0632\u0621\u064b\u0627 \u0645\u0646 \u0627\u0644\u0645\u0639\u0627\u0631\u0636 \u0627\u0644\u062a\u062c\u0627\u0631\u064a\u0629 \u0627\u0644\u0647\u0646\u062f\u0633\u064a\u0629 \u0627\u0644\u0643\u0628\u064a\u0631\u0629 \u062f\u0627\u062e\u0644 \u0645\u0639\u0631\u0636 ADM Toronto\u060c \u062d\u064a\u062b \u064a\u0642\u062f\u0645 \u062d\u0644\u0648\u0644\u0627\u064b \u0645\u0646 \u0627\u0644\u062a\u0635\u0645\u064a\u0645 \u0625\u0644\u0649 \u0627\u0644\u0625\u0646\u062a\u0627\u062c \u0641\u064a \u0643\u0644 \u0645\u0631\u062d\u0644\u0629 \u0645\u0646 \u0645\u0631\u0627\u062d\u0644 \u0639\u0645\u0644\u064a\u0629 \u0627\u0644\u062a\u0635\u0646\u064a\u0639. \u0648\u0647\u0648 \u0627\u0644\u062d\u062f\u062b \u0627\u0644\u0648\u062d\u064a\u062f \u0645\u0646 \u0646\u0648\u0639\u0647 \u0641\u064a \u0643\u0646\u062f\u0627 \u0627\u0644\u0645\u062e\u0635\u0635 \u0644\u0644\u062a\u063a\u0644\u064a\u0641. \u0643\u062c\u0632\u0621 \u0645\u0646 \u0627\u0644\u0645\u0639\u0631\u0636 \u0627\u0644\u062a\u062c\u0627\u0631\u064a\u060c \u064a\u0645\u0643\u0646 \u0644\u0644\u0645\u0648\u0631\u062f\u064a\u0646 \u0648\u0627\u0644\u0645\u0634\u062a\u0631\u064a\u0646 \u0627\u0643\u062a\u0634\u0627\u0641 \u0627\u0628\u062a\u0643\u0627\u0631\u0627\u062a \u0627\u0644\u0635\u0646\u0627\u0639\u0629 \u0648\u062a\u0637\u0648\u064a\u0631 \u062a\u0642\u0646\u064a\u0627\u062a \u062c\u062f\u064a\u062f\u0629 \u0648\u0628\u0646\u0627\u0621 \u0639\u0644\u0627\u0642\u0627\u062a \u0645\u0639 \u0627\u0644\u062e\u0628\u0631\u0627\u0621. \u0648\u0628\u0641\u0636\u0644 \u0627\u0644\u062d\u0648\u0627\u062c\u0632 \u0627\u0644\u0648\u0627\u0642\u064a\u0629 \u0627\u0644\u062a\u064a \u0646\u0642\u062f\u0645\u0647\u0627\u060c \u0641\u0625\u0646\u0646\u0627 \u0646\u062a\u0646\u0627\u0633\u0628 \u062a\u0645\u0627\u0645\u064b\u0627 \u0645\u0639 \u0627\u0644\u0645\u0634\u0647\u062f \u0627\u0644\u0635\u0646\u0627\u0639\u064a \u0627\u0644\u062d\u062f\u064a\u062b \u0627\u0644\u0630\u064a \u064a\u0631\u0643\u0632 \u0639\u0644\u0649 \u0627\u0644\u0627\u0633\u062a\u062f\u0627\u0645\u0629.   <\/p>\n<h3><strong>\u0645\u0648\u0636\u0648\u0639\u0627\u062a \u0647\u0630\u0627 \u0627\u0644\u0625\u0635\u062f\u0627\u0631<\/strong><\/h3>\n<p>\u062a\u0634\u0645\u0644 \u0627\u0644\u0645\u0648\u0636\u0648\u0639\u0627\u062a \u0627\u0644\u0631\u0626\u064a\u0633\u064a\u0629 \u0644\u062f\u0648\u0631\u0629 \u0647\u0630\u0627 \u0627\u0644\u0639\u0627\u0645 \u0645\u0627 \u064a\u0644\u064a:<\/p>\n<ul>\n<li style=\"text-align: left;\">\u0631\u0648\u0627\u062f \u0627\u0644\u0635\u0646\u0627\u0639\u0629 \u0627\u0644\u0630\u064a\u0646 \u064a\u0642\u062f\u0645\u0648\u0646 \u0623\u062d\u062f\u062b \u0645\u0634\u0627\u0631\u064a\u0639 \u0648\u062d\u0644\u0648\u0644 \u0627\u0644\u0645\u0623\u0643\u0648\u0644\u0627\u062a \u0648\u0627\u0644\u0645\u0634\u0631\u0648\u0628\u0627\u062a \u0644\u0645\u0648\u0627\u062c\u0647\u0629 \u062a\u062d\u062f\u064a\u0627\u062a \u0627\u0644\u064a\u0648\u0645 \u0648\u0627\u0644\u0644\u0648\u0627\u0626\u062d \u0627\u0644\u0645\u062a\u0639\u0644\u0642\u0629 \u0628\u0627\u0644\u0646\u0641\u0627\u064a\u0627\u062a<\/li>\n<li style=\"text-align: left;\">\u0645\u062d\u062a\u0648\u0649 \u0645\u062a\u0637\u0648\u0631 \u064a\u062a\u0631\u0627\u0648\u062d \u0645\u0646 \u0627\u0644\u062a\u0635\u0646\u064a\u0639 \u0627\u0644\u0630\u0643\u064a \u0625\u0644\u0649 \u0623\u062a\u0645\u062a\u0629 \u0627\u0644\u062a\u0639\u0628\u0626\u0629 \u0648\u0627\u0644\u062a\u063a\u0644\u064a\u0641 \u0641\u064a \u0642\u0637\u0627\u0639\u0627\u062a \u0627\u0644\u0625\u0646\u062a\u0627\u062c \u0627\u0644\u0631\u0627\u0626\u062f\u0629: \u0627\u0644\u0623\u063a\u0630\u064a\u0629 \u0648\u0627\u0644\u0645\u0634\u0631\u0648\u0628\u0627\u062a\u060c \u0648\u0627\u0644\u0625\u0644\u0643\u062a\u0631\u0648\u0646\u064a\u0627\u062a\u060c \u0648\u0627\u0644\u0622\u0644\u0627\u062a\u060c \u0648\u0627\u0644\u0641\u0636\u0627\u0621\u060c \u0648\u0627\u0644\u0633\u064a\u0627\u0631\u0627\u062a<\/li>\n<\/ul>\n<p>\u062a\u0633\u062a\u0647\u062f\u0641 \u0641\u0639\u0627\u0644\u064a\u0627\u062a PACK EX \u0627\u0644\u0645\u0635\u0646\u0639\u064a\u0646 \u0648\u0627\u0644\u0645\u0647\u0646\u062f\u0633\u064a\u0646 \u0648\u0627\u0644\u0645\u062f\u064a\u0631\u064a\u0646 \u0648\u0641\u0631\u0642 \u0627\u0644\u0635\u064a\u0627\u0646\u0629 \u0648\u0627\u0644\u0645\u0648\u0631\u062f\u064a\u0646 \u0648\u0645\u0634\u063a\u0644\u064a \u0627\u0644\u0645\u0627\u0643\u064a\u0646\u0627\u062a. \u064a\u0645\u0643\u0646 \u0627\u0633\u062a\u0644\u0647\u0627\u0645 \u0627\u0644\u0625\u0644\u0647\u0627\u0645 \u0645\u0646 \u0634\u0631\u0643\u0627\u062a \u0645\u062b\u0644 \u062f\u064a \u0625\u062a\u0634 \u0625\u0644\u060c \u0648\u0625\u0633\u062a\u064a \u0644\u0648\u062f\u0631\u060c \u0648\u0641\u064a\u0631\u064a\u0631\u0648 \u0643\u0646\u062f\u0627\u060c \u0648\u064a\u0648\u0646\u064a\u0644\u064a\u0641\u0631 \u0643\u0646\u062f\u0627\u060c \u0648\u0643\u064a\u0644\u0648\u063a\u060c \u0648\u063a\u064a\u0631\u0647\u0627 \u0627\u0644\u0643\u062b\u064a\u0631. <\/p>\n<p>&nbsp;<\/p>\n\n\n<div class=\"wp-block-image\">\n<figure class=\"aligncenter size-large is-resized\"><a href=\"https:\/\/amto23.mapyourshow.com\/8_0\/exhibitor\/exhibitor-details.cfm?exhid=974402\"><img loading=\"lazy\" decoding=\"async\" width=\"1024\" height=\"535\" src=\"https:\/\/antersystem.com\/wp-content\/uploads\/FLEXIBLE-SAFETY-BARIERS-1-1024x535.jpg\" alt=\"\" class=\"wp-image-3125\" style=\"aspect-ratio:1.9140186915887851;width:647px;height:auto\" srcset=\"https:\/\/antersystem.com\/wp-content\/uploads\/FLEXIBLE-SAFETY-BARIERS-1-1024x535.jpg 1024w, https:\/\/antersystem.com\/wp-content\/uploads\/FLEXIBLE-SAFETY-BARIERS-1-300x157.jpg 300w, https:\/\/antersystem.com\/wp-content\/uploads\/FLEXIBLE-SAFETY-BARIERS-1-768x401.jpg 768w, https:\/\/antersystem.com\/wp-content\/uploads\/FLEXIBLE-SAFETY-BARIERS-1-450x235.jpg 450w, https:\/\/antersystem.com\/wp-content\/uploads\/FLEXIBLE-SAFETY-BARIERS-1-330x172.jpg 330w, https:\/\/antersystem.com\/wp-content\/uploads\/FLEXIBLE-SAFETY-BARIERS-1.jpg 1200w\" sizes=\"auto, (max-width: 1024px) 100vw, 1024px\" \/><\/a><\/figure><\/div><\/div>\n\n\n\n<div class=\"wp-block-column is-layout-flow wp-block-column-is-layout-flow\" style=\"flex-basis:10%\"><\/div>\n<\/div>\n","protected":false},"excerpt":{"rendered":"<p>\u0627\u0644\u0645\u0639\u0631\u0636 \u0627\u0644\u062a\u062c\u0627\u0631\u064a \u0641\u064a \u062a\u0648\u0631\u0646\u062a\u0648\u060c \u062a\u0648\u0631\u0646\u062a\u0648\u060c 7-9 \u0646\u0648\u0641\u0645\u0628\u0631 2023 \u0641\u064a \u0628\u062f\u0627\u064a\u0629 \u0634\u0647\u0631 \u0646\u0648\u0641\u0645\u0628\u0631\u060c \u0646\u063a\u0648\u0635 \u0641\u064a \u0627\u0628\u062a\u0643\u0627\u0631\u0627\u062a \u0645\u0646 \u0639\u0627\u0644\u0645 \u0627\u0644\u062a\u0635\u0646\u064a\u0639 \u0641\u064a \u0645\u0639\u0631\u0636 PACK EX \u0627\u0644\u062a\u062c\u0627\u0631\u064a \u0641\u064a \u062a\u0648\u0631\u0646\u062a\u0648. \u0643\u0645\u0627 \u0633\u062a\u0634\u0627\u0631\u0643 \u0634\u0631\u0643\u0629 Anter System \u0641\u064a \u0627\u0644\u0645\u0639\u0631\u0636. \u0641\u064a \u0627\u0644\u0641\u062a\u0631\u0629 \u0645\u0646 7 \u0625\u0644\u0649 9 \u0646\u0648\u0641\u0645\u0628\u0631\u060c \u0633\u062a\u062a\u0645\u0643\u0646 \u0645\u0646 \u0645\u0642\u0627\u0628\u0644\u062a\u0646\u0627 \u0648\u0627\u0644\u0627\u0637\u0644\u0627\u0639 \u0639\u0644\u0649 \u0645\u0646\u062a\u062c\u0627\u062a\u0646\u0627\u060c \u0645\u062b\u0644 \u062d\u0648\u0627\u062c\u0632 \u0627\u0644\u062d\u0645\u0627\u064a\u0629 \u0645\u0646 \u0646\u0648\u0639 &#8220;PA &#8221; \u0648\u062d\u0648\u0627\u062c\u0632 \u0627\u0644\u062d\u0645\u0627\u064a\u0629 \u0645\u0646 [&hellip;]<\/p>\n","protected":false},"author":1,"featured_media":0,"parent":30526,"menu_order":0,"comment_status":"closed","ping_status":"closed","template":"","meta":{"inline_featured_image":false,"ngg_post_thumbnail":0,"footnotes":""},"class_list":["post-39281","page","type-page","status-publish","hentry"],"acf":[],"yoast_head":"<!-- This site is optimized with the Yoast SEO plugin v27.0 - https:\/\/yoast.com\/product\/yoast-seo-wordpress\/ -->\n<title>\u0627\u0644\u0645\u0639\u0631\u0636 \u0627\u0644\u062a\u062c\u0627\u0631\u064a \u0641\u064a \u062a\u0648\u0631\u0646\u062a\u0648\u060c \u062a\u0648\u0631\u0646\u062a\u0648\u060c 7-9 \u0646\u0648\u0641\u0645\u0628\u0631 2023 - Anter System<\/title>\n<meta name=\"description\" content=\"\u0627\u0644\u0645\u0639\u0631\u0636 \u0627\u0644\u062a\u062c\u0627\u0631\u064a \u0641\u064a \u062a\u0648\u0631\u0646\u062a\u0648\u060c \u062a\u0648\u0631\u0646\u062a\u0648\u060c 7-9 \u0646\u0648\u0641\u0645\u0628\u0631 2023 \u0641\u064a \u0628\u062f\u0627\u064a\u0629 \u0634\u0647\u0631 \u0646\u0648\u0641\u0645\u0628\u0631\u060c \u0646\u063a\u0648\u0635 \u0641\u064a \u0627\u0628\u062a\u0643\u0627\u0631\u0627\u062a \u0645\u0646 \u0639\u0627\u0644\u0645 \u0627\u0644\u062a\u0635\u0646\u064a\u0639 \u0641\u064a \u0645\u0639\u0631\u0636 PACK EX \u0627\u0644\u062a\u062c\u0627\u0631\u064a \u0641\u064a \u062a\u0648\u0631\u0646\u062a\u0648. \u0643\u0645\u0627 \u0633\u062a\u0634\u0627\u0631\u0643 \u0634\u0631\u0643\u0629\" \/>\n<meta name=\"robots\" content=\"index, follow, max-snippet:-1, max-image-preview:large, max-video-preview:-1\" \/>\n<link rel=\"canonical\" href=\"https:\/\/antersystem.com\/ar\/news\/trade-fair-in-toronto-november-79-2023\/\" \/>\n<meta property=\"og:locale\" content=\"ar_AR\" \/>\n<meta property=\"og:type\" content=\"article\" \/>\n<meta property=\"og:title\" content=\"\u0627\u0644\u0645\u0639\u0631\u0636 \u0627\u0644\u062a\u062c\u0627\u0631\u064a \u0641\u064a \u062a\u0648\u0631\u0646\u062a\u0648\u060c \u062a\u0648\u0631\u0646\u062a\u0648\u060c 7-9 \u0646\u0648\u0641\u0645\u0628\u0631 2023 - Anter System\" \/>\n<meta property=\"og:description\" content=\"\u0627\u0644\u0645\u0639\u0631\u0636 \u0627\u0644\u062a\u062c\u0627\u0631\u064a \u0641\u064a \u062a\u0648\u0631\u0646\u062a\u0648\u060c \u062a\u0648\u0631\u0646\u062a\u0648\u060c 7-9 \u0646\u0648\u0641\u0645\u0628\u0631 2023 \u0641\u064a \u0628\u062f\u0627\u064a\u0629 \u0634\u0647\u0631 \u0646\u0648\u0641\u0645\u0628\u0631\u060c \u0646\u063a\u0648\u0635 \u0641\u064a \u0627\u0628\u062a\u0643\u0627\u0631\u0627\u062a \u0645\u0646 \u0639\u0627\u0644\u0645 \u0627\u0644\u062a\u0635\u0646\u064a\u0639 \u0641\u064a \u0645\u0639\u0631\u0636 PACK EX \u0627\u0644\u062a\u062c\u0627\u0631\u064a \u0641\u064a \u062a\u0648\u0631\u0646\u062a\u0648. \u0643\u0645\u0627 \u0633\u062a\u0634\u0627\u0631\u0643 \u0634\u0631\u0643\u0629\" \/>\n<meta property=\"og:url\" content=\"https:\/\/antersystem.com\/ar\/news\/trade-fair-in-toronto-november-79-2023\/\" \/>\n<meta property=\"og:site_name\" content=\"Anter System\" \/>\n<meta property=\"article:modified_time\" content=\"2026-02-04T10:22:44+00:00\" \/>\n<meta property=\"og:image\" content=\"https:\/\/antersystem.com\/wp-content\/uploads\/FLEXIBLE-SAFETY-BARIERS-1-1024x535.jpg\" \/>\n<meta name=\"twitter:card\" content=\"summary_large_image\" \/>\n<script type=\"application\/ld+json\" class=\"yoast-schema-graph\">{\"@context\":\"https:\/\/schema.org\",\"@graph\":[{\"@type\":\"WebPage\",\"@id\":\"https:\/\/antersystem.com\/ar\/news\/trade-fair-in-toronto-november-79-2023\/\",\"url\":\"https:\/\/antersystem.com\/ar\/news\/trade-fair-in-toronto-november-79-2023\/\",\"name\":\"\u0627\u0644\u0645\u0639\u0631\u0636 \u0627\u0644\u062a\u062c\u0627\u0631\u064a \u0641\u064a \u062a\u0648\u0631\u0646\u062a\u0648\u060c \u062a\u0648\u0631\u0646\u062a\u0648\u060c 7-9 \u0646\u0648\u0641\u0645\u0628\u0631 2023 - Anter System\",\"isPartOf\":{\"@id\":\"https:\/\/antersystem.com\/ar\/#website\"},\"primaryImageOfPage\":{\"@id\":\"https:\/\/antersystem.com\/ar\/news\/trade-fair-in-toronto-november-79-2023\/#primaryimage\"},\"image\":{\"@id\":\"https:\/\/antersystem.com\/ar\/news\/trade-fair-in-toronto-november-79-2023\/#primaryimage\"},\"thumbnailUrl\":\"https:\/\/antersystem.com\/wp-content\/uploads\/FLEXIBLE-SAFETY-BARIERS-1-1024x535.jpg\",\"datePublished\":\"2023-10-24T13:40:36+00:00\",\"dateModified\":\"2026-02-04T10:22:44+00:00\",\"description\":\"\u0627\u0644\u0645\u0639\u0631\u0636 \u0627\u0644\u062a\u062c\u0627\u0631\u064a \u0641\u064a \u062a\u0648\u0631\u0646\u062a\u0648\u060c \u062a\u0648\u0631\u0646\u062a\u0648\u060c 7-9 \u0646\u0648\u0641\u0645\u0628\u0631 2023 \u0641\u064a \u0628\u062f\u0627\u064a\u0629 \u0634\u0647\u0631 \u0646\u0648\u0641\u0645\u0628\u0631\u060c \u0646\u063a\u0648\u0635 \u0641\u064a \u0627\u0628\u062a\u0643\u0627\u0631\u0627\u062a \u0645\u0646 \u0639\u0627\u0644\u0645 \u0627\u0644\u062a\u0635\u0646\u064a\u0639 \u0641\u064a \u0645\u0639\u0631\u0636 PACK EX \u0627\u0644\u062a\u062c\u0627\u0631\u064a \u0641\u064a \u062a\u0648\u0631\u0646\u062a\u0648. \u0643\u0645\u0627 \u0633\u062a\u0634\u0627\u0631\u0643 \u0634\u0631\u0643\u0629\",\"breadcrumb\":{\"@id\":\"https:\/\/antersystem.com\/ar\/news\/trade-fair-in-toronto-november-79-2023\/#breadcrumb\"},\"inLanguage\":\"ar\",\"potentialAction\":[{\"@type\":\"ReadAction\",\"target\":[\"https:\/\/antersystem.com\/ar\/news\/trade-fair-in-toronto-november-79-2023\/\"]}]},{\"@type\":\"ImageObject\",\"inLanguage\":\"ar\",\"@id\":\"https:\/\/antersystem.com\/ar\/news\/trade-fair-in-toronto-november-79-2023\/#primaryimage\",\"url\":\"https:\/\/antersystem.com\/wp-content\/uploads\/FLEXIBLE-SAFETY-BARIERS-1-1024x535.jpg\",\"contentUrl\":\"https:\/\/antersystem.com\/wp-content\/uploads\/FLEXIBLE-SAFETY-BARIERS-1-1024x535.jpg\"},{\"@type\":\"BreadcrumbList\",\"@id\":\"https:\/\/antersystem.com\/ar\/news\/trade-fair-in-toronto-november-79-2023\/#breadcrumb\",\"itemListElement\":[{\"@type\":\"ListItem\",\"position\":1,\"name\":\"AnterSystem\",\"item\":\"https:\/\/antersystem.com\/ar\/\"},{\"@type\":\"ListItem\",\"position\":2,\"name\":\"\u0627\u0644\u0623\u062e\u0628\u0627\u0631\",\"item\":\"https:\/\/antersystem.com\/ar\/news\/\"},{\"@type\":\"ListItem\",\"position\":3,\"name\":\"\u0627\u0644\u0645\u0639\u0631\u0636 \u0627\u0644\u062a\u062c\u0627\u0631\u064a \u0641\u064a \u062a\u0648\u0631\u0646\u062a\u0648\u060c \u062a\u0648\u0631\u0646\u062a\u0648\u060c 7-9 \u0646\u0648\u0641\u0645\u0628\u0631 2023\"}]},{\"@type\":\"WebSite\",\"@id\":\"https:\/\/antersystem.com\/ar\/#website\",\"url\":\"https:\/\/antersystem.com\/ar\/\",\"name\":\"Anter System\",\"description\":\"Jeste\u015bmy polskim producentem elastycznych barier ochronnych wykonywanych z polimerowych tworzyw sztucznych. Na rynku krajowym i zagranicznym dzia\u0142amy od ponad 15 lat dbaj\u0105c o zapewnienie bezpiecze\u0144stwa w zak\u0142adach produkcyjnych, magazynach oraz centrach logistycznych.\",\"potentialAction\":[{\"@type\":\"SearchAction\",\"target\":{\"@type\":\"EntryPoint\",\"urlTemplate\":\"https:\/\/antersystem.com\/ar\/?s={search_term_string}\"},\"query-input\":{\"@type\":\"PropertyValueSpecification\",\"valueRequired\":true,\"valueName\":\"search_term_string\"}}],\"inLanguage\":\"ar\"}]}<\/script>\n<!-- \/ Yoast SEO plugin. -->","yoast_head_json":{"title":"\u0627\u0644\u0645\u0639\u0631\u0636 \u0627\u0644\u062a\u062c\u0627\u0631\u064a \u0641\u064a \u062a\u0648\u0631\u0646\u062a\u0648\u060c \u062a\u0648\u0631\u0646\u062a\u0648\u060c 7-9 \u0646\u0648\u0641\u0645\u0628\u0631 2023 - Anter System","description":"\u0627\u0644\u0645\u0639\u0631\u0636 \u0627\u0644\u062a\u062c\u0627\u0631\u064a \u0641\u064a \u062a\u0648\u0631\u0646\u062a\u0648\u060c \u062a\u0648\u0631\u0646\u062a\u0648\u060c 7-9 \u0646\u0648\u0641\u0645\u0628\u0631 2023 \u0641\u064a \u0628\u062f\u0627\u064a\u0629 \u0634\u0647\u0631 \u0646\u0648\u0641\u0645\u0628\u0631\u060c \u0646\u063a\u0648\u0635 \u0641\u064a \u0627\u0628\u062a\u0643\u0627\u0631\u0627\u062a \u0645\u0646 \u0639\u0627\u0644\u0645 \u0627\u0644\u062a\u0635\u0646\u064a\u0639 \u0641\u064a \u0645\u0639\u0631\u0636 PACK EX \u0627\u0644\u062a\u062c\u0627\u0631\u064a \u0641\u064a \u062a\u0648\u0631\u0646\u062a\u0648. \u0643\u0645\u0627 \u0633\u062a\u0634\u0627\u0631\u0643 \u0634\u0631\u0643\u0629","robots":{"index":"index","follow":"follow","max-snippet":"max-snippet:-1","max-image-preview":"max-image-preview:large","max-video-preview":"max-video-preview:-1"},"canonical":"https:\/\/antersystem.com\/ar\/news\/trade-fair-in-toronto-november-79-2023\/","og_locale":"ar_AR","og_type":"article","og_title":"\u0627\u0644\u0645\u0639\u0631\u0636 \u0627\u0644\u062a\u062c\u0627\u0631\u064a \u0641\u064a \u062a\u0648\u0631\u0646\u062a\u0648\u060c \u062a\u0648\u0631\u0646\u062a\u0648\u060c 7-9 \u0646\u0648\u0641\u0645\u0628\u0631 2023 - Anter System","og_description":"\u0627\u0644\u0645\u0639\u0631\u0636 \u0627\u0644\u062a\u062c\u0627\u0631\u064a \u0641\u064a \u062a\u0648\u0631\u0646\u062a\u0648\u060c \u062a\u0648\u0631\u0646\u062a\u0648\u060c 7-9 \u0646\u0648\u0641\u0645\u0628\u0631 2023 \u0641\u064a \u0628\u062f\u0627\u064a\u0629 \u0634\u0647\u0631 \u0646\u0648\u0641\u0645\u0628\u0631\u060c \u0646\u063a\u0648\u0635 \u0641\u064a \u0627\u0628\u062a\u0643\u0627\u0631\u0627\u062a \u0645\u0646 \u0639\u0627\u0644\u0645 \u0627\u0644\u062a\u0635\u0646\u064a\u0639 \u0641\u064a \u0645\u0639\u0631\u0636 PACK EX \u0627\u0644\u062a\u062c\u0627\u0631\u064a \u0641\u064a \u062a\u0648\u0631\u0646\u062a\u0648. \u0643\u0645\u0627 \u0633\u062a\u0634\u0627\u0631\u0643 \u0634\u0631\u0643\u0629","og_url":"https:\/\/antersystem.com\/ar\/news\/trade-fair-in-toronto-november-79-2023\/","og_site_name":"Anter System","article_modified_time":"2026-02-04T10:22:44+00:00","og_image":[{"url":"https:\/\/antersystem.com\/wp-content\/uploads\/FLEXIBLE-SAFETY-BARIERS-1-1024x535.jpg","type":"","width":"","height":""}],"twitter_card":"summary_large_image","schema":{"@context":"https:\/\/schema.org","@graph":[{"@type":"WebPage","@id":"https:\/\/antersystem.com\/ar\/news\/trade-fair-in-toronto-november-79-2023\/","url":"https:\/\/antersystem.com\/ar\/news\/trade-fair-in-toronto-november-79-2023\/","name":"\u0627\u0644\u0645\u0639\u0631\u0636 \u0627\u0644\u062a\u062c\u0627\u0631\u064a \u0641\u064a \u062a\u0648\u0631\u0646\u062a\u0648\u060c \u062a\u0648\u0631\u0646\u062a\u0648\u060c 7-9 \u0646\u0648\u0641\u0645\u0628\u0631 2023 - Anter System","isPartOf":{"@id":"https:\/\/antersystem.com\/ar\/#website"},"primaryImageOfPage":{"@id":"https:\/\/antersystem.com\/ar\/news\/trade-fair-in-toronto-november-79-2023\/#primaryimage"},"image":{"@id":"https:\/\/antersystem.com\/ar\/news\/trade-fair-in-toronto-november-79-2023\/#primaryimage"},"thumbnailUrl":"https:\/\/antersystem.com\/wp-content\/uploads\/FLEXIBLE-SAFETY-BARIERS-1-1024x535.jpg","datePublished":"2023-10-24T13:40:36+00:00","dateModified":"2026-02-04T10:22:44+00:00","description":"\u0627\u0644\u0645\u0639\u0631\u0636 \u0627\u0644\u062a\u062c\u0627\u0631\u064a \u0641\u064a \u062a\u0648\u0631\u0646\u062a\u0648\u060c \u062a\u0648\u0631\u0646\u062a\u0648\u060c 7-9 \u0646\u0648\u0641\u0645\u0628\u0631 2023 \u0641\u064a \u0628\u062f\u0627\u064a\u0629 \u0634\u0647\u0631 \u0646\u0648\u0641\u0645\u0628\u0631\u060c \u0646\u063a\u0648\u0635 \u0641\u064a \u0627\u0628\u062a\u0643\u0627\u0631\u0627\u062a \u0645\u0646 \u0639\u0627\u0644\u0645 \u0627\u0644\u062a\u0635\u0646\u064a\u0639 \u0641\u064a \u0645\u0639\u0631\u0636 PACK EX \u0627\u0644\u062a\u062c\u0627\u0631\u064a \u0641\u064a \u062a\u0648\u0631\u0646\u062a\u0648. \u0643\u0645\u0627 \u0633\u062a\u0634\u0627\u0631\u0643 \u0634\u0631\u0643\u0629","breadcrumb":{"@id":"https:\/\/antersystem.com\/ar\/news\/trade-fair-in-toronto-november-79-2023\/#breadcrumb"},"inLanguage":"ar","potentialAction":[{"@type":"ReadAction","target":["https:\/\/antersystem.com\/ar\/news\/trade-fair-in-toronto-november-79-2023\/"]}]},{"@type":"ImageObject","inLanguage":"ar","@id":"https:\/\/antersystem.com\/ar\/news\/trade-fair-in-toronto-november-79-2023\/#primaryimage","url":"https:\/\/antersystem.com\/wp-content\/uploads\/FLEXIBLE-SAFETY-BARIERS-1-1024x535.jpg","contentUrl":"https:\/\/antersystem.com\/wp-content\/uploads\/FLEXIBLE-SAFETY-BARIERS-1-1024x535.jpg"},{"@type":"BreadcrumbList","@id":"https:\/\/antersystem.com\/ar\/news\/trade-fair-in-toronto-november-79-2023\/#breadcrumb","itemListElement":[{"@type":"ListItem","position":1,"name":"AnterSystem","item":"https:\/\/antersystem.com\/ar\/"},{"@type":"ListItem","position":2,"name":"\u0627\u0644\u0623\u062e\u0628\u0627\u0631","item":"https:\/\/antersystem.com\/ar\/news\/"},{"@type":"ListItem","position":3,"name":"\u0627\u0644\u0645\u0639\u0631\u0636 \u0627\u0644\u062a\u062c\u0627\u0631\u064a \u0641\u064a \u062a\u0648\u0631\u0646\u062a\u0648\u060c \u062a\u0648\u0631\u0646\u062a\u0648\u060c 7-9 \u0646\u0648\u0641\u0645\u0628\u0631 2023"}]},{"@type":"WebSite","@id":"https:\/\/antersystem.com\/ar\/#website","url":"https:\/\/antersystem.com\/ar\/","name":"Anter System","description":"Jeste\u015bmy polskim producentem elastycznych barier ochronnych wykonywanych z polimerowych tworzyw sztucznych. Na rynku krajowym i zagranicznym dzia\u0142amy od ponad 15 lat dbaj\u0105c o zapewnienie bezpiecze\u0144stwa w zak\u0142adach produkcyjnych, magazynach oraz centrach logistycznych.","potentialAction":[{"@type":"SearchAction","target":{"@type":"EntryPoint","urlTemplate":"https:\/\/antersystem.com\/ar\/?s={search_term_string}"},"query-input":{"@type":"PropertyValueSpecification","valueRequired":true,"valueName":"search_term_string"}}],"inLanguage":"ar"}]}},"_links":{"self":[{"href":"https:\/\/antersystem.com\/ar\/wp-json\/wp\/v2\/pages\/39281","targetHints":{"allow":["GET"]}}],"collection":[{"href":"https:\/\/antersystem.com\/ar\/wp-json\/wp\/v2\/pages"}],"about":[{"href":"https:\/\/antersystem.com\/ar\/wp-json\/wp\/v2\/types\/page"}],"author":[{"embeddable":true,"href":"https:\/\/antersystem.com\/ar\/wp-json\/wp\/v2\/users\/1"}],"replies":[{"embeddable":true,"href":"https:\/\/antersystem.com\/ar\/wp-json\/wp\/v2\/comments?post=39281"}],"version-history":[{"count":1,"href":"https:\/\/antersystem.com\/ar\/wp-json\/wp\/v2\/pages\/39281\/revisions"}],"predecessor-version":[{"id":39283,"href":"https:\/\/antersystem.com\/ar\/wp-json\/wp\/v2\/pages\/39281\/revisions\/39283"}],"up":[{"embeddable":true,"href":"https:\/\/antersystem.com\/ar\/wp-json\/wp\/v2\/pages\/30526"}],"wp:attachment":[{"href":"https:\/\/antersystem.com\/ar\/wp-json\/wp\/v2\/media?parent=39281"}],"curies":[{"name":"wp","href":"https:\/\/api.w.org\/{rel}","templated":true}]}}