{"id":39406,"date":"2024-12-10T10:04:39","date_gmt":"2024-12-10T09:04:39","guid":{"rendered":"https:\/\/antersystem.com\/news\/summary-of-the-technical-conference-in-swarzedz\/"},"modified":"2026-02-04T12:37:32","modified_gmt":"2026-02-04T11:37:32","slug":"summary-of-the-technical-conference-in-swarzedz","status":"publish","type":"page","link":"https:\/\/antersystem.com\/ar\/news\/summary-of-the-technical-conference-in-swarzedz\/","title":{"rendered":"\u0645\u0644\u062e\u0635 \u0627\u0644\u0645\u0624\u062a\u0645\u0631 \u0627\u0644\u062a\u0642\u0646\u064a \u0641\u064a \u0633\u0648\u0627\u0631\u0632\u062f\u0647\u0632"},"content":{"rendered":"\n<div class=\"wp-block-columns is-layout-flex wp-container-core-columns-is-layout-9d6595d7 wp-block-columns-is-layout-flex\">\n<div class=\"wp-block-column is-layout-flow wp-block-column-is-layout-flow\">\n<h2 class=\"wp-block-heading\">\u0645\u0644\u062e\u0635 \u0627\u0644\u0645\u0624\u062a\u0645\u0631 \u0627\u0644\u062a\u0642\u0646\u064a \u0641\u064a \u0633\u0648\u0627\u0631\u062a\u0632 &#8211; 5 \u062f\u064a\u0633\u0645\u0628\u0631 2024<\/h2>\n\n\n\n<div class=\"wp-block-columns is-layout-flex wp-container-core-columns-is-layout-9d6595d7 wp-block-columns-is-layout-flex\">\n<div class=\"wp-block-column is-layout-flow wp-block-column-is-layout-flow\" style=\"flex-basis:10%\"><\/div>\n\n\n\n<div class=\"wp-block-column is-layout-flow wp-block-column-is-layout-flow\">\n<p><strong>\u0639\u064f\u0642\u062f<\/strong> \u0641\u064a 5 \u062f\u064a\u0633\u0645\u0628\u0631 \u0641\u064a \u0633\u0648\u0627\u0631\u0632\u0648\u062f\u0632 \u0628\u0627\u0644\u0642\u0631\u0628 \u0645\u0646 \u0628\u0648\u0632\u0646\u0627\u0646 \u0627\u0644\u0645\u0624\u062a\u0645\u0631 \u0627\u0644\u062a\u0642\u0646\u064a \u0628\u0639\u0646\u0648\u0627\u0646 &#8221; <strong>\u062a\u062d\u0633\u064a\u0646 \u0639\u0645\u0644\u064a\u0627\u062a \u0627\u0644\u0644\u0648\u062c\u0633\u062a\u064a\u0627\u062a \u0627\u0644\u062f\u0627\u062e\u0644\u064a\u0629 \u0648\u0627\u0644\u0645\u0633\u062a\u0648\u062f\u0639\u0627\u062a&#8221;<\/strong> \u060c <strong>\u0627\u0644\u0630\u064a<\/strong> \u0646\u0638\u0645\u062a\u0647 \u0634\u0631\u0643\u0629 Axon Media \u0628\u0627\u0644\u062a\u0639\u0627\u0648\u0646 \u0645\u0639 \u0634\u0631\u0643\u0629 Anter System \u0643\u0634\u0631\u064a\u0643. \u062c\u0645\u0639 \u0647\u0630\u0627 \u0627\u0644\u062d\u062f\u062b \u0627\u0644\u0645\u062a\u062e\u0635\u0635\u064a\u0646 \u0641\u064a \u0635\u0646\u0627\u0639\u0629 \u0627\u0644\u062e\u062f\u0645\u0627\u062a \u0627\u0644\u0644\u0648\u062c\u0633\u062a\u064a\u0629 \u0627\u0644\u0630\u064a\u0646 \u062a\u0628\u0627\u062f\u0644\u0648\u0627 \u0645\u0639\u0627\u0631\u0641\u0647\u0645 \u0648\u062e\u0628\u0631\u0627\u062a\u0647\u0645 \u0641\u064a \u0645\u062c\u0627\u0644 \u0627\u0644\u062a\u0642\u0646\u064a\u0627\u062a \u0627\u0644\u0645\u0628\u062a\u0643\u0631\u0629 \u0627\u0644\u062a\u064a \u062a\u0639\u0645\u0644 \u0639\u0644\u0649 \u062a\u062d\u0633\u064a\u0646 \u0639\u0645\u0644\u064a\u0627\u062a \u0627\u0644\u0645\u0633\u062a\u0648\u062f\u0639\u0627\u062a. <\/p>\n\n\n\n<p><strong>\u0634\u0645\u0644\u062a \u0627\u0644\u0645\u0648\u0636\u0648\u0639\u0627\u062a \u0627\u0644\u062a\u064a \u062a\u0645\u062a \u0645\u0646\u0627\u0642\u0634\u062a\u0647\u0627\u060c \u0645\u0646 \u0628\u064a\u0646 \u0623\u0645\u0648\u0631 \u0623\u062e\u0631\u0649:<\/strong><\/p>\n\n\n\n<p>1. <strong>\u0623\u062a\u0645\u062a\u0629 \u0627\u0644\u0645\u0633\u062a\u0648\u062f\u0639\u0627\u062a \u0648\u0627\u0644\u0631\u0648\u0628\u0648\u062a\u0627\u062a &#8211;<\/strong> \u062a\u0639\u0631\u0641 \u0627\u0644\u0645\u0634\u0627\u0631\u0643\u0648\u0646 \u062e\u0644\u0627\u0644 \u0627\u0644\u0639\u0631\u0648\u0636 \u0627\u0644\u062a\u0642\u062f\u064a\u0645\u064a\u0629 \u0639\u0644\u0649 \u062d\u0644\u0648\u0644 \u0645\u062b\u0644 \u0623\u0646\u0638\u0645\u0629 \u0627\u0644\u062a\u062e\u0632\u064a\u0646 \u0627\u0644\u0622\u0644\u064a \u0648\u0631\u0648\u0628\u0648\u062a\u0627\u062a \u0627\u0644\u0645\u0633\u062a\u0648\u062f\u0639\u0627\u062a \u0648\u0623\u0646\u0638\u0645\u0629 \u0627\u0644\u0646\u0642\u0644 \u0627\u0644\u0645\u0633\u062a\u0642\u0644\u0629.<\/p>\n\n\n\n<p>2. <strong>\u062a\u0643\u0646\u0648\u0644\u0648\u062c\u064a\u0627\u062a \u0627\u0644\u0645\u0633\u062a\u0642\u0628\u0644 &#8211;<\/strong> \u0646\u0627\u0642\u0634 \u0627\u0644\u0645\u062a\u062d\u062f\u062b\u0648\u0646\u060c \u0645\u0646 \u0628\u064a\u0646 \u0623\u0645\u0648\u0631 \u0623\u062e\u0631\u0649\u060c \u0627\u0633\u062a\u062e\u062f\u0627\u0645 \u0627\u0644\u0630\u0643\u0627\u0621 \u0627\u0644\u0627\u0635\u0637\u0646\u0627\u0639\u064a \u0641\u064a \u0646\u0638\u0645 \u0625\u062f\u0627\u0631\u0629 \u0627\u0644\u0645\u0628\u0627\u0646\u064a\u060c \u0648\u062a\u0642\u0646\u064a\u0627\u062a \u062a\u062d\u062f\u064a\u062f \u0627\u0644\u0647\u0648\u064a\u0629 \u0627\u0644\u0645\u062a\u0642\u062f\u0645\u0629 \u0645\u062b\u0644 \u062a\u062d\u062f\u064a\u062f \u0627\u0644\u0647\u0648\u064a\u0629 \u0628\u0645\u0648\u062c\u0627\u062a \u0627\u0644\u0631\u0627\u062f\u064a\u0648\u060c \u0648\u0627\u0644\u062d\u0644\u0648\u0644 \u0627\u0644\u0630\u0643\u064a\u0629 \u0627\u0644\u0645\u062a\u0646\u0642\u0644\u0629.<\/p>\n\n\n\n<p>3. <strong>\u0643\u0641\u0627\u0621\u0629 \u0627\u0644\u0637\u0627\u0642\u0629 \u0648\u0627\u0644\u0627\u0633\u062a\u062f\u0627\u0645\u0629 &#8211;<\/strong> \u062a\u0645 \u062a\u0642\u062f\u064a\u0645 \u062d\u0644\u0648\u0644 \u0645\u0628\u062a\u0643\u0631\u0629\u060c \u0628\u0645\u0627 \u0641\u064a \u0630\u0644\u0643 \u062a\u062d\u062f\u064a\u062b \u0625\u0636\u0627\u0621\u0629 \u0627\u0644\u0645\u0633\u062a\u0648\u062f\u0639\u0627\u062a \u0648\u0639\u0645\u0644\u064a\u0627\u062a \u0627\u0644\u0625\u0646\u062a\u0627\u062c \u0627\u0644\u0635\u062f\u064a\u0642\u0629 \u0644\u0644\u0628\u064a\u0626\u0629.<\/p>\n\n\n\n<p>4. <strong>\u062a\u0635\u0645\u064a\u0645 \u0627\u0644\u0645\u0633\u062a\u0648\u062f\u0639\u0627\u062a \u0648\u0625\u062f\u0627\u0631\u0629 \u0627\u0644\u0645\u062e\u0632\u0648\u0646 &#8211;<\/strong> \u063a\u0637\u062a \u0627\u0644\u0639\u0631\u0648\u0636 \u0627\u0644\u062a\u0642\u062f\u064a\u0645\u064a\u0629 \u0645\u0648\u0627\u0636\u064a\u0639 \u0645\u062b\u0644 \u062a\u0635\u0645\u064a\u0645 \u062d\u064a\u0632 \u0627\u0644\u0645\u0633\u062a\u0648\u062f\u0639\u0627\u062a\u060c \u0648\u0625\u062f\u0627\u0631\u0629 \u0627\u0644\u0645\u062e\u0632\u0648\u0646 \u0641\u064a \u0645\u0633\u062a\u0648\u062f\u0639\u0627\u062a \u0627\u0644\u0634\u062d\u0646\u060c \u0648\u0627\u0633\u062a\u0634\u0627\u0631\u0627\u062a \u0627\u0644\u0645\u0634\u0627\u0631\u064a\u0639.<\/p>\n\n\n\n<ol class=\"wp-block-list\"><\/ol>\n\n\n<p>\u0643\u0627\u0646 \u0627\u0644\u0645\u0624\u062a\u0645\u0631 \u0639\u0644\u0649 \u0634\u0643\u0644 \u0645\u062d\u0627\u0636\u0631\u0627\u062a \u0648\u0627\u0633\u062a\u0634\u0627\u0631\u0627\u062a\u060c \u0645\u0645\u0627 \u0633\u0645\u062d \u0644\u0644\u0645\u0634\u0627\u0631\u0643\u064a\u0646 \u0628\u0627\u0633\u062a\u0643\u0634\u0627\u0641 \u0627\u0644\u0639\u062f\u064a\u062f \u0645\u0646 \u062f\u0631\u0627\u0633\u0627\u062a \u0627\u0644\u062d\u0627\u0644\u0629 \u0648\u0627\u0644\u062a\u0639\u0631\u0641 \u0639\u0644\u0649 \u0623\u0645\u062b\u0644\u0629 \u0639\u0645\u0644\u064a\u0629 \u0644\u062a\u0637\u0628\u064a\u0642 \u0627\u0644\u062a\u0642\u0646\u064a\u0627\u062a \u0627\u0644\u062d\u062f\u064a\u062b\u0629 \u0627\u0644\u0645\u0635\u0645\u0645\u0629 \u062e\u0635\u064a\u0635\u0627\u064b \u0644\u062e\u0635\u0627\u0626\u0635 \u0634\u0631\u0643\u0627\u062a \u0627\u0644\u062a\u0635\u0646\u064a\u0639 \u0648\u0645\u0648\u0627\u0631\u062f\u0647\u0627.<\/p>\n\n\n\n<p><strong>\u0627\u062c\u062a\u0645\u0627\u0639\u0627\u062a \u0648\u0645\u0646\u0627\u0642\u0634\u0627\u062a \u062d\u0648\u0644 \u0645\u0633\u062a\u0642\u0628\u0644 \u0627\u0644\u0635\u0646\u0627\u0639\u0629<\/strong><\/p>\n\n\n\n<p>\u0643\u0627\u0646 \u0627\u0644\u062d\u062f\u062b \u0623\u064a\u0636\u064b\u0627 <strong>\u0641\u0631\u0635\u0629 \u0631\u0627\u0626\u0639\u0629 \u0644\u062a\u0628\u0627\u062f\u0644 \u0627\u0644\u062e\u0628\u0631\u0627\u062a \u0648\u0628<\/strong> \u0646\u0627\u0621 \u0627\u0644\u0639\u0644\u0627\u0642\u0627\u062a \u0627\u0644\u062a\u062c\u0627\u0631\u064a\u0629\u060c \u062d\u064a\u062b \u0642\u062f\u0645 \u0646\u0638\u0631\u0629 \u0639\u0627\u0645\u0629 \u0639\u0644\u0649 \u0623\u062d\u062f\u062b \u0627\u0644\u0627\u062a\u062c\u0627\u0647\u0627\u062a \u0641\u064a \u0645\u062c\u0627\u0644 \u0627\u0644\u062e\u062f\u0645\u0627\u062a \u0627\u0644\u0644\u0648\u062c\u0633\u062a\u064a\u0629. \u0648\u062f\u0627\u0626\u0645\u064b\u0627 \u0645\u0627 \u062a\u0643\u0648\u0646 \u0627\u0644\u0645\u062d\u0627\u062f\u062b\u0627\u062a \u0628\u064a\u0646 \u0627\u0644\u0645\u062a\u062e\u0635\u0635\u064a\u0646 \u0648\u0627\u0644\u062e\u0628\u0631\u0627\u0621 \u0641\u064a \u0646\u0638\u0627\u0645 Anter System \u0641\u064a \u0645\u062b\u0644 \u0647\u0630\u0647 \u0627\u0644\u0623\u062c\u0648\u0627\u0621 \u0627\u0644\u0645\u0648\u0627\u062a\u064a\u0629 <strong>\u0642\u064a\u0651\u0645\u0629 \u0641\u064a \u0633\u064a\u0627\u0642 \u0645\u0648\u0627\u0635\u0644\u0629 \u062a\u0637\u0648\u064a\u0631 \u0639\u0631\u0648\u0636\u0646\u0627 \u0644\u0623\u0646\u0638\u0645\u0629<\/strong> \u062d\u0648\u0627\u062c\u0632 \u0627\u0644\u0633\u0644\u0627\u0645\u0629 \u0627\u0644\u0645\u0631\u0646\u0629 \u0627\u0644\u0645\u0639\u064a\u0627\u0631\u064a\u0629 \u0644\u062a\u0644\u0628\u064a\u0629 \u0627\u062d\u062a\u064a\u0627\u062c\u0627\u062a \u0635\u0646\u0627\u0639\u0629 \u0627\u0644\u062e\u062f\u0645\u0627\u062a \u0627\u0644\u0644\u0648\u062c\u0633\u062a\u064a\u0629 \u0627\u0644\u062f\u0627\u062e\u0644\u064a\u0629 \u0633\u0631\u064a\u0639\u0629 \u0627\u0644\u062a\u0637\u0648\u0631. <\/p>\n\n\n\n<p>\u0646\u0634\u0643\u0631\u0643\u0645 \u0639\u0644\u0649 \u062c\u0645\u064a\u0639 \u0627\u0644\u0645\u0646\u0627\u0642\u0634\u0627\u062a \u062d\u0648\u0644 \u0627\u062a\u062c\u0627\u0647\u0627\u062a \u0627\u0644\u062a\u0637\u0648\u064a\u0631 \u0648\u0627\u0644\u062a\u0648\u0642\u0639\u0627\u062a \u0627\u0644\u0645\u062a\u0639\u0644\u0642\u0629 \u0628\u062d\u0645\u0627\u064a\u0629 \u0645\u0633\u0627\u062d\u0627\u062a \u0627\u0644\u0645\u0633\u062a\u0648\u062f\u0639\u0627\u062a. \u0623\u0631\u0627\u0643\u0645 \u0641\u064a \u0627\u0644\u0645\u0624\u062a\u0645\u0631\u0627\u062a \u0627\u0644\u0635\u0646\u0627\u0639\u064a\u0629 \u0627\u0644\u0642\u0627\u062f\u0645\u0629!   <\/p>\n\n\n\n<div class=\"wp-block-columns is-layout-flex wp-container-core-columns-is-layout-9d6595d7 wp-block-columns-is-layout-flex\">\n<div class=\"wp-block-column is-layout-flow wp-block-column-is-layout-flow\"><\/div>\n\n\n\n<div class=\"wp-block-column is-layout-flow wp-block-column-is-layout-flow\"><\/div>\n\n\n\n<div class=\"wp-block-column is-layout-flow wp-block-column-is-layout-flow\"><\/div>\n<\/div>\n<\/div>\n\n\n\n<div class=\"wp-block-column is-layout-flow wp-block-column-is-layout-flow\" style=\"flex-basis:10%\"><\/div>\n<\/div>\n\n\n\nngg_shortcode_0_placeholder\n<\/div>\n<\/div>\n","protected":false},"excerpt":{"rendered":"<p>\u0645\u0644\u062e\u0635 \u0627\u0644\u0645\u0624\u062a\u0645\u0631 \u0627\u0644\u062a\u0642\u0646\u064a \u0641\u064a \u0633\u0648\u0627\u0631\u062a\u0632 &#8211; 5 \u062f\u064a\u0633\u0645\u0628\u0631 2024 \u0639\u064f\u0642\u062f \u0641\u064a 5 \u062f\u064a\u0633\u0645\u0628\u0631 \u0641\u064a \u0633\u0648\u0627\u0631\u0632\u0648\u062f\u0632 \u0628\u0627\u0644\u0642\u0631\u0628 \u0645\u0646 \u0628\u0648\u0632\u0646\u0627\u0646 \u0627\u0644\u0645\u0624\u062a\u0645\u0631 \u0627\u0644\u062a\u0642\u0646\u064a \u0628\u0639\u0646\u0648\u0627\u0646 &#8221; \u062a\u062d\u0633\u064a\u0646 \u0639\u0645\u0644\u064a\u0627\u062a \u0627\u0644\u0644\u0648\u062c\u0633\u062a\u064a\u0627\u062a \u0627\u0644\u062f\u0627\u062e\u0644\u064a\u0629 \u0648\u0627\u0644\u0645\u0633\u062a\u0648\u062f\u0639\u0627\u062a&#8221; \u060c \u0627\u0644\u0630\u064a \u0646\u0638\u0645\u062a\u0647 \u0634\u0631\u0643\u0629 Axon Media \u0628\u0627\u0644\u062a\u0639\u0627\u0648\u0646 \u0645\u0639 \u0634\u0631\u0643\u0629 Anter System \u0643\u0634\u0631\u064a\u0643. \u062c\u0645\u0639 \u0647\u0630\u0627 \u0627\u0644\u062d\u062f\u062b \u0627\u0644\u0645\u062a\u062e\u0635\u0635\u064a\u0646 \u0641\u064a \u0635\u0646\u0627\u0639\u0629 \u0627\u0644\u062e\u062f\u0645\u0627\u062a \u0627\u0644\u0644\u0648\u062c\u0633\u062a\u064a\u0629 \u0627\u0644\u0630\u064a\u0646 \u062a\u0628\u0627\u062f\u0644\u0648\u0627 \u0645\u0639\u0627\u0631\u0641\u0647\u0645 \u0648\u062e\u0628\u0631\u0627\u062a\u0647\u0645 \u0641\u064a \u0645\u062c\u0627\u0644 \u0627\u0644\u062a\u0642\u0646\u064a\u0627\u062a \u0627\u0644\u0645\u0628\u062a\u0643\u0631\u0629 [&hellip;]<\/p>\n","protected":false},"author":1,"featured_media":0,"parent":30526,"menu_order":0,"comment_status":"closed","ping_status":"closed","template":"","meta":{"inline_featured_image":false,"ngg_post_thumbnail":0,"footnotes":""},"class_list":["post-39406","page","type-page","status-publish","hentry"],"acf":[],"yoast_head":"<!-- This site is optimized with the Yoast SEO plugin v27.0 - https:\/\/yoast.com\/product\/yoast-seo-wordpress\/ -->\n<title>\u0645\u0644\u062e\u0635 \u0627\u0644\u0645\u0624\u062a\u0645\u0631 \u0627\u0644\u062a\u0642\u0646\u064a \u0641\u064a \u0633\u0648\u0627\u0631\u0632\u062f\u0647\u0632 - Anter System<\/title>\n<meta name=\"description\" content=\"\u0645\u0644\u062e\u0635 \u0627\u0644\u0645\u0624\u062a\u0645\u0631 \u0627\u0644\u062a\u0642\u0646\u064a \u0641\u064a \u0633\u0648\u0627\u0631\u062a\u0632 - 5 \u062f\u064a\u0633\u0645\u0628\u0631 2024 \u0639\u064f\u0642\u062f \u0641\u064a 5 \u062f\u064a\u0633\u0645\u0628\u0631 \u0641\u064a \u0633\u0648\u0627\u0631\u0632\u0648\u062f\u0632 \u0628\u0627\u0644\u0642\u0631\u0628 \u0645\u0646 \u0628\u0648\u0632\u0646\u0627\u0646 \u0627\u0644\u0645\u0624\u062a\u0645\u0631 \u0627\u0644\u062a\u0642\u0646\u064a \u0628\u0639\u0646\u0648\u0627\u0646 &quot; \u062a\u062d\u0633\u064a\u0646 \u0639\u0645\u0644\u064a\u0627\u062a \u0627\u0644\u0644\u0648\u062c\u0633\u062a\u064a\u0627\u062a \u0627\u0644\u062f\u0627\u062e\u0644\u064a\u0629\" \/>\n<meta name=\"robots\" content=\"index, follow, max-snippet:-1, max-image-preview:large, max-video-preview:-1\" \/>\n<link rel=\"canonical\" href=\"https:\/\/antersystem.com\/ar\/news\/summary-of-the-technical-conference-in-swarzedz\/\" \/>\n<meta property=\"og:locale\" content=\"ar_AR\" \/>\n<meta property=\"og:type\" content=\"article\" \/>\n<meta property=\"og:title\" content=\"\u0645\u0644\u062e\u0635 \u0627\u0644\u0645\u0624\u062a\u0645\u0631 \u0627\u0644\u062a\u0642\u0646\u064a \u0641\u064a \u0633\u0648\u0627\u0631\u0632\u062f\u0647\u0632 - Anter System\" \/>\n<meta property=\"og:description\" content=\"\u0645\u0644\u062e\u0635 \u0627\u0644\u0645\u0624\u062a\u0645\u0631 \u0627\u0644\u062a\u0642\u0646\u064a \u0641\u064a \u0633\u0648\u0627\u0631\u062a\u0632 - 5 \u062f\u064a\u0633\u0645\u0628\u0631 2024 \u0639\u064f\u0642\u062f \u0641\u064a 5 \u062f\u064a\u0633\u0645\u0628\u0631 \u0641\u064a \u0633\u0648\u0627\u0631\u0632\u0648\u062f\u0632 \u0628\u0627\u0644\u0642\u0631\u0628 \u0645\u0646 \u0628\u0648\u0632\u0646\u0627\u0646 \u0627\u0644\u0645\u0624\u062a\u0645\u0631 \u0627\u0644\u062a\u0642\u0646\u064a \u0628\u0639\u0646\u0648\u0627\u0646 &quot; \u062a\u062d\u0633\u064a\u0646 \u0639\u0645\u0644\u064a\u0627\u062a \u0627\u0644\u0644\u0648\u062c\u0633\u062a\u064a\u0627\u062a \u0627\u0644\u062f\u0627\u062e\u0644\u064a\u0629\" \/>\n<meta property=\"og:url\" content=\"https:\/\/antersystem.com\/ar\/news\/summary-of-the-technical-conference-in-swarzedz\/\" \/>\n<meta property=\"og:site_name\" content=\"Anter System\" \/>\n<meta property=\"article:modified_time\" content=\"2026-02-04T11:37:32+00:00\" \/>\n<meta name=\"twitter:card\" content=\"summary_large_image\" \/>\n<script type=\"application\/ld+json\" class=\"yoast-schema-graph\">{\"@context\":\"https:\/\/schema.org\",\"@graph\":[{\"@type\":\"WebPage\",\"@id\":\"https:\/\/antersystem.com\/ar\/news\/summary-of-the-technical-conference-in-swarzedz\/\",\"url\":\"https:\/\/antersystem.com\/ar\/news\/summary-of-the-technical-conference-in-swarzedz\/\",\"name\":\"\u0645\u0644\u062e\u0635 \u0627\u0644\u0645\u0624\u062a\u0645\u0631 \u0627\u0644\u062a\u0642\u0646\u064a \u0641\u064a \u0633\u0648\u0627\u0631\u0632\u062f\u0647\u0632 - Anter System\",\"isPartOf\":{\"@id\":\"https:\/\/antersystem.com\/ar\/#website\"},\"datePublished\":\"2024-12-10T09:04:39+00:00\",\"dateModified\":\"2026-02-04T11:37:32+00:00\",\"description\":\"\u0645\u0644\u062e\u0635 \u0627\u0644\u0645\u0624\u062a\u0645\u0631 \u0627\u0644\u062a\u0642\u0646\u064a \u0641\u064a \u0633\u0648\u0627\u0631\u062a\u0632 - 5 \u062f\u064a\u0633\u0645\u0628\u0631 2024 \u0639\u064f\u0642\u062f \u0641\u064a 5 \u062f\u064a\u0633\u0645\u0628\u0631 \u0641\u064a \u0633\u0648\u0627\u0631\u0632\u0648\u062f\u0632 \u0628\u0627\u0644\u0642\u0631\u0628 \u0645\u0646 \u0628\u0648\u0632\u0646\u0627\u0646 \u0627\u0644\u0645\u0624\u062a\u0645\u0631 \u0627\u0644\u062a\u0642\u0646\u064a \u0628\u0639\u0646\u0648\u0627\u0646 \\\" \u062a\u062d\u0633\u064a\u0646 \u0639\u0645\u0644\u064a\u0627\u062a \u0627\u0644\u0644\u0648\u062c\u0633\u062a\u064a\u0627\u062a \u0627\u0644\u062f\u0627\u062e\u0644\u064a\u0629\",\"breadcrumb\":{\"@id\":\"https:\/\/antersystem.com\/ar\/news\/summary-of-the-technical-conference-in-swarzedz\/#breadcrumb\"},\"inLanguage\":\"ar\",\"potentialAction\":[{\"@type\":\"ReadAction\",\"target\":[\"https:\/\/antersystem.com\/ar\/news\/summary-of-the-technical-conference-in-swarzedz\/\"]}]},{\"@type\":\"BreadcrumbList\",\"@id\":\"https:\/\/antersystem.com\/ar\/news\/summary-of-the-technical-conference-in-swarzedz\/#breadcrumb\",\"itemListElement\":[{\"@type\":\"ListItem\",\"position\":1,\"name\":\"AnterSystem\",\"item\":\"https:\/\/antersystem.com\/ar\/\"},{\"@type\":\"ListItem\",\"position\":2,\"name\":\"\u0627\u0644\u0623\u062e\u0628\u0627\u0631\",\"item\":\"https:\/\/antersystem.com\/ar\/news\/\"},{\"@type\":\"ListItem\",\"position\":3,\"name\":\"\u0645\u0644\u062e\u0635 \u0627\u0644\u0645\u0624\u062a\u0645\u0631 \u0627\u0644\u062a\u0642\u0646\u064a \u0641\u064a \u0633\u0648\u0627\u0631\u0632\u062f\u0647\u0632\"}]},{\"@type\":\"WebSite\",\"@id\":\"https:\/\/antersystem.com\/ar\/#website\",\"url\":\"https:\/\/antersystem.com\/ar\/\",\"name\":\"Anter System\",\"description\":\"Jeste\u015bmy polskim producentem elastycznych barier ochronnych wykonywanych z polimerowych tworzyw sztucznych. Na rynku krajowym i zagranicznym dzia\u0142amy od ponad 15 lat dbaj\u0105c o zapewnienie bezpiecze\u0144stwa w zak\u0142adach produkcyjnych, magazynach oraz centrach logistycznych.\",\"potentialAction\":[{\"@type\":\"SearchAction\",\"target\":{\"@type\":\"EntryPoint\",\"urlTemplate\":\"https:\/\/antersystem.com\/ar\/?s={search_term_string}\"},\"query-input\":{\"@type\":\"PropertyValueSpecification\",\"valueRequired\":true,\"valueName\":\"search_term_string\"}}],\"inLanguage\":\"ar\"}]}<\/script>\n<!-- \/ Yoast SEO plugin. -->","yoast_head_json":{"title":"\u0645\u0644\u062e\u0635 \u0627\u0644\u0645\u0624\u062a\u0645\u0631 \u0627\u0644\u062a\u0642\u0646\u064a \u0641\u064a \u0633\u0648\u0627\u0631\u0632\u062f\u0647\u0632 - Anter System","description":"\u0645\u0644\u062e\u0635 \u0627\u0644\u0645\u0624\u062a\u0645\u0631 \u0627\u0644\u062a\u0642\u0646\u064a \u0641\u064a \u0633\u0648\u0627\u0631\u062a\u0632 - 5 \u062f\u064a\u0633\u0645\u0628\u0631 2024 \u0639\u064f\u0642\u062f \u0641\u064a 5 \u062f\u064a\u0633\u0645\u0628\u0631 \u0641\u064a \u0633\u0648\u0627\u0631\u0632\u0648\u062f\u0632 \u0628\u0627\u0644\u0642\u0631\u0628 \u0645\u0646 \u0628\u0648\u0632\u0646\u0627\u0646 \u0627\u0644\u0645\u0624\u062a\u0645\u0631 \u0627\u0644\u062a\u0642\u0646\u064a \u0628\u0639\u0646\u0648\u0627\u0646 \" \u062a\u062d\u0633\u064a\u0646 \u0639\u0645\u0644\u064a\u0627\u062a \u0627\u0644\u0644\u0648\u062c\u0633\u062a\u064a\u0627\u062a \u0627\u0644\u062f\u0627\u062e\u0644\u064a\u0629","robots":{"index":"index","follow":"follow","max-snippet":"max-snippet:-1","max-image-preview":"max-image-preview:large","max-video-preview":"max-video-preview:-1"},"canonical":"https:\/\/antersystem.com\/ar\/news\/summary-of-the-technical-conference-in-swarzedz\/","og_locale":"ar_AR","og_type":"article","og_title":"\u0645\u0644\u062e\u0635 \u0627\u0644\u0645\u0624\u062a\u0645\u0631 \u0627\u0644\u062a\u0642\u0646\u064a \u0641\u064a \u0633\u0648\u0627\u0631\u0632\u062f\u0647\u0632 - Anter System","og_description":"\u0645\u0644\u062e\u0635 \u0627\u0644\u0645\u0624\u062a\u0645\u0631 \u0627\u0644\u062a\u0642\u0646\u064a \u0641\u064a \u0633\u0648\u0627\u0631\u062a\u0632 - 5 \u062f\u064a\u0633\u0645\u0628\u0631 2024 \u0639\u064f\u0642\u062f \u0641\u064a 5 \u062f\u064a\u0633\u0645\u0628\u0631 \u0641\u064a \u0633\u0648\u0627\u0631\u0632\u0648\u062f\u0632 \u0628\u0627\u0644\u0642\u0631\u0628 \u0645\u0646 \u0628\u0648\u0632\u0646\u0627\u0646 \u0627\u0644\u0645\u0624\u062a\u0645\u0631 \u0627\u0644\u062a\u0642\u0646\u064a \u0628\u0639\u0646\u0648\u0627\u0646 \" \u062a\u062d\u0633\u064a\u0646 \u0639\u0645\u0644\u064a\u0627\u062a \u0627\u0644\u0644\u0648\u062c\u0633\u062a\u064a\u0627\u062a \u0627\u0644\u062f\u0627\u062e\u0644\u064a\u0629","og_url":"https:\/\/antersystem.com\/ar\/news\/summary-of-the-technical-conference-in-swarzedz\/","og_site_name":"Anter System","article_modified_time":"2026-02-04T11:37:32+00:00","twitter_card":"summary_large_image","schema":{"@context":"https:\/\/schema.org","@graph":[{"@type":"WebPage","@id":"https:\/\/antersystem.com\/ar\/news\/summary-of-the-technical-conference-in-swarzedz\/","url":"https:\/\/antersystem.com\/ar\/news\/summary-of-the-technical-conference-in-swarzedz\/","name":"\u0645\u0644\u062e\u0635 \u0627\u0644\u0645\u0624\u062a\u0645\u0631 \u0627\u0644\u062a\u0642\u0646\u064a \u0641\u064a \u0633\u0648\u0627\u0631\u0632\u062f\u0647\u0632 - Anter System","isPartOf":{"@id":"https:\/\/antersystem.com\/ar\/#website"},"datePublished":"2024-12-10T09:04:39+00:00","dateModified":"2026-02-04T11:37:32+00:00","description":"\u0645\u0644\u062e\u0635 \u0627\u0644\u0645\u0624\u062a\u0645\u0631 \u0627\u0644\u062a\u0642\u0646\u064a \u0641\u064a \u0633\u0648\u0627\u0631\u062a\u0632 - 5 \u062f\u064a\u0633\u0645\u0628\u0631 2024 \u0639\u064f\u0642\u062f \u0641\u064a 5 \u062f\u064a\u0633\u0645\u0628\u0631 \u0641\u064a \u0633\u0648\u0627\u0631\u0632\u0648\u062f\u0632 \u0628\u0627\u0644\u0642\u0631\u0628 \u0645\u0646 \u0628\u0648\u0632\u0646\u0627\u0646 \u0627\u0644\u0645\u0624\u062a\u0645\u0631 \u0627\u0644\u062a\u0642\u0646\u064a \u0628\u0639\u0646\u0648\u0627\u0646 \" \u062a\u062d\u0633\u064a\u0646 \u0639\u0645\u0644\u064a\u0627\u062a \u0627\u0644\u0644\u0648\u062c\u0633\u062a\u064a\u0627\u062a \u0627\u0644\u062f\u0627\u062e\u0644\u064a\u0629","breadcrumb":{"@id":"https:\/\/antersystem.com\/ar\/news\/summary-of-the-technical-conference-in-swarzedz\/#breadcrumb"},"inLanguage":"ar","potentialAction":[{"@type":"ReadAction","target":["https:\/\/antersystem.com\/ar\/news\/summary-of-the-technical-conference-in-swarzedz\/"]}]},{"@type":"BreadcrumbList","@id":"https:\/\/antersystem.com\/ar\/news\/summary-of-the-technical-conference-in-swarzedz\/#breadcrumb","itemListElement":[{"@type":"ListItem","position":1,"name":"AnterSystem","item":"https:\/\/antersystem.com\/ar\/"},{"@type":"ListItem","position":2,"name":"\u0627\u0644\u0623\u062e\u0628\u0627\u0631","item":"https:\/\/antersystem.com\/ar\/news\/"},{"@type":"ListItem","position":3,"name":"\u0645\u0644\u062e\u0635 \u0627\u0644\u0645\u0624\u062a\u0645\u0631 \u0627\u0644\u062a\u0642\u0646\u064a \u0641\u064a \u0633\u0648\u0627\u0631\u0632\u062f\u0647\u0632"}]},{"@type":"WebSite","@id":"https:\/\/antersystem.com\/ar\/#website","url":"https:\/\/antersystem.com\/ar\/","name":"Anter System","description":"Jeste\u015bmy polskim producentem elastycznych barier ochronnych wykonywanych z polimerowych tworzyw sztucznych. Na rynku krajowym i zagranicznym dzia\u0142amy od ponad 15 lat dbaj\u0105c o zapewnienie bezpiecze\u0144stwa w zak\u0142adach produkcyjnych, magazynach oraz centrach logistycznych.","potentialAction":[{"@type":"SearchAction","target":{"@type":"EntryPoint","urlTemplate":"https:\/\/antersystem.com\/ar\/?s={search_term_string}"},"query-input":{"@type":"PropertyValueSpecification","valueRequired":true,"valueName":"search_term_string"}}],"inLanguage":"ar"}]}},"_links":{"self":[{"href":"https:\/\/antersystem.com\/ar\/wp-json\/wp\/v2\/pages\/39406","targetHints":{"allow":["GET"]}}],"collection":[{"href":"https:\/\/antersystem.com\/ar\/wp-json\/wp\/v2\/pages"}],"about":[{"href":"https:\/\/antersystem.com\/ar\/wp-json\/wp\/v2\/types\/page"}],"author":[{"embeddable":true,"href":"https:\/\/antersystem.com\/ar\/wp-json\/wp\/v2\/users\/1"}],"replies":[{"embeddable":true,"href":"https:\/\/antersystem.com\/ar\/wp-json\/wp\/v2\/comments?post=39406"}],"version-history":[{"count":1,"href":"https:\/\/antersystem.com\/ar\/wp-json\/wp\/v2\/pages\/39406\/revisions"}],"predecessor-version":[{"id":39408,"href":"https:\/\/antersystem.com\/ar\/wp-json\/wp\/v2\/pages\/39406\/revisions\/39408"}],"up":[{"embeddable":true,"href":"https:\/\/antersystem.com\/ar\/wp-json\/wp\/v2\/pages\/30526"}],"wp:attachment":[{"href":"https:\/\/antersystem.com\/ar\/wp-json\/wp\/v2\/media?parent=39406"}],"curies":[{"name":"wp","href":"https:\/\/api.w.org\/{rel}","templated":true}]}}