{"id":39487,"date":"2024-03-27T16:28:30","date_gmt":"2024-03-27T15:28:30","guid":{"rendered":"https:\/\/antersystem.com\/news\/automotive-cee-day\/"},"modified":"2026-02-04T13:51:25","modified_gmt":"2026-02-04T12:51:25","slug":"automotive-cee-day","status":"publish","type":"page","link":"https:\/\/antersystem.com\/ar\/news\/automotive-cee-day\/","title":{"rendered":"\u064a\u0648\u0645 \u0623\u0648\u0631\u0648\u0628\u0627 \u0627\u0644\u0648\u0633\u0637\u0649 \u0648\u0627\u0644\u0634\u0631\u0642\u064a\u0629 \u0644\u0644\u0633\u064a\u0627\u0631\u0627\u062a"},"content":{"rendered":"\n<div class=\"wp-block-columns is-layout-flex wp-container-core-columns-is-layout-9d6595d7 wp-block-columns-is-layout-flex\">\n<div class=\"wp-block-column is-layout-flow wp-block-column-is-layout-flow\" style=\"flex-basis:10%\"><\/div>\n\n\n\n<div class=\"wp-block-column is-layout-flow wp-block-column-is-layout-flow\">\n<h3 class=\"wp-block-heading\">\u0627\u0644\u0627\u062c\u062a\u0645\u0627\u0639\u0627\u062a \u0627\u0644\u062a\u0627\u0633\u0639\u0629 \u0644\u0645\u0634\u062a\u0631\u064a\u0627\u062a \u0627\u0644\u0633\u064a\u0627\u0631\u0627\u062a &#8211; 18-19 \u0623\u0628\u0631\u064a\u0644 2024<\/h3>\n\n\n\n<p><strong>\u064a\u0639\u062f \u064a\u0648\u0645 \u0623\u0648\u0631\u0648\u0628\u0627 \u0627\u0644\u0648\u0633\u0637\u0649 \u0648\u0627\u0644\u0634\u0631\u0642\u064a\u0629 \u0644\u0644\u0633\u064a\u0627\u0631\u0627\u062a &#8211; \u0648\u0647\u0648 \u062d\u062f\u062b \u062a\u0646\u0638\u0645\u0647 AutomotiveSuppliers.pl \u0648\u0645\u062f\u064a\u0646\u0629 \u0623\u0648\u0628\u0648\u0644 &#8211; \u0641\u0631\u0635\u0629 \u0645\u0645\u062a\u0627\u0632\u0629 \u0644\u0644\u0642\u0627\u0621 \u0627\u0644\u0644\u0627\u0639\u0628\u064a\u0646 \u0627\u0644\u0631\u0626\u064a\u0633\u064a\u064a\u0646 \u0641\u064a \u0635\u0646\u0627\u0639\u0629 \u0627\u0644\u0633\u064a\u0627\u0631\u0627\u062a.<\/strong>  \u0641\u064a \u064a\u0648\u0645\u064a 18 \u064819 \u0623\u0628\u0631\u064a\u0644 \u0641\u064a \u0623\u0648\u0628\u0648\u0644\u060c \u0633\u064a\u062c\u0645\u0639 \u0627\u0644\u062d\u062f\u062b \u0645\u0645\u062b\u0644\u064a\u0646 \u0639\u0646 \u0643\u0644 \u0645\u0646 \u0634\u0631\u0643\u0627\u062a \u062a\u0635\u0646\u064a\u0639 \u0627\u0644\u0633\u064a\u0627\u0631\u0627\u062a \u0627\u0644\u0643\u0628\u0631\u0649 \u0648\u0645\u0648\u0631\u062f\u064a \u0627\u0644\u0645\u0633\u062a\u0648\u0649 \u0627\u0644\u0623\u0648\u0644.<\/p>\n\n\n\n<p>\u0639\u0644\u0649 \u0645\u062f\u0627\u0631 \u064a\u0648\u0645\u064a\u0646\u060c \u0633\u062a\u062a\u0627\u062d \u0644\u0644\u0645\u0634\u0627\u0631\u0643\u064a\u0646 \u0627\u0644\u0641\u0631\u0635\u0629 \u0644\u0645\u0642\u0627\u0628\u0644\u0629 \u0627\u0644\u0639\u0645\u0644\u0627\u0621 \u0627\u0644\u0623\u0643\u062b\u0631 \u0623\u0647\u0645\u064a\u0629 \u0628\u0627\u0644\u0646\u0633\u0628\u0629 \u0644\u0647\u0645 \u0648\u0639\u0631\u0636 \u0642\u062f\u0631\u0627\u062a\u0647\u0645 \u0627\u0644\u0625\u0646\u062a\u0627\u062c\u064a\u0629 \u0648\u0627\u0644\u062e\u062f\u0645\u064a\u0629. \u0643\u0645\u0627 \u064a\u0624\u0643\u062f \u0627\u0644\u0645\u0646\u0638\u0645\u0648\u0646 \u0623\u0646 \u0627\u0644\u062d\u062f\u062b \u064a\u0633\u062a\u062e\u062f\u0645 \u0645\u0646\u0635\u0629 \u0645\u062a\u0637\u0648\u0631\u0629 \u0644\u0644\u062a\u0648\u0641\u064a\u0642 \u0628\u064a\u0646 \u0627\u0644\u0634\u0631\u0643\u0627\u062a \u0627\u0644\u062a\u064a \u062a\u0633\u0645\u062d \u0628\u0627\u0644\u0645\u0632\u0627\u0648\u062c\u0629 \u0627\u0644\u062f\u0642\u064a\u0642\u0629 \u0628\u064a\u0646 \u0634\u0631\u0643\u0627\u0621 \u0627\u0644\u0623\u0639\u0645\u0627\u0644. \u064a\u0639\u062f \u0647\u0630\u0627 \u0627\u0644\u062d\u062f\u062b \u0628\u0623\u0646 \u064a\u0643\u0648\u0646 \u062d\u062f\u062b\u0627\u064b \u062f\u064a\u0646\u0627\u0645\u064a\u0643\u064a\u0627\u064b \u0641\u064a \u0639\u0627\u0644\u0645 \u0627\u0644\u0633\u064a\u0627\u0631\u0627\u062a &#8211; \u0648\u0646\u0623\u0645\u0644 \u0623\u0646 \u064a\u0643\u0648\u0646 \u062d\u062f\u062b\u0627\u064b \u0630\u0627 \u0646\u062a\u0627\u0626\u062c \u0645\u0645\u062a\u0627\u0632\u0629. \u0645\u0646 \u0627\u0644\u0645\u062a\u0648\u0642\u0639 \u062d\u0636\u0648\u0631 \u0639\u062f\u062f \u0643\u0628\u064a\u0631 \u0645\u0646 \u0645\u0645\u062b\u0644\u064a \u0627\u0644\u0634\u0631\u0643\u0627\u062a \u0627\u0644\u0639\u0627\u0644\u0645\u064a\u0629 \u0648\u0627\u0644\u0623\u0633\u0648\u0627\u0642 \u0627\u0644\u0645\u062d\u0644\u064a\u0629.   <\/p>\n\n\n\n<p>\u0643\u0645\u0627 \u0646\u062a\u0637\u0644\u0639 \u0625\u0644\u0649 \u0644\u0642\u0627\u0621 \u0627\u0644\u0634\u0631\u0643\u0627\u0621 \u0627\u0644\u0645\u062d\u062a\u0645\u0644\u064a\u0646 \u0641\u064a \u0645\u062c\u0627\u0644 \u0627\u0644\u0623\u0639\u0645\u0627\u0644 \u0648\u0627\u0644\u062a\u0643\u0646\u0648\u0644\u0648\u062c\u064a\u0627 \u0644\u062a\u0628\u0627\u062f\u0644 \u0627\u0644\u0623\u0641\u0643\u0627\u0631 \u0648\u0627\u0644\u0627\u0646\u0637\u0628\u0627\u0639\u0627\u062a \u0648\u0627\u0644\u062e\u0628\u0631\u0627\u062a. \u0645\u0646\u0630 15 \u0639\u0627\u0645\u0627\u064b \u0648\u0646\u062d\u0646 \u0646\u0643\u062a\u0633\u0628 \u0627\u0644\u062e\u0628\u0631\u0629 \u0641\u064a <strong>\u0642\u0637\u0627\u0639 \u0627\u0644\u0633\u064a\u0627\u0631\u0627\u062a\u060c \u062d\u064a\u062b \u0646\u0642\u0648\u0645 \u0628\u062a\u0632\u0648\u064a\u062f \u0643\u0628\u0631\u0649 \u0627\u0644\u0634\u0631\u0643\u0627\u062a \u0627\u0644\u0645\u0635\u0646\u0639\u0629 \u0628\u0623\u0646\u0638\u0645\u0629 \u062a\u0639\u0632\u0632 \u0627\u0644\u0633\u0644\u0627\u0645\u0629 \u0648\u062a\u062a\u0643\u064a\u0641 \u0645\u0639 \u0627\u0644\u062a\u063a\u064a\u0631\u0627\u062a \u0627\u0644\u062f\u064a\u0646\u0627\u0645\u064a\u0643\u064a\u0629.<\/strong> <a href=\"https:\/\/antersystem.com\/kategorie_produktow\/bariery-bezpieczenstwa-dla-pieszych\/\">\u062a\u0636\u0645\u0646 \u0645\u0646\u062a\u062c\u0627\u062a\u0646\u0627 \u0627\u0644\u0641\u0635\u0644 \u0627\u0644\u0645\u0648\u062b\u0648\u0642 \u0628\u064a\u0646 \u0645\u0646\u0627\u0637\u0642 \u0627\u0644\u0625\u0646\u062a\u0627\u062c \u0648\u0627\u0644\u0645\u0646\u0627\u0637\u0642 \u0627\u0644\u0644\u0648\u062c\u0633\u062a\u064a\u0629 \u0648\u062a<\/a> \u0648\u0641\u0631 \u0627\u0644\u0633\u0644\u0627\u0645\u0629 \u0641\u064a \u0645\u0646\u0627\u0637\u0642 \u0627\u0644\u062a\u062d\u0645\u064a\u0644. <a href=\"https:\/\/antersystem.com\/kategorie_produktow\/technika-zaladunkowa\/\"><strong>\u062d\u0648\u0627\u0645\u0644 \u062a\u062b\u0628\u064a\u062a \u0627\u0644\u0645\u0642\u0637\u0648\u0631\u0629 \u0627\u0644\u0623\u0645\u0627\u0645\u064a\u0629 \u0648\u0627\u0644\u062e\u0644\u0641\u064a\u0629<\/strong><\/a> \u0627\u0644\u0645\u0633\u062a\u062e\u062f\u0645\u0629 \u0623\u062b\u0646\u0627\u0621 \u0627\u0644\u0639\u0645\u0644\u064a\u0627\u062a \u0627\u0644\u0644\u0648\u062c\u0633\u062a\u064a\u0629 \u062a\u062d\u0645\u064a \u0627\u0644\u0623\u0634\u062e\u0627\u0635 \u0648\u0627\u0644\u0628\u0636\u0627\u0626\u0639 \u0648\u0627\u0644\u0628\u0646\u064a\u0629 \u0627\u0644\u062a\u062d\u062a\u064a\u0629 \u0645\u0646 \u0627\u0644\u062a\u0644\u0641. \u0643\u0645\u0627 \u0623\u0646\u0647\u0627 \u062a\u0633\u0627\u0639\u062f \u0623\u064a\u0636\u0627\u064b \u0641\u064a \u062a\u0642\u0635\u064a\u0631 \u0623\u0648\u0642\u0627\u062a \u0627\u0644\u062a\u062d\u0645\u064a\u0644 \u0648\u062a\u062d\u0633\u064a\u0646 \u0627\u0633\u062a\u062e\u062f\u0627\u0645 \u0627\u0644\u0645\u0631\u0643\u0628\u0627\u062a\u060c \u062e\u0627\u0635\u0629\u064b \u062a\u0644\u0643 \u0627\u0644\u062a\u064a \u062a\u0624\u062f\u064a \u0648\u0638\u0627\u0626\u0641 \u0627\u0644\u062f\u0639\u0645 \u0645\u0624\u0642\u062a\u0627\u064b.  <\/p>\n\n\n\n<p>\u0627\u063a\u062a\u0646\u0645 \u0647\u0630\u0647 \u0627\u0644\u0641\u0631\u0635\u0629 \u0644\u062a\u0628\u0627\u062f\u0644 \u0627\u0644\u0631\u0624\u0649 \u0648\u0627\u0644\u062e\u0628\u0631\u0627\u062a \u0645\u0639 \u0627\u0644\u0645\u0634\u0627\u0631\u0643\u064a\u0646 \u0627\u0644\u0622\u062e\u0631\u064a\u0646! \u062a\u0641\u0636\u0644\u0648\u0627 \u0628\u0632\u064a\u0627\u0631\u062a\u0646\u0627 \u0641\u064a <strong>\u0627\u0644\u062c\u0646\u0627\u062d B \u0644\u0645\u0634\u0627\u0647\u062f\u0629<\/strong> <strong>\u0645\u0646\u062a\u062c\u0627\u062a Anter System \u0623\u062b\u0646\u0627\u0621<\/strong> \u0627\u0644\u0639\u0645\u0644. <\/p>\n\n\n\n<p>\u0628\u0631\u0646\u0627\u0645\u062c \u0627\u0644\u062d\u062f\u062b: <strong><a href=\"https:\/\/www.automotiveceeday.eu\/page-3761\">Automotiveceeday.eu<\/a><\/strong><\/p>\n\n\n\n<p><strong>#\u064a\u0648\u0645_\u0627\u0644\u0633\u064a\u0627\u0631\u0627\u062a #AutomotiveCEEDay #\u0627\u0644\u0633\u064a\u0627\u0631\u0627\u062a #OHS #\u0627\u0644\u062a\u0635\u0646\u064a\u0639 #\u062d\u0648\u0627\u062c\u0632 \u0627\u0644\u0633\u0644\u0627\u0645\u0629 \u0627\u0644\u0645\u0631\u0646\u0629<\/strong><\/p>\n<\/div>\n\n\n\n<div class=\"wp-block-column is-layout-flow wp-block-column-is-layout-flow\" style=\"flex-basis:10%\"><\/div>\n<\/div>\n<div class=\"wp-block-image\">\n<figure class=\"aligncenter size-large is-resized\"><img loading=\"lazy\" decoding=\"async\" width=\"1024\" height=\"535\" src=\"https:\/\/antersystem.com\/wp-content\/uploads\/CEE-DAY-18-19-kwieccien-Anter-System-3-1024x535.jpg\" alt=\"&#x627;&#x644;&#x635;&#x648;&#x631;&#x629; &#x639;&#x628;&#x627;&#x631;&#x629; &#x639;&#x646; &#x62F;&#x639;&#x648;&#x629; &#x645;&#x646; Anter System &#x644;&#x644;&#x645;&#x634;&#x627;&#x631;&#x643;&#x629; &#x641;&#x64A; &#x627;&#x62C;&#x62A;&#x645;&#x627;&#x639;&#x627;&#x62A; &#x64A;&#x648;&#x645; &#x627;&#x644;&#x634;&#x631;&#x627;&#x621; &#x641;&#x64A; &#x623;&#x648;&#x631;&#x648;&#x628;&#x627; &#x627;&#x644;&#x648;&#x633;&#x637;&#x649; &#x648;&#x627;&#x644;&#x634;&#x631;&#x642;&#x64A;&#x629; &#x641;&#x64A; &#x623;&#x648;&#x628;&#x648;&#x644; &#x641;&#x64A; 18-19 &#x623;&#x628;&#x631;&#x64A;&#x644; 2024.\" class=\"wp-image-4335\" style=\"width:720px;height:auto\" srcset=\"https:\/\/antersystem.com\/wp-content\/uploads\/CEE-DAY-18-19-kwieccien-Anter-System-3-1024x535.jpg 1024w, https:\/\/antersystem.com\/wp-content\/uploads\/CEE-DAY-18-19-kwieccien-Anter-System-3-300x157.jpg 300w, https:\/\/antersystem.com\/wp-content\/uploads\/CEE-DAY-18-19-kwieccien-Anter-System-3-768x401.jpg 768w, https:\/\/antersystem.com\/wp-content\/uploads\/CEE-DAY-18-19-kwieccien-Anter-System-3-450x235.jpg 450w, https:\/\/antersystem.com\/wp-content\/uploads\/CEE-DAY-18-19-kwieccien-Anter-System-3-330x172.jpg 330w, https:\/\/antersystem.com\/wp-content\/uploads\/CEE-DAY-18-19-kwieccien-Anter-System-3.jpg 1200w\" sizes=\"auto, (max-width: 1024px) 100vw, 1024px\" \/><\/figure><\/div>","protected":false},"excerpt":{"rendered":"<p>\u0627\u0644\u0627\u062c\u062a\u0645\u0627\u0639\u0627\u062a \u0627\u0644\u062a\u0627\u0633\u0639\u0629 \u0644\u0645\u0634\u062a\u0631\u064a\u0627\u062a \u0627\u0644\u0633\u064a\u0627\u0631\u0627\u062a &#8211; 18-19 \u0623\u0628\u0631\u064a\u0644 2024 \u064a\u0639\u062f \u064a\u0648\u0645 \u0623\u0648\u0631\u0648\u0628\u0627 \u0627\u0644\u0648\u0633\u0637\u0649 \u0648\u0627\u0644\u0634\u0631\u0642\u064a\u0629 \u0644\u0644\u0633\u064a\u0627\u0631\u0627\u062a &#8211; \u0648\u0647\u0648 \u062d\u062f\u062b \u062a\u0646\u0638\u0645\u0647 AutomotiveSuppliers.pl \u0648\u0645\u062f\u064a\u0646\u0629 \u0623\u0648\u0628\u0648\u0644 &#8211; \u0641\u0631\u0635\u0629 \u0645\u0645\u062a\u0627\u0632\u0629 \u0644\u0644\u0642\u0627\u0621 \u0627\u0644\u0644\u0627\u0639\u0628\u064a\u0646 \u0627\u0644\u0631\u0626\u064a\u0633\u064a\u064a\u0646 \u0641\u064a \u0635\u0646\u0627\u0639\u0629 \u0627\u0644\u0633\u064a\u0627\u0631\u0627\u062a. \u0641\u064a \u064a\u0648\u0645\u064a 18 \u064819 \u0623\u0628\u0631\u064a\u0644 \u0641\u064a \u0623\u0648\u0628\u0648\u0644\u060c \u0633\u064a\u062c\u0645\u0639 \u0627\u0644\u062d\u062f\u062b \u0645\u0645\u062b\u0644\u064a\u0646 \u0639\u0646 \u0643\u0644 \u0645\u0646 \u0634\u0631\u0643\u0627\u062a \u062a\u0635\u0646\u064a\u0639 \u0627\u0644\u0633\u064a\u0627\u0631\u0627\u062a \u0627\u0644\u0643\u0628\u0631\u0649 \u0648\u0645\u0648\u0631\u062f\u064a \u0627\u0644\u0645\u0633\u062a\u0648\u0649 \u0627\u0644\u0623\u0648\u0644. \u0639\u0644\u0649 \u0645\u062f\u0627\u0631 \u064a\u0648\u0645\u064a\u0646\u060c \u0633\u062a\u062a\u0627\u062d \u0644\u0644\u0645\u0634\u0627\u0631\u0643\u064a\u0646 [&hellip;]<\/p>\n","protected":false},"author":1,"featured_media":0,"parent":30526,"menu_order":0,"comment_status":"closed","ping_status":"closed","template":"","meta":{"inline_featured_image":false,"ngg_post_thumbnail":0,"footnotes":""},"class_list":["post-39487","page","type-page","status-publish","hentry"],"acf":[],"yoast_head":"<!-- This site is optimized with the Yoast SEO plugin v27.0 - https:\/\/yoast.com\/product\/yoast-seo-wordpress\/ -->\n<title>\u064a\u0648\u0645 \u0623\u0648\u0631\u0648\u0628\u0627 \u0627\u0644\u0648\u0633\u0637\u0649 \u0648\u0627\u0644\u0634\u0631\u0642\u064a\u0629 \u0644\u0644\u0633\u064a\u0627\u0631\u0627\u062a - Anter System<\/title>\n<meta name=\"description\" content=\"\u064a\u0648\u0645 \u0623\u0648\u0631\u0648\u0628\u0627 \u0627\u0644\u0648\u0633\u0637\u0649 \u0648\u0627\u0644\u0634\u0631\u0642\u064a\u0629 \u0644\u0644\u0633\u064a\u0627\u0631\u0627\u062a - \u064a\u0648\u0645 \u0627\u0644\u0633\u064a\u0627\u0631\u0627\u062a \u0641\u064a \u0623\u0648\u0631\u0648\u0628\u0627 \u0627\u0644\u0648\u0633\u0637\u0649 \u0648\u0627\u0644\u0634\u0631\u0642\u064a\u0629 - \u064a\u0648\u0645 \u0627\u0644\u0633\u064a\u0627\u0631\u0627\u062a \u0641\u064a \u0623\u0648\u0631\u0648\u0628\u0627 \u0627\u0644\u0648\u0633\u0637\u0649 \u0648\u0627\u0644\u0634\u0631\u0642\u064a\u0629 - \u0625\u0644\u0649 doskona\u0142a okazja do spotka\u0144\" \/>\n<meta name=\"robots\" content=\"index, follow, max-snippet:-1, max-image-preview:large, max-video-preview:-1\" \/>\n<link rel=\"canonical\" href=\"https:\/\/antersystem.com\/ar\/news\/automotive-cee-day\/\" \/>\n<meta property=\"og:locale\" content=\"ar_AR\" \/>\n<meta property=\"og:type\" content=\"article\" \/>\n<meta property=\"og:title\" content=\"\u064a\u0648\u0645 \u0623\u0648\u0631\u0648\u0628\u0627 \u0627\u0644\u0648\u0633\u0637\u0649 \u0648\u0627\u0644\u0634\u0631\u0642\u064a\u0629 \u0644\u0644\u0633\u064a\u0627\u0631\u0627\u062a - Anter System\" \/>\n<meta property=\"og:description\" content=\"\u064a\u0648\u0645 \u0623\u0648\u0631\u0648\u0628\u0627 \u0627\u0644\u0648\u0633\u0637\u0649 \u0648\u0627\u0644\u0634\u0631\u0642\u064a\u0629 \u0644\u0644\u0633\u064a\u0627\u0631\u0627\u062a - \u064a\u0648\u0645 \u0627\u0644\u0633\u064a\u0627\u0631\u0627\u062a \u0641\u064a \u0623\u0648\u0631\u0648\u0628\u0627 \u0627\u0644\u0648\u0633\u0637\u0649 \u0648\u0627\u0644\u0634\u0631\u0642\u064a\u0629 - \u064a\u0648\u0645 \u0627\u0644\u0633\u064a\u0627\u0631\u0627\u062a \u0641\u064a \u0623\u0648\u0631\u0648\u0628\u0627 \u0627\u0644\u0648\u0633\u0637\u0649 \u0648\u0627\u0644\u0634\u0631\u0642\u064a\u0629 - \u0625\u0644\u0649 doskona\u0142a okazja do spotka\u0144\" \/>\n<meta property=\"og:url\" content=\"https:\/\/antersystem.com\/ar\/news\/automotive-cee-day\/\" \/>\n<meta property=\"og:site_name\" content=\"Anter System\" \/>\n<meta property=\"article:modified_time\" content=\"2026-02-04T12:51:25+00:00\" \/>\n<meta property=\"og:image\" content=\"https:\/\/antersystem.com\/wp-content\/uploads\/CEE-DAY-18-19-kwieccien-Anter-System-3-1024x535.jpg\" \/>\n<meta name=\"twitter:card\" content=\"summary_large_image\" \/>\n<script type=\"application\/ld+json\" class=\"yoast-schema-graph\">{\"@context\":\"https:\/\/schema.org\",\"@graph\":[{\"@type\":\"WebPage\",\"@id\":\"https:\/\/antersystem.com\/ar\/news\/automotive-cee-day\/\",\"url\":\"https:\/\/antersystem.com\/ar\/news\/automotive-cee-day\/\",\"name\":\"\u064a\u0648\u0645 \u0623\u0648\u0631\u0648\u0628\u0627 \u0627\u0644\u0648\u0633\u0637\u0649 \u0648\u0627\u0644\u0634\u0631\u0642\u064a\u0629 \u0644\u0644\u0633\u064a\u0627\u0631\u0627\u062a - Anter System\",\"isPartOf\":{\"@id\":\"https:\/\/antersystem.com\/ar\/#website\"},\"primaryImageOfPage\":{\"@id\":\"https:\/\/antersystem.com\/ar\/news\/automotive-cee-day\/#primaryimage\"},\"image\":{\"@id\":\"https:\/\/antersystem.com\/ar\/news\/automotive-cee-day\/#primaryimage\"},\"thumbnailUrl\":\"https:\/\/antersystem.com\/wp-content\/uploads\/CEE-DAY-18-19-kwieccien-Anter-System-3-1024x535.jpg\",\"datePublished\":\"2024-03-27T15:28:30+00:00\",\"dateModified\":\"2026-02-04T12:51:25+00:00\",\"description\":\"\u064a\u0648\u0645 \u0623\u0648\u0631\u0648\u0628\u0627 \u0627\u0644\u0648\u0633\u0637\u0649 \u0648\u0627\u0644\u0634\u0631\u0642\u064a\u0629 \u0644\u0644\u0633\u064a\u0627\u0631\u0627\u062a - \u064a\u0648\u0645 \u0627\u0644\u0633\u064a\u0627\u0631\u0627\u062a \u0641\u064a \u0623\u0648\u0631\u0648\u0628\u0627 \u0627\u0644\u0648\u0633\u0637\u0649 \u0648\u0627\u0644\u0634\u0631\u0642\u064a\u0629 - \u064a\u0648\u0645 \u0627\u0644\u0633\u064a\u0627\u0631\u0627\u062a \u0641\u064a \u0623\u0648\u0631\u0648\u0628\u0627 \u0627\u0644\u0648\u0633\u0637\u0649 \u0648\u0627\u0644\u0634\u0631\u0642\u064a\u0629 - \u0625\u0644\u0649 doskona\u0142a okazja do spotka\u0144\",\"breadcrumb\":{\"@id\":\"https:\/\/antersystem.com\/ar\/news\/automotive-cee-day\/#breadcrumb\"},\"inLanguage\":\"ar\",\"potentialAction\":[{\"@type\":\"ReadAction\",\"target\":[\"https:\/\/antersystem.com\/ar\/news\/automotive-cee-day\/\"]}]},{\"@type\":\"ImageObject\",\"inLanguage\":\"ar\",\"@id\":\"https:\/\/antersystem.com\/ar\/news\/automotive-cee-day\/#primaryimage\",\"url\":\"https:\/\/antersystem.com\/wp-content\/uploads\/CEE-DAY-18-19-kwieccien-Anter-System-3-1024x535.jpg\",\"contentUrl\":\"https:\/\/antersystem.com\/wp-content\/uploads\/CEE-DAY-18-19-kwieccien-Anter-System-3-1024x535.jpg\"},{\"@type\":\"BreadcrumbList\",\"@id\":\"https:\/\/antersystem.com\/ar\/news\/automotive-cee-day\/#breadcrumb\",\"itemListElement\":[{\"@type\":\"ListItem\",\"position\":1,\"name\":\"AnterSystem\",\"item\":\"https:\/\/antersystem.com\/ar\/\"},{\"@type\":\"ListItem\",\"position\":2,\"name\":\"\u0627\u0644\u0623\u062e\u0628\u0627\u0631\",\"item\":\"https:\/\/antersystem.com\/ar\/news\/\"},{\"@type\":\"ListItem\",\"position\":3,\"name\":\"\u064a\u0648\u0645 \u0623\u0648\u0631\u0648\u0628\u0627 \u0627\u0644\u0648\u0633\u0637\u0649 \u0648\u0627\u0644\u0634\u0631\u0642\u064a\u0629 \u0644\u0644\u0633\u064a\u0627\u0631\u0627\u062a\"}]},{\"@type\":\"WebSite\",\"@id\":\"https:\/\/antersystem.com\/ar\/#website\",\"url\":\"https:\/\/antersystem.com\/ar\/\",\"name\":\"Anter System\",\"description\":\"Jeste\u015bmy polskim producentem elastycznych barier ochronnych wykonywanych z polimerowych tworzyw sztucznych. Na rynku krajowym i zagranicznym dzia\u0142amy od ponad 15 lat dbaj\u0105c o zapewnienie bezpiecze\u0144stwa w zak\u0142adach produkcyjnych, magazynach oraz centrach logistycznych.\",\"potentialAction\":[{\"@type\":\"SearchAction\",\"target\":{\"@type\":\"EntryPoint\",\"urlTemplate\":\"https:\/\/antersystem.com\/ar\/?s={search_term_string}\"},\"query-input\":{\"@type\":\"PropertyValueSpecification\",\"valueRequired\":true,\"valueName\":\"search_term_string\"}}],\"inLanguage\":\"ar\"}]}<\/script>\n<!-- \/ Yoast SEO plugin. -->","yoast_head_json":{"title":"\u064a\u0648\u0645 \u0623\u0648\u0631\u0648\u0628\u0627 \u0627\u0644\u0648\u0633\u0637\u0649 \u0648\u0627\u0644\u0634\u0631\u0642\u064a\u0629 \u0644\u0644\u0633\u064a\u0627\u0631\u0627\u062a - Anter System","description":"\u064a\u0648\u0645 \u0623\u0648\u0631\u0648\u0628\u0627 \u0627\u0644\u0648\u0633\u0637\u0649 \u0648\u0627\u0644\u0634\u0631\u0642\u064a\u0629 \u0644\u0644\u0633\u064a\u0627\u0631\u0627\u062a - \u064a\u0648\u0645 \u0627\u0644\u0633\u064a\u0627\u0631\u0627\u062a \u0641\u064a \u0623\u0648\u0631\u0648\u0628\u0627 \u0627\u0644\u0648\u0633\u0637\u0649 \u0648\u0627\u0644\u0634\u0631\u0642\u064a\u0629 - \u064a\u0648\u0645 \u0627\u0644\u0633\u064a\u0627\u0631\u0627\u062a \u0641\u064a \u0623\u0648\u0631\u0648\u0628\u0627 \u0627\u0644\u0648\u0633\u0637\u0649 \u0648\u0627\u0644\u0634\u0631\u0642\u064a\u0629 - \u0625\u0644\u0649 doskona\u0142a okazja do spotka\u0144","robots":{"index":"index","follow":"follow","max-snippet":"max-snippet:-1","max-image-preview":"max-image-preview:large","max-video-preview":"max-video-preview:-1"},"canonical":"https:\/\/antersystem.com\/ar\/news\/automotive-cee-day\/","og_locale":"ar_AR","og_type":"article","og_title":"\u064a\u0648\u0645 \u0623\u0648\u0631\u0648\u0628\u0627 \u0627\u0644\u0648\u0633\u0637\u0649 \u0648\u0627\u0644\u0634\u0631\u0642\u064a\u0629 \u0644\u0644\u0633\u064a\u0627\u0631\u0627\u062a - Anter System","og_description":"\u064a\u0648\u0645 \u0623\u0648\u0631\u0648\u0628\u0627 \u0627\u0644\u0648\u0633\u0637\u0649 \u0648\u0627\u0644\u0634\u0631\u0642\u064a\u0629 \u0644\u0644\u0633\u064a\u0627\u0631\u0627\u062a - \u064a\u0648\u0645 \u0627\u0644\u0633\u064a\u0627\u0631\u0627\u062a \u0641\u064a \u0623\u0648\u0631\u0648\u0628\u0627 \u0627\u0644\u0648\u0633\u0637\u0649 \u0648\u0627\u0644\u0634\u0631\u0642\u064a\u0629 - \u064a\u0648\u0645 \u0627\u0644\u0633\u064a\u0627\u0631\u0627\u062a \u0641\u064a \u0623\u0648\u0631\u0648\u0628\u0627 \u0627\u0644\u0648\u0633\u0637\u0649 \u0648\u0627\u0644\u0634\u0631\u0642\u064a\u0629 - \u0625\u0644\u0649 doskona\u0142a okazja do spotka\u0144","og_url":"https:\/\/antersystem.com\/ar\/news\/automotive-cee-day\/","og_site_name":"Anter System","article_modified_time":"2026-02-04T12:51:25+00:00","og_image":[{"url":"https:\/\/antersystem.com\/wp-content\/uploads\/CEE-DAY-18-19-kwieccien-Anter-System-3-1024x535.jpg","type":"","width":"","height":""}],"twitter_card":"summary_large_image","schema":{"@context":"https:\/\/schema.org","@graph":[{"@type":"WebPage","@id":"https:\/\/antersystem.com\/ar\/news\/automotive-cee-day\/","url":"https:\/\/antersystem.com\/ar\/news\/automotive-cee-day\/","name":"\u064a\u0648\u0645 \u0623\u0648\u0631\u0648\u0628\u0627 \u0627\u0644\u0648\u0633\u0637\u0649 \u0648\u0627\u0644\u0634\u0631\u0642\u064a\u0629 \u0644\u0644\u0633\u064a\u0627\u0631\u0627\u062a - Anter System","isPartOf":{"@id":"https:\/\/antersystem.com\/ar\/#website"},"primaryImageOfPage":{"@id":"https:\/\/antersystem.com\/ar\/news\/automotive-cee-day\/#primaryimage"},"image":{"@id":"https:\/\/antersystem.com\/ar\/news\/automotive-cee-day\/#primaryimage"},"thumbnailUrl":"https:\/\/antersystem.com\/wp-content\/uploads\/CEE-DAY-18-19-kwieccien-Anter-System-3-1024x535.jpg","datePublished":"2024-03-27T15:28:30+00:00","dateModified":"2026-02-04T12:51:25+00:00","description":"\u064a\u0648\u0645 \u0623\u0648\u0631\u0648\u0628\u0627 \u0627\u0644\u0648\u0633\u0637\u0649 \u0648\u0627\u0644\u0634\u0631\u0642\u064a\u0629 \u0644\u0644\u0633\u064a\u0627\u0631\u0627\u062a - \u064a\u0648\u0645 \u0627\u0644\u0633\u064a\u0627\u0631\u0627\u062a \u0641\u064a \u0623\u0648\u0631\u0648\u0628\u0627 \u0627\u0644\u0648\u0633\u0637\u0649 \u0648\u0627\u0644\u0634\u0631\u0642\u064a\u0629 - \u064a\u0648\u0645 \u0627\u0644\u0633\u064a\u0627\u0631\u0627\u062a \u0641\u064a \u0623\u0648\u0631\u0648\u0628\u0627 \u0627\u0644\u0648\u0633\u0637\u0649 \u0648\u0627\u0644\u0634\u0631\u0642\u064a\u0629 - \u0625\u0644\u0649 doskona\u0142a okazja do spotka\u0144","breadcrumb":{"@id":"https:\/\/antersystem.com\/ar\/news\/automotive-cee-day\/#breadcrumb"},"inLanguage":"ar","potentialAction":[{"@type":"ReadAction","target":["https:\/\/antersystem.com\/ar\/news\/automotive-cee-day\/"]}]},{"@type":"ImageObject","inLanguage":"ar","@id":"https:\/\/antersystem.com\/ar\/news\/automotive-cee-day\/#primaryimage","url":"https:\/\/antersystem.com\/wp-content\/uploads\/CEE-DAY-18-19-kwieccien-Anter-System-3-1024x535.jpg","contentUrl":"https:\/\/antersystem.com\/wp-content\/uploads\/CEE-DAY-18-19-kwieccien-Anter-System-3-1024x535.jpg"},{"@type":"BreadcrumbList","@id":"https:\/\/antersystem.com\/ar\/news\/automotive-cee-day\/#breadcrumb","itemListElement":[{"@type":"ListItem","position":1,"name":"AnterSystem","item":"https:\/\/antersystem.com\/ar\/"},{"@type":"ListItem","position":2,"name":"\u0627\u0644\u0623\u062e\u0628\u0627\u0631","item":"https:\/\/antersystem.com\/ar\/news\/"},{"@type":"ListItem","position":3,"name":"\u064a\u0648\u0645 \u0623\u0648\u0631\u0648\u0628\u0627 \u0627\u0644\u0648\u0633\u0637\u0649 \u0648\u0627\u0644\u0634\u0631\u0642\u064a\u0629 \u0644\u0644\u0633\u064a\u0627\u0631\u0627\u062a"}]},{"@type":"WebSite","@id":"https:\/\/antersystem.com\/ar\/#website","url":"https:\/\/antersystem.com\/ar\/","name":"Anter System","description":"Jeste\u015bmy polskim producentem elastycznych barier ochronnych wykonywanych z polimerowych tworzyw sztucznych. Na rynku krajowym i zagranicznym dzia\u0142amy od ponad 15 lat dbaj\u0105c o zapewnienie bezpiecze\u0144stwa w zak\u0142adach produkcyjnych, magazynach oraz centrach logistycznych.","potentialAction":[{"@type":"SearchAction","target":{"@type":"EntryPoint","urlTemplate":"https:\/\/antersystem.com\/ar\/?s={search_term_string}"},"query-input":{"@type":"PropertyValueSpecification","valueRequired":true,"valueName":"search_term_string"}}],"inLanguage":"ar"}]}},"_links":{"self":[{"href":"https:\/\/antersystem.com\/ar\/wp-json\/wp\/v2\/pages\/39487","targetHints":{"allow":["GET"]}}],"collection":[{"href":"https:\/\/antersystem.com\/ar\/wp-json\/wp\/v2\/pages"}],"about":[{"href":"https:\/\/antersystem.com\/ar\/wp-json\/wp\/v2\/types\/page"}],"author":[{"embeddable":true,"href":"https:\/\/antersystem.com\/ar\/wp-json\/wp\/v2\/users\/1"}],"replies":[{"embeddable":true,"href":"https:\/\/antersystem.com\/ar\/wp-json\/wp\/v2\/comments?post=39487"}],"version-history":[{"count":1,"href":"https:\/\/antersystem.com\/ar\/wp-json\/wp\/v2\/pages\/39487\/revisions"}],"predecessor-version":[{"id":39489,"href":"https:\/\/antersystem.com\/ar\/wp-json\/wp\/v2\/pages\/39487\/revisions\/39489"}],"up":[{"embeddable":true,"href":"https:\/\/antersystem.com\/ar\/wp-json\/wp\/v2\/pages\/30526"}],"wp:attachment":[{"href":"https:\/\/antersystem.com\/ar\/wp-json\/wp\/v2\/media?parent=39487"}],"curies":[{"name":"wp","href":"https:\/\/api.w.org\/{rel}","templated":true}]}}