{"id":39519,"date":"2024-06-18T10:35:57","date_gmt":"2024-06-18T08:35:57","guid":{"rendered":"https:\/\/antersystem.com\/news\/mid-magazine-an-exhibition-mix-wystawowa-mieszanka\/"},"modified":"2026-02-04T13:51:35","modified_gmt":"2026-02-04T12:51:35","slug":"mid-magazine-an-exhibition-mix-wystawowa-mieszanka","status":"publish","type":"page","link":"https:\/\/antersystem.com\/ar\/news\/mid-magazine-an-exhibition-mix-wystawowa-mieszanka\/","title":{"rendered":"\u0645\u062c\u0644\u0629 MID &#8220;\u0645\u0639\u0631\u0636 \u0645\u0632\u064a\u062c \u0645\u0646 \u0627\u0644\u0645\u0639\u0627\u0631\u0636&#8221; &#8211; &#8220;Wystawowa mieszanka&#8221;"},"content":{"rendered":"\n<div class=\"wp-block-columns is-layout-flex wp-container-core-columns-is-layout-9d6595d7 wp-block-columns-is-layout-flex\">\n<div class=\"wp-block-column is-layout-flow wp-block-column-is-layout-flow\" style=\"flex-basis:10%\"><\/div>\n\n\n\n<div class=\"wp-block-column is-layout-flow wp-block-column-is-layout-flow\">\n<h2 class=\"wp-block-heading\">MID 3\/2024. \u0646\u0638\u0631\u0629 \u0639\u0627\u0645\u0629 \u0639\u0644\u0649 \u0627\u0644\u0645\u0646\u062a\u062c\u0627\u062a \u0627\u0644\u0645\u0639\u0631\u0648\u0636\u0629 \u0641\u064a \u0627\u0644\u0645\u0639\u0627\u0631\u0636 \u0627\u0644\u062a\u062c\u0627\u0631\u064a\u0629 \u0627\u0644\u0644\u0648\u062c\u0633\u062a\u064a\u0629 \u0645\u0624\u062e\u0631\u064b\u0627.<\/h2>\n\n\n\n<p>\u0623\u062e\u0630 \u0627\u0644\u0639\u062f\u062f \u0627\u0644\u0623\u062e\u064a\u0631 \u0645\u0646 \u0645\u062c\u0644\u0629 MID \u0639\u0644\u0649 \u0639\u0627\u062a\u0642\u0647 \u0645\u0647\u0645\u0629 \u062a\u062c\u0645\u064a\u0639 \u0631\u0624\u0649 \u0627\u0644\u0645\u0646\u062a\u062c\u0627\u062a \u0627\u0644\u0631\u0626\u064a\u0633\u064a\u0629 \u0644\u0623\u0648\u0644\u0626\u0643 \u0627\u0644\u0630\u064a\u0646 \u064a\u0631\u063a\u0628\u0648\u0646 \u0641\u064a \u0627\u0644\u0628\u0642\u0627\u0621 \u0639\u0644\u0649 \u0627\u0637\u0644\u0627\u0639 \u0639\u0644\u0649 \u0622\u062e\u0631 \u0627\u0644\u0627\u0628\u062a\u0643\u0627\u0631\u0627\u062a \u0641\u064a \u0635\u0646\u0627\u0639\u0629 \u0627\u0644\u062e\u062f\u0645\u0627\u062a \u0627\u0644\u0644\u0648\u062c\u0633\u062a\u064a\u0629 \u0648\u0644\u0643\u0646\u0647\u0645 \u0644\u0645 \u064a\u062a\u0645\u0643\u0646\u0648\u0627 \u0645\u0646 \u062d\u0636\u0648\u0631 \u0627\u0644\u0645\u0639\u0627\u0631\u0636 \u0627\u0644\u062a\u062c\u0627\u0631\u064a\u0629\u060c \u0645\u062b\u0644 \u0645\u0639\u0631\u0636 SAWO \u0644\u0644\u0633\u0644\u0627\u0645\u0629 \u0627\u0644\u0645\u0647\u0646\u064a\u0629 (\u062d\u064a\u062b \u062d\u0635\u0644\u0646\u0627 \u0628\u0627\u0644\u0645\u0646\u0627\u0633\u0628\u0629 \u0639\u0644\u0649 \u0627\u0644\u0645\u064a\u062f\u0627\u0644\u064a\u0629 \u0627\u0644\u0630\u0647\u0628\u064a\u0629 &#8211; \u062d\u064a\u062b <a href=\"https:\/\/antersystem.com\/ar\/news\/gold-medal-traffic-dock-gate\/\"><span style=\"color: #000080;\"><strong>\u064a\u0645\u0643\u0646\u0643 \u0627\u0644\u0642\u0631\u0627\u0621\u0629 \u0639\u0646\u0647\u0627 \u0647\u0646\u0627<\/strong><\/span><\/a>). \u0643\u0645\u0627 \u064a\u0633\u0644\u0637 \u0641\u0631\u064a\u0642 \u0627\u0644\u062a\u062d\u0631\u064a\u0631 \u0627\u0644\u0636\u0648\u0621 \u0639\u0644\u0649 \u0645\u0646\u062a\u062c\u0627\u062a Anter System \u0643\u062d\u0644\u0648\u0644 \u0634\u0627\u0645\u0644\u0629 \u0644\u062d\u0645\u0627\u064a\u0629 \u0639\u0645\u0644\u064a\u0627\u062a \u0627\u0644\u0625\u0646\u062a\u0627\u062c \u0648\u0639\u0645\u0627\u0644 \u0627\u0644\u0645\u0633\u062a\u0648\u062f\u0639\u0627\u062a \u0645\u0646 \u0627\u0644\u0627\u0635\u0637\u062f\u0627\u0645 \u0628\u0627\u0644\u0631\u0627\u0641\u0639\u0627\u062a \u0627\u0644\u0634\u0648\u0643\u064a\u0629. \u0648\u0645\u0646 \u0627\u0644\u0645\u0624\u0643\u062f \u0623\u0646 \u0639\u0631\u0636\u0646\u0627 \u0644\u062d\u0644\u0648\u0644\u0646\u0627 \u0641\u064a \u0627\u0644\u0622\u0648\u0646\u0629 \u0627\u0644\u0623\u062e\u064a\u0631\u0629 \u0641\u064a \u0627\u0644\u0639\u062f\u064a\u062f \u0645\u0646 \u0627\u0644\u0641\u0639\u0627\u0644\u064a\u0627\u062a \u0627\u0644\u0635\u0646\u0627\u0639\u064a\u0629 \u0642\u062f \u0632\u0627\u062f \u0645\u0646 \u0634\u0647\u0631\u0629 \u0645\u0646\u062a\u062c\u0627\u062a\u0646\u0627 \u0641\u064a \u0627\u0644\u0633\u0648\u0642. \u0648\u0645\u0639 \u0630\u0644\u0643\u060c \u0625\u0630\u0627 \u0643\u0627\u0646 \u0647\u0630\u0627 \u0647\u0648 \u0623\u0648\u0644 \u0627\u062a\u0635\u0627\u0644 \u0644\u0643 \u0628\u0634\u0631\u0643\u062a\u0646\u0627 \u0648\u0643\u0646\u062a \u0642\u062f \u0628\u062f\u0623\u062a \u0644\u0644\u062a\u0648 \u0641\u064a \u0628\u0646\u0627\u0621 \u0641\u0647\u0645\u0643 \u0644\u0644\u062a\u062d\u0648\u0644\u0627\u062a \u0641\u064a \u0627\u0644\u0645\u0633\u0627\u062d\u0627\u062a \u0627\u0644\u0644\u0648\u062c\u0633\u062a\u064a\u0629\u060c \u0641\u062a\u0648\u0642\u0641 \u0644\u062d\u0638\u0629 \u0644\u0645\u0644\u0627\u062d\u0638\u0629 \u0628\u0639\u0636 \u0627\u0644\u0645\u064a\u0632\u0627\u062a \u0627\u0644\u0631\u0626\u064a\u0633\u064a\u0629 \u0644\u0646\u0638\u0627\u0645 Anter System \u0627\u0644\u062a\u064a \u064a\u0645\u0643\u0646 \u0623\u0646 \u062a\u062a\u0631\u062c\u0645 \u0645\u0628\u0627\u0634\u0631\u0629 \u0625\u0644\u0649 \u062a\u062d\u0633\u064a\u0646 \u0638\u0631\u0648\u0641 \u0627\u0644\u0639\u0645\u0644 \u0641\u064a \u0645\u0646\u0634\u0623\u062a\u0643.   <\/p>\n\n<p><strong>\u0645\u0627 \u0627\u0644\u0630\u064a \u064a\u0645\u064a\u0632\u0646\u0627 \u0639\u0646 \u063a\u064a\u0631\u0646\u0627\u061f<\/strong><\/p>\n<ul>\n<li>\u0645\u062a\u0627\u0646\u0629 \u0639\u0627\u0644\u064a\u0629 \u0644\u0644\u0645\u0646\u062a\u062c &#8211; \u062a\u062a\u062d\u0645\u0644 \u062d\u0644\u0648\u0644\u0646\u0627 \u0635\u062f\u0645\u0627\u062a \u0623\u0643\u0628\u0631 \u0628\u0639\u062f\u0629 \u0645\u0631\u0627\u062a \u0645\u0646 \u0645\u0646\u062a\u062c\u0627\u062a \u0627\u0644\u0635\u0644\u0628\u060c \u0643\u0645\u0627 \u0623\u0643\u062f \u0630\u0644\u0643 \u0627\u062e\u062a\u0628\u0627\u0631 PAS 13 \u0648\u0645\u0644\u0627\u062d\u0638\u0627\u062a \u0627\u0644\u0639\u0645\u0644\u0627\u0621<\/li>\n<li>\u0627\u0644\u062c\u0648\u062f\u0629 \u0648\u0627\u0644\u0627\u0645\u062a\u062b\u0627\u0644 \u0644\u0644\u0645\u0639\u0627\u064a\u064a\u0631 \u0627\u0644\u0623\u0648\u0631\u0648\u0628\u064a\u0629 &#8211; \u062a\u062e\u0636\u0639 \u0645\u0646\u062a\u062c\u0627\u062a Anter System \u0644\u0627\u062e\u062a\u0628\u0627\u0631\u0627\u062a \u0635\u0627\u0631\u0645\u0629 \u0648\u0645\u0639\u062a\u0645\u062f\u0629 \u0645\u0646 \u0645\u0639\u0647\u062f T\u00dcV Rheinland \u0627\u0644\u0634\u0647\u064a\u0631<\/li>\n<li>\u0645\u062c\u0645\u0648\u0639\u0629 \u0648\u0627\u0633\u0639\u0629 \u0645\u0646 \u0627\u0644\u0645\u0646\u062a\u062c\u0627\u062a &#8211; \u0645\u0635\u0645\u0645\u0629 \u062e\u0635\u064a\u0635\u064b\u0627 \u0644\u062a\u0644\u0628\u064a\u0629 \u0627\u062d\u062a\u064a\u0627\u062c\u0627\u062a \u0627\u0644\u0634\u0631\u0643\u0629 \u0627\u0644\u0641\u0631\u062f\u064a\u0629 \u0648\u0627\u0644\u0638\u0631\u0648\u0641 \u0627\u0644\u062e\u0627\u0635\u0629 \u0628\u0645\u0648\u0642\u0639 \u0627\u0644\u062a\u0631\u0643\u064a\u0628\u060c \u0628\u062f\u0621\u064b\u0627 \u0645\u0646 \u0627\u0644\u062d\u0645\u0627\u064a\u0629 \u0639\u0644\u0649 \u0645\u0633\u062a\u0648\u0649 \u0627\u0644\u0623\u0631\u0636\u064a\u0629 \u0625\u0644\u0649 \u0627\u0644\u062d\u0648\u0627\u062c\u0632 \u0630\u0627\u062a \u0627\u0644\u0631\u0641\u0648\u0641 \u0627\u0644\u0639\u0627\u0644\u064a\u0629\u060c \u0645\u0639 \u0645\u0631\u0627\u0639\u0627\u0629 \u062d\u0631\u0643\u0629 \u0645\u0631\u0648\u0631 \u0627\u0644\u0645\u0631\u0643\u0628\u0627\u062a \u062f\u0627\u062e\u0644 \u0627\u0644\u0645\u0646\u0634\u0623\u0629<\/li>\n<li>\u0627\u0644\u0627\u0628\u062a\u0643\u0627\u0631 &#8211; \u0646\u0631\u0643\u0632 \u0639\u0644\u0649 \u0627\u0644\u062d\u0644\u0648\u0644 \u0627\u0644\u062d\u062f\u064a\u062b\u0629 \u0648\u062a\u0637\u0628\u064a\u0642 \u0627\u0644\u0623\u0646\u0638\u0645\u0629 \u0627\u0644\u0622\u0644\u064a\u0629 \u0627\u0644\u062a\u064a \u062a\u0639\u0645\u0644 \u0639\u0644\u0649 \u062a\u062d\u0633\u064a\u0646 \u0627\u0644\u0633\u0644\u0627\u0645\u0629\u060c \u0645\u0639 \u062a\u062d\u0633\u064a\u0646 \u0645\u0646\u062a\u062c\u0627\u062a\u0646\u0627 \u0628\u0627\u0633\u062a\u0645\u0631\u0627\u0631<\/li>\n<li>\u0627\u0644\u0646\u0645\u0637\u064a\u0629 &#8211; \u064a\u0645\u0643\u0646 \u062a\u0648\u0635\u064a\u0644 \u0627\u0644\u062d\u0648\u0627\u062c\u0632 \u0648\u0646\u0642\u0644\u0647\u0627 \u0648\u062a\u0648\u0633\u064a\u0639\u0647\u0627 \u0628\u0633\u0647\u0648\u0644\u0629 \u0644\u0644\u062a\u0643\u064a\u0641 \u0645\u0639 \u0638\u0631\u0648\u0641 \u0627\u0644\u0625\u0646\u062a\u0627\u062c \u0623\u0648 \u0627\u0644\u0645\u0633\u062a\u0648\u062f\u0639\u0627\u062a \u0627\u0644\u0645\u062a\u063a\u064a\u0631\u0629<\/li>\n<li>\u0627\u0644\u0628\u064a\u0626\u0629 &#8211; \u0645\u0646\u062a\u062c\u0627\u062a\u0646\u0627 \u0642\u0627\u0628\u0644\u0629 \u0644\u0625\u0639\u0627\u062f\u0629 \u0627\u0644\u062a\u062f\u0648\u064a\u0631 \u0628\u0646\u0633\u0628\u0629 100%\u060c \u0645\u0645\u0627 \u064a\u0633\u0627\u0639\u062f \u0639\u0644\u0649 \u062a\u0642\u0644\u064a\u0644 \u0627\u0644\u0628\u0635\u0645\u0629 \u0627\u0644\u0643\u0631\u0628\u0648\u0646\u064a\u0629<\/li>\n<\/ul>\n\n<p>\u0645\u0646 \u0627\u0644\u0645\u0624\u0643\u062f \u0623\u0646 \u0627\u0644\u0645\u0648\u0627\u062f \u0627\u0644\u062a\u064a \u062c\u0645\u0639\u0647\u0627 \u0641\u0631\u064a\u0642 MID \u0633\u062a\u0633\u0627\u0639\u062f\u0643 \u0639\u0644\u0649 \u0627\u062a\u062e\u0627\u0630 \u0642\u0631\u0627\u0631\u0627\u062a \u0634\u0631\u0627\u0621 \u0645\u0633\u062a\u0646\u064a\u0631\u0629 &#8211; \u0644\u064a\u0633 \u0641\u0642\u0637 \u0639\u0646\u062f \u0627\u062e\u062a\u064a\u0627\u0631 \u062d\u0648\u0627\u062c\u0632 \u0627\u0644\u0633\u0644\u0627\u0645\u0629\u060c \u0648\u0644\u0643\u0646 \u0623\u064a\u0636\u064b\u0627 \u0627\u0644\u062d\u0644\u0648\u0644 \u0627\u0644\u062a\u064a \u062a\u0633\u062a\u062e\u062f\u0645 \u062a\u0642\u0646\u064a\u0627\u062a \u0627\u0644\u0630\u0643\u0627\u0621 \u0627\u0644\u0627\u0635\u0637\u0646\u0627\u0639\u064a. \u062a\u0633\u062a\u062d\u0642 \u0627\u0644\u0642\u0631\u0627\u0621\u0629 \u0628\u0627\u0644\u062a\u0623\u0643\u064a\u062f! \ud83d\ude42 \u0627\u0644\u0645\u0642\u0627\u0644\u0629 \u0645\u062a\u0627\u062d\u0629 \u0623\u062f\u0646\u0627\u0647\u060c \u0648\u064a\u0645\u0643\u0646 \u0627\u0644\u0627\u0637\u0644\u0627\u0639 \u0639\u0644\u0649 \u0627\u0644\u0639\u062f\u062f \u0627\u0644\u0643\u0627\u0645\u0644 \u0639\u0644\u0649 \u0645\u0648\u0642\u0639 \u0627\u0644\u0646\u0627\u0634\u0631 \u0627\u0644\u0625\u0644\u0643\u062a\u0631\u0648\u0646\u064a.  <\/p>\n<\/div>\n\n\n\n<div class=\"wp-block-column is-layout-flow wp-block-column-is-layout-flow\" style=\"flex-basis:10%\"><\/div>\n<\/div>\n\n<div data-wp-interactive=\"core\/file\" class=\"wp-block-file\"><object data-wp-bind--hidden=\"!state.hasPdfPreview\" hidden class=\"wp-block-file__embed\" data=\"https:\/\/antersystem.com\/wp-content\/uploads\/MID_99_3_2024_Anter-System.pdf\" type=\"application\/pdf\" style=\"width:100%;height:600px\" aria-label=\"\u062a\u0636\u0645\u064a\u0646 MID_99_3_2024_Anter-System.\"><\/object><a id=\"wp-block-file--media-81b055e1-ad38-4bf5-98d8-870bb86c3edb\" href=\"https:\/\/antersystem.com\/wp-content\/uploads\/MID_99_3_2024_Anter-System.pdf\">MID_99_3_2024_Anter-System<\/a><a href=\"https:\/\/antersystem.com\/wp-content\/uploads\/MID_99_3_2024_Anter-System.pdf\" class=\"wp-block-file__button wp-element-button\" download=\"\" aria-describedby=\"wp-block-file--media-81b055e1-ad38-4bf5-98d8-870bb86c3edb\">\u062a\u0646\u0632\u064a\u0644<\/a><\/div>\n","protected":false},"excerpt":{"rendered":"<p>MID 3\/2024. \u0646\u0638\u0631\u0629 \u0639\u0627\u0645\u0629 \u0639\u0644\u0649 \u0627\u0644\u0645\u0646\u062a\u062c\u0627\u062a \u0627\u0644\u0645\u0639\u0631\u0648\u0636\u0629 \u0641\u064a \u0627\u0644\u0645\u0639\u0627\u0631\u0636 \u0627\u0644\u062a\u062c\u0627\u0631\u064a\u0629 \u0627\u0644\u0644\u0648\u062c\u0633\u062a\u064a\u0629 \u0645\u0624\u062e\u0631\u064b\u0627. \u0623\u062e\u0630 \u0627\u0644\u0639\u062f\u062f \u0627\u0644\u0623\u062e\u064a\u0631 \u0645\u0646 \u0645\u062c\u0644\u0629 MID \u0639\u0644\u0649 \u0639\u0627\u062a\u0642\u0647 \u0645\u0647\u0645\u0629 \u062a\u062c\u0645\u064a\u0639 \u0631\u0624\u0649 \u0627\u0644\u0645\u0646\u062a\u062c\u0627\u062a \u0627\u0644\u0631\u0626\u064a\u0633\u064a\u0629 \u0644\u0623\u0648\u0644\u0626\u0643 \u0627\u0644\u0630\u064a\u0646 \u064a\u0631\u063a\u0628\u0648\u0646 \u0641\u064a \u0627\u0644\u0628\u0642\u0627\u0621 \u0639\u0644\u0649 \u0627\u0637\u0644\u0627\u0639 \u0639\u0644\u0649 \u0622\u062e\u0631 \u0627\u0644\u0627\u0628\u062a\u0643\u0627\u0631\u0627\u062a \u0641\u064a \u0635\u0646\u0627\u0639\u0629 \u0627\u0644\u062e\u062f\u0645\u0627\u062a \u0627\u0644\u0644\u0648\u062c\u0633\u062a\u064a\u0629 \u0648\u0644\u0643\u0646\u0647\u0645 \u0644\u0645 \u064a\u062a\u0645\u0643\u0646\u0648\u0627 \u0645\u0646 \u062d\u0636\u0648\u0631 \u0627\u0644\u0645\u0639\u0627\u0631\u0636 \u0627\u0644\u062a\u062c\u0627\u0631\u064a\u0629\u060c \u0645\u062b\u0644 \u0645\u0639\u0631\u0636 SAWO \u0644\u0644\u0633\u0644\u0627\u0645\u0629 \u0627\u0644\u0645\u0647\u0646\u064a\u0629 (\u062d\u064a\u062b \u062d\u0635\u0644\u0646\u0627 \u0628\u0627\u0644\u0645\u0646\u0627\u0633\u0628\u0629 \u0639\u0644\u0649 [&hellip;]<\/p>\n","protected":false},"author":1,"featured_media":0,"parent":30526,"menu_order":0,"comment_status":"closed","ping_status":"closed","template":"","meta":{"inline_featured_image":false,"ngg_post_thumbnail":0,"footnotes":""},"class_list":["post-39519","page","type-page","status-publish","hentry"],"acf":[],"yoast_head":"<!-- This site is optimized with the Yoast SEO plugin v27.0 - https:\/\/yoast.com\/product\/yoast-seo-wordpress\/ -->\n<title>\u0645\u062c\u0644\u0629 MID &quot;\u0645\u0639\u0631\u0636 \u0645\u0632\u064a\u062c \u0645\u0646 \u0627\u0644\u0645\u0639\u0627\u0631\u0636&quot; - &quot;Wystawowa mieszanka&quot; - Anter System<\/title>\n<meta name=\"description\" content=\"\u0645\u062c\u0644\u0629 Najnowszy magazyn MID \u0627\u0644\u062a\u064a \u062a\u0635\u062f\u0631\u0647\u0627 \u0634\u0631\u0643\u0629 MID \u0641\u064a \u0645\u0646\u0637\u0642\u0629 \u0627\u0644\u0634\u0631\u0642 \u0627\u0644\u0623\u0648\u0633\u0637 \u0648\u0634\u0645\u0627\u0644 \u0623\u0641\u0631\u064a\u0642\u064a\u0627\" \/>\n<meta name=\"robots\" content=\"index, follow, max-snippet:-1, max-image-preview:large, max-video-preview:-1\" \/>\n<link rel=\"canonical\" href=\"https:\/\/antersystem.com\/ar\/news\/mid-magazine-an-exhibition-mix-wystawowa-mieszanka\/\" \/>\n<meta property=\"og:locale\" content=\"ar_AR\" \/>\n<meta property=\"og:type\" content=\"article\" \/>\n<meta property=\"og:title\" content=\"\u0645\u062c\u0644\u0629 MID &quot;\u0645\u0639\u0631\u0636 \u0645\u0632\u064a\u062c \u0645\u0646 \u0627\u0644\u0645\u0639\u0627\u0631\u0636&quot; - &quot;Wystawowa mieszanka&quot; - Anter System\" \/>\n<meta property=\"og:description\" content=\"\u0645\u062c\u0644\u0629 Najnowszy magazyn MID \u0627\u0644\u062a\u064a \u062a\u0635\u062f\u0631\u0647\u0627 \u0634\u0631\u0643\u0629 MID \u0641\u064a \u0645\u0646\u0637\u0642\u0629 \u0627\u0644\u0634\u0631\u0642 \u0627\u0644\u0623\u0648\u0633\u0637 \u0648\u0634\u0645\u0627\u0644 \u0623\u0641\u0631\u064a\u0642\u064a\u0627\" \/>\n<meta property=\"og:url\" content=\"https:\/\/antersystem.com\/ar\/news\/mid-magazine-an-exhibition-mix-wystawowa-mieszanka\/\" \/>\n<meta property=\"og:site_name\" content=\"Anter System\" \/>\n<meta property=\"article:modified_time\" content=\"2026-02-04T12:51:35+00:00\" \/>\n<meta name=\"twitter:card\" content=\"summary_large_image\" \/>\n<script type=\"application\/ld+json\" class=\"yoast-schema-graph\">{\"@context\":\"https:\/\/schema.org\",\"@graph\":[{\"@type\":\"WebPage\",\"@id\":\"https:\/\/antersystem.com\/ar\/news\/mid-magazine-an-exhibition-mix-wystawowa-mieszanka\/\",\"url\":\"https:\/\/antersystem.com\/ar\/news\/mid-magazine-an-exhibition-mix-wystawowa-mieszanka\/\",\"name\":\"\u0645\u062c\u0644\u0629 MID \\\"\u0645\u0639\u0631\u0636 \u0645\u0632\u064a\u062c \u0645\u0646 \u0627\u0644\u0645\u0639\u0627\u0631\u0636\\\" - \\\"Wystawowa mieszanka\\\" - Anter System\",\"isPartOf\":{\"@id\":\"https:\/\/antersystem.com\/ar\/#website\"},\"datePublished\":\"2024-06-18T08:35:57+00:00\",\"dateModified\":\"2026-02-04T12:51:35+00:00\",\"description\":\"\u0645\u062c\u0644\u0629 Najnowszy magazyn MID \u0627\u0644\u062a\u064a \u062a\u0635\u062f\u0631\u0647\u0627 \u0634\u0631\u0643\u0629 MID \u0641\u064a \u0645\u0646\u0637\u0642\u0629 \u0627\u0644\u0634\u0631\u0642 \u0627\u0644\u0623\u0648\u0633\u0637 \u0648\u0634\u0645\u0627\u0644 \u0623\u0641\u0631\u064a\u0642\u064a\u0627\",\"breadcrumb\":{\"@id\":\"https:\/\/antersystem.com\/ar\/news\/mid-magazine-an-exhibition-mix-wystawowa-mieszanka\/#breadcrumb\"},\"inLanguage\":\"ar\",\"potentialAction\":[{\"@type\":\"ReadAction\",\"target\":[\"https:\/\/antersystem.com\/ar\/news\/mid-magazine-an-exhibition-mix-wystawowa-mieszanka\/\"]}]},{\"@type\":\"BreadcrumbList\",\"@id\":\"https:\/\/antersystem.com\/ar\/news\/mid-magazine-an-exhibition-mix-wystawowa-mieszanka\/#breadcrumb\",\"itemListElement\":[{\"@type\":\"ListItem\",\"position\":1,\"name\":\"AnterSystem\",\"item\":\"https:\/\/antersystem.com\/ar\/\"},{\"@type\":\"ListItem\",\"position\":2,\"name\":\"\u0627\u0644\u0623\u062e\u0628\u0627\u0631\",\"item\":\"https:\/\/antersystem.com\/ar\/news\/\"},{\"@type\":\"ListItem\",\"position\":3,\"name\":\"\u0645\u062c\u0644\u0629 MID &#8220;\u0645\u0639\u0631\u0636 \u0645\u0632\u064a\u062c \u0645\u0646 \u0627\u0644\u0645\u0639\u0627\u0631\u0636&#8221; &#8211; &#8220;Wystawowa mieszanka&#8221;\"}]},{\"@type\":\"WebSite\",\"@id\":\"https:\/\/antersystem.com\/ar\/#website\",\"url\":\"https:\/\/antersystem.com\/ar\/\",\"name\":\"Anter System\",\"description\":\"Jeste\u015bmy polskim producentem elastycznych barier ochronnych wykonywanych z polimerowych tworzyw sztucznych. Na rynku krajowym i zagranicznym dzia\u0142amy od ponad 15 lat dbaj\u0105c o zapewnienie bezpiecze\u0144stwa w zak\u0142adach produkcyjnych, magazynach oraz centrach logistycznych.\",\"potentialAction\":[{\"@type\":\"SearchAction\",\"target\":{\"@type\":\"EntryPoint\",\"urlTemplate\":\"https:\/\/antersystem.com\/ar\/?s={search_term_string}\"},\"query-input\":{\"@type\":\"PropertyValueSpecification\",\"valueRequired\":true,\"valueName\":\"search_term_string\"}}],\"inLanguage\":\"ar\"}]}<\/script>\n<!-- \/ Yoast SEO plugin. -->","yoast_head_json":{"title":"\u0645\u062c\u0644\u0629 MID \"\u0645\u0639\u0631\u0636 \u0645\u0632\u064a\u062c \u0645\u0646 \u0627\u0644\u0645\u0639\u0627\u0631\u0636\" - \"Wystawowa mieszanka\" - Anter System","description":"\u0645\u062c\u0644\u0629 Najnowszy magazyn MID \u0627\u0644\u062a\u064a \u062a\u0635\u062f\u0631\u0647\u0627 \u0634\u0631\u0643\u0629 MID \u0641\u064a \u0645\u0646\u0637\u0642\u0629 \u0627\u0644\u0634\u0631\u0642 \u0627\u0644\u0623\u0648\u0633\u0637 \u0648\u0634\u0645\u0627\u0644 \u0623\u0641\u0631\u064a\u0642\u064a\u0627","robots":{"index":"index","follow":"follow","max-snippet":"max-snippet:-1","max-image-preview":"max-image-preview:large","max-video-preview":"max-video-preview:-1"},"canonical":"https:\/\/antersystem.com\/ar\/news\/mid-magazine-an-exhibition-mix-wystawowa-mieszanka\/","og_locale":"ar_AR","og_type":"article","og_title":"\u0645\u062c\u0644\u0629 MID \"\u0645\u0639\u0631\u0636 \u0645\u0632\u064a\u062c \u0645\u0646 \u0627\u0644\u0645\u0639\u0627\u0631\u0636\" - \"Wystawowa mieszanka\" - Anter System","og_description":"\u0645\u062c\u0644\u0629 Najnowszy magazyn MID \u0627\u0644\u062a\u064a \u062a\u0635\u062f\u0631\u0647\u0627 \u0634\u0631\u0643\u0629 MID \u0641\u064a \u0645\u0646\u0637\u0642\u0629 \u0627\u0644\u0634\u0631\u0642 \u0627\u0644\u0623\u0648\u0633\u0637 \u0648\u0634\u0645\u0627\u0644 \u0623\u0641\u0631\u064a\u0642\u064a\u0627","og_url":"https:\/\/antersystem.com\/ar\/news\/mid-magazine-an-exhibition-mix-wystawowa-mieszanka\/","og_site_name":"Anter System","article_modified_time":"2026-02-04T12:51:35+00:00","twitter_card":"summary_large_image","schema":{"@context":"https:\/\/schema.org","@graph":[{"@type":"WebPage","@id":"https:\/\/antersystem.com\/ar\/news\/mid-magazine-an-exhibition-mix-wystawowa-mieszanka\/","url":"https:\/\/antersystem.com\/ar\/news\/mid-magazine-an-exhibition-mix-wystawowa-mieszanka\/","name":"\u0645\u062c\u0644\u0629 MID \"\u0645\u0639\u0631\u0636 \u0645\u0632\u064a\u062c \u0645\u0646 \u0627\u0644\u0645\u0639\u0627\u0631\u0636\" - \"Wystawowa mieszanka\" - Anter System","isPartOf":{"@id":"https:\/\/antersystem.com\/ar\/#website"},"datePublished":"2024-06-18T08:35:57+00:00","dateModified":"2026-02-04T12:51:35+00:00","description":"\u0645\u062c\u0644\u0629 Najnowszy magazyn MID \u0627\u0644\u062a\u064a \u062a\u0635\u062f\u0631\u0647\u0627 \u0634\u0631\u0643\u0629 MID \u0641\u064a \u0645\u0646\u0637\u0642\u0629 \u0627\u0644\u0634\u0631\u0642 \u0627\u0644\u0623\u0648\u0633\u0637 \u0648\u0634\u0645\u0627\u0644 \u0623\u0641\u0631\u064a\u0642\u064a\u0627","breadcrumb":{"@id":"https:\/\/antersystem.com\/ar\/news\/mid-magazine-an-exhibition-mix-wystawowa-mieszanka\/#breadcrumb"},"inLanguage":"ar","potentialAction":[{"@type":"ReadAction","target":["https:\/\/antersystem.com\/ar\/news\/mid-magazine-an-exhibition-mix-wystawowa-mieszanka\/"]}]},{"@type":"BreadcrumbList","@id":"https:\/\/antersystem.com\/ar\/news\/mid-magazine-an-exhibition-mix-wystawowa-mieszanka\/#breadcrumb","itemListElement":[{"@type":"ListItem","position":1,"name":"AnterSystem","item":"https:\/\/antersystem.com\/ar\/"},{"@type":"ListItem","position":2,"name":"\u0627\u0644\u0623\u062e\u0628\u0627\u0631","item":"https:\/\/antersystem.com\/ar\/news\/"},{"@type":"ListItem","position":3,"name":"\u0645\u062c\u0644\u0629 MID &#8220;\u0645\u0639\u0631\u0636 \u0645\u0632\u064a\u062c \u0645\u0646 \u0627\u0644\u0645\u0639\u0627\u0631\u0636&#8221; &#8211; &#8220;Wystawowa mieszanka&#8221;"}]},{"@type":"WebSite","@id":"https:\/\/antersystem.com\/ar\/#website","url":"https:\/\/antersystem.com\/ar\/","name":"Anter System","description":"Jeste\u015bmy polskim producentem elastycznych barier ochronnych wykonywanych z polimerowych tworzyw sztucznych. Na rynku krajowym i zagranicznym dzia\u0142amy od ponad 15 lat dbaj\u0105c o zapewnienie bezpiecze\u0144stwa w zak\u0142adach produkcyjnych, magazynach oraz centrach logistycznych.","potentialAction":[{"@type":"SearchAction","target":{"@type":"EntryPoint","urlTemplate":"https:\/\/antersystem.com\/ar\/?s={search_term_string}"},"query-input":{"@type":"PropertyValueSpecification","valueRequired":true,"valueName":"search_term_string"}}],"inLanguage":"ar"}]}},"_links":{"self":[{"href":"https:\/\/antersystem.com\/ar\/wp-json\/wp\/v2\/pages\/39519","targetHints":{"allow":["GET"]}}],"collection":[{"href":"https:\/\/antersystem.com\/ar\/wp-json\/wp\/v2\/pages"}],"about":[{"href":"https:\/\/antersystem.com\/ar\/wp-json\/wp\/v2\/types\/page"}],"author":[{"embeddable":true,"href":"https:\/\/antersystem.com\/ar\/wp-json\/wp\/v2\/users\/1"}],"replies":[{"embeddable":true,"href":"https:\/\/antersystem.com\/ar\/wp-json\/wp\/v2\/comments?post=39519"}],"version-history":[{"count":1,"href":"https:\/\/antersystem.com\/ar\/wp-json\/wp\/v2\/pages\/39519\/revisions"}],"predecessor-version":[{"id":39521,"href":"https:\/\/antersystem.com\/ar\/wp-json\/wp\/v2\/pages\/39519\/revisions\/39521"}],"up":[{"embeddable":true,"href":"https:\/\/antersystem.com\/ar\/wp-json\/wp\/v2\/pages\/30526"}],"wp:attachment":[{"href":"https:\/\/antersystem.com\/ar\/wp-json\/wp\/v2\/media?parent=39519"}],"curies":[{"name":"wp","href":"https:\/\/api.w.org\/{rel}","templated":true}]}}