{"id":39621,"date":"2024-03-01T14:25:26","date_gmt":"2024-03-01T13:25:26","guid":{"rendered":"https:\/\/antersystem.com\/news\/technical-conferences-2024\/"},"modified":"2026-02-04T14:04:56","modified_gmt":"2026-02-04T13:04:56","slug":"technical-conferences-2024","status":"publish","type":"page","link":"https:\/\/antersystem.com\/ar\/news\/technical-conferences-2024\/","title":{"rendered":"\u0627\u0644\u0645\u0624\u062a\u0645\u0631\u0627\u062a \u0627\u0644\u062a\u0642\u0646\u064a\u0629"},"content":{"rendered":"\n<div class=\"wp-block-columns is-layout-flex wp-container-core-columns-is-layout-9d6595d7 wp-block-columns-is-layout-flex\">\n  \n  <div class=\"wp-block-column is-layout-flow wp-block-column-is-layout-flow\" style=\"flex-basis:10%\"><\/div>\n  \n\n  \n  <div class=\"wp-block-column is-layout-flow wp-block-column-is-layout-flow\">\n    \n    <h3 class=\"wp-block-heading\">\u062f\u0639\u0648\u0629 \u0644\u062d\u0636\u0648\u0631 \u0627\u0644\u0645\u0624\u062a\u0645\u0631 \u0627\u0644\u0630\u064a \u062a\u0646\u0638\u0645\u0647 Axon Media<\/h3>\n    \n\n    \n    <p>\u062f\u0639\u0648\u0629 \u0623\u062e\u0631\u0649 \u0645\u0646 <strong>Axon Media\u060c<\/strong> \u0648\u0647\u064a \u0645\u0646\u0638\u0645\u0629 \u062a\u062f\u0639\u0645 \u0628\u0646\u0634\u0627\u0637 \u0635\u0646\u0627\u0639\u0629 \u0627\u0644\u062e\u062f\u0645\u0627\u062a \u0627\u0644\u0644\u0648\u062c\u0633\u062a\u064a\u0629 \u0641\u064a \u062a\u0637\u0648\u0631\u0647\u0627. \u062a\u0648\u0641\u0631 \u0634\u0628\u0643\u0629 \u0627\u0644\u0645\u0624\u062a\u0645\u0631\u0627\u062a \u0627\u0644\u0648\u0637\u0646\u064a\u0629 \u0641\u0631\u0635\u0629 \u062b\u0645\u064a\u0646\u0629 \u0644\u0625\u0642\u0627\u0645\u0629 \u0639\u0644\u0627\u0642\u0627\u062a \u0639\u0645\u0644\u060c \u0648\u062a\u0628\u0627\u062f\u0644 \u0627\u0644\u062e\u0628\u0631\u0627\u062a\u060c \u0648\u062c\u0645\u0639 \u0627\u0644\u062a\u0639\u0644\u064a\u0642\u0627\u062a \u062d\u0648\u0644 \u0627\u0644\u0645\u0646\u062a\u062c\u0627\u062a\u060c \u0648\u0639\u0631\u0636\u0647\u0627 \u0639\u0644\u0649 \u062c\u0645\u0647\u0648\u0631 \u0645\u0647\u0646\u064a \u0623\u0648\u0633\u0639. <\/p>\n    \n\n    \n    <p>\u0644\u0643\u0644 \u0642\u0637\u0627\u0639 \u0645\u0646 \u0642\u0637\u0627\u0639\u0627\u062a \u0627\u0644\u0627\u0642\u062a\u0635\u0627\u062f \u0645\u062a\u0637\u0644\u0628\u0627\u062a\u0647 \u0627\u0644\u062e\u0627\u0635\u0629 \u0641\u064a \u0627\u0644\u0625\u0646\u062a\u0627\u062c \u0648\u0627\u0644\u062a\u062e\u0632\u064a\u0646. \u0625\u0646 \u0627\u0644\u062a\u062d\u062f\u064a\u0627\u062a \u0627\u0644\u062a\u064a \u062a\u0648\u0627\u062c\u0647\u0647\u0627 \u0641\u064a \u0639\u0645\u0644\u064a\u0627\u062a\u0643 \u0627\u0644\u064a\u0648\u0645\u064a\u0629\u060c \u0628\u0627\u0644\u0625\u0636\u0627\u0641\u0629 \u0625\u0644\u0649 \u062e\u0628\u0631\u062a\u0646\u0627 \u0641\u064a \u062a\u062c\u0647\u064a\u0632 \u0627\u0644\u0628\u064a\u0626\u0627\u062a \u0627\u0644\u0635\u0646\u0627\u0639\u064a\u0629 \u0627\u0644\u0645\u062e\u062a\u0644\u0641\u0629\u060c \u064a\u0646\u062a\u062c \u0639\u0646\u0647\u0627 \u0627\u0644\u062d\u0644\u0648\u0644 <a href=\"https:\/\/antersystem.com\/realizacje\/\">\u0627\u0644\u062a\u064a \u0646\u0647\u062f\u0641 \u0625\u0644\u0649 \u062a\u0642\u062f\u064a\u0645\u0647\u0627 \u0644\u0644\u0635\u0646\u0627\u0639\u0629.<\/a> \u064a\u0645\u0643\u0646\u0643 \u0645\u0642\u0627\u0628\u0644\u062a\u0646\u0627 \u0641\u064a <strong>14 \u0645\u0627\u0631\u0633 \u0641\u064a<\/strong> <strong>\u0641\u0646\u062f\u0642 Dworek Tryumf\u060c<\/strong> ul. Klepacka 1\u060c Ksi\u0119\u017cyno (Bia\u0142ystok)\u060c \u062d\u064a\u062b \u0633\u0646\u0642\u062f\u0645 <a href=\"https:\/\/antersystem.com\/kategorie_produktow\/bariery-ochronne\/\">\u062d\u0648\u0627\u062c\u0632 \u0627\u0644\u0633\u0644\u0627\u0645\u0629 \u0627\u0644\u0645\u0631\u0646\u0629 \u0627\u0644\u062e\u0627\u0635\u0629 \u0628\u0646\u0627 &#8211; \u0627\u0644\u0645\u0635\u0645\u0645\u0629 \u0644\u062d\u0645\u0627\u064a\u0629<\/a> \u0627\u0644\u0623\u0634\u062e\u0627\u0635 \u0648\u0627\u0644\u0645\u0646\u0634\u0622\u062a \u0648\u0627\u0644\u0622\u0644\u0627\u062a \u0641\u064a \u0627\u0644\u0645\u0646\u0627\u0637\u0642 \u0627\u0644\u062a\u064a \u062a\u0632\u062f\u0627\u062f \u0641\u064a\u0647\u0627 \u0645\u062e\u0627\u0637\u0631 \u0627\u0644\u0627\u0635\u0637\u062f\u0627\u0645.   <\/p>\n    \n\n    \n    <p><em>\u0633\u064a\u063a\u0637\u064a<\/em> \u0627\u0644\u0645\u0624\u062a\u0645\u0631 \u0627\u0644\u0630\u064a \u064a\u062d\u0645\u0644 \u0639\u0646\u0648\u0627\u0646 <em>&#8220;\u062a\u062d\u0633\u064a\u0646 \u0627\u0644\u062e\u062f\u0645\u0627\u062a \u0627\u0644\u0644\u0648\u062c\u0633\u062a\u064a\u0629 \u0627\u0644\u062f\u0627\u062e\u0644\u064a\u0629 \u0648\u0639\u0645\u0644\u064a\u0627\u062a \u0627\u0644\u0645\u0633\u062a\u0648\u062f\u0639\u0627\u062a&#8221;<\/em> \u0645\u062c\u0645\u0648\u0639\u0629 \u0648\u0627\u0633\u0639\u0629 \u0645\u0646 \u0627\u0644\u0645\u0648\u0636\u0648\u0639\u0627\u062a &#8211; \u0645\u0646 \u0627\u0644\u0645\u0631\u0643\u0628\u0627\u062a \u0648\u0623\u0646\u0638\u0645\u0629 \u0627\u0644\u0646\u0642\u0644 \u0627\u0644\u062f\u0627\u062e\u0644\u064a \u0625\u0644\u0649 \u062a\u0642\u0646\u064a\u0627\u062a \u062a\u062d\u062f\u064a\u062f \u0627\u0644\u0647\u0648\u064a\u0629 \u0627\u0644\u0644\u0627\u0633\u0644\u0643\u064a\u0629 \u0648\u062a\u0642\u0646\u064a\u0627\u062a \u062a\u062d\u062f\u064a\u062f \u0627\u0644\u0647\u0648\u064a\u0629 \u0627\u0644\u0644\u0627\u0633\u0644\u0643\u064a\u0629. \u0643\u0645\u0627 \u0633\u062a\u0644\u0639\u0628 \u0627\u0644\u0633\u0644\u0627\u0645\u0629 \u0648\u0627\u0644\u0646\u0638\u0627\u0641\u0629 \u0641\u064a \u0645\u0643\u0627\u0646 \u0627\u0644\u0639\u0645\u0644 (OHS) \u0641\u064a \u0627\u0644\u0645\u0633\u062a\u0648\u062f\u0639\u0627\u062a \u0648\u0642\u0627\u0639\u0627\u062a \u0627\u0644\u0625\u0646\u062a\u0627\u062c \u062f\u0648\u0631\u064b\u0627 \u0645\u0647\u0645\u064b\u0627 \u0641\u064a \u0627\u0644\u0639\u0631\u0648\u0636 \u0627\u0644\u062a\u0642\u062f\u064a\u0645\u064a\u0629 \u0644\u0644\u062e\u0628\u0631\u0627\u0621 \u062e\u0644\u0627\u0644 \u0627\u0644\u062d\u062f\u062b. <\/p>\n    \n\n    \n    <p><strong>\u0627\u0644\u0645\u0648\u0639\u062f:<\/strong> 14 \u0645\u0627\u0631\u0633 (\u0627\u0644\u062e\u0645\u064a\u0633) | 8:00 \u0635\u0628\u0627\u062d\u064b\u0627 &#8211; 3:30 \u0645\u0633\u0627\u0621\u064b | <strong><a href=\"https:\/\/www.axonmedia.pl\/konferencje\/program\/intralogistyka-magazynowanie-2024-bialystok\/\">\u0627\u0644\u0628\u0631\u0646\u0627\u0645\u062c<\/a><\/strong><\/p>\n    \n\n    \n    <p><strong>\u0627\u0644\u0645\u0643\u0627\u0646:<\/strong> Hotel Dworek Tryumf, ul. Klepacka 1, Ksi\u0119\u017cyno (Bia\u0142ystok) | \u0645\u0648\u0642\u0641 \u0633\u064a\u0627\u0631\u0627\u062a \u0645\u062c\u0627\u0646\u064a <\/p>\n    \n\n    \n    <p><strong>\u0627\u0644\u0645\u0634\u0627\u0631\u0643\u0629 \u0645\u062c\u0627\u0646\u064a\u0629<\/strong><\/p>\n    \n\n    \n    <p>\u0628\u0635\u0641\u062a\u0646\u0627 \u0634\u0631\u0643\u0627\u0621 \u0641\u064a \u0627\u0644\u0641\u0639\u0627\u0644\u064a\u0629\u060c \u0646\u062f\u0639\u0648\u0643\u0645 \u0628\u062d\u0631\u0627\u0631\u0629 \u0644\u0644\u0627\u0646\u0636\u0645\u0627\u0645 \u0625\u0644\u064a\u0646\u0627!<\/p>\n    \n\n    \n    <p><strong>#\u0627\u0644\u0645\u0624\u062a\u0645\u0631\u0627\u062a \u0627\u0644\u062a\u0642\u0646\u064a\u0629 #\u0627\u0644\u0645\u0624\u062a\u0645\u0631\u0627\u062a \u0627\u0644\u062a\u0642\u0646\u064a\u0629 #\u0623\u0643\u0633\u0648\u0646 \u0645\u064a\u062f\u064a\u0627 #\u0627\u0644\u0644\u0648\u062c\u0633\u062a\u064a\u0627\u062a_\u0627\u0644\u0625\u0644\u0643\u062a\u0631\u0648\u0646\u064a\u0629 #\u0627\u0644\u062a\u062e\u0632\u064a\u0646_\u0627\u0644\u0625\u0644\u0643\u062a\u0631\u0648\u0646\u064a<\/strong><\/p>\n    \n  <\/div>\n  \n\n  \n  <div class=\"wp-block-column is-layout-flow wp-block-column-is-layout-flow\" style=\"flex-basis:10%\"><\/div>\n  \n<\/div>\n<div class=\"wp-block-image\">\n<figure class=\"aligncenter size-large is-resized\"><img loading=\"lazy\" decoding=\"async\" width=\"1024\" height=\"535\" src=\"https:\/\/antersystem.com\/wp-content\/uploads\/Axon-Media-Bialystok-2024_zaproszenie-od-Anter-System-1024x535.jpg\" alt=\"&#x62F;&#x639;&#x648;&#x629; &#x645;&#x646; &#x634;&#x631;&#x643;&#x629; Axon Media &#x628;&#x64A;&#x627;&#x633;&#x62A;&#x648;&#x643; 2024 &#x645;&#x646; Anter System\" class=\"wp-image-4284\" style=\"width:720px;height:auto\" srcset=\"https:\/\/antersystem.com\/wp-content\/uploads\/Axon-Media-Bialystok-2024_zaproszenie-od-Anter-System-1024x535.jpg 1024w, https:\/\/antersystem.com\/wp-content\/uploads\/Axon-Media-Bialystok-2024_zaproszenie-od-Anter-System-300x157.jpg 300w, https:\/\/antersystem.com\/wp-content\/uploads\/Axon-Media-Bialystok-2024_zaproszenie-od-Anter-System-768x401.jpg 768w, https:\/\/antersystem.com\/wp-content\/uploads\/Axon-Media-Bialystok-2024_zaproszenie-od-Anter-System-450x235.jpg 450w, https:\/\/antersystem.com\/wp-content\/uploads\/Axon-Media-Bialystok-2024_zaproszenie-od-Anter-System-330x172.jpg 330w, https:\/\/antersystem.com\/wp-content\/uploads\/Axon-Media-Bialystok-2024_zaproszenie-od-Anter-System.jpg 1200w\" sizes=\"auto, (max-width: 1024px) 100vw, 1024px\" \/><\/figure><\/div>","protected":false},"excerpt":{"rendered":"<p>\u062f\u0639\u0648\u0629 \u0644\u062d\u0636\u0648\u0631 \u0627\u0644\u0645\u0624\u062a\u0645\u0631 \u0627\u0644\u0630\u064a \u062a\u0646\u0638\u0645\u0647 Axon Media \u062f\u0639\u0648\u0629 \u0623\u062e\u0631\u0649 \u0645\u0646 Axon Media\u060c \u0648\u0647\u064a \u0645\u0646\u0638\u0645\u0629 \u062a\u062f\u0639\u0645 \u0628\u0646\u0634\u0627\u0637 \u0635\u0646\u0627\u0639\u0629 \u0627\u0644\u062e\u062f\u0645\u0627\u062a \u0627\u0644\u0644\u0648\u062c\u0633\u062a\u064a\u0629 \u0641\u064a \u062a\u0637\u0648\u0631\u0647\u0627. \u062a\u0648\u0641\u0631 \u0634\u0628\u0643\u0629 \u0627\u0644\u0645\u0624\u062a\u0645\u0631\u0627\u062a \u0627\u0644\u0648\u0637\u0646\u064a\u0629 \u0641\u0631\u0635\u0629 \u062b\u0645\u064a\u0646\u0629 \u0644\u0625\u0642\u0627\u0645\u0629 \u0639\u0644\u0627\u0642\u0627\u062a \u0639\u0645\u0644\u060c \u0648\u062a\u0628\u0627\u062f\u0644 \u0627\u0644\u062e\u0628\u0631\u0627\u062a\u060c \u0648\u062c\u0645\u0639 \u0627\u0644\u062a\u0639\u0644\u064a\u0642\u0627\u062a \u062d\u0648\u0644 \u0627\u0644\u0645\u0646\u062a\u062c\u0627\u062a\u060c \u0648\u0639\u0631\u0636\u0647\u0627 \u0639\u0644\u0649 \u062c\u0645\u0647\u0648\u0631 \u0645\u0647\u0646\u064a \u0623\u0648\u0633\u0639. \u0644\u0643\u0644 \u0642\u0637\u0627\u0639 \u0645\u0646 \u0642\u0637\u0627\u0639\u0627\u062a \u0627\u0644\u0627\u0642\u062a\u0635\u0627\u062f \u0645\u062a\u0637\u0644\u0628\u0627\u062a\u0647 \u0627\u0644\u062e\u0627\u0635\u0629 \u0641\u064a \u0627\u0644\u0625\u0646\u062a\u0627\u062c \u0648\u0627\u0644\u062a\u062e\u0632\u064a\u0646. \u0625\u0646 \u0627\u0644\u062a\u062d\u062f\u064a\u0627\u062a \u0627\u0644\u062a\u064a \u062a\u0648\u0627\u062c\u0647\u0647\u0627 [&hellip;]<\/p>\n","protected":false},"author":1,"featured_media":0,"parent":30526,"menu_order":0,"comment_status":"closed","ping_status":"closed","template":"","meta":{"inline_featured_image":false,"ngg_post_thumbnail":0,"footnotes":""},"class_list":["post-39621","page","type-page","status-publish","hentry"],"acf":[],"yoast_head":"<!-- This site is optimized with the Yoast SEO plugin v27.0 - https:\/\/yoast.com\/product\/yoast-seo-wordpress\/ -->\n<title>\u0627\u0644\u0645\u0624\u062a\u0645\u0631\u0627\u062a \u0627\u0644\u062a\u0642\u0646\u064a\u0629 - Anter System<\/title>\n<meta name=\"description\" content=\"\u064a\u0645\u0643\u0646\u0643 \u0627\u0644\u0645\u0634\u0627\u0631\u0643\u0629 \u0641\u064a \u0645\u0624\u062a\u0645\u0631 AxonMedia\u060c \u0627\u0644\u0630\u064a \u064a\u064f\u0639\u0642\u062f \u0641\u064a \u0628\u0648\u0644\u0646\u062f\u0627\u060c \u062d\u064a\u062b \u064a\u062a\u0645 \u062a\u0646\u0638\u064a\u0645\u0647 \u0641\u064a \u0625\u0637\u0627\u0631 \u0628\u0631\u0646\u0627\u0645\u062c \u0644\u0648\u062c\u0633\u062a\u064a \u0641\u064a \u0628\u0648\u0644\u0646\u062f\u0627. \u0634\u0627\u0647\u062f \u0627\u0644\u0645\u0624\u062a\u0645\u0631\u0627\u062a \u0641\u064a \u0628\u0648\u0644\u0646\u062f\u0627\" \/>\n<meta name=\"robots\" content=\"index, follow, max-snippet:-1, max-image-preview:large, max-video-preview:-1\" \/>\n<link rel=\"canonical\" href=\"https:\/\/antersystem.com\/ar\/news\/technical-conferences-2024\/\" \/>\n<meta property=\"og:locale\" content=\"ar_AR\" \/>\n<meta property=\"og:type\" content=\"article\" \/>\n<meta property=\"og:title\" content=\"\u0627\u0644\u0645\u0624\u062a\u0645\u0631\u0627\u062a \u0627\u0644\u062a\u0642\u0646\u064a\u0629 - Anter System\" \/>\n<meta property=\"og:description\" content=\"\u064a\u0645\u0643\u0646\u0643 \u0627\u0644\u0645\u0634\u0627\u0631\u0643\u0629 \u0641\u064a \u0645\u0624\u062a\u0645\u0631 AxonMedia\u060c \u0627\u0644\u0630\u064a \u064a\u064f\u0639\u0642\u062f \u0641\u064a \u0628\u0648\u0644\u0646\u062f\u0627\u060c \u062d\u064a\u062b \u064a\u062a\u0645 \u062a\u0646\u0638\u064a\u0645\u0647 \u0641\u064a \u0625\u0637\u0627\u0631 \u0628\u0631\u0646\u0627\u0645\u062c \u0644\u0648\u062c\u0633\u062a\u064a \u0641\u064a \u0628\u0648\u0644\u0646\u062f\u0627. \u0634\u0627\u0647\u062f \u0627\u0644\u0645\u0624\u062a\u0645\u0631\u0627\u062a \u0641\u064a \u0628\u0648\u0644\u0646\u062f\u0627\" \/>\n<meta property=\"og:url\" content=\"https:\/\/antersystem.com\/ar\/news\/technical-conferences-2024\/\" \/>\n<meta property=\"og:site_name\" content=\"Anter System\" \/>\n<meta property=\"article:modified_time\" content=\"2026-02-04T13:04:56+00:00\" \/>\n<meta property=\"og:image\" content=\"https:\/\/antersystem.com\/wp-content\/uploads\/Axon-Media-Bialystok-2024_zaproszenie-od-Anter-System-1024x535.jpg\" \/>\n<meta name=\"twitter:card\" content=\"summary_large_image\" \/>\n<script type=\"application\/ld+json\" class=\"yoast-schema-graph\">{\"@context\":\"https:\/\/schema.org\",\"@graph\":[{\"@type\":\"WebPage\",\"@id\":\"https:\/\/antersystem.com\/ar\/news\/technical-conferences-2024\/\",\"url\":\"https:\/\/antersystem.com\/ar\/news\/technical-conferences-2024\/\",\"name\":\"\u0627\u0644\u0645\u0624\u062a\u0645\u0631\u0627\u062a \u0627\u0644\u062a\u0642\u0646\u064a\u0629 - Anter System\",\"isPartOf\":{\"@id\":\"https:\/\/antersystem.com\/ar\/#website\"},\"primaryImageOfPage\":{\"@id\":\"https:\/\/antersystem.com\/ar\/news\/technical-conferences-2024\/#primaryimage\"},\"image\":{\"@id\":\"https:\/\/antersystem.com\/ar\/news\/technical-conferences-2024\/#primaryimage\"},\"thumbnailUrl\":\"https:\/\/antersystem.com\/wp-content\/uploads\/Axon-Media-Bialystok-2024_zaproszenie-od-Anter-System-1024x535.jpg\",\"datePublished\":\"2024-03-01T13:25:26+00:00\",\"dateModified\":\"2026-02-04T13:04:56+00:00\",\"description\":\"\u064a\u0645\u0643\u0646\u0643 \u0627\u0644\u0645\u0634\u0627\u0631\u0643\u0629 \u0641\u064a \u0645\u0624\u062a\u0645\u0631 AxonMedia\u060c \u0627\u0644\u0630\u064a \u064a\u064f\u0639\u0642\u062f \u0641\u064a \u0628\u0648\u0644\u0646\u062f\u0627\u060c \u062d\u064a\u062b \u064a\u062a\u0645 \u062a\u0646\u0638\u064a\u0645\u0647 \u0641\u064a \u0625\u0637\u0627\u0631 \u0628\u0631\u0646\u0627\u0645\u062c \u0644\u0648\u062c\u0633\u062a\u064a \u0641\u064a \u0628\u0648\u0644\u0646\u062f\u0627. \u0634\u0627\u0647\u062f \u0627\u0644\u0645\u0624\u062a\u0645\u0631\u0627\u062a \u0641\u064a \u0628\u0648\u0644\u0646\u062f\u0627\",\"breadcrumb\":{\"@id\":\"https:\/\/antersystem.com\/ar\/news\/technical-conferences-2024\/#breadcrumb\"},\"inLanguage\":\"ar\",\"potentialAction\":[{\"@type\":\"ReadAction\",\"target\":[\"https:\/\/antersystem.com\/ar\/news\/technical-conferences-2024\/\"]}]},{\"@type\":\"ImageObject\",\"inLanguage\":\"ar\",\"@id\":\"https:\/\/antersystem.com\/ar\/news\/technical-conferences-2024\/#primaryimage\",\"url\":\"https:\/\/antersystem.com\/wp-content\/uploads\/Axon-Media-Bialystok-2024_zaproszenie-od-Anter-System-1024x535.jpg\",\"contentUrl\":\"https:\/\/antersystem.com\/wp-content\/uploads\/Axon-Media-Bialystok-2024_zaproszenie-od-Anter-System-1024x535.jpg\"},{\"@type\":\"BreadcrumbList\",\"@id\":\"https:\/\/antersystem.com\/ar\/news\/technical-conferences-2024\/#breadcrumb\",\"itemListElement\":[{\"@type\":\"ListItem\",\"position\":1,\"name\":\"AnterSystem\",\"item\":\"https:\/\/antersystem.com\/ar\/\"},{\"@type\":\"ListItem\",\"position\":2,\"name\":\"\u0627\u0644\u0623\u062e\u0628\u0627\u0631\",\"item\":\"https:\/\/antersystem.com\/ar\/news\/\"},{\"@type\":\"ListItem\",\"position\":3,\"name\":\"\u0627\u0644\u0645\u0624\u062a\u0645\u0631\u0627\u062a \u0627\u0644\u062a\u0642\u0646\u064a\u0629\"}]},{\"@type\":\"WebSite\",\"@id\":\"https:\/\/antersystem.com\/ar\/#website\",\"url\":\"https:\/\/antersystem.com\/ar\/\",\"name\":\"Anter System\",\"description\":\"Jeste\u015bmy polskim producentem elastycznych barier ochronnych wykonywanych z polimerowych tworzyw sztucznych. Na rynku krajowym i zagranicznym dzia\u0142amy od ponad 15 lat dbaj\u0105c o zapewnienie bezpiecze\u0144stwa w zak\u0142adach produkcyjnych, magazynach oraz centrach logistycznych.\",\"potentialAction\":[{\"@type\":\"SearchAction\",\"target\":{\"@type\":\"EntryPoint\",\"urlTemplate\":\"https:\/\/antersystem.com\/ar\/?s={search_term_string}\"},\"query-input\":{\"@type\":\"PropertyValueSpecification\",\"valueRequired\":true,\"valueName\":\"search_term_string\"}}],\"inLanguage\":\"ar\"}]}<\/script>\n<!-- \/ Yoast SEO plugin. -->","yoast_head_json":{"title":"\u0627\u0644\u0645\u0624\u062a\u0645\u0631\u0627\u062a \u0627\u0644\u062a\u0642\u0646\u064a\u0629 - Anter System","description":"\u064a\u0645\u0643\u0646\u0643 \u0627\u0644\u0645\u0634\u0627\u0631\u0643\u0629 \u0641\u064a \u0645\u0624\u062a\u0645\u0631 AxonMedia\u060c \u0627\u0644\u0630\u064a \u064a\u064f\u0639\u0642\u062f \u0641\u064a \u0628\u0648\u0644\u0646\u062f\u0627\u060c \u062d\u064a\u062b \u064a\u062a\u0645 \u062a\u0646\u0638\u064a\u0645\u0647 \u0641\u064a \u0625\u0637\u0627\u0631 \u0628\u0631\u0646\u0627\u0645\u062c \u0644\u0648\u062c\u0633\u062a\u064a \u0641\u064a \u0628\u0648\u0644\u0646\u062f\u0627. \u0634\u0627\u0647\u062f \u0627\u0644\u0645\u0624\u062a\u0645\u0631\u0627\u062a \u0641\u064a \u0628\u0648\u0644\u0646\u062f\u0627","robots":{"index":"index","follow":"follow","max-snippet":"max-snippet:-1","max-image-preview":"max-image-preview:large","max-video-preview":"max-video-preview:-1"},"canonical":"https:\/\/antersystem.com\/ar\/news\/technical-conferences-2024\/","og_locale":"ar_AR","og_type":"article","og_title":"\u0627\u0644\u0645\u0624\u062a\u0645\u0631\u0627\u062a \u0627\u0644\u062a\u0642\u0646\u064a\u0629 - Anter System","og_description":"\u064a\u0645\u0643\u0646\u0643 \u0627\u0644\u0645\u0634\u0627\u0631\u0643\u0629 \u0641\u064a \u0645\u0624\u062a\u0645\u0631 AxonMedia\u060c \u0627\u0644\u0630\u064a \u064a\u064f\u0639\u0642\u062f \u0641\u064a \u0628\u0648\u0644\u0646\u062f\u0627\u060c \u062d\u064a\u062b \u064a\u062a\u0645 \u062a\u0646\u0638\u064a\u0645\u0647 \u0641\u064a \u0625\u0637\u0627\u0631 \u0628\u0631\u0646\u0627\u0645\u062c \u0644\u0648\u062c\u0633\u062a\u064a \u0641\u064a \u0628\u0648\u0644\u0646\u062f\u0627. \u0634\u0627\u0647\u062f \u0627\u0644\u0645\u0624\u062a\u0645\u0631\u0627\u062a \u0641\u064a \u0628\u0648\u0644\u0646\u062f\u0627","og_url":"https:\/\/antersystem.com\/ar\/news\/technical-conferences-2024\/","og_site_name":"Anter System","article_modified_time":"2026-02-04T13:04:56+00:00","og_image":[{"url":"https:\/\/antersystem.com\/wp-content\/uploads\/Axon-Media-Bialystok-2024_zaproszenie-od-Anter-System-1024x535.jpg","type":"","width":"","height":""}],"twitter_card":"summary_large_image","schema":{"@context":"https:\/\/schema.org","@graph":[{"@type":"WebPage","@id":"https:\/\/antersystem.com\/ar\/news\/technical-conferences-2024\/","url":"https:\/\/antersystem.com\/ar\/news\/technical-conferences-2024\/","name":"\u0627\u0644\u0645\u0624\u062a\u0645\u0631\u0627\u062a \u0627\u0644\u062a\u0642\u0646\u064a\u0629 - Anter System","isPartOf":{"@id":"https:\/\/antersystem.com\/ar\/#website"},"primaryImageOfPage":{"@id":"https:\/\/antersystem.com\/ar\/news\/technical-conferences-2024\/#primaryimage"},"image":{"@id":"https:\/\/antersystem.com\/ar\/news\/technical-conferences-2024\/#primaryimage"},"thumbnailUrl":"https:\/\/antersystem.com\/wp-content\/uploads\/Axon-Media-Bialystok-2024_zaproszenie-od-Anter-System-1024x535.jpg","datePublished":"2024-03-01T13:25:26+00:00","dateModified":"2026-02-04T13:04:56+00:00","description":"\u064a\u0645\u0643\u0646\u0643 \u0627\u0644\u0645\u0634\u0627\u0631\u0643\u0629 \u0641\u064a \u0645\u0624\u062a\u0645\u0631 AxonMedia\u060c \u0627\u0644\u0630\u064a \u064a\u064f\u0639\u0642\u062f \u0641\u064a \u0628\u0648\u0644\u0646\u062f\u0627\u060c \u062d\u064a\u062b \u064a\u062a\u0645 \u062a\u0646\u0638\u064a\u0645\u0647 \u0641\u064a \u0625\u0637\u0627\u0631 \u0628\u0631\u0646\u0627\u0645\u062c \u0644\u0648\u062c\u0633\u062a\u064a \u0641\u064a \u0628\u0648\u0644\u0646\u062f\u0627. \u0634\u0627\u0647\u062f \u0627\u0644\u0645\u0624\u062a\u0645\u0631\u0627\u062a \u0641\u064a \u0628\u0648\u0644\u0646\u062f\u0627","breadcrumb":{"@id":"https:\/\/antersystem.com\/ar\/news\/technical-conferences-2024\/#breadcrumb"},"inLanguage":"ar","potentialAction":[{"@type":"ReadAction","target":["https:\/\/antersystem.com\/ar\/news\/technical-conferences-2024\/"]}]},{"@type":"ImageObject","inLanguage":"ar","@id":"https:\/\/antersystem.com\/ar\/news\/technical-conferences-2024\/#primaryimage","url":"https:\/\/antersystem.com\/wp-content\/uploads\/Axon-Media-Bialystok-2024_zaproszenie-od-Anter-System-1024x535.jpg","contentUrl":"https:\/\/antersystem.com\/wp-content\/uploads\/Axon-Media-Bialystok-2024_zaproszenie-od-Anter-System-1024x535.jpg"},{"@type":"BreadcrumbList","@id":"https:\/\/antersystem.com\/ar\/news\/technical-conferences-2024\/#breadcrumb","itemListElement":[{"@type":"ListItem","position":1,"name":"AnterSystem","item":"https:\/\/antersystem.com\/ar\/"},{"@type":"ListItem","position":2,"name":"\u0627\u0644\u0623\u062e\u0628\u0627\u0631","item":"https:\/\/antersystem.com\/ar\/news\/"},{"@type":"ListItem","position":3,"name":"\u0627\u0644\u0645\u0624\u062a\u0645\u0631\u0627\u062a \u0627\u0644\u062a\u0642\u0646\u064a\u0629"}]},{"@type":"WebSite","@id":"https:\/\/antersystem.com\/ar\/#website","url":"https:\/\/antersystem.com\/ar\/","name":"Anter System","description":"Jeste\u015bmy polskim producentem elastycznych barier ochronnych wykonywanych z polimerowych tworzyw sztucznych. Na rynku krajowym i zagranicznym dzia\u0142amy od ponad 15 lat dbaj\u0105c o zapewnienie bezpiecze\u0144stwa w zak\u0142adach produkcyjnych, magazynach oraz centrach logistycznych.","potentialAction":[{"@type":"SearchAction","target":{"@type":"EntryPoint","urlTemplate":"https:\/\/antersystem.com\/ar\/?s={search_term_string}"},"query-input":{"@type":"PropertyValueSpecification","valueRequired":true,"valueName":"search_term_string"}}],"inLanguage":"ar"}]}},"_links":{"self":[{"href":"https:\/\/antersystem.com\/ar\/wp-json\/wp\/v2\/pages\/39621","targetHints":{"allow":["GET"]}}],"collection":[{"href":"https:\/\/antersystem.com\/ar\/wp-json\/wp\/v2\/pages"}],"about":[{"href":"https:\/\/antersystem.com\/ar\/wp-json\/wp\/v2\/types\/page"}],"author":[{"embeddable":true,"href":"https:\/\/antersystem.com\/ar\/wp-json\/wp\/v2\/users\/1"}],"replies":[{"embeddable":true,"href":"https:\/\/antersystem.com\/ar\/wp-json\/wp\/v2\/comments?post=39621"}],"version-history":[{"count":1,"href":"https:\/\/antersystem.com\/ar\/wp-json\/wp\/v2\/pages\/39621\/revisions"}],"predecessor-version":[{"id":39623,"href":"https:\/\/antersystem.com\/ar\/wp-json\/wp\/v2\/pages\/39621\/revisions\/39623"}],"up":[{"embeddable":true,"href":"https:\/\/antersystem.com\/ar\/wp-json\/wp\/v2\/pages\/30526"}],"wp:attachment":[{"href":"https:\/\/antersystem.com\/ar\/wp-json\/wp\/v2\/media?parent=39621"}],"curies":[{"name":"wp","href":"https:\/\/api.w.org\/{rel}","templated":true}]}}