{"id":39693,"date":"2024-02-28T09:18:11","date_gmt":"2024-02-28T08:18:11","guid":{"rendered":"https:\/\/antersystem.com\/news\/mid-magazine-visions-of-safety-wizje-bezpieczenstwa\/"},"modified":"2026-02-04T14:07:13","modified_gmt":"2026-02-04T13:07:13","slug":"mid-magazine-visions-of-safety-wizje-bezpieczenstwa","status":"publish","type":"page","link":"https:\/\/antersystem.com\/ar\/news\/mid-magazine-visions-of-safety-wizje-bezpieczenstwa\/","title":{"rendered":"\u0645\u062c\u0644\u0629 MID &#8211; &#8220;\u0631\u0624\u0649 \u0627\u0644\u0633\u0644\u0627\u0645\u0629&#8221; &#8211; &#8220;Wizje \u0431\u0435\u0437\u043e\u043f\u0430\u0441\u043d\u043e\u0441\u0442\u0438&#8221;"},"content":{"rendered":"\n<div class=\"wp-block-columns is-layout-flex wp-container-core-columns-is-layout-9d6595d7 wp-block-columns-is-layout-flex\">\n<div class=\"wp-block-column is-layout-flow wp-block-column-is-layout-flow\" style=\"flex-basis:10%\"><\/div>\n\n\n\n<div class=\"wp-block-column is-layout-flow wp-block-column-is-layout-flow\">\n<h3 class=\"wp-block-heading\">MID 97 &#8211; \u0627\u0644\u0625\u0635\u062f\u0627\u0631 \u0627\u0644\u0623\u0648\u0644 \u0645\u0646 \u0639\u0627\u0645 2024. \u0645\u0627 \u0627\u0644\u0630\u064a \u064a\u062c\u0628 \u0623\u0646 \u064a\u0631\u0634\u062f\u0643 \u0644\u0636\u0645\u0627\u0646 \u0627\u0633\u062a\u064a\u0641\u0627\u0621 \u0627\u0644\u0645\u0633\u0627\u062d\u0629 \u0644\u0645\u062a\u0637\u0644\u0628\u0627\u062a \u0627\u0644\u0633\u0644\u0627\u0645\u0629\u061f <\/h3>\n\n\n\n<p>\u064a\u062d\u062a\u0648\u064a \u0627\u0644\u0639\u062f\u062f \u0627\u0644\u0623\u062e\u064a\u0631 \u0645\u0646 \u0645\u062c\u0644\u0629 MID \u0639\u0644\u0649 \u0645\u0642\u0627\u0644 \u0627\u0641\u062a\u062a\u0627\u062d\u064a \u064a\u0645\u0643\u0646 \u0627\u0644\u062a\u0639\u0627\u0645\u0644 \u0645\u0639\u0647 \u0639\u0644\u0649 \u0623\u0646\u0647 \u0643\u062a\u064a\u0628 \u0644\u0644\u0635\u062d\u0629 \u0648\u0627\u0644\u0633\u0644\u0627\u0645\u0629 \u0644\u0645\u062e\u0637\u0637\u064a \u0645\u0633\u0627\u062d\u0627\u062a \u0627\u0644\u0645\u0633\u062a\u0648\u062f\u0639\u0627\u062a. \u0648\u064a\u0623\u062e\u0630 \u0627\u0644\u0645\u0642\u0627\u0644 \u0641\u064a \u0627\u0644\u0627\u0639\u062a\u0628\u0627\u0631 \u062a\u062f\u0627\u0628\u064a\u0631 \u0627\u0644\u0633\u0644\u0627\u0645\u0629 \u0627\u0644\u0645\u062a\u0639\u0644\u0642\u0629 \u0628\u0627\u0644\u062a\u062e\u0637\u064a\u0637 \u0627\u0644\u0645\u0643\u0627\u0646\u064a \u0648\u0627\u0644\u0625\u0636\u0627\u0621\u0629 \u0648\u0627\u0644\u0631\u0637\u0648\u0628\u0629 \u0648\u0644\u0648\u0627\u0626\u062d \u0627\u0644\u0635\u062d\u0629 \u0648\u0627\u0644\u0633\u0644\u0627\u0645\u0629 \u0627\u0644\u0645\u0647\u0646\u064a\u0629 \u0648\u062d\u0631\u0643\u0629 \u0645\u0631\u0648\u0631 \u0627\u0644\u0645\u0631\u0643\u0628\u0627\u062a. \u0643\u0645\u0627 \u064a\u062e\u0635\u0635 \u062c\u0632\u0621 \u0643\u0628\u064a\u0631 \u0645\u0646\u0647\u0627 \u0644\u062d\u0645\u0627\u064a\u0629 \u0627\u0644\u0645\u0646\u0627\u0637\u0642 \u0627\u0644\u062a\u064a \u062a\u0632\u062f\u0627\u062f \u0641\u064a\u0647\u0627 \u0645\u062e\u0627\u0637\u0631 \u0627\u0644\u062a\u0635\u0627\u062f\u0645. \u0648\u0647\u0646\u0627\u060c \u064a\u0642\u062f\u0645 \u0645\u062f\u064a\u0631 \u0627\u0644\u0645\u0634\u0631\u0648\u0639 \u0645\u0646 \u0634\u0631\u0643\u0629 Anter System \u0627\u0644\u062f\u0639\u0645 \u0645\u0646 \u062e\u0644\u0627\u0644 \u0627\u0644\u0625\u0634\u0627\u0631\u0629 &#8211; \u0628\u0627\u0633\u062a\u062e\u062f\u0627\u0645 \u062d\u0648\u0627\u062c\u0632 \u0627\u0644\u0633\u0644\u0627\u0645\u0629 \u0627\u0644\u0645\u0631\u0646\u0629 \u0643\u0645\u062b\u0627\u0644 &#8211; \u0625\u0644\u0649 \u0623\u0646\u0648\u0627\u0639 \u0627\u0644\u0645\u062e\u0627\u0637\u0631 \u0627\u0644\u062a\u064a \u064a\u0645\u0643\u0646 \u0645\u0648\u0627\u062c\u0647\u062a\u0647\u0627 \u0641\u064a \u0627\u0644\u0639\u0645\u0644 \u0627\u0644\u064a\u0648\u0645\u064a. \u062a\u062a\u0646\u0627\u0648\u0644 \u0627\u0644\u0645\u0642\u0627\u0644\u0629 \u0623\u064a\u0636\u064b\u0627 \u062a\u062f\u0627\u0628\u064a\u0631 \u0627\u0644\u062d\u0645\u0627\u064a\u0629 \u0627\u0644\u0623\u0643\u062b\u0631 \u062a\u0642\u062f\u0645\u064b\u0627 \u0645\u062b\u0644 \u0623\u062a\u0645\u062a\u0629 \u0627\u0644\u0639\u0645\u0644\u064a\u0627\u062a \u0648\u0627\u0633\u062a\u062e\u062f\u0627\u0645 \u0627\u0644\u0637\u0627\u0626\u0631\u0627\u062a \u0628\u062f\u0648\u0646 \u0637\u064a\u0627\u0631 \u0644\u0625\u062f\u0627\u0631\u0629 \u0627\u0644\u0645\u062e\u0632\u0648\u0646.    <\/p>\n<p>\u064a\u062d\u062f\u062f \u0627\u0644\u0645\u062d\u0631\u0631\u0648\u0646 \u062a\u062f\u0627\u0628\u064a\u0631 \u0627\u0644\u0633\u0644\u0627\u0645\u0629 \u0648\u0641\u0642\u064b\u0627 \u0644\u0637\u0628\u064a\u0639\u062a\u0647\u0627 \u0627\u0644\u0646\u0634\u0637\u0629 \u0623\u0648 \u0627\u0644\u0633\u0644\u0628\u064a\u0629. \u062a\u0646\u062f\u0631\u062c \u062d\u0648\u0627\u062c\u0632 \u0627\u0644\u0633\u0644\u0627\u0645\u0629 \u0627\u0644\u0645\u0631\u0646\u0629 \u0636\u0645\u0646 \u0627\u0644\u0641\u0626\u0629 \u0627\u0644\u0623\u062e\u064a\u0631\u0629\u060c \u0648\u0647\u0648 \u0645\u0627 \u0644\u0627 \u064a\u0642\u0644\u0644 \u0628\u0623\u064a \u062d\u0627\u0644 \u0645\u0646 \u0627\u0644\u0623\u062d\u0648\u0627\u0644 \u0645\u0646 \u0623\u0648\u0644\u0648\u064a\u0629 \u062a\u0637\u0628\u064a\u0642\u0647\u0627. \u0645\u0639 \u0648\u062c\u0648\u062f \u0647\u0630\u0647 \u0627\u0644\u0645\u0642\u0627\u0644\u0629 \u0641\u064a \u0645\u062a\u0646\u0627\u0648\u0644 \u0627\u0644\u064a\u062f\u060c \u064a\u0645\u0643\u0646 \u0644\u0644\u0642\u0631\u0627\u0621 \u0625\u0639\u0627\u062f\u0629 \u062a\u0642\u064a\u064a\u0645 \u0645\u0639\u0631\u0641\u062a\u0647\u0645 \u0628\u062a\u062e\u0637\u064a\u0637 \u0627\u0644\u0645\u0633\u0627\u062d\u0627\u062a \u0645\u0646 \u062d\u064a\u062b \u0627\u0644\u0627\u0633\u062a\u062e\u062f\u0627\u0645 \u0627\u0644\u0641\u0639\u0627\u0644 \u0644\u0647\u0627 \u0648\u0627\u0644\u0639\u0645\u0644\u064a\u0627\u062a \u0627\u0644\u062a\u064a \u062a\u062a\u0645 \u062f\u0627\u062e\u0644\u0647\u0627.  <\/p>\n<p>\u0646\u062a\u0645\u0646\u0649 \u0644\u0643 \u0642\u0631\u0627\u0621\u0629 \u0645\u0645\u062a\u0639\u0629!<\/p>\n<\/div>\n\n\n\n<div class=\"wp-block-column is-layout-flow wp-block-column-is-layout-flow\" style=\"flex-basis:10%\"><\/div>\n<\/div>\n\n<div data-wp-interactive=\"core\/file\" class=\"wp-block-file\"><object data-wp-bind--hidden=\"!state.hasPdfPreview\" hidden class=\"wp-block-file__embed\" data=\"https:\/\/antersystem.com\/wp-content\/uploads\/MID_97_1_2024-Anter-System.pdf\" type=\"application\/pdf\" style=\"width:100%;height:600px\" aria-label=\"\u062a\u0636\u0645\u064a\u0646 MID_97_1_2024-Anter-System.\"><\/object><a id=\"wp-block-file--media-c4a79965-4313-4b68-8827-3aa81c41db0a\" href=\"https:\/\/antersystem.com\/wp-content\/uploads\/MID_97_1_2024-Anter-System.pdf\">MID_97_1_2024-Anter-System<\/a><a href=\"https:\/\/antersystem.com\/wp-content\/uploads\/MID_97_1_2024-Anter-System.pdf\" class=\"wp-block-file__button wp-element-button\" download=\"\" aria-describedby=\"wp-block-file--media-c4a79965-4313-4b68-8827-3aa81c41db0a\">\u062a\u0646\u0632\u064a\u0644<\/a><\/div>\n","protected":false},"excerpt":{"rendered":"<p>MID 97 &#8211; \u0627\u0644\u0625\u0635\u062f\u0627\u0631 \u0627\u0644\u0623\u0648\u0644 \u0645\u0646 \u0639\u0627\u0645 2024. \u0645\u0627 \u0627\u0644\u0630\u064a \u064a\u062c\u0628 \u0623\u0646 \u064a\u0631\u0634\u062f\u0643 \u0644\u0636\u0645\u0627\u0646 \u0627\u0633\u062a\u064a\u0641\u0627\u0621 \u0627\u0644\u0645\u0633\u0627\u062d\u0629 \u0644\u0645\u062a\u0637\u0644\u0628\u0627\u062a \u0627\u0644\u0633\u0644\u0627\u0645\u0629\u061f \u064a\u062d\u062a\u0648\u064a \u0627\u0644\u0639\u062f\u062f \u0627\u0644\u0623\u062e\u064a\u0631 \u0645\u0646 \u0645\u062c\u0644\u0629 MID \u0639\u0644\u0649 \u0645\u0642\u0627\u0644 \u0627\u0641\u062a\u062a\u0627\u062d\u064a \u064a\u0645\u0643\u0646 \u0627\u0644\u062a\u0639\u0627\u0645\u0644 \u0645\u0639\u0647 \u0639\u0644\u0649 \u0623\u0646\u0647 \u0643\u062a\u064a\u0628 \u0644\u0644\u0635\u062d\u0629 \u0648\u0627\u0644\u0633\u0644\u0627\u0645\u0629 \u0644\u0645\u062e\u0637\u0637\u064a \u0645\u0633\u0627\u062d\u0627\u062a \u0627\u0644\u0645\u0633\u062a\u0648\u062f\u0639\u0627\u062a. \u0648\u064a\u0623\u062e\u0630 \u0627\u0644\u0645\u0642\u0627\u0644 \u0641\u064a \u0627\u0644\u0627\u0639\u062a\u0628\u0627\u0631 \u062a\u062f\u0627\u0628\u064a\u0631 \u0627\u0644\u0633\u0644\u0627\u0645\u0629 \u0627\u0644\u0645\u062a\u0639\u0644\u0642\u0629 \u0628\u0627\u0644\u062a\u062e\u0637\u064a\u0637 \u0627\u0644\u0645\u0643\u0627\u0646\u064a \u0648\u0627\u0644\u0625\u0636\u0627\u0621\u0629 \u0648\u0627\u0644\u0631\u0637\u0648\u0628\u0629 \u0648\u0644\u0648\u0627\u0626\u062d \u0627\u0644\u0635\u062d\u0629 \u0648\u0627\u0644\u0633\u0644\u0627\u0645\u0629 \u0627\u0644\u0645\u0647\u0646\u064a\u0629 \u0648\u062d\u0631\u0643\u0629 \u0645\u0631\u0648\u0631 [&hellip;]<\/p>\n","protected":false},"author":1,"featured_media":0,"parent":30526,"menu_order":0,"comment_status":"closed","ping_status":"closed","template":"","meta":{"inline_featured_image":false,"ngg_post_thumbnail":0,"footnotes":""},"class_list":["post-39693","page","type-page","status-publish","hentry"],"acf":[],"yoast_head":"<!-- This site is optimized with the Yoast SEO plugin v27.0 - https:\/\/yoast.com\/product\/yoast-seo-wordpress\/ -->\n<title>\u0645\u062c\u0644\u0629 MID - &quot;\u0631\u0624\u0649 \u0627\u0644\u0633\u0644\u0627\u0645\u0629&quot; - &quot;Wizje \u0431\u0435\u0437\u043e\u043f\u0430\u0441\u043d\u043e\u0441\u0442\u0438&quot; - Anter System<\/title>\n<meta name=\"description\" content=\"MID 97 - \u0627\u0644\u0625\u0635\u062f\u0627\u0631 \u0627\u0644\u0623\u0648\u0644 \u0645\u0646 \u0639\u0627\u0645 2024. \u0645\u0627 \u0627\u0644\u0630\u064a \u064a\u062c\u0628 \u0623\u0646 \u064a\u0631\u0634\u062f\u0643 \u0644\u0636\u0645\u0627\u0646 \u0627\u0633\u062a\u064a\u0641\u0627\u0621 \u0627\u0644\u0645\u0633\u0627\u062d\u0629 \u0644\u0645\u062a\u0637\u0644\u0628\u0627\u062a \u0627\u0644\u0633\u0644\u0627\u0645\u0629\u061f \u064a\u062d\u062a\u0648\u064a \u0627\u0644\u0639\u062f\u062f \u0627\u0644\u0623\u062e\u064a\u0631 \u0645\u0646 \u0645\u062c\u0644\u0629 MID \u0639\u0644\u0649 \u0645\u0642\u0627\u0644 \u0627\u0641\u062a\u062a\u0627\u062d\u064a \u064a\u0645\u0643\u0646\" \/>\n<meta name=\"robots\" content=\"index, follow, max-snippet:-1, max-image-preview:large, max-video-preview:-1\" \/>\n<link rel=\"canonical\" href=\"https:\/\/antersystem.com\/ar\/news\/mid-magazine-visions-of-safety-wizje-bezpieczenstwa\/\" \/>\n<meta property=\"og:locale\" content=\"ar_AR\" \/>\n<meta property=\"og:type\" content=\"article\" \/>\n<meta property=\"og:title\" content=\"\u0645\u062c\u0644\u0629 MID - &quot;\u0631\u0624\u0649 \u0627\u0644\u0633\u0644\u0627\u0645\u0629&quot; - &quot;Wizje \u0431\u0435\u0437\u043e\u043f\u0430\u0441\u043d\u043e\u0441\u0442\u0438&quot; - Anter System\" \/>\n<meta property=\"og:description\" content=\"MID 97 - \u0627\u0644\u0625\u0635\u062f\u0627\u0631 \u0627\u0644\u0623\u0648\u0644 \u0645\u0646 \u0639\u0627\u0645 2024. \u0645\u0627 \u0627\u0644\u0630\u064a \u064a\u062c\u0628 \u0623\u0646 \u064a\u0631\u0634\u062f\u0643 \u0644\u0636\u0645\u0627\u0646 \u0627\u0633\u062a\u064a\u0641\u0627\u0621 \u0627\u0644\u0645\u0633\u0627\u062d\u0629 \u0644\u0645\u062a\u0637\u0644\u0628\u0627\u062a \u0627\u0644\u0633\u0644\u0627\u0645\u0629\u061f \u064a\u062d\u062a\u0648\u064a \u0627\u0644\u0639\u062f\u062f \u0627\u0644\u0623\u062e\u064a\u0631 \u0645\u0646 \u0645\u062c\u0644\u0629 MID \u0639\u0644\u0649 \u0645\u0642\u0627\u0644 \u0627\u0641\u062a\u062a\u0627\u062d\u064a \u064a\u0645\u0643\u0646\" \/>\n<meta property=\"og:url\" content=\"https:\/\/antersystem.com\/ar\/news\/mid-magazine-visions-of-safety-wizje-bezpieczenstwa\/\" \/>\n<meta property=\"og:site_name\" content=\"Anter System\" \/>\n<meta property=\"article:modified_time\" content=\"2026-02-04T13:07:13+00:00\" \/>\n<meta name=\"twitter:card\" content=\"summary_large_image\" \/>\n<script type=\"application\/ld+json\" class=\"yoast-schema-graph\">{\"@context\":\"https:\/\/schema.org\",\"@graph\":[{\"@type\":\"WebPage\",\"@id\":\"https:\/\/antersystem.com\/ar\/news\/mid-magazine-visions-of-safety-wizje-bezpieczenstwa\/\",\"url\":\"https:\/\/antersystem.com\/ar\/news\/mid-magazine-visions-of-safety-wizje-bezpieczenstwa\/\",\"name\":\"\u0645\u062c\u0644\u0629 MID - \\\"\u0631\u0624\u0649 \u0627\u0644\u0633\u0644\u0627\u0645\u0629\\\" - \\\"Wizje \u0431\u0435\u0437\u043e\u043f\u0430\u0441\u043d\u043e\u0441\u0442\u0438\\\" - Anter System\",\"isPartOf\":{\"@id\":\"https:\/\/antersystem.com\/ar\/#website\"},\"datePublished\":\"2024-02-28T08:18:11+00:00\",\"dateModified\":\"2026-02-04T13:07:13+00:00\",\"description\":\"MID 97 - \u0627\u0644\u0625\u0635\u062f\u0627\u0631 \u0627\u0644\u0623\u0648\u0644 \u0645\u0646 \u0639\u0627\u0645 2024. \u0645\u0627 \u0627\u0644\u0630\u064a \u064a\u062c\u0628 \u0623\u0646 \u064a\u0631\u0634\u062f\u0643 \u0644\u0636\u0645\u0627\u0646 \u0627\u0633\u062a\u064a\u0641\u0627\u0621 \u0627\u0644\u0645\u0633\u0627\u062d\u0629 \u0644\u0645\u062a\u0637\u0644\u0628\u0627\u062a \u0627\u0644\u0633\u0644\u0627\u0645\u0629\u061f \u064a\u062d\u062a\u0648\u064a \u0627\u0644\u0639\u062f\u062f \u0627\u0644\u0623\u062e\u064a\u0631 \u0645\u0646 \u0645\u062c\u0644\u0629 MID \u0639\u0644\u0649 \u0645\u0642\u0627\u0644 \u0627\u0641\u062a\u062a\u0627\u062d\u064a \u064a\u0645\u0643\u0646\",\"breadcrumb\":{\"@id\":\"https:\/\/antersystem.com\/ar\/news\/mid-magazine-visions-of-safety-wizje-bezpieczenstwa\/#breadcrumb\"},\"inLanguage\":\"ar\",\"potentialAction\":[{\"@type\":\"ReadAction\",\"target\":[\"https:\/\/antersystem.com\/ar\/news\/mid-magazine-visions-of-safety-wizje-bezpieczenstwa\/\"]}]},{\"@type\":\"BreadcrumbList\",\"@id\":\"https:\/\/antersystem.com\/ar\/news\/mid-magazine-visions-of-safety-wizje-bezpieczenstwa\/#breadcrumb\",\"itemListElement\":[{\"@type\":\"ListItem\",\"position\":1,\"name\":\"AnterSystem\",\"item\":\"https:\/\/antersystem.com\/ar\/\"},{\"@type\":\"ListItem\",\"position\":2,\"name\":\"\u0627\u0644\u0623\u062e\u0628\u0627\u0631\",\"item\":\"https:\/\/antersystem.com\/ar\/news\/\"},{\"@type\":\"ListItem\",\"position\":3,\"name\":\"\u0645\u062c\u0644\u0629 MID &#8211; &#8220;\u0631\u0624\u0649 \u0627\u0644\u0633\u0644\u0627\u0645\u0629&#8221; &#8211; &#8220;Wizje \u0431\u0435\u0437\u043e\u043f\u0430\u0441\u043d\u043e\u0441\u0442\u0438&#8221;\"}]},{\"@type\":\"WebSite\",\"@id\":\"https:\/\/antersystem.com\/ar\/#website\",\"url\":\"https:\/\/antersystem.com\/ar\/\",\"name\":\"Anter System\",\"description\":\"Jeste\u015bmy polskim producentem elastycznych barier ochronnych wykonywanych z polimerowych tworzyw sztucznych. Na rynku krajowym i zagranicznym dzia\u0142amy od ponad 15 lat dbaj\u0105c o zapewnienie bezpiecze\u0144stwa w zak\u0142adach produkcyjnych, magazynach oraz centrach logistycznych.\",\"potentialAction\":[{\"@type\":\"SearchAction\",\"target\":{\"@type\":\"EntryPoint\",\"urlTemplate\":\"https:\/\/antersystem.com\/ar\/?s={search_term_string}\"},\"query-input\":{\"@type\":\"PropertyValueSpecification\",\"valueRequired\":true,\"valueName\":\"search_term_string\"}}],\"inLanguage\":\"ar\"}]}<\/script>\n<!-- \/ Yoast SEO plugin. -->","yoast_head_json":{"title":"\u0645\u062c\u0644\u0629 MID - \"\u0631\u0624\u0649 \u0627\u0644\u0633\u0644\u0627\u0645\u0629\" - \"Wizje \u0431\u0435\u0437\u043e\u043f\u0430\u0441\u043d\u043e\u0441\u0442\u0438\" - Anter System","description":"MID 97 - \u0627\u0644\u0625\u0635\u062f\u0627\u0631 \u0627\u0644\u0623\u0648\u0644 \u0645\u0646 \u0639\u0627\u0645 2024. \u0645\u0627 \u0627\u0644\u0630\u064a \u064a\u062c\u0628 \u0623\u0646 \u064a\u0631\u0634\u062f\u0643 \u0644\u0636\u0645\u0627\u0646 \u0627\u0633\u062a\u064a\u0641\u0627\u0621 \u0627\u0644\u0645\u0633\u0627\u062d\u0629 \u0644\u0645\u062a\u0637\u0644\u0628\u0627\u062a \u0627\u0644\u0633\u0644\u0627\u0645\u0629\u061f \u064a\u062d\u062a\u0648\u064a \u0627\u0644\u0639\u062f\u062f \u0627\u0644\u0623\u062e\u064a\u0631 \u0645\u0646 \u0645\u062c\u0644\u0629 MID \u0639\u0644\u0649 \u0645\u0642\u0627\u0644 \u0627\u0641\u062a\u062a\u0627\u062d\u064a \u064a\u0645\u0643\u0646","robots":{"index":"index","follow":"follow","max-snippet":"max-snippet:-1","max-image-preview":"max-image-preview:large","max-video-preview":"max-video-preview:-1"},"canonical":"https:\/\/antersystem.com\/ar\/news\/mid-magazine-visions-of-safety-wizje-bezpieczenstwa\/","og_locale":"ar_AR","og_type":"article","og_title":"\u0645\u062c\u0644\u0629 MID - \"\u0631\u0624\u0649 \u0627\u0644\u0633\u0644\u0627\u0645\u0629\" - \"Wizje \u0431\u0435\u0437\u043e\u043f\u0430\u0441\u043d\u043e\u0441\u0442\u0438\" - Anter System","og_description":"MID 97 - \u0627\u0644\u0625\u0635\u062f\u0627\u0631 \u0627\u0644\u0623\u0648\u0644 \u0645\u0646 \u0639\u0627\u0645 2024. \u0645\u0627 \u0627\u0644\u0630\u064a \u064a\u062c\u0628 \u0623\u0646 \u064a\u0631\u0634\u062f\u0643 \u0644\u0636\u0645\u0627\u0646 \u0627\u0633\u062a\u064a\u0641\u0627\u0621 \u0627\u0644\u0645\u0633\u0627\u062d\u0629 \u0644\u0645\u062a\u0637\u0644\u0628\u0627\u062a \u0627\u0644\u0633\u0644\u0627\u0645\u0629\u061f \u064a\u062d\u062a\u0648\u064a \u0627\u0644\u0639\u062f\u062f \u0627\u0644\u0623\u062e\u064a\u0631 \u0645\u0646 \u0645\u062c\u0644\u0629 MID \u0639\u0644\u0649 \u0645\u0642\u0627\u0644 \u0627\u0641\u062a\u062a\u0627\u062d\u064a \u064a\u0645\u0643\u0646","og_url":"https:\/\/antersystem.com\/ar\/news\/mid-magazine-visions-of-safety-wizje-bezpieczenstwa\/","og_site_name":"Anter System","article_modified_time":"2026-02-04T13:07:13+00:00","twitter_card":"summary_large_image","schema":{"@context":"https:\/\/schema.org","@graph":[{"@type":"WebPage","@id":"https:\/\/antersystem.com\/ar\/news\/mid-magazine-visions-of-safety-wizje-bezpieczenstwa\/","url":"https:\/\/antersystem.com\/ar\/news\/mid-magazine-visions-of-safety-wizje-bezpieczenstwa\/","name":"\u0645\u062c\u0644\u0629 MID - \"\u0631\u0624\u0649 \u0627\u0644\u0633\u0644\u0627\u0645\u0629\" - \"Wizje \u0431\u0435\u0437\u043e\u043f\u0430\u0441\u043d\u043e\u0441\u0442\u0438\" - Anter System","isPartOf":{"@id":"https:\/\/antersystem.com\/ar\/#website"},"datePublished":"2024-02-28T08:18:11+00:00","dateModified":"2026-02-04T13:07:13+00:00","description":"MID 97 - \u0627\u0644\u0625\u0635\u062f\u0627\u0631 \u0627\u0644\u0623\u0648\u0644 \u0645\u0646 \u0639\u0627\u0645 2024. \u0645\u0627 \u0627\u0644\u0630\u064a \u064a\u062c\u0628 \u0623\u0646 \u064a\u0631\u0634\u062f\u0643 \u0644\u0636\u0645\u0627\u0646 \u0627\u0633\u062a\u064a\u0641\u0627\u0621 \u0627\u0644\u0645\u0633\u0627\u062d\u0629 \u0644\u0645\u062a\u0637\u0644\u0628\u0627\u062a \u0627\u0644\u0633\u0644\u0627\u0645\u0629\u061f \u064a\u062d\u062a\u0648\u064a \u0627\u0644\u0639\u062f\u062f \u0627\u0644\u0623\u062e\u064a\u0631 \u0645\u0646 \u0645\u062c\u0644\u0629 MID \u0639\u0644\u0649 \u0645\u0642\u0627\u0644 \u0627\u0641\u062a\u062a\u0627\u062d\u064a \u064a\u0645\u0643\u0646","breadcrumb":{"@id":"https:\/\/antersystem.com\/ar\/news\/mid-magazine-visions-of-safety-wizje-bezpieczenstwa\/#breadcrumb"},"inLanguage":"ar","potentialAction":[{"@type":"ReadAction","target":["https:\/\/antersystem.com\/ar\/news\/mid-magazine-visions-of-safety-wizje-bezpieczenstwa\/"]}]},{"@type":"BreadcrumbList","@id":"https:\/\/antersystem.com\/ar\/news\/mid-magazine-visions-of-safety-wizje-bezpieczenstwa\/#breadcrumb","itemListElement":[{"@type":"ListItem","position":1,"name":"AnterSystem","item":"https:\/\/antersystem.com\/ar\/"},{"@type":"ListItem","position":2,"name":"\u0627\u0644\u0623\u062e\u0628\u0627\u0631","item":"https:\/\/antersystem.com\/ar\/news\/"},{"@type":"ListItem","position":3,"name":"\u0645\u062c\u0644\u0629 MID &#8211; &#8220;\u0631\u0624\u0649 \u0627\u0644\u0633\u0644\u0627\u0645\u0629&#8221; &#8211; &#8220;Wizje \u0431\u0435\u0437\u043e\u043f\u0430\u0441\u043d\u043e\u0441\u0442\u0438&#8221;"}]},{"@type":"WebSite","@id":"https:\/\/antersystem.com\/ar\/#website","url":"https:\/\/antersystem.com\/ar\/","name":"Anter System","description":"Jeste\u015bmy polskim producentem elastycznych barier ochronnych wykonywanych z polimerowych tworzyw sztucznych. Na rynku krajowym i zagranicznym dzia\u0142amy od ponad 15 lat dbaj\u0105c o zapewnienie bezpiecze\u0144stwa w zak\u0142adach produkcyjnych, magazynach oraz centrach logistycznych.","potentialAction":[{"@type":"SearchAction","target":{"@type":"EntryPoint","urlTemplate":"https:\/\/antersystem.com\/ar\/?s={search_term_string}"},"query-input":{"@type":"PropertyValueSpecification","valueRequired":true,"valueName":"search_term_string"}}],"inLanguage":"ar"}]}},"_links":{"self":[{"href":"https:\/\/antersystem.com\/ar\/wp-json\/wp\/v2\/pages\/39693","targetHints":{"allow":["GET"]}}],"collection":[{"href":"https:\/\/antersystem.com\/ar\/wp-json\/wp\/v2\/pages"}],"about":[{"href":"https:\/\/antersystem.com\/ar\/wp-json\/wp\/v2\/types\/page"}],"author":[{"embeddable":true,"href":"https:\/\/antersystem.com\/ar\/wp-json\/wp\/v2\/users\/1"}],"replies":[{"embeddable":true,"href":"https:\/\/antersystem.com\/ar\/wp-json\/wp\/v2\/comments?post=39693"}],"version-history":[{"count":1,"href":"https:\/\/antersystem.com\/ar\/wp-json\/wp\/v2\/pages\/39693\/revisions"}],"predecessor-version":[{"id":39694,"href":"https:\/\/antersystem.com\/ar\/wp-json\/wp\/v2\/pages\/39693\/revisions\/39694"}],"up":[{"embeddable":true,"href":"https:\/\/antersystem.com\/ar\/wp-json\/wp\/v2\/pages\/30526"}],"wp:attachment":[{"href":"https:\/\/antersystem.com\/ar\/wp-json\/wp\/v2\/media?parent=39693"}],"curies":[{"name":"wp","href":"https:\/\/api.w.org\/{rel}","templated":true}]}}