{"id":40351,"date":"2025-12-22T15:36:00","date_gmt":"2025-12-22T14:36:00","guid":{"rendered":"https:\/\/antersystem.com\/news\/handling-expo-2025\/"},"modified":"2026-02-22T22:30:24","modified_gmt":"2026-02-22T21:30:24","slug":"handling-expo-2025","status":"publish","type":"page","link":"https:\/\/antersystem.com\/ar\/news\/handling-expo-2025\/","title":{"rendered":"\u0627\u0644\u062a\u0639\u0627\u0645\u0644 \u0645\u0639 \u0645\u0639\u0631\u0636 \u0625\u0643\u0633\u0628\u0648 2025"},"content":{"rendered":"<h2>Anter System \u0641\u064a \u0645\u0639\u0631\u0636 \u0627\u0644\u0645\u0646\u0627\u0648\u0644\u0629 2025 \u0641\u064a \u0627\u0644\u0642\u0627\u0647\u0631\u0629<\/h2>\n<p>\u0641\u064a \u0627\u0644\u0641\u062a\u0631\u0629 \u0645\u0646 18 \u0625\u0644\u0649 21 \u062f\u064a\u0633\u0645\u0628\u0631 2025\u060c \u0643\u0627\u0646 \u0645\u0646 \u062f\u0648\u0627\u0639\u064a \u0633\u0631\u0648\u0631\u0646\u0627 \u0627\u0644\u0645\u0634\u0627\u0631\u0643\u0629 \u0641\u064a <strong>\u0645\u0639\u0631\u0636 Handling Expo &#8211; \u0627\u0644\u0645\u0639\u0631\u0636 \u0627\u0644\u062f\u0648\u0644\u064a \u0644\u0645\u0639\u062f\u0627\u062a \u0645\u0646\u0627\u0648\u0644\u0629 \u0648\u062a\u062e\u0632\u064a\u0646 \u0627\u0644\u0645\u0648\u0627\u062f \u0641\u064a \u0627\u0644\u0642\u0627\u0647\u0631\u0629\u060c<\/strong> \u0645\u0635\u0631. \u0634\u0643\u0651\u0644 \u0647\u0630\u0627 \u0627\u0644\u062d\u062f\u062b \u0645\u062d\u0637\u0629 \u0645\u0647\u0645\u0629 \u0639\u0644\u0649 \u062e\u0627\u0631\u0637\u0629 \u0627\u0644\u0637\u0631\u064a\u0642 \u0627\u0644\u062f\u0648\u0644\u064a\u0629 \u0644\u0634\u0631\u0643\u0629 Anter System \u0648\u0646\u0642\u0637\u0629 \u0627\u062e\u062a\u062a\u0627\u0645 \u0642\u0648\u064a\u0629 \u0644\u0645\u0648\u0633\u0645 \u0627\u0644\u0645\u0639\u0627\u0631\u0636 \u0627\u0644\u062a\u062c\u0627\u0631\u064a\u0629 \u0644\u0639\u0627\u0645 2025. <\/p>\n<p>\u0623\u0643\u062f \u0645\u0639\u0631\u0636 \u0627\u0644\u0645\u0646\u0627\u0648\u0644\u0629\u060c \u0627\u0644\u0630\u064a \u0623\u0642\u064a\u0645 \u0641\u064a \u0645\u0631\u0643\u0632 \u0645\u0635\u0631 \u0627\u0644\u062f\u0648\u0644\u064a \u0644\u0644\u0645\u0639\u0627\u0631\u0636\u060c \u0639\u0644\u0649 \u0645\u062f\u0649 \u0627\u0644\u062a\u0637\u0648\u0631 \u0627\u0644\u062f\u064a\u0646\u0627\u0645\u064a\u0643\u064a \u0627\u0644\u0630\u064a \u064a\u0634\u0647\u062f\u0647 \u0627\u0644\u062a\u062e\u0632\u064a\u0646 \u0648\u0627\u0644\u062e\u062f\u0645\u0627\u062a \u0627\u0644\u0644\u0648\u062c\u0633\u062a\u064a\u0629 \u0627\u0644\u062f\u0627\u062e\u0644\u064a\u0629 \u0648\u0627\u0644\u0633\u0644\u0627\u0645\u0629 \u0627\u0644\u0635\u0646\u0627\u0639\u064a\u0629 \u0641\u064a \u0623\u0633\u0648\u0627\u0642 \u0627\u0644\u0634\u0631\u0642 \u0627\u0644\u0623\u0648\u0633\u0637 \u0648\u0623\u0641\u0631\u064a\u0642\u064a\u0627. \u0648\u0648\u0641\u0642\u064b\u0627 \u0644\u0644\u0645\u0646\u0638\u0645\u064a\u0646\u060c \u062c\u0645\u0639\u062a \u062f\u0648\u0631\u0629 \u0647\u0630\u0627 \u0627\u0644\u0639\u0627\u0645 622 <strong>\u0639\u0627\u0631\u0636\u064b\u0627 \u0645\u0646 27 \u062f\u0648\u0644\u0629 \u0648\u062c\u0630\u0628\u062a<\/strong> 24,208 <strong>\u0632\u0627\u0626\u0631\u064b\u0627 \u062a\u062c\u0627\u0631\u064a\u064b\u0627\u060c \u0645\u0645\u0627 \u062e\u0644\u0642 \u0645\u0646\u0635\u0629 \u062d\u064a\u0648\u064a\u0629<\/strong> \u0644\u062a\u0628\u0627\u062f\u0644 \u0627\u0644\u0645\u0639\u0631\u0641\u0629 \u0648\u0646\u0645\u0648 \u0627\u0644\u0623\u0639\u0645\u0627\u0644. <\/p>\n<p>\u0639\u0631\u0636\u0646\u0627 \u0641\u064a \u0627\u0644\u0645\u0639\u0631\u0636 \u0646\u0647\u062c\u0646\u0627 \u0641\u064a <strong>\u0623\u0646\u0638\u0645\u0629 \u0627\u0644\u062d\u0645\u0627\u064a\u0629 \u0627\u0644\u0645\u0631\u0646\u0629 \u0645\u0646 \u0627\u0644\u0635\u062f\u0645\u0627\u062a\u060c \u0645\u0639 \u0627\u0644\u062a\u0631\u0643\u064a\u0632<\/strong> \u0639\u0644\u0649 \u062a\u062d\u062f\u064a\u0627\u062a \u0627\u0644\u0633\u0644\u0627\u0645\u0629 \u0627\u0644\u0639\u0645\u0644\u064a\u0629 \u0641\u064a \u0627\u0644\u0645\u0633\u062a\u0648\u062f\u0639\u0627\u062a \u0627\u0644\u062d\u062f\u064a\u062b\u0629 \u0648\u0645\u0631\u0627\u0641\u0642 \u0627\u0644\u0625\u0646\u062a\u0627\u062c. \u0648\u0628\u0627\u0644\u062a\u0639\u0627\u0648\u0646 \u0645\u0639 \u0634\u0631\u064a\u0643\u0646\u0627 <strong>IRack Storage Solution\u060c<\/strong> \u0639\u0631\u0636\u0646\u0627 \u062d\u0644\u0648\u0644\u0627\u064b \u0645\u0635\u0645\u0645\u0629 \u0644\u0638\u0631\u0648\u0641 \u0627\u0644\u062a\u0634\u063a\u064a\u0644 \u0627\u0644\u062d\u0642\u064a\u0642\u064a\u0629 &#8211; \u062d\u0645\u0627\u064a\u0629 \u0627\u0644\u0623\u0634\u062e\u0627\u0635 \u0648\u0627\u0644\u0628\u0646\u064a\u0629 \u0627\u0644\u062a\u062d\u062a\u064a\u0629 \u0648\u0627\u0644\u0628\u0636\u0627\u0626\u0639 \u0641\u064a \u0627\u0644\u0628\u064a\u0626\u0627\u062a \u0627\u0644\u0635\u0646\u0627\u0639\u064a\u0629 \u0630\u0627\u062a \u0627\u0644\u0627\u0632\u062f\u062d\u0627\u0645 \u0627\u0644\u0634\u062f\u064a\u062f. <\/p>\n<p>\u064a\u0633\u0627\u0639\u062f\u0646\u0627 \u0643\u0644 \u062d\u062f\u062b \u062f\u0648\u0644\u064a \u0639\u0644\u0649 \u0641\u0647\u0645 \u0627\u062d\u062a\u064a\u0627\u062c\u0627\u062a \u0627\u0644\u0633\u0648\u0642 \u0627\u0644\u0645\u062d\u0644\u064a\u0629 \u0628\u0634\u0643\u0644 \u0623\u0641\u0636\u0644\u060c \u0648\u062a\u0628\u0627\u062f\u0644 \u0648\u062c\u0647\u0627\u062a \u0627\u0644\u0646\u0638\u0631 \u0645\u0639 \u0627\u0644\u0645\u062a\u062e\u0635\u0635\u064a\u0646 \u0641\u064a \u0647\u0630\u0627 \u0627\u0644\u0645\u062c\u0627\u0644\u060c \u0648\u062a\u062d\u0633\u064a\u0646 \u0627\u0644\u062d\u0644\u0648\u0644 \u0627\u0644\u062a\u064a \u062a\u0639\u0645\u0644 \u0639\u0644\u0649 \u0627\u0644\u0635\u0639\u064a\u062f \u0627\u0644\u0639\u0627\u0644\u0645\u064a \u0623\u062b\u0646\u0627\u0621 \u062a\u0646\u0641\u064a\u0630\u0647\u0627 \u0645\u062d\u0644\u064a\u0627\u064b.<\/p>\n<p>\u0634\u0643\u0631\u0627\u064b \u0644\u0643\u0644 \u0645\u0646 \u0632\u0627\u0631\u0646\u0627 \u0641\u064a \u0627\u0644\u0642\u0627\u0647\u0631\u0629 \u0648\u0633\u0627\u0647\u0645 \u0641\u064a \u0645\u062d\u0627\u062f\u062b\u0627\u062a \u0645\u0644\u0647\u0645\u0629 \u0648\u0627\u062c\u062a\u0645\u0627\u0639\u0627\u062a \u0642\u064a\u0651\u0645\u0629. \u0648\u0646\u062a\u0637\u0644\u0639 \u0625\u0644\u0649 \u0645\u0648\u0627\u0635\u0644\u0629 \u0647\u0630\u0647 \u0627\u0644\u0645\u0646\u0627\u0642\u0634\u0627\u062a \u0641\u064a \u0639\u0627\u0645 2026. <\/p>\n","protected":false},"excerpt":{"rendered":"<p>Anter System \u0641\u064a \u0645\u0639\u0631\u0636 \u0627\u0644\u0645\u0646\u0627\u0648\u0644\u0629 2025 \u0641\u064a \u0627\u0644\u0642\u0627\u0647\u0631\u0629 \u0641\u064a \u0627\u0644\u0641\u062a\u0631\u0629 \u0645\u0646 18 \u0625\u0644\u0649 21 \u062f\u064a\u0633\u0645\u0628\u0631 2025\u060c \u0643\u0627\u0646 \u0645\u0646 \u062f\u0648\u0627\u0639\u064a \u0633\u0631\u0648\u0631\u0646\u0627 \u0627\u0644\u0645\u0634\u0627\u0631\u0643\u0629 \u0641\u064a \u0645\u0639\u0631\u0636 Handling Expo &#8211; \u0627\u0644\u0645\u0639\u0631\u0636 \u0627\u0644\u062f\u0648\u0644\u064a \u0644\u0645\u0639\u062f\u0627\u062a \u0645\u0646\u0627\u0648\u0644\u0629 \u0648\u062a\u062e\u0632\u064a\u0646 \u0627\u0644\u0645\u0648\u0627\u062f \u0641\u064a \u0627\u0644\u0642\u0627\u0647\u0631\u0629\u060c \u0645\u0635\u0631. \u0634\u0643\u0651\u0644 \u0647\u0630\u0627 \u0627\u0644\u062d\u062f\u062b \u0645\u062d\u0637\u0629 \u0645\u0647\u0645\u0629 \u0639\u0644\u0649 \u062e\u0627\u0631\u0637\u0629 \u0627\u0644\u0637\u0631\u064a\u0642 \u0627\u0644\u062f\u0648\u0644\u064a\u0629 \u0644\u0634\u0631\u0643\u0629 Anter System \u0648\u0646\u0642\u0637\u0629 \u0627\u062e\u062a\u062a\u0627\u0645 \u0642\u0648\u064a\u0629 \u0644\u0645\u0648\u0633\u0645 \u0627\u0644\u0645\u0639\u0627\u0631\u0636 \u0627\u0644\u062a\u062c\u0627\u0631\u064a\u0629 \u0644\u0639\u0627\u0645 2025. [&hellip;]<\/p>\n","protected":false},"author":11,"featured_media":40279,"parent":30526,"menu_order":0,"comment_status":"closed","ping_status":"closed","template":"","meta":{"inline_featured_image":false,"ngg_post_thumbnail":0,"footnotes":""},"class_list":["post-40351","page","type-page","status-publish","has-post-thumbnail","hentry"],"acf":[],"yoast_head":"<!-- This site is optimized with the Yoast SEO plugin v27.0 - https:\/\/yoast.com\/product\/yoast-seo-wordpress\/ -->\n<title>\u0627\u0644\u062a\u0639\u0627\u0645\u0644 \u0645\u0639 \u0645\u0639\u0631\u0636 \u0625\u0643\u0633\u0628\u0648 2025 - Anter System<\/title>\n<meta name=\"description\" content=\"Anter System \u0641\u064a \u0645\u0639\u0631\u0636 \u0627\u0644\u0645\u0646\u0627\u0648\u0644\u0629 2025 \u0641\u064a \u0627\u0644\u0642\u0627\u0647\u0631\u0629 \u0641\u064a \u0627\u0644\u0641\u062a\u0631\u0629 \u0645\u0646 18 \u0625\u0644\u0649 21 \u062f\u064a\u0633\u0645\u0628\u0631 2025\u060c \u0643\u0627\u0646 \u0645\u0646 \u062f\u0648\u0627\u0639\u064a \u0633\u0631\u0648\u0631\u0646\u0627 \u0627\u0644\u0645\u0634\u0627\u0631\u0643\u0629 \u0641\u064a \u0645\u0639\u0631\u0636 Handling Expo - \u0627\u0644\u0645\u0639\u0631\u0636 \u0627\u0644\u062f\u0648\u0644\u064a\" \/>\n<meta name=\"robots\" content=\"index, follow, max-snippet:-1, max-image-preview:large, max-video-preview:-1\" \/>\n<link rel=\"canonical\" href=\"https:\/\/antersystem.com\/ar\/news\/handling-expo-2025\/\" \/>\n<meta property=\"og:locale\" content=\"ar_AR\" \/>\n<meta property=\"og:type\" content=\"article\" \/>\n<meta property=\"og:title\" content=\"\u0627\u0644\u062a\u0639\u0627\u0645\u0644 \u0645\u0639 \u0645\u0639\u0631\u0636 \u0625\u0643\u0633\u0628\u0648 2025 - Anter System\" \/>\n<meta property=\"og:description\" content=\"Anter System \u0641\u064a \u0645\u0639\u0631\u0636 \u0627\u0644\u0645\u0646\u0627\u0648\u0644\u0629 2025 \u0641\u064a \u0627\u0644\u0642\u0627\u0647\u0631\u0629 \u0641\u064a \u0627\u0644\u0641\u062a\u0631\u0629 \u0645\u0646 18 \u0625\u0644\u0649 21 \u062f\u064a\u0633\u0645\u0628\u0631 2025\u060c \u0643\u0627\u0646 \u0645\u0646 \u062f\u0648\u0627\u0639\u064a \u0633\u0631\u0648\u0631\u0646\u0627 \u0627\u0644\u0645\u0634\u0627\u0631\u0643\u0629 \u0641\u064a \u0645\u0639\u0631\u0636 Handling Expo - \u0627\u0644\u0645\u0639\u0631\u0636 \u0627\u0644\u062f\u0648\u0644\u064a\" \/>\n<meta property=\"og:url\" content=\"https:\/\/antersystem.com\/ar\/news\/handling-expo-2025\/\" \/>\n<meta property=\"og:site_name\" content=\"Anter System\" \/>\n<meta property=\"article:modified_time\" content=\"2026-02-22T21:30:24+00:00\" \/>\n<meta property=\"og:image\" content=\"https:\/\/antersystem.com\/wp-content\/uploads\/handling-expo-2025-cover.webp\" \/>\n\t<meta property=\"og:image:width\" content=\"1921\" \/>\n\t<meta property=\"og:image:height\" content=\"1080\" \/>\n\t<meta property=\"og:image:type\" content=\"image\/webp\" \/>\n<meta name=\"twitter:card\" content=\"summary_large_image\" \/>\n<script type=\"application\/ld+json\" class=\"yoast-schema-graph\">{\"@context\":\"https:\/\/schema.org\",\"@graph\":[{\"@type\":\"WebPage\",\"@id\":\"https:\/\/antersystem.com\/ar\/news\/handling-expo-2025\/\",\"url\":\"https:\/\/antersystem.com\/ar\/news\/handling-expo-2025\/\",\"name\":\"\u0627\u0644\u062a\u0639\u0627\u0645\u0644 \u0645\u0639 \u0645\u0639\u0631\u0636 \u0625\u0643\u0633\u0628\u0648 2025 - Anter System\",\"isPartOf\":{\"@id\":\"https:\/\/antersystem.com\/ar\/#website\"},\"primaryImageOfPage\":{\"@id\":\"https:\/\/antersystem.com\/ar\/news\/handling-expo-2025\/#primaryimage\"},\"image\":{\"@id\":\"https:\/\/antersystem.com\/ar\/news\/handling-expo-2025\/#primaryimage\"},\"thumbnailUrl\":\"https:\/\/antersystem.com\/wp-content\/uploads\/handling-expo-2025-cover.webp\",\"datePublished\":\"2025-12-22T14:36:00+00:00\",\"dateModified\":\"2026-02-22T21:30:24+00:00\",\"description\":\"Anter System \u0641\u064a \u0645\u0639\u0631\u0636 \u0627\u0644\u0645\u0646\u0627\u0648\u0644\u0629 2025 \u0641\u064a \u0627\u0644\u0642\u0627\u0647\u0631\u0629 \u0641\u064a \u0627\u0644\u0641\u062a\u0631\u0629 \u0645\u0646 18 \u0625\u0644\u0649 21 \u062f\u064a\u0633\u0645\u0628\u0631 2025\u060c \u0643\u0627\u0646 \u0645\u0646 \u062f\u0648\u0627\u0639\u064a \u0633\u0631\u0648\u0631\u0646\u0627 \u0627\u0644\u0645\u0634\u0627\u0631\u0643\u0629 \u0641\u064a \u0645\u0639\u0631\u0636 Handling Expo - \u0627\u0644\u0645\u0639\u0631\u0636 \u0627\u0644\u062f\u0648\u0644\u064a\",\"breadcrumb\":{\"@id\":\"https:\/\/antersystem.com\/ar\/news\/handling-expo-2025\/#breadcrumb\"},\"inLanguage\":\"ar\",\"potentialAction\":[{\"@type\":\"ReadAction\",\"target\":[\"https:\/\/antersystem.com\/ar\/news\/handling-expo-2025\/\"]}]},{\"@type\":\"ImageObject\",\"inLanguage\":\"ar\",\"@id\":\"https:\/\/antersystem.com\/ar\/news\/handling-expo-2025\/#primaryimage\",\"url\":\"https:\/\/antersystem.com\/wp-content\/uploads\/handling-expo-2025-cover.webp\",\"contentUrl\":\"https:\/\/antersystem.com\/wp-content\/uploads\/handling-expo-2025-cover.webp\",\"width\":1921,\"height\":1080},{\"@type\":\"BreadcrumbList\",\"@id\":\"https:\/\/antersystem.com\/ar\/news\/handling-expo-2025\/#breadcrumb\",\"itemListElement\":[{\"@type\":\"ListItem\",\"position\":1,\"name\":\"AnterSystem\",\"item\":\"https:\/\/antersystem.com\/ar\/\"},{\"@type\":\"ListItem\",\"position\":2,\"name\":\"\u0627\u0644\u0623\u062e\u0628\u0627\u0631\",\"item\":\"https:\/\/antersystem.com\/ar\/news\/\"},{\"@type\":\"ListItem\",\"position\":3,\"name\":\"\u0627\u0644\u062a\u0639\u0627\u0645\u0644 \u0645\u0639 \u0645\u0639\u0631\u0636 \u0625\u0643\u0633\u0628\u0648 2025\"}]},{\"@type\":\"WebSite\",\"@id\":\"https:\/\/antersystem.com\/ar\/#website\",\"url\":\"https:\/\/antersystem.com\/ar\/\",\"name\":\"Anter System\",\"description\":\"Jeste\u015bmy polskim producentem elastycznych barier ochronnych wykonywanych z polimerowych tworzyw sztucznych. Na rynku krajowym i zagranicznym dzia\u0142amy od ponad 15 lat dbaj\u0105c o zapewnienie bezpiecze\u0144stwa w zak\u0142adach produkcyjnych, magazynach oraz centrach logistycznych.\",\"potentialAction\":[{\"@type\":\"SearchAction\",\"target\":{\"@type\":\"EntryPoint\",\"urlTemplate\":\"https:\/\/antersystem.com\/ar\/?s={search_term_string}\"},\"query-input\":{\"@type\":\"PropertyValueSpecification\",\"valueRequired\":true,\"valueName\":\"search_term_string\"}}],\"inLanguage\":\"ar\"}]}<\/script>\n<!-- \/ Yoast SEO plugin. -->","yoast_head_json":{"title":"\u0627\u0644\u062a\u0639\u0627\u0645\u0644 \u0645\u0639 \u0645\u0639\u0631\u0636 \u0625\u0643\u0633\u0628\u0648 2025 - Anter System","description":"Anter System \u0641\u064a \u0645\u0639\u0631\u0636 \u0627\u0644\u0645\u0646\u0627\u0648\u0644\u0629 2025 \u0641\u064a \u0627\u0644\u0642\u0627\u0647\u0631\u0629 \u0641\u064a \u0627\u0644\u0641\u062a\u0631\u0629 \u0645\u0646 18 \u0625\u0644\u0649 21 \u062f\u064a\u0633\u0645\u0628\u0631 2025\u060c \u0643\u0627\u0646 \u0645\u0646 \u062f\u0648\u0627\u0639\u064a \u0633\u0631\u0648\u0631\u0646\u0627 \u0627\u0644\u0645\u0634\u0627\u0631\u0643\u0629 \u0641\u064a \u0645\u0639\u0631\u0636 Handling Expo - \u0627\u0644\u0645\u0639\u0631\u0636 \u0627\u0644\u062f\u0648\u0644\u064a","robots":{"index":"index","follow":"follow","max-snippet":"max-snippet:-1","max-image-preview":"max-image-preview:large","max-video-preview":"max-video-preview:-1"},"canonical":"https:\/\/antersystem.com\/ar\/news\/handling-expo-2025\/","og_locale":"ar_AR","og_type":"article","og_title":"\u0627\u0644\u062a\u0639\u0627\u0645\u0644 \u0645\u0639 \u0645\u0639\u0631\u0636 \u0625\u0643\u0633\u0628\u0648 2025 - Anter System","og_description":"Anter System \u0641\u064a \u0645\u0639\u0631\u0636 \u0627\u0644\u0645\u0646\u0627\u0648\u0644\u0629 2025 \u0641\u064a \u0627\u0644\u0642\u0627\u0647\u0631\u0629 \u0641\u064a \u0627\u0644\u0641\u062a\u0631\u0629 \u0645\u0646 18 \u0625\u0644\u0649 21 \u062f\u064a\u0633\u0645\u0628\u0631 2025\u060c \u0643\u0627\u0646 \u0645\u0646 \u062f\u0648\u0627\u0639\u064a \u0633\u0631\u0648\u0631\u0646\u0627 \u0627\u0644\u0645\u0634\u0627\u0631\u0643\u0629 \u0641\u064a \u0645\u0639\u0631\u0636 Handling Expo - \u0627\u0644\u0645\u0639\u0631\u0636 \u0627\u0644\u062f\u0648\u0644\u064a","og_url":"https:\/\/antersystem.com\/ar\/news\/handling-expo-2025\/","og_site_name":"Anter System","article_modified_time":"2026-02-22T21:30:24+00:00","og_image":[{"width":1921,"height":1080,"url":"https:\/\/antersystem.com\/wp-content\/uploads\/handling-expo-2025-cover.webp","type":"image\/webp"}],"twitter_card":"summary_large_image","schema":{"@context":"https:\/\/schema.org","@graph":[{"@type":"WebPage","@id":"https:\/\/antersystem.com\/ar\/news\/handling-expo-2025\/","url":"https:\/\/antersystem.com\/ar\/news\/handling-expo-2025\/","name":"\u0627\u0644\u062a\u0639\u0627\u0645\u0644 \u0645\u0639 \u0645\u0639\u0631\u0636 \u0625\u0643\u0633\u0628\u0648 2025 - Anter System","isPartOf":{"@id":"https:\/\/antersystem.com\/ar\/#website"},"primaryImageOfPage":{"@id":"https:\/\/antersystem.com\/ar\/news\/handling-expo-2025\/#primaryimage"},"image":{"@id":"https:\/\/antersystem.com\/ar\/news\/handling-expo-2025\/#primaryimage"},"thumbnailUrl":"https:\/\/antersystem.com\/wp-content\/uploads\/handling-expo-2025-cover.webp","datePublished":"2025-12-22T14:36:00+00:00","dateModified":"2026-02-22T21:30:24+00:00","description":"Anter System \u0641\u064a \u0645\u0639\u0631\u0636 \u0627\u0644\u0645\u0646\u0627\u0648\u0644\u0629 2025 \u0641\u064a \u0627\u0644\u0642\u0627\u0647\u0631\u0629 \u0641\u064a \u0627\u0644\u0641\u062a\u0631\u0629 \u0645\u0646 18 \u0625\u0644\u0649 21 \u062f\u064a\u0633\u0645\u0628\u0631 2025\u060c \u0643\u0627\u0646 \u0645\u0646 \u062f\u0648\u0627\u0639\u064a \u0633\u0631\u0648\u0631\u0646\u0627 \u0627\u0644\u0645\u0634\u0627\u0631\u0643\u0629 \u0641\u064a \u0645\u0639\u0631\u0636 Handling Expo - \u0627\u0644\u0645\u0639\u0631\u0636 \u0627\u0644\u062f\u0648\u0644\u064a","breadcrumb":{"@id":"https:\/\/antersystem.com\/ar\/news\/handling-expo-2025\/#breadcrumb"},"inLanguage":"ar","potentialAction":[{"@type":"ReadAction","target":["https:\/\/antersystem.com\/ar\/news\/handling-expo-2025\/"]}]},{"@type":"ImageObject","inLanguage":"ar","@id":"https:\/\/antersystem.com\/ar\/news\/handling-expo-2025\/#primaryimage","url":"https:\/\/antersystem.com\/wp-content\/uploads\/handling-expo-2025-cover.webp","contentUrl":"https:\/\/antersystem.com\/wp-content\/uploads\/handling-expo-2025-cover.webp","width":1921,"height":1080},{"@type":"BreadcrumbList","@id":"https:\/\/antersystem.com\/ar\/news\/handling-expo-2025\/#breadcrumb","itemListElement":[{"@type":"ListItem","position":1,"name":"AnterSystem","item":"https:\/\/antersystem.com\/ar\/"},{"@type":"ListItem","position":2,"name":"\u0627\u0644\u0623\u062e\u0628\u0627\u0631","item":"https:\/\/antersystem.com\/ar\/news\/"},{"@type":"ListItem","position":3,"name":"\u0627\u0644\u062a\u0639\u0627\u0645\u0644 \u0645\u0639 \u0645\u0639\u0631\u0636 \u0625\u0643\u0633\u0628\u0648 2025"}]},{"@type":"WebSite","@id":"https:\/\/antersystem.com\/ar\/#website","url":"https:\/\/antersystem.com\/ar\/","name":"Anter System","description":"Jeste\u015bmy polskim producentem elastycznych barier ochronnych wykonywanych z polimerowych tworzyw sztucznych. Na rynku krajowym i zagranicznym dzia\u0142amy od ponad 15 lat dbaj\u0105c o zapewnienie bezpiecze\u0144stwa w zak\u0142adach produkcyjnych, magazynach oraz centrach logistycznych.","potentialAction":[{"@type":"SearchAction","target":{"@type":"EntryPoint","urlTemplate":"https:\/\/antersystem.com\/ar\/?s={search_term_string}"},"query-input":{"@type":"PropertyValueSpecification","valueRequired":true,"valueName":"search_term_string"}}],"inLanguage":"ar"}]}},"_links":{"self":[{"href":"https:\/\/antersystem.com\/ar\/wp-json\/wp\/v2\/pages\/40351","targetHints":{"allow":["GET"]}}],"collection":[{"href":"https:\/\/antersystem.com\/ar\/wp-json\/wp\/v2\/pages"}],"about":[{"href":"https:\/\/antersystem.com\/ar\/wp-json\/wp\/v2\/types\/page"}],"author":[{"embeddable":true,"href":"https:\/\/antersystem.com\/ar\/wp-json\/wp\/v2\/users\/11"}],"replies":[{"embeddable":true,"href":"https:\/\/antersystem.com\/ar\/wp-json\/wp\/v2\/comments?post=40351"}],"version-history":[{"count":1,"href":"https:\/\/antersystem.com\/ar\/wp-json\/wp\/v2\/pages\/40351\/revisions"}],"predecessor-version":[{"id":40388,"href":"https:\/\/antersystem.com\/ar\/wp-json\/wp\/v2\/pages\/40351\/revisions\/40388"}],"up":[{"embeddable":true,"href":"https:\/\/antersystem.com\/ar\/wp-json\/wp\/v2\/pages\/30526"}],"wp:featuredmedia":[{"embeddable":true,"href":"https:\/\/antersystem.com\/ar\/wp-json\/wp\/v2\/media\/40279"}],"wp:attachment":[{"href":"https:\/\/antersystem.com\/ar\/wp-json\/wp\/v2\/media?parent=40351"}],"curies":[{"name":"wp","href":"https:\/\/api.w.org\/{rel}","templated":true}]}}