{"id":40919,"date":"2026-03-31T10:10:47","date_gmt":"2026-03-31T08:10:47","guid":{"rendered":"https:\/\/antersystem.com\/news\/see-you-at-nordbygg-2026\/"},"modified":"2026-04-16T10:59:59","modified_gmt":"2026-04-16T08:59:59","slug":"see-you-at-nordbygg-2026","status":"publish","type":"page","link":"https:\/\/antersystem.com\/ar\/news\/see-you-at-nordbygg-2026\/","title":{"rendered":"\u0646\u0631\u0627\u0643\u0645 \u0641\u064a \u0646\u0648\u0631\u062f\u0628\u064a\u063a 2026 \u0641\u064a \u0627\u0644\u0633\u0648\u064a\u062f"},"content":{"rendered":"<p>\u0633\u062a\u0634\u0627\u0631\u0643 \u0634\u0631\u0643\u0629 Anter System \u0641\u064a <strong>\u0645\u0639\u0631\u0636 Nordbygg 2026\u060c<\/strong> \u0627\u0644\u0630\u064a \u064a\u0642\u0627\u0645 \u0641\u064a <strong>\u0633\u062a\u0648\u0643\u0647\u0648\u0644\u0645\u060c \u0627\u0644\u0633\u0648\u064a\u062f.<\/strong> \u0648\u0628\u0627\u0639\u062a\u0628\u0627\u0631\u0647 \u0623\u062d\u062f \u0623\u0647\u0645 \u0627\u0644\u0645\u0639\u0627\u0631\u0636 \u0627\u0644\u062a\u062c\u0627\u0631\u064a\u0629 \u0644\u0635\u0646\u0627\u0639\u0629 \u0627\u0644\u062a\u0634\u064a\u064a\u062f \u0648\u0627\u0644\u0628\u0646\u0627\u0621 \u0641\u064a \u0645\u0646\u0637\u0642\u0629 \u0627\u0644\u0634\u0645\u0627\u0644 \u0627\u0644\u0623\u0648\u0631\u0648\u0628\u064a\u060c \u064a\u062c\u0645\u0639 \u0645\u0639\u0631\u0636 \u0646\u0648\u0631\u062f\u0628\u064a\u062c \u0628\u064a\u0646 \u0627\u0644\u0645\u0647\u0646\u064a\u064a\u0646 \u0627\u0644\u0628\u0627\u062d\u062b\u064a\u0646 \u0639\u0646 \u062d\u0644\u0648\u0644 \u0645\u0628\u062a\u0643\u0631\u0629 \u0648\u0639\u0645\u0644\u064a\u0629. <\/p>\n<p>\u062e\u0644\u0627\u0644 \u0647\u0630\u0627 \u0627\u0644\u062d\u062f\u062b\u060c \u0633\u064a\u062a\u0645\u0643\u0646 \u0627\u0644\u0632\u0648\u0627\u0631 \u0645\u0646 \u0645\u0642\u0627\u0628\u0644\u0629 Anter System \u0641\u064a \u062c\u0646\u0627\u062d <strong>\u0627\u0644\u0648\u0643\u0627\u0644\u0629 \u0627\u0644\u0628\u0648\u0644\u0646\u062f\u064a\u0629 \u0644\u062a\u0637\u0648\u064a\u0631 \u0627\u0644\u0645\u0634\u0627\u0631\u064a\u0639.<\/strong> \u0633\u0646\u0642\u062f\u0645 \u062d\u0644\u0648\u0644\u0646\u0627 \u0644\u0644\u0633\u0644\u0627\u0645\u0629 \u0627\u0644\u0635\u0646\u0627\u0639\u064a\u0629 \u0627\u0644\u0645\u0635\u0645\u0645\u0629 \u0644\u062d\u0645\u0627\u064a\u0629 \u0627\u0644\u0623\u0634\u062e\u0627\u0635 \u0648\u0627\u0644\u0628\u0646\u064a\u0629 \u0627\u0644\u062a\u062d\u062a\u064a\u0629 \u0648\u0627\u0644\u0639\u0645\u0644\u064a\u0627\u062a \u0641\u064a \u0627\u0644\u0645\u0633\u062a\u0648\u062f\u0639\u0627\u062a \u0648\u0645\u0631\u0627\u0641\u0642 \u0627\u0644\u0625\u0646\u062a\u0627\u062c \u0648\u0627\u0644\u0628\u064a\u0626\u0627\u062a \u0627\u0644\u0644\u0648\u062c\u0633\u062a\u064a\u0629. <\/p>\n<p>\u0625\u0630\u0627 \u0643\u0646\u062a \u062a\u0632\u0648\u0631 \u0646\u0648\u0631\u062f\u0628\u064a\u063a\u060c \u0641\u0625\u0646\u0646\u0627 \u0646\u062f\u0639\u0648\u0643 \u0628\u062d\u0631\u0627\u0631\u0629 \u0644\u0645\u0642\u0627\u0628\u0644\u0629 \u0641\u0631\u064a\u0642\u0646\u0627 \u0641\u064a \u0627\u0644\u0642\u0627\u0639\u0629 <strong>C\u060c \u0627\u0644\u062c\u0646\u0627\u062d C03:61.<\/strong> \u0646\u062a\u0637\u0644\u0639 \u0625\u0644\u0649 \u0631\u0624\u064a\u062a\u0643 \u0641\u064a \u0627\u0644\u0633\u0648\u064a\u062f. <\/p>\n","protected":false},"excerpt":{"rendered":"<p>\u0633\u062a\u0634\u0627\u0631\u0643 \u0634\u0631\u0643\u0629 Anter System \u0641\u064a \u0645\u0639\u0631\u0636 Nordbygg 2026\u060c \u0627\u0644\u0630\u064a \u064a\u0642\u0627\u0645 \u0641\u064a \u0633\u062a\u0648\u0643\u0647\u0648\u0644\u0645\u060c \u0627\u0644\u0633\u0648\u064a\u062f. \u0648\u0628\u0627\u0639\u062a\u0628\u0627\u0631\u0647 \u0623\u062d\u062f \u0623\u0647\u0645 \u0627\u0644\u0645\u0639\u0627\u0631\u0636 \u0627\u0644\u062a\u062c\u0627\u0631\u064a\u0629 \u0644\u0635\u0646\u0627\u0639\u0629 \u0627\u0644\u062a\u0634\u064a\u064a\u062f \u0648\u0627\u0644\u0628\u0646\u0627\u0621 \u0641\u064a \u0645\u0646\u0637\u0642\u0629 \u0627\u0644\u0634\u0645\u0627\u0644 \u0627\u0644\u0623\u0648\u0631\u0648\u0628\u064a\u060c \u064a\u062c\u0645\u0639 \u0645\u0639\u0631\u0636 \u0646\u0648\u0631\u062f\u0628\u064a\u062c \u0628\u064a\u0646 \u0627\u0644\u0645\u0647\u0646\u064a\u064a\u0646 \u0627\u0644\u0628\u0627\u062d\u062b\u064a\u0646 \u0639\u0646 \u062d\u0644\u0648\u0644 \u0645\u0628\u062a\u0643\u0631\u0629 \u0648\u0639\u0645\u0644\u064a\u0629. \u062e\u0644\u0627\u0644 \u0647\u0630\u0627 \u0627\u0644\u062d\u062f\u062b\u060c \u0633\u064a\u062a\u0645\u0643\u0646 \u0627\u0644\u0632\u0648\u0627\u0631 \u0645\u0646 \u0645\u0642\u0627\u0628\u0644\u0629 Anter System \u0641\u064a \u062c\u0646\u0627\u062d \u0627\u0644\u0648\u0643\u0627\u0644\u0629 \u0627\u0644\u0628\u0648\u0644\u0646\u062f\u064a\u0629 \u0644\u062a\u0637\u0648\u064a\u0631 \u0627\u0644\u0645\u0634\u0627\u0631\u064a\u0639. \u0633\u0646\u0642\u062f\u0645 \u062d\u0644\u0648\u0644\u0646\u0627 \u0644\u0644\u0633\u0644\u0627\u0645\u0629 \u0627\u0644\u0635\u0646\u0627\u0639\u064a\u0629 \u0627\u0644\u0645\u0635\u0645\u0645\u0629 [&hellip;]<\/p>\n","protected":false},"author":11,"featured_media":40825,"parent":30526,"menu_order":0,"comment_status":"closed","ping_status":"closed","template":"","meta":{"inline_featured_image":false,"ngg_post_thumbnail":0,"footnotes":""},"class_list":["post-40919","page","type-page","status-publish","has-post-thumbnail","hentry"],"acf":[],"yoast_head":"<!-- This site is optimized with the Yoast SEO plugin v27.0 - https:\/\/yoast.com\/product\/yoast-seo-wordpress\/ -->\n<title>\u0646\u0631\u0627\u0643\u0645 \u0641\u064a \u0646\u0648\u0631\u062f\u0628\u064a\u063a 2026 \u0641\u064a \u0627\u0644\u0633\u0648\u064a\u062f - Anter System<\/title>\n<meta name=\"description\" content=\"\u0633\u062a\u0634\u0627\u0631\u0643 \u0634\u0631\u0643\u0629 Anter System \u0641\u064a \u0645\u0639\u0631\u0636 Nordbygg 2026\u060c \u0627\u0644\u0630\u064a \u064a\u0642\u0627\u0645 \u0641\u064a \u0633\u062a\u0648\u0643\u0647\u0648\u0644\u0645\u060c \u0627\u0644\u0633\u0648\u064a\u062f. \u0648\u0628\u0627\u0639\u062a\u0628\u0627\u0631\u0647 \u0623\u062d\u062f \u0623\u0647\u0645 \u0627\u0644\u0645\u0639\u0627\u0631\u0636 \u0627\u0644\u062a\u062c\u0627\u0631\u064a\u0629 \u0644\u0635\u0646\u0627\u0639\u0629 \u0627\u0644\u062a\u0634\u064a\u064a\u062f \u0648\u0627\u0644\u0628\u0646\u0627\u0621 \u0641\u064a \u0645\u0646\u0637\u0642\u0629 \u0627\u0644\u0634\u0645\u0627\u0644\" \/>\n<meta name=\"robots\" content=\"index, follow, max-snippet:-1, max-image-preview:large, max-video-preview:-1\" \/>\n<link rel=\"canonical\" href=\"https:\/\/antersystem.com\/ar\/news\/see-you-at-nordbygg-2026\/\" \/>\n<meta property=\"og:locale\" content=\"ar_AR\" \/>\n<meta property=\"og:type\" content=\"article\" \/>\n<meta property=\"og:title\" content=\"\u0646\u0631\u0627\u0643\u0645 \u0641\u064a \u0646\u0648\u0631\u062f\u0628\u064a\u063a 2026 \u0641\u064a \u0627\u0644\u0633\u0648\u064a\u062f - Anter System\" \/>\n<meta property=\"og:description\" content=\"\u0633\u062a\u0634\u0627\u0631\u0643 \u0634\u0631\u0643\u0629 Anter System \u0641\u064a \u0645\u0639\u0631\u0636 Nordbygg 2026\u060c \u0627\u0644\u0630\u064a \u064a\u0642\u0627\u0645 \u0641\u064a \u0633\u062a\u0648\u0643\u0647\u0648\u0644\u0645\u060c \u0627\u0644\u0633\u0648\u064a\u062f. \u0648\u0628\u0627\u0639\u062a\u0628\u0627\u0631\u0647 \u0623\u062d\u062f \u0623\u0647\u0645 \u0627\u0644\u0645\u0639\u0627\u0631\u0636 \u0627\u0644\u062a\u062c\u0627\u0631\u064a\u0629 \u0644\u0635\u0646\u0627\u0639\u0629 \u0627\u0644\u062a\u0634\u064a\u064a\u062f \u0648\u0627\u0644\u0628\u0646\u0627\u0621 \u0641\u064a \u0645\u0646\u0637\u0642\u0629 \u0627\u0644\u0634\u0645\u0627\u0644\" \/>\n<meta property=\"og:url\" content=\"https:\/\/antersystem.com\/ar\/news\/see-you-at-nordbygg-2026\/\" \/>\n<meta property=\"og:site_name\" content=\"Anter System\" \/>\n<meta property=\"article:modified_time\" content=\"2026-04-16T08:59:59+00:00\" \/>\n<meta property=\"og:image\" content=\"https:\/\/antersystem.com\/wp-content\/uploads\/norbygg-logo.webp\" \/>\n\t<meta property=\"og:image:width\" content=\"961\" \/>\n\t<meta property=\"og:image:height\" content=\"541\" \/>\n\t<meta property=\"og:image:type\" content=\"image\/webp\" \/>\n<meta name=\"twitter:card\" content=\"summary_large_image\" \/>\n<script type=\"application\/ld+json\" class=\"yoast-schema-graph\">{\"@context\":\"https:\/\/schema.org\",\"@graph\":[{\"@type\":\"WebPage\",\"@id\":\"https:\/\/antersystem.com\/ar\/news\/see-you-at-nordbygg-2026\/\",\"url\":\"https:\/\/antersystem.com\/ar\/news\/see-you-at-nordbygg-2026\/\",\"name\":\"\u0646\u0631\u0627\u0643\u0645 \u0641\u064a \u0646\u0648\u0631\u062f\u0628\u064a\u063a 2026 \u0641\u064a \u0627\u0644\u0633\u0648\u064a\u062f - Anter System\",\"isPartOf\":{\"@id\":\"https:\/\/antersystem.com\/ar\/#website\"},\"primaryImageOfPage\":{\"@id\":\"https:\/\/antersystem.com\/ar\/news\/see-you-at-nordbygg-2026\/#primaryimage\"},\"image\":{\"@id\":\"https:\/\/antersystem.com\/ar\/news\/see-you-at-nordbygg-2026\/#primaryimage\"},\"thumbnailUrl\":\"https:\/\/antersystem.com\/wp-content\/uploads\/norbygg-logo.webp\",\"datePublished\":\"2026-03-31T08:10:47+00:00\",\"dateModified\":\"2026-04-16T08:59:59+00:00\",\"description\":\"\u0633\u062a\u0634\u0627\u0631\u0643 \u0634\u0631\u0643\u0629 Anter System \u0641\u064a \u0645\u0639\u0631\u0636 Nordbygg 2026\u060c \u0627\u0644\u0630\u064a \u064a\u0642\u0627\u0645 \u0641\u064a \u0633\u062a\u0648\u0643\u0647\u0648\u0644\u0645\u060c \u0627\u0644\u0633\u0648\u064a\u062f. \u0648\u0628\u0627\u0639\u062a\u0628\u0627\u0631\u0647 \u0623\u062d\u062f \u0623\u0647\u0645 \u0627\u0644\u0645\u0639\u0627\u0631\u0636 \u0627\u0644\u062a\u062c\u0627\u0631\u064a\u0629 \u0644\u0635\u0646\u0627\u0639\u0629 \u0627\u0644\u062a\u0634\u064a\u064a\u062f \u0648\u0627\u0644\u0628\u0646\u0627\u0621 \u0641\u064a \u0645\u0646\u0637\u0642\u0629 \u0627\u0644\u0634\u0645\u0627\u0644\",\"breadcrumb\":{\"@id\":\"https:\/\/antersystem.com\/ar\/news\/see-you-at-nordbygg-2026\/#breadcrumb\"},\"inLanguage\":\"ar\",\"potentialAction\":[{\"@type\":\"ReadAction\",\"target\":[\"https:\/\/antersystem.com\/ar\/news\/see-you-at-nordbygg-2026\/\"]}]},{\"@type\":\"ImageObject\",\"inLanguage\":\"ar\",\"@id\":\"https:\/\/antersystem.com\/ar\/news\/see-you-at-nordbygg-2026\/#primaryimage\",\"url\":\"https:\/\/antersystem.com\/wp-content\/uploads\/norbygg-logo.webp\",\"contentUrl\":\"https:\/\/antersystem.com\/wp-content\/uploads\/norbygg-logo.webp\",\"width\":961,\"height\":541},{\"@type\":\"BreadcrumbList\",\"@id\":\"https:\/\/antersystem.com\/ar\/news\/see-you-at-nordbygg-2026\/#breadcrumb\",\"itemListElement\":[{\"@type\":\"ListItem\",\"position\":1,\"name\":\"AnterSystem\",\"item\":\"https:\/\/antersystem.com\/ar\/\"},{\"@type\":\"ListItem\",\"position\":2,\"name\":\"\u0627\u0644\u0623\u062e\u0628\u0627\u0631\",\"item\":\"https:\/\/antersystem.com\/ar\/news\/\"},{\"@type\":\"ListItem\",\"position\":3,\"name\":\"\u0646\u0631\u0627\u0643\u0645 \u0641\u064a \u0646\u0648\u0631\u062f\u0628\u064a\u063a 2026 \u0641\u064a \u0627\u0644\u0633\u0648\u064a\u062f\"}]},{\"@type\":\"WebSite\",\"@id\":\"https:\/\/antersystem.com\/ar\/#website\",\"url\":\"https:\/\/antersystem.com\/ar\/\",\"name\":\"Anter System\",\"description\":\"Jeste\u015bmy polskim producentem elastycznych barier ochronnych wykonywanych z polimerowych tworzyw sztucznych. Na rynku krajowym i zagranicznym dzia\u0142amy od ponad 15 lat dbaj\u0105c o zapewnienie bezpiecze\u0144stwa w zak\u0142adach produkcyjnych, magazynach oraz centrach logistycznych.\",\"potentialAction\":[{\"@type\":\"SearchAction\",\"target\":{\"@type\":\"EntryPoint\",\"urlTemplate\":\"https:\/\/antersystem.com\/ar\/?s={search_term_string}\"},\"query-input\":{\"@type\":\"PropertyValueSpecification\",\"valueRequired\":true,\"valueName\":\"search_term_string\"}}],\"inLanguage\":\"ar\"}]}<\/script>\n<!-- \/ Yoast SEO plugin. -->","yoast_head_json":{"title":"\u0646\u0631\u0627\u0643\u0645 \u0641\u064a \u0646\u0648\u0631\u062f\u0628\u064a\u063a 2026 \u0641\u064a \u0627\u0644\u0633\u0648\u064a\u062f - Anter System","description":"\u0633\u062a\u0634\u0627\u0631\u0643 \u0634\u0631\u0643\u0629 Anter System \u0641\u064a \u0645\u0639\u0631\u0636 Nordbygg 2026\u060c \u0627\u0644\u0630\u064a \u064a\u0642\u0627\u0645 \u0641\u064a \u0633\u062a\u0648\u0643\u0647\u0648\u0644\u0645\u060c \u0627\u0644\u0633\u0648\u064a\u062f. \u0648\u0628\u0627\u0639\u062a\u0628\u0627\u0631\u0647 \u0623\u062d\u062f \u0623\u0647\u0645 \u0627\u0644\u0645\u0639\u0627\u0631\u0636 \u0627\u0644\u062a\u062c\u0627\u0631\u064a\u0629 \u0644\u0635\u0646\u0627\u0639\u0629 \u0627\u0644\u062a\u0634\u064a\u064a\u062f \u0648\u0627\u0644\u0628\u0646\u0627\u0621 \u0641\u064a \u0645\u0646\u0637\u0642\u0629 \u0627\u0644\u0634\u0645\u0627\u0644","robots":{"index":"index","follow":"follow","max-snippet":"max-snippet:-1","max-image-preview":"max-image-preview:large","max-video-preview":"max-video-preview:-1"},"canonical":"https:\/\/antersystem.com\/ar\/news\/see-you-at-nordbygg-2026\/","og_locale":"ar_AR","og_type":"article","og_title":"\u0646\u0631\u0627\u0643\u0645 \u0641\u064a \u0646\u0648\u0631\u062f\u0628\u064a\u063a 2026 \u0641\u064a \u0627\u0644\u0633\u0648\u064a\u062f - Anter System","og_description":"\u0633\u062a\u0634\u0627\u0631\u0643 \u0634\u0631\u0643\u0629 Anter System \u0641\u064a \u0645\u0639\u0631\u0636 Nordbygg 2026\u060c \u0627\u0644\u0630\u064a \u064a\u0642\u0627\u0645 \u0641\u064a \u0633\u062a\u0648\u0643\u0647\u0648\u0644\u0645\u060c \u0627\u0644\u0633\u0648\u064a\u062f. \u0648\u0628\u0627\u0639\u062a\u0628\u0627\u0631\u0647 \u0623\u062d\u062f \u0623\u0647\u0645 \u0627\u0644\u0645\u0639\u0627\u0631\u0636 \u0627\u0644\u062a\u062c\u0627\u0631\u064a\u0629 \u0644\u0635\u0646\u0627\u0639\u0629 \u0627\u0644\u062a\u0634\u064a\u064a\u062f \u0648\u0627\u0644\u0628\u0646\u0627\u0621 \u0641\u064a \u0645\u0646\u0637\u0642\u0629 \u0627\u0644\u0634\u0645\u0627\u0644","og_url":"https:\/\/antersystem.com\/ar\/news\/see-you-at-nordbygg-2026\/","og_site_name":"Anter System","article_modified_time":"2026-04-16T08:59:59+00:00","og_image":[{"width":961,"height":541,"url":"https:\/\/antersystem.com\/wp-content\/uploads\/norbygg-logo.webp","type":"image\/webp"}],"twitter_card":"summary_large_image","schema":{"@context":"https:\/\/schema.org","@graph":[{"@type":"WebPage","@id":"https:\/\/antersystem.com\/ar\/news\/see-you-at-nordbygg-2026\/","url":"https:\/\/antersystem.com\/ar\/news\/see-you-at-nordbygg-2026\/","name":"\u0646\u0631\u0627\u0643\u0645 \u0641\u064a \u0646\u0648\u0631\u062f\u0628\u064a\u063a 2026 \u0641\u064a \u0627\u0644\u0633\u0648\u064a\u062f - Anter System","isPartOf":{"@id":"https:\/\/antersystem.com\/ar\/#website"},"primaryImageOfPage":{"@id":"https:\/\/antersystem.com\/ar\/news\/see-you-at-nordbygg-2026\/#primaryimage"},"image":{"@id":"https:\/\/antersystem.com\/ar\/news\/see-you-at-nordbygg-2026\/#primaryimage"},"thumbnailUrl":"https:\/\/antersystem.com\/wp-content\/uploads\/norbygg-logo.webp","datePublished":"2026-03-31T08:10:47+00:00","dateModified":"2026-04-16T08:59:59+00:00","description":"\u0633\u062a\u0634\u0627\u0631\u0643 \u0634\u0631\u0643\u0629 Anter System \u0641\u064a \u0645\u0639\u0631\u0636 Nordbygg 2026\u060c \u0627\u0644\u0630\u064a \u064a\u0642\u0627\u0645 \u0641\u064a \u0633\u062a\u0648\u0643\u0647\u0648\u0644\u0645\u060c \u0627\u0644\u0633\u0648\u064a\u062f. \u0648\u0628\u0627\u0639\u062a\u0628\u0627\u0631\u0647 \u0623\u062d\u062f \u0623\u0647\u0645 \u0627\u0644\u0645\u0639\u0627\u0631\u0636 \u0627\u0644\u062a\u062c\u0627\u0631\u064a\u0629 \u0644\u0635\u0646\u0627\u0639\u0629 \u0627\u0644\u062a\u0634\u064a\u064a\u062f \u0648\u0627\u0644\u0628\u0646\u0627\u0621 \u0641\u064a \u0645\u0646\u0637\u0642\u0629 \u0627\u0644\u0634\u0645\u0627\u0644","breadcrumb":{"@id":"https:\/\/antersystem.com\/ar\/news\/see-you-at-nordbygg-2026\/#breadcrumb"},"inLanguage":"ar","potentialAction":[{"@type":"ReadAction","target":["https:\/\/antersystem.com\/ar\/news\/see-you-at-nordbygg-2026\/"]}]},{"@type":"ImageObject","inLanguage":"ar","@id":"https:\/\/antersystem.com\/ar\/news\/see-you-at-nordbygg-2026\/#primaryimage","url":"https:\/\/antersystem.com\/wp-content\/uploads\/norbygg-logo.webp","contentUrl":"https:\/\/antersystem.com\/wp-content\/uploads\/norbygg-logo.webp","width":961,"height":541},{"@type":"BreadcrumbList","@id":"https:\/\/antersystem.com\/ar\/news\/see-you-at-nordbygg-2026\/#breadcrumb","itemListElement":[{"@type":"ListItem","position":1,"name":"AnterSystem","item":"https:\/\/antersystem.com\/ar\/"},{"@type":"ListItem","position":2,"name":"\u0627\u0644\u0623\u062e\u0628\u0627\u0631","item":"https:\/\/antersystem.com\/ar\/news\/"},{"@type":"ListItem","position":3,"name":"\u0646\u0631\u0627\u0643\u0645 \u0641\u064a \u0646\u0648\u0631\u062f\u0628\u064a\u063a 2026 \u0641\u064a \u0627\u0644\u0633\u0648\u064a\u062f"}]},{"@type":"WebSite","@id":"https:\/\/antersystem.com\/ar\/#website","url":"https:\/\/antersystem.com\/ar\/","name":"Anter System","description":"Jeste\u015bmy polskim producentem elastycznych barier ochronnych wykonywanych z polimerowych tworzyw sztucznych. Na rynku krajowym i zagranicznym dzia\u0142amy od ponad 15 lat dbaj\u0105c o zapewnienie bezpiecze\u0144stwa w zak\u0142adach produkcyjnych, magazynach oraz centrach logistycznych.","potentialAction":[{"@type":"SearchAction","target":{"@type":"EntryPoint","urlTemplate":"https:\/\/antersystem.com\/ar\/?s={search_term_string}"},"query-input":{"@type":"PropertyValueSpecification","valueRequired":true,"valueName":"search_term_string"}}],"inLanguage":"ar"}]}},"_links":{"self":[{"href":"https:\/\/antersystem.com\/ar\/wp-json\/wp\/v2\/pages\/40919","targetHints":{"allow":["GET"]}}],"collection":[{"href":"https:\/\/antersystem.com\/ar\/wp-json\/wp\/v2\/pages"}],"about":[{"href":"https:\/\/antersystem.com\/ar\/wp-json\/wp\/v2\/types\/page"}],"author":[{"embeddable":true,"href":"https:\/\/antersystem.com\/ar\/wp-json\/wp\/v2\/users\/11"}],"replies":[{"embeddable":true,"href":"https:\/\/antersystem.com\/ar\/wp-json\/wp\/v2\/comments?post=40919"}],"version-history":[{"count":1,"href":"https:\/\/antersystem.com\/ar\/wp-json\/wp\/v2\/pages\/40919\/revisions"}],"predecessor-version":[{"id":40937,"href":"https:\/\/antersystem.com\/ar\/wp-json\/wp\/v2\/pages\/40919\/revisions\/40937"}],"up":[{"embeddable":true,"href":"https:\/\/antersystem.com\/ar\/wp-json\/wp\/v2\/pages\/30526"}],"wp:featuredmedia":[{"embeddable":true,"href":"https:\/\/antersystem.com\/ar\/wp-json\/wp\/v2\/media\/40825"}],"wp:attachment":[{"href":"https:\/\/antersystem.com\/ar\/wp-json\/wp\/v2\/media?parent=40919"}],"curies":[{"name":"wp","href":"https:\/\/api.w.org\/{rel}","templated":true}]}}