{"id":10988,"date":"2024-10-07T13:21:59","date_gmt":"2024-10-07T11:21:59","guid":{"rendered":"https:\/\/new.antersystem.com\/warsaw-industry-week-2024\/"},"modified":"2026-01-30T14:30:55","modified_gmt":"2026-01-30T13:30:55","slug":"warsaw-industry-week-2024","status":"publish","type":"page","link":"https:\/\/antersystem.com\/cs\/novinky\/warsaw-industry-week-2024\/","title":{"rendered":"Warsaw Industry Week 2024"},"content":{"rendered":"\n<div class=\"wp-block-columns is-layout-flex wp-container-core-columns-is-layout-9d6595d7 wp-block-columns-is-layout-flex\">\n<div class=\"wp-block-column is-layout-flow wp-block-column-is-layout-flow\" style=\"flex-basis:10%\"><\/div>\n\n\n\n<div class=\"wp-block-column is-layout-flow wp-block-column-is-layout-flow\">\n<h2 class=\"wp-block-heading\">Seznamte se s n\u00e1mi na Warsaw Industry Week!<\/h2>\n\n\n\n<p>Dal\u0161\u00ed ro\u010dn\u00edk nejv\u011bt\u0161\u00edho polsk\u00e9ho pr\u016fmyslov\u00e9ho veletrhu je ji\u017e za rohem! Od <strong>5. do 7. listopadu<\/strong> se ve Var\u0161av\u011b <strong>na v\u00fdstavn\u00ed<\/strong> plo\u0161e <strong>o rozloze<\/strong> 65 <strong>000 m\u00b2<\/strong> p\u0159edstav\u00ed \u0161pi\u010dky v oboru s nejnov\u011bj\u0161\u00edmi inovacemi na veletrhu Ptak Expo. Svou \u00fa\u010dast <strong>potvrdilo<\/strong> v\u00edce ne\u017e <strong>370 spole\u010dnost\u00ed<\/strong>, kter\u00e9 p\u0159edstavily pokro\u010dil\u00e9 technologie a n\u00e1stroje podporuj\u00edc\u00ed r\u016fst r\u016fzn\u00fdch pr\u016fmyslov\u00fdch odv\u011btv\u00ed.<\/p>\n\n\n\n<p><strong>Spole\u010dnost Anter System zde rovn\u011b\u017e p\u0159edstav\u00ed sv\u00e1 inovativn\u00ed \u0159e\u0161en\u00ed &#8211;<\/strong> modul\u00e1rn\u00ed syst\u00e9m flexibiln\u00edch polymerov\u00fdch bari\u00e9r ur\u010den\u00fdch pro pr\u016fmyslovou bezpe\u010dnost, v\u010detn\u011b <strong>modern\u00edch automatick\u00fdch bezpe\u010dnostn\u00edch bran.<\/strong> Zveme v\u00e1s k n\u00e1v\u0161t\u011bv\u011b na\u0161eho st\u00e1nku a k rozhovoru s na\u0161imi odborn\u00edky o \u00fa\u010dinn\u00e9 ochran\u011b infrastruktury, stroj\u016f a zam\u011bstnanc\u016f ve v\u00fdrobn\u00edch hal\u00e1ch, skladech a nakl\u00e1dac\u00edch doc\u00edch.<\/p>\n\n\n\n<p><strong><a href=\"https:\/\/industryweek.pl\/\" target=\"_blank\" rel=\"noreferrer noopener\">Warsaw Industry Week<\/a><\/strong> je nejen nejv\u011bt\u0161\u00edm pr\u016fmyslov\u00fdm veletrhem v Polsku <strong>,<\/strong> ale tak\u00e9 jedine\u010dnou iniciativou <strong>vytvo\u0159enou pr\u016fmyslem pro pr\u016fmysl.<\/strong> Sou\u010d\u00e1st\u00ed akce je odborn\u00fd kongres, kter\u00fd \u00fa\u010dastn\u00edk\u016fm nab\u00edz\u00ed mo\u017enost aktualizovat sv\u00e9 znalosti, z\u00edskat nov\u00e9 dovednosti a prozkoumat nejnov\u011bj\u0161\u00ed trendy na trhu. Je to tak\u00e9 <strong>vynikaj\u00edc\u00ed m\u00edsto pro budov\u00e1n\u00ed obchodn\u00edch vztah\u016f prost\u0159ednictv\u00edm<\/strong> p\u0159\u00edm\u00fdch setk\u00e1n\u00ed a \u017eiv\u00fdch prezentac\u00ed inovativn\u00edch \u0159e\u0161en\u00ed. Pro vystavovatele je to <strong>jedine\u010dn\u00e1 p\u0159\u00edle\u017eitost diskutovat o pot\u0159eb\u00e1ch, v\u00fdzv\u00e1ch a o\u010dek\u00e1v\u00e1n\u00edch pr\u016fmyslu v\u016f\u010di dodavatel\u016fm a<\/strong> jejich produkt\u016fm.<\/p>\n\n\n\n<p>Spole\u010dnost <strong>Anter System<\/strong> najdete <strong>v pavilonu C, st\u00e1nek C2.41a.<\/strong> Budeme tam od 10: <strong>00 do 17:00 &#8211; uvid\u00edme se ve Var\u0161av\u011b!<\/strong> <\/p>\n\n\n\n<p>Chcete si b\u011bhem veletrhu <strong>domluvit sch\u016fzku se<\/strong> specialisty spole\u010dnosti Anter System? Napi\u0161te n\u00e1m na: <a href=\"mailto:contact@antersystem.com\">contact@antersystem.com<\/a><\/p>\n\n\n\n<p><\/p>\n<\/div>\n\n\n\n<div class=\"wp-block-column is-layout-flow wp-block-column-is-layout-flow\" style=\"flex-basis:10%\"><\/div>\n<\/div>\n<div class=\"wp-block-image\">\n<figure class=\"aligncenter size-large is-resized\"><img loading=\"lazy\" decoding=\"async\" width=\"1024\" height=\"576\" src=\"https:\/\/antersystem.com\/wp-content\/uploads\/warsaw_industry_week2-1-1024x576.jpg\" alt=\"Anter System na Warsaw Industry Week 2024\" class=\"wp-image-5501\" style=\"width:620px;height:auto\" srcset=\"https:\/\/antersystem.com\/wp-content\/uploads\/warsaw_industry_week2-1-1024x576.jpg 1024w, https:\/\/antersystem.com\/wp-content\/uploads\/warsaw_industry_week2-1-300x169.jpg 300w, https:\/\/antersystem.com\/wp-content\/uploads\/warsaw_industry_week2-1-768x432.jpg 768w, https:\/\/antersystem.com\/wp-content\/uploads\/warsaw_industry_week2-1-450x253.jpg 450w, https:\/\/antersystem.com\/wp-content\/uploads\/warsaw_industry_week2-1-330x186.jpg 330w, https:\/\/antersystem.com\/wp-content\/uploads\/warsaw_industry_week2-1.jpg 1115w\" sizes=\"auto, (max-width: 1024px) 100vw, 1024px\" \/><\/figure><\/div>","protected":false},"excerpt":{"rendered":"<p>Seznamte se s n\u00e1mi na Warsaw Industry Week! Dal\u0161\u00ed ro\u010dn\u00edk nejv\u011bt\u0161\u00edho polsk\u00e9ho pr\u016fmyslov\u00e9ho veletrhu je ji\u017e za rohem! Od 5. do 7. listopadu se ve Var\u0161av\u011b na v\u00fdstavn\u00ed plo\u0161e o rozloze 65 000 m\u00b2 p\u0159edstav\u00ed \u0161pi\u010dky v oboru s nejnov\u011bj\u0161\u00edmi inovacemi na veletrhu Ptak Expo. Svou \u00fa\u010dast potvrdilo v\u00edce ne\u017e 370 spole\u010dnost\u00ed, kter\u00e9 p\u0159edstavily pokro\u010dil\u00e9 [&hellip;]<\/p>\n","protected":false},"author":1,"featured_media":0,"parent":30524,"menu_order":0,"comment_status":"closed","ping_status":"closed","template":"","meta":{"inline_featured_image":false,"ngg_post_thumbnail":0,"footnotes":""},"class_list":["post-10988","page","type-page","status-publish","hentry"],"acf":[],"yoast_head":"<!-- This site is optimized with the Yoast SEO plugin v27.0 - https:\/\/yoast.com\/product\/yoast-seo-wordpress\/ -->\n<title>Warsaw Industry Week 2024 - Anter System<\/title>\n<meta name=\"description\" content=\"EcoVadis pozwala firmom oceni\u0107 jak skutecznie zarz\u0105dzaj\u0105 swoimi praktykami odpowiedzialno\u015bci spo\u0142ecznej. Anter System anga\u017euje se...\" \/>\n<meta name=\"robots\" content=\"index, follow, max-snippet:-1, max-image-preview:large, max-video-preview:-1\" \/>\n<link rel=\"canonical\" href=\"https:\/\/antersystem.com\/cs\/novinky\/warsaw-industry-week-2024\/\" \/>\n<meta property=\"og:locale\" content=\"cs_CZ\" \/>\n<meta property=\"og:type\" content=\"article\" \/>\n<meta property=\"og:title\" content=\"Warsaw Industry Week 2024 - Anter System\" \/>\n<meta property=\"og:description\" content=\"EcoVadis pozwala firmom oceni\u0107 jak skutecznie zarz\u0105dzaj\u0105 swoimi praktykami odpowiedzialno\u015bci spo\u0142ecznej. Anter System anga\u017euje se...\" \/>\n<meta property=\"og:url\" content=\"https:\/\/antersystem.com\/cs\/novinky\/warsaw-industry-week-2024\/\" \/>\n<meta property=\"og:site_name\" content=\"Anter System\" \/>\n<meta property=\"article:modified_time\" content=\"2026-01-30T13:30:55+00:00\" \/>\n<meta property=\"og:image\" content=\"https:\/\/antersystem.com\/wp-content\/uploads\/warsaw_industry_week2-1-1024x576.jpg\" \/>\n<meta name=\"twitter:card\" content=\"summary_large_image\" \/>\n<meta name=\"twitter:label1\" content=\"Odhadovan\u00e1 doba \u010dten\u00ed\" \/>\n\t<meta name=\"twitter:data1\" content=\"2 minuty\" \/>\n<script type=\"application\/ld+json\" class=\"yoast-schema-graph\">{\"@context\":\"https:\/\/schema.org\",\"@graph\":[{\"@type\":\"WebPage\",\"@id\":\"https:\/\/antersystem.com\/cs\/novinky\/warsaw-industry-week-2024\/\",\"url\":\"https:\/\/antersystem.com\/cs\/novinky\/warsaw-industry-week-2024\/\",\"name\":\"Warsaw Industry Week 2024 - Anter System\",\"isPartOf\":{\"@id\":\"https:\/\/antersystem.com\/cs\/#website\"},\"primaryImageOfPage\":{\"@id\":\"https:\/\/antersystem.com\/cs\/novinky\/warsaw-industry-week-2024\/#primaryimage\"},\"image\":{\"@id\":\"https:\/\/antersystem.com\/cs\/novinky\/warsaw-industry-week-2024\/#primaryimage\"},\"thumbnailUrl\":\"https:\/\/antersystem.com\/wp-content\/uploads\/warsaw_industry_week2-1-1024x576.jpg\",\"datePublished\":\"2024-10-07T11:21:59+00:00\",\"dateModified\":\"2026-01-30T13:30:55+00:00\",\"description\":\"EcoVadis pozwala firmom oceni\u0107 jak skutecznie zarz\u0105dzaj\u0105 swoimi praktykami odpowiedzialno\u015bci spo\u0142ecznej. Anter System anga\u017euje se...\",\"breadcrumb\":{\"@id\":\"https:\/\/antersystem.com\/cs\/novinky\/warsaw-industry-week-2024\/#breadcrumb\"},\"inLanguage\":\"cs\",\"potentialAction\":[{\"@type\":\"ReadAction\",\"target\":[\"https:\/\/antersystem.com\/cs\/novinky\/warsaw-industry-week-2024\/\"]}]},{\"@type\":\"ImageObject\",\"inLanguage\":\"cs\",\"@id\":\"https:\/\/antersystem.com\/cs\/novinky\/warsaw-industry-week-2024\/#primaryimage\",\"url\":\"https:\/\/antersystem.com\/wp-content\/uploads\/warsaw_industry_week2-1-1024x576.jpg\",\"contentUrl\":\"https:\/\/antersystem.com\/wp-content\/uploads\/warsaw_industry_week2-1-1024x576.jpg\"},{\"@type\":\"BreadcrumbList\",\"@id\":\"https:\/\/antersystem.com\/cs\/novinky\/warsaw-industry-week-2024\/#breadcrumb\",\"itemListElement\":[{\"@type\":\"ListItem\",\"position\":1,\"name\":\"AnterSystem\",\"item\":\"https:\/\/antersystem.com\/cs\/\"},{\"@type\":\"ListItem\",\"position\":2,\"name\":\"Zpr\u00e1vy\",\"item\":\"https:\/\/antersystem.com\/cs\/novinky\/\"},{\"@type\":\"ListItem\",\"position\":3,\"name\":\"Warsaw Industry Week 2024\"}]},{\"@type\":\"WebSite\",\"@id\":\"https:\/\/antersystem.com\/cs\/#website\",\"url\":\"https:\/\/antersystem.com\/cs\/\",\"name\":\"Anter System\",\"description\":\"Jeste\u015bmy polskim producentem elastycznych barier ochronnych wykonywanych z polimerowych tworzyw sztucznych. Na rynku krajowym i zagranicznym dzia\u0142amy od ponad 15 lat dbaj\u0105c o zapewnienie bezpiecze\u0144stwa w zak\u0142adach produkcyjnych, magazynach oraz centrach logistycznych.\",\"potentialAction\":[{\"@type\":\"SearchAction\",\"target\":{\"@type\":\"EntryPoint\",\"urlTemplate\":\"https:\/\/antersystem.com\/cs\/?s={search_term_string}\"},\"query-input\":{\"@type\":\"PropertyValueSpecification\",\"valueRequired\":true,\"valueName\":\"search_term_string\"}}],\"inLanguage\":\"cs\"}]}<\/script>\n<!-- \/ Yoast SEO plugin. -->","yoast_head_json":{"title":"Warsaw Industry Week 2024 - Anter System","description":"EcoVadis pozwala firmom oceni\u0107 jak skutecznie zarz\u0105dzaj\u0105 swoimi praktykami odpowiedzialno\u015bci spo\u0142ecznej. Anter System anga\u017euje se...","robots":{"index":"index","follow":"follow","max-snippet":"max-snippet:-1","max-image-preview":"max-image-preview:large","max-video-preview":"max-video-preview:-1"},"canonical":"https:\/\/antersystem.com\/cs\/novinky\/warsaw-industry-week-2024\/","og_locale":"cs_CZ","og_type":"article","og_title":"Warsaw Industry Week 2024 - Anter System","og_description":"EcoVadis pozwala firmom oceni\u0107 jak skutecznie zarz\u0105dzaj\u0105 swoimi praktykami odpowiedzialno\u015bci spo\u0142ecznej. Anter System anga\u017euje se...","og_url":"https:\/\/antersystem.com\/cs\/novinky\/warsaw-industry-week-2024\/","og_site_name":"Anter System","article_modified_time":"2026-01-30T13:30:55+00:00","og_image":[{"url":"https:\/\/antersystem.com\/wp-content\/uploads\/warsaw_industry_week2-1-1024x576.jpg","type":"","width":"","height":""}],"twitter_card":"summary_large_image","twitter_misc":{"Odhadovan\u00e1 doba \u010dten\u00ed":"2 minuty"},"schema":{"@context":"https:\/\/schema.org","@graph":[{"@type":"WebPage","@id":"https:\/\/antersystem.com\/cs\/novinky\/warsaw-industry-week-2024\/","url":"https:\/\/antersystem.com\/cs\/novinky\/warsaw-industry-week-2024\/","name":"Warsaw Industry Week 2024 - Anter System","isPartOf":{"@id":"https:\/\/antersystem.com\/cs\/#website"},"primaryImageOfPage":{"@id":"https:\/\/antersystem.com\/cs\/novinky\/warsaw-industry-week-2024\/#primaryimage"},"image":{"@id":"https:\/\/antersystem.com\/cs\/novinky\/warsaw-industry-week-2024\/#primaryimage"},"thumbnailUrl":"https:\/\/antersystem.com\/wp-content\/uploads\/warsaw_industry_week2-1-1024x576.jpg","datePublished":"2024-10-07T11:21:59+00:00","dateModified":"2026-01-30T13:30:55+00:00","description":"EcoVadis pozwala firmom oceni\u0107 jak skutecznie zarz\u0105dzaj\u0105 swoimi praktykami odpowiedzialno\u015bci spo\u0142ecznej. Anter System anga\u017euje se...","breadcrumb":{"@id":"https:\/\/antersystem.com\/cs\/novinky\/warsaw-industry-week-2024\/#breadcrumb"},"inLanguage":"cs","potentialAction":[{"@type":"ReadAction","target":["https:\/\/antersystem.com\/cs\/novinky\/warsaw-industry-week-2024\/"]}]},{"@type":"ImageObject","inLanguage":"cs","@id":"https:\/\/antersystem.com\/cs\/novinky\/warsaw-industry-week-2024\/#primaryimage","url":"https:\/\/antersystem.com\/wp-content\/uploads\/warsaw_industry_week2-1-1024x576.jpg","contentUrl":"https:\/\/antersystem.com\/wp-content\/uploads\/warsaw_industry_week2-1-1024x576.jpg"},{"@type":"BreadcrumbList","@id":"https:\/\/antersystem.com\/cs\/novinky\/warsaw-industry-week-2024\/#breadcrumb","itemListElement":[{"@type":"ListItem","position":1,"name":"AnterSystem","item":"https:\/\/antersystem.com\/cs\/"},{"@type":"ListItem","position":2,"name":"Zpr\u00e1vy","item":"https:\/\/antersystem.com\/cs\/novinky\/"},{"@type":"ListItem","position":3,"name":"Warsaw Industry Week 2024"}]},{"@type":"WebSite","@id":"https:\/\/antersystem.com\/cs\/#website","url":"https:\/\/antersystem.com\/cs\/","name":"Anter System","description":"Jeste\u015bmy polskim producentem elastycznych barier ochronnych wykonywanych z polimerowych tworzyw sztucznych. Na rynku krajowym i zagranicznym dzia\u0142amy od ponad 15 lat dbaj\u0105c o zapewnienie bezpiecze\u0144stwa w zak\u0142adach produkcyjnych, magazynach oraz centrach logistycznych.","potentialAction":[{"@type":"SearchAction","target":{"@type":"EntryPoint","urlTemplate":"https:\/\/antersystem.com\/cs\/?s={search_term_string}"},"query-input":{"@type":"PropertyValueSpecification","valueRequired":true,"valueName":"search_term_string"}}],"inLanguage":"cs"}]}},"_links":{"self":[{"href":"https:\/\/antersystem.com\/cs\/wp-json\/wp\/v2\/pages\/10988","targetHints":{"allow":["GET"]}}],"collection":[{"href":"https:\/\/antersystem.com\/cs\/wp-json\/wp\/v2\/pages"}],"about":[{"href":"https:\/\/antersystem.com\/cs\/wp-json\/wp\/v2\/types\/page"}],"author":[{"embeddable":true,"href":"https:\/\/antersystem.com\/cs\/wp-json\/wp\/v2\/users\/1"}],"replies":[{"embeddable":true,"href":"https:\/\/antersystem.com\/cs\/wp-json\/wp\/v2\/comments?post=10988"}],"version-history":[{"count":3,"href":"https:\/\/antersystem.com\/cs\/wp-json\/wp\/v2\/pages\/10988\/revisions"}],"predecessor-version":[{"id":15447,"href":"https:\/\/antersystem.com\/cs\/wp-json\/wp\/v2\/pages\/10988\/revisions\/15447"}],"up":[{"embeddable":true,"href":"https:\/\/antersystem.com\/cs\/wp-json\/wp\/v2\/pages\/30524"}],"wp:attachment":[{"href":"https:\/\/antersystem.com\/cs\/wp-json\/wp\/v2\/media?parent=10988"}],"curies":[{"name":"wp","href":"https:\/\/api.w.org\/{rel}","templated":true}]}}