{"id":12767,"date":"2024-06-28T09:56:14","date_gmt":"2024-06-28T07:56:14","guid":{"rendered":"https:\/\/new.antersystem.com\/sustainable-practices\/"},"modified":"2026-01-30T14:30:55","modified_gmt":"2026-01-30T13:30:55","slug":"sustainable-practices","status":"publish","type":"page","link":"https:\/\/antersystem.com\/cs\/novinky\/sustainable-practices\/","title":{"rendered":"Udr\u017eiteln\u00e9 postupy"},"content":{"rendered":"\n<div class=\"wp-block-columns is-layout-flex wp-container-core-columns-is-layout-9d6595d7 wp-block-columns-is-layout-flex\">\n<div class=\"wp-block-column is-layout-flow wp-block-column-is-layout-flow\" style=\"flex-basis:10%\"><\/div>\n\n\n\n<div class=\"wp-block-column is-layout-flow wp-block-column-is-layout-flow\">\n<h2 class=\"wp-block-heading\">Dr\u017een\u00ed kroku s glob\u00e1ln\u00edmi iniciativami a standardy<\/h2>\n\n\n\n<p><strong>EcoVadis pom\u00e1h\u00e1 spole\u010dnostem vyhodnocovat, jak efektivn\u011b \u0159\u00edd\u00ed sv\u00e9 postupy v oblasti spole\u010densk\u00e9 odpov\u011bdnosti.  <\/strong>  Spole\u010dnost Anter System se zav\u00e1zala p\u0159edch\u00e1zet zne\u010di\u0161\u0165ov\u00e1n\u00ed \u017eivotn\u00edho prost\u0159ed\u00ed, dod\u00e1vat etick\u00e9 v\u00fdrobky a pou\u017e\u00edvat udr\u017eiteln\u00e9 obchodn\u00ed modely. V roce 2024 bylo na\u0161e \u00fasil\u00ed op\u011bt ocen\u011bno <strong>st\u0159\u00edbrnou medail\u00ed EcoVadis, stejn\u011b<\/strong> jako v p\u0159edchoz\u00edm roce.<\/p>\n\n\n\n<p>Toto ocen\u011bn\u00ed potvrzuje, \u017ee spole\u010dnost dos\u00e1hla vysok\u00fdch v\u00fdsledk\u016f v n\u00e1sleduj\u00edc\u00edch oblastech:<\/p>\n\n\n\n<p><strong>\u017divotn\u00ed prost\u0159ed\u00ed:<\/strong> Z\u00e1sady a opat\u0159en\u00ed t\u00fdkaj\u00edc\u00ed se \u0159\u00edzen\u00ed dopadu spole\u010dnosti na \u017eivotn\u00ed prost\u0159ed\u00ed, v\u010detn\u011b \u0159\u00edzen\u00ed emis\u00ed, \u00fa\u010dinn\u00e9ho vyu\u017e\u00edv\u00e1n\u00ed zdroj\u016f a iniciativ v oblasti udr\u017eitelnosti.<\/p>\n\n\n\n<p><strong>Pr\u00e1ce a lidsk\u00e1 pr\u00e1va:<\/strong> Pracovn\u00ed podm\u00ednky, dodr\u017eov\u00e1n\u00ed pr\u00e1v zam\u011bstnanc\u016f, bezpe\u010dnost a ochrana zdrav\u00ed p\u0159i pr\u00e1ci, jako\u017e i z\u00e1sady rozmanitosti a za\u010dlen\u011bn\u00ed.<\/p>\n\n\n\n<p><strong>Etika:<\/strong> Etick\u00e9 z\u00e1sady, protikorup\u010dn\u00ed opat\u0159en\u00ed, transparentnost a dodr\u017eov\u00e1n\u00ed pr\u00e1vn\u00edch p\u0159edpis\u016f.<\/p>\n\n\n\n<p><strong>Udr\u017eiteln\u00e9 zad\u00e1v\u00e1n\u00ed ve\u0159ejn\u00fdch zak\u00e1zek:<\/strong> Z\u00e1sady podporuj\u00edc\u00ed etick\u00e9 a udr\u017eiteln\u00e9 n\u00e1kupn\u00ed postupy, v\u00fdb\u011br dodavatel\u016f a \u0159\u00edzen\u00ed dodavatelsk\u00e9ho \u0159et\u011bzce.<\/p>\n\n\n\n<p>St\u0159\u00edbrn\u00e1 medaile n\u00e1s \u0159ad\u00ed mezi 15 % nejlep\u0161\u00edch spole\u010dnost\u00ed hodnocen\u00fdch spole\u010dnost\u00ed EcoVadis a zd\u016fraz\u0148uje n\u00e1\u0161 aktivn\u00ed z\u00e1vazek k udr\u017eitelnosti a spole\u010densk\u00e9 odpov\u011bdnosti. D\u011bkujeme v\u0161em, kte\u0159\u00ed se na t\u011bchto v\u00fdsledc\u00edch spole\u010dnosti Anter System pod\u00edleli, a na\u0161im klient\u016fm za jejich trvalou d\u016fv\u011bru.<\/p>\n<\/div>\n\n\n\n<div class=\"wp-block-column is-layout-flow wp-block-column-is-layout-flow\" style=\"flex-basis:10%\"><\/div>\n<\/div>\n<div class=\"wp-block-image\">\n<figure class=\"aligncenter size-large is-resized\"><img loading=\"lazy\" decoding=\"async\" width=\"1024\" height=\"535\" src=\"https:\/\/antersystem.com\/wp-content\/uploads\/ECOVADIS-1-1024x535.webp\" alt=\"Na obr&#xE1;zku je st&#x159;&#xED;brn&#xE1; medaile EcoVadis. Potvrzuje vysokou v&#xFD;konnost v oblasti spole&#x10D;ensk&#xE9; odpov&#x11B;dnosti, etiky, ochrany &#x17E;ivotn&#xED;ho prost&#x159;ed&#xED; a udr&#x17E;iteln&#xE9;ho &#x159;&#xED;zen&#xED;. \" class=\"wp-image-4968\" style=\"width:620px;height:auto\" srcset=\"https:\/\/antersystem.com\/wp-content\/uploads\/ECOVADIS-1-1024x535.webp 1024w, https:\/\/antersystem.com\/wp-content\/uploads\/ECOVADIS-1-300x157.webp 300w, https:\/\/antersystem.com\/wp-content\/uploads\/ECOVADIS-1-768x401.webp 768w, https:\/\/antersystem.com\/wp-content\/uploads\/ECOVADIS-1-450x235.webp 450w, https:\/\/antersystem.com\/wp-content\/uploads\/ECOVADIS-1-330x172.webp 330w, https:\/\/antersystem.com\/wp-content\/uploads\/ECOVADIS-1.webp 1200w\" sizes=\"auto, (max-width: 1024px) 100vw, 1024px\" \/><\/figure><\/div>","protected":false},"excerpt":{"rendered":"<p>Dr\u017een\u00ed kroku s glob\u00e1ln\u00edmi iniciativami a standardy EcoVadis pom\u00e1h\u00e1 spole\u010dnostem vyhodnocovat, jak efektivn\u011b \u0159\u00edd\u00ed sv\u00e9 postupy v oblasti spole\u010densk\u00e9 odpov\u011bdnosti. Spole\u010dnost Anter System se zav\u00e1zala p\u0159edch\u00e1zet zne\u010di\u0161\u0165ov\u00e1n\u00ed \u017eivotn\u00edho prost\u0159ed\u00ed, dod\u00e1vat etick\u00e9 v\u00fdrobky a pou\u017e\u00edvat udr\u017eiteln\u00e9 obchodn\u00ed modely. V roce 2024 bylo na\u0161e \u00fasil\u00ed op\u011bt ocen\u011bno st\u0159\u00edbrnou medail\u00ed EcoVadis, stejn\u011b jako v p\u0159edchoz\u00edm roce. Toto ocen\u011bn\u00ed [&hellip;]<\/p>\n","protected":false},"author":1,"featured_media":0,"parent":30524,"menu_order":0,"comment_status":"closed","ping_status":"closed","template":"","meta":{"inline_featured_image":false,"ngg_post_thumbnail":0,"footnotes":""},"class_list":["post-12767","page","type-page","status-publish","hentry"],"acf":[],"yoast_head":"<!-- This site is optimized with the Yoast SEO plugin v27.0 - https:\/\/yoast.com\/product\/yoast-seo-wordpress\/ -->\n<title>Udr\u017eiteln\u00e9 postupy - Anter System<\/title>\n<meta name=\"description\" content=\"Dr\u017een\u00ed kroku s glob\u00e1ln\u00edmi iniciativami a standardy EcoVadis pom\u00e1h\u00e1 spole\u010dnostem vyhodnocovat, jak efektivn\u011b \u0159\u00edd\u00ed sv\u00e9 postupy v oblasti spole\u010densk\u00e9\" \/>\n<meta name=\"robots\" content=\"index, follow, max-snippet:-1, max-image-preview:large, max-video-preview:-1\" \/>\n<link rel=\"canonical\" href=\"https:\/\/antersystem.com\/cs\/novinky\/sustainable-practices\/\" \/>\n<meta property=\"og:locale\" content=\"cs_CZ\" \/>\n<meta property=\"og:type\" content=\"article\" \/>\n<meta property=\"og:title\" content=\"Udr\u017eiteln\u00e9 postupy - Anter System\" \/>\n<meta property=\"og:description\" content=\"Dr\u017een\u00ed kroku s glob\u00e1ln\u00edmi iniciativami a standardy EcoVadis pom\u00e1h\u00e1 spole\u010dnostem vyhodnocovat, jak efektivn\u011b \u0159\u00edd\u00ed sv\u00e9 postupy v oblasti spole\u010densk\u00e9\" \/>\n<meta property=\"og:url\" content=\"https:\/\/antersystem.com\/cs\/novinky\/sustainable-practices\/\" \/>\n<meta property=\"og:site_name\" content=\"Anter System\" \/>\n<meta property=\"article:modified_time\" content=\"2026-01-30T13:30:55+00:00\" \/>\n<meta property=\"og:image\" content=\"https:\/\/antersystem.com\/wp-content\/uploads\/ECOVADIS-1-1024x535.webp\" \/>\n<meta name=\"twitter:card\" content=\"summary_large_image\" \/>\n<meta name=\"twitter:label1\" content=\"Odhadovan\u00e1 doba \u010dten\u00ed\" \/>\n\t<meta name=\"twitter:data1\" content=\"1 minuta\" \/>\n<script type=\"application\/ld+json\" class=\"yoast-schema-graph\">{\"@context\":\"https:\/\/schema.org\",\"@graph\":[{\"@type\":\"WebPage\",\"@id\":\"https:\/\/antersystem.com\/cs\/novinky\/sustainable-practices\/\",\"url\":\"https:\/\/antersystem.com\/cs\/novinky\/sustainable-practices\/\",\"name\":\"Udr\u017eiteln\u00e9 postupy - Anter System\",\"isPartOf\":{\"@id\":\"https:\/\/antersystem.com\/cs\/#website\"},\"primaryImageOfPage\":{\"@id\":\"https:\/\/antersystem.com\/cs\/novinky\/sustainable-practices\/#primaryimage\"},\"image\":{\"@id\":\"https:\/\/antersystem.com\/cs\/novinky\/sustainable-practices\/#primaryimage\"},\"thumbnailUrl\":\"https:\/\/antersystem.com\/wp-content\/uploads\/ECOVADIS-1-1024x535.webp\",\"datePublished\":\"2024-06-28T07:56:14+00:00\",\"dateModified\":\"2026-01-30T13:30:55+00:00\",\"description\":\"Dr\u017een\u00ed kroku s glob\u00e1ln\u00edmi iniciativami a standardy EcoVadis pom\u00e1h\u00e1 spole\u010dnostem vyhodnocovat, jak efektivn\u011b \u0159\u00edd\u00ed sv\u00e9 postupy v oblasti spole\u010densk\u00e9\",\"breadcrumb\":{\"@id\":\"https:\/\/antersystem.com\/cs\/novinky\/sustainable-practices\/#breadcrumb\"},\"inLanguage\":\"cs\",\"potentialAction\":[{\"@type\":\"ReadAction\",\"target\":[\"https:\/\/antersystem.com\/cs\/novinky\/sustainable-practices\/\"]}]},{\"@type\":\"ImageObject\",\"inLanguage\":\"cs\",\"@id\":\"https:\/\/antersystem.com\/cs\/novinky\/sustainable-practices\/#primaryimage\",\"url\":\"https:\/\/antersystem.com\/wp-content\/uploads\/ECOVADIS-1-1024x535.webp\",\"contentUrl\":\"https:\/\/antersystem.com\/wp-content\/uploads\/ECOVADIS-1-1024x535.webp\"},{\"@type\":\"BreadcrumbList\",\"@id\":\"https:\/\/antersystem.com\/cs\/novinky\/sustainable-practices\/#breadcrumb\",\"itemListElement\":[{\"@type\":\"ListItem\",\"position\":1,\"name\":\"AnterSystem\",\"item\":\"https:\/\/antersystem.com\/cs\/\"},{\"@type\":\"ListItem\",\"position\":2,\"name\":\"Zpr\u00e1vy\",\"item\":\"https:\/\/antersystem.com\/cs\/novinky\/\"},{\"@type\":\"ListItem\",\"position\":3,\"name\":\"Udr\u017eiteln\u00e9 postupy\"}]},{\"@type\":\"WebSite\",\"@id\":\"https:\/\/antersystem.com\/cs\/#website\",\"url\":\"https:\/\/antersystem.com\/cs\/\",\"name\":\"Anter System\",\"description\":\"Jeste\u015bmy polskim producentem elastycznych barier ochronnych wykonywanych z polimerowych tworzyw sztucznych. Na rynku krajowym i zagranicznym dzia\u0142amy od ponad 15 lat dbaj\u0105c o zapewnienie bezpiecze\u0144stwa w zak\u0142adach produkcyjnych, magazynach oraz centrach logistycznych.\",\"potentialAction\":[{\"@type\":\"SearchAction\",\"target\":{\"@type\":\"EntryPoint\",\"urlTemplate\":\"https:\/\/antersystem.com\/cs\/?s={search_term_string}\"},\"query-input\":{\"@type\":\"PropertyValueSpecification\",\"valueRequired\":true,\"valueName\":\"search_term_string\"}}],\"inLanguage\":\"cs\"}]}<\/script>\n<!-- \/ Yoast SEO plugin. -->","yoast_head_json":{"title":"Udr\u017eiteln\u00e9 postupy - Anter System","description":"Dr\u017een\u00ed kroku s glob\u00e1ln\u00edmi iniciativami a standardy EcoVadis pom\u00e1h\u00e1 spole\u010dnostem vyhodnocovat, jak efektivn\u011b \u0159\u00edd\u00ed sv\u00e9 postupy v oblasti spole\u010densk\u00e9","robots":{"index":"index","follow":"follow","max-snippet":"max-snippet:-1","max-image-preview":"max-image-preview:large","max-video-preview":"max-video-preview:-1"},"canonical":"https:\/\/antersystem.com\/cs\/novinky\/sustainable-practices\/","og_locale":"cs_CZ","og_type":"article","og_title":"Udr\u017eiteln\u00e9 postupy - Anter System","og_description":"Dr\u017een\u00ed kroku s glob\u00e1ln\u00edmi iniciativami a standardy EcoVadis pom\u00e1h\u00e1 spole\u010dnostem vyhodnocovat, jak efektivn\u011b \u0159\u00edd\u00ed sv\u00e9 postupy v oblasti spole\u010densk\u00e9","og_url":"https:\/\/antersystem.com\/cs\/novinky\/sustainable-practices\/","og_site_name":"Anter System","article_modified_time":"2026-01-30T13:30:55+00:00","og_image":[{"url":"https:\/\/antersystem.com\/wp-content\/uploads\/ECOVADIS-1-1024x535.webp","type":"","width":"","height":""}],"twitter_card":"summary_large_image","twitter_misc":{"Odhadovan\u00e1 doba \u010dten\u00ed":"1 minuta"},"schema":{"@context":"https:\/\/schema.org","@graph":[{"@type":"WebPage","@id":"https:\/\/antersystem.com\/cs\/novinky\/sustainable-practices\/","url":"https:\/\/antersystem.com\/cs\/novinky\/sustainable-practices\/","name":"Udr\u017eiteln\u00e9 postupy - Anter System","isPartOf":{"@id":"https:\/\/antersystem.com\/cs\/#website"},"primaryImageOfPage":{"@id":"https:\/\/antersystem.com\/cs\/novinky\/sustainable-practices\/#primaryimage"},"image":{"@id":"https:\/\/antersystem.com\/cs\/novinky\/sustainable-practices\/#primaryimage"},"thumbnailUrl":"https:\/\/antersystem.com\/wp-content\/uploads\/ECOVADIS-1-1024x535.webp","datePublished":"2024-06-28T07:56:14+00:00","dateModified":"2026-01-30T13:30:55+00:00","description":"Dr\u017een\u00ed kroku s glob\u00e1ln\u00edmi iniciativami a standardy EcoVadis pom\u00e1h\u00e1 spole\u010dnostem vyhodnocovat, jak efektivn\u011b \u0159\u00edd\u00ed sv\u00e9 postupy v oblasti spole\u010densk\u00e9","breadcrumb":{"@id":"https:\/\/antersystem.com\/cs\/novinky\/sustainable-practices\/#breadcrumb"},"inLanguage":"cs","potentialAction":[{"@type":"ReadAction","target":["https:\/\/antersystem.com\/cs\/novinky\/sustainable-practices\/"]}]},{"@type":"ImageObject","inLanguage":"cs","@id":"https:\/\/antersystem.com\/cs\/novinky\/sustainable-practices\/#primaryimage","url":"https:\/\/antersystem.com\/wp-content\/uploads\/ECOVADIS-1-1024x535.webp","contentUrl":"https:\/\/antersystem.com\/wp-content\/uploads\/ECOVADIS-1-1024x535.webp"},{"@type":"BreadcrumbList","@id":"https:\/\/antersystem.com\/cs\/novinky\/sustainable-practices\/#breadcrumb","itemListElement":[{"@type":"ListItem","position":1,"name":"AnterSystem","item":"https:\/\/antersystem.com\/cs\/"},{"@type":"ListItem","position":2,"name":"Zpr\u00e1vy","item":"https:\/\/antersystem.com\/cs\/novinky\/"},{"@type":"ListItem","position":3,"name":"Udr\u017eiteln\u00e9 postupy"}]},{"@type":"WebSite","@id":"https:\/\/antersystem.com\/cs\/#website","url":"https:\/\/antersystem.com\/cs\/","name":"Anter System","description":"Jeste\u015bmy polskim producentem elastycznych barier ochronnych wykonywanych z polimerowych tworzyw sztucznych. Na rynku krajowym i zagranicznym dzia\u0142amy od ponad 15 lat dbaj\u0105c o zapewnienie bezpiecze\u0144stwa w zak\u0142adach produkcyjnych, magazynach oraz centrach logistycznych.","potentialAction":[{"@type":"SearchAction","target":{"@type":"EntryPoint","urlTemplate":"https:\/\/antersystem.com\/cs\/?s={search_term_string}"},"query-input":{"@type":"PropertyValueSpecification","valueRequired":true,"valueName":"search_term_string"}}],"inLanguage":"cs"}]}},"_links":{"self":[{"href":"https:\/\/antersystem.com\/cs\/wp-json\/wp\/v2\/pages\/12767","targetHints":{"allow":["GET"]}}],"collection":[{"href":"https:\/\/antersystem.com\/cs\/wp-json\/wp\/v2\/pages"}],"about":[{"href":"https:\/\/antersystem.com\/cs\/wp-json\/wp\/v2\/types\/page"}],"author":[{"embeddable":true,"href":"https:\/\/antersystem.com\/cs\/wp-json\/wp\/v2\/users\/1"}],"replies":[{"embeddable":true,"href":"https:\/\/antersystem.com\/cs\/wp-json\/wp\/v2\/comments?post=12767"}],"version-history":[{"count":1,"href":"https:\/\/antersystem.com\/cs\/wp-json\/wp\/v2\/pages\/12767\/revisions"}],"predecessor-version":[{"id":12773,"href":"https:\/\/antersystem.com\/cs\/wp-json\/wp\/v2\/pages\/12767\/revisions\/12773"}],"up":[{"embeddable":true,"href":"https:\/\/antersystem.com\/cs\/wp-json\/wp\/v2\/pages\/30524"}],"wp:attachment":[{"href":"https:\/\/antersystem.com\/cs\/wp-json\/wp\/v2\/media?parent=12767"}],"curies":[{"name":"wp","href":"https:\/\/api.w.org\/{rel}","templated":true}]}}