{"id":12883,"date":"2023-09-01T11:11:31","date_gmt":"2023-09-01T09:11:31","guid":{"rendered":"https:\/\/new.antersystem.com\/case-studies\/barriers-traffic-r3\/"},"modified":"2026-01-30T01:31:31","modified_gmt":"2026-01-30T00:31:31","slug":"barriers-traffic-r3","status":"publish","type":"page","link":"https:\/\/antersystem.com\/cs\/case-studies\/barriers-traffic-r3\/","title":{"rendered":"Bari\u00e9ry Traffic R3"},"content":{"rendered":"\n<div class=\"wp-block-columns is-layout-flex wp-container-core-columns-is-layout-9d6595d7 wp-block-columns-is-layout-flex\">\n<div class=\"wp-block-column is-layout-flow wp-block-column-is-layout-flow\" style=\"flex-basis:10%\"><\/div>\n\n\n\n<div class=\"wp-block-column is-layout-flow wp-block-column-is-layout-flow\" style=\"flex-basis:80%\">\n<p class=\"justify-mru\">Dal\u0161\u00ed projekt p\u0159izp\u016fsoben\u00fd individu\u00e1ln\u00edm pot\u0159eb\u00e1m klienta byl realizov\u00e1n pro dodavatele automobilov\u00fdch d\u00edl\u016f z N\u011bmecka. Dopravn\u00ed z\u00e1brany Traffic R3 a Wall PROTECTOR byly navr\u017eeny a instalov\u00e1ny k odd\u011blen\u00ed vysok\u00fdch skladovac\u00edch prostor. Aby se eliminovalo riziko sr\u00e1\u017eky vysokozdvi\u017en\u00fdch voz\u00edk\u016f s chodci, byly zavedeny bezpe\u010dnostn\u00ed br\u00e1ny a automatick\u00e9 dopravn\u00ed z\u00e1brany. \u0158ada pou\u017eit\u00fdch \u0159e\u0161en\u00ed nejen zv\u00fd\u0161ila celkovou \u00farove\u0148 bezpe\u010dnosti, ale tak\u00e9 zefektivnila v\u00fdrobn\u00ed procesy.<\/p>\n\n\n\nngg_shortcode_0_placeholder\n<\/div>\n\n\n\n<div class=\"wp-block-column is-layout-flow wp-block-column-is-layout-flow\" style=\"flex-basis:10%\"><\/div>\n<\/div>\n","protected":false},"excerpt":{"rendered":"<p>Dal\u0161\u00ed projekt p\u0159izp\u016fsoben\u00fd individu\u00e1ln\u00edm pot\u0159eb\u00e1m klienta byl realizov\u00e1n pro dodavatele automobilov\u00fdch d\u00edl\u016f z N\u011bmecka. Dopravn\u00ed z\u00e1brany Traffic R3 a Wall PROTECTOR byly navr\u017eeny a instalov\u00e1ny k odd\u011blen\u00ed vysok\u00fdch skladovac\u00edch prostor. Aby se eliminovalo riziko sr\u00e1\u017eky vysokozdvi\u017en\u00fdch voz\u00edk\u016f s chodci, byly zavedeny bezpe\u010dnostn\u00ed br\u00e1ny a automatick\u00e9 dopravn\u00ed z\u00e1brany. \u0158ada pou\u017eit\u00fdch \u0159e\u0161en\u00ed nejen zv\u00fd\u0161ila celkovou \u00farove\u0148 bezpe\u010dnosti, [&hellip;]<\/p>\n","protected":false},"author":1,"featured_media":0,"parent":12667,"menu_order":0,"comment_status":"closed","ping_status":"closed","template":"","meta":{"inline_featured_image":false,"ngg_post_thumbnail":0,"footnotes":""},"class_list":["post-12883","page","type-page","status-publish","hentry"],"acf":[],"yoast_head":"<!-- This site is optimized with the Yoast SEO plugin v27.0 - https:\/\/yoast.com\/product\/yoast-seo-wordpress\/ -->\n<title>Bari\u00e9ry Traffic R3 - Anter System<\/title>\n<meta name=\"description\" content=\"Dal\u0161\u00ed projekt p\u0159izp\u016fsoben\u00fd individu\u00e1ln\u00edm pot\u0159eb\u00e1m klienta byl realizov\u00e1n pro dodavatele automobilov\u00fdch d\u00edl\u016f z N\u011bmecka. Dopravn\u00ed z\u00e1brany Traffic R3 a Wall\" \/>\n<meta name=\"robots\" content=\"index, follow, max-snippet:-1, max-image-preview:large, max-video-preview:-1\" \/>\n<link rel=\"canonical\" href=\"https:\/\/antersystem.com\/cs\/case-studies\/barriers-traffic-r3\/\" \/>\n<meta property=\"og:locale\" content=\"cs_CZ\" \/>\n<meta property=\"og:type\" content=\"article\" \/>\n<meta property=\"og:title\" content=\"Bari\u00e9ry Traffic R3 - Anter System\" \/>\n<meta property=\"og:description\" content=\"Dal\u0161\u00ed projekt p\u0159izp\u016fsoben\u00fd individu\u00e1ln\u00edm pot\u0159eb\u00e1m klienta byl realizov\u00e1n pro dodavatele automobilov\u00fdch d\u00edl\u016f z N\u011bmecka. Dopravn\u00ed z\u00e1brany Traffic R3 a Wall\" \/>\n<meta property=\"og:url\" content=\"https:\/\/antersystem.com\/cs\/case-studies\/barriers-traffic-r3\/\" \/>\n<meta property=\"og:site_name\" content=\"Anter System\" \/>\n<meta property=\"article:modified_time\" content=\"2026-01-30T00:31:31+00:00\" \/>\n<meta name=\"twitter:card\" content=\"summary_large_image\" \/>\n<meta name=\"twitter:label1\" content=\"Odhadovan\u00e1 doba \u010dten\u00ed\" \/>\n\t<meta name=\"twitter:data1\" content=\"1 minuta\" \/>\n<script type=\"application\/ld+json\" class=\"yoast-schema-graph\">{\"@context\":\"https:\/\/schema.org\",\"@graph\":[{\"@type\":\"WebPage\",\"@id\":\"https:\/\/antersystem.com\/cs\/case-studies\/barriers-traffic-r3\/\",\"url\":\"https:\/\/antersystem.com\/cs\/case-studies\/barriers-traffic-r3\/\",\"name\":\"Bari\u00e9ry Traffic R3 - Anter System\",\"isPartOf\":{\"@id\":\"https:\/\/antersystem.com\/cs\/#website\"},\"datePublished\":\"2023-09-01T09:11:31+00:00\",\"dateModified\":\"2026-01-30T00:31:31+00:00\",\"description\":\"Dal\u0161\u00ed projekt p\u0159izp\u016fsoben\u00fd individu\u00e1ln\u00edm pot\u0159eb\u00e1m klienta byl realizov\u00e1n pro dodavatele automobilov\u00fdch d\u00edl\u016f z N\u011bmecka. Dopravn\u00ed z\u00e1brany Traffic R3 a Wall\",\"breadcrumb\":{\"@id\":\"https:\/\/antersystem.com\/cs\/case-studies\/barriers-traffic-r3\/#breadcrumb\"},\"inLanguage\":\"cs\",\"potentialAction\":[{\"@type\":\"ReadAction\",\"target\":[\"https:\/\/antersystem.com\/cs\/case-studies\/barriers-traffic-r3\/\"]}]},{\"@type\":\"BreadcrumbList\",\"@id\":\"https:\/\/antersystem.com\/cs\/case-studies\/barriers-traffic-r3\/#breadcrumb\",\"itemListElement\":[{\"@type\":\"ListItem\",\"position\":1,\"name\":\"AnterSystem\",\"item\":\"https:\/\/antersystem.com\/cs\/\"},{\"@type\":\"ListItem\",\"position\":2,\"name\":\"P\u0159\u00edpadov\u00e9 studie\",\"item\":\"https:\/\/antersystem.com\/cs\/case-studies\/\"},{\"@type\":\"ListItem\",\"position\":3,\"name\":\"Bari\u00e9ry Traffic R3\"}]},{\"@type\":\"WebSite\",\"@id\":\"https:\/\/antersystem.com\/cs\/#website\",\"url\":\"https:\/\/antersystem.com\/cs\/\",\"name\":\"Anter System\",\"description\":\"Jeste\u015bmy polskim producentem elastycznych barier ochronnych wykonywanych z polimerowych tworzyw sztucznych. Na rynku krajowym i zagranicznym dzia\u0142amy od ponad 15 lat dbaj\u0105c o zapewnienie bezpiecze\u0144stwa w zak\u0142adach produkcyjnych, magazynach oraz centrach logistycznych.\",\"potentialAction\":[{\"@type\":\"SearchAction\",\"target\":{\"@type\":\"EntryPoint\",\"urlTemplate\":\"https:\/\/antersystem.com\/cs\/?s={search_term_string}\"},\"query-input\":{\"@type\":\"PropertyValueSpecification\",\"valueRequired\":true,\"valueName\":\"search_term_string\"}}],\"inLanguage\":\"cs\"}]}<\/script>\n<!-- \/ Yoast SEO plugin. -->","yoast_head_json":{"title":"Bari\u00e9ry Traffic R3 - Anter System","description":"Dal\u0161\u00ed projekt p\u0159izp\u016fsoben\u00fd individu\u00e1ln\u00edm pot\u0159eb\u00e1m klienta byl realizov\u00e1n pro dodavatele automobilov\u00fdch d\u00edl\u016f z N\u011bmecka. Dopravn\u00ed z\u00e1brany Traffic R3 a Wall","robots":{"index":"index","follow":"follow","max-snippet":"max-snippet:-1","max-image-preview":"max-image-preview:large","max-video-preview":"max-video-preview:-1"},"canonical":"https:\/\/antersystem.com\/cs\/case-studies\/barriers-traffic-r3\/","og_locale":"cs_CZ","og_type":"article","og_title":"Bari\u00e9ry Traffic R3 - Anter System","og_description":"Dal\u0161\u00ed projekt p\u0159izp\u016fsoben\u00fd individu\u00e1ln\u00edm pot\u0159eb\u00e1m klienta byl realizov\u00e1n pro dodavatele automobilov\u00fdch d\u00edl\u016f z N\u011bmecka. Dopravn\u00ed z\u00e1brany Traffic R3 a Wall","og_url":"https:\/\/antersystem.com\/cs\/case-studies\/barriers-traffic-r3\/","og_site_name":"Anter System","article_modified_time":"2026-01-30T00:31:31+00:00","twitter_card":"summary_large_image","twitter_misc":{"Odhadovan\u00e1 doba \u010dten\u00ed":"1 minuta"},"schema":{"@context":"https:\/\/schema.org","@graph":[{"@type":"WebPage","@id":"https:\/\/antersystem.com\/cs\/case-studies\/barriers-traffic-r3\/","url":"https:\/\/antersystem.com\/cs\/case-studies\/barriers-traffic-r3\/","name":"Bari\u00e9ry Traffic R3 - Anter System","isPartOf":{"@id":"https:\/\/antersystem.com\/cs\/#website"},"datePublished":"2023-09-01T09:11:31+00:00","dateModified":"2026-01-30T00:31:31+00:00","description":"Dal\u0161\u00ed projekt p\u0159izp\u016fsoben\u00fd individu\u00e1ln\u00edm pot\u0159eb\u00e1m klienta byl realizov\u00e1n pro dodavatele automobilov\u00fdch d\u00edl\u016f z N\u011bmecka. Dopravn\u00ed z\u00e1brany Traffic R3 a Wall","breadcrumb":{"@id":"https:\/\/antersystem.com\/cs\/case-studies\/barriers-traffic-r3\/#breadcrumb"},"inLanguage":"cs","potentialAction":[{"@type":"ReadAction","target":["https:\/\/antersystem.com\/cs\/case-studies\/barriers-traffic-r3\/"]}]},{"@type":"BreadcrumbList","@id":"https:\/\/antersystem.com\/cs\/case-studies\/barriers-traffic-r3\/#breadcrumb","itemListElement":[{"@type":"ListItem","position":1,"name":"AnterSystem","item":"https:\/\/antersystem.com\/cs\/"},{"@type":"ListItem","position":2,"name":"P\u0159\u00edpadov\u00e9 studie","item":"https:\/\/antersystem.com\/cs\/case-studies\/"},{"@type":"ListItem","position":3,"name":"Bari\u00e9ry Traffic R3"}]},{"@type":"WebSite","@id":"https:\/\/antersystem.com\/cs\/#website","url":"https:\/\/antersystem.com\/cs\/","name":"Anter System","description":"Jeste\u015bmy polskim producentem elastycznych barier ochronnych wykonywanych z polimerowych tworzyw sztucznych. Na rynku krajowym i zagranicznym dzia\u0142amy od ponad 15 lat dbaj\u0105c o zapewnienie bezpiecze\u0144stwa w zak\u0142adach produkcyjnych, magazynach oraz centrach logistycznych.","potentialAction":[{"@type":"SearchAction","target":{"@type":"EntryPoint","urlTemplate":"https:\/\/antersystem.com\/cs\/?s={search_term_string}"},"query-input":{"@type":"PropertyValueSpecification","valueRequired":true,"valueName":"search_term_string"}}],"inLanguage":"cs"}]}},"_links":{"self":[{"href":"https:\/\/antersystem.com\/cs\/wp-json\/wp\/v2\/pages\/12883","targetHints":{"allow":["GET"]}}],"collection":[{"href":"https:\/\/antersystem.com\/cs\/wp-json\/wp\/v2\/pages"}],"about":[{"href":"https:\/\/antersystem.com\/cs\/wp-json\/wp\/v2\/types\/page"}],"author":[{"embeddable":true,"href":"https:\/\/antersystem.com\/cs\/wp-json\/wp\/v2\/users\/1"}],"replies":[{"embeddable":true,"href":"https:\/\/antersystem.com\/cs\/wp-json\/wp\/v2\/comments?post=12883"}],"version-history":[{"count":1,"href":"https:\/\/antersystem.com\/cs\/wp-json\/wp\/v2\/pages\/12883\/revisions"}],"predecessor-version":[{"id":12885,"href":"https:\/\/antersystem.com\/cs\/wp-json\/wp\/v2\/pages\/12883\/revisions\/12885"}],"up":[{"embeddable":true,"href":"https:\/\/antersystem.com\/cs\/wp-json\/wp\/v2\/pages\/12667"}],"wp:attachment":[{"href":"https:\/\/antersystem.com\/cs\/wp-json\/wp\/v2\/media?parent=12883"}],"curies":[{"name":"wp","href":"https:\/\/api.w.org\/{rel}","templated":true}]}}