{"id":12918,"date":"2023-09-01T11:13:45","date_gmt":"2023-09-01T09:13:45","guid":{"rendered":"https:\/\/new.antersystem.com\/case-studies\/gb-barriers\/"},"modified":"2026-01-30T01:31:31","modified_gmt":"2026-01-30T00:31:31","slug":"gb-barriers","status":"publish","type":"page","link":"https:\/\/antersystem.com\/cs\/case-studies\/gb-barriers\/","title":{"rendered":"Bari\u00e9ry GB"},"content":{"rendered":"\n<div class=\"wp-block-columns is-layout-flex wp-container-core-columns-is-layout-9d6595d7 wp-block-columns-is-layout-flex\">\n<div class=\"wp-block-column is-layout-flow wp-block-column-is-layout-flow\" style=\"flex-basis:10%\"><\/div>\n\n\n\n<div class=\"wp-block-column is-layout-flow wp-block-column-is-layout-flow\" style=\"flex-basis:80%\">\n<p class=\"justify-mru\">Pro nejv\u011bt\u0161\u00edho americk\u00e9ho provozovatele specializuj\u00edc\u00edho se na smluvn\u00ed logistiku jsme navrhli a realizovali projekt ochrany dopravn\u00edk\u016f a p\u0159epravn\u00edch linek s vyu\u017eit\u00edm flexibiln\u00edch bari\u00e9r GB spole\u010dnosti Anter System. Sou\u010d\u00e1st\u00ed koncepce bylo tak\u00e9 zv\u00fd\u0161en\u00ed bezpe\u010dnosti odd\u011blen\u00edm stroj\u016f, chodn\u00edk\u016f a pracovn\u00edch ploch pomoc\u00ed flexibiln\u00edch bezpe\u010dnostn\u00edch z\u00e1bran Pedestrian R3 HD+. Kritick\u00e9 body byly nav\u00edc zaji\u0161t\u011bny ochrann\u00fdmi sloupky PA HD+. Pro ochranu stojan\u016f a pletiva byly pou\u017eity obrubn\u00edky KB. Konstruk\u010dn\u00ed sloupy byly chr\u00e1n\u011bny ochrann\u00fdmi prvky RAL5. Pozornost v\u011bnovan\u00e1 ka\u017ed\u00e9mu detailu projektu p\u0159isp\u011bla ke zv\u00fd\u0161en\u00ed celkov\u00e9 \u00farovn\u011b bezpe\u010dnosti a pohodl\u00ed na pracovi\u0161ti.<\/p>\n\n\n\nngg_shortcode_0_placeholder\n<\/div>\n\n\n\n<div class=\"wp-block-column is-layout-flow wp-block-column-is-layout-flow\" style=\"flex-basis:10%\"><\/div>\n<\/div>\n","protected":false},"excerpt":{"rendered":"<p>Pro nejv\u011bt\u0161\u00edho americk\u00e9ho provozovatele specializuj\u00edc\u00edho se na smluvn\u00ed logistiku jsme navrhli a realizovali projekt ochrany dopravn\u00edk\u016f a p\u0159epravn\u00edch linek s vyu\u017eit\u00edm flexibiln\u00edch bari\u00e9r GB spole\u010dnosti Anter System. Sou\u010d\u00e1st\u00ed koncepce bylo tak\u00e9 zv\u00fd\u0161en\u00ed bezpe\u010dnosti odd\u011blen\u00edm stroj\u016f, chodn\u00edk\u016f a pracovn\u00edch ploch pomoc\u00ed flexibiln\u00edch bezpe\u010dnostn\u00edch z\u00e1bran Pedestrian R3 HD+. Kritick\u00e9 body byly nav\u00edc zaji\u0161t\u011bny ochrann\u00fdmi sloupky PA HD+. [&hellip;]<\/p>\n","protected":false},"author":1,"featured_media":0,"parent":12667,"menu_order":0,"comment_status":"closed","ping_status":"closed","template":"","meta":{"inline_featured_image":false,"ngg_post_thumbnail":0,"footnotes":""},"class_list":["post-12918","page","type-page","status-publish","hentry"],"acf":[],"yoast_head":"<!-- This site is optimized with the Yoast SEO plugin v27.0 - https:\/\/yoast.com\/product\/yoast-seo-wordpress\/ -->\n<title>Bari\u00e9ry GB - Anter System<\/title>\n<meta name=\"description\" content=\"Pro nejv\u011bt\u0161\u00edho americk\u00e9ho provozovatele specializuj\u00edc\u00edho se na smluvn\u00ed logistiku jsme navrhli a realizovali projekt ochrany dopravn\u00edk\u016f a p\u0159epravn\u00edch linek\" \/>\n<meta name=\"robots\" content=\"index, follow, max-snippet:-1, max-image-preview:large, max-video-preview:-1\" \/>\n<link rel=\"canonical\" href=\"https:\/\/antersystem.com\/cs\/case-studies\/gb-barriers\/\" \/>\n<meta property=\"og:locale\" content=\"cs_CZ\" \/>\n<meta property=\"og:type\" content=\"article\" \/>\n<meta property=\"og:title\" content=\"Bari\u00e9ry GB - Anter System\" \/>\n<meta property=\"og:description\" content=\"Pro nejv\u011bt\u0161\u00edho americk\u00e9ho provozovatele specializuj\u00edc\u00edho se na smluvn\u00ed logistiku jsme navrhli a realizovali projekt ochrany dopravn\u00edk\u016f a p\u0159epravn\u00edch linek\" \/>\n<meta property=\"og:url\" content=\"https:\/\/antersystem.com\/cs\/case-studies\/gb-barriers\/\" \/>\n<meta property=\"og:site_name\" content=\"Anter System\" \/>\n<meta property=\"article:modified_time\" content=\"2026-01-30T00:31:31+00:00\" \/>\n<meta name=\"twitter:card\" content=\"summary_large_image\" \/>\n<meta name=\"twitter:label1\" content=\"Odhadovan\u00e1 doba \u010dten\u00ed\" \/>\n\t<meta name=\"twitter:data1\" content=\"1 minuta\" \/>\n<script type=\"application\/ld+json\" class=\"yoast-schema-graph\">{\"@context\":\"https:\/\/schema.org\",\"@graph\":[{\"@type\":\"WebPage\",\"@id\":\"https:\/\/antersystem.com\/cs\/case-studies\/gb-barriers\/\",\"url\":\"https:\/\/antersystem.com\/cs\/case-studies\/gb-barriers\/\",\"name\":\"Bari\u00e9ry GB - Anter System\",\"isPartOf\":{\"@id\":\"https:\/\/antersystem.com\/cs\/#website\"},\"datePublished\":\"2023-09-01T09:13:45+00:00\",\"dateModified\":\"2026-01-30T00:31:31+00:00\",\"description\":\"Pro nejv\u011bt\u0161\u00edho americk\u00e9ho provozovatele specializuj\u00edc\u00edho se na smluvn\u00ed logistiku jsme navrhli a realizovali projekt ochrany dopravn\u00edk\u016f a p\u0159epravn\u00edch linek\",\"breadcrumb\":{\"@id\":\"https:\/\/antersystem.com\/cs\/case-studies\/gb-barriers\/#breadcrumb\"},\"inLanguage\":\"cs\",\"potentialAction\":[{\"@type\":\"ReadAction\",\"target\":[\"https:\/\/antersystem.com\/cs\/case-studies\/gb-barriers\/\"]}]},{\"@type\":\"BreadcrumbList\",\"@id\":\"https:\/\/antersystem.com\/cs\/case-studies\/gb-barriers\/#breadcrumb\",\"itemListElement\":[{\"@type\":\"ListItem\",\"position\":1,\"name\":\"AnterSystem\",\"item\":\"https:\/\/antersystem.com\/cs\/\"},{\"@type\":\"ListItem\",\"position\":2,\"name\":\"P\u0159\u00edpadov\u00e9 studie\",\"item\":\"https:\/\/antersystem.com\/cs\/case-studies\/\"},{\"@type\":\"ListItem\",\"position\":3,\"name\":\"Bari\u00e9ry GB\"}]},{\"@type\":\"WebSite\",\"@id\":\"https:\/\/antersystem.com\/cs\/#website\",\"url\":\"https:\/\/antersystem.com\/cs\/\",\"name\":\"Anter System\",\"description\":\"Jeste\u015bmy polskim producentem elastycznych barier ochronnych wykonywanych z polimerowych tworzyw sztucznych. Na rynku krajowym i zagranicznym dzia\u0142amy od ponad 15 lat dbaj\u0105c o zapewnienie bezpiecze\u0144stwa w zak\u0142adach produkcyjnych, magazynach oraz centrach logistycznych.\",\"potentialAction\":[{\"@type\":\"SearchAction\",\"target\":{\"@type\":\"EntryPoint\",\"urlTemplate\":\"https:\/\/antersystem.com\/cs\/?s={search_term_string}\"},\"query-input\":{\"@type\":\"PropertyValueSpecification\",\"valueRequired\":true,\"valueName\":\"search_term_string\"}}],\"inLanguage\":\"cs\"}]}<\/script>\n<!-- \/ Yoast SEO plugin. -->","yoast_head_json":{"title":"Bari\u00e9ry GB - Anter System","description":"Pro nejv\u011bt\u0161\u00edho americk\u00e9ho provozovatele specializuj\u00edc\u00edho se na smluvn\u00ed logistiku jsme navrhli a realizovali projekt ochrany dopravn\u00edk\u016f a p\u0159epravn\u00edch linek","robots":{"index":"index","follow":"follow","max-snippet":"max-snippet:-1","max-image-preview":"max-image-preview:large","max-video-preview":"max-video-preview:-1"},"canonical":"https:\/\/antersystem.com\/cs\/case-studies\/gb-barriers\/","og_locale":"cs_CZ","og_type":"article","og_title":"Bari\u00e9ry GB - Anter System","og_description":"Pro nejv\u011bt\u0161\u00edho americk\u00e9ho provozovatele specializuj\u00edc\u00edho se na smluvn\u00ed logistiku jsme navrhli a realizovali projekt ochrany dopravn\u00edk\u016f a p\u0159epravn\u00edch linek","og_url":"https:\/\/antersystem.com\/cs\/case-studies\/gb-barriers\/","og_site_name":"Anter System","article_modified_time":"2026-01-30T00:31:31+00:00","twitter_card":"summary_large_image","twitter_misc":{"Odhadovan\u00e1 doba \u010dten\u00ed":"1 minuta"},"schema":{"@context":"https:\/\/schema.org","@graph":[{"@type":"WebPage","@id":"https:\/\/antersystem.com\/cs\/case-studies\/gb-barriers\/","url":"https:\/\/antersystem.com\/cs\/case-studies\/gb-barriers\/","name":"Bari\u00e9ry GB - Anter System","isPartOf":{"@id":"https:\/\/antersystem.com\/cs\/#website"},"datePublished":"2023-09-01T09:13:45+00:00","dateModified":"2026-01-30T00:31:31+00:00","description":"Pro nejv\u011bt\u0161\u00edho americk\u00e9ho provozovatele specializuj\u00edc\u00edho se na smluvn\u00ed logistiku jsme navrhli a realizovali projekt ochrany dopravn\u00edk\u016f a p\u0159epravn\u00edch linek","breadcrumb":{"@id":"https:\/\/antersystem.com\/cs\/case-studies\/gb-barriers\/#breadcrumb"},"inLanguage":"cs","potentialAction":[{"@type":"ReadAction","target":["https:\/\/antersystem.com\/cs\/case-studies\/gb-barriers\/"]}]},{"@type":"BreadcrumbList","@id":"https:\/\/antersystem.com\/cs\/case-studies\/gb-barriers\/#breadcrumb","itemListElement":[{"@type":"ListItem","position":1,"name":"AnterSystem","item":"https:\/\/antersystem.com\/cs\/"},{"@type":"ListItem","position":2,"name":"P\u0159\u00edpadov\u00e9 studie","item":"https:\/\/antersystem.com\/cs\/case-studies\/"},{"@type":"ListItem","position":3,"name":"Bari\u00e9ry GB"}]},{"@type":"WebSite","@id":"https:\/\/antersystem.com\/cs\/#website","url":"https:\/\/antersystem.com\/cs\/","name":"Anter System","description":"Jeste\u015bmy polskim producentem elastycznych barier ochronnych wykonywanych z polimerowych tworzyw sztucznych. Na rynku krajowym i zagranicznym dzia\u0142amy od ponad 15 lat dbaj\u0105c o zapewnienie bezpiecze\u0144stwa w zak\u0142adach produkcyjnych, magazynach oraz centrach logistycznych.","potentialAction":[{"@type":"SearchAction","target":{"@type":"EntryPoint","urlTemplate":"https:\/\/antersystem.com\/cs\/?s={search_term_string}"},"query-input":{"@type":"PropertyValueSpecification","valueRequired":true,"valueName":"search_term_string"}}],"inLanguage":"cs"}]}},"_links":{"self":[{"href":"https:\/\/antersystem.com\/cs\/wp-json\/wp\/v2\/pages\/12918","targetHints":{"allow":["GET"]}}],"collection":[{"href":"https:\/\/antersystem.com\/cs\/wp-json\/wp\/v2\/pages"}],"about":[{"href":"https:\/\/antersystem.com\/cs\/wp-json\/wp\/v2\/types\/page"}],"author":[{"embeddable":true,"href":"https:\/\/antersystem.com\/cs\/wp-json\/wp\/v2\/users\/1"}],"replies":[{"embeddable":true,"href":"https:\/\/antersystem.com\/cs\/wp-json\/wp\/v2\/comments?post=12918"}],"version-history":[{"count":1,"href":"https:\/\/antersystem.com\/cs\/wp-json\/wp\/v2\/pages\/12918\/revisions"}],"predecessor-version":[{"id":12919,"href":"https:\/\/antersystem.com\/cs\/wp-json\/wp\/v2\/pages\/12918\/revisions\/12919"}],"up":[{"embeddable":true,"href":"https:\/\/antersystem.com\/cs\/wp-json\/wp\/v2\/pages\/12667"}],"wp:attachment":[{"href":"https:\/\/antersystem.com\/cs\/wp-json\/wp\/v2\/media?parent=12918"}],"curies":[{"name":"wp","href":"https:\/\/api.w.org\/{rel}","templated":true}]}}