{"id":12959,"date":"2023-10-06T11:50:25","date_gmt":"2023-10-06T09:50:25","guid":{"rendered":"https:\/\/new.antersystem.com\/case-studies\/kb-kerb-barriers\/"},"modified":"2026-01-30T01:30:14","modified_gmt":"2026-01-30T00:30:14","slug":"kb-kerb-barriers","status":"publish","type":"page","link":"https:\/\/antersystem.com\/cs\/case-studies\/kb-kerb-barriers\/","title":{"rendered":"Obrubn\u00edkov\u00e9 z\u00e1brany KB"},"content":{"rendered":"\n<p><\/p>\n\n<div class=\"wp-block-columns is-layout-flex wp-container-core-columns-is-layout-9d6595d7 wp-block-columns-is-layout-flex\">\n<div class=\"wp-block-column is-layout-flow wp-block-column-is-layout-flow\" style=\"flex-basis:10%\"><\/div>\n\n\n\n<div class=\"wp-block-column is-layout-flow wp-block-column-is-layout-flow\">\n<p>Instalace z\u00e1bran KB Barriers pro klienta z automobilov\u00e9ho pr\u016fmyslu poskytla efektivn\u00ed \u0159e\u0161en\u00ed pro zabezpe\u010den\u00ed skladovac\u00edch prostor paletov\u00fdch box\u016f. Bari\u00e9ry KB spole\u010dnosti Anter System, vyroben\u00e9 z vysoce odoln\u00e9ho materi\u00e1lu ERTAX, se uk\u00e1zaly jako nepostradateln\u00e9 pro zabr\u00e1n\u011bn\u00ed pohybu a udr\u017een\u00ed spr\u00e1vn\u00e9ho vyrovn\u00e1n\u00ed box\u016f.<\/p>\n\n\n\n<p>D\u00edky extr\u00e9mn\u00ed odolnosti proti n\u00e1razu zaji\u0161\u0165uje materi\u00e1l ERTAX nejen mimo\u0159\u00e1dnou trvanlivost, ale tak\u00e9 minimalizuje riziko po\u0161kozen\u00ed nebo deformace z\u00e1bran. Instalace bari\u00e9r KB Barrier p\u0159isp\u011bla ke zv\u00fd\u0161en\u00ed efektivity skladov\u00e1n\u00ed a bezpe\u010dnosti ve skladu. Toto \u0159e\u0161en\u00ed nejen \u0161et\u0159\u00ed \u010das a n\u00e1klady, ale tak\u00e9 zvy\u0161uje celkovou funk\u010dnost prostoru pro skladov\u00e1n\u00ed paletov\u00fdch box\u016f.<\/p>\n\n\n\nngg_shortcode_0_placeholder\n<\/div>\n\n\n\n<div class=\"wp-block-column is-layout-flow wp-block-column-is-layout-flow\" style=\"flex-basis:10%\"><\/div>\n<\/div>\n","protected":false},"excerpt":{"rendered":"<p>Instalace z\u00e1bran KB Barriers pro klienta z automobilov\u00e9ho pr\u016fmyslu poskytla efektivn\u00ed \u0159e\u0161en\u00ed pro zabezpe\u010den\u00ed skladovac\u00edch prostor paletov\u00fdch box\u016f. Bari\u00e9ry KB spole\u010dnosti Anter System, vyroben\u00e9 z vysoce odoln\u00e9ho materi\u00e1lu ERTAX, se uk\u00e1zaly jako nepostradateln\u00e9 pro zabr\u00e1n\u011bn\u00ed pohybu a udr\u017een\u00ed spr\u00e1vn\u00e9ho vyrovn\u00e1n\u00ed box\u016f. D\u00edky extr\u00e9mn\u00ed odolnosti proti n\u00e1razu zaji\u0161\u0165uje materi\u00e1l ERTAX nejen mimo\u0159\u00e1dnou trvanlivost, ale tak\u00e9 minimalizuje [&hellip;]<\/p>\n","protected":false},"author":1,"featured_media":0,"parent":12667,"menu_order":0,"comment_status":"closed","ping_status":"closed","template":"","meta":{"inline_featured_image":false,"ngg_post_thumbnail":0,"footnotes":""},"class_list":["post-12959","page","type-page","status-publish","hentry"],"acf":[],"yoast_head":"<!-- This site is optimized with the Yoast SEO plugin v27.0 - https:\/\/yoast.com\/product\/yoast-seo-wordpress\/ -->\n<title>Obrubn\u00edkov\u00e9 z\u00e1brany KB - Anter System<\/title>\n<meta name=\"description\" content=\"Instalace z\u00e1bran KB Barriers pro klienta z automobilov\u00e9ho pr\u016fmyslu poskytla efektivn\u00ed \u0159e\u0161en\u00ed pro zabezpe\u010den\u00ed skladovac\u00edch prostor paletov\u00fdch box\u016f. Bari\u00e9ry\" \/>\n<meta name=\"robots\" content=\"index, follow, max-snippet:-1, max-image-preview:large, max-video-preview:-1\" \/>\n<link rel=\"canonical\" href=\"https:\/\/antersystem.com\/cs\/case-studies\/kb-kerb-barriers\/\" \/>\n<meta property=\"og:locale\" content=\"cs_CZ\" \/>\n<meta property=\"og:type\" content=\"article\" \/>\n<meta property=\"og:title\" content=\"Obrubn\u00edkov\u00e9 z\u00e1brany KB - Anter System\" \/>\n<meta property=\"og:description\" content=\"Instalace z\u00e1bran KB Barriers pro klienta z automobilov\u00e9ho pr\u016fmyslu poskytla efektivn\u00ed \u0159e\u0161en\u00ed pro zabezpe\u010den\u00ed skladovac\u00edch prostor paletov\u00fdch box\u016f. Bari\u00e9ry\" \/>\n<meta property=\"og:url\" content=\"https:\/\/antersystem.com\/cs\/case-studies\/kb-kerb-barriers\/\" \/>\n<meta property=\"og:site_name\" content=\"Anter System\" \/>\n<meta property=\"article:modified_time\" content=\"2026-01-30T00:30:14+00:00\" \/>\n<meta name=\"twitter:card\" content=\"summary_large_image\" \/>\n<meta name=\"twitter:label1\" content=\"Odhadovan\u00e1 doba \u010dten\u00ed\" \/>\n\t<meta name=\"twitter:data1\" content=\"1 minuta\" \/>\n<script type=\"application\/ld+json\" class=\"yoast-schema-graph\">{\"@context\":\"https:\/\/schema.org\",\"@graph\":[{\"@type\":\"WebPage\",\"@id\":\"https:\/\/antersystem.com\/cs\/case-studies\/kb-kerb-barriers\/\",\"url\":\"https:\/\/antersystem.com\/cs\/case-studies\/kb-kerb-barriers\/\",\"name\":\"Obrubn\u00edkov\u00e9 z\u00e1brany KB - Anter System\",\"isPartOf\":{\"@id\":\"https:\/\/antersystem.com\/cs\/#website\"},\"datePublished\":\"2023-10-06T09:50:25+00:00\",\"dateModified\":\"2026-01-30T00:30:14+00:00\",\"description\":\"Instalace z\u00e1bran KB Barriers pro klienta z automobilov\u00e9ho pr\u016fmyslu poskytla efektivn\u00ed \u0159e\u0161en\u00ed pro zabezpe\u010den\u00ed skladovac\u00edch prostor paletov\u00fdch box\u016f. Bari\u00e9ry\",\"breadcrumb\":{\"@id\":\"https:\/\/antersystem.com\/cs\/case-studies\/kb-kerb-barriers\/#breadcrumb\"},\"inLanguage\":\"cs\",\"potentialAction\":[{\"@type\":\"ReadAction\",\"target\":[\"https:\/\/antersystem.com\/cs\/case-studies\/kb-kerb-barriers\/\"]}]},{\"@type\":\"BreadcrumbList\",\"@id\":\"https:\/\/antersystem.com\/cs\/case-studies\/kb-kerb-barriers\/#breadcrumb\",\"itemListElement\":[{\"@type\":\"ListItem\",\"position\":1,\"name\":\"AnterSystem\",\"item\":\"https:\/\/antersystem.com\/cs\/\"},{\"@type\":\"ListItem\",\"position\":2,\"name\":\"P\u0159\u00edpadov\u00e9 studie\",\"item\":\"https:\/\/antersystem.com\/cs\/case-studies\/\"},{\"@type\":\"ListItem\",\"position\":3,\"name\":\"Obrubn\u00edkov\u00e9 z\u00e1brany KB\"}]},{\"@type\":\"WebSite\",\"@id\":\"https:\/\/antersystem.com\/cs\/#website\",\"url\":\"https:\/\/antersystem.com\/cs\/\",\"name\":\"Anter System\",\"description\":\"Jeste\u015bmy polskim producentem elastycznych barier ochronnych wykonywanych z polimerowych tworzyw sztucznych. Na rynku krajowym i zagranicznym dzia\u0142amy od ponad 15 lat dbaj\u0105c o zapewnienie bezpiecze\u0144stwa w zak\u0142adach produkcyjnych, magazynach oraz centrach logistycznych.\",\"potentialAction\":[{\"@type\":\"SearchAction\",\"target\":{\"@type\":\"EntryPoint\",\"urlTemplate\":\"https:\/\/antersystem.com\/cs\/?s={search_term_string}\"},\"query-input\":{\"@type\":\"PropertyValueSpecification\",\"valueRequired\":true,\"valueName\":\"search_term_string\"}}],\"inLanguage\":\"cs\"}]}<\/script>\n<!-- \/ Yoast SEO plugin. -->","yoast_head_json":{"title":"Obrubn\u00edkov\u00e9 z\u00e1brany KB - Anter System","description":"Instalace z\u00e1bran KB Barriers pro klienta z automobilov\u00e9ho pr\u016fmyslu poskytla efektivn\u00ed \u0159e\u0161en\u00ed pro zabezpe\u010den\u00ed skladovac\u00edch prostor paletov\u00fdch box\u016f. Bari\u00e9ry","robots":{"index":"index","follow":"follow","max-snippet":"max-snippet:-1","max-image-preview":"max-image-preview:large","max-video-preview":"max-video-preview:-1"},"canonical":"https:\/\/antersystem.com\/cs\/case-studies\/kb-kerb-barriers\/","og_locale":"cs_CZ","og_type":"article","og_title":"Obrubn\u00edkov\u00e9 z\u00e1brany KB - Anter System","og_description":"Instalace z\u00e1bran KB Barriers pro klienta z automobilov\u00e9ho pr\u016fmyslu poskytla efektivn\u00ed \u0159e\u0161en\u00ed pro zabezpe\u010den\u00ed skladovac\u00edch prostor paletov\u00fdch box\u016f. Bari\u00e9ry","og_url":"https:\/\/antersystem.com\/cs\/case-studies\/kb-kerb-barriers\/","og_site_name":"Anter System","article_modified_time":"2026-01-30T00:30:14+00:00","twitter_card":"summary_large_image","twitter_misc":{"Odhadovan\u00e1 doba \u010dten\u00ed":"1 minuta"},"schema":{"@context":"https:\/\/schema.org","@graph":[{"@type":"WebPage","@id":"https:\/\/antersystem.com\/cs\/case-studies\/kb-kerb-barriers\/","url":"https:\/\/antersystem.com\/cs\/case-studies\/kb-kerb-barriers\/","name":"Obrubn\u00edkov\u00e9 z\u00e1brany KB - Anter System","isPartOf":{"@id":"https:\/\/antersystem.com\/cs\/#website"},"datePublished":"2023-10-06T09:50:25+00:00","dateModified":"2026-01-30T00:30:14+00:00","description":"Instalace z\u00e1bran KB Barriers pro klienta z automobilov\u00e9ho pr\u016fmyslu poskytla efektivn\u00ed \u0159e\u0161en\u00ed pro zabezpe\u010den\u00ed skladovac\u00edch prostor paletov\u00fdch box\u016f. Bari\u00e9ry","breadcrumb":{"@id":"https:\/\/antersystem.com\/cs\/case-studies\/kb-kerb-barriers\/#breadcrumb"},"inLanguage":"cs","potentialAction":[{"@type":"ReadAction","target":["https:\/\/antersystem.com\/cs\/case-studies\/kb-kerb-barriers\/"]}]},{"@type":"BreadcrumbList","@id":"https:\/\/antersystem.com\/cs\/case-studies\/kb-kerb-barriers\/#breadcrumb","itemListElement":[{"@type":"ListItem","position":1,"name":"AnterSystem","item":"https:\/\/antersystem.com\/cs\/"},{"@type":"ListItem","position":2,"name":"P\u0159\u00edpadov\u00e9 studie","item":"https:\/\/antersystem.com\/cs\/case-studies\/"},{"@type":"ListItem","position":3,"name":"Obrubn\u00edkov\u00e9 z\u00e1brany KB"}]},{"@type":"WebSite","@id":"https:\/\/antersystem.com\/cs\/#website","url":"https:\/\/antersystem.com\/cs\/","name":"Anter System","description":"Jeste\u015bmy polskim producentem elastycznych barier ochronnych wykonywanych z polimerowych tworzyw sztucznych. Na rynku krajowym i zagranicznym dzia\u0142amy od ponad 15 lat dbaj\u0105c o zapewnienie bezpiecze\u0144stwa w zak\u0142adach produkcyjnych, magazynach oraz centrach logistycznych.","potentialAction":[{"@type":"SearchAction","target":{"@type":"EntryPoint","urlTemplate":"https:\/\/antersystem.com\/cs\/?s={search_term_string}"},"query-input":{"@type":"PropertyValueSpecification","valueRequired":true,"valueName":"search_term_string"}}],"inLanguage":"cs"}]}},"_links":{"self":[{"href":"https:\/\/antersystem.com\/cs\/wp-json\/wp\/v2\/pages\/12959","targetHints":{"allow":["GET"]}}],"collection":[{"href":"https:\/\/antersystem.com\/cs\/wp-json\/wp\/v2\/pages"}],"about":[{"href":"https:\/\/antersystem.com\/cs\/wp-json\/wp\/v2\/types\/page"}],"author":[{"embeddable":true,"href":"https:\/\/antersystem.com\/cs\/wp-json\/wp\/v2\/users\/1"}],"replies":[{"embeddable":true,"href":"https:\/\/antersystem.com\/cs\/wp-json\/wp\/v2\/comments?post=12959"}],"version-history":[{"count":1,"href":"https:\/\/antersystem.com\/cs\/wp-json\/wp\/v2\/pages\/12959\/revisions"}],"predecessor-version":[{"id":12962,"href":"https:\/\/antersystem.com\/cs\/wp-json\/wp\/v2\/pages\/12959\/revisions\/12962"}],"up":[{"embeddable":true,"href":"https:\/\/antersystem.com\/cs\/wp-json\/wp\/v2\/pages\/12667"}],"wp:attachment":[{"href":"https:\/\/antersystem.com\/cs\/wp-json\/wp\/v2\/media?parent=12959"}],"curies":[{"name":"wp","href":"https:\/\/api.w.org\/{rel}","templated":true}]}}