{"id":12971,"date":"2023-08-28T15:34:49","date_gmt":"2023-08-28T13:34:49","guid":{"rendered":"https:\/\/new.antersystem.com\/case-studies\/high-storage-barriers-wroclaw\/"},"modified":"2026-01-30T01:31:31","modified_gmt":"2026-01-30T00:31:31","slug":"high-storage-barriers-wroclaw","status":"publish","type":"page","link":"https:\/\/antersystem.com\/cs\/case-studies\/high-storage-barriers-wroclaw\/","title":{"rendered":"Vysok\u00e9 \u00falo\u017en\u00e9 bari\u00e9ry ve Wroclawi"},"content":{"rendered":"\n<div class=\"wp-block-columns is-layout-flex wp-container-core-columns-is-layout-9d6595d7 wp-block-columns-is-layout-flex\">\n<div class=\"wp-block-column is-layout-flow wp-block-column-is-layout-flow\" style=\"flex-basis:10%\"><\/div>\n\n\n\n<div class=\"wp-block-column is-layout-flow wp-block-column-is-layout-flow\" style=\"flex-basis:80%\">\n<p class=\"justify-mru\">Spole\u010dnost, kter\u00e1 je evropsk\u00fdm l\u00eddrem ve v\u00fdrob\u011b kabel\u016f pro automobilov\u00fd pr\u016fmysl, se dlouho pot\u00fdkala se zaji\u0161t\u011bn\u00edm skladovac\u00edch ploch pro stohy t\u011b\u017ek\u00fdch v\u00fdrobk\u016f.<\/p>\n\n\n\n<p class=\"justify-mru\">Spole\u010dnost zkoumala a konzultovala r\u016fzn\u00e1 \u0159e\u0161en\u00ed ochrany. Nakonec se rozhodli pro \u0159e\u0161en\u00ed Anter System, proto\u017ee je p\u0159esv\u011bd\u010dila jeho robustn\u00ed konstrukce, snadn\u00e1 instalace ve st\u00edsn\u011bn\u00fdch prostorech a &#8211; co\u017e je pro z\u00e1kazn\u00edka d\u016fle\u017eit\u00e9 &#8211; jeho vysoce kvalitn\u00ed povrchov\u00e1 \u00faprava.<\/p>\n\n\n\n<p class=\"justify-mru\">Zaveden\u00edm na\u0161eho \u0159e\u0161en\u00ed &#8211; vysok\u00fdch \u00falo\u017en\u00fdch z\u00e1bran WALL PROTECTOR &#8211; spole\u010dnost nejen zv\u00fd\u0161ila bezpe\u010dnost pracovi\u0161\u0165 a dopravn\u00edch cest, ale tak\u00e9 l\u00e9pe vyu\u017eila prostory, kde jsou ulo\u017eeny kabely. Dos\u00e1hli tak sv\u00e9ho c\u00edle, kter\u00fdm bylo sn\u00ed\u017een\u00ed rizika spojen\u00e9ho s vyvracen\u00edm uskladn\u011bn\u00e9ho materi\u00e1lu v bl\u00edzkosti pracovn\u00edch m\u00edst a cest pro p\u011b\u0161\u00ed a vozidla.  <\/p>\n\n\n\nngg_shortcode_0_placeholder\n<\/div>\n\n\n\n<div class=\"wp-block-column is-layout-flow wp-block-column-is-layout-flow\" style=\"flex-basis:10%\"><\/div>\n<\/div>\n","protected":false},"excerpt":{"rendered":"<p>Spole\u010dnost, kter\u00e1 je evropsk\u00fdm l\u00eddrem ve v\u00fdrob\u011b kabel\u016f pro automobilov\u00fd pr\u016fmysl, se dlouho pot\u00fdkala se zaji\u0161t\u011bn\u00edm skladovac\u00edch ploch pro stohy t\u011b\u017ek\u00fdch v\u00fdrobk\u016f. Spole\u010dnost zkoumala a konzultovala r\u016fzn\u00e1 \u0159e\u0161en\u00ed ochrany. Nakonec se rozhodli pro \u0159e\u0161en\u00ed Anter System, proto\u017ee je p\u0159esv\u011bd\u010dila jeho robustn\u00ed konstrukce, snadn\u00e1 instalace ve st\u00edsn\u011bn\u00fdch prostorech a &#8211; co\u017e je pro z\u00e1kazn\u00edka d\u016fle\u017eit\u00e9 &#8211; [&hellip;]<\/p>\n","protected":false},"author":1,"featured_media":0,"parent":12667,"menu_order":0,"comment_status":"closed","ping_status":"closed","template":"","meta":{"inline_featured_image":false,"ngg_post_thumbnail":0,"footnotes":""},"class_list":["post-12971","page","type-page","status-publish","hentry"],"acf":[],"yoast_head":"<!-- This site is optimized with the Yoast SEO plugin v27.0 - https:\/\/yoast.com\/product\/yoast-seo-wordpress\/ -->\n<title>Vysok\u00e9 \u00falo\u017en\u00e9 bari\u00e9ry ve Wroclawi - Anter System<\/title>\n<meta name=\"description\" content=\"Spole\u010dnost, kter\u00e1 je evropsk\u00fdm l\u00eddrem ve v\u00fdrob\u011b kabel\u016f pro automobilov\u00fd pr\u016fmysl, se dlouho pot\u00fdkala se zaji\u0161t\u011bn\u00edm skladovac\u00edch ploch pro stohy t\u011b\u017ek\u00fdch\" \/>\n<meta name=\"robots\" content=\"index, follow, max-snippet:-1, max-image-preview:large, max-video-preview:-1\" \/>\n<link rel=\"canonical\" href=\"https:\/\/antersystem.com\/cs\/case-studies\/high-storage-barriers-wroclaw\/\" \/>\n<meta property=\"og:locale\" content=\"cs_CZ\" \/>\n<meta property=\"og:type\" content=\"article\" \/>\n<meta property=\"og:title\" content=\"Vysok\u00e9 \u00falo\u017en\u00e9 bari\u00e9ry ve Wroclawi - Anter System\" \/>\n<meta property=\"og:description\" content=\"Spole\u010dnost, kter\u00e1 je evropsk\u00fdm l\u00eddrem ve v\u00fdrob\u011b kabel\u016f pro automobilov\u00fd pr\u016fmysl, se dlouho pot\u00fdkala se zaji\u0161t\u011bn\u00edm skladovac\u00edch ploch pro stohy t\u011b\u017ek\u00fdch\" \/>\n<meta property=\"og:url\" content=\"https:\/\/antersystem.com\/cs\/case-studies\/high-storage-barriers-wroclaw\/\" \/>\n<meta property=\"og:site_name\" content=\"Anter System\" \/>\n<meta property=\"article:modified_time\" content=\"2026-01-30T00:31:31+00:00\" \/>\n<meta name=\"twitter:card\" content=\"summary_large_image\" \/>\n<meta name=\"twitter:label1\" content=\"Odhadovan\u00e1 doba \u010dten\u00ed\" \/>\n\t<meta name=\"twitter:data1\" content=\"1 minuta\" \/>\n<script type=\"application\/ld+json\" class=\"yoast-schema-graph\">{\"@context\":\"https:\/\/schema.org\",\"@graph\":[{\"@type\":\"WebPage\",\"@id\":\"https:\/\/antersystem.com\/cs\/case-studies\/high-storage-barriers-wroclaw\/\",\"url\":\"https:\/\/antersystem.com\/cs\/case-studies\/high-storage-barriers-wroclaw\/\",\"name\":\"Vysok\u00e9 \u00falo\u017en\u00e9 bari\u00e9ry ve Wroclawi - Anter System\",\"isPartOf\":{\"@id\":\"https:\/\/antersystem.com\/cs\/#website\"},\"datePublished\":\"2023-08-28T13:34:49+00:00\",\"dateModified\":\"2026-01-30T00:31:31+00:00\",\"description\":\"Spole\u010dnost, kter\u00e1 je evropsk\u00fdm l\u00eddrem ve v\u00fdrob\u011b kabel\u016f pro automobilov\u00fd pr\u016fmysl, se dlouho pot\u00fdkala se zaji\u0161t\u011bn\u00edm skladovac\u00edch ploch pro stohy t\u011b\u017ek\u00fdch\",\"breadcrumb\":{\"@id\":\"https:\/\/antersystem.com\/cs\/case-studies\/high-storage-barriers-wroclaw\/#breadcrumb\"},\"inLanguage\":\"cs\",\"potentialAction\":[{\"@type\":\"ReadAction\",\"target\":[\"https:\/\/antersystem.com\/cs\/case-studies\/high-storage-barriers-wroclaw\/\"]}]},{\"@type\":\"BreadcrumbList\",\"@id\":\"https:\/\/antersystem.com\/cs\/case-studies\/high-storage-barriers-wroclaw\/#breadcrumb\",\"itemListElement\":[{\"@type\":\"ListItem\",\"position\":1,\"name\":\"AnterSystem\",\"item\":\"https:\/\/antersystem.com\/cs\/\"},{\"@type\":\"ListItem\",\"position\":2,\"name\":\"P\u0159\u00edpadov\u00e9 studie\",\"item\":\"https:\/\/antersystem.com\/cs\/case-studies\/\"},{\"@type\":\"ListItem\",\"position\":3,\"name\":\"Vysok\u00e9 \u00falo\u017en\u00e9 bari\u00e9ry ve Wroclawi\"}]},{\"@type\":\"WebSite\",\"@id\":\"https:\/\/antersystem.com\/cs\/#website\",\"url\":\"https:\/\/antersystem.com\/cs\/\",\"name\":\"Anter System\",\"description\":\"Jeste\u015bmy polskim producentem elastycznych barier ochronnych wykonywanych z polimerowych tworzyw sztucznych. Na rynku krajowym i zagranicznym dzia\u0142amy od ponad 15 lat dbaj\u0105c o zapewnienie bezpiecze\u0144stwa w zak\u0142adach produkcyjnych, magazynach oraz centrach logistycznych.\",\"potentialAction\":[{\"@type\":\"SearchAction\",\"target\":{\"@type\":\"EntryPoint\",\"urlTemplate\":\"https:\/\/antersystem.com\/cs\/?s={search_term_string}\"},\"query-input\":{\"@type\":\"PropertyValueSpecification\",\"valueRequired\":true,\"valueName\":\"search_term_string\"}}],\"inLanguage\":\"cs\"}]}<\/script>\n<!-- \/ Yoast SEO plugin. -->","yoast_head_json":{"title":"Vysok\u00e9 \u00falo\u017en\u00e9 bari\u00e9ry ve Wroclawi - Anter System","description":"Spole\u010dnost, kter\u00e1 je evropsk\u00fdm l\u00eddrem ve v\u00fdrob\u011b kabel\u016f pro automobilov\u00fd pr\u016fmysl, se dlouho pot\u00fdkala se zaji\u0161t\u011bn\u00edm skladovac\u00edch ploch pro stohy t\u011b\u017ek\u00fdch","robots":{"index":"index","follow":"follow","max-snippet":"max-snippet:-1","max-image-preview":"max-image-preview:large","max-video-preview":"max-video-preview:-1"},"canonical":"https:\/\/antersystem.com\/cs\/case-studies\/high-storage-barriers-wroclaw\/","og_locale":"cs_CZ","og_type":"article","og_title":"Vysok\u00e9 \u00falo\u017en\u00e9 bari\u00e9ry ve Wroclawi - Anter System","og_description":"Spole\u010dnost, kter\u00e1 je evropsk\u00fdm l\u00eddrem ve v\u00fdrob\u011b kabel\u016f pro automobilov\u00fd pr\u016fmysl, se dlouho pot\u00fdkala se zaji\u0161t\u011bn\u00edm skladovac\u00edch ploch pro stohy t\u011b\u017ek\u00fdch","og_url":"https:\/\/antersystem.com\/cs\/case-studies\/high-storage-barriers-wroclaw\/","og_site_name":"Anter System","article_modified_time":"2026-01-30T00:31:31+00:00","twitter_card":"summary_large_image","twitter_misc":{"Odhadovan\u00e1 doba \u010dten\u00ed":"1 minuta"},"schema":{"@context":"https:\/\/schema.org","@graph":[{"@type":"WebPage","@id":"https:\/\/antersystem.com\/cs\/case-studies\/high-storage-barriers-wroclaw\/","url":"https:\/\/antersystem.com\/cs\/case-studies\/high-storage-barriers-wroclaw\/","name":"Vysok\u00e9 \u00falo\u017en\u00e9 bari\u00e9ry ve Wroclawi - Anter System","isPartOf":{"@id":"https:\/\/antersystem.com\/cs\/#website"},"datePublished":"2023-08-28T13:34:49+00:00","dateModified":"2026-01-30T00:31:31+00:00","description":"Spole\u010dnost, kter\u00e1 je evropsk\u00fdm l\u00eddrem ve v\u00fdrob\u011b kabel\u016f pro automobilov\u00fd pr\u016fmysl, se dlouho pot\u00fdkala se zaji\u0161t\u011bn\u00edm skladovac\u00edch ploch pro stohy t\u011b\u017ek\u00fdch","breadcrumb":{"@id":"https:\/\/antersystem.com\/cs\/case-studies\/high-storage-barriers-wroclaw\/#breadcrumb"},"inLanguage":"cs","potentialAction":[{"@type":"ReadAction","target":["https:\/\/antersystem.com\/cs\/case-studies\/high-storage-barriers-wroclaw\/"]}]},{"@type":"BreadcrumbList","@id":"https:\/\/antersystem.com\/cs\/case-studies\/high-storage-barriers-wroclaw\/#breadcrumb","itemListElement":[{"@type":"ListItem","position":1,"name":"AnterSystem","item":"https:\/\/antersystem.com\/cs\/"},{"@type":"ListItem","position":2,"name":"P\u0159\u00edpadov\u00e9 studie","item":"https:\/\/antersystem.com\/cs\/case-studies\/"},{"@type":"ListItem","position":3,"name":"Vysok\u00e9 \u00falo\u017en\u00e9 bari\u00e9ry ve Wroclawi"}]},{"@type":"WebSite","@id":"https:\/\/antersystem.com\/cs\/#website","url":"https:\/\/antersystem.com\/cs\/","name":"Anter System","description":"Jeste\u015bmy polskim producentem elastycznych barier ochronnych wykonywanych z polimerowych tworzyw sztucznych. Na rynku krajowym i zagranicznym dzia\u0142amy od ponad 15 lat dbaj\u0105c o zapewnienie bezpiecze\u0144stwa w zak\u0142adach produkcyjnych, magazynach oraz centrach logistycznych.","potentialAction":[{"@type":"SearchAction","target":{"@type":"EntryPoint","urlTemplate":"https:\/\/antersystem.com\/cs\/?s={search_term_string}"},"query-input":{"@type":"PropertyValueSpecification","valueRequired":true,"valueName":"search_term_string"}}],"inLanguage":"cs"}]}},"_links":{"self":[{"href":"https:\/\/antersystem.com\/cs\/wp-json\/wp\/v2\/pages\/12971","targetHints":{"allow":["GET"]}}],"collection":[{"href":"https:\/\/antersystem.com\/cs\/wp-json\/wp\/v2\/pages"}],"about":[{"href":"https:\/\/antersystem.com\/cs\/wp-json\/wp\/v2\/types\/page"}],"author":[{"embeddable":true,"href":"https:\/\/antersystem.com\/cs\/wp-json\/wp\/v2\/users\/1"}],"replies":[{"embeddable":true,"href":"https:\/\/antersystem.com\/cs\/wp-json\/wp\/v2\/comments?post=12971"}],"version-history":[{"count":1,"href":"https:\/\/antersystem.com\/cs\/wp-json\/wp\/v2\/pages\/12971\/revisions"}],"predecessor-version":[{"id":12972,"href":"https:\/\/antersystem.com\/cs\/wp-json\/wp\/v2\/pages\/12971\/revisions\/12972"}],"up":[{"embeddable":true,"href":"https:\/\/antersystem.com\/cs\/wp-json\/wp\/v2\/pages\/12667"}],"wp:attachment":[{"href":"https:\/\/antersystem.com\/cs\/wp-json\/wp\/v2\/media?parent=12971"}],"curies":[{"name":"wp","href":"https:\/\/api.w.org\/{rel}","templated":true}]}}