{"id":13003,"date":"2024-12-06T14:52:25","date_gmt":"2024-12-06T13:52:25","guid":{"rendered":"https:\/\/new.antersystem.com\/case-studies\/pa-bollards-gb-barriers-cold-storage-facility\/"},"modified":"2026-01-31T22:28:52","modified_gmt":"2026-01-31T21:28:52","slug":"pa-bollards-gb-barriers-cold-storage-facility","status":"publish","type":"page","link":"https:\/\/antersystem.com\/cs\/case-studies\/pa-bollards-gb-barriers-cold-storage-facility\/","title":{"rendered":"Sloupky PA a z\u00e1brany GB v chlad\u00edrensk\u00e9m skladu"},"content":{"rendered":"\n<div class=\"wp-block-columns is-layout-flex wp-container-core-columns-is-layout-9d6595d7 wp-block-columns-is-layout-flex\">\n<div class=\"wp-block-column is-layout-flow wp-block-column-is-layout-flow\" style=\"flex-basis:10%\"><\/div>\n\n\n\n<div class=\"wp-block-column is-layout-flow wp-block-column-is-layout-flow\">\n<h2 class=\"wp-block-heading\">Ochrann\u00e9 sloupky PA a z\u00e1brany GB HD+. \u00da\u010dinn\u00e1 ochrana infrastruktury p\u0159i n\u00edzk\u00fdch teplot\u00e1ch<\/h2>\n\n\n\n<p>V jednom z na\u0161ich projekt\u016f pr\u016fmyslov\u00e9 bezpe\u010dnosti, kter\u00fd jsme realizovali pro nov\u011b postaven\u00fd chlad\u00edrensk\u00fd sklad, jsme st\u00e1li p\u0159ed \u00fakolem ochr\u00e1nit kl\u00ed\u010dov\u00e9 prvky infrastruktury vystaven\u00e9 potenci\u00e1ln\u00edmu po\u0161kozen\u00ed. Intenzivn\u00ed provoz vysokozdvi\u017en\u00fdch voz\u00edk\u016f a ru\u010dn\u00edch p\u0159epravn\u00edch voz\u00edk\u016f vy\u017eadoval \u0159e\u0161en\u00ed, kter\u00e9 by nejen chr\u00e1nilo kritick\u00e9 oblasti objektu, ale tak\u00e9 bylo <strong>odoln\u00e9 v\u016f\u010di extr\u00e9mn\u00edm podm\u00ednk\u00e1m &#8211; teplot\u00e1m<\/strong> dosahuj\u00edc\u00edm a\u017e -40 \u00b0C.<\/p>\n\n\n\n<p>Rozsah projektu zahrnoval ochranu prvk\u016f, jako jsou vstupn\u00ed br\u00e1ny, nakl\u00e1dac\u00ed rampy, sanit\u00e1rn\u00ed za\u0159\u00edzen\u00ed a st\u011bny ve v\u00fdrobn\u00edch a skladov\u00fdch prostor\u00e1ch. Krom\u011b toho musela \u0159e\u0161en\u00ed spl\u0148ovat vysok\u00e9 hygienick\u00e9 po\u017eadavky platn\u00e9 v potravin\u00e1\u0159sk\u00e9m pr\u016fmyslu.<\/p>\n\n\n\n<h3 class=\"wp-block-heading\">Prov\u00e1d\u011bn\u00ed<\/h3>\n\n\n\n<p>Proces za\u010dal <strong>podrobn\u00fdm auditem lokality,<\/strong> kter\u00fd n\u00e1m umo\u017enil identifikovat m\u00edsta nejv\u00edce ohro\u017een\u00e1 po\u0161kozen\u00edm. Spolupr\u00e1ce se z\u00e1kazn\u00edkem byla kl\u00ed\u010dov\u00e1 v ka\u017ed\u00e9 f\u00e1zi &#8211; od anal\u00fdzy pot\u0159eb a\u017e po implementaci vhodn\u00fdch produkt\u016f. Na\u0161\u00edm \u00fakolem bylo nejen zajistit \u00fa\u010dinnou ochranu, ale tak\u00e9 navrhnout \u0159e\u0161en\u00ed, kter\u00e9 bude odoln\u00e9, estetick\u00e9 a funk\u010dn\u00ed p\u0159i ka\u017edodenn\u00edm pou\u017e\u00edv\u00e1n\u00ed.<\/p>\n\n\n\n<p>K ochran\u011b infrastruktury jsme pou\u017eili flexibiln\u00ed <a href=\"https:\/\/antersystem.com\/produkty\/elastyczny-slup-ochronny-pa\/\">ochrann\u00e9 sloupky<\/a> PA , z\u00e1brany pro chodce PEDESTRIAN R2 GB a podlahov\u00e9 <a href=\"https:\/\/antersystem.com\/produkty\/elastyczna-bariera-gb-hd\/\">z\u00e1brany GB .<\/a> Ochrann\u00e9 sloupky PA byly instalov\u00e1ny u vstupn\u00edch bran, nakl\u00e1dac\u00edch ramp a dve\u0159\u00ed pou\u017e\u00edvan\u00fdch vozidly a ru\u010dn\u00edmi p\u0159epravn\u00edmi voz\u00edky. Byly tak\u00e9 um\u00edst\u011bny v bl\u00edzkosti sanit\u00e1rn\u00edch za\u0159\u00edzen\u00ed, jako jsou umyvadla, a chr\u00e1nily je p\u0159ed n\u00e1hodn\u00fdmi n\u00e1razy.<\/p>\n\n\n\n<p>Pod\u00e9l st\u011bn vystaven\u00fdch kontaktu s vidlicemi vysokozdvi\u017en\u00fdch voz\u00edk\u016f jsme instalovali flexibiln\u00ed <a href=\"https:\/\/antersystem.com\/produkty\/elastyczna-bariera-pedestrian-r2-gb\/\">ochrann\u00e9 z\u00e1brany PEDESTRIAN R2 GB<\/a> a podlahov\u00e9 z\u00e1brany GB. Tato \u0159e\u0161en\u00ed poskytuj\u00ed \u00fa\u010dinnou ochranu spodn\u00edch \u010d\u00e1st\u00ed st\u011bn p\u0159ed mechanick\u00fdm po\u0161kozen\u00edm.<\/p>\n\n\n\n<p>D\u016fle\u017eit\u00fdm aspektem realizace bylo pou\u017eit\u00ed speci\u00e1ln\u00ed produktov\u00e9 \u0159ady ur\u010den\u00e9 <strong>pro provoz p\u0159i extr\u00e9mn\u011b n\u00edzk\u00fdch teplot\u00e1ch.<\/strong> I v chladn\u00e9m prost\u0159ed\u00ed si tato \u0159e\u0161en\u00ed zachov\u00e1vaj\u00ed svou pru\u017enost a odolnost, co\u017e znamen\u00e1, \u017ee vydr\u017e\u00ed n\u00e1razy, ani\u017e by praskly nebo se rozpadly. Pou\u017eit\u00e9 v\u00fdrobky jsou vyrobeny z vysoce kvalitn\u00edch polymern\u00edch materi\u00e1l\u016f, kter\u00e9 jsou nav\u00edc odoln\u00e9 proti korozi a jin\u00e9mu mechanick\u00e9mu po\u0161kozen\u00ed.<\/p>\n\n\n\n<h3 class=\"wp-block-heading\">V\u00fdsledky<\/h3>\n\n\n\n<p>Implementovan\u00e1 \u0159e\u0161en\u00ed p\u0159inesla \u0159adu v\u00fdhod. Zajistili jsme \u00fa\u010dinnou ochranu infrastruktury, co\u017e klientovi umo\u017enilo vyhnout se n\u00e1klad\u016fm spojen\u00fdm s p\u0159\u00edpadn\u00fdmi opravami vrat, dok\u016f nebo sanit\u00e1rn\u00edho za\u0159\u00edzen\u00ed. D\u00edky spr\u00e1vn\u00e9mu rozm\u00edst\u011bn\u00ed ochrann\u00fdch prvk\u016f funguje cel\u00e9 za\u0159\u00edzen\u00ed jako ucelen\u00fd bezpe\u010dnostn\u00ed syst\u00e9m, kter\u00fd minimalizuje riziko po\u0161kozen\u00ed p\u0159i ka\u017edodenn\u00edm provozu.<\/p>\n\n\n\n<p>Materi\u00e1ly, kter\u00e9 spole\u010dnost Anter System pou\u017e\u00edv\u00e1 pro ochrann\u00e9 z\u00e1brany a sloupky, se snadno udr\u017euj\u00ed v \u010distot\u011b, co\u017e je v potravin\u00e1\u0159sk\u00e9m pr\u016fmyslu z\u00e1sadn\u00ed. <a href=\"https:\/\/antersystem.com\/wiedza-i-nowosci\/standardy-higieniczne\/\">Spl\u0148uj\u00ed p\u0159\u00edsn\u00e9 po\u017eadavky HACCP a FDA, co\u017e<\/a> potvrzuje jejich bezpe\u010dnost pro styk s potravinami. Krom\u011b toho jsme p\u0159i instalaci pou\u017eili vnit\u0159n\u00ed mont\u00e1\u017en\u00ed \u0159e\u0161en\u00ed ur\u010den\u00e1 pro oblasti vy\u017eaduj\u00edc\u00ed nejvy\u0161\u0161\u00ed hygienick\u00e9 standardy.<\/p>\n\n\n\n<p>Kl\u00ed\u010dovou v\u00fdhodou implementovan\u00e9ho \u0159e\u0161en\u00ed je jeho odolnost v\u016f\u010di n\u00edzk\u00fdm teplot\u00e1m. Flexibiln\u00ed bari\u00e9ry Anter System z \u0159ady ur\u010den\u00e9 pro prost\u0159ed\u00ed s velmi n\u00edzk\u00fdmi teplotami si zachov\u00e1vaj\u00ed plnou funk\u010dnost p\u0159i teplot\u00e1ch <strong>a\u017e do -40 \u00b0C,<\/strong> tak\u017ee jsou ide\u00e1ln\u00ed volbou pro chlad\u00edrny a mraz\u00edrny.<\/p>\n\n\n\n<h3 class=\"wp-block-heading\">Souhrn<\/h3>\n\n\n\n<p>Projekt chlad\u00edrensk\u00e9ho skladu je dal\u0161\u00edm p\u0159\u00edkladem efektivn\u00edho pou\u017eit\u00ed ochrann\u00fdch bari\u00e9rov\u00fdch syst\u00e9m\u016f Anter System ve specializovan\u00fdch podm\u00ednk\u00e1ch. Kombinace <strong>flexibility, odolnosti a estetiky zajistila, \u017ee<\/strong> realizovan\u00e9 z\u00e1brany a ochrann\u00e9 sloupky pln\u011b splnily o\u010dek\u00e1v\u00e1n\u00ed z\u00e1kazn\u00edka. D\u00edky pe\u010dliv\u00e9mu pl\u00e1nov\u00e1n\u00ed, spr\u00e1vn\u00e9mu v\u00fdb\u011bru produkt\u016f a profesion\u00e1ln\u00edmu proveden\u00ed byl objekt komplexn\u011b chr\u00e1n\u011bn, co\u017e vedlo ke zv\u00fd\u0161en\u00ed bezpe\u010dnosti a sn\u00ed\u017een\u00ed potenci\u00e1ln\u00edch n\u00e1klad\u016f na opravy.<\/p>\n<\/div>\n\n\n\n<div class=\"wp-block-column is-layout-flow wp-block-column-is-layout-flow\" style=\"flex-basis:10%\"><\/div>\n<\/div>\n\nngg_shortcode_0_placeholder\n","protected":false},"excerpt":{"rendered":"<p>Ochrann\u00e9 sloupky PA a z\u00e1brany GB HD+. \u00da\u010dinn\u00e1 ochrana infrastruktury p\u0159i n\u00edzk\u00fdch teplot\u00e1ch V jednom z na\u0161ich projekt\u016f pr\u016fmyslov\u00e9 bezpe\u010dnosti, kter\u00fd jsme realizovali pro nov\u011b postaven\u00fd chlad\u00edrensk\u00fd sklad, jsme st\u00e1li p\u0159ed \u00fakolem ochr\u00e1nit kl\u00ed\u010dov\u00e9 prvky infrastruktury vystaven\u00e9 potenci\u00e1ln\u00edmu po\u0161kozen\u00ed. Intenzivn\u00ed provoz vysokozdvi\u017en\u00fdch voz\u00edk\u016f a ru\u010dn\u00edch p\u0159epravn\u00edch voz\u00edk\u016f vy\u017eadoval \u0159e\u0161en\u00ed, kter\u00e9 by nejen chr\u00e1nilo kritick\u00e9 oblasti [&hellip;]<\/p>\n","protected":false},"author":1,"featured_media":0,"parent":12667,"menu_order":0,"comment_status":"closed","ping_status":"closed","template":"","meta":{"inline_featured_image":false,"ngg_post_thumbnail":0,"footnotes":""},"class_list":["post-13003","page","type-page","status-publish","hentry"],"acf":[],"yoast_head":"<!-- This site is optimized with the Yoast SEO plugin v27.0 - https:\/\/yoast.com\/product\/yoast-seo-wordpress\/ -->\n<title>Sloupky PA a z\u00e1brany GB v chlad\u00edrensk\u00e9m skladu - Anter System<\/title>\n<meta name=\"description\" content=\"Ochrann\u00e9 sloupky PA a z\u00e1brany GB HD+. \u00da\u010dinn\u00e1 ochrana infrastruktury p\u0159i n\u00edzk\u00fdch teplot\u00e1ch V jednom z na\u0161ich projekt\u016f pr\u016fmyslov\u00e9 bezpe\u010dnosti, kter\u00fd jsme\" \/>\n<meta name=\"robots\" content=\"index, follow, max-snippet:-1, max-image-preview:large, max-video-preview:-1\" \/>\n<link rel=\"canonical\" href=\"https:\/\/antersystem.com\/cs\/case-studies\/pa-bollards-gb-barriers-cold-storage-facility\/\" \/>\n<meta property=\"og:locale\" content=\"cs_CZ\" \/>\n<meta property=\"og:type\" content=\"article\" \/>\n<meta property=\"og:title\" content=\"Sloupky PA a z\u00e1brany GB v chlad\u00edrensk\u00e9m skladu - Anter System\" \/>\n<meta property=\"og:description\" content=\"Ochrann\u00e9 sloupky PA a z\u00e1brany GB HD+. \u00da\u010dinn\u00e1 ochrana infrastruktury p\u0159i n\u00edzk\u00fdch teplot\u00e1ch V jednom z na\u0161ich projekt\u016f pr\u016fmyslov\u00e9 bezpe\u010dnosti, kter\u00fd jsme\" \/>\n<meta property=\"og:url\" content=\"https:\/\/antersystem.com\/cs\/case-studies\/pa-bollards-gb-barriers-cold-storage-facility\/\" \/>\n<meta property=\"og:site_name\" content=\"Anter System\" \/>\n<meta property=\"article:modified_time\" content=\"2026-01-31T21:28:52+00:00\" \/>\n<meta name=\"twitter:card\" content=\"summary_large_image\" \/>\n<meta name=\"twitter:label1\" content=\"Odhadovan\u00e1 doba \u010dten\u00ed\" \/>\n\t<meta name=\"twitter:data1\" content=\"4 minuty\" \/>\n<script type=\"application\/ld+json\" class=\"yoast-schema-graph\">{\"@context\":\"https:\/\/schema.org\",\"@graph\":[{\"@type\":\"WebPage\",\"@id\":\"https:\/\/antersystem.com\/cs\/case-studies\/pa-bollards-gb-barriers-cold-storage-facility\/\",\"url\":\"https:\/\/antersystem.com\/cs\/case-studies\/pa-bollards-gb-barriers-cold-storage-facility\/\",\"name\":\"Sloupky PA a z\u00e1brany GB v chlad\u00edrensk\u00e9m skladu - Anter System\",\"isPartOf\":{\"@id\":\"https:\/\/antersystem.com\/cs\/#website\"},\"datePublished\":\"2024-12-06T13:52:25+00:00\",\"dateModified\":\"2026-01-31T21:28:52+00:00\",\"description\":\"Ochrann\u00e9 sloupky PA a z\u00e1brany GB HD+. \u00da\u010dinn\u00e1 ochrana infrastruktury p\u0159i n\u00edzk\u00fdch teplot\u00e1ch V jednom z na\u0161ich projekt\u016f pr\u016fmyslov\u00e9 bezpe\u010dnosti, kter\u00fd jsme\",\"breadcrumb\":{\"@id\":\"https:\/\/antersystem.com\/cs\/case-studies\/pa-bollards-gb-barriers-cold-storage-facility\/#breadcrumb\"},\"inLanguage\":\"cs\",\"potentialAction\":[{\"@type\":\"ReadAction\",\"target\":[\"https:\/\/antersystem.com\/cs\/case-studies\/pa-bollards-gb-barriers-cold-storage-facility\/\"]}]},{\"@type\":\"BreadcrumbList\",\"@id\":\"https:\/\/antersystem.com\/cs\/case-studies\/pa-bollards-gb-barriers-cold-storage-facility\/#breadcrumb\",\"itemListElement\":[{\"@type\":\"ListItem\",\"position\":1,\"name\":\"AnterSystem\",\"item\":\"https:\/\/antersystem.com\/cs\/\"},{\"@type\":\"ListItem\",\"position\":2,\"name\":\"P\u0159\u00edpadov\u00e9 studie\",\"item\":\"https:\/\/antersystem.com\/cs\/case-studies\/\"},{\"@type\":\"ListItem\",\"position\":3,\"name\":\"Sloupky PA a z\u00e1brany GB v chlad\u00edrensk\u00e9m skladu\"}]},{\"@type\":\"WebSite\",\"@id\":\"https:\/\/antersystem.com\/cs\/#website\",\"url\":\"https:\/\/antersystem.com\/cs\/\",\"name\":\"Anter System\",\"description\":\"Jeste\u015bmy polskim producentem elastycznych barier ochronnych wykonywanych z polimerowych tworzyw sztucznych. Na rynku krajowym i zagranicznym dzia\u0142amy od ponad 15 lat dbaj\u0105c o zapewnienie bezpiecze\u0144stwa w zak\u0142adach produkcyjnych, magazynach oraz centrach logistycznych.\",\"potentialAction\":[{\"@type\":\"SearchAction\",\"target\":{\"@type\":\"EntryPoint\",\"urlTemplate\":\"https:\/\/antersystem.com\/cs\/?s={search_term_string}\"},\"query-input\":{\"@type\":\"PropertyValueSpecification\",\"valueRequired\":true,\"valueName\":\"search_term_string\"}}],\"inLanguage\":\"cs\"}]}<\/script>\n<!-- \/ Yoast SEO plugin. -->","yoast_head_json":{"title":"Sloupky PA a z\u00e1brany GB v chlad\u00edrensk\u00e9m skladu - Anter System","description":"Ochrann\u00e9 sloupky PA a z\u00e1brany GB HD+. \u00da\u010dinn\u00e1 ochrana infrastruktury p\u0159i n\u00edzk\u00fdch teplot\u00e1ch V jednom z na\u0161ich projekt\u016f pr\u016fmyslov\u00e9 bezpe\u010dnosti, kter\u00fd jsme","robots":{"index":"index","follow":"follow","max-snippet":"max-snippet:-1","max-image-preview":"max-image-preview:large","max-video-preview":"max-video-preview:-1"},"canonical":"https:\/\/antersystem.com\/cs\/case-studies\/pa-bollards-gb-barriers-cold-storage-facility\/","og_locale":"cs_CZ","og_type":"article","og_title":"Sloupky PA a z\u00e1brany GB v chlad\u00edrensk\u00e9m skladu - Anter System","og_description":"Ochrann\u00e9 sloupky PA a z\u00e1brany GB HD+. \u00da\u010dinn\u00e1 ochrana infrastruktury p\u0159i n\u00edzk\u00fdch teplot\u00e1ch V jednom z na\u0161ich projekt\u016f pr\u016fmyslov\u00e9 bezpe\u010dnosti, kter\u00fd jsme","og_url":"https:\/\/antersystem.com\/cs\/case-studies\/pa-bollards-gb-barriers-cold-storage-facility\/","og_site_name":"Anter System","article_modified_time":"2026-01-31T21:28:52+00:00","twitter_card":"summary_large_image","twitter_misc":{"Odhadovan\u00e1 doba \u010dten\u00ed":"4 minuty"},"schema":{"@context":"https:\/\/schema.org","@graph":[{"@type":"WebPage","@id":"https:\/\/antersystem.com\/cs\/case-studies\/pa-bollards-gb-barriers-cold-storage-facility\/","url":"https:\/\/antersystem.com\/cs\/case-studies\/pa-bollards-gb-barriers-cold-storage-facility\/","name":"Sloupky PA a z\u00e1brany GB v chlad\u00edrensk\u00e9m skladu - Anter System","isPartOf":{"@id":"https:\/\/antersystem.com\/cs\/#website"},"datePublished":"2024-12-06T13:52:25+00:00","dateModified":"2026-01-31T21:28:52+00:00","description":"Ochrann\u00e9 sloupky PA a z\u00e1brany GB HD+. \u00da\u010dinn\u00e1 ochrana infrastruktury p\u0159i n\u00edzk\u00fdch teplot\u00e1ch V jednom z na\u0161ich projekt\u016f pr\u016fmyslov\u00e9 bezpe\u010dnosti, kter\u00fd jsme","breadcrumb":{"@id":"https:\/\/antersystem.com\/cs\/case-studies\/pa-bollards-gb-barriers-cold-storage-facility\/#breadcrumb"},"inLanguage":"cs","potentialAction":[{"@type":"ReadAction","target":["https:\/\/antersystem.com\/cs\/case-studies\/pa-bollards-gb-barriers-cold-storage-facility\/"]}]},{"@type":"BreadcrumbList","@id":"https:\/\/antersystem.com\/cs\/case-studies\/pa-bollards-gb-barriers-cold-storage-facility\/#breadcrumb","itemListElement":[{"@type":"ListItem","position":1,"name":"AnterSystem","item":"https:\/\/antersystem.com\/cs\/"},{"@type":"ListItem","position":2,"name":"P\u0159\u00edpadov\u00e9 studie","item":"https:\/\/antersystem.com\/cs\/case-studies\/"},{"@type":"ListItem","position":3,"name":"Sloupky PA a z\u00e1brany GB v chlad\u00edrensk\u00e9m skladu"}]},{"@type":"WebSite","@id":"https:\/\/antersystem.com\/cs\/#website","url":"https:\/\/antersystem.com\/cs\/","name":"Anter System","description":"Jeste\u015bmy polskim producentem elastycznych barier ochronnych wykonywanych z polimerowych tworzyw sztucznych. Na rynku krajowym i zagranicznym dzia\u0142amy od ponad 15 lat dbaj\u0105c o zapewnienie bezpiecze\u0144stwa w zak\u0142adach produkcyjnych, magazynach oraz centrach logistycznych.","potentialAction":[{"@type":"SearchAction","target":{"@type":"EntryPoint","urlTemplate":"https:\/\/antersystem.com\/cs\/?s={search_term_string}"},"query-input":{"@type":"PropertyValueSpecification","valueRequired":true,"valueName":"search_term_string"}}],"inLanguage":"cs"}]}},"_links":{"self":[{"href":"https:\/\/antersystem.com\/cs\/wp-json\/wp\/v2\/pages\/13003","targetHints":{"allow":["GET"]}}],"collection":[{"href":"https:\/\/antersystem.com\/cs\/wp-json\/wp\/v2\/pages"}],"about":[{"href":"https:\/\/antersystem.com\/cs\/wp-json\/wp\/v2\/types\/page"}],"author":[{"embeddable":true,"href":"https:\/\/antersystem.com\/cs\/wp-json\/wp\/v2\/users\/1"}],"replies":[{"embeddable":true,"href":"https:\/\/antersystem.com\/cs\/wp-json\/wp\/v2\/comments?post=13003"}],"version-history":[{"count":1,"href":"https:\/\/antersystem.com\/cs\/wp-json\/wp\/v2\/pages\/13003\/revisions"}],"predecessor-version":[{"id":13006,"href":"https:\/\/antersystem.com\/cs\/wp-json\/wp\/v2\/pages\/13003\/revisions\/13006"}],"up":[{"embeddable":true,"href":"https:\/\/antersystem.com\/cs\/wp-json\/wp\/v2\/pages\/12667"}],"wp:attachment":[{"href":"https:\/\/antersystem.com\/cs\/wp-json\/wp\/v2\/media?parent=13003"}],"curies":[{"name":"wp","href":"https:\/\/api.w.org\/{rel}","templated":true}]}}