{"id":13038,"date":"2023-12-11T12:55:28","date_gmt":"2023-12-11T11:55:28","guid":{"rendered":"https:\/\/new.antersystem.com\/case-studies\/sga-safety-gates\/"},"modified":"2026-01-30T01:31:15","modified_gmt":"2026-01-30T00:31:15","slug":"sga-safety-gates","status":"publish","type":"page","link":"https:\/\/antersystem.com\/cs\/case-studies\/sga-safety-gates\/","title":{"rendered":"Bezpe\u010dnostn\u00ed br\u00e1ny SGA"},"content":{"rendered":"\n<p><\/p>\n\n<div class=\"wp-block-columns is-layout-flex wp-container-core-columns-is-layout-9d6595d7 wp-block-columns-is-layout-flex\">\n  \n  <div class=\"wp-block-column is-layout-flow wp-block-column-is-layout-flow\" style=\"flex-basis:10%\"><\/div>\n  \n\n  \n  <div class=\"wp-block-column is-layout-flow wp-block-column-is-layout-flow\">\n    \n    <p>Na\u0161e syst\u00e9my instalujeme na z\u00e1klad\u011b specifick\u00fdch pot\u0159eb ka\u017ed\u00e9ho skladov\u00e9ho prostoru. Poskytujeme ochranu v\u0161ude tam, kde hroz\u00ed riziko kolize skladov\u00fdch vozidel, a z\u00e1rove\u0148 zaji\u0161\u0165ujeme plynul\u00fd pohyb chodc\u016f. P\u0159\u00edklad takov\u00e9 instalace je uveden n\u00ed\u017ee &#8211; kombinace <strong>pru\u017en\u00fdch z\u00e1bran pro chodce<\/strong> a <a href=\"https:\/\/antersystem.com\/produkty\/bramka-bezpieczenstwa-ze-znakiem-stop\/\">br\u00e1ny SGA s v\u00fdstra\u017en\u00fdm znamen\u00edm STOP<\/a>.<\/p>\n    \n\n    \n    <p>N\u00e1\u0161 klient z na\u0161eho rodn\u00e9ho m\u011bsta d\u0159\u00edve pou\u017e\u00edval tradi\u010dn\u00ed ocelov\u00e9 z\u00e1brany a br\u00e1ny, kter\u00e9 maj\u00ed tendenci se p\u0159i n\u00e1razu vysokozdvi\u017en\u00fdm voz\u00edkem t\u0159\u00ed\u0161tit a deformovat. Podlaha kolem ocelov\u00fdch z\u00e1bran se \u010dasem tak\u00e9 po\u0161kod\u00ed. Proto si vybrali n\u00e1s &#8211; a my jsme r\u00e1di, \u017ee si n\u00e1s vybrali. <strong>Flexibiln\u00ed bari\u00e9ry \u00fa\u010dinn\u011b chr\u00e1n\u00ed a<\/strong> z\u00e1rove\u0148 slou\u017e\u00ed jako dlouhodob\u00e1 investice do rozpo\u010dtu spole\u010dnosti. Vy\u017eaduj\u00ed mnohem m\u00e9n\u011b \u00fadr\u017eby ne\u017e ocelov\u00e9 &#8211; \u017e\u00e1dn\u00e9 nat\u00edr\u00e1n\u00ed, \u017e\u00e1dn\u00e9 opravy rzi. Podlaha tak\u00e9 z\u016fst\u00e1v\u00e1 v lep\u0161\u00edm stavu, proto\u017ee <strong>polymerov\u00fd materi\u00e1l rovnom\u011brn\u011b absorbuje n\u00e1razy<\/strong> po cel\u00e9m povrchu. Dal\u0161\u00edm d\u016fle\u017eit\u00fdm faktorem je bezpe\u010dn\u00fd syst\u00e9m kotven\u00ed sloupk\u016f. V\u00e1\u017e\u00edme si d\u016fv\u011bry a jsme p\u0159ipraveni nab\u00eddnout <a href=\"https:\/\/antersystem.com\/co-zabezpieczamy\/\">odborn\u00e9 poradenstv\u00ed v oblasti bezpe\u010dnosti a \u0159\u00edzen\u00ed dopravy, kdykoli<\/a> to bude pot\u0159eba.<\/p>\n    \n\n    \n    ngg_shortcode_0_placeholder\n    \n  <\/div>\n  \n\n  \n  <div class=\"wp-block-column is-layout-flow wp-block-column-is-layout-flow\" style=\"flex-basis:10%\"><\/div>\n  \n<\/div>\n","protected":false},"excerpt":{"rendered":"<p>Na\u0161e syst\u00e9my instalujeme na z\u00e1klad\u011b specifick\u00fdch pot\u0159eb ka\u017ed\u00e9ho skladov\u00e9ho prostoru. Poskytujeme ochranu v\u0161ude tam, kde hroz\u00ed riziko kolize skladov\u00fdch vozidel, a z\u00e1rove\u0148 zaji\u0161\u0165ujeme plynul\u00fd pohyb chodc\u016f. P\u0159\u00edklad takov\u00e9 instalace je uveden n\u00ed\u017ee &#8211; kombinace pru\u017en\u00fdch z\u00e1bran pro chodce a br\u00e1ny SGA s v\u00fdstra\u017en\u00fdm znamen\u00edm STOP. N\u00e1\u0161 klient z na\u0161eho rodn\u00e9ho m\u011bsta d\u0159\u00edve pou\u017e\u00edval tradi\u010dn\u00ed ocelov\u00e9 [&hellip;]<\/p>\n","protected":false},"author":1,"featured_media":0,"parent":12667,"menu_order":0,"comment_status":"closed","ping_status":"closed","template":"","meta":{"inline_featured_image":false,"ngg_post_thumbnail":0,"footnotes":""},"class_list":["post-13038","page","type-page","status-publish","hentry"],"acf":[],"yoast_head":"<!-- This site is optimized with the Yoast SEO plugin v27.0 - https:\/\/yoast.com\/product\/yoast-seo-wordpress\/ -->\n<title>Bezpe\u010dnostn\u00ed br\u00e1ny SGA - Anter System<\/title>\n<meta name=\"description\" content=\"Na\u0161e syst\u00e9my instalujeme na z\u00e1klad\u011b specifick\u00fdch pot\u0159eb ka\u017ed\u00e9ho skladov\u00e9ho prostoru. Poskytujeme ochranu v\u0161ude tam, kde hroz\u00ed riziko kolize skladov\u00fdch\" \/>\n<meta name=\"robots\" content=\"index, follow, max-snippet:-1, max-image-preview:large, max-video-preview:-1\" \/>\n<link rel=\"canonical\" href=\"https:\/\/antersystem.com\/cs\/case-studies\/sga-safety-gates\/\" \/>\n<meta property=\"og:locale\" content=\"cs_CZ\" \/>\n<meta property=\"og:type\" content=\"article\" \/>\n<meta property=\"og:title\" content=\"Bezpe\u010dnostn\u00ed br\u00e1ny SGA - Anter System\" \/>\n<meta property=\"og:description\" content=\"Na\u0161e syst\u00e9my instalujeme na z\u00e1klad\u011b specifick\u00fdch pot\u0159eb ka\u017ed\u00e9ho skladov\u00e9ho prostoru. Poskytujeme ochranu v\u0161ude tam, kde hroz\u00ed riziko kolize skladov\u00fdch\" \/>\n<meta property=\"og:url\" content=\"https:\/\/antersystem.com\/cs\/case-studies\/sga-safety-gates\/\" \/>\n<meta property=\"og:site_name\" content=\"Anter System\" \/>\n<meta property=\"article:modified_time\" content=\"2026-01-30T00:31:15+00:00\" \/>\n<meta name=\"twitter:card\" content=\"summary_large_image\" \/>\n<meta name=\"twitter:label1\" content=\"Odhadovan\u00e1 doba \u010dten\u00ed\" \/>\n\t<meta name=\"twitter:data1\" content=\"1 minuta\" \/>\n<script type=\"application\/ld+json\" class=\"yoast-schema-graph\">{\"@context\":\"https:\/\/schema.org\",\"@graph\":[{\"@type\":\"WebPage\",\"@id\":\"https:\/\/antersystem.com\/cs\/case-studies\/sga-safety-gates\/\",\"url\":\"https:\/\/antersystem.com\/cs\/case-studies\/sga-safety-gates\/\",\"name\":\"Bezpe\u010dnostn\u00ed br\u00e1ny SGA - Anter System\",\"isPartOf\":{\"@id\":\"https:\/\/antersystem.com\/cs\/#website\"},\"datePublished\":\"2023-12-11T11:55:28+00:00\",\"dateModified\":\"2026-01-30T00:31:15+00:00\",\"description\":\"Na\u0161e syst\u00e9my instalujeme na z\u00e1klad\u011b specifick\u00fdch pot\u0159eb ka\u017ed\u00e9ho skladov\u00e9ho prostoru. Poskytujeme ochranu v\u0161ude tam, kde hroz\u00ed riziko kolize skladov\u00fdch\",\"breadcrumb\":{\"@id\":\"https:\/\/antersystem.com\/cs\/case-studies\/sga-safety-gates\/#breadcrumb\"},\"inLanguage\":\"cs\",\"potentialAction\":[{\"@type\":\"ReadAction\",\"target\":[\"https:\/\/antersystem.com\/cs\/case-studies\/sga-safety-gates\/\"]}]},{\"@type\":\"BreadcrumbList\",\"@id\":\"https:\/\/antersystem.com\/cs\/case-studies\/sga-safety-gates\/#breadcrumb\",\"itemListElement\":[{\"@type\":\"ListItem\",\"position\":1,\"name\":\"AnterSystem\",\"item\":\"https:\/\/antersystem.com\/cs\/\"},{\"@type\":\"ListItem\",\"position\":2,\"name\":\"P\u0159\u00edpadov\u00e9 studie\",\"item\":\"https:\/\/antersystem.com\/cs\/case-studies\/\"},{\"@type\":\"ListItem\",\"position\":3,\"name\":\"Bezpe\u010dnostn\u00ed br\u00e1ny SGA\"}]},{\"@type\":\"WebSite\",\"@id\":\"https:\/\/antersystem.com\/cs\/#website\",\"url\":\"https:\/\/antersystem.com\/cs\/\",\"name\":\"Anter System\",\"description\":\"Jeste\u015bmy polskim producentem elastycznych barier ochronnych wykonywanych z polimerowych tworzyw sztucznych. Na rynku krajowym i zagranicznym dzia\u0142amy od ponad 15 lat dbaj\u0105c o zapewnienie bezpiecze\u0144stwa w zak\u0142adach produkcyjnych, magazynach oraz centrach logistycznych.\",\"potentialAction\":[{\"@type\":\"SearchAction\",\"target\":{\"@type\":\"EntryPoint\",\"urlTemplate\":\"https:\/\/antersystem.com\/cs\/?s={search_term_string}\"},\"query-input\":{\"@type\":\"PropertyValueSpecification\",\"valueRequired\":true,\"valueName\":\"search_term_string\"}}],\"inLanguage\":\"cs\"}]}<\/script>\n<!-- \/ Yoast SEO plugin. -->","yoast_head_json":{"title":"Bezpe\u010dnostn\u00ed br\u00e1ny SGA - Anter System","description":"Na\u0161e syst\u00e9my instalujeme na z\u00e1klad\u011b specifick\u00fdch pot\u0159eb ka\u017ed\u00e9ho skladov\u00e9ho prostoru. Poskytujeme ochranu v\u0161ude tam, kde hroz\u00ed riziko kolize skladov\u00fdch","robots":{"index":"index","follow":"follow","max-snippet":"max-snippet:-1","max-image-preview":"max-image-preview:large","max-video-preview":"max-video-preview:-1"},"canonical":"https:\/\/antersystem.com\/cs\/case-studies\/sga-safety-gates\/","og_locale":"cs_CZ","og_type":"article","og_title":"Bezpe\u010dnostn\u00ed br\u00e1ny SGA - Anter System","og_description":"Na\u0161e syst\u00e9my instalujeme na z\u00e1klad\u011b specifick\u00fdch pot\u0159eb ka\u017ed\u00e9ho skladov\u00e9ho prostoru. Poskytujeme ochranu v\u0161ude tam, kde hroz\u00ed riziko kolize skladov\u00fdch","og_url":"https:\/\/antersystem.com\/cs\/case-studies\/sga-safety-gates\/","og_site_name":"Anter System","article_modified_time":"2026-01-30T00:31:15+00:00","twitter_card":"summary_large_image","twitter_misc":{"Odhadovan\u00e1 doba \u010dten\u00ed":"1 minuta"},"schema":{"@context":"https:\/\/schema.org","@graph":[{"@type":"WebPage","@id":"https:\/\/antersystem.com\/cs\/case-studies\/sga-safety-gates\/","url":"https:\/\/antersystem.com\/cs\/case-studies\/sga-safety-gates\/","name":"Bezpe\u010dnostn\u00ed br\u00e1ny SGA - Anter System","isPartOf":{"@id":"https:\/\/antersystem.com\/cs\/#website"},"datePublished":"2023-12-11T11:55:28+00:00","dateModified":"2026-01-30T00:31:15+00:00","description":"Na\u0161e syst\u00e9my instalujeme na z\u00e1klad\u011b specifick\u00fdch pot\u0159eb ka\u017ed\u00e9ho skladov\u00e9ho prostoru. Poskytujeme ochranu v\u0161ude tam, kde hroz\u00ed riziko kolize skladov\u00fdch","breadcrumb":{"@id":"https:\/\/antersystem.com\/cs\/case-studies\/sga-safety-gates\/#breadcrumb"},"inLanguage":"cs","potentialAction":[{"@type":"ReadAction","target":["https:\/\/antersystem.com\/cs\/case-studies\/sga-safety-gates\/"]}]},{"@type":"BreadcrumbList","@id":"https:\/\/antersystem.com\/cs\/case-studies\/sga-safety-gates\/#breadcrumb","itemListElement":[{"@type":"ListItem","position":1,"name":"AnterSystem","item":"https:\/\/antersystem.com\/cs\/"},{"@type":"ListItem","position":2,"name":"P\u0159\u00edpadov\u00e9 studie","item":"https:\/\/antersystem.com\/cs\/case-studies\/"},{"@type":"ListItem","position":3,"name":"Bezpe\u010dnostn\u00ed br\u00e1ny SGA"}]},{"@type":"WebSite","@id":"https:\/\/antersystem.com\/cs\/#website","url":"https:\/\/antersystem.com\/cs\/","name":"Anter System","description":"Jeste\u015bmy polskim producentem elastycznych barier ochronnych wykonywanych z polimerowych tworzyw sztucznych. Na rynku krajowym i zagranicznym dzia\u0142amy od ponad 15 lat dbaj\u0105c o zapewnienie bezpiecze\u0144stwa w zak\u0142adach produkcyjnych, magazynach oraz centrach logistycznych.","potentialAction":[{"@type":"SearchAction","target":{"@type":"EntryPoint","urlTemplate":"https:\/\/antersystem.com\/cs\/?s={search_term_string}"},"query-input":{"@type":"PropertyValueSpecification","valueRequired":true,"valueName":"search_term_string"}}],"inLanguage":"cs"}]}},"_links":{"self":[{"href":"https:\/\/antersystem.com\/cs\/wp-json\/wp\/v2\/pages\/13038","targetHints":{"allow":["GET"]}}],"collection":[{"href":"https:\/\/antersystem.com\/cs\/wp-json\/wp\/v2\/pages"}],"about":[{"href":"https:\/\/antersystem.com\/cs\/wp-json\/wp\/v2\/types\/page"}],"author":[{"embeddable":true,"href":"https:\/\/antersystem.com\/cs\/wp-json\/wp\/v2\/users\/1"}],"replies":[{"embeddable":true,"href":"https:\/\/antersystem.com\/cs\/wp-json\/wp\/v2\/comments?post=13038"}],"version-history":[{"count":1,"href":"https:\/\/antersystem.com\/cs\/wp-json\/wp\/v2\/pages\/13038\/revisions"}],"predecessor-version":[{"id":13040,"href":"https:\/\/antersystem.com\/cs\/wp-json\/wp\/v2\/pages\/13038\/revisions\/13040"}],"up":[{"embeddable":true,"href":"https:\/\/antersystem.com\/cs\/wp-json\/wp\/v2\/pages\/12667"}],"wp:attachment":[{"href":"https:\/\/antersystem.com\/cs\/wp-json\/wp\/v2\/media?parent=13038"}],"curies":[{"name":"wp","href":"https:\/\/api.w.org\/{rel}","templated":true}]}}