{"id":13050,"date":"2023-09-01T11:16:10","date_gmt":"2023-09-01T09:16:10","guid":{"rendered":"https:\/\/new.antersystem.com\/case-studies\/lift-gates\/"},"modified":"2026-01-30T01:30:23","modified_gmt":"2026-01-30T00:30:23","slug":"lift-gates","status":"publish","type":"page","link":"https:\/\/antersystem.com\/cs\/case-studies\/lift-gates\/","title":{"rendered":"Bezpe\u010dnostn\u00ed LIFT GATEs"},"content":{"rendered":"\n<div class=\"wp-block-columns is-layout-flex wp-container-core-columns-is-layout-9d6595d7 wp-block-columns-is-layout-flex\">\n<div class=\"wp-block-column is-layout-flow wp-block-column-is-layout-flow\" style=\"flex-basis:10%\"><\/div>\n\n\n\n<div class=\"wp-block-column is-layout-flow wp-block-column-is-layout-flow\" style=\"flex-basis:80%\">\n<p class=\"justify-mru\">Klient z automobilov\u00e9ho pr\u016fmyslu se na n\u00e1s obr\u00e1til s v\u00fdzvou, jak zajistit dopravn\u00ed cesty a z\u00e1rove\u0148 zachovat p\u0159\u00edstup do skladovac\u00edch prostor. Pro zv\u00fd\u0161en\u00ed bezpe\u010dnosti a optimalizaci pracovn\u00ed doby byly pod\u00e9l p\u011b\u0161\u00edch cest instalov\u00e1ny bezpe\u010dnostn\u00ed br\u00e1ny LIFT GATE. Toto \u0159e\u0161en\u00ed zajistilo bezpe\u010dn\u00fd pr\u016fchod pod\u00e9l chodn\u00edk\u016f pro p\u011b\u0161\u00ed a z\u00e1rove\u0148 umo\u017enilo do\u010dasn\u00e9 uzav\u0159en\u00ed oblasti v p\u0159\u00edpad\u011b pot\u0159eby. Projekt pln\u011b splnil o\u010dek\u00e1v\u00e1n\u00ed z\u00e1kazn\u00edka a p\u0159isp\u011bl ke zv\u00fd\u0161en\u00ed bezpe\u010dnosti a efektivity provozu.<\/p>\n\n\n\nngg_shortcode_0_placeholder\n<\/div>\n\n\n\n<div class=\"wp-block-column is-layout-flow wp-block-column-is-layout-flow\" style=\"flex-basis:10%\"><\/div>\n<\/div>\n","protected":false},"excerpt":{"rendered":"<p>Klient z automobilov\u00e9ho pr\u016fmyslu se na n\u00e1s obr\u00e1til s v\u00fdzvou, jak zajistit dopravn\u00ed cesty a z\u00e1rove\u0148 zachovat p\u0159\u00edstup do skladovac\u00edch prostor. Pro zv\u00fd\u0161en\u00ed bezpe\u010dnosti a optimalizaci pracovn\u00ed doby byly pod\u00e9l p\u011b\u0161\u00edch cest instalov\u00e1ny bezpe\u010dnostn\u00ed br\u00e1ny LIFT GATE. Toto \u0159e\u0161en\u00ed zajistilo bezpe\u010dn\u00fd pr\u016fchod pod\u00e9l chodn\u00edk\u016f pro p\u011b\u0161\u00ed a z\u00e1rove\u0148 umo\u017enilo do\u010dasn\u00e9 uzav\u0159en\u00ed oblasti v p\u0159\u00edpad\u011b pot\u0159eby. [&hellip;]<\/p>\n","protected":false},"author":1,"featured_media":0,"parent":12667,"menu_order":0,"comment_status":"closed","ping_status":"closed","template":"","meta":{"inline_featured_image":false,"ngg_post_thumbnail":0,"footnotes":""},"class_list":["post-13050","page","type-page","status-publish","hentry"],"acf":[],"yoast_head":"<!-- This site is optimized with the Yoast SEO plugin v27.0 - https:\/\/yoast.com\/product\/yoast-seo-wordpress\/ -->\n<title>Bezpe\u010dnostn\u00ed LIFT GATEs - Anter System<\/title>\n<meta name=\"description\" content=\"Klient z automobilov\u00e9ho pr\u016fmyslu se na n\u00e1s obr\u00e1til s v\u00fdzvou, jak zajistit dopravn\u00ed cesty a z\u00e1rove\u0148 zachovat p\u0159\u00edstup do skladovac\u00edch prostor. Pro zv\u00fd\u0161en\u00ed\" \/>\n<meta name=\"robots\" content=\"index, follow, max-snippet:-1, max-image-preview:large, max-video-preview:-1\" \/>\n<link rel=\"canonical\" href=\"https:\/\/antersystem.com\/cs\/case-studies\/lift-gates\/\" \/>\n<meta property=\"og:locale\" content=\"cs_CZ\" \/>\n<meta property=\"og:type\" content=\"article\" \/>\n<meta property=\"og:title\" content=\"Bezpe\u010dnostn\u00ed LIFT GATEs - Anter System\" \/>\n<meta property=\"og:description\" content=\"Klient z automobilov\u00e9ho pr\u016fmyslu se na n\u00e1s obr\u00e1til s v\u00fdzvou, jak zajistit dopravn\u00ed cesty a z\u00e1rove\u0148 zachovat p\u0159\u00edstup do skladovac\u00edch prostor. Pro zv\u00fd\u0161en\u00ed\" \/>\n<meta property=\"og:url\" content=\"https:\/\/antersystem.com\/cs\/case-studies\/lift-gates\/\" \/>\n<meta property=\"og:site_name\" content=\"Anter System\" \/>\n<meta property=\"article:modified_time\" content=\"2026-01-30T00:30:23+00:00\" \/>\n<meta name=\"twitter:card\" content=\"summary_large_image\" \/>\n<meta name=\"twitter:label1\" content=\"Odhadovan\u00e1 doba \u010dten\u00ed\" \/>\n\t<meta name=\"twitter:data1\" content=\"1 minuta\" \/>\n<script type=\"application\/ld+json\" class=\"yoast-schema-graph\">{\"@context\":\"https:\/\/schema.org\",\"@graph\":[{\"@type\":\"WebPage\",\"@id\":\"https:\/\/antersystem.com\/cs\/case-studies\/lift-gates\/\",\"url\":\"https:\/\/antersystem.com\/cs\/case-studies\/lift-gates\/\",\"name\":\"Bezpe\u010dnostn\u00ed LIFT GATEs - Anter System\",\"isPartOf\":{\"@id\":\"https:\/\/antersystem.com\/cs\/#website\"},\"datePublished\":\"2023-09-01T09:16:10+00:00\",\"dateModified\":\"2026-01-30T00:30:23+00:00\",\"description\":\"Klient z automobilov\u00e9ho pr\u016fmyslu se na n\u00e1s obr\u00e1til s v\u00fdzvou, jak zajistit dopravn\u00ed cesty a z\u00e1rove\u0148 zachovat p\u0159\u00edstup do skladovac\u00edch prostor. Pro zv\u00fd\u0161en\u00ed\",\"breadcrumb\":{\"@id\":\"https:\/\/antersystem.com\/cs\/case-studies\/lift-gates\/#breadcrumb\"},\"inLanguage\":\"cs\",\"potentialAction\":[{\"@type\":\"ReadAction\",\"target\":[\"https:\/\/antersystem.com\/cs\/case-studies\/lift-gates\/\"]}]},{\"@type\":\"BreadcrumbList\",\"@id\":\"https:\/\/antersystem.com\/cs\/case-studies\/lift-gates\/#breadcrumb\",\"itemListElement\":[{\"@type\":\"ListItem\",\"position\":1,\"name\":\"AnterSystem\",\"item\":\"https:\/\/antersystem.com\/cs\/\"},{\"@type\":\"ListItem\",\"position\":2,\"name\":\"P\u0159\u00edpadov\u00e9 studie\",\"item\":\"https:\/\/antersystem.com\/cs\/case-studies\/\"},{\"@type\":\"ListItem\",\"position\":3,\"name\":\"Bezpe\u010dnostn\u00ed LIFT GATEs\"}]},{\"@type\":\"WebSite\",\"@id\":\"https:\/\/antersystem.com\/cs\/#website\",\"url\":\"https:\/\/antersystem.com\/cs\/\",\"name\":\"Anter System\",\"description\":\"Jeste\u015bmy polskim producentem elastycznych barier ochronnych wykonywanych z polimerowych tworzyw sztucznych. Na rynku krajowym i zagranicznym dzia\u0142amy od ponad 15 lat dbaj\u0105c o zapewnienie bezpiecze\u0144stwa w zak\u0142adach produkcyjnych, magazynach oraz centrach logistycznych.\",\"potentialAction\":[{\"@type\":\"SearchAction\",\"target\":{\"@type\":\"EntryPoint\",\"urlTemplate\":\"https:\/\/antersystem.com\/cs\/?s={search_term_string}\"},\"query-input\":{\"@type\":\"PropertyValueSpecification\",\"valueRequired\":true,\"valueName\":\"search_term_string\"}}],\"inLanguage\":\"cs\"}]}<\/script>\n<!-- \/ Yoast SEO plugin. -->","yoast_head_json":{"title":"Bezpe\u010dnostn\u00ed LIFT GATEs - Anter System","description":"Klient z automobilov\u00e9ho pr\u016fmyslu se na n\u00e1s obr\u00e1til s v\u00fdzvou, jak zajistit dopravn\u00ed cesty a z\u00e1rove\u0148 zachovat p\u0159\u00edstup do skladovac\u00edch prostor. Pro zv\u00fd\u0161en\u00ed","robots":{"index":"index","follow":"follow","max-snippet":"max-snippet:-1","max-image-preview":"max-image-preview:large","max-video-preview":"max-video-preview:-1"},"canonical":"https:\/\/antersystem.com\/cs\/case-studies\/lift-gates\/","og_locale":"cs_CZ","og_type":"article","og_title":"Bezpe\u010dnostn\u00ed LIFT GATEs - Anter System","og_description":"Klient z automobilov\u00e9ho pr\u016fmyslu se na n\u00e1s obr\u00e1til s v\u00fdzvou, jak zajistit dopravn\u00ed cesty a z\u00e1rove\u0148 zachovat p\u0159\u00edstup do skladovac\u00edch prostor. Pro zv\u00fd\u0161en\u00ed","og_url":"https:\/\/antersystem.com\/cs\/case-studies\/lift-gates\/","og_site_name":"Anter System","article_modified_time":"2026-01-30T00:30:23+00:00","twitter_card":"summary_large_image","twitter_misc":{"Odhadovan\u00e1 doba \u010dten\u00ed":"1 minuta"},"schema":{"@context":"https:\/\/schema.org","@graph":[{"@type":"WebPage","@id":"https:\/\/antersystem.com\/cs\/case-studies\/lift-gates\/","url":"https:\/\/antersystem.com\/cs\/case-studies\/lift-gates\/","name":"Bezpe\u010dnostn\u00ed LIFT GATEs - Anter System","isPartOf":{"@id":"https:\/\/antersystem.com\/cs\/#website"},"datePublished":"2023-09-01T09:16:10+00:00","dateModified":"2026-01-30T00:30:23+00:00","description":"Klient z automobilov\u00e9ho pr\u016fmyslu se na n\u00e1s obr\u00e1til s v\u00fdzvou, jak zajistit dopravn\u00ed cesty a z\u00e1rove\u0148 zachovat p\u0159\u00edstup do skladovac\u00edch prostor. Pro zv\u00fd\u0161en\u00ed","breadcrumb":{"@id":"https:\/\/antersystem.com\/cs\/case-studies\/lift-gates\/#breadcrumb"},"inLanguage":"cs","potentialAction":[{"@type":"ReadAction","target":["https:\/\/antersystem.com\/cs\/case-studies\/lift-gates\/"]}]},{"@type":"BreadcrumbList","@id":"https:\/\/antersystem.com\/cs\/case-studies\/lift-gates\/#breadcrumb","itemListElement":[{"@type":"ListItem","position":1,"name":"AnterSystem","item":"https:\/\/antersystem.com\/cs\/"},{"@type":"ListItem","position":2,"name":"P\u0159\u00edpadov\u00e9 studie","item":"https:\/\/antersystem.com\/cs\/case-studies\/"},{"@type":"ListItem","position":3,"name":"Bezpe\u010dnostn\u00ed LIFT GATEs"}]},{"@type":"WebSite","@id":"https:\/\/antersystem.com\/cs\/#website","url":"https:\/\/antersystem.com\/cs\/","name":"Anter System","description":"Jeste\u015bmy polskim producentem elastycznych barier ochronnych wykonywanych z polimerowych tworzyw sztucznych. Na rynku krajowym i zagranicznym dzia\u0142amy od ponad 15 lat dbaj\u0105c o zapewnienie bezpiecze\u0144stwa w zak\u0142adach produkcyjnych, magazynach oraz centrach logistycznych.","potentialAction":[{"@type":"SearchAction","target":{"@type":"EntryPoint","urlTemplate":"https:\/\/antersystem.com\/cs\/?s={search_term_string}"},"query-input":{"@type":"PropertyValueSpecification","valueRequired":true,"valueName":"search_term_string"}}],"inLanguage":"cs"}]}},"_links":{"self":[{"href":"https:\/\/antersystem.com\/cs\/wp-json\/wp\/v2\/pages\/13050","targetHints":{"allow":["GET"]}}],"collection":[{"href":"https:\/\/antersystem.com\/cs\/wp-json\/wp\/v2\/pages"}],"about":[{"href":"https:\/\/antersystem.com\/cs\/wp-json\/wp\/v2\/types\/page"}],"author":[{"embeddable":true,"href":"https:\/\/antersystem.com\/cs\/wp-json\/wp\/v2\/users\/1"}],"replies":[{"embeddable":true,"href":"https:\/\/antersystem.com\/cs\/wp-json\/wp\/v2\/comments?post=13050"}],"version-history":[{"count":1,"href":"https:\/\/antersystem.com\/cs\/wp-json\/wp\/v2\/pages\/13050\/revisions"}],"predecessor-version":[{"id":13051,"href":"https:\/\/antersystem.com\/cs\/wp-json\/wp\/v2\/pages\/13050\/revisions\/13051"}],"up":[{"embeddable":true,"href":"https:\/\/antersystem.com\/cs\/wp-json\/wp\/v2\/pages\/12667"}],"wp:attachment":[{"href":"https:\/\/antersystem.com\/cs\/wp-json\/wp\/v2\/media?parent=13050"}],"curies":[{"name":"wp","href":"https:\/\/api.w.org\/{rel}","templated":true}]}}