{"id":13102,"date":"2025-01-28T13:58:17","date_gmt":"2025-01-28T12:58:17","guid":{"rendered":"https:\/\/new.antersystem.com\/case-studies\/pedestrian-lt-protecting-people-machines\/"},"modified":"2026-01-30T01:22:08","modified_gmt":"2026-01-30T00:22:08","slug":"pedestrian-lt-protecting-people-machines","status":"publish","type":"page","link":"https:\/\/antersystem.com\/cs\/case-studies\/pedestrian-lt-protecting-people-machines\/","title":{"rendered":"Chodci LT &#8211; Ochrana osob a stroj\u016f"},"content":{"rendered":"\n<div class=\"wp-block-columns is-layout-flex wp-container-core-columns-is-layout-9d6595d7 wp-block-columns-is-layout-flex\">\n<div class=\"wp-block-column is-layout-flow wp-block-column-is-layout-flow\" style=\"flex-basis:10%\"><\/div>\n\n\n\n<div class=\"wp-block-column is-layout-flow wp-block-column-is-layout-flow\">\n<h2 class=\"wp-block-heading\">Z\u00e1brany pro chodce LT &#8211; ochrana osob a stroj\u016f ve skladech s vysok\u00fdm provozem<\/h2>\n\n\n\n<p>Zaji\u0161t\u011bn\u00ed bezpe\u010dnosti osob a stroj\u016f v prost\u0159ed\u00ed skladu s vysok\u00fdm provozem vy\u017eaduje komplexn\u00ed p\u0159\u00edstup. V doty\u010dn\u00e9m objektu &#8211; <strong>pracovi\u0161ti pro zam\u011bstnance i obsluhu vysokozdvi\u017en\u00fdch voz\u00edk\u016f<\/strong> &#8211; se nach\u00e1zelo tak\u00e9 za\u0159\u00edzen\u00ed pat\u0159\u00edc\u00ed k automatizovan\u00fdm logistick\u00fdm syst\u00e9m\u016fm. Hlavn\u00ed prioritou bylo odd\u011blit p\u011b\u0161\u00ed trasy od z\u00f3n pro stroje a z\u00e1rove\u0148 <strong>ochr\u00e1nit kl\u00ed\u010dov\u00e9 prvky infrastruktury budovy,<\/strong> jako jsou sloupy a nakl\u00e1dac\u00ed rampy, p\u0159ed mo\u017en\u00fdmi n\u00e1razy vysokozdvi\u017en\u00fdch voz\u00edk\u016f.<\/p>\n\n\n\n<h3 class=\"wp-block-heading\">Prov\u00e1d\u011bn\u00ed<\/h3>\n\n\n\n<p>Projekt za\u010dal podrobnou anal\u00fdzou pot\u0159eb klienta a dynamick\u00e9ho charakteru skladov\u00fdch operac\u00ed. D\u00edky zmapov\u00e1n\u00ed vzorc\u016f pohybu v objektu jsme mohli navrhnout a implementovat bezpe\u010dnostn\u00ed \u0159e\u0161en\u00ed, kter\u00e1 kombinovala \u00fa\u010dinnou ochranu s funk\u010dnost\u00ed &#8211; a zajistila tak hladk\u00fd pr\u016fb\u011bh pr\u00e1ce a maxim\u00e1ln\u00ed bezpe\u010dnost.<\/p>\n\n\n\n<p>Abychom \u00fa\u010dinn\u011b <strong>odd\u011blili chodce od vysokozdvi\u017en\u00fdch voz\u00edk\u016f,<\/strong> instalovali jsme \u0159ady <a href=\"https:\/\/antersystem.com\/produkty\/elastyczna-bariera-pedestrian-r3-lt\/\">z\u00e1bran pro chodce PEDESTRIAN R2 LT vybaven\u00e9<\/a> zes\u00edlen\u00fdm spodn\u00edm nosn\u00edkem. Tato dodate\u010dn\u00e1 ochrana zabra\u0148uje po\u0161kozen\u00ed zp\u016fsoben\u00e9mu n\u00edzko polo\u017een\u00fdmi vidlicemi vysokozdvi\u017en\u00e9ho voz\u00edku. V oblastech se zv\u00fd\u0161en\u00fdm rizikem kolize byla ochrana pos\u00edlena <a href=\"https:\/\/antersystem.com\/produkty\/elastyczna-bariera-db-hd\/\">svodidly DB HD+<\/a>, kter\u00e1 jsou ur\u010dena pro n\u00e1ro\u010dn\u00e9 aplikace.<\/p>\n\n\n\n<p><strong>K ochran\u011b konstruk\u010dn\u00edch sloup\u016f<\/strong> <a href=\"https:\/\/antersystem.com\/produkty\/elastyczna-ochrona-kolumn-ral4\/\">byly pou\u017eity pru\u017en\u00e9 chr\u00e1ni\u010de sloup\u016f<\/a> <strong>RAL4,<\/strong> kter\u00e9 jsou schopny absorbovat a rozpt\u00fdlit energii n\u00e1razu, aby se minimalizovalo po\u0161kozen\u00ed sloup\u016f. Br\u00e1ny nakl\u00e1dac\u00edch dok\u016f byly chr\u00e1n\u011bny <a href=\"https:\/\/antersystem.com\/kategorie-produktow\/slupki-ochronne\/\">ochrann\u00fdmi sloupky PA,<\/a> kter\u00e9 \u00fa\u010dinn\u011b zabra\u0148uj\u00ed koliz\u00edm v m\u00edstech, kde vysokozdvi\u017en\u00e9 voz\u00edky man\u00e9vruj\u00ed v omezen\u00e9m prostoru. Jako dopln\u011bk syst\u00e9mu <a href=\"https:\/\/antersystem.com\/produkty\/corner-bumper\/\">byly instalov\u00e1ny CORNER BUMPERS<\/a>, kter\u00e9 chr\u00e1n\u00ed hrany st\u011bn v rizikov\u00fdch z\u00f3n\u00e1ch.<\/p>\n\n\n\n<h3 class=\"wp-block-heading\">V\u00fdsledky<\/h3>\n\n\n\n<p>Instalace <strong>flexibiln\u00edch bezpe\u010dnostn\u00edch z\u00e1bran Anter System p\u0159inesla<\/strong> \u0159adu v\u00fdhod. Pou\u017eit\u00e9 polymern\u00ed materi\u00e1ly se vyzna\u010duj\u00ed v\u00fdjime\u010dnou absorpc\u00ed n\u00e1raz\u016f, co\u017e v\u00fdrazn\u011b sni\u017euje riziko n\u00e1kladn\u00fdch oprav za\u0159\u00edzen\u00ed i infrastruktury po n\u00e1razu. <strong>Modul\u00e1rn\u00ed konstrukce syst\u00e9mu umo\u017e\u0148uje<\/strong> snadnou mont\u00e1\u017e, demont\u00e1\u017e a p\u0159izp\u016fsoben\u00ed m\u011bn\u00edc\u00edm se provozn\u00edm pot\u0159eb\u00e1m. D\u00edky implementovan\u00fdm \u0159e\u0161en\u00edm se zv\u00fd\u0161ila bezpe\u010dnost osob i stroj\u016f a z\u00e1rove\u0148 se minimalizovaly prostoje a p\u0159eru\u0161en\u00ed provozu.<\/p>\n\n\n\n<h3 class=\"wp-block-heading\">Souhrn<\/h3>\n\n\n\n<p>D\u00edky \u0159e\u0161en\u00edm spole\u010dnosti Anter System dos\u00e1hl sklad v\u00fdznamn\u00e9ho zlep\u0161en\u00ed <strong>bezpe\u010dnosti pr\u00e1ce a prostorov\u00e9 organizace v prost\u0159ed\u00ed, kter\u00e9<\/strong> sd\u00edlej\u00ed chodci, vozidla a automatizovan\u00e9 logistick\u00e9 syst\u00e9my. Modern\u00ed design a robustn\u00ed konstrukce na\u0161ich flexibiln\u00edch ochrann\u00fdch bari\u00e9r zaji\u0161\u0165uj\u00ed nejen \u00fa\u010dinnou ochranu, ale tak\u00e9 p\u0159isp\u00edvaj\u00ed k optimalizaci pracovn\u00edch postup\u016f v dne\u0161n\u00edm rychle se vyv\u00edjej\u00edc\u00edm pr\u016fmyslov\u00e9m prost\u0159ed\u00ed.<\/p>\n<\/div>\n\n\n\n<div class=\"wp-block-column is-layout-flow wp-block-column-is-layout-flow\" style=\"flex-basis:10%\"><\/div>\n<\/div>\n\nngg_shortcode_0_placeholder\n","protected":false},"excerpt":{"rendered":"<p>Z\u00e1brany pro chodce LT &#8211; ochrana osob a stroj\u016f ve skladech s vysok\u00fdm provozem Zaji\u0161t\u011bn\u00ed bezpe\u010dnosti osob a stroj\u016f v prost\u0159ed\u00ed skladu s vysok\u00fdm provozem vy\u017eaduje komplexn\u00ed p\u0159\u00edstup. V doty\u010dn\u00e9m objektu &#8211; pracovi\u0161ti pro zam\u011bstnance i obsluhu vysokozdvi\u017en\u00fdch voz\u00edk\u016f &#8211; se nach\u00e1zelo tak\u00e9 za\u0159\u00edzen\u00ed pat\u0159\u00edc\u00ed k automatizovan\u00fdm logistick\u00fdm syst\u00e9m\u016fm. Hlavn\u00ed prioritou bylo odd\u011blit p\u011b\u0161\u00ed trasy [&hellip;]<\/p>\n","protected":false},"author":1,"featured_media":0,"parent":12667,"menu_order":0,"comment_status":"closed","ping_status":"closed","template":"","meta":{"inline_featured_image":false,"ngg_post_thumbnail":0,"footnotes":""},"class_list":["post-13102","page","type-page","status-publish","hentry"],"acf":[],"yoast_head":"<!-- This site is optimized with the Yoast SEO plugin v27.0 - https:\/\/yoast.com\/product\/yoast-seo-wordpress\/ -->\n<title>Chodci LT - Ochrana osob a stroj\u016f - Anter System<\/title>\n<meta name=\"description\" content=\"Z\u00e1brany pro chodce LT - ochrana osob a stroj\u016f ve skladech s vysok\u00fdm provozem Zaji\u0161t\u011bn\u00ed bezpe\u010dnosti osob a stroj\u016f v prost\u0159ed\u00ed skladu s vysok\u00fdm provozem\" \/>\n<meta name=\"robots\" content=\"index, follow, max-snippet:-1, max-image-preview:large, max-video-preview:-1\" \/>\n<link rel=\"canonical\" href=\"https:\/\/antersystem.com\/cs\/case-studies\/pedestrian-lt-protecting-people-machines\/\" \/>\n<meta property=\"og:locale\" content=\"cs_CZ\" \/>\n<meta property=\"og:type\" content=\"article\" \/>\n<meta property=\"og:title\" content=\"Chodci LT - Ochrana osob a stroj\u016f - Anter System\" \/>\n<meta property=\"og:description\" content=\"Z\u00e1brany pro chodce LT - ochrana osob a stroj\u016f ve skladech s vysok\u00fdm provozem Zaji\u0161t\u011bn\u00ed bezpe\u010dnosti osob a stroj\u016f v prost\u0159ed\u00ed skladu s vysok\u00fdm provozem\" \/>\n<meta property=\"og:url\" content=\"https:\/\/antersystem.com\/cs\/case-studies\/pedestrian-lt-protecting-people-machines\/\" \/>\n<meta property=\"og:site_name\" content=\"Anter System\" \/>\n<meta property=\"article:modified_time\" content=\"2026-01-30T00:22:08+00:00\" \/>\n<meta name=\"twitter:card\" content=\"summary_large_image\" \/>\n<meta name=\"twitter:label1\" content=\"Odhadovan\u00e1 doba \u010dten\u00ed\" \/>\n\t<meta name=\"twitter:data1\" content=\"3 minuty\" \/>\n<script type=\"application\/ld+json\" class=\"yoast-schema-graph\">{\"@context\":\"https:\/\/schema.org\",\"@graph\":[{\"@type\":\"WebPage\",\"@id\":\"https:\/\/antersystem.com\/cs\/case-studies\/pedestrian-lt-protecting-people-machines\/\",\"url\":\"https:\/\/antersystem.com\/cs\/case-studies\/pedestrian-lt-protecting-people-machines\/\",\"name\":\"Chodci LT - Ochrana osob a stroj\u016f - Anter System\",\"isPartOf\":{\"@id\":\"https:\/\/antersystem.com\/cs\/#website\"},\"datePublished\":\"2025-01-28T12:58:17+00:00\",\"dateModified\":\"2026-01-30T00:22:08+00:00\",\"description\":\"Z\u00e1brany pro chodce LT - ochrana osob a stroj\u016f ve skladech s vysok\u00fdm provozem Zaji\u0161t\u011bn\u00ed bezpe\u010dnosti osob a stroj\u016f v prost\u0159ed\u00ed skladu s vysok\u00fdm provozem\",\"breadcrumb\":{\"@id\":\"https:\/\/antersystem.com\/cs\/case-studies\/pedestrian-lt-protecting-people-machines\/#breadcrumb\"},\"inLanguage\":\"cs\",\"potentialAction\":[{\"@type\":\"ReadAction\",\"target\":[\"https:\/\/antersystem.com\/cs\/case-studies\/pedestrian-lt-protecting-people-machines\/\"]}]},{\"@type\":\"BreadcrumbList\",\"@id\":\"https:\/\/antersystem.com\/cs\/case-studies\/pedestrian-lt-protecting-people-machines\/#breadcrumb\",\"itemListElement\":[{\"@type\":\"ListItem\",\"position\":1,\"name\":\"AnterSystem\",\"item\":\"https:\/\/antersystem.com\/cs\/\"},{\"@type\":\"ListItem\",\"position\":2,\"name\":\"P\u0159\u00edpadov\u00e9 studie\",\"item\":\"https:\/\/antersystem.com\/cs\/case-studies\/\"},{\"@type\":\"ListItem\",\"position\":3,\"name\":\"Chodci LT &#8211; Ochrana osob a stroj\u016f\"}]},{\"@type\":\"WebSite\",\"@id\":\"https:\/\/antersystem.com\/cs\/#website\",\"url\":\"https:\/\/antersystem.com\/cs\/\",\"name\":\"Anter System\",\"description\":\"Jeste\u015bmy polskim producentem elastycznych barier ochronnych wykonywanych z polimerowych tworzyw sztucznych. Na rynku krajowym i zagranicznym dzia\u0142amy od ponad 15 lat dbaj\u0105c o zapewnienie bezpiecze\u0144stwa w zak\u0142adach produkcyjnych, magazynach oraz centrach logistycznych.\",\"potentialAction\":[{\"@type\":\"SearchAction\",\"target\":{\"@type\":\"EntryPoint\",\"urlTemplate\":\"https:\/\/antersystem.com\/cs\/?s={search_term_string}\"},\"query-input\":{\"@type\":\"PropertyValueSpecification\",\"valueRequired\":true,\"valueName\":\"search_term_string\"}}],\"inLanguage\":\"cs\"}]}<\/script>\n<!-- \/ Yoast SEO plugin. -->","yoast_head_json":{"title":"Chodci LT - Ochrana osob a stroj\u016f - Anter System","description":"Z\u00e1brany pro chodce LT - ochrana osob a stroj\u016f ve skladech s vysok\u00fdm provozem Zaji\u0161t\u011bn\u00ed bezpe\u010dnosti osob a stroj\u016f v prost\u0159ed\u00ed skladu s vysok\u00fdm provozem","robots":{"index":"index","follow":"follow","max-snippet":"max-snippet:-1","max-image-preview":"max-image-preview:large","max-video-preview":"max-video-preview:-1"},"canonical":"https:\/\/antersystem.com\/cs\/case-studies\/pedestrian-lt-protecting-people-machines\/","og_locale":"cs_CZ","og_type":"article","og_title":"Chodci LT - Ochrana osob a stroj\u016f - Anter System","og_description":"Z\u00e1brany pro chodce LT - ochrana osob a stroj\u016f ve skladech s vysok\u00fdm provozem Zaji\u0161t\u011bn\u00ed bezpe\u010dnosti osob a stroj\u016f v prost\u0159ed\u00ed skladu s vysok\u00fdm provozem","og_url":"https:\/\/antersystem.com\/cs\/case-studies\/pedestrian-lt-protecting-people-machines\/","og_site_name":"Anter System","article_modified_time":"2026-01-30T00:22:08+00:00","twitter_card":"summary_large_image","twitter_misc":{"Odhadovan\u00e1 doba \u010dten\u00ed":"3 minuty"},"schema":{"@context":"https:\/\/schema.org","@graph":[{"@type":"WebPage","@id":"https:\/\/antersystem.com\/cs\/case-studies\/pedestrian-lt-protecting-people-machines\/","url":"https:\/\/antersystem.com\/cs\/case-studies\/pedestrian-lt-protecting-people-machines\/","name":"Chodci LT - Ochrana osob a stroj\u016f - Anter System","isPartOf":{"@id":"https:\/\/antersystem.com\/cs\/#website"},"datePublished":"2025-01-28T12:58:17+00:00","dateModified":"2026-01-30T00:22:08+00:00","description":"Z\u00e1brany pro chodce LT - ochrana osob a stroj\u016f ve skladech s vysok\u00fdm provozem Zaji\u0161t\u011bn\u00ed bezpe\u010dnosti osob a stroj\u016f v prost\u0159ed\u00ed skladu s vysok\u00fdm provozem","breadcrumb":{"@id":"https:\/\/antersystem.com\/cs\/case-studies\/pedestrian-lt-protecting-people-machines\/#breadcrumb"},"inLanguage":"cs","potentialAction":[{"@type":"ReadAction","target":["https:\/\/antersystem.com\/cs\/case-studies\/pedestrian-lt-protecting-people-machines\/"]}]},{"@type":"BreadcrumbList","@id":"https:\/\/antersystem.com\/cs\/case-studies\/pedestrian-lt-protecting-people-machines\/#breadcrumb","itemListElement":[{"@type":"ListItem","position":1,"name":"AnterSystem","item":"https:\/\/antersystem.com\/cs\/"},{"@type":"ListItem","position":2,"name":"P\u0159\u00edpadov\u00e9 studie","item":"https:\/\/antersystem.com\/cs\/case-studies\/"},{"@type":"ListItem","position":3,"name":"Chodci LT &#8211; Ochrana osob a stroj\u016f"}]},{"@type":"WebSite","@id":"https:\/\/antersystem.com\/cs\/#website","url":"https:\/\/antersystem.com\/cs\/","name":"Anter System","description":"Jeste\u015bmy polskim producentem elastycznych barier ochronnych wykonywanych z polimerowych tworzyw sztucznych. Na rynku krajowym i zagranicznym dzia\u0142amy od ponad 15 lat dbaj\u0105c o zapewnienie bezpiecze\u0144stwa w zak\u0142adach produkcyjnych, magazynach oraz centrach logistycznych.","potentialAction":[{"@type":"SearchAction","target":{"@type":"EntryPoint","urlTemplate":"https:\/\/antersystem.com\/cs\/?s={search_term_string}"},"query-input":{"@type":"PropertyValueSpecification","valueRequired":true,"valueName":"search_term_string"}}],"inLanguage":"cs"}]}},"_links":{"self":[{"href":"https:\/\/antersystem.com\/cs\/wp-json\/wp\/v2\/pages\/13102","targetHints":{"allow":["GET"]}}],"collection":[{"href":"https:\/\/antersystem.com\/cs\/wp-json\/wp\/v2\/pages"}],"about":[{"href":"https:\/\/antersystem.com\/cs\/wp-json\/wp\/v2\/types\/page"}],"author":[{"embeddable":true,"href":"https:\/\/antersystem.com\/cs\/wp-json\/wp\/v2\/users\/1"}],"replies":[{"embeddable":true,"href":"https:\/\/antersystem.com\/cs\/wp-json\/wp\/v2\/comments?post=13102"}],"version-history":[{"count":1,"href":"https:\/\/antersystem.com\/cs\/wp-json\/wp\/v2\/pages\/13102\/revisions"}],"predecessor-version":[{"id":13104,"href":"https:\/\/antersystem.com\/cs\/wp-json\/wp\/v2\/pages\/13102\/revisions\/13104"}],"up":[{"embeddable":true,"href":"https:\/\/antersystem.com\/cs\/wp-json\/wp\/v2\/pages\/12667"}],"wp:attachment":[{"href":"https:\/\/antersystem.com\/cs\/wp-json\/wp\/v2\/media?parent=13102"}],"curies":[{"name":"wp","href":"https:\/\/api.w.org\/{rel}","templated":true}]}}