{"id":13128,"date":"2025-01-28T14:41:10","date_gmt":"2025-01-28T13:41:10","guid":{"rendered":"https:\/\/new.antersystem.com\/case-studies\/wall-protector-hd-warehouses-with-high-storage\/"},"modified":"2026-01-30T01:22:13","modified_gmt":"2026-01-30T00:22:13","slug":"wall-protector-hd-warehouses-with-high-storage","status":"publish","type":"page","link":"https:\/\/antersystem.com\/cs\/case-studies\/wall-protector-hd-warehouses-with-high-storage\/","title":{"rendered":"WALL PROTECTOR HD+ ve skladech s vysok\u00fdmi skladovac\u00edmi plochami"},"content":{"rendered":"\n<div class=\"wp-block-columns is-layout-flex wp-container-core-columns-is-layout-9d6595d7 wp-block-columns-is-layout-flex\">\n<div class=\"wp-block-column is-layout-flow wp-block-column-is-layout-flow\" style=\"flex-basis:10%\"><\/div>\n\n\n\n<div class=\"wp-block-column is-layout-flow wp-block-column-is-layout-flow\">\n<h2 class=\"wp-block-heading\">WALL PROTECTOR HD+ se z\u00e1branami GB HD+ pro bezpe\u010dnost ve skladech s vysok\u00fdmi reg\u00e1ly<\/h2>\n\n\n\n<p>V dynamicky pracuj\u00edc\u00ed pr\u016fmyslov\u00e9 hale, kde <strong>vedle sebe existuj\u00ed lid\u00e9, stroje, roboti a skladovac\u00ed prostory s vysok\u00fdmi reg\u00e1ly, bylo nutn\u00e9<\/strong> zajistit bezpe\u010dnost pr\u00e1ce a efektivn\u00ed organizaci prostoru. Hlavn\u00edm c\u00edlem bylo odd\u011blit osoby a stroje od skladovac\u00edch z\u00f3n. Krom\u011b toho bylo z\u00e1sadn\u00ed vymezit jasn\u00e9 dopravn\u00ed trasy a chr\u00e1nit infrastrukturu p\u0159ed mo\u017en\u00fdm po\u0161kozen\u00edm zp\u016fsoben\u00fdm intenzivn\u00edm provozem a povahou operac\u00ed v tomto prost\u0159ed\u00ed.<\/p>\n\n\n\n<h3 class=\"wp-block-heading\">Prov\u00e1d\u011bn\u00ed<\/h3>\n\n\n\n<p>Proces implementace za\u010dal d\u016fkladnou anal\u00fdzou pot\u0159eb a potenci\u00e1ln\u00edch rizik spojen\u00fdch s vyu\u017e\u00edv\u00e1n\u00edm za\u0159\u00edzen\u00ed. Na z\u00e1klad\u011b toho byla navr\u017eena ochrana sest\u00e1vaj\u00edc\u00ed z <a href=\"https:\/\/antersystem.com\/produkty\/ciag-elastycznych-barier-wall-protector-hd-m16-z-barierami-gb-hd\/\">\u0159ady flexibiln\u00edch z\u00e1bran WALL PROTECTOR HD+ v kombinaci se z\u00e1branami GB HD+.<\/a><\/p>\n\n\n\n<p>WALL PROTECTORS were <strong>strategically placed to<\/strong> protect high-bay storage areas from the movement of stored goods and to protect manufacturing zones where machines and industrial robots operate. Pou\u017eit\u00ed zes\u00edlen\u00fdch spodn\u00edch <a href=\"https:\/\/antersystem.com\/produkty\/elastyczna-bariera-gb-hd\/\">ochrann\u00fdch bari\u00e9r GB HD+ zajistilo<\/a> \u00fa\u010dinnou ochranu p\u0159ilehl\u00fdch prostor p\u0159ed n\u00edzko polo\u017een\u00fdmi vidlicemi vysokozdvi\u017en\u00fdch voz\u00edk\u016f pracuj\u00edc\u00edch v z\u00f3n\u011b.<\/p>\n\n\n\n<p>WALL PROTECTORS se pou\u017e\u00edvaly tak\u00e9 <strong>k ochran\u011b a p\u0159\u00edsn\u00e9mu odd\u011blen\u00ed v\u00fdrobn\u00edch z\u00f3n vybaven\u00fdch<\/strong> roboty, stroji a dal\u0161\u00edmi modern\u00edmi syst\u00e9my podporuj\u00edc\u00edmi v\u00fdrobu a logistiku. Tato \u0159e\u0161en\u00ed nejen chr\u00e1nila kl\u00ed\u010dov\u00e9 prvky haly, ale tak\u00e9 pomohla vymezit jasn\u00e9 dopravn\u00ed trasy mezi pracovi\u0161ti.<\/p>\n\n\n\n<p>Realizace byla dopln\u011bna pou\u017eit\u00edm <a href=\"https:\/\/antersystem.com\/produkty\/bramka-bezpieczenstwa-sga-ze-znakiem-stop-i-oswietleniem-ostrzegawczym\/\">bezpe\u010dnostn\u00edch z\u00e1vor SGA se<\/a> stopkami a sv\u011bteln\u00fdmi sign\u00e1ly na svodidlech Traffic R3. Reguluj\u00ed pohyb chodc\u016f v kritick\u00fdch oblastech a minimalizuj\u00ed riziko vstupu na trasy pou\u017e\u00edvan\u00e9 vozidly.<\/p>\n\n\n\n<h3 class=\"wp-block-heading\">V\u00fdsledky<\/h3>\n\n\n\n<p>Pou\u017eit\u00ed flexibiln\u00edch ochrann\u00fdch z\u00e1bran WALL PROTECTOR HD+ v kombinaci se z\u00e1branami GB HD+ p\u0159ineslo \u0159adu v\u00fdhod. D\u00edky realizovan\u00fdm \u0159e\u0161en\u00edm byly skladovac\u00ed prostory s vysok\u00fdmi reg\u00e1ly <strong>\u00fa\u010dinn\u011b odd\u011bleny od dopravn\u00edch a v\u00fdrobn\u00edch z\u00f3n, co\u017e<\/strong> v\u00fdrazn\u011b zv\u00fd\u0161ilo bezpe\u010dnost pr\u00e1ce. Jasn\u011b vyzna\u010den\u00e9 p\u0159epravn\u00ed trasy zlep\u0161ily plynulost a efektivitu logistick\u00fdch proces\u016f a minimalizovaly riziko koliz\u00ed a prostoj\u016f. Modul\u00e1rn\u00ed konstrukce syst\u00e9mu v\u00fdrazn\u011b usnadnila realizaci \u00fakolu v souladu s pot\u0159ebami klienta a zajistila odpov\u00eddaj\u00edc\u00ed ochranu ve vymezen\u00fdch oblastech.<\/p>\n\n\n\n<h3 class=\"wp-block-heading\">Souhrn<\/h3>\n\n\n\n<p>Zaveden\u00ed syst\u00e9mu WALL PROTECTOR HD+ se z\u00e1branami GB HD+ v hale s automatizovan\u00fdmi v\u00fdrobn\u00edmi z\u00f3nami a vysok\u00fdmi skladovac\u00edmi prostory <strong>v\u00fdrazn\u011b zlep\u0161ilo bezpe\u010dnost pr\u00e1ce a organizaci prostoru.<\/strong> D\u00edky pou\u017eit\u00fdm \u0159e\u0161en\u00edm bylo mo\u017en\u00e9 \u00fa\u010dinn\u011b zabezpe\u010dit konkr\u00e9tn\u00ed \u010d\u00e1sti haly, zlep\u0161it organizaci provozu v dynamick\u00e9m pr\u016fmyslov\u00e9m prost\u0159ed\u00ed a zajistit bezpe\u010dnost zam\u011bstnanc\u016f v m\u00edstech nejv\u00edce ohro\u017een\u00fdch nehodami.<\/p>\n<\/div>\n\n\n\n<div class=\"wp-block-column is-layout-flow wp-block-column-is-layout-flow\" style=\"flex-basis:10%\"><\/div>\n<\/div>\n\nngg_shortcode_0_placeholder\n","protected":false},"excerpt":{"rendered":"<p>WALL PROTECTOR HD+ se z\u00e1branami GB HD+ pro bezpe\u010dnost ve skladech s vysok\u00fdmi reg\u00e1ly V dynamicky pracuj\u00edc\u00ed pr\u016fmyslov\u00e9 hale, kde vedle sebe existuj\u00ed lid\u00e9, stroje, roboti a skladovac\u00ed prostory s vysok\u00fdmi reg\u00e1ly, bylo nutn\u00e9 zajistit bezpe\u010dnost pr\u00e1ce a efektivn\u00ed organizaci prostoru. Hlavn\u00edm c\u00edlem bylo odd\u011blit osoby a stroje od skladovac\u00edch z\u00f3n. Krom\u011b toho bylo z\u00e1sadn\u00ed [&hellip;]<\/p>\n","protected":false},"author":1,"featured_media":0,"parent":12667,"menu_order":0,"comment_status":"closed","ping_status":"closed","template":"","meta":{"inline_featured_image":false,"ngg_post_thumbnail":0,"footnotes":""},"class_list":["post-13128","page","type-page","status-publish","hentry"],"acf":[],"yoast_head":"<!-- This site is optimized with the Yoast SEO plugin v27.0 - https:\/\/yoast.com\/product\/yoast-seo-wordpress\/ -->\n<title>WALL PROTECTOR HD+ ve skladech s vysok\u00fdmi skladovac\u00edmi plochami - Anter System<\/title>\n<meta name=\"description\" content=\"WALL PROTECTOR HD+ se z\u00e1branami GB HD+ pro bezpe\u010dnost ve skladech s vysok\u00fdmi reg\u00e1ly V dynamicky pracuj\u00edc\u00ed pr\u016fmyslov\u00e9 hale, kde vedle sebe existuj\u00ed lid\u00e9,\" \/>\n<meta name=\"robots\" content=\"index, follow, max-snippet:-1, max-image-preview:large, max-video-preview:-1\" \/>\n<link rel=\"canonical\" href=\"https:\/\/antersystem.com\/cs\/case-studies\/wall-protector-hd-warehouses-with-high-storage\/\" \/>\n<meta property=\"og:locale\" content=\"cs_CZ\" \/>\n<meta property=\"og:type\" content=\"article\" \/>\n<meta property=\"og:title\" content=\"WALL PROTECTOR HD+ ve skladech s vysok\u00fdmi skladovac\u00edmi plochami - Anter System\" \/>\n<meta property=\"og:description\" content=\"WALL PROTECTOR HD+ se z\u00e1branami GB HD+ pro bezpe\u010dnost ve skladech s vysok\u00fdmi reg\u00e1ly V dynamicky pracuj\u00edc\u00ed pr\u016fmyslov\u00e9 hale, kde vedle sebe existuj\u00ed lid\u00e9,\" \/>\n<meta property=\"og:url\" content=\"https:\/\/antersystem.com\/cs\/case-studies\/wall-protector-hd-warehouses-with-high-storage\/\" \/>\n<meta property=\"og:site_name\" content=\"Anter System\" \/>\n<meta property=\"article:modified_time\" content=\"2026-01-30T00:22:13+00:00\" \/>\n<meta name=\"twitter:card\" content=\"summary_large_image\" \/>\n<meta name=\"twitter:label1\" content=\"Odhadovan\u00e1 doba \u010dten\u00ed\" \/>\n\t<meta name=\"twitter:data1\" content=\"3 minuty\" \/>\n<script type=\"application\/ld+json\" class=\"yoast-schema-graph\">{\"@context\":\"https:\/\/schema.org\",\"@graph\":[{\"@type\":\"WebPage\",\"@id\":\"https:\/\/antersystem.com\/cs\/case-studies\/wall-protector-hd-warehouses-with-high-storage\/\",\"url\":\"https:\/\/antersystem.com\/cs\/case-studies\/wall-protector-hd-warehouses-with-high-storage\/\",\"name\":\"WALL PROTECTOR HD+ ve skladech s vysok\u00fdmi skladovac\u00edmi plochami - Anter System\",\"isPartOf\":{\"@id\":\"https:\/\/antersystem.com\/cs\/#website\"},\"datePublished\":\"2025-01-28T13:41:10+00:00\",\"dateModified\":\"2026-01-30T00:22:13+00:00\",\"description\":\"WALL PROTECTOR HD+ se z\u00e1branami GB HD+ pro bezpe\u010dnost ve skladech s vysok\u00fdmi reg\u00e1ly V dynamicky pracuj\u00edc\u00ed pr\u016fmyslov\u00e9 hale, kde vedle sebe existuj\u00ed lid\u00e9,\",\"breadcrumb\":{\"@id\":\"https:\/\/antersystem.com\/cs\/case-studies\/wall-protector-hd-warehouses-with-high-storage\/#breadcrumb\"},\"inLanguage\":\"cs\",\"potentialAction\":[{\"@type\":\"ReadAction\",\"target\":[\"https:\/\/antersystem.com\/cs\/case-studies\/wall-protector-hd-warehouses-with-high-storage\/\"]}]},{\"@type\":\"BreadcrumbList\",\"@id\":\"https:\/\/antersystem.com\/cs\/case-studies\/wall-protector-hd-warehouses-with-high-storage\/#breadcrumb\",\"itemListElement\":[{\"@type\":\"ListItem\",\"position\":1,\"name\":\"AnterSystem\",\"item\":\"https:\/\/antersystem.com\/cs\/\"},{\"@type\":\"ListItem\",\"position\":2,\"name\":\"P\u0159\u00edpadov\u00e9 studie\",\"item\":\"https:\/\/antersystem.com\/cs\/case-studies\/\"},{\"@type\":\"ListItem\",\"position\":3,\"name\":\"WALL PROTECTOR HD+ ve skladech s vysok\u00fdmi skladovac\u00edmi plochami\"}]},{\"@type\":\"WebSite\",\"@id\":\"https:\/\/antersystem.com\/cs\/#website\",\"url\":\"https:\/\/antersystem.com\/cs\/\",\"name\":\"Anter System\",\"description\":\"Jeste\u015bmy polskim producentem elastycznych barier ochronnych wykonywanych z polimerowych tworzyw sztucznych. Na rynku krajowym i zagranicznym dzia\u0142amy od ponad 15 lat dbaj\u0105c o zapewnienie bezpiecze\u0144stwa w zak\u0142adach produkcyjnych, magazynach oraz centrach logistycznych.\",\"potentialAction\":[{\"@type\":\"SearchAction\",\"target\":{\"@type\":\"EntryPoint\",\"urlTemplate\":\"https:\/\/antersystem.com\/cs\/?s={search_term_string}\"},\"query-input\":{\"@type\":\"PropertyValueSpecification\",\"valueRequired\":true,\"valueName\":\"search_term_string\"}}],\"inLanguage\":\"cs\"}]}<\/script>\n<!-- \/ Yoast SEO plugin. -->","yoast_head_json":{"title":"WALL PROTECTOR HD+ ve skladech s vysok\u00fdmi skladovac\u00edmi plochami - Anter System","description":"WALL PROTECTOR HD+ se z\u00e1branami GB HD+ pro bezpe\u010dnost ve skladech s vysok\u00fdmi reg\u00e1ly V dynamicky pracuj\u00edc\u00ed pr\u016fmyslov\u00e9 hale, kde vedle sebe existuj\u00ed lid\u00e9,","robots":{"index":"index","follow":"follow","max-snippet":"max-snippet:-1","max-image-preview":"max-image-preview:large","max-video-preview":"max-video-preview:-1"},"canonical":"https:\/\/antersystem.com\/cs\/case-studies\/wall-protector-hd-warehouses-with-high-storage\/","og_locale":"cs_CZ","og_type":"article","og_title":"WALL PROTECTOR HD+ ve skladech s vysok\u00fdmi skladovac\u00edmi plochami - Anter System","og_description":"WALL PROTECTOR HD+ se z\u00e1branami GB HD+ pro bezpe\u010dnost ve skladech s vysok\u00fdmi reg\u00e1ly V dynamicky pracuj\u00edc\u00ed pr\u016fmyslov\u00e9 hale, kde vedle sebe existuj\u00ed lid\u00e9,","og_url":"https:\/\/antersystem.com\/cs\/case-studies\/wall-protector-hd-warehouses-with-high-storage\/","og_site_name":"Anter System","article_modified_time":"2026-01-30T00:22:13+00:00","twitter_card":"summary_large_image","twitter_misc":{"Odhadovan\u00e1 doba \u010dten\u00ed":"3 minuty"},"schema":{"@context":"https:\/\/schema.org","@graph":[{"@type":"WebPage","@id":"https:\/\/antersystem.com\/cs\/case-studies\/wall-protector-hd-warehouses-with-high-storage\/","url":"https:\/\/antersystem.com\/cs\/case-studies\/wall-protector-hd-warehouses-with-high-storage\/","name":"WALL PROTECTOR HD+ ve skladech s vysok\u00fdmi skladovac\u00edmi plochami - Anter System","isPartOf":{"@id":"https:\/\/antersystem.com\/cs\/#website"},"datePublished":"2025-01-28T13:41:10+00:00","dateModified":"2026-01-30T00:22:13+00:00","description":"WALL PROTECTOR HD+ se z\u00e1branami GB HD+ pro bezpe\u010dnost ve skladech s vysok\u00fdmi reg\u00e1ly V dynamicky pracuj\u00edc\u00ed pr\u016fmyslov\u00e9 hale, kde vedle sebe existuj\u00ed lid\u00e9,","breadcrumb":{"@id":"https:\/\/antersystem.com\/cs\/case-studies\/wall-protector-hd-warehouses-with-high-storage\/#breadcrumb"},"inLanguage":"cs","potentialAction":[{"@type":"ReadAction","target":["https:\/\/antersystem.com\/cs\/case-studies\/wall-protector-hd-warehouses-with-high-storage\/"]}]},{"@type":"BreadcrumbList","@id":"https:\/\/antersystem.com\/cs\/case-studies\/wall-protector-hd-warehouses-with-high-storage\/#breadcrumb","itemListElement":[{"@type":"ListItem","position":1,"name":"AnterSystem","item":"https:\/\/antersystem.com\/cs\/"},{"@type":"ListItem","position":2,"name":"P\u0159\u00edpadov\u00e9 studie","item":"https:\/\/antersystem.com\/cs\/case-studies\/"},{"@type":"ListItem","position":3,"name":"WALL PROTECTOR HD+ ve skladech s vysok\u00fdmi skladovac\u00edmi plochami"}]},{"@type":"WebSite","@id":"https:\/\/antersystem.com\/cs\/#website","url":"https:\/\/antersystem.com\/cs\/","name":"Anter System","description":"Jeste\u015bmy polskim producentem elastycznych barier ochronnych wykonywanych z polimerowych tworzyw sztucznych. Na rynku krajowym i zagranicznym dzia\u0142amy od ponad 15 lat dbaj\u0105c o zapewnienie bezpiecze\u0144stwa w zak\u0142adach produkcyjnych, magazynach oraz centrach logistycznych.","potentialAction":[{"@type":"SearchAction","target":{"@type":"EntryPoint","urlTemplate":"https:\/\/antersystem.com\/cs\/?s={search_term_string}"},"query-input":{"@type":"PropertyValueSpecification","valueRequired":true,"valueName":"search_term_string"}}],"inLanguage":"cs"}]}},"_links":{"self":[{"href":"https:\/\/antersystem.com\/cs\/wp-json\/wp\/v2\/pages\/13128","targetHints":{"allow":["GET"]}}],"collection":[{"href":"https:\/\/antersystem.com\/cs\/wp-json\/wp\/v2\/pages"}],"about":[{"href":"https:\/\/antersystem.com\/cs\/wp-json\/wp\/v2\/types\/page"}],"author":[{"embeddable":true,"href":"https:\/\/antersystem.com\/cs\/wp-json\/wp\/v2\/users\/1"}],"replies":[{"embeddable":true,"href":"https:\/\/antersystem.com\/cs\/wp-json\/wp\/v2\/comments?post=13128"}],"version-history":[{"count":1,"href":"https:\/\/antersystem.com\/cs\/wp-json\/wp\/v2\/pages\/13128\/revisions"}],"predecessor-version":[{"id":13129,"href":"https:\/\/antersystem.com\/cs\/wp-json\/wp\/v2\/pages\/13128\/revisions\/13129"}],"up":[{"embeddable":true,"href":"https:\/\/antersystem.com\/cs\/wp-json\/wp\/v2\/pages\/12667"}],"wp:attachment":[{"href":"https:\/\/antersystem.com\/cs\/wp-json\/wp\/v2\/media?parent=13128"}],"curies":[{"name":"wp","href":"https:\/\/api.w.org\/{rel}","templated":true}]}}