{"id":13227,"date":"2025-06-04T16:04:00","date_gmt":"2025-06-04T14:04:00","guid":{"rendered":"https:\/\/new.antersystem.com\/gold-medal-smart-gate\/"},"modified":"2026-04-16T11:29:57","modified_gmt":"2026-04-16T09:29:57","slug":"gold-medal-smart-gate","status":"publish","type":"page","link":"https:\/\/antersystem.com\/cs\/novinky\/gold-medal-smart-gate\/","title":{"rendered":"Zlat\u00e1 medaile pro SMART GATE"},"content":{"rendered":"\n<div class=\"wp-block-columns is-layout-flex wp-container-core-columns-is-layout-9d6595d7 wp-block-columns-is-layout-flex\">\n<div class=\"wp-block-column is-layout-flow wp-block-column-is-layout-flow\">\n<h2 class=\"wp-block-heading\">N\u00e1\u0161 v\u00fdrobek z\u00edskal presti\u017en\u00ed ocen\u011bn\u00ed<\/h2>\n\n\n\n<div class=\"wp-block-columns is-layout-flex wp-container-core-columns-is-layout-9d6595d7 wp-block-columns-is-layout-flex\">\n<div class=\"wp-block-column is-layout-flow wp-block-column-is-layout-flow\" style=\"flex-basis:10%\"><\/div>\n\n\n\n<div class=\"wp-block-column is-layout-flow wp-block-column-is-layout-flow\">\n<p>S hrdost\u00ed oznamujeme, \u017ee jedna z na\u0161ich nejnov\u011bj\u0161\u00edch inovac\u00ed &#8211; <strong>inteligentn\u00ed bezpe\u010dnostn\u00ed br\u00e1na SGA GATE PROTECTOR (SMART GATE) &#8211; z\u00edskala<\/strong> presti\u017en\u00ed zlatou <strong>medaili Modernlog 2025.<\/strong> T\u00edmto ocen\u011bn\u00edm jsou vyznamen\u00e1na \u0159e\u0161en\u00ed, kter\u00e1 p\u0159in\u00e1\u0161ej\u00ed pr\u016fmyslu skute\u010dnou hodnotu d\u00edky inovac\u00edm, kvalit\u011b designu a vlivu na bezpe\u010dnost pr\u00e1ce. <\/p>\n\n\n\n<h3 class=\"wp-block-heading\">Ocen\u011bn\u00ed, kter\u00e9 inspiruje k odpov\u011bdnosti<\/h3>\n\n\n\n<p>Zlat\u00e1 medaile, kterou ud\u011bluje odborn\u00e1 porota MTP, je v\u00edce ne\u017e symbolick\u00e9 uzn\u00e1n\u00ed &#8211; je to zn\u00e1mka kvality potvrzuj\u00edc\u00ed \u00fa\u010dinnost a praktickou hodnotu ocen\u011bn\u00e9ho \u0159e\u0161en\u00ed. V kategorii v\u00fdrobk\u016f pro bezpe\u010dnost pr\u00e1ce porota ocenila na\u0161i br\u00e1nu za <strong>inovativn\u00ed integraci technologie detekce nebezpe\u010d\u00ed s aktivn\u00ed ochranou u\u017eivatel\u016f ve spole\u010dn\u00fdch<\/strong> z\u00f3n\u00e1ch pro chodce a pr\u016fmyslov\u00e1 vozidla. <\/p>\n\n\n\n<figure class=\"wp-block-embed is-type-video is-provider-youtube wp-block-embed-youtube wp-embed-aspect-16-9 wp-has-aspect-ratio\"><div class=\"wp-block-embed__wrapper\" style=\"text-align: center;\">\n<iframe loading=\"lazy\" title=\"GATE PROTECTOR with SGA SAFETY GATE WING\" width=\"500\" height=\"281\" src=\"https:\/\/www.youtube.com\/embed\/cdwOuzXI_zU?feature=oembed\" frameborder=\"0\" allow=\"accelerometer; autoplay; clipboard-write; encrypted-media; gyroscope; picture-in-picture; web-share\" referrerpolicy=\"strict-origin-when-cross-origin\" allowfullscreen><\/iframe>\n<\/div><\/figure>\n\n\n<div style=\"height:30px\" aria-hidden=\"true\" class=\"wp-block-spacer\"><\/div>\n\n\n\n<h3 class=\"wp-block-heading\">\u010c\u00edm SGA GATE PROTECTOR vynik\u00e1?<\/h3>\n\n\n\n<p>Inteligentn\u00ed br\u00e1na SMART GATE je inteligentn\u00ed automatick\u00fd bezpe\u010dnostn\u00ed syst\u00e9m ur\u010den\u00fd k ochran\u011b nejkriti\u010dt\u011bj\u0161\u00edch m\u00edst ve skladech, logistick\u00fdch centrech a pr\u016fmyslov\u00fdch za\u0159\u00edzen\u00edch &#8211; tam, kde se k\u0159\u00ed\u017e\u00ed cesty pro p\u011b\u0161\u00ed s cestami pro vozidla. Mezi jeho hlavn\u00ed funkce pat\u0159\u00ed:<\/p>\n\n\n\n<ul class=\"wp-block-list\"><li><strong>Pokro\u010dil\u00e9 detek\u010dn\u00ed syst\u00e9my &#8211;<\/strong> senzory pohybu, RFID, technologie UWB a laserov\u00e9 detektory umo\u017e\u0148uj\u00ed p\u0159esnou detekci bl\u00ed\u017e\u00edc\u00edch se vozidel.<\/li>\n<li><strong>Aktivn\u00ed sv\u011bteln\u00e1 a zvukov\u00e1 signalizace &#8211;<\/strong> jasn\u011b \u010derven\u00e1 v\u00fdstra\u017en\u00e1 sv\u011btla a zvukov\u00e9 sign\u00e1ly jsou dob\u0159e viditeln\u00e9 a sly\u0161iteln\u00e9 jak pro chodce, tak pro obsluhu vysokozdvi\u017en\u00e9ho voz\u00edku.<\/li>\n<li><strong>Automatick\u00e9 zamyk\u00e1n\u00ed pr\u016fjezdu &#8211;<\/strong> p\u0159i detekci vozidla se br\u00e1na okam\u017eit\u011b zav\u0159e a zabr\u00e1n\u00ed tak kolizi.<\/li>\n<li><strong>Bezprobl\u00e9mov\u00e1 integrace s automatizac\u00ed budov &#8211;<\/strong> SGA GATE PROTECTOR lze pln\u011b integrovat s klientsk\u00fdmi syst\u00e9my a podporovat \u0159\u00edzen\u00ed provozu, bezpe\u010dnosti a evakuace.<\/li>\n<li><strong>Funkce automatick\u00e9ho otev\u00edr\u00e1n\u00ed &#8211;<\/strong> jakmile je prostor voln\u00fd, br\u00e1na se automaticky otev\u0159e, \u010d\u00edm\u017e se zachov\u00e1 hladk\u00fd pr\u016fb\u011bh pr\u00e1ce.<\/li>\n<\/ul>\n\n\n<div style=\"height:30px\" aria-hidden=\"true\" class=\"wp-block-spacer\"><\/div>\n\n\n\n<div class=\"wp-block-media-text is-stacked-on-mobile\" style=\"grid-template-columns:18% auto\"><figure class=\"wp-block-media-text__media\"><img loading=\"lazy\" decoding=\"async\" width=\"683\" height=\"1024\" src=\"https:\/\/antersystem.com\/wp-content\/uploads\/ELASTYCZNA-BARIERA-GATE-PROTECTOR-Z-BRAMKA-SGA2-683x1024.png\" alt=\"\" class=\"wp-image-6000 size-full\" srcset=\"https:\/\/antersystem.com\/wp-content\/uploads\/ELASTYCZNA-BARIERA-GATE-PROTECTOR-Z-BRAMKA-SGA2-683x1024.png 683w, https:\/\/antersystem.com\/wp-content\/uploads\/ELASTYCZNA-BARIERA-GATE-PROTECTOR-Z-BRAMKA-SGA2-200x300.png 200w, https:\/\/antersystem.com\/wp-content\/uploads\/ELASTYCZNA-BARIERA-GATE-PROTECTOR-Z-BRAMKA-SGA2-768x1152.png 768w, https:\/\/antersystem.com\/wp-content\/uploads\/ELASTYCZNA-BARIERA-GATE-PROTECTOR-Z-BRAMKA-SGA2-1024x1536.png 1024w, https:\/\/antersystem.com\/wp-content\/uploads\/ELASTYCZNA-BARIERA-GATE-PROTECTOR-Z-BRAMKA-SGA2-1365x2048.png 1365w, https:\/\/antersystem.com\/wp-content\/uploads\/ELASTYCZNA-BARIERA-GATE-PROTECTOR-Z-BRAMKA-SGA2-450x675.png 450w, https:\/\/antersystem.com\/wp-content\/uploads\/ELASTYCZNA-BARIERA-GATE-PROTECTOR-Z-BRAMKA-SGA2-330x495.png 330w\" sizes=\"auto, (max-width: 683px) 100vw, 683px\" \/><\/figure><div class=\"wp-block-media-text__content\">\n<h3 class=\"wp-block-heading\">Skute\u010dn\u00e9 v\u00fdhody &#8211; bezpe\u010dnost, pohodl\u00ed a efektivita<\/h3>\n\n\n\n<p>Zaveden\u00ed syst\u00e9mu SGA GATE PROTECTOR zcela eliminovalo incidenty na nejnebezpe\u010dn\u011bj\u0161\u00edch p\u0159echodech v za\u0159\u00edzen\u00edch na\u0161ich klient\u016f. Zv\u00fd\u0161en\u00e1 bezpe\u010dnost se prom\u00edt\u00e1 nejen do ochrany \u017eivot\u016f a zdrav\u00ed, ale tak\u00e9 do <strong>soust\u0159ed\u011bn\u011bj\u0161\u00ed, jist\u011bj\u0161\u00ed a efektivn\u011bj\u0161\u00ed pr\u00e1ce cel\u00fdch provozn\u00edch t\u00fdm\u016f.<\/strong> Vizu\u00e1ln\u00ed a akustick\u00e9 sign\u00e1ly pom\u00e1haj\u00ed obsluze, sni\u017euj\u00ed stres a pot\u0159ebu neust\u00e1l\u00e9ho monitorov\u00e1n\u00ed prost\u0159ed\u00ed.  <\/p>\n\n\n\n<p>Toto \u0159e\u0161en\u00ed bylo navr\u017eeno s ohledem na flexibilitu &#8211; technologickou i prostorovou. Br\u00e1nu lze p\u0159izp\u016fsobit specifick\u00fdm po\u017eadavk\u016fm objektu a jej\u00ed modul\u00e1rn\u00ed konstrukce umo\u017e\u0148uje snadnou integraci s dal\u0161\u00edmi ochrann\u00fdmi produkty Anter System. <\/p>\n<\/div><\/div>\n\n\n\n<div style=\"height:30px\" aria-hidden=\"true\" class=\"wp-block-spacer\"><\/div>\n\n\n\n<h3 class=\"wp-block-heading\">D\u011bkujeme za uzn\u00e1n\u00ed!<\/h3>\n\n\n\n<p>Zlat\u00e1 medaile Modernlog 2025 potvrzuje, \u017ee cesta, kterou jsme se vydali &#8211; investice do <strong>inteligentn\u00edch, automatizovan\u00fdch bezpe\u010dnostn\u00edch syst\u00e9m\u016f &#8211;<\/strong> p\u0159\u00edmo reaguje na skute\u010dn\u00e9 pot\u0159eby trhu. D\u011bkujeme porot\u011b sout\u011b\u017ee za d\u016fv\u011bru a na\u0161im klient\u016fm a partner\u016fm za inspiraci k dal\u0161\u00edm inovac\u00edm. <\/p>\n\n\n\n<p>Dal\u0161\u00ed informace o za\u0159\u00edzen\u00ed SGA GATE PROTECTOR <strong><a href=\"https:\/\/antersystem.com\/produkty\/elastyczna-bariera-gate-protector-with-sga-gate\/\">zde<\/a><\/strong>.<\/p>\n<\/div>\n<\/div>\n<\/div>\n<\/div>\n\n<p><\/p>\n","protected":false},"excerpt":{"rendered":"<p>N\u00e1\u0161 v\u00fdrobek z\u00edskal presti\u017en\u00ed ocen\u011bn\u00ed S hrdost\u00ed oznamujeme, \u017ee jedna z na\u0161ich nejnov\u011bj\u0161\u00edch inovac\u00ed &#8211; inteligentn\u00ed bezpe\u010dnostn\u00ed br\u00e1na SGA GATE PROTECTOR (SMART GATE) &#8211; z\u00edskala presti\u017en\u00ed zlatou medaili Modernlog 2025. T\u00edmto ocen\u011bn\u00edm jsou vyznamen\u00e1na \u0159e\u0161en\u00ed, kter\u00e1 p\u0159in\u00e1\u0161ej\u00ed pr\u016fmyslu skute\u010dnou hodnotu d\u00edky inovac\u00edm, kvalit\u011b designu a vlivu na bezpe\u010dnost pr\u00e1ce. Ocen\u011bn\u00ed, kter\u00e9 inspiruje k odpov\u011bdnosti Zlat\u00e1 [&hellip;]<\/p>\n","protected":false},"author":11,"featured_media":13229,"parent":30524,"menu_order":0,"comment_status":"closed","ping_status":"closed","template":"","meta":{"inline_featured_image":false,"ngg_post_thumbnail":0,"footnotes":""},"class_list":["post-13227","page","type-page","status-publish","has-post-thumbnail","hentry"],"acf":[],"yoast_head":"<!-- This site is optimized with the Yoast SEO plugin v27.0 - https:\/\/yoast.com\/product\/yoast-seo-wordpress\/ -->\n<title>Zlat\u00e1 medaile pro SMART GATE - Anter System<\/title>\n<meta name=\"description\" content=\"Inteligentn\u00ed produkt SMART GATE z\u00edskal na veletrhu Modernlog 2025 presti\u017en\u00ed zlatou medaili.\" \/>\n<meta name=\"robots\" content=\"index, follow, max-snippet:-1, max-image-preview:large, max-video-preview:-1\" \/>\n<link rel=\"canonical\" href=\"https:\/\/antersystem.com\/cs\/novinky\/gold-medal-smart-gate\/\" \/>\n<meta property=\"og:locale\" content=\"cs_CZ\" \/>\n<meta property=\"og:type\" content=\"article\" \/>\n<meta property=\"og:title\" content=\"Zlat\u00e1 medaile pro SMART GATE - Anter System\" \/>\n<meta property=\"og:description\" content=\"Inteligentn\u00ed produkt SMART GATE z\u00edskal na veletrhu Modernlog 2025 presti\u017en\u00ed zlatou medaili.\" \/>\n<meta property=\"og:url\" content=\"https:\/\/antersystem.com\/cs\/novinky\/gold-medal-smart-gate\/\" \/>\n<meta property=\"og:site_name\" content=\"Anter System\" \/>\n<meta property=\"article:modified_time\" content=\"2026-04-16T09:29:57+00:00\" \/>\n<meta property=\"og:image\" content=\"https:\/\/antersystem.com\/wp-content\/uploads\/gate-protector-medal-1.png\" \/>\n\t<meta property=\"og:image:width\" content=\"1024\" \/>\n\t<meta property=\"og:image:height\" content=\"768\" \/>\n\t<meta property=\"og:image:type\" content=\"image\/png\" \/>\n<meta name=\"twitter:card\" content=\"summary_large_image\" \/>\n<meta name=\"twitter:label1\" content=\"Odhadovan\u00e1 doba \u010dten\u00ed\" \/>\n\t<meta name=\"twitter:data1\" content=\"3 minuty\" \/>\n<script type=\"application\/ld+json\" class=\"yoast-schema-graph\">{\"@context\":\"https:\/\/schema.org\",\"@graph\":[{\"@type\":\"WebPage\",\"@id\":\"https:\/\/antersystem.com\/cs\/novinky\/gold-medal-smart-gate\/\",\"url\":\"https:\/\/antersystem.com\/cs\/novinky\/gold-medal-smart-gate\/\",\"name\":\"Zlat\u00e1 medaile pro SMART GATE - Anter System\",\"isPartOf\":{\"@id\":\"https:\/\/antersystem.com\/cs\/#website\"},\"primaryImageOfPage\":{\"@id\":\"https:\/\/antersystem.com\/cs\/novinky\/gold-medal-smart-gate\/#primaryimage\"},\"image\":{\"@id\":\"https:\/\/antersystem.com\/cs\/novinky\/gold-medal-smart-gate\/#primaryimage\"},\"thumbnailUrl\":\"https:\/\/antersystem.com\/wp-content\/uploads\/gate-protector-medal-1.png\",\"datePublished\":\"2025-06-04T14:04:00+00:00\",\"dateModified\":\"2026-04-16T09:29:57+00:00\",\"description\":\"Inteligentn\u00ed produkt SMART GATE z\u00edskal na veletrhu Modernlog 2025 presti\u017en\u00ed zlatou medaili.\",\"breadcrumb\":{\"@id\":\"https:\/\/antersystem.com\/cs\/novinky\/gold-medal-smart-gate\/#breadcrumb\"},\"inLanguage\":\"cs\",\"potentialAction\":[{\"@type\":\"ReadAction\",\"target\":[\"https:\/\/antersystem.com\/cs\/novinky\/gold-medal-smart-gate\/\"]}]},{\"@type\":\"ImageObject\",\"inLanguage\":\"cs\",\"@id\":\"https:\/\/antersystem.com\/cs\/novinky\/gold-medal-smart-gate\/#primaryimage\",\"url\":\"https:\/\/antersystem.com\/wp-content\/uploads\/gate-protector-medal-1.png\",\"contentUrl\":\"https:\/\/antersystem.com\/wp-content\/uploads\/gate-protector-medal-1.png\",\"width\":1024,\"height\":768},{\"@type\":\"BreadcrumbList\",\"@id\":\"https:\/\/antersystem.com\/cs\/novinky\/gold-medal-smart-gate\/#breadcrumb\",\"itemListElement\":[{\"@type\":\"ListItem\",\"position\":1,\"name\":\"AnterSystem\",\"item\":\"https:\/\/antersystem.com\/cs\/\"},{\"@type\":\"ListItem\",\"position\":2,\"name\":\"Zpr\u00e1vy\",\"item\":\"https:\/\/antersystem.com\/cs\/novinky\/\"},{\"@type\":\"ListItem\",\"position\":3,\"name\":\"Zlat\u00e1 medaile pro SMART GATE\"}]},{\"@type\":\"WebSite\",\"@id\":\"https:\/\/antersystem.com\/cs\/#website\",\"url\":\"https:\/\/antersystem.com\/cs\/\",\"name\":\"Anter System\",\"description\":\"Jeste\u015bmy polskim producentem elastycznych barier ochronnych wykonywanych z polimerowych tworzyw sztucznych. Na rynku krajowym i zagranicznym dzia\u0142amy od ponad 15 lat dbaj\u0105c o zapewnienie bezpiecze\u0144stwa w zak\u0142adach produkcyjnych, magazynach oraz centrach logistycznych.\",\"potentialAction\":[{\"@type\":\"SearchAction\",\"target\":{\"@type\":\"EntryPoint\",\"urlTemplate\":\"https:\/\/antersystem.com\/cs\/?s={search_term_string}\"},\"query-input\":{\"@type\":\"PropertyValueSpecification\",\"valueRequired\":true,\"valueName\":\"search_term_string\"}}],\"inLanguage\":\"cs\"}]}<\/script>\n<!-- \/ Yoast SEO plugin. -->","yoast_head_json":{"title":"Zlat\u00e1 medaile pro SMART GATE - Anter System","description":"Inteligentn\u00ed produkt SMART GATE z\u00edskal na veletrhu Modernlog 2025 presti\u017en\u00ed zlatou medaili.","robots":{"index":"index","follow":"follow","max-snippet":"max-snippet:-1","max-image-preview":"max-image-preview:large","max-video-preview":"max-video-preview:-1"},"canonical":"https:\/\/antersystem.com\/cs\/novinky\/gold-medal-smart-gate\/","og_locale":"cs_CZ","og_type":"article","og_title":"Zlat\u00e1 medaile pro SMART GATE - Anter System","og_description":"Inteligentn\u00ed produkt SMART GATE z\u00edskal na veletrhu Modernlog 2025 presti\u017en\u00ed zlatou medaili.","og_url":"https:\/\/antersystem.com\/cs\/novinky\/gold-medal-smart-gate\/","og_site_name":"Anter System","article_modified_time":"2026-04-16T09:29:57+00:00","og_image":[{"width":1024,"height":768,"url":"https:\/\/antersystem.com\/wp-content\/uploads\/gate-protector-medal-1.png","type":"image\/png"}],"twitter_card":"summary_large_image","twitter_misc":{"Odhadovan\u00e1 doba \u010dten\u00ed":"3 minuty"},"schema":{"@context":"https:\/\/schema.org","@graph":[{"@type":"WebPage","@id":"https:\/\/antersystem.com\/cs\/novinky\/gold-medal-smart-gate\/","url":"https:\/\/antersystem.com\/cs\/novinky\/gold-medal-smart-gate\/","name":"Zlat\u00e1 medaile pro SMART GATE - Anter System","isPartOf":{"@id":"https:\/\/antersystem.com\/cs\/#website"},"primaryImageOfPage":{"@id":"https:\/\/antersystem.com\/cs\/novinky\/gold-medal-smart-gate\/#primaryimage"},"image":{"@id":"https:\/\/antersystem.com\/cs\/novinky\/gold-medal-smart-gate\/#primaryimage"},"thumbnailUrl":"https:\/\/antersystem.com\/wp-content\/uploads\/gate-protector-medal-1.png","datePublished":"2025-06-04T14:04:00+00:00","dateModified":"2026-04-16T09:29:57+00:00","description":"Inteligentn\u00ed produkt SMART GATE z\u00edskal na veletrhu Modernlog 2025 presti\u017en\u00ed zlatou medaili.","breadcrumb":{"@id":"https:\/\/antersystem.com\/cs\/novinky\/gold-medal-smart-gate\/#breadcrumb"},"inLanguage":"cs","potentialAction":[{"@type":"ReadAction","target":["https:\/\/antersystem.com\/cs\/novinky\/gold-medal-smart-gate\/"]}]},{"@type":"ImageObject","inLanguage":"cs","@id":"https:\/\/antersystem.com\/cs\/novinky\/gold-medal-smart-gate\/#primaryimage","url":"https:\/\/antersystem.com\/wp-content\/uploads\/gate-protector-medal-1.png","contentUrl":"https:\/\/antersystem.com\/wp-content\/uploads\/gate-protector-medal-1.png","width":1024,"height":768},{"@type":"BreadcrumbList","@id":"https:\/\/antersystem.com\/cs\/novinky\/gold-medal-smart-gate\/#breadcrumb","itemListElement":[{"@type":"ListItem","position":1,"name":"AnterSystem","item":"https:\/\/antersystem.com\/cs\/"},{"@type":"ListItem","position":2,"name":"Zpr\u00e1vy","item":"https:\/\/antersystem.com\/cs\/novinky\/"},{"@type":"ListItem","position":3,"name":"Zlat\u00e1 medaile pro SMART GATE"}]},{"@type":"WebSite","@id":"https:\/\/antersystem.com\/cs\/#website","url":"https:\/\/antersystem.com\/cs\/","name":"Anter System","description":"Jeste\u015bmy polskim producentem elastycznych barier ochronnych wykonywanych z polimerowych tworzyw sztucznych. Na rynku krajowym i zagranicznym dzia\u0142amy od ponad 15 lat dbaj\u0105c o zapewnienie bezpiecze\u0144stwa w zak\u0142adach produkcyjnych, magazynach oraz centrach logistycznych.","potentialAction":[{"@type":"SearchAction","target":{"@type":"EntryPoint","urlTemplate":"https:\/\/antersystem.com\/cs\/?s={search_term_string}"},"query-input":{"@type":"PropertyValueSpecification","valueRequired":true,"valueName":"search_term_string"}}],"inLanguage":"cs"}]}},"_links":{"self":[{"href":"https:\/\/antersystem.com\/cs\/wp-json\/wp\/v2\/pages\/13227","targetHints":{"allow":["GET"]}}],"collection":[{"href":"https:\/\/antersystem.com\/cs\/wp-json\/wp\/v2\/pages"}],"about":[{"href":"https:\/\/antersystem.com\/cs\/wp-json\/wp\/v2\/types\/page"}],"author":[{"embeddable":true,"href":"https:\/\/antersystem.com\/cs\/wp-json\/wp\/v2\/users\/11"}],"replies":[{"embeddable":true,"href":"https:\/\/antersystem.com\/cs\/wp-json\/wp\/v2\/comments?post=13227"}],"version-history":[{"count":1,"href":"https:\/\/antersystem.com\/cs\/wp-json\/wp\/v2\/pages\/13227\/revisions"}],"predecessor-version":[{"id":13230,"href":"https:\/\/antersystem.com\/cs\/wp-json\/wp\/v2\/pages\/13227\/revisions\/13230"}],"up":[{"embeddable":true,"href":"https:\/\/antersystem.com\/cs\/wp-json\/wp\/v2\/pages\/30524"}],"wp:featuredmedia":[{"embeddable":true,"href":"https:\/\/antersystem.com\/cs\/wp-json\/wp\/v2\/media\/13229"}],"wp:attachment":[{"href":"https:\/\/antersystem.com\/cs\/wp-json\/wp\/v2\/media?parent=13227"}],"curies":[{"name":"wp","href":"https:\/\/api.w.org\/{rel}","templated":true}]}}