{"id":13341,"date":"2024-04-12T12:31:12","date_gmt":"2024-04-12T10:31:12","guid":{"rendered":"https:\/\/new.antersystem.com\/gold-medal-traffic-dock-gate\/"},"modified":"2026-01-30T14:30:54","modified_gmt":"2026-01-30T13:30:54","slug":"gold-medal-traffic-dock-gate","status":"publish","type":"page","link":"https:\/\/antersystem.com\/cs\/novinky\/gold-medal-traffic-dock-gate\/","title":{"rendered":"Zlat\u00e1 medaile za TRAFFIC DOCK GATE"},"content":{"rendered":"\n<div class=\"wp-block-columns is-layout-flex wp-container-core-columns-is-layout-9d6595d7 wp-block-columns-is-layout-flex\">\n<div class=\"wp-block-column is-layout-flow wp-block-column-is-layout-flow\" style=\"flex-basis:10%\"><\/div>\n\n\n\n<div class=\"wp-block-column is-layout-flow wp-block-column-is-layout-flow\">\n<h3 class=\"wp-block-heading\">Zlat\u00e1 medaile za automatickou TRAFFIC DOCK GATE<\/h3>\n\n\n\n<p><strong>Zlat\u00e1 medaile je<\/strong> presti\u017en\u00ed ocen\u011bn\u00ed ud\u011blovan\u00e9 na pr\u016fmyslov\u00fdch veletrz\u00edch, v\u010detn\u011b <strong>veletrhu<\/strong> SAWO <strong>.<\/strong> Oce\u0148uje <strong>inovace, kvalitu a hodnotu v\u00fdrobk\u016f a slu\u017eeb<\/strong> prezentovan\u00fdch b\u011bhem akce. Sout\u011b\u017e o Zlatou medaili poskytuje vystavovatel\u016fm jedine\u010dnou p\u0159\u00edle\u017eitost prezentovat sv\u00e1 nejnov\u011bj\u0161\u00ed \u0159e\u0161en\u00ed a z\u00edskat uzn\u00e1n\u00ed u z\u00e1kazn\u00edk\u016f a obchodn\u00edch partner\u016f.  <\/p>\n\n\n\n<p>Jedn\u00edm z leto\u0161n\u00edch dr\u017eitel\u016f zlat\u00e9 medaile je na\u0161e <strong><a href=\"https:\/\/antersystem.com\/cs\/produkty\/traffic-dock-gate\/bramka-dock-gate-3-2\/\">Automatick\u00e1 TRAFFIC DOCK GATE R2<\/a><\/strong>. Toto inovativn\u00ed \u0159e\u0161en\u00ed zaji\u0161\u0165uje bezpe\u010dnou a efektivn\u00ed manipulaci s n\u00e1kladem v nakl\u00e1dac\u00edch doc\u00edch, skladovac\u00edch z\u00f3n\u00e1ch a skladech. Br\u00e1na je vybavena pokro\u010dil\u00fdmi automatiza\u010dn\u00edmi funkcemi, kter\u00e9 umo\u017e\u0148uj\u00ed plynul\u00e9 a rychl\u00e9 nakl\u00e1d\u00e1n\u00ed a vykl\u00e1d\u00e1n\u00ed za bezpe\u010dn\u00fdch pracovn\u00edch podm\u00ednek. Progresivn\u00ed design a praktick\u00e9 pou\u017eit\u00ed byly kl\u00ed\u010dov\u00fdmi faktory, kter\u00e9 p\u0159isp\u011bly k z\u00edsk\u00e1n\u00ed zlat\u00e9 medaile na veletrhu SAWO.<\/p>\n\n\n\n<figure class=\"wp-block-gallery has-nested-images columns-default is-cropped wp-block-gallery-1 is-layout-flex wp-block-gallery-is-layout-flex\">\n<figure class=\"wp-block-image size-large\"><img loading=\"lazy\" decoding=\"async\" width=\"720\" height=\"480\" data-id=\"4584\" src=\"https:\/\/antersystem.com\/wp-content\/uploads\/2024_SAWO-Anter-System.webp\" alt=\"fotografie presti&#x17E;n&#xED;ho ocen&#x11B;n&#xED; Zlat&#xE1; medaile ud&#x11B;len&#xE1; na veletrhu SAWO\" class=\"wp-image-4584\" srcset=\"https:\/\/antersystem.com\/wp-content\/uploads\/2024_SAWO-Anter-System.webp 720w, https:\/\/antersystem.com\/wp-content\/uploads\/2024_SAWO-Anter-System-300x200.webp 300w, https:\/\/antersystem.com\/wp-content\/uploads\/2024_SAWO-Anter-System-450x300.webp 450w, https:\/\/antersystem.com\/wp-content\/uploads\/2024_SAWO-Anter-System-330x220.webp 330w\" sizes=\"auto, (max-width: 720px) 100vw, 720px\" \/><\/figure>\n\n\n<figure class=\"wp-block-image size-large\"><img loading=\"lazy\" decoding=\"async\" width=\"720\" height=\"480\" data-id=\"4585\" src=\"https:\/\/antersystem.com\/wp-content\/uploads\/2024-SAWO-Anter-System.webp\" alt=\"Fotografie gener&#xE1;ln&#xED;ho &#x159;editele spole&#x10D;nosti Anter System p&#x159;i p&#x159;eb&#xED;r&#xE1;n&#xED; zlat&#xE9; medaile na veletrhu SAWO\" class=\"wp-image-4585\" srcset=\"https:\/\/antersystem.com\/wp-content\/uploads\/2024-SAWO-Anter-System.webp 720w, https:\/\/antersystem.com\/wp-content\/uploads\/2024-SAWO-Anter-System-300x200.webp 300w, https:\/\/antersystem.com\/wp-content\/uploads\/2024-SAWO-Anter-System-450x300.webp 450w, https:\/\/antersystem.com\/wp-content\/uploads\/2024-SAWO-Anter-System-330x220.webp 330w\" sizes=\"auto, (max-width: 720px) 100vw, 720px\" \/><\/figure><\/figure>\n\n\n\n<p>Br\u00e1na <strong>TRAFFIC DOCK GATE R2 byla<\/strong> navr\u017eena k <strong>ochran\u011b vrat nakl\u00e1dac\u00edch ramp a dok\u016f a<\/strong> slou\u017e\u00ed jako spolehliv\u00e1 z\u00e1brana proti nekontrolovan\u00e9mu pohybu vozidel. Je vysoce <strong>odoln\u00e1 proti n\u00e1razu,<\/strong> zejm\u00e9na p\u0159i kontaktu s vysokozdvi\u017en\u00fdm voz\u00edkem. Pru\u017en\u00fd polymerov\u00fd materi\u00e1l umo\u017e\u0148uje profil\u016fm br\u00e1ny oh\u00fdbat se, absorbovat energii n\u00e1razu a vr\u00e1tit se do p\u016fvodn\u00edho tvaru. T\u00edm <strong>se<\/strong> nejen <strong>minimalizuje riziko zran\u011bn\u00ed a po\u0161kozen\u00ed pracovn\u00edk\u016f p\u0159i n\u00e1razu<\/strong>, ale tak\u00e9 se sni\u017euje n\u00e1raz, kter\u00fd za\u017e\u00edv\u00e1 obsluha vysokozdvi\u017en\u00e9ho voz\u00edku. \u0158\u00eddic\u00ed syst\u00e9my br\u00e1ny lze nav\u00edc integrovat se st\u00e1vaj\u00edc\u00ed automatizac\u00ed budovy, co\u017e zvy\u0161uje efektivitu a usnad\u0148uje pou\u017e\u00edv\u00e1n\u00ed.    <\/p>\n\n\n\n<div class=\"wp-block-group is-nowrap is-layout-flex wp-container-core-group-is-layout-ad2f72ca wp-block-group-is-layout-flex\">\n<p><strong>TRAFFIC DOCK GATE R2 je vybavena<\/strong> <strong>automatick\u00fdm syst\u00e9mem zved\u00e1n\u00ed a spou\u0161t\u011bn\u00ed a<\/strong> m\u016f\u017ee vyd\u00e1vat <strong>zvukov\u00e9 a vizu\u00e1ln\u00ed v\u00fdstrahy, kter\u00e9<\/strong> upozor\u0148uj\u00ed na zvy\u0161uj\u00edc\u00ed se riziko v nebezpe\u010dn\u00fdch z\u00f3n\u00e1ch. Jednou z dostupn\u00fdch mo\u017enost\u00ed je <strong>syst\u00e9m detekce vozidel, kter\u00fd<\/strong> automaticky uzamkne br\u00e1nu, pokud se v jej\u00ed bl\u00edzkosti nach\u00e1z\u00ed vysokozdvi\u017en\u00fd voz\u00edk nebo dopravn\u00ed vozidlo. M\u016f\u017ee b\u00fdt tak\u00e9 <strong>integrov\u00e1n se syst\u00e9mem spr\u00e1vy budov (BMS), kter\u00fd automaticky<\/strong> otev\u0159e br\u00e1nu v p\u0159\u00edpad\u011b po\u017e\u00e1ru a vytvo\u0159\u00ed bezpe\u010dn\u00e9 evakua\u010dn\u00ed cesty.  <\/p>\n<\/div>\n\n\n\n<p><strong>Zna\u010dka Anter System nab\u00edz\u00ed<\/strong> \u0159adu mo\u017enost\u00ed ovl\u00e1d\u00e1n\u00ed br\u00e1ny TRAFFIC DOCK GATE R2, v\u010detn\u011b d\u00e1lkov\u00e9ho ovl\u00e1d\u00e1n\u00ed, syst\u00e9m\u016f p\u0159\u00edstupov\u00fdch karet, pohybov\u00fdch \u010didel, manu\u00e1ln\u00edch tla\u010d\u00edtek a integrace s klientsk\u00fdmi syst\u00e9my. Pru\u017en\u00fd polymerov\u00fd materi\u00e1l zaru\u010duje nejen vysokou odolnost, ale tak\u00e9 <strong>modul\u00e1rn\u00ed kompatibilitu s<\/strong> dal\u0161\u00edmi ochrann\u00fdmi produkty Anter System, jako jsou nap\u0159\u00edklad pru\u017en\u00e9 z\u00e1brany pro chodce. <\/p>\n\n\n<div class=\"wp-block-image\">\n<figure class=\"aligncenter size-large is-resized\"><img loading=\"lazy\" decoding=\"async\" width=\"758\" height=\"1024\" src=\"https:\/\/antersystem.com\/wp-content\/uploads\/Zloty-medal-dla-automatycznej-bramki-Traffic-Dock-Gate-758x1024.webp\" alt=\"TRAFFIC DOCK GATE R2 z&#xED;skala na veletrhu SAWO zlatou medaili\" class=\"wp-image-4538\" style=\"width:414px;height:auto\" srcset=\"https:\/\/antersystem.com\/wp-content\/uploads\/Zloty-medal-dla-automatycznej-bramki-Traffic-Dock-Gate-758x1024.webp 758w, https:\/\/antersystem.com\/wp-content\/uploads\/Zloty-medal-dla-automatycznej-bramki-Traffic-Dock-Gate-222x300.webp 222w, https:\/\/antersystem.com\/wp-content\/uploads\/Zloty-medal-dla-automatycznej-bramki-Traffic-Dock-Gate-768x1037.webp 768w, https:\/\/antersystem.com\/wp-content\/uploads\/Zloty-medal-dla-automatycznej-bramki-Traffic-Dock-Gate-1137x1536.webp 1137w, https:\/\/antersystem.com\/wp-content\/uploads\/Zloty-medal-dla-automatycznej-bramki-Traffic-Dock-Gate-450x608.webp 450w, https:\/\/antersystem.com\/wp-content\/uploads\/Zloty-medal-dla-automatycznej-bramki-Traffic-Dock-Gate-330x446.webp 330w, https:\/\/antersystem.com\/wp-content\/uploads\/Zloty-medal-dla-automatycznej-bramki-Traffic-Dock-Gate.webp 1164w\" sizes=\"auto, (max-width: 758px) 100vw, 758px\" \/><\/figure><\/div><\/div>\n\n\n\n<div class=\"wp-block-column is-layout-flow wp-block-column-is-layout-flow\" style=\"flex-basis:10%\"><\/div>\n<\/div>\n","protected":false},"excerpt":{"rendered":"<p>Zlat\u00e1 medaile za automatickou TRAFFIC DOCK GATE Zlat\u00e1 medaile je presti\u017en\u00ed ocen\u011bn\u00ed ud\u011blovan\u00e9 na pr\u016fmyslov\u00fdch veletrz\u00edch, v\u010detn\u011b veletrhu SAWO . Oce\u0148uje inovace, kvalitu a hodnotu v\u00fdrobk\u016f a slu\u017eeb prezentovan\u00fdch b\u011bhem akce. Sout\u011b\u017e o Zlatou medaili poskytuje vystavovatel\u016fm jedine\u010dnou p\u0159\u00edle\u017eitost prezentovat sv\u00e1 nejnov\u011bj\u0161\u00ed \u0159e\u0161en\u00ed a z\u00edskat uzn\u00e1n\u00ed u z\u00e1kazn\u00edk\u016f a obchodn\u00edch partner\u016f. Jedn\u00edm z leto\u0161n\u00edch dr\u017eitel\u016f [&hellip;]<\/p>\n","protected":false},"author":1,"featured_media":0,"parent":30524,"menu_order":0,"comment_status":"closed","ping_status":"closed","template":"","meta":{"inline_featured_image":false,"ngg_post_thumbnail":0,"footnotes":""},"class_list":["post-13341","page","type-page","status-publish","hentry"],"acf":[],"yoast_head":"<!-- This site is optimized with the Yoast SEO plugin v27.0 - https:\/\/yoast.com\/product\/yoast-seo-wordpress\/ -->\n<title>Zlat\u00e1 medaile za TRAFFIC DOCK GATE - Anter System<\/title>\n<meta name=\"description\" content=\"Zlat\u00e1 medaile za automatickou TRAFFIC DOCK GATE Zlat\u00e1 medaile je presti\u017en\u00ed ocen\u011bn\u00ed ud\u011blovan\u00e9 na pr\u016fmyslov\u00fdch veletrz\u00edch, v\u010detn\u011b veletrhu SAWO . Oce\u0148uje\" \/>\n<meta name=\"robots\" content=\"index, follow, max-snippet:-1, max-image-preview:large, max-video-preview:-1\" \/>\n<link rel=\"canonical\" href=\"https:\/\/antersystem.com\/cs\/novinky\/gold-medal-traffic-dock-gate\/\" \/>\n<meta property=\"og:locale\" content=\"cs_CZ\" \/>\n<meta property=\"og:type\" content=\"article\" \/>\n<meta property=\"og:title\" content=\"Zlat\u00e1 medaile za TRAFFIC DOCK GATE - Anter System\" \/>\n<meta property=\"og:description\" content=\"Zlat\u00e1 medaile za automatickou TRAFFIC DOCK GATE Zlat\u00e1 medaile je presti\u017en\u00ed ocen\u011bn\u00ed ud\u011blovan\u00e9 na pr\u016fmyslov\u00fdch veletrz\u00edch, v\u010detn\u011b veletrhu SAWO . Oce\u0148uje\" \/>\n<meta property=\"og:url\" content=\"https:\/\/antersystem.com\/cs\/novinky\/gold-medal-traffic-dock-gate\/\" \/>\n<meta property=\"og:site_name\" content=\"Anter System\" \/>\n<meta property=\"article:modified_time\" content=\"2026-01-30T13:30:54+00:00\" \/>\n<meta property=\"og:image\" content=\"https:\/\/antersystem.com\/wp-content\/uploads\/2024_SAWO-Anter-System.webp\" \/>\n<meta name=\"twitter:card\" content=\"summary_large_image\" \/>\n<meta name=\"twitter:label1\" content=\"Odhadovan\u00e1 doba \u010dten\u00ed\" \/>\n\t<meta name=\"twitter:data1\" content=\"2 minuty\" \/>\n<script type=\"application\/ld+json\" class=\"yoast-schema-graph\">{\"@context\":\"https:\/\/schema.org\",\"@graph\":[{\"@type\":\"WebPage\",\"@id\":\"https:\/\/antersystem.com\/cs\/novinky\/gold-medal-traffic-dock-gate\/\",\"url\":\"https:\/\/antersystem.com\/cs\/novinky\/gold-medal-traffic-dock-gate\/\",\"name\":\"Zlat\u00e1 medaile za TRAFFIC DOCK GATE - Anter System\",\"isPartOf\":{\"@id\":\"https:\/\/antersystem.com\/cs\/#website\"},\"primaryImageOfPage\":{\"@id\":\"https:\/\/antersystem.com\/cs\/novinky\/gold-medal-traffic-dock-gate\/#primaryimage\"},\"image\":{\"@id\":\"https:\/\/antersystem.com\/cs\/novinky\/gold-medal-traffic-dock-gate\/#primaryimage\"},\"thumbnailUrl\":\"https:\/\/antersystem.com\/wp-content\/uploads\/2024_SAWO-Anter-System.webp\",\"datePublished\":\"2024-04-12T10:31:12+00:00\",\"dateModified\":\"2026-01-30T13:30:54+00:00\",\"description\":\"Zlat\u00e1 medaile za automatickou TRAFFIC DOCK GATE Zlat\u00e1 medaile je presti\u017en\u00ed ocen\u011bn\u00ed ud\u011blovan\u00e9 na pr\u016fmyslov\u00fdch veletrz\u00edch, v\u010detn\u011b veletrhu SAWO . Oce\u0148uje\",\"breadcrumb\":{\"@id\":\"https:\/\/antersystem.com\/cs\/novinky\/gold-medal-traffic-dock-gate\/#breadcrumb\"},\"inLanguage\":\"cs\",\"potentialAction\":[{\"@type\":\"ReadAction\",\"target\":[\"https:\/\/antersystem.com\/cs\/novinky\/gold-medal-traffic-dock-gate\/\"]}]},{\"@type\":\"ImageObject\",\"inLanguage\":\"cs\",\"@id\":\"https:\/\/antersystem.com\/cs\/novinky\/gold-medal-traffic-dock-gate\/#primaryimage\",\"url\":\"https:\/\/antersystem.com\/wp-content\/uploads\/2024_SAWO-Anter-System.webp\",\"contentUrl\":\"https:\/\/antersystem.com\/wp-content\/uploads\/2024_SAWO-Anter-System.webp\"},{\"@type\":\"BreadcrumbList\",\"@id\":\"https:\/\/antersystem.com\/cs\/novinky\/gold-medal-traffic-dock-gate\/#breadcrumb\",\"itemListElement\":[{\"@type\":\"ListItem\",\"position\":1,\"name\":\"AnterSystem\",\"item\":\"https:\/\/antersystem.com\/cs\/\"},{\"@type\":\"ListItem\",\"position\":2,\"name\":\"Zpr\u00e1vy\",\"item\":\"https:\/\/antersystem.com\/cs\/novinky\/\"},{\"@type\":\"ListItem\",\"position\":3,\"name\":\"Zlat\u00e1 medaile za TRAFFIC DOCK GATE\"}]},{\"@type\":\"WebSite\",\"@id\":\"https:\/\/antersystem.com\/cs\/#website\",\"url\":\"https:\/\/antersystem.com\/cs\/\",\"name\":\"Anter System\",\"description\":\"Jeste\u015bmy polskim producentem elastycznych barier ochronnych wykonywanych z polimerowych tworzyw sztucznych. Na rynku krajowym i zagranicznym dzia\u0142amy od ponad 15 lat dbaj\u0105c o zapewnienie bezpiecze\u0144stwa w zak\u0142adach produkcyjnych, magazynach oraz centrach logistycznych.\",\"potentialAction\":[{\"@type\":\"SearchAction\",\"target\":{\"@type\":\"EntryPoint\",\"urlTemplate\":\"https:\/\/antersystem.com\/cs\/?s={search_term_string}\"},\"query-input\":{\"@type\":\"PropertyValueSpecification\",\"valueRequired\":true,\"valueName\":\"search_term_string\"}}],\"inLanguage\":\"cs\"}]}<\/script>\n<!-- \/ Yoast SEO plugin. -->","yoast_head_json":{"title":"Zlat\u00e1 medaile za TRAFFIC DOCK GATE - Anter System","description":"Zlat\u00e1 medaile za automatickou TRAFFIC DOCK GATE Zlat\u00e1 medaile je presti\u017en\u00ed ocen\u011bn\u00ed ud\u011blovan\u00e9 na pr\u016fmyslov\u00fdch veletrz\u00edch, v\u010detn\u011b veletrhu SAWO . Oce\u0148uje","robots":{"index":"index","follow":"follow","max-snippet":"max-snippet:-1","max-image-preview":"max-image-preview:large","max-video-preview":"max-video-preview:-1"},"canonical":"https:\/\/antersystem.com\/cs\/novinky\/gold-medal-traffic-dock-gate\/","og_locale":"cs_CZ","og_type":"article","og_title":"Zlat\u00e1 medaile za TRAFFIC DOCK GATE - Anter System","og_description":"Zlat\u00e1 medaile za automatickou TRAFFIC DOCK GATE Zlat\u00e1 medaile je presti\u017en\u00ed ocen\u011bn\u00ed ud\u011blovan\u00e9 na pr\u016fmyslov\u00fdch veletrz\u00edch, v\u010detn\u011b veletrhu SAWO . Oce\u0148uje","og_url":"https:\/\/antersystem.com\/cs\/novinky\/gold-medal-traffic-dock-gate\/","og_site_name":"Anter System","article_modified_time":"2026-01-30T13:30:54+00:00","og_image":[{"url":"https:\/\/antersystem.com\/wp-content\/uploads\/2024_SAWO-Anter-System.webp","type":"","width":"","height":""}],"twitter_card":"summary_large_image","twitter_misc":{"Odhadovan\u00e1 doba \u010dten\u00ed":"2 minuty"},"schema":{"@context":"https:\/\/schema.org","@graph":[{"@type":"WebPage","@id":"https:\/\/antersystem.com\/cs\/novinky\/gold-medal-traffic-dock-gate\/","url":"https:\/\/antersystem.com\/cs\/novinky\/gold-medal-traffic-dock-gate\/","name":"Zlat\u00e1 medaile za TRAFFIC DOCK GATE - Anter System","isPartOf":{"@id":"https:\/\/antersystem.com\/cs\/#website"},"primaryImageOfPage":{"@id":"https:\/\/antersystem.com\/cs\/novinky\/gold-medal-traffic-dock-gate\/#primaryimage"},"image":{"@id":"https:\/\/antersystem.com\/cs\/novinky\/gold-medal-traffic-dock-gate\/#primaryimage"},"thumbnailUrl":"https:\/\/antersystem.com\/wp-content\/uploads\/2024_SAWO-Anter-System.webp","datePublished":"2024-04-12T10:31:12+00:00","dateModified":"2026-01-30T13:30:54+00:00","description":"Zlat\u00e1 medaile za automatickou TRAFFIC DOCK GATE Zlat\u00e1 medaile je presti\u017en\u00ed ocen\u011bn\u00ed ud\u011blovan\u00e9 na pr\u016fmyslov\u00fdch veletrz\u00edch, v\u010detn\u011b veletrhu SAWO . Oce\u0148uje","breadcrumb":{"@id":"https:\/\/antersystem.com\/cs\/novinky\/gold-medal-traffic-dock-gate\/#breadcrumb"},"inLanguage":"cs","potentialAction":[{"@type":"ReadAction","target":["https:\/\/antersystem.com\/cs\/novinky\/gold-medal-traffic-dock-gate\/"]}]},{"@type":"ImageObject","inLanguage":"cs","@id":"https:\/\/antersystem.com\/cs\/novinky\/gold-medal-traffic-dock-gate\/#primaryimage","url":"https:\/\/antersystem.com\/wp-content\/uploads\/2024_SAWO-Anter-System.webp","contentUrl":"https:\/\/antersystem.com\/wp-content\/uploads\/2024_SAWO-Anter-System.webp"},{"@type":"BreadcrumbList","@id":"https:\/\/antersystem.com\/cs\/novinky\/gold-medal-traffic-dock-gate\/#breadcrumb","itemListElement":[{"@type":"ListItem","position":1,"name":"AnterSystem","item":"https:\/\/antersystem.com\/cs\/"},{"@type":"ListItem","position":2,"name":"Zpr\u00e1vy","item":"https:\/\/antersystem.com\/cs\/novinky\/"},{"@type":"ListItem","position":3,"name":"Zlat\u00e1 medaile za TRAFFIC DOCK GATE"}]},{"@type":"WebSite","@id":"https:\/\/antersystem.com\/cs\/#website","url":"https:\/\/antersystem.com\/cs\/","name":"Anter System","description":"Jeste\u015bmy polskim producentem elastycznych barier ochronnych wykonywanych z polimerowych tworzyw sztucznych. Na rynku krajowym i zagranicznym dzia\u0142amy od ponad 15 lat dbaj\u0105c o zapewnienie bezpiecze\u0144stwa w zak\u0142adach produkcyjnych, magazynach oraz centrach logistycznych.","potentialAction":[{"@type":"SearchAction","target":{"@type":"EntryPoint","urlTemplate":"https:\/\/antersystem.com\/cs\/?s={search_term_string}"},"query-input":{"@type":"PropertyValueSpecification","valueRequired":true,"valueName":"search_term_string"}}],"inLanguage":"cs"}]}},"_links":{"self":[{"href":"https:\/\/antersystem.com\/cs\/wp-json\/wp\/v2\/pages\/13341","targetHints":{"allow":["GET"]}}],"collection":[{"href":"https:\/\/antersystem.com\/cs\/wp-json\/wp\/v2\/pages"}],"about":[{"href":"https:\/\/antersystem.com\/cs\/wp-json\/wp\/v2\/types\/page"}],"author":[{"embeddable":true,"href":"https:\/\/antersystem.com\/cs\/wp-json\/wp\/v2\/users\/1"}],"replies":[{"embeddable":true,"href":"https:\/\/antersystem.com\/cs\/wp-json\/wp\/v2\/comments?post=13341"}],"version-history":[{"count":1,"href":"https:\/\/antersystem.com\/cs\/wp-json\/wp\/v2\/pages\/13341\/revisions"}],"predecessor-version":[{"id":13344,"href":"https:\/\/antersystem.com\/cs\/wp-json\/wp\/v2\/pages\/13341\/revisions\/13344"}],"up":[{"embeddable":true,"href":"https:\/\/antersystem.com\/cs\/wp-json\/wp\/v2\/pages\/30524"}],"wp:attachment":[{"href":"https:\/\/antersystem.com\/cs\/wp-json\/wp\/v2\/media?parent=13341"}],"curies":[{"name":"wp","href":"https:\/\/api.w.org\/{rel}","templated":true}]}}