{"id":15363,"date":"2023-10-16T15:46:15","date_gmt":"2023-10-16T13:46:15","guid":{"rendered":"https:\/\/new.antersystem.com\/what-are-barriers-made-of\/"},"modified":"2026-01-30T14:30:54","modified_gmt":"2026-01-30T13:30:54","slug":"what-are-barriers-made-of","status":"publish","type":"page","link":"https:\/\/antersystem.com\/cs\/novinky\/what-are-barriers-made-of\/","title":{"rendered":"Z \u010deho se skl\u00e1daj\u00ed na\u0161e bari\u00e9ry?"},"content":{"rendered":"\n<div class=\"wp-block-columns is-layout-flex wp-container-core-columns-is-layout-9d6595d7 wp-block-columns-is-layout-flex\">\n  \n  <div class=\"wp-block-column is-layout-flow wp-block-column-is-layout-flow\" style=\"flex-basis:10%\"><\/div>\n  \n\n  \n  <div class=\"wp-block-column is-layout-flow wp-block-column-is-layout-flow\">\n    \n    <h3 class=\"wp-block-heading\"><strong>i-PLAST a ERTAX<\/strong><\/h3>\n    \n\n    \n    <p>Navrhujeme a vyr\u00e1b\u00edme inovativn\u00ed bezpe\u010dnostn\u00ed z\u00e1brany z na\u0161ich patentovan\u00fdch materi\u00e1l\u016f: <strong>i-PLAST a erTAX<\/strong> <strong>.<\/strong><\/p>\n    \n\n    \n    <p><strong>Sm\u011bs i-PLAST je<\/strong> vyztu\u017een\u00fd materi\u00e1l na b\u00e1zi technick\u00e9ho polymeru. Umo\u017e\u0148uje vyr\u00e1b\u011bt ty\u010de s d\u0159\u00edve nedosa\u017eitelnou tlou\u0161\u0165kou a geometri\u00ed. <strong>i-PLAST je zcela ohnivzdorn\u00fd, netoxick\u00fd a pln\u011b vyhovuje norm\u00e1m HACCP, tak\u017ee je ide\u00e1ln\u00ed<\/strong> pro spole\u010dnosti, kter\u00e9 pracuj\u00ed podle p\u0159\u00edsn\u00fdch hygienick\u00fdch p\u0159edpis\u016f.<\/p>\n    \n\n    \n    <p>Bari\u00e9ry lisovan\u00e9 z t\u00e9to sm\u011bsi vykazuj\u00ed v\u00fdjime\u010dnou <strong>odolnost v\u016f\u010di pov\u011btrnostn\u00edm podm\u00ednk\u00e1m (UV z\u00e1\u0159en\u00ed, mrazu) a korozi, d\u00edky \u010demu\u017e jsou<\/strong> vhodn\u00e9 pro vnit\u0159n\u00ed i venkovn\u00ed instalaci. Profily jsou dut\u00e9, co\u017e umo\u017e\u0148uje, aby bari\u00e9ry absorbovaly energii n\u00e1razu a \u00fa\u010dinn\u011b ji rozpt\u00fdlily. Po uvoln\u011bn\u00ed tlaku se vr\u00e1t\u00ed do p\u016fvodn\u00edho tvaru. Zachov\u00e1vaj\u00ed si svou strukturu i po kolizi s vysokozdvi\u017en\u00fdm voz\u00edkem a chr\u00e1n\u00ed jak podlahu v m\u00edst\u011b instalace, tak konstrukci budovy.<\/p>\n    \n\n    \n    <p><strong>Sm\u011bs erTAX je<\/strong> inovativn\u00ed technoplastick\u00fd materi\u00e1l na\u0161\u00ed vlastn\u00ed receptury, kter\u00fd vykazuje <strong>vysokou mechanickou pru\u017enost.<\/strong> Je netoxick\u00fd a spl\u0148uje po\u017eadavky HACCP. Povrch nen\u00ed p\u0159edem nijak upravov\u00e1n, co\u017e zaji\u0161\u0165uje dlouhodobou odolnost a st\u00e1lou estetiku v pr\u016fb\u011bhu \u010dasu.<\/p>\n    \n\n    \n    <p>Bari\u00e9ry se vyr\u00e1b\u011bj\u00ed z polotovar\u016f z desek s vysokou kompres\u00ed. Jejich patentovan\u00e1 geometrie <strong>zaji\u0161\u0165uje dynamick\u00e9 vlastnosti p\u0159i n\u00e1razu a \u0159\u00edzen\u00e9 deformaci.<\/strong><\/p>\n    \n\n    \n    <p><strong>V\u0161echny v\u00fdrobky jsou testov\u00e1ny spole\u010dnost\u00ed T\u00dcV Rheinland a<\/strong> z\u00edskaly bezpe\u010dnostn\u00ed certifik\u00e1t. <a href=\"https:\/\/antersystem.com\/o-naszej-firmie\/\">Ka\u017edoro\u010dn\u011b proch\u00e1zej\u00ed v\u00fdrobn\u00edmi kontrolami, aby byla zaji\u0161t\u011bna st\u00e1l\u00e1 a \u0161pi\u010dkov\u00e1 kvalita.<\/a><\/p>\n    \n\n    \n<div data-video-id=\"\" class='wp-block-html5-player-video html5_video_players' class=\"wp-block-html5-player-video\" data-nonce=\"93a13dc457\" data-attributes=\"{&quot;source&quot;:&quot;https:\\\/\\\/antersystem.com\\\/wp-content\\\/uploads\\\/AnterSystem_animacja.mp4&quot;,&quot;provider&quot;:&quot;self-hosted&quot;,&quot;imported&quot;:false,&quot;poster&quot;:&quot;&quot;,&quot;options&quot;:{&quot;controls&quot;:[&quot;play-large&quot;,&quot;play&quot;,&quot;progress&quot;,&quot;current-time&quot;,&quot;mute&quot;,&quot;volume&quot;,&quot;captions&quot;,&quot;settings&quot;,&quot;airplay&quot;,&quot;fullscreen&quot;],&quot;settings&quot;:[&quot;captions&quot;,&quot;quality&quot;,&quot;speed&quot;,&quot;loop&quot;],&quot;loadSprite&quot;:true,&quot;autoplay&quot;:false,&quot;playsinline&quot;:true,&quot;seekTime&quot;:10,&quot;volume&quot;:1,&quot;muted&quot;:false,&quot;hideControls&quot;:true,&quot;resetOnEnd&quot;:false,&quot;tooltips&quot;:{&quot;controls&quot;:true,&quot;seek&quot;:true},&quot;captions&quot;:{&quot;active&quot;:true,&quot;language&quot;:&quot;auto&quot;,&quot;update&quot;:true},&quot;ratio&quot;:null,&quot;storage&quot;:{&quot;enabled&quot;:true,&quot;key&quot;:&quot;plyr&quot;},&quot;speed&quot;:{&quot;options&quot;:[0.5,0.75,1,1.25,1.5,1.75,2,4]},&quot;loop&quot;:{&quot;active&quot;:false},&quot;ads&quot;:{&quot;enabled&quot;:true,&quot;tagUrl&quot;:null},&quot;urls&quot;:{&quot;enabled&quot;:false,&quot;download&quot;:null},&quot;markers&quot;:{&quot;enabled&quot;:false,&quot;points&quot;:[]},&quot;preload&quot;:&quot;metadata&quot;},&quot;features&quot;:{&quot;popup&quot;:{&quot;enabled&quot;:false,&quot;selector&quot;:null,&quot;hasBtn&quot;:false,&quot;type&quot;:&quot;button&quot;,&quot;btnText&quot;:&quot;Watch Video&quot;,&quot;align&quot;:&quot;center&quot;,&quot;btnStyle&quot;:{&quot;color&quot;:&quot;#fff&quot;,&quot;backgroundColor&quot;:&quot;#006BA1&quot;,&quot;fontSize&quot;:&quot;16px&quot;,&quot;padding&quot;:{&quot;top&quot;:&quot;10px&quot;,&quot;right&quot;:&quot;20px&quot;,&quot;bottom&quot;:&quot;10px&quot;,&quot;left&quot;:&quot;20px&quot;}},&quot;isTrigger&quot;:false},&quot;overlay&quot;:{&quot;enabled&quot;:false,&quot;items&quot;:[{&quot;color&quot;:&quot;#fff&quot;,&quot;backgroundColor&quot;:&quot;#333&quot;,&quot;fontSize&quot;:&quot;16px&quot;,&quot;link&quot;:&quot;&quot;,&quot;logo&quot;:&quot;&quot;,&quot;text&quot;:&quot;Simple Text&quot;,&quot;position&quot;:&quot;top_right&quot;,&quot;type&quot;:&quot;text&quot;,&quot;opacity&quot;:1}]},&quot;endScreen&quot;:{&quot;enabled&quot;:false,&quot;text&quot;:&quot;Simple Text&quot;,&quot;btnText&quot;:&quot;Visit&quot;,&quot;btnLink&quot;:&quot;&quot;,&quot;btnStyle&quot;:[]},&quot;thumbInPause&quot;:{&quot;enabled&quot;:false,&quot;type&quot;:&quot;default&quot;},&quot;watermark&quot;:{&quot;enabled&quot;:false,&quot;type&quot;:&quot;email&quot;,&quot;text&quot;:&quot;&quot;,&quot;color&quot;:&quot;#f00&quot;},&quot;passwordProtected&quot;:{&quot;enabled&quot;:false,&quot;errorMessage&quot;:&quot;Password didn&#039;t matched&quot;,&quot;heading&quot;:&quot;Please Entire the password to access the video&quot;,&quot;button&quot;:{&quot;text&quot;:&quot;Access&quot;,&quot;color&quot;:&quot;#222&quot;,&quot;backgroundColor&quot;:&quot;#ffffffe3&quot;},&quot;password&quot;:null},&quot;sticky&quot;:{&quot;enabled&quot;:false,&quot;position&quot;:&quot;top_right&quot;},&quot;playWhenVisible&quot;:false,&quot;disablePause&quot;:false,&quot;hideYoutubeUI&quot;:false,&quot;startTime&quot;:null,&quot;hideLoadingPlaceholder&quot;:false,&quot;saveState&quot;:false},&quot;onlyLoggedIn&quot;:{&quot;whoCanSeeThisVideo&quot;:&quot;everyone&quot;,&quot;allowedRoles&quot;:[],&quot;message&quot;:&quot;This video is only for registered users. Please login to view the video.&quot;},&quot;seo&quot;:{&quot;title&quot;:&quot;&quot;,&quot;description&quot;:&quot;&quot;,&quot;duration&quot;:&quot;&quot;},&quot;quality&quot;:[],&quot;subtitle&quot;:[{&quot;label&quot;:&quot;English\\\/en&quot;,&quot;caption_file&quot;:&quot;&quot;}],&quot;thumbInPause&quot;:false,&quot;hideYoutubeUI&quot;:false,&quot;autoplayWhenVisible&quot;:false,&quot;styles&quot;:{&quot;plyr_wrapper&quot;:{&quot;width&quot;:&quot;100%&quot;,&quot;borderRadius&quot;:&quot;0px&quot;,&quot;overflow&quot;:&quot;hidden&quot;},&quot;.plyr&quot;:{&quot;--plyr-color-main&quot;:&quot;#00b2ff&quot;}},&quot;CSS&quot;:&quot;&quot;,&quot;isCDURL&quot;:false,&quot;posterTime&quot;:20,&quot;chapters&quot;:[],&quot;controls&quot;:{&quot;play-large&quot;:true,&quot;restart&quot;:false,&quot;rewind&quot;:false,&quot;play&quot;:true,&quot;fast-forward&quot;:false,&quot;progress&quot;:true,&quot;current-time&quot;:true,&quot;duration&quot;:false,&quot;mute&quot;:true,&quot;volume&quot;:true,&quot;pip&quot;:false,&quot;airplay&quot;:false,&quot;settings&quot;:true,&quot;downlaod&quot;:false,&quot;fullscreen&quot;:true},&quot;brandColor&quot;:&quot;#00B3FF&quot;,&quot;width&quot;:{&quot;deprecated&quot;:true,&quot;number&quot;:100,&quot;unit&quot;:&quot;%&quot;},&quot;radius&quot;:{&quot;number&quot;:0,&quot;unit&quot;:&quot;px&quot;},&quot;repeat&quot;:false,&quot;autoplay&quot;:false,&quot;muted&quot;:false,&quot;sticky&quot;:false,&quot;stickyPosition&quot;:&quot;top-right&quot;,&quot;popup&quot;:false,&quot;popupType&quot;:&quot;button&quot;,&quot;playsinline&quot;:false,&quot;popupBtnStyle&quot;:{&quot;color&quot;:&quot;#fff&quot;,&quot;backgroundColor&quot;:&quot;#006BA1&quot;,&quot;fontSize&quot;:&quot;16px&quot;,&quot;padding&quot;:{&quot;top&quot;:&quot;10px&quot;,&quot;right&quot;:&quot;20px&quot;,&quot;bottom&quot;:&quot;10px&quot;,&quot;left&quot;:&quot;20px&quot;},&quot;align&quot;:&quot;center&quot;},&quot;popupBtnText&quot;:&quot;Watch Video&quot;,&quot;disablePause&quot;:false,&quot;thumbStyle&quot;:&quot;default&quot;,&quot;resetOnEnd&quot;:false,&quot;autoHideControl&quot;:true,&quot;protected&quot;:false,&quot;protectedText&quot;:&quot;Please enter password to wath the video&quot;,&quot;seekTime&quot;:10,&quot;startTime&quot;:0,&quot;preload&quot;:&quot;metadata&quot;,&quot;overlay&quot;:false,&quot;overlayPosition&quot;:&quot;top_right&quot;,&quot;overlayBackground&quot;:&quot;#333&quot;,&quot;overlayOpacity&quot;:0.8,&quot;overlayTextColor&quot;:&quot;#ffffff&quot;,&quot;overlayFontSize&quot;:{&quot;number&quot;:20,&quot;unit&quot;:&quot;px&quot;},&quot;overlayTextHoverColor&quot;:&quot;#ffffff&quot;,&quot;endScreen&quot;:{&quot;enabled&quot;:false,&quot;text&quot;:&quot;Simple Text&quot;,&quot;btnText&quot;:&quot;Watch Again&quot;,&quot;btnLink&quot;:&quot;&quot;,&quot;btnStyle&quot;:[]},&quot;endscreen&quot;:false,&quot;endscreenText&quot;:&quot;Endscreen text&quot;,&quot;endscreenTextLink&quot;:&quot;#&quot;,&quot;streaming&quot;:false,&quot;streamingType&quot;:&quot;hls&quot;,&quot;speed&quot;:{&quot;1&quot;:true,&quot;2&quot;:true,&quot;3&quot;:true,&quot;0.5&quot;:true,&quot;0.75&quot;:true,&quot;1.25&quot;:true,&quot;1.5&quot;:true,&quot;1.75&quot;:true,&quot;2.5&quot;:true},&quot;captionEnabled&quot;:false,&quot;saveState&quot;:false,&quot;openPopupId&quot;:&quot;&quot;}\" style=\"aspect-ratio:16\/9\">\n    <div class=\"preload_poster\" style=\"overflow:hidden;aspect-ratio:16\/9;\">\n        <svg width=\"36px\" height=\"36px\" viewBox=\"0 0 15 15\" fill=\"none\" xmlns=\"http:\/\/www.w3.org\/2000\/svg\">\n            <path d=\"M4.79062 2.09314C4.63821 1.98427 4.43774 1.96972 4.27121 2.05542C4.10467 2.14112 4 2.31271 4 2.5V12.5C4 12.6873 4.10467 12.8589 4.27121 12.9446C4.43774 13.0303 4.63821 13.0157 4.79062 12.9069L11.7906 7.90687C11.922 7.81301 12 7.66148 12 7.5C12 7.33853 11.922 7.18699 11.7906 7.09314L4.79062 2.09314Z\" fill=\"#fff\" \/>\n        <\/svg>\n    <\/div>\n<\/div>\n\n\n\n    \n    <p>&nbsp;<\/p>\n    <p><strong>V\u00ddHODY POU\u017d\u00cdV\u00c1N\u00cd FLEXIBILN\u00cdCH BARI\u00c9R:<\/strong><\/p>\n    <ul>\n      <li>D\u00edky jedine\u010dn\u00e9mu slo\u017een\u00ed materi\u00e1lu si zachov\u00e1vaj\u00ed svou strukturu i po sr\u00e1\u017ece s vysokozdvi\u017en\u00fdm voz\u00edkem.<\/li>\n      <li>Odolnost v\u016f\u010di korozi, pov\u011btrnostn\u00edm podm\u00ednk\u00e1m (provozn\u00ed rozsah od -30 \u00b0C do +60 \u00b0C) a chemik\u00e1li\u00edm.<\/li>\n      <li>K dispozici jsou dva typy mont\u00e1\u017ee. Vnit\u0159n\u00ed kotevn\u00ed syst\u00e9my (skryt\u00e9 uvnit\u0159 konstrukce sloupku) pom\u00e1haj\u00ed udr\u017eovat hygienick\u00e9 normy, tak\u017ee jsou ide\u00e1ln\u00ed pro potravin\u00e1\u0159sk\u00fd pr\u016fmysl.<\/li>\n      <li>Vn\u011bj\u0161\u00ed kotvy se upev\u0148uj\u00ed do betonu \u0161rouby, \u010d\u00edm\u017e se minimalizuje riziko vzniku trhlin. Pro ukotven\u00ed nen\u00ed nutn\u00e1 \u017e\u00e1dn\u00e1 dilatace, a proto jsou vhodn\u00e9 pro instalaci v bl\u00edzkosti okraj\u016f nebo sousedn\u00edch kotev. Toto \u0159e\u0161en\u00ed je mo\u017en\u00e9 pou\u017e\u00edt opakovan\u011b.<\/li>\n      <li>Testov\u00e1no spole\u010dnost\u00ed T\u00dcV Rheinland a podl\u00e9h\u00e1 pr\u016fb\u011b\u017en\u00e9 v\u00fdrobn\u00ed kontrole, aby byla zaji\u0161t\u011bna nejvy\u0161\u0161\u00ed kvalita.<\/li>\n      <li>Dodr\u017eujte p\u0159\u00edsn\u00e9 bezpe\u010dnostn\u00ed a hygienick\u00e9 normy.<\/li>\n      <li>Modul\u00e1rn\u00ed konstrukce &#8211; snadn\u00e9 p\u0159ipojen\u00ed, p\u0159em\u00edst\u011bn\u00ed nebo roz\u0161\u00ed\u0159en\u00ed pro p\u0159izp\u016fsoben\u00ed m\u011bn\u00edc\u00edm se skladov\u00fdm nebo v\u00fdrobn\u00edm dispozic\u00edm.<\/li>\n      <li>Pln\u011b recyklovateln\u00e9.<\/li>\n    <\/ul>\n    <p>&nbsp;<\/p>\n    \n  <\/div>\n  \n\n  \n  <div class=\"wp-block-column is-layout-flow wp-block-column-is-layout-flow\" style=\"flex-basis:10%\"><\/div>\n  \n<\/div>\n","protected":false},"excerpt":{"rendered":"<p>i-PLAST a ERTAX Navrhujeme a vyr\u00e1b\u00edme inovativn\u00ed bezpe\u010dnostn\u00ed z\u00e1brany z na\u0161ich patentovan\u00fdch materi\u00e1l\u016f: i-PLAST a erTAX . Sm\u011bs i-PLAST je vyztu\u017een\u00fd materi\u00e1l na b\u00e1zi technick\u00e9ho polymeru. Umo\u017e\u0148uje vyr\u00e1b\u011bt ty\u010de s d\u0159\u00edve nedosa\u017eitelnou tlou\u0161\u0165kou a geometri\u00ed. i-PLAST je zcela ohnivzdorn\u00fd, netoxick\u00fd a pln\u011b vyhovuje norm\u00e1m HACCP, tak\u017ee je ide\u00e1ln\u00ed pro spole\u010dnosti, kter\u00e9 pracuj\u00ed podle p\u0159\u00edsn\u00fdch hygienick\u00fdch [&hellip;]<\/p>\n","protected":false},"author":1,"featured_media":0,"parent":30524,"menu_order":0,"comment_status":"closed","ping_status":"closed","template":"","meta":{"inline_featured_image":false,"ngg_post_thumbnail":0,"footnotes":""},"class_list":["post-15363","page","type-page","status-publish","hentry"],"acf":[],"yoast_head":"<!-- This site is optimized with the Yoast SEO plugin v27.0 - https:\/\/yoast.com\/product\/yoast-seo-wordpress\/ -->\n<title>Z \u010deho se skl\u00e1daj\u00ed na\u0161e bari\u00e9ry? - Anter System<\/title>\n<meta name=\"description\" content=\"i-PLAST a ERTAX Navrhujeme a vyr\u00e1b\u00edme inovativn\u00ed bezpe\u010dnostn\u00ed z\u00e1brany z na\u0161ich patentovan\u00fdch materi\u00e1l\u016f: i-PLAST a erTAX . Sm\u011bs i-PLAST je vyztu\u017een\u00fd\" \/>\n<meta name=\"robots\" content=\"index, follow, max-snippet:-1, max-image-preview:large, max-video-preview:-1\" \/>\n<link rel=\"canonical\" href=\"https:\/\/antersystem.com\/cs\/novinky\/what-are-barriers-made-of\/\" \/>\n<meta property=\"og:locale\" content=\"cs_CZ\" \/>\n<meta property=\"og:type\" content=\"article\" \/>\n<meta property=\"og:title\" content=\"Z \u010deho se skl\u00e1daj\u00ed na\u0161e bari\u00e9ry? - Anter System\" \/>\n<meta property=\"og:description\" content=\"i-PLAST a ERTAX Navrhujeme a vyr\u00e1b\u00edme inovativn\u00ed bezpe\u010dnostn\u00ed z\u00e1brany z na\u0161ich patentovan\u00fdch materi\u00e1l\u016f: i-PLAST a erTAX . Sm\u011bs i-PLAST je vyztu\u017een\u00fd\" \/>\n<meta property=\"og:url\" content=\"https:\/\/antersystem.com\/cs\/novinky\/what-are-barriers-made-of\/\" \/>\n<meta property=\"og:site_name\" content=\"Anter System\" \/>\n<meta property=\"article:modified_time\" content=\"2026-01-30T13:30:54+00:00\" \/>\n<meta name=\"twitter:card\" content=\"summary_large_image\" \/>\n<meta name=\"twitter:label1\" content=\"Odhadovan\u00e1 doba \u010dten\u00ed\" \/>\n\t<meta name=\"twitter:data1\" content=\"2 minuty\" \/>\n<script type=\"application\/ld+json\" class=\"yoast-schema-graph\">{\"@context\":\"https:\/\/schema.org\",\"@graph\":[{\"@type\":\"WebPage\",\"@id\":\"https:\/\/antersystem.com\/cs\/novinky\/what-are-barriers-made-of\/\",\"url\":\"https:\/\/antersystem.com\/cs\/novinky\/what-are-barriers-made-of\/\",\"name\":\"Z \u010deho se skl\u00e1daj\u00ed na\u0161e bari\u00e9ry? - Anter System\",\"isPartOf\":{\"@id\":\"https:\/\/antersystem.com\/cs\/#website\"},\"datePublished\":\"2023-10-16T13:46:15+00:00\",\"dateModified\":\"2026-01-30T13:30:54+00:00\",\"description\":\"i-PLAST a ERTAX Navrhujeme a vyr\u00e1b\u00edme inovativn\u00ed bezpe\u010dnostn\u00ed z\u00e1brany z na\u0161ich patentovan\u00fdch materi\u00e1l\u016f: i-PLAST a erTAX . Sm\u011bs i-PLAST je vyztu\u017een\u00fd\",\"breadcrumb\":{\"@id\":\"https:\/\/antersystem.com\/cs\/novinky\/what-are-barriers-made-of\/#breadcrumb\"},\"inLanguage\":\"cs\",\"potentialAction\":[{\"@type\":\"ReadAction\",\"target\":[\"https:\/\/antersystem.com\/cs\/novinky\/what-are-barriers-made-of\/\"]}]},{\"@type\":\"BreadcrumbList\",\"@id\":\"https:\/\/antersystem.com\/cs\/novinky\/what-are-barriers-made-of\/#breadcrumb\",\"itemListElement\":[{\"@type\":\"ListItem\",\"position\":1,\"name\":\"AnterSystem\",\"item\":\"https:\/\/antersystem.com\/cs\/\"},{\"@type\":\"ListItem\",\"position\":2,\"name\":\"Zpr\u00e1vy\",\"item\":\"https:\/\/antersystem.com\/cs\/novinky\/\"},{\"@type\":\"ListItem\",\"position\":3,\"name\":\"Z \u010deho se skl\u00e1daj\u00ed na\u0161e bari\u00e9ry?\"}]},{\"@type\":\"WebSite\",\"@id\":\"https:\/\/antersystem.com\/cs\/#website\",\"url\":\"https:\/\/antersystem.com\/cs\/\",\"name\":\"Anter System\",\"description\":\"Jeste\u015bmy polskim producentem elastycznych barier ochronnych wykonywanych z polimerowych tworzyw sztucznych. Na rynku krajowym i zagranicznym dzia\u0142amy od ponad 15 lat dbaj\u0105c o zapewnienie bezpiecze\u0144stwa w zak\u0142adach produkcyjnych, magazynach oraz centrach logistycznych.\",\"potentialAction\":[{\"@type\":\"SearchAction\",\"target\":{\"@type\":\"EntryPoint\",\"urlTemplate\":\"https:\/\/antersystem.com\/cs\/?s={search_term_string}\"},\"query-input\":{\"@type\":\"PropertyValueSpecification\",\"valueRequired\":true,\"valueName\":\"search_term_string\"}}],\"inLanguage\":\"cs\"}]}<\/script>\n<!-- \/ Yoast SEO plugin. -->","yoast_head_json":{"title":"Z \u010deho se skl\u00e1daj\u00ed na\u0161e bari\u00e9ry? - Anter System","description":"i-PLAST a ERTAX Navrhujeme a vyr\u00e1b\u00edme inovativn\u00ed bezpe\u010dnostn\u00ed z\u00e1brany z na\u0161ich patentovan\u00fdch materi\u00e1l\u016f: i-PLAST a erTAX . Sm\u011bs i-PLAST je vyztu\u017een\u00fd","robots":{"index":"index","follow":"follow","max-snippet":"max-snippet:-1","max-image-preview":"max-image-preview:large","max-video-preview":"max-video-preview:-1"},"canonical":"https:\/\/antersystem.com\/cs\/novinky\/what-are-barriers-made-of\/","og_locale":"cs_CZ","og_type":"article","og_title":"Z \u010deho se skl\u00e1daj\u00ed na\u0161e bari\u00e9ry? - Anter System","og_description":"i-PLAST a ERTAX Navrhujeme a vyr\u00e1b\u00edme inovativn\u00ed bezpe\u010dnostn\u00ed z\u00e1brany z na\u0161ich patentovan\u00fdch materi\u00e1l\u016f: i-PLAST a erTAX . Sm\u011bs i-PLAST je vyztu\u017een\u00fd","og_url":"https:\/\/antersystem.com\/cs\/novinky\/what-are-barriers-made-of\/","og_site_name":"Anter System","article_modified_time":"2026-01-30T13:30:54+00:00","twitter_card":"summary_large_image","twitter_misc":{"Odhadovan\u00e1 doba \u010dten\u00ed":"2 minuty"},"schema":{"@context":"https:\/\/schema.org","@graph":[{"@type":"WebPage","@id":"https:\/\/antersystem.com\/cs\/novinky\/what-are-barriers-made-of\/","url":"https:\/\/antersystem.com\/cs\/novinky\/what-are-barriers-made-of\/","name":"Z \u010deho se skl\u00e1daj\u00ed na\u0161e bari\u00e9ry? - Anter System","isPartOf":{"@id":"https:\/\/antersystem.com\/cs\/#website"},"datePublished":"2023-10-16T13:46:15+00:00","dateModified":"2026-01-30T13:30:54+00:00","description":"i-PLAST a ERTAX Navrhujeme a vyr\u00e1b\u00edme inovativn\u00ed bezpe\u010dnostn\u00ed z\u00e1brany z na\u0161ich patentovan\u00fdch materi\u00e1l\u016f: i-PLAST a erTAX . Sm\u011bs i-PLAST je vyztu\u017een\u00fd","breadcrumb":{"@id":"https:\/\/antersystem.com\/cs\/novinky\/what-are-barriers-made-of\/#breadcrumb"},"inLanguage":"cs","potentialAction":[{"@type":"ReadAction","target":["https:\/\/antersystem.com\/cs\/novinky\/what-are-barriers-made-of\/"]}]},{"@type":"BreadcrumbList","@id":"https:\/\/antersystem.com\/cs\/novinky\/what-are-barriers-made-of\/#breadcrumb","itemListElement":[{"@type":"ListItem","position":1,"name":"AnterSystem","item":"https:\/\/antersystem.com\/cs\/"},{"@type":"ListItem","position":2,"name":"Zpr\u00e1vy","item":"https:\/\/antersystem.com\/cs\/novinky\/"},{"@type":"ListItem","position":3,"name":"Z \u010deho se skl\u00e1daj\u00ed na\u0161e bari\u00e9ry?"}]},{"@type":"WebSite","@id":"https:\/\/antersystem.com\/cs\/#website","url":"https:\/\/antersystem.com\/cs\/","name":"Anter System","description":"Jeste\u015bmy polskim producentem elastycznych barier ochronnych wykonywanych z polimerowych tworzyw sztucznych. Na rynku krajowym i zagranicznym dzia\u0142amy od ponad 15 lat dbaj\u0105c o zapewnienie bezpiecze\u0144stwa w zak\u0142adach produkcyjnych, magazynach oraz centrach logistycznych.","potentialAction":[{"@type":"SearchAction","target":{"@type":"EntryPoint","urlTemplate":"https:\/\/antersystem.com\/cs\/?s={search_term_string}"},"query-input":{"@type":"PropertyValueSpecification","valueRequired":true,"valueName":"search_term_string"}}],"inLanguage":"cs"}]}},"_links":{"self":[{"href":"https:\/\/antersystem.com\/cs\/wp-json\/wp\/v2\/pages\/15363","targetHints":{"allow":["GET"]}}],"collection":[{"href":"https:\/\/antersystem.com\/cs\/wp-json\/wp\/v2\/pages"}],"about":[{"href":"https:\/\/antersystem.com\/cs\/wp-json\/wp\/v2\/types\/page"}],"author":[{"embeddable":true,"href":"https:\/\/antersystem.com\/cs\/wp-json\/wp\/v2\/users\/1"}],"replies":[{"embeddable":true,"href":"https:\/\/antersystem.com\/cs\/wp-json\/wp\/v2\/comments?post=15363"}],"version-history":[{"count":1,"href":"https:\/\/antersystem.com\/cs\/wp-json\/wp\/v2\/pages\/15363\/revisions"}],"predecessor-version":[{"id":15366,"href":"https:\/\/antersystem.com\/cs\/wp-json\/wp\/v2\/pages\/15363\/revisions\/15366"}],"up":[{"embeddable":true,"href":"https:\/\/antersystem.com\/cs\/wp-json\/wp\/v2\/pages\/30524"}],"wp:attachment":[{"href":"https:\/\/antersystem.com\/cs\/wp-json\/wp\/v2\/media?parent=15363"}],"curies":[{"name":"wp","href":"https:\/\/api.w.org\/{rel}","templated":true}]}}