{"id":15396,"date":"2024-04-11T13:02:00","date_gmt":"2024-04-11T11:02:00","guid":{"rendered":"https:\/\/new.antersystem.com\/trailer-supports\/"},"modified":"2026-01-30T14:30:54","modified_gmt":"2026-01-30T13:30:54","slug":"trailer-supports","status":"publish","type":"page","link":"https:\/\/antersystem.com\/cs\/novinky\/trailer-supports\/","title":{"rendered":"Podp\u011bry p\u0159\u00edv\u011bsu"},"content":{"rendered":"\n<div class=\"wp-block-columns is-layout-flex wp-container-core-columns-is-layout-9d6595d7 wp-block-columns-is-layout-flex\">\n<div class=\"wp-block-column is-layout-flow wp-block-column-is-layout-flow\" style=\"flex-basis:10px\"><\/div>\n\n\n\n<div class=\"wp-block-column is-layout-flow wp-block-column-is-layout-flow\">\n<h3 class=\"wp-block-heading\">Jak zv\u00fd\u0161it bezpe\u010dnost v nakl\u00e1dac\u00edch doc\u00edch?  <br\/>Bezpe\u010dnost p\u0159\u00edv\u011bs\u016f je kl\u00ed\u010dem ke stabilit\u011b v logistice<\/h3>\n\n\n\n<figure class=\"wp-block-embed aligncenter is-type-video is-provider-youtube wp-block-embed-youtube wp-embed-aspect-16-9 wp-has-aspect-ratio\"><div class=\"wp-block-embed__wrapper\">\n<iframe loading=\"lazy\" title=\"AnterSystem demonstration of trailer support -JST and JST. R. Products for loadnig technique.\" width=\"500\" height=\"281\" src=\"https:\/\/www.youtube.com\/embed\/rS78QAlo6eM?feature=oembed\" frameborder=\"0\" allow=\"accelerometer; autoplay; clipboard-write; encrypted-media; gyroscope; picture-in-picture; web-share\" referrerpolicy=\"strict-origin-when-cross-origin\" allowfullscreen><\/iframe>\n<\/div><\/figure>\n\n\n\n<p>V glob\u00e1ln\u00ed logistice hraje ka\u017ed\u00e1 \u010d\u00e1st dodavatelsk\u00e9ho \u0159et\u011bzce z\u00e1sadn\u00ed roli p\u0159i zaji\u0161\u0165ov\u00e1n\u00ed efektivity a bezpe\u010dnosti. \u010casto opom\u00edjen\u00fdm, ale z\u00e1sadn\u00edm prvkem je <strong>bezpe\u010dnostn\u00ed stojan<\/strong> p\u0159\u00edv\u011bsu <strong>.<\/strong> Tato jednoduch\u00e1, ale nepostradateln\u00e1 sou\u010d\u00e1st je nezbytn\u00e1 pro udr\u017een\u00ed stability a bezpe\u010dnosti p\u0159i provozu v nakl\u00e1dac\u00edch doc\u00edch.<\/p>\n\n\n\n<p><strong>Kl\u00ed\u010dov\u00e1 role bezpe\u010dnostn\u00edch stojan\u016f p\u0159\u00edv\u011bs\u016f<\/strong><\/p>\n\n\n\n<p><a href=\"https:\/\/antersystem.com\/kategorie_produktow\/technika-zaladunkowa\/\"><strong>Bezpe\u010dnostn\u00ed stojany pro p\u0159\u00edv\u011bsy &#8211; JST (Jack Stand Trailer) a JST<\/strong>.R <strong>&#8211; zabra\u0148uj\u00ed<\/strong><\/a> nakl\u00e1n\u011bn\u00ed nebo zhroucen\u00ed  <strong>p\u0159\u00edv\u011bs\u016f<\/strong> pod vahou vysokozdvi\u017en\u00fdch voz\u00edk\u016f p\u0159i nakl\u00e1dce a vykl\u00e1dce. Pomoc\u00ed bezpe\u010dnostn\u00edch stojan\u016f lze tyto procesy prov\u00e1d\u011bt <strong>rychle a bezpe\u010dn\u011b, ani\u017e by bylo nutn\u00e9 pou\u017e\u00edt taha\u010d.<\/strong> Vozidla, kter\u00e1 se b\u011b\u017en\u011b pou\u017e\u00edvaj\u00ed k jin\u00fdm \u00fa\u010del\u016fm, mohou b\u00fdt efektivn\u011b vyu\u017eita, pokud je na m\u00edst\u011b stojan pro p\u0159\u00edv\u011bs. B\u011bhem cel\u00e9ho procesu <strong>je pln\u011b zachov\u00e1na stabilita n\u00e1v\u011bsu, co\u017e minimalizuje<\/strong> riziko po\u0161kozen\u00ed vozidel, zbo\u017e\u00ed nebo osob &#8211; a n\u011bkdy dokonce i samotn\u00fdch dok\u016f. Stru\u010dn\u011b \u0159e\u010deno, <strong>potenci\u00e1ln\u00ed n\u00e1sledky nespr\u00e1vn\u00e9ho zaji\u0161t\u011bn\u00ed p\u0159\u00edv\u011bsu jsou eliminov\u00e1ny, co\u017e chr\u00e1n\u00ed<\/strong> jak provozovatele, tak spole\u010dnost.<\/p>\n\n\n\n<p><strong>Co definuje ide\u00e1ln\u00ed bezpe\u010dnostn\u00ed stojan na p\u0159\u00edv\u011bs?<\/strong><\/p>\n\n\n\n<p>Bezpe\u010dnostn\u00ed stojany p\u0159\u00edv\u011bs\u016f mus\u00ed spl\u0148ovat p\u0159\u00edsn\u00e9 normy kvality a odolnosti, aby byly zaji\u0161t\u011bny optim\u00e1ln\u00ed pracovn\u00ed podm\u00ednky. P\u0159edev\u0161\u00edm mus\u00ed b\u00fdt vyrobeny z vysoce kvalitn\u00edch materi\u00e1l\u016f, kter\u00e9 odol\u00e1vaj\u00ed extr\u00e9mn\u00edm pov\u011btrnostn\u00edm podm\u00ednk\u00e1m a velk\u00e9mu zat\u00ed\u017een\u00ed. Stejn\u011b d\u016fle\u017eit\u00e9 jsou <strong>stabilita a nastaviteln\u00e1 v\u00fd\u0161ka,<\/strong> kter\u00e9 umo\u017e\u0148uj\u00ed p\u0159izp\u016fsoben\u00ed r\u016fzn\u00fdm typ\u016fm p\u0159\u00edv\u011bs\u016f a ter\u00e9nn\u00edm podm\u00ednk\u00e1m. Aby byla zaru\u010dena bezpe\u010dnost obsluhy, m\u011bly by stojany obsahovat <strong>blokovac\u00ed mechanismy, kter\u00e9<\/strong> zabr\u00e1n\u00ed n\u00e1hodn\u00e9mu pohybu b\u011bhem pou\u017e\u00edv\u00e1n\u00ed.<\/p>\n\n\n\n<p>Stojany na p\u0159\u00edv\u011bsy spole\u010dnosti Anter System jsou navr\u017eeny tak, aby se snadno <strong>pou\u017e\u00edvaly a m\u011bly dlouhou \u017eivotnost<\/strong>. Jsou vybaveny <strong>samonivela\u010dn\u00edm mechanismem a<\/strong> nastavitelnou v\u00fd\u0161kou. Ka\u017ed\u00e1 jednotka vydr\u017e\u00ed zat\u00ed\u017een\u00ed a\u017e <strong>45 tun a<\/strong> je vybavena dal\u0161\u00edmi prvky, jako jsou <strong>syst\u00e9my \u0159\u00edzen\u00e9ho p\u0159\u00edstupu a<\/strong> <strong>vysoce viditeln\u00e9 zna\u010den\u00ed.<\/strong> Materi\u00e1ly pou\u017eit\u00e9 p\u0159i jejich v\u00fdrob\u011b mohou b\u00fdt tak\u00e9 opat\u0159eny <strong>antikorozn\u00edm povlakem pro<\/strong> prodlou\u017een\u00ed \u017eivotnosti a spolehlivosti. Pokud si st\u00e1le nejste jisti, jak mohou bezpe\u010dnostn\u00ed stojany na p\u0159\u00edv\u011bsy zv\u00fd\u0161it efektivitu a bezpe\u010dnost ve va\u0161em skladu, pod\u00edvejte se na video v\u00fd\u0161e.<\/p>\n\n\n\n<p>Sami v\u00fdrobci p\u0159\u00edv\u011bs\u016f <strong>doporu\u010duj\u00ed pou\u017e\u00edv\u00e1n\u00ed bezpe\u010dnostn\u00edch stojan\u016f jako<\/strong> sou\u010d\u00e1st standardn\u00ed provozn\u00ed praxe.<\/p>\n\n\n\n<p>Zjist\u011bte v\u00edce o jejich fungov\u00e1n\u00ed: <strong><a href=\"https:\/\/antersystem.com\/wiedza-i-nowosci\/podpora-pod-naczepe-tira\/\">Podpora bezpe\u010dnosti p\u0159\u00edv\u011bs\u016f v logistice<\/a><\/strong><\/p>\n<\/div>\n\n\n\n<div class=\"wp-block-column is-layout-flow wp-block-column-is-layout-flow\" style=\"flex-basis:10px\"><\/div>\n<\/div>\n","protected":false},"excerpt":{"rendered":"<p>Jak zv\u00fd\u0161it bezpe\u010dnost v nakl\u00e1dac\u00edch doc\u00edch? Bezpe\u010dnost p\u0159\u00edv\u011bs\u016f je kl\u00ed\u010dem ke stabilit\u011b v logistice V glob\u00e1ln\u00ed logistice hraje ka\u017ed\u00e1 \u010d\u00e1st dodavatelsk\u00e9ho \u0159et\u011bzce z\u00e1sadn\u00ed roli p\u0159i zaji\u0161\u0165ov\u00e1n\u00ed efektivity a bezpe\u010dnosti. \u010casto opom\u00edjen\u00fdm, ale z\u00e1sadn\u00edm prvkem je bezpe\u010dnostn\u00ed stojan p\u0159\u00edv\u011bsu . Tato jednoduch\u00e1, ale nepostradateln\u00e1 sou\u010d\u00e1st je nezbytn\u00e1 pro udr\u017een\u00ed stability a bezpe\u010dnosti p\u0159i provozu v nakl\u00e1dac\u00edch [&hellip;]<\/p>\n","protected":false},"author":1,"featured_media":0,"parent":30524,"menu_order":0,"comment_status":"closed","ping_status":"closed","template":"","meta":{"inline_featured_image":false,"ngg_post_thumbnail":0,"footnotes":""},"class_list":["post-15396","page","type-page","status-publish","hentry"],"acf":[],"yoast_head":"<!-- This site is optimized with the Yoast SEO plugin v27.0 - https:\/\/yoast.com\/product\/yoast-seo-wordpress\/ -->\n<title>Podp\u011bry p\u0159\u00edv\u011bsu - Anter System<\/title>\n<meta name=\"description\" content=\"Bezpe\u010dnostn\u00ed podp\u011bry pro p\u0159\u00edv\u011bsy hraj\u00ed kl\u00ed\u010dovou roli p\u0159i zaji\u0161\u0165ov\u00e1n\u00ed efektivn\u00edho a bezpe\u010dn\u00e9ho provozu v nakl\u00e1dac\u00edch doc\u00edch.\" \/>\n<meta name=\"robots\" content=\"index, follow, max-snippet:-1, max-image-preview:large, max-video-preview:-1\" \/>\n<link rel=\"canonical\" href=\"https:\/\/antersystem.com\/cs\/novinky\/trailer-supports\/\" \/>\n<meta property=\"og:locale\" content=\"cs_CZ\" \/>\n<meta property=\"og:type\" content=\"article\" \/>\n<meta property=\"og:title\" content=\"Podp\u011bry p\u0159\u00edv\u011bsu - Anter System\" \/>\n<meta property=\"og:description\" content=\"Bezpe\u010dnostn\u00ed podp\u011bry pro p\u0159\u00edv\u011bsy hraj\u00ed kl\u00ed\u010dovou roli p\u0159i zaji\u0161\u0165ov\u00e1n\u00ed efektivn\u00edho a bezpe\u010dn\u00e9ho provozu v nakl\u00e1dac\u00edch doc\u00edch.\" \/>\n<meta property=\"og:url\" content=\"https:\/\/antersystem.com\/cs\/novinky\/trailer-supports\/\" \/>\n<meta property=\"og:site_name\" content=\"Anter System\" \/>\n<meta property=\"article:modified_time\" content=\"2026-01-30T13:30:54+00:00\" \/>\n<meta name=\"twitter:card\" content=\"summary_large_image\" \/>\n<meta name=\"twitter:label1\" content=\"Odhadovan\u00e1 doba \u010dten\u00ed\" \/>\n\t<meta name=\"twitter:data1\" content=\"3 minuty\" \/>\n<script type=\"application\/ld+json\" class=\"yoast-schema-graph\">{\"@context\":\"https:\/\/schema.org\",\"@graph\":[{\"@type\":\"WebPage\",\"@id\":\"https:\/\/antersystem.com\/cs\/novinky\/trailer-supports\/\",\"url\":\"https:\/\/antersystem.com\/cs\/novinky\/trailer-supports\/\",\"name\":\"Podp\u011bry p\u0159\u00edv\u011bsu - Anter System\",\"isPartOf\":{\"@id\":\"https:\/\/antersystem.com\/cs\/#website\"},\"datePublished\":\"2024-04-11T11:02:00+00:00\",\"dateModified\":\"2026-01-30T13:30:54+00:00\",\"description\":\"Bezpe\u010dnostn\u00ed podp\u011bry pro p\u0159\u00edv\u011bsy hraj\u00ed kl\u00ed\u010dovou roli p\u0159i zaji\u0161\u0165ov\u00e1n\u00ed efektivn\u00edho a bezpe\u010dn\u00e9ho provozu v nakl\u00e1dac\u00edch doc\u00edch.\",\"breadcrumb\":{\"@id\":\"https:\/\/antersystem.com\/cs\/novinky\/trailer-supports\/#breadcrumb\"},\"inLanguage\":\"cs\",\"potentialAction\":[{\"@type\":\"ReadAction\",\"target\":[\"https:\/\/antersystem.com\/cs\/novinky\/trailer-supports\/\"]}]},{\"@type\":\"BreadcrumbList\",\"@id\":\"https:\/\/antersystem.com\/cs\/novinky\/trailer-supports\/#breadcrumb\",\"itemListElement\":[{\"@type\":\"ListItem\",\"position\":1,\"name\":\"AnterSystem\",\"item\":\"https:\/\/antersystem.com\/cs\/\"},{\"@type\":\"ListItem\",\"position\":2,\"name\":\"Zpr\u00e1vy\",\"item\":\"https:\/\/antersystem.com\/cs\/novinky\/\"},{\"@type\":\"ListItem\",\"position\":3,\"name\":\"Podp\u011bry p\u0159\u00edv\u011bsu\"}]},{\"@type\":\"WebSite\",\"@id\":\"https:\/\/antersystem.com\/cs\/#website\",\"url\":\"https:\/\/antersystem.com\/cs\/\",\"name\":\"Anter System\",\"description\":\"Jeste\u015bmy polskim producentem elastycznych barier ochronnych wykonywanych z polimerowych tworzyw sztucznych. Na rynku krajowym i zagranicznym dzia\u0142amy od ponad 15 lat dbaj\u0105c o zapewnienie bezpiecze\u0144stwa w zak\u0142adach produkcyjnych, magazynach oraz centrach logistycznych.\",\"potentialAction\":[{\"@type\":\"SearchAction\",\"target\":{\"@type\":\"EntryPoint\",\"urlTemplate\":\"https:\/\/antersystem.com\/cs\/?s={search_term_string}\"},\"query-input\":{\"@type\":\"PropertyValueSpecification\",\"valueRequired\":true,\"valueName\":\"search_term_string\"}}],\"inLanguage\":\"cs\"}]}<\/script>\n<!-- \/ Yoast SEO plugin. -->","yoast_head_json":{"title":"Podp\u011bry p\u0159\u00edv\u011bsu - Anter System","description":"Bezpe\u010dnostn\u00ed podp\u011bry pro p\u0159\u00edv\u011bsy hraj\u00ed kl\u00ed\u010dovou roli p\u0159i zaji\u0161\u0165ov\u00e1n\u00ed efektivn\u00edho a bezpe\u010dn\u00e9ho provozu v nakl\u00e1dac\u00edch doc\u00edch.","robots":{"index":"index","follow":"follow","max-snippet":"max-snippet:-1","max-image-preview":"max-image-preview:large","max-video-preview":"max-video-preview:-1"},"canonical":"https:\/\/antersystem.com\/cs\/novinky\/trailer-supports\/","og_locale":"cs_CZ","og_type":"article","og_title":"Podp\u011bry p\u0159\u00edv\u011bsu - Anter System","og_description":"Bezpe\u010dnostn\u00ed podp\u011bry pro p\u0159\u00edv\u011bsy hraj\u00ed kl\u00ed\u010dovou roli p\u0159i zaji\u0161\u0165ov\u00e1n\u00ed efektivn\u00edho a bezpe\u010dn\u00e9ho provozu v nakl\u00e1dac\u00edch doc\u00edch.","og_url":"https:\/\/antersystem.com\/cs\/novinky\/trailer-supports\/","og_site_name":"Anter System","article_modified_time":"2026-01-30T13:30:54+00:00","twitter_card":"summary_large_image","twitter_misc":{"Odhadovan\u00e1 doba \u010dten\u00ed":"3 minuty"},"schema":{"@context":"https:\/\/schema.org","@graph":[{"@type":"WebPage","@id":"https:\/\/antersystem.com\/cs\/novinky\/trailer-supports\/","url":"https:\/\/antersystem.com\/cs\/novinky\/trailer-supports\/","name":"Podp\u011bry p\u0159\u00edv\u011bsu - Anter System","isPartOf":{"@id":"https:\/\/antersystem.com\/cs\/#website"},"datePublished":"2024-04-11T11:02:00+00:00","dateModified":"2026-01-30T13:30:54+00:00","description":"Bezpe\u010dnostn\u00ed podp\u011bry pro p\u0159\u00edv\u011bsy hraj\u00ed kl\u00ed\u010dovou roli p\u0159i zaji\u0161\u0165ov\u00e1n\u00ed efektivn\u00edho a bezpe\u010dn\u00e9ho provozu v nakl\u00e1dac\u00edch doc\u00edch.","breadcrumb":{"@id":"https:\/\/antersystem.com\/cs\/novinky\/trailer-supports\/#breadcrumb"},"inLanguage":"cs","potentialAction":[{"@type":"ReadAction","target":["https:\/\/antersystem.com\/cs\/novinky\/trailer-supports\/"]}]},{"@type":"BreadcrumbList","@id":"https:\/\/antersystem.com\/cs\/novinky\/trailer-supports\/#breadcrumb","itemListElement":[{"@type":"ListItem","position":1,"name":"AnterSystem","item":"https:\/\/antersystem.com\/cs\/"},{"@type":"ListItem","position":2,"name":"Zpr\u00e1vy","item":"https:\/\/antersystem.com\/cs\/novinky\/"},{"@type":"ListItem","position":3,"name":"Podp\u011bry p\u0159\u00edv\u011bsu"}]},{"@type":"WebSite","@id":"https:\/\/antersystem.com\/cs\/#website","url":"https:\/\/antersystem.com\/cs\/","name":"Anter System","description":"Jeste\u015bmy polskim producentem elastycznych barier ochronnych wykonywanych z polimerowych tworzyw sztucznych. Na rynku krajowym i zagranicznym dzia\u0142amy od ponad 15 lat dbaj\u0105c o zapewnienie bezpiecze\u0144stwa w zak\u0142adach produkcyjnych, magazynach oraz centrach logistycznych.","potentialAction":[{"@type":"SearchAction","target":{"@type":"EntryPoint","urlTemplate":"https:\/\/antersystem.com\/cs\/?s={search_term_string}"},"query-input":{"@type":"PropertyValueSpecification","valueRequired":true,"valueName":"search_term_string"}}],"inLanguage":"cs"}]}},"_links":{"self":[{"href":"https:\/\/antersystem.com\/cs\/wp-json\/wp\/v2\/pages\/15396","targetHints":{"allow":["GET"]}}],"collection":[{"href":"https:\/\/antersystem.com\/cs\/wp-json\/wp\/v2\/pages"}],"about":[{"href":"https:\/\/antersystem.com\/cs\/wp-json\/wp\/v2\/types\/page"}],"author":[{"embeddable":true,"href":"https:\/\/antersystem.com\/cs\/wp-json\/wp\/v2\/users\/1"}],"replies":[{"embeddable":true,"href":"https:\/\/antersystem.com\/cs\/wp-json\/wp\/v2\/comments?post=15396"}],"version-history":[{"count":1,"href":"https:\/\/antersystem.com\/cs\/wp-json\/wp\/v2\/pages\/15396\/revisions"}],"predecessor-version":[{"id":15398,"href":"https:\/\/antersystem.com\/cs\/wp-json\/wp\/v2\/pages\/15396\/revisions\/15398"}],"up":[{"embeddable":true,"href":"https:\/\/antersystem.com\/cs\/wp-json\/wp\/v2\/pages\/30524"}],"wp:attachment":[{"href":"https:\/\/antersystem.com\/cs\/wp-json\/wp\/v2\/media?parent=15396"}],"curies":[{"name":"wp","href":"https:\/\/api.w.org\/{rel}","templated":true}]}}