{"id":15431,"date":"2024-11-08T10:12:51","date_gmt":"2024-11-08T09:12:51","guid":{"rendered":"https:\/\/new.antersystem.com\/warsaw-industry-week-2024-2\/"},"modified":"2026-01-31T22:28:56","modified_gmt":"2026-01-31T21:28:56","slug":"warsaw-industry-week-2024-2","status":"publish","type":"page","link":"https:\/\/antersystem.com\/cs\/novinky\/warsaw-industry-week-2024-2\/","title":{"rendered":"Warsaw Industry Week 2024"},"content":{"rendered":"\n<div class=\"wp-block-columns is-layout-flex wp-container-core-columns-is-layout-9d6595d7 wp-block-columns-is-layout-flex\">\n<div class=\"wp-block-column is-layout-flow wp-block-column-is-layout-flow\">\n<h2 class=\"wp-block-heading\">Zpr\u00e1va z Warsaw Industry Week 5-7.11.2024<\/h2>\n\n\n\n<div class=\"wp-block-columns is-layout-flex wp-container-core-columns-is-layout-9d6595d7 wp-block-columns-is-layout-flex\">\n<div class=\"wp-block-column is-layout-flow wp-block-column-is-layout-flow\" style=\"flex-basis:10%\"><\/div>\n\n\n\n<div class=\"wp-block-column is-layout-flow wp-block-column-is-layout-flow\" style=\"flex-basis:10%\"><\/div>\n<\/div>\n\n\n\n<div class=\"wp-block-columns is-layout-flex wp-container-core-columns-is-layout-9d6595d7 wp-block-columns-is-layout-flex\">\n<div class=\"wp-block-column is-layout-flow wp-block-column-is-layout-flow\" style=\"flex-basis:10%\"><\/div>\n\n\n\n<div class=\"wp-block-column is-layout-flow wp-block-column-is-layout-flow\">\n<p><strong>Warsaw Industry Week<\/strong> 2024 <strong>byl<\/strong> osm\u00fdm a dal\u0161\u00edm velmi \u00fasp\u011b\u0161n\u00fdm ro\u010dn\u00edkem jedn\u00e9 z nejv\u00fdznamn\u011bj\u0161\u00edch pr\u016fmyslov\u00fdch akc\u00ed ve st\u0159edn\u00ed a v\u00fdchodn\u00ed Evrop\u011b. <strong>Spole\u010dnost Anter System m\u011bla jako vystavovatel tu \u010dest<\/strong> \u00fa\u010dastnit se tohoto presti\u017en\u00edho veletrhu <strong>,<\/strong> na kter\u00e9m se se\u0161lo v\u00edce ne\u017e 370 vystavovatel\u016f a tis\u00edce odborn\u00edk\u016f z cel\u00e9ho pr\u016fmyslu. Akce poskytla vynikaj\u00edc\u00ed platformu pro prezentaci na\u0161ich inovativn\u00edch pr\u016fmyslov\u00fdch a intralogistick\u00fdch \u0159e\u0161en\u00ed, v\u010detn\u011b pokro\u010dil\u00fdch syst\u00e9m\u016f podporuj\u00edc\u00edch bezpe\u010dnost pr\u00e1ce a efektivitu proces\u016f. Dal\u0161\u00edm vrcholem veletrhu byla mo\u017enost z\u00fa\u010dastnit se doprovodn\u00fdch akc\u00ed, jako je Mezin\u00e1rodn\u00ed pr\u016fmyslov\u00e1 konference.<\/p>\n\n\n\n<p>N\u00e1\u0161 st\u00e1nek vzbudil zna\u010dn\u00fd z\u00e1jem, zejm\u00e9na d\u00edky prezentaci v\u00fdrobk\u016f, jako jsou <a href=\"https:\/\/antersystem.com\/kategorie-produktow\/bramki-bezpieczenstwa\/\">automatick\u00e9 bezpe\u010dnostn\u00ed br\u00e1ny a<\/a> <a href=\"https:\/\/antersystem.com\/kategorie-produktow\/odbojnice-regalowe\/\">GATE PROTECTORy sloup\u016f a reg\u00e1l\u016f.<\/a> Tato \u0159e\u0161en\u00ed, ur\u010den\u00e1 ke zv\u00fd\u0161en\u00ed bezpe\u010dnosti a organizace pr\u00e1ce ve v\u00fdrobn\u00edch provozech, dokonale odpov\u00eddaj\u00ed dominantn\u00edm trend\u016fm automatizace a optimalizace pracovn\u00edho prostoru, kter\u00e9 byly na leto\u0161n\u00edm veletrhu p\u0159edstaveny.<\/p>\n\n\n\n<p>\u00da\u010dast na <strong>Warsaw Industry Week<\/strong> n\u00e1m <strong>umo\u017enila<\/strong> nejen sd\u00edlet na\u0161e odborn\u00e9 znalosti, ale tak\u00e9 nav\u00e1zat cenn\u00e9 obchodn\u00ed vztahy a vym\u011bnit si znalosti s odborn\u00edky z oboru. To je silnou inspirac\u00ed pro dal\u0161\u00ed v\u00fdvoj na\u0161ich produkt\u016f v souladu s vyv\u00edjej\u00edc\u00edmi se o\u010dek\u00e1v\u00e1n\u00edmi trhu a transformac\u00ed odv\u011btv\u00ed. Jsme hrd\u00ed na to, \u017ee na\u0161e inovace i nad\u00e1le reaguj\u00ed na dynamick\u00e9 pot\u0159eby trhu a p\u0159isp\u00edvaj\u00ed ke zv\u00fd\u0161en\u00ed efektivity a bezpe\u010dnosti v cel\u00e9m pr\u016fmyslov\u00e9m odv\u011btv\u00ed.<\/p>\n\n\n\n<p>R\u00e1di bychom pod\u011bkovali v\u0161em, kte\u0159\u00ed <strong>nav\u0161t\u00edvili n\u00e1\u0161 st\u00e1nek &#8211;<\/strong> uvid\u00edme se na p\u0159\u00ed\u0161t\u00edm ro\u010dn\u00edku!<\/p>\n\n\n\n<div class=\"wp-block-columns is-layout-flex wp-container-core-columns-is-layout-9d6595d7 wp-block-columns-is-layout-flex\">\n<div class=\"wp-block-column is-layout-flow wp-block-column-is-layout-flow\"><\/div>\n\n\n\n<div class=\"wp-block-column is-layout-flow wp-block-column-is-layout-flow\"><\/div>\n\n\n\n<div class=\"wp-block-column is-layout-flow wp-block-column-is-layout-flow\"><\/div>\n<\/div>\n<\/div>\n\n\n\n<div class=\"wp-block-column is-layout-flow wp-block-column-is-layout-flow\" style=\"flex-basis:10%\"><\/div>\n<\/div>\n\n\n\nngg_shortcode_0_placeholder\n<\/div>\n<\/div>\n\n<p><\/p>\n","protected":false},"excerpt":{"rendered":"<p>Zpr\u00e1va z Warsaw Industry Week 5-7.11.2024 Warsaw Industry Week 2024 byl osm\u00fdm a dal\u0161\u00edm velmi \u00fasp\u011b\u0161n\u00fdm ro\u010dn\u00edkem jedn\u00e9 z nejv\u00fdznamn\u011bj\u0161\u00edch pr\u016fmyslov\u00fdch akc\u00ed ve st\u0159edn\u00ed a v\u00fdchodn\u00ed Evrop\u011b. Spole\u010dnost Anter System m\u011bla jako vystavovatel tu \u010dest \u00fa\u010dastnit se tohoto presti\u017en\u00edho veletrhu , na kter\u00e9m se se\u0161lo v\u00edce ne\u017e 370 vystavovatel\u016f a tis\u00edce odborn\u00edk\u016f z cel\u00e9ho pr\u016fmyslu. [&hellip;]<\/p>\n","protected":false},"author":1,"featured_media":0,"parent":30524,"menu_order":0,"comment_status":"closed","ping_status":"closed","template":"","meta":{"inline_featured_image":false,"ngg_post_thumbnail":0,"footnotes":""},"class_list":["post-15431","page","type-page","status-publish","hentry"],"acf":[],"yoast_head":"<!-- This site is optimized with the Yoast SEO plugin v27.0 - https:\/\/yoast.com\/product\/yoast-seo-wordpress\/ -->\n<title>Warsaw Industry Week 2024 - Anter System<\/title>\n<meta name=\"description\" content=\"W dniach 5-7listopada odby\u0142a si\u0119 \u00f3sma edycja targ\u00f3w Warsaw Industry Week, podczas kt\u00f3rej nie mog\u0142o zabrakn\u0105\u0107 stoiska Anter System\" \/>\n<meta name=\"robots\" content=\"index, follow, max-snippet:-1, max-image-preview:large, max-video-preview:-1\" \/>\n<link rel=\"canonical\" href=\"https:\/\/antersystem.com\/cs\/novinky\/warsaw-industry-week-2024-2\/\" \/>\n<meta property=\"og:locale\" content=\"cs_CZ\" \/>\n<meta property=\"og:type\" content=\"article\" \/>\n<meta property=\"og:title\" content=\"Warsaw Industry Week 2024 - Anter System\" \/>\n<meta property=\"og:description\" content=\"W dniach 5-7listopada odby\u0142a si\u0119 \u00f3sma edycja targ\u00f3w Warsaw Industry Week, podczas kt\u00f3rej nie mog\u0142o zabrakn\u0105\u0107 stoiska Anter System\" \/>\n<meta property=\"og:url\" content=\"https:\/\/antersystem.com\/cs\/novinky\/warsaw-industry-week-2024-2\/\" \/>\n<meta property=\"og:site_name\" content=\"Anter System\" \/>\n<meta property=\"article:modified_time\" content=\"2026-01-31T21:28:56+00:00\" \/>\n<meta name=\"twitter:card\" content=\"summary_large_image\" \/>\n<meta name=\"twitter:label1\" content=\"Odhadovan\u00e1 doba \u010dten\u00ed\" \/>\n\t<meta name=\"twitter:data1\" content=\"2 minuty\" \/>\n<script type=\"application\/ld+json\" class=\"yoast-schema-graph\">{\"@context\":\"https:\/\/schema.org\",\"@graph\":[{\"@type\":\"WebPage\",\"@id\":\"https:\/\/antersystem.com\/cs\/novinky\/warsaw-industry-week-2024-2\/\",\"url\":\"https:\/\/antersystem.com\/cs\/novinky\/warsaw-industry-week-2024-2\/\",\"name\":\"Warsaw Industry Week 2024 - Anter System\",\"isPartOf\":{\"@id\":\"https:\/\/antersystem.com\/cs\/#website\"},\"datePublished\":\"2024-11-08T09:12:51+00:00\",\"dateModified\":\"2026-01-31T21:28:56+00:00\",\"description\":\"W dniach 5-7listopada odby\u0142a si\u0119 \u00f3sma edycja targ\u00f3w Warsaw Industry Week, podczas kt\u00f3rej nie mog\u0142o zabrakn\u0105\u0107 stoiska Anter System\",\"breadcrumb\":{\"@id\":\"https:\/\/antersystem.com\/cs\/novinky\/warsaw-industry-week-2024-2\/#breadcrumb\"},\"inLanguage\":\"cs\",\"potentialAction\":[{\"@type\":\"ReadAction\",\"target\":[\"https:\/\/antersystem.com\/cs\/novinky\/warsaw-industry-week-2024-2\/\"]}]},{\"@type\":\"BreadcrumbList\",\"@id\":\"https:\/\/antersystem.com\/cs\/novinky\/warsaw-industry-week-2024-2\/#breadcrumb\",\"itemListElement\":[{\"@type\":\"ListItem\",\"position\":1,\"name\":\"AnterSystem\",\"item\":\"https:\/\/antersystem.com\/cs\/\"},{\"@type\":\"ListItem\",\"position\":2,\"name\":\"Zpr\u00e1vy\",\"item\":\"https:\/\/antersystem.com\/cs\/novinky\/\"},{\"@type\":\"ListItem\",\"position\":3,\"name\":\"Warsaw Industry Week 2024\"}]},{\"@type\":\"WebSite\",\"@id\":\"https:\/\/antersystem.com\/cs\/#website\",\"url\":\"https:\/\/antersystem.com\/cs\/\",\"name\":\"Anter System\",\"description\":\"Jeste\u015bmy polskim producentem elastycznych barier ochronnych wykonywanych z polimerowych tworzyw sztucznych. Na rynku krajowym i zagranicznym dzia\u0142amy od ponad 15 lat dbaj\u0105c o zapewnienie bezpiecze\u0144stwa w zak\u0142adach produkcyjnych, magazynach oraz centrach logistycznych.\",\"potentialAction\":[{\"@type\":\"SearchAction\",\"target\":{\"@type\":\"EntryPoint\",\"urlTemplate\":\"https:\/\/antersystem.com\/cs\/?s={search_term_string}\"},\"query-input\":{\"@type\":\"PropertyValueSpecification\",\"valueRequired\":true,\"valueName\":\"search_term_string\"}}],\"inLanguage\":\"cs\"}]}<\/script>\n<!-- \/ Yoast SEO plugin. -->","yoast_head_json":{"title":"Warsaw Industry Week 2024 - Anter System","description":"W dniach 5-7listopada odby\u0142a si\u0119 \u00f3sma edycja targ\u00f3w Warsaw Industry Week, podczas kt\u00f3rej nie mog\u0142o zabrakn\u0105\u0107 stoiska Anter System","robots":{"index":"index","follow":"follow","max-snippet":"max-snippet:-1","max-image-preview":"max-image-preview:large","max-video-preview":"max-video-preview:-1"},"canonical":"https:\/\/antersystem.com\/cs\/novinky\/warsaw-industry-week-2024-2\/","og_locale":"cs_CZ","og_type":"article","og_title":"Warsaw Industry Week 2024 - Anter System","og_description":"W dniach 5-7listopada odby\u0142a si\u0119 \u00f3sma edycja targ\u00f3w Warsaw Industry Week, podczas kt\u00f3rej nie mog\u0142o zabrakn\u0105\u0107 stoiska Anter System","og_url":"https:\/\/antersystem.com\/cs\/novinky\/warsaw-industry-week-2024-2\/","og_site_name":"Anter System","article_modified_time":"2026-01-31T21:28:56+00:00","twitter_card":"summary_large_image","twitter_misc":{"Odhadovan\u00e1 doba \u010dten\u00ed":"2 minuty"},"schema":{"@context":"https:\/\/schema.org","@graph":[{"@type":"WebPage","@id":"https:\/\/antersystem.com\/cs\/novinky\/warsaw-industry-week-2024-2\/","url":"https:\/\/antersystem.com\/cs\/novinky\/warsaw-industry-week-2024-2\/","name":"Warsaw Industry Week 2024 - Anter System","isPartOf":{"@id":"https:\/\/antersystem.com\/cs\/#website"},"datePublished":"2024-11-08T09:12:51+00:00","dateModified":"2026-01-31T21:28:56+00:00","description":"W dniach 5-7listopada odby\u0142a si\u0119 \u00f3sma edycja targ\u00f3w Warsaw Industry Week, podczas kt\u00f3rej nie mog\u0142o zabrakn\u0105\u0107 stoiska Anter System","breadcrumb":{"@id":"https:\/\/antersystem.com\/cs\/novinky\/warsaw-industry-week-2024-2\/#breadcrumb"},"inLanguage":"cs","potentialAction":[{"@type":"ReadAction","target":["https:\/\/antersystem.com\/cs\/novinky\/warsaw-industry-week-2024-2\/"]}]},{"@type":"BreadcrumbList","@id":"https:\/\/antersystem.com\/cs\/novinky\/warsaw-industry-week-2024-2\/#breadcrumb","itemListElement":[{"@type":"ListItem","position":1,"name":"AnterSystem","item":"https:\/\/antersystem.com\/cs\/"},{"@type":"ListItem","position":2,"name":"Zpr\u00e1vy","item":"https:\/\/antersystem.com\/cs\/novinky\/"},{"@type":"ListItem","position":3,"name":"Warsaw Industry Week 2024"}]},{"@type":"WebSite","@id":"https:\/\/antersystem.com\/cs\/#website","url":"https:\/\/antersystem.com\/cs\/","name":"Anter System","description":"Jeste\u015bmy polskim producentem elastycznych barier ochronnych wykonywanych z polimerowych tworzyw sztucznych. Na rynku krajowym i zagranicznym dzia\u0142amy od ponad 15 lat dbaj\u0105c o zapewnienie bezpiecze\u0144stwa w zak\u0142adach produkcyjnych, magazynach oraz centrach logistycznych.","potentialAction":[{"@type":"SearchAction","target":{"@type":"EntryPoint","urlTemplate":"https:\/\/antersystem.com\/cs\/?s={search_term_string}"},"query-input":{"@type":"PropertyValueSpecification","valueRequired":true,"valueName":"search_term_string"}}],"inLanguage":"cs"}]}},"_links":{"self":[{"href":"https:\/\/antersystem.com\/cs\/wp-json\/wp\/v2\/pages\/15431","targetHints":{"allow":["GET"]}}],"collection":[{"href":"https:\/\/antersystem.com\/cs\/wp-json\/wp\/v2\/pages"}],"about":[{"href":"https:\/\/antersystem.com\/cs\/wp-json\/wp\/v2\/types\/page"}],"author":[{"embeddable":true,"href":"https:\/\/antersystem.com\/cs\/wp-json\/wp\/v2\/users\/1"}],"replies":[{"embeddable":true,"href":"https:\/\/antersystem.com\/cs\/wp-json\/wp\/v2\/comments?post=15431"}],"version-history":[{"count":1,"href":"https:\/\/antersystem.com\/cs\/wp-json\/wp\/v2\/pages\/15431\/revisions"}],"predecessor-version":[{"id":15432,"href":"https:\/\/antersystem.com\/cs\/wp-json\/wp\/v2\/pages\/15431\/revisions\/15432"}],"up":[{"embeddable":true,"href":"https:\/\/antersystem.com\/cs\/wp-json\/wp\/v2\/pages\/30524"}],"wp:attachment":[{"href":"https:\/\/antersystem.com\/cs\/wp-json\/wp\/v2\/media?parent=15431"}],"curies":[{"name":"wp","href":"https:\/\/api.w.org\/{rel}","templated":true}]}}