{"id":15469,"date":"2023-11-16T15:30:28","date_gmt":"2023-11-16T14:30:28","guid":{"rendered":"https:\/\/new.antersystem.com\/congress-modern-warehouse\/"},"modified":"2026-01-30T14:30:54","modified_gmt":"2026-01-30T13:30:54","slug":"congress-modern-warehouse","status":"publish","type":"page","link":"https:\/\/antersystem.com\/cs\/novinky\/congress-modern-warehouse\/","title":{"rendered":"Kongresov\u00fd modern\u00ed sklad"},"content":{"rendered":"\n<div class=\"wp-block-columns is-layout-flex wp-container-core-columns-is-layout-9d6595d7 wp-block-columns-is-layout-flex\">\n  \n  <div class=\"wp-block-column is-layout-flow wp-block-column-is-layout-flow\" style=\"flex-basis:10%\"><\/div>\n  \n\n  \n  <div class=\"wp-block-column is-layout-flow wp-block-column-is-layout-flow\">\n    \n    <h3 class=\"wp-block-heading\"><strong>Kongres modern\u00edch sklad\u016f<\/strong><\/h3>\n    \n\n    \n    <p><strong>Kongres Modern\u00ed sklad se<\/strong> stal zavedenou ud\u00e1lost\u00ed v oborov\u00e9m kalend\u00e1\u0159i, kterou po\u0159\u00e1d\u00e1 <strong>\u010dasopis Nowoczesny Magazyn<\/strong>. Letos tomu nebude jinak. T\u011b\u0161\u00edme se, \u017ee se <strong>20. listopadu ve Var\u0161av\u011b<\/strong> op\u011bt setk\u00e1me s odborn\u00edky na logistiku a skladov\u00e1n\u00ed <strong>.<\/strong> Na leto\u0161n\u00edm ro\u010dn\u00edku <strong>nebude chyb\u011bt ani<\/strong> spole\u010dnost Anter <strong>System<\/strong>! Jako vystavovatel jsme p\u0159ipravili st\u00e1nek, kde si \u00fa\u010dastn\u00edci mohou zbl\u00edzka prohl\u00e9dnout na\u0161e <a href=\"https:\/\/antersystem.com\/kategorie_produktow\/bariery-bezpieczenstwa-dla-pieszych\/\">flexibiln\u00ed bezpe\u010dnostn\u00ed z\u00e1brany a<\/a> <a href=\"https:\/\/antersystem.com\/realizacje\/\">prodiskutovat n\u00e1pady na zlep\u0161en\u00ed bezpe\u010dnosti a organizace skladu.<\/a> Pokud st\u00e1le hled\u00e1te odpov\u011bdi na ot\u00e1zky, jak optimalizovat logistick\u00e9 n\u00e1klady a efektivn\u011b spravovat skladov\u00e9 prostory &#8211; zveme v\u00e1s na setk\u00e1n\u00ed s n\u00e1mi.<\/p>\n    \n\n    \n    <h4 class=\"wp-block-heading\">Jak uv\u00e1d\u011bj\u00ed organiz\u00e1to\u0159i, leto\u0161n\u00ed ro\u010dn\u00edk na t\u00e9ma &#8222;Efektivita n\u00e1klad\u016f a technologick\u00e9 inovace&#8220; si klade za c\u00edl: <em>&#8222;nejen diskutovat o sou\u010dasn\u00fdch trendech a v\u00fdzv\u00e1ch, ale tak\u00e9 inspirovat \u00fa\u010dastn\u00edky k hled\u00e1n\u00ed inovativn\u00edch \u0159e\u0161en\u00ed a utv\u00e1\u0159en\u00ed budoucnosti logistiky a skladov\u00e1n\u00ed.&#8220;<\/em><\/h4>\n    \n\n    \n    <p>Novinkou leto\u0161n\u00edho ro\u010dn\u00edku kongresu Modern Warehouse Congress bude <strong>mastermind session &#8211;<\/strong> diskusn\u00ed panely ur\u010den\u00e9 k v\u00fdm\u011bn\u011b zku\u0161enost\u00ed a spole\u010dn\u00e9mu \u0159e\u0161en\u00ed probl\u00e9m\u016f v oboru s odborn\u00edky. Bude zde tak\u00e9 prostor pro sd\u00edlen\u00ed obchodn\u00edch poznatk\u016f a navazov\u00e1n\u00ed kontakt\u016f.<\/p>\n    \n\n    \n    <p>Mezi pl\u00e1novan\u00e1 t\u00e9mata mastermindov\u00fdch setk\u00e1n\u00ed pat\u0159\u00ed:<\/p>\n    \n\n    \n    <ul class=\"wp-block-list\"><li>automatizace skladu,<\/li>\n      <li>investice do skladov\u00fdch za\u0159\u00edzen\u00ed,<\/li>\n      <li>skladov\u00e1n\u00ed &#8211; t\u00e9mata na vy\u017e\u00e1d\u00e1n\u00ed navr\u017een\u00e1 \u00fa\u010dastn\u00edky,<\/li>\n      <li>skladov\u00e9 IT syst\u00e9my,<\/li>\n      <li>ozna\u010dov\u00e1n\u00ed a sledov\u00e1n\u00ed zbo\u017e\u00ed,<\/li>\n      <li>skladov\u00e9 technologie a intern\u00ed doprava,<\/li>\n      <li>\u0159\u00edzen\u00ed pracovn\u00edch sil ve skladu,<\/li>\n      <li><em>Free your mind session<\/em> &#8211; otev\u0159en\u00fd diskusn\u00ed st\u016fl pro \u00fa\u010dastn\u00edky, kte\u0159\u00ed si cht\u011bj\u00ed vym\u011b\u0148ovat my\u0161lenky, sd\u00edlet zku\u0161enosti a z\u00edskat zp\u011btnou vazbu.<\/li>\n    <\/ul>\n\n    \n    <p><strong>M\u00edsto kon\u00e1n\u00ed:<\/strong><br\/>Novotel Warszawa Airport<br\/>1 Sierpnia 1, 02-134 Var\u0161ava<\/p>\n    \n\n    <div class=\"wp-block-image\">\n    <figure class=\"aligncenter size-large is-resized\"><img loading=\"lazy\" decoding=\"async\" width=\"1024\" height=\"683\" src=\"https:\/\/antersystem.com\/wp-content\/uploads\/Modern-Warehouse-Anter-System-2023-1024x683.png\" alt=\"Kongres modern&#xED;ch sklad&#x16F; 2024 - Anter System\" class=\"wp-image-3567\" style=\"width:620px;height:auto\" srcset=\"https:\/\/antersystem.com\/wp-content\/uploads\/Modern-Warehouse-Anter-System-2023-1024x683.png 1024w, https:\/\/antersystem.com\/wp-content\/uploads\/Modern-Warehouse-Anter-System-2023-300x200.png 300w, https:\/\/antersystem.com\/wp-content\/uploads\/Modern-Warehouse-Anter-System-2023-768x512.png 768w, https:\/\/antersystem.com\/wp-content\/uploads\/Modern-Warehouse-Anter-System-2023-1536x1024.png 1536w, https:\/\/antersystem.com\/wp-content\/uploads\/Modern-Warehouse-Anter-System-2023-450x300.png 450w, https:\/\/antersystem.com\/wp-content\/uploads\/Modern-Warehouse-Anter-System-2023-330x220.png 330w, https:\/\/antersystem.com\/wp-content\/uploads\/Modern-Warehouse-Anter-System-2023.png 1800w\" sizes=\"auto, (max-width: 1024px) 100vw, 1024px\" \/><\/figure><\/div>\n  <\/div>\n  \n\n  \n  <div class=\"wp-block-column is-layout-flow wp-block-column-is-layout-flow\" style=\"flex-basis:10%\"><\/div>\n  \n<\/div>\n","protected":false},"excerpt":{"rendered":"<p>Kongres modern\u00edch sklad\u016f Kongres Modern\u00ed sklad se stal zavedenou ud\u00e1lost\u00ed v oborov\u00e9m kalend\u00e1\u0159i, kterou po\u0159\u00e1d\u00e1 \u010dasopis Nowoczesny Magazyn. Letos tomu nebude jinak. T\u011b\u0161\u00edme se, \u017ee se 20. listopadu ve Var\u0161av\u011b op\u011bt setk\u00e1me s odborn\u00edky na logistiku a skladov\u00e1n\u00ed . Na leto\u0161n\u00edm ro\u010dn\u00edku nebude chyb\u011bt ani spole\u010dnost Anter System! Jako vystavovatel jsme p\u0159ipravili st\u00e1nek, kde si [&hellip;]<\/p>\n","protected":false},"author":1,"featured_media":0,"parent":30524,"menu_order":0,"comment_status":"closed","ping_status":"closed","template":"","meta":{"inline_featured_image":false,"ngg_post_thumbnail":0,"footnotes":""},"class_list":["post-15469","page","type-page","status-publish","hentry"],"acf":[],"yoast_head":"<!-- This site is optimized with the Yoast SEO plugin v27.0 - https:\/\/yoast.com\/product\/yoast-seo-wordpress\/ -->\n<title>Kongresov\u00fd modern\u00ed sklad - Anter System<\/title>\n<meta name=\"description\" content=\"Kongres Modern\u00ed sklad je pravidelnou sou\u010d\u00e1st\u00ed kalend\u00e1\u0159e akc\u00ed v oboru, kter\u00e9 po\u0159\u00e1d\u00e1 \u010dasopis Nowoczesny Magazyn - a ani tentokr\u00e1t tomu nebude jinak. T\u011b\u0161\u00edme se na dal\u0161\u00ed setk\u00e1n\u00ed.\" \/>\n<meta name=\"robots\" content=\"index, follow, max-snippet:-1, max-image-preview:large, max-video-preview:-1\" \/>\n<link rel=\"canonical\" href=\"https:\/\/antersystem.com\/cs\/novinky\/congress-modern-warehouse\/\" \/>\n<meta property=\"og:locale\" content=\"cs_CZ\" \/>\n<meta property=\"og:type\" content=\"article\" \/>\n<meta property=\"og:title\" content=\"Kongresov\u00fd modern\u00ed sklad - Anter System\" \/>\n<meta property=\"og:description\" content=\"Kongres Modern\u00ed sklad je pravidelnou sou\u010d\u00e1st\u00ed kalend\u00e1\u0159e akc\u00ed v oboru, kter\u00e9 po\u0159\u00e1d\u00e1 \u010dasopis Nowoczesny Magazyn - a ani tentokr\u00e1t tomu nebude jinak. T\u011b\u0161\u00edme se na dal\u0161\u00ed setk\u00e1n\u00ed.\" \/>\n<meta property=\"og:url\" content=\"https:\/\/antersystem.com\/cs\/novinky\/congress-modern-warehouse\/\" \/>\n<meta property=\"og:site_name\" content=\"Anter System\" \/>\n<meta property=\"article:modified_time\" content=\"2026-01-30T13:30:54+00:00\" \/>\n<meta property=\"og:image\" content=\"https:\/\/antersystem.com\/wp-content\/uploads\/Modern-Warehouse-Anter-System-2023-1024x683.png\" \/>\n<meta name=\"twitter:card\" content=\"summary_large_image\" \/>\n<meta name=\"twitter:label1\" content=\"Odhadovan\u00e1 doba \u010dten\u00ed\" \/>\n\t<meta name=\"twitter:data1\" content=\"2 minuty\" \/>\n<script type=\"application\/ld+json\" class=\"yoast-schema-graph\">{\"@context\":\"https:\/\/schema.org\",\"@graph\":[{\"@type\":\"WebPage\",\"@id\":\"https:\/\/antersystem.com\/cs\/novinky\/congress-modern-warehouse\/\",\"url\":\"https:\/\/antersystem.com\/cs\/novinky\/congress-modern-warehouse\/\",\"name\":\"Kongresov\u00fd modern\u00ed sklad - Anter System\",\"isPartOf\":{\"@id\":\"https:\/\/antersystem.com\/cs\/#website\"},\"primaryImageOfPage\":{\"@id\":\"https:\/\/antersystem.com\/cs\/novinky\/congress-modern-warehouse\/#primaryimage\"},\"image\":{\"@id\":\"https:\/\/antersystem.com\/cs\/novinky\/congress-modern-warehouse\/#primaryimage\"},\"thumbnailUrl\":\"https:\/\/antersystem.com\/wp-content\/uploads\/Modern-Warehouse-Anter-System-2023-1024x683.png\",\"datePublished\":\"2023-11-16T14:30:28+00:00\",\"dateModified\":\"2026-01-30T13:30:54+00:00\",\"description\":\"Kongres Modern\u00ed sklad je pravidelnou sou\u010d\u00e1st\u00ed kalend\u00e1\u0159e akc\u00ed v oboru, kter\u00e9 po\u0159\u00e1d\u00e1 \u010dasopis Nowoczesny Magazyn - a ani tentokr\u00e1t tomu nebude jinak. T\u011b\u0161\u00edme se na dal\u0161\u00ed setk\u00e1n\u00ed.\",\"breadcrumb\":{\"@id\":\"https:\/\/antersystem.com\/cs\/novinky\/congress-modern-warehouse\/#breadcrumb\"},\"inLanguage\":\"cs\",\"potentialAction\":[{\"@type\":\"ReadAction\",\"target\":[\"https:\/\/antersystem.com\/cs\/novinky\/congress-modern-warehouse\/\"]}]},{\"@type\":\"ImageObject\",\"inLanguage\":\"cs\",\"@id\":\"https:\/\/antersystem.com\/cs\/novinky\/congress-modern-warehouse\/#primaryimage\",\"url\":\"https:\/\/antersystem.com\/wp-content\/uploads\/Modern-Warehouse-Anter-System-2023-1024x683.png\",\"contentUrl\":\"https:\/\/antersystem.com\/wp-content\/uploads\/Modern-Warehouse-Anter-System-2023-1024x683.png\"},{\"@type\":\"BreadcrumbList\",\"@id\":\"https:\/\/antersystem.com\/cs\/novinky\/congress-modern-warehouse\/#breadcrumb\",\"itemListElement\":[{\"@type\":\"ListItem\",\"position\":1,\"name\":\"AnterSystem\",\"item\":\"https:\/\/antersystem.com\/cs\/\"},{\"@type\":\"ListItem\",\"position\":2,\"name\":\"Zpr\u00e1vy\",\"item\":\"https:\/\/antersystem.com\/cs\/novinky\/\"},{\"@type\":\"ListItem\",\"position\":3,\"name\":\"Kongresov\u00fd modern\u00ed sklad\"}]},{\"@type\":\"WebSite\",\"@id\":\"https:\/\/antersystem.com\/cs\/#website\",\"url\":\"https:\/\/antersystem.com\/cs\/\",\"name\":\"Anter System\",\"description\":\"Jeste\u015bmy polskim producentem elastycznych barier ochronnych wykonywanych z polimerowych tworzyw sztucznych. Na rynku krajowym i zagranicznym dzia\u0142amy od ponad 15 lat dbaj\u0105c o zapewnienie bezpiecze\u0144stwa w zak\u0142adach produkcyjnych, magazynach oraz centrach logistycznych.\",\"potentialAction\":[{\"@type\":\"SearchAction\",\"target\":{\"@type\":\"EntryPoint\",\"urlTemplate\":\"https:\/\/antersystem.com\/cs\/?s={search_term_string}\"},\"query-input\":{\"@type\":\"PropertyValueSpecification\",\"valueRequired\":true,\"valueName\":\"search_term_string\"}}],\"inLanguage\":\"cs\"}]}<\/script>\n<!-- \/ Yoast SEO plugin. -->","yoast_head_json":{"title":"Kongresov\u00fd modern\u00ed sklad - Anter System","description":"Kongres Modern\u00ed sklad je pravidelnou sou\u010d\u00e1st\u00ed kalend\u00e1\u0159e akc\u00ed v oboru, kter\u00e9 po\u0159\u00e1d\u00e1 \u010dasopis Nowoczesny Magazyn - a ani tentokr\u00e1t tomu nebude jinak. T\u011b\u0161\u00edme se na dal\u0161\u00ed setk\u00e1n\u00ed.","robots":{"index":"index","follow":"follow","max-snippet":"max-snippet:-1","max-image-preview":"max-image-preview:large","max-video-preview":"max-video-preview:-1"},"canonical":"https:\/\/antersystem.com\/cs\/novinky\/congress-modern-warehouse\/","og_locale":"cs_CZ","og_type":"article","og_title":"Kongresov\u00fd modern\u00ed sklad - Anter System","og_description":"Kongres Modern\u00ed sklad je pravidelnou sou\u010d\u00e1st\u00ed kalend\u00e1\u0159e akc\u00ed v oboru, kter\u00e9 po\u0159\u00e1d\u00e1 \u010dasopis Nowoczesny Magazyn - a ani tentokr\u00e1t tomu nebude jinak. T\u011b\u0161\u00edme se na dal\u0161\u00ed setk\u00e1n\u00ed.","og_url":"https:\/\/antersystem.com\/cs\/novinky\/congress-modern-warehouse\/","og_site_name":"Anter System","article_modified_time":"2026-01-30T13:30:54+00:00","og_image":[{"url":"https:\/\/antersystem.com\/wp-content\/uploads\/Modern-Warehouse-Anter-System-2023-1024x683.png","type":"","width":"","height":""}],"twitter_card":"summary_large_image","twitter_misc":{"Odhadovan\u00e1 doba \u010dten\u00ed":"2 minuty"},"schema":{"@context":"https:\/\/schema.org","@graph":[{"@type":"WebPage","@id":"https:\/\/antersystem.com\/cs\/novinky\/congress-modern-warehouse\/","url":"https:\/\/antersystem.com\/cs\/novinky\/congress-modern-warehouse\/","name":"Kongresov\u00fd modern\u00ed sklad - Anter System","isPartOf":{"@id":"https:\/\/antersystem.com\/cs\/#website"},"primaryImageOfPage":{"@id":"https:\/\/antersystem.com\/cs\/novinky\/congress-modern-warehouse\/#primaryimage"},"image":{"@id":"https:\/\/antersystem.com\/cs\/novinky\/congress-modern-warehouse\/#primaryimage"},"thumbnailUrl":"https:\/\/antersystem.com\/wp-content\/uploads\/Modern-Warehouse-Anter-System-2023-1024x683.png","datePublished":"2023-11-16T14:30:28+00:00","dateModified":"2026-01-30T13:30:54+00:00","description":"Kongres Modern\u00ed sklad je pravidelnou sou\u010d\u00e1st\u00ed kalend\u00e1\u0159e akc\u00ed v oboru, kter\u00e9 po\u0159\u00e1d\u00e1 \u010dasopis Nowoczesny Magazyn - a ani tentokr\u00e1t tomu nebude jinak. T\u011b\u0161\u00edme se na dal\u0161\u00ed setk\u00e1n\u00ed.","breadcrumb":{"@id":"https:\/\/antersystem.com\/cs\/novinky\/congress-modern-warehouse\/#breadcrumb"},"inLanguage":"cs","potentialAction":[{"@type":"ReadAction","target":["https:\/\/antersystem.com\/cs\/novinky\/congress-modern-warehouse\/"]}]},{"@type":"ImageObject","inLanguage":"cs","@id":"https:\/\/antersystem.com\/cs\/novinky\/congress-modern-warehouse\/#primaryimage","url":"https:\/\/antersystem.com\/wp-content\/uploads\/Modern-Warehouse-Anter-System-2023-1024x683.png","contentUrl":"https:\/\/antersystem.com\/wp-content\/uploads\/Modern-Warehouse-Anter-System-2023-1024x683.png"},{"@type":"BreadcrumbList","@id":"https:\/\/antersystem.com\/cs\/novinky\/congress-modern-warehouse\/#breadcrumb","itemListElement":[{"@type":"ListItem","position":1,"name":"AnterSystem","item":"https:\/\/antersystem.com\/cs\/"},{"@type":"ListItem","position":2,"name":"Zpr\u00e1vy","item":"https:\/\/antersystem.com\/cs\/novinky\/"},{"@type":"ListItem","position":3,"name":"Kongresov\u00fd modern\u00ed sklad"}]},{"@type":"WebSite","@id":"https:\/\/antersystem.com\/cs\/#website","url":"https:\/\/antersystem.com\/cs\/","name":"Anter System","description":"Jeste\u015bmy polskim producentem elastycznych barier ochronnych wykonywanych z polimerowych tworzyw sztucznych. Na rynku krajowym i zagranicznym dzia\u0142amy od ponad 15 lat dbaj\u0105c o zapewnienie bezpiecze\u0144stwa w zak\u0142adach produkcyjnych, magazynach oraz centrach logistycznych.","potentialAction":[{"@type":"SearchAction","target":{"@type":"EntryPoint","urlTemplate":"https:\/\/antersystem.com\/cs\/?s={search_term_string}"},"query-input":{"@type":"PropertyValueSpecification","valueRequired":true,"valueName":"search_term_string"}}],"inLanguage":"cs"}]}},"_links":{"self":[{"href":"https:\/\/antersystem.com\/cs\/wp-json\/wp\/v2\/pages\/15469","targetHints":{"allow":["GET"]}}],"collection":[{"href":"https:\/\/antersystem.com\/cs\/wp-json\/wp\/v2\/pages"}],"about":[{"href":"https:\/\/antersystem.com\/cs\/wp-json\/wp\/v2\/types\/page"}],"author":[{"embeddable":true,"href":"https:\/\/antersystem.com\/cs\/wp-json\/wp\/v2\/users\/1"}],"replies":[{"embeddable":true,"href":"https:\/\/antersystem.com\/cs\/wp-json\/wp\/v2\/comments?post=15469"}],"version-history":[{"count":1,"href":"https:\/\/antersystem.com\/cs\/wp-json\/wp\/v2\/pages\/15469\/revisions"}],"predecessor-version":[{"id":15474,"href":"https:\/\/antersystem.com\/cs\/wp-json\/wp\/v2\/pages\/15469\/revisions\/15474"}],"up":[{"embeddable":true,"href":"https:\/\/antersystem.com\/cs\/wp-json\/wp\/v2\/pages\/30524"}],"wp:attachment":[{"href":"https:\/\/antersystem.com\/cs\/wp-json\/wp\/v2\/media?parent=15469"}],"curies":[{"name":"wp","href":"https:\/\/api.w.org\/{rel}","templated":true}]}}