{"id":15500,"date":"2023-10-16T10:41:27","date_gmt":"2023-10-16T08:41:27","guid":{"rendered":"https:\/\/new.antersystem.com\/safe-space-wall-protection\/"},"modified":"2026-01-30T14:30:54","modified_gmt":"2026-01-30T13:30:54","slug":"safe-space-wall-protection","status":"publish","type":"page","link":"https:\/\/antersystem.com\/cs\/novinky\/safe-space-wall-protection\/","title":{"rendered":"Bezpe\u010dn\u00fd prostor &#8222;Bezpieczna przestrze\u0144&#8220;"},"content":{"rendered":"\n<div class=\"wp-block-columns is-layout-flex wp-container-core-columns-is-layout-9d6595d7 wp-block-columns-is-layout-flex\">\n<div class=\"wp-block-column is-layout-flow wp-block-column-is-layout-flow\" style=\"flex-basis:10%\"><\/div>\n\n\n\n<div class=\"wp-block-column is-layout-flow wp-block-column-is-layout-flow\">\n<h3 class=\"wp-block-heading\">Bezpe\u010dn\u00fd prostor. Ochrana st\u011bn &#8211; Polymerov\u00e9 bezpe\u010dnostn\u00ed syst\u00e9my pro sklady a pr\u016fmyslov\u00e9 objekty<\/h3>\n\n\n\n<p style=\"text-align: left;\">V \u010dervnov\u00e9m \u010d\u00edsle <em>\u010dasopisu Top Logistyk<\/em> 2019 vy\u0161el \u010dl\u00e1nek o Wall Protection &#8211; svisl\u00fdch ochrann\u00fdch konstrukc\u00edch s modul\u00e1rn\u00ed konstrukc\u00ed, kter\u00e9 umo\u017e\u0148uj\u00ed vytv\u00e1\u0159et bezpe\u010dnostn\u00ed st\u011bny libovoln\u00e9 d\u00e9lky a geometrick\u00e9ho tvaru. D\u00edky sv\u00e9 flexibilit\u011b umo\u017e\u0148uj\u00ed tyto syst\u00e9my stav\u011bt a\u017eurov\u00e9 ochrann\u00e9 st\u011bny libovoln\u00e9 v\u00fd\u0161ky, kter\u00e9 se dokonale hod\u00ed pro modern\u00ed skladov\u00e9 a pr\u016fmyslov\u00e9 prost\u0159ed\u00ed.<\/p>\n<p>V\u00edce informac\u00ed o v\u00fdhod\u00e1ch bezpe\u010dnostn\u00edch syst\u00e9m\u016f na b\u00e1zi polymer\u016f najdete v n\u00e1sleduj\u00edc\u00edm <em>\u010dl\u00e1nku spole\u010dnosti Top Logistyk<\/em>.<\/p>\n<p>&nbsp;<\/p>\n<p>&nbsp;<\/p>\n<\/div>\n\n\n\n<div class=\"wp-block-column is-layout-flow wp-block-column-is-layout-flow\" style=\"flex-basis:10%\"><\/div>\n<\/div>\n\n<div data-wp-interactive=\"core\/file\" class=\"wp-block-file\"><object data-wp-bind--hidden=\"!state.hasPdfPreview\" hidden class=\"wp-block-file__embed\" data=\"https:\/\/antersystem.com\/wp-content\/uploads\/Anter-System_artykul_Bezpieczna-przestrzen.pdf\" type=\"application\/pdf\" style=\"width:100%;height:600px\" aria-label=\"Vlo\u017eit z Anter-System_artykul_Bezpieczna-przestrzen.\"><\/object><a id=\"wp-block-file--media-ee450cea-ca59-4ce4-8c22-729773c7fc8d\" href=\"https:\/\/antersystem.com\/wp-content\/uploads\/Anter-System_artykul_Bezpieczna-przestrzen.pdf\">Anter-System_artykul_Bezpieczna-przestrzen<\/a><a href=\"https:\/\/antersystem.com\/wp-content\/uploads\/Anter-System_artykul_Bezpieczna-przestrzen.pdf\" class=\"wp-block-file__button wp-element-button\" download=\"\" aria-describedby=\"wp-block-file--media-ee450cea-ca59-4ce4-8c22-729773c7fc8d\">St\u00e1hnout<\/a><\/div>\n","protected":false},"excerpt":{"rendered":"<p>Bezpe\u010dn\u00fd prostor. Ochrana st\u011bn &#8211; Polymerov\u00e9 bezpe\u010dnostn\u00ed syst\u00e9my pro sklady a pr\u016fmyslov\u00e9 objekty V \u010dervnov\u00e9m \u010d\u00edsle \u010dasopisu Top Logistyk 2019 vy\u0161el \u010dl\u00e1nek o Wall Protection &#8211; svisl\u00fdch ochrann\u00fdch konstrukc\u00edch s modul\u00e1rn\u00ed konstrukc\u00ed, kter\u00e9 umo\u017e\u0148uj\u00ed vytv\u00e1\u0159et bezpe\u010dnostn\u00ed st\u011bny libovoln\u00e9 d\u00e9lky a geometrick\u00e9ho tvaru. D\u00edky sv\u00e9 flexibilit\u011b umo\u017e\u0148uj\u00ed tyto syst\u00e9my stav\u011bt a\u017eurov\u00e9 ochrann\u00e9 st\u011bny libovoln\u00e9 v\u00fd\u0161ky, kter\u00e9 [&hellip;]<\/p>\n","protected":false},"author":1,"featured_media":0,"parent":30524,"menu_order":0,"comment_status":"closed","ping_status":"closed","template":"","meta":{"inline_featured_image":false,"ngg_post_thumbnail":0,"footnotes":""},"class_list":["post-15500","page","type-page","status-publish","hentry"],"acf":[],"yoast_head":"<!-- This site is optimized with the Yoast SEO plugin v27.0 - https:\/\/yoast.com\/product\/yoast-seo-wordpress\/ -->\n<title>Bezpe\u010dn\u00fd prostor &quot;Bezpieczna przestrze\u0144&quot; - Anter System<\/title>\n<meta name=\"description\" content=\"Bezpe\u010dn\u00fd prostor. Ochrana st\u011bn - Polymerov\u00e9 bezpe\u010dnostn\u00ed syst\u00e9my pro sklady a pr\u016fmyslov\u00e9 objekty V \u010dervnov\u00e9m \u010d\u00edsle \u010dasopisu Top Logistyk 2019 vy\u0161el \u010dl\u00e1nek\" \/>\n<meta name=\"robots\" content=\"index, follow, max-snippet:-1, max-image-preview:large, max-video-preview:-1\" \/>\n<link rel=\"canonical\" href=\"https:\/\/antersystem.com\/cs\/novinky\/safe-space-wall-protection\/\" \/>\n<meta property=\"og:locale\" content=\"cs_CZ\" \/>\n<meta property=\"og:type\" content=\"article\" \/>\n<meta property=\"og:title\" content=\"Bezpe\u010dn\u00fd prostor &quot;Bezpieczna przestrze\u0144&quot; - Anter System\" \/>\n<meta property=\"og:description\" content=\"Bezpe\u010dn\u00fd prostor. Ochrana st\u011bn - Polymerov\u00e9 bezpe\u010dnostn\u00ed syst\u00e9my pro sklady a pr\u016fmyslov\u00e9 objekty V \u010dervnov\u00e9m \u010d\u00edsle \u010dasopisu Top Logistyk 2019 vy\u0161el \u010dl\u00e1nek\" \/>\n<meta property=\"og:url\" content=\"https:\/\/antersystem.com\/cs\/novinky\/safe-space-wall-protection\/\" \/>\n<meta property=\"og:site_name\" content=\"Anter System\" \/>\n<meta property=\"article:modified_time\" content=\"2026-01-30T13:30:54+00:00\" \/>\n<meta name=\"twitter:card\" content=\"summary_large_image\" \/>\n<meta name=\"twitter:label1\" content=\"Odhadovan\u00e1 doba \u010dten\u00ed\" \/>\n\t<meta name=\"twitter:data1\" content=\"1 minuta\" \/>\n<script type=\"application\/ld+json\" class=\"yoast-schema-graph\">{\"@context\":\"https:\/\/schema.org\",\"@graph\":[{\"@type\":\"WebPage\",\"@id\":\"https:\/\/antersystem.com\/cs\/novinky\/safe-space-wall-protection\/\",\"url\":\"https:\/\/antersystem.com\/cs\/novinky\/safe-space-wall-protection\/\",\"name\":\"Bezpe\u010dn\u00fd prostor \\\"Bezpieczna przestrze\u0144\\\" - Anter System\",\"isPartOf\":{\"@id\":\"https:\/\/antersystem.com\/cs\/#website\"},\"datePublished\":\"2023-10-16T08:41:27+00:00\",\"dateModified\":\"2026-01-30T13:30:54+00:00\",\"description\":\"Bezpe\u010dn\u00fd prostor. Ochrana st\u011bn - Polymerov\u00e9 bezpe\u010dnostn\u00ed syst\u00e9my pro sklady a pr\u016fmyslov\u00e9 objekty V \u010dervnov\u00e9m \u010d\u00edsle \u010dasopisu Top Logistyk 2019 vy\u0161el \u010dl\u00e1nek\",\"breadcrumb\":{\"@id\":\"https:\/\/antersystem.com\/cs\/novinky\/safe-space-wall-protection\/#breadcrumb\"},\"inLanguage\":\"cs\",\"potentialAction\":[{\"@type\":\"ReadAction\",\"target\":[\"https:\/\/antersystem.com\/cs\/novinky\/safe-space-wall-protection\/\"]}]},{\"@type\":\"BreadcrumbList\",\"@id\":\"https:\/\/antersystem.com\/cs\/novinky\/safe-space-wall-protection\/#breadcrumb\",\"itemListElement\":[{\"@type\":\"ListItem\",\"position\":1,\"name\":\"AnterSystem\",\"item\":\"https:\/\/antersystem.com\/cs\/\"},{\"@type\":\"ListItem\",\"position\":2,\"name\":\"Zpr\u00e1vy\",\"item\":\"https:\/\/antersystem.com\/cs\/novinky\/\"},{\"@type\":\"ListItem\",\"position\":3,\"name\":\"Bezpe\u010dn\u00fd prostor &#8220;Bezpieczna przestrze\u0144&#8221;\"}]},{\"@type\":\"WebSite\",\"@id\":\"https:\/\/antersystem.com\/cs\/#website\",\"url\":\"https:\/\/antersystem.com\/cs\/\",\"name\":\"Anter System\",\"description\":\"Jeste\u015bmy polskim producentem elastycznych barier ochronnych wykonywanych z polimerowych tworzyw sztucznych. Na rynku krajowym i zagranicznym dzia\u0142amy od ponad 15 lat dbaj\u0105c o zapewnienie bezpiecze\u0144stwa w zak\u0142adach produkcyjnych, magazynach oraz centrach logistycznych.\",\"potentialAction\":[{\"@type\":\"SearchAction\",\"target\":{\"@type\":\"EntryPoint\",\"urlTemplate\":\"https:\/\/antersystem.com\/cs\/?s={search_term_string}\"},\"query-input\":{\"@type\":\"PropertyValueSpecification\",\"valueRequired\":true,\"valueName\":\"search_term_string\"}}],\"inLanguage\":\"cs\"}]}<\/script>\n<!-- \/ Yoast SEO plugin. -->","yoast_head_json":{"title":"Bezpe\u010dn\u00fd prostor \"Bezpieczna przestrze\u0144\" - Anter System","description":"Bezpe\u010dn\u00fd prostor. Ochrana st\u011bn - Polymerov\u00e9 bezpe\u010dnostn\u00ed syst\u00e9my pro sklady a pr\u016fmyslov\u00e9 objekty V \u010dervnov\u00e9m \u010d\u00edsle \u010dasopisu Top Logistyk 2019 vy\u0161el \u010dl\u00e1nek","robots":{"index":"index","follow":"follow","max-snippet":"max-snippet:-1","max-image-preview":"max-image-preview:large","max-video-preview":"max-video-preview:-1"},"canonical":"https:\/\/antersystem.com\/cs\/novinky\/safe-space-wall-protection\/","og_locale":"cs_CZ","og_type":"article","og_title":"Bezpe\u010dn\u00fd prostor \"Bezpieczna przestrze\u0144\" - Anter System","og_description":"Bezpe\u010dn\u00fd prostor. Ochrana st\u011bn - Polymerov\u00e9 bezpe\u010dnostn\u00ed syst\u00e9my pro sklady a pr\u016fmyslov\u00e9 objekty V \u010dervnov\u00e9m \u010d\u00edsle \u010dasopisu Top Logistyk 2019 vy\u0161el \u010dl\u00e1nek","og_url":"https:\/\/antersystem.com\/cs\/novinky\/safe-space-wall-protection\/","og_site_name":"Anter System","article_modified_time":"2026-01-30T13:30:54+00:00","twitter_card":"summary_large_image","twitter_misc":{"Odhadovan\u00e1 doba \u010dten\u00ed":"1 minuta"},"schema":{"@context":"https:\/\/schema.org","@graph":[{"@type":"WebPage","@id":"https:\/\/antersystem.com\/cs\/novinky\/safe-space-wall-protection\/","url":"https:\/\/antersystem.com\/cs\/novinky\/safe-space-wall-protection\/","name":"Bezpe\u010dn\u00fd prostor \"Bezpieczna przestrze\u0144\" - Anter System","isPartOf":{"@id":"https:\/\/antersystem.com\/cs\/#website"},"datePublished":"2023-10-16T08:41:27+00:00","dateModified":"2026-01-30T13:30:54+00:00","description":"Bezpe\u010dn\u00fd prostor. Ochrana st\u011bn - Polymerov\u00e9 bezpe\u010dnostn\u00ed syst\u00e9my pro sklady a pr\u016fmyslov\u00e9 objekty V \u010dervnov\u00e9m \u010d\u00edsle \u010dasopisu Top Logistyk 2019 vy\u0161el \u010dl\u00e1nek","breadcrumb":{"@id":"https:\/\/antersystem.com\/cs\/novinky\/safe-space-wall-protection\/#breadcrumb"},"inLanguage":"cs","potentialAction":[{"@type":"ReadAction","target":["https:\/\/antersystem.com\/cs\/novinky\/safe-space-wall-protection\/"]}]},{"@type":"BreadcrumbList","@id":"https:\/\/antersystem.com\/cs\/novinky\/safe-space-wall-protection\/#breadcrumb","itemListElement":[{"@type":"ListItem","position":1,"name":"AnterSystem","item":"https:\/\/antersystem.com\/cs\/"},{"@type":"ListItem","position":2,"name":"Zpr\u00e1vy","item":"https:\/\/antersystem.com\/cs\/novinky\/"},{"@type":"ListItem","position":3,"name":"Bezpe\u010dn\u00fd prostor &#8220;Bezpieczna przestrze\u0144&#8221;"}]},{"@type":"WebSite","@id":"https:\/\/antersystem.com\/cs\/#website","url":"https:\/\/antersystem.com\/cs\/","name":"Anter System","description":"Jeste\u015bmy polskim producentem elastycznych barier ochronnych wykonywanych z polimerowych tworzyw sztucznych. Na rynku krajowym i zagranicznym dzia\u0142amy od ponad 15 lat dbaj\u0105c o zapewnienie bezpiecze\u0144stwa w zak\u0142adach produkcyjnych, magazynach oraz centrach logistycznych.","potentialAction":[{"@type":"SearchAction","target":{"@type":"EntryPoint","urlTemplate":"https:\/\/antersystem.com\/cs\/?s={search_term_string}"},"query-input":{"@type":"PropertyValueSpecification","valueRequired":true,"valueName":"search_term_string"}}],"inLanguage":"cs"}]}},"_links":{"self":[{"href":"https:\/\/antersystem.com\/cs\/wp-json\/wp\/v2\/pages\/15500","targetHints":{"allow":["GET"]}}],"collection":[{"href":"https:\/\/antersystem.com\/cs\/wp-json\/wp\/v2\/pages"}],"about":[{"href":"https:\/\/antersystem.com\/cs\/wp-json\/wp\/v2\/types\/page"}],"author":[{"embeddable":true,"href":"https:\/\/antersystem.com\/cs\/wp-json\/wp\/v2\/users\/1"}],"replies":[{"embeddable":true,"href":"https:\/\/antersystem.com\/cs\/wp-json\/wp\/v2\/comments?post=15500"}],"version-history":[{"count":1,"href":"https:\/\/antersystem.com\/cs\/wp-json\/wp\/v2\/pages\/15500\/revisions"}],"predecessor-version":[{"id":15504,"href":"https:\/\/antersystem.com\/cs\/wp-json\/wp\/v2\/pages\/15500\/revisions\/15504"}],"up":[{"embeddable":true,"href":"https:\/\/antersystem.com\/cs\/wp-json\/wp\/v2\/pages\/30524"}],"wp:attachment":[{"href":"https:\/\/antersystem.com\/cs\/wp-json\/wp\/v2\/media?parent=15500"}],"curies":[{"name":"wp","href":"https:\/\/api.w.org\/{rel}","templated":true}]}}