{"id":15540,"date":"2023-12-07T09:34:39","date_gmt":"2023-12-07T08:34:39","guid":{"rendered":"https:\/\/new.antersystem.com\/forbes-diamonds-2024\/"},"modified":"2026-01-30T14:30:54","modified_gmt":"2026-01-30T13:30:54","slug":"forbes-diamonds-2024","status":"publish","type":"page","link":"https:\/\/antersystem.com\/cs\/novinky\/forbes-diamonds-2024\/","title":{"rendered":"Forbes Diamonds 2024"},"content":{"rendered":"\n<div class=\"wp-block-columns is-layout-flex wp-container-core-columns-is-layout-9d6595d7 wp-block-columns-is-layout-flex\">\n  \n  <div class=\"wp-block-column is-layout-flow wp-block-column-is-layout-flow\" style=\"flex-basis:10%\"><\/div>\n  \n\n  \n  <div class=\"wp-block-column is-layout-flow wp-block-column-is-layout-flow\">\n    \n    <h3 class=\"wp-block-heading\"><strong>Anter System z\u00edskal ocen\u011bn\u00ed Forbes Diamonds Poland 2024 jako jedna z nejdynami\u010dt\u011bji se rozv\u00edjej\u00edc\u00edch spole\u010dnost\u00ed.<\/strong><\/h3>\n    \n\n    \n    <h4>Slovo od n\u00e1s<\/h4>\n    <p>N\u00e1\u0161 p\u0159\u00edb\u011bh nen\u00ed jako filmov\u00fd sc\u00e9n\u00e1\u0159. Nejde o \u017e\u00e1dn\u00e9 dramatick\u00e9 d\u011bjov\u00e9 zvraty ani nepravd\u011bpodobn\u00e9 n\u00e1hody &#8211; a\u010dkoli stejn\u011b jako mnoz\u00ed podnikatel\u00e9 v Polsku jsme se jist\u011b pot\u00fdkali s \u0159adou probl\u00e9m\u016f. Zakladatel\u00e9 a spolumajitel\u00e9 se nesna\u017e\u00ed hr\u00e1t si na superhrdiny, a p\u0159esto zna\u010dka Anter System st\u00e1le s\u00edl\u00ed. Je zalo\u017eena na konzistentn\u00edch vztaz\u00edch se z\u00e1kazn\u00edky a na uspokojov\u00e1n\u00ed skute\u010dn\u00fdch pot\u0159eb. Neust\u00e1le se p\u0159izp\u016fsobujeme m\u011bn\u00edc\u00edm se podm\u00ednk\u00e1m a v\u011bnujeme velk\u00e9 \u00fasil\u00ed tomu, abychom si udr\u017eeli p\u0159ehled o trhu. Koncept flexibiln\u00edch bezpe\u010dnostn\u00edch bari\u00e9r nen\u00ed v na\u0161em oboru je\u0161t\u011b zdaleka samoz\u0159ejm\u00fd, a proto je na\u0161e vzd\u011bl\u00e1vac\u00ed mise i nad\u00e1le d\u016fle\u017eitou sou\u010d\u00e1st\u00ed na\u0161\u00ed pr\u00e1ce.<\/p>\n\n    <p>Proto jsme obzvl\u00e1\u0161t\u011b vd\u011b\u010dn\u00ed za toto uzn\u00e1n\u00ed &#8211; za\u0159azen\u00ed na seznam Forbes Diamonds 2024. Toto presti\u017en\u00ed ocen\u011bn\u00ed posiluje na\u0161i d\u016fv\u011bryhodnost v o\u010d\u00edch na\u0161ich partner\u016f a distributor\u016f a povzbuzuje n\u00e1s k dal\u0161\u00edmu zdokonalov\u00e1n\u00ed na\u0161eho inova\u010dn\u00edho modelu a oslovov\u00e1n\u00ed \u0161ir\u0161\u00edch trh\u016f. Inspiruje n\u00e1s to k tomu, abychom neust\u00e1le zlep\u0161ovali na\u0161i nab\u00eddku a vyv\u00edjeli \u0159e\u0161en\u00ed, kter\u00e1 budou na\u0161im klient\u016fm slou\u017eit je\u0161t\u011b l\u00e9pe.<\/p>\n\n    <h4>Co jsou Forbesovy diamanty?<\/h4>\n    <p>Seznam diamant\u016f Forbes je sestavov\u00e1n na objedn\u00e1vku redakce \u010dasopisu Forbes. Jej\u00edm c\u00edlem je vyzdvihnout a ocenit nejdynami\u010dt\u011bji se rozv\u00edjej\u00edc\u00ed spole\u010dnosti v Polsku. \u017deb\u0159\u00ed\u010dek klasifikuje podniky na z\u00e1klad\u011b jejich tempa r\u016fstu a finan\u010dn\u00edch v\u00fdsledk\u016f za posledn\u00ed t\u0159i roky, p\u0159i\u010dem\u017e klade d\u016fraz na stabilitu a potenci\u00e1l jednotliv\u00fdch spole\u010dnost\u00ed. Slou\u017e\u00ed jako d\u016fle\u017eit\u00fd zdroj informac\u00ed pro investory a obchodn\u00ed partnery. Spole\u010dnosti jsou ocen\u011bny ve t\u0159ech kategori\u00edch podle v\u00fd\u0161e tr\u017eeb: od 5 do 50 milion\u016f PLN, od 50 do 250 milion\u016f PLN a nad 250 milion\u016f PLN. Finan\u010dn\u00ed instituce, jako jsou banky, jsou z \u017eeb\u0159\u00ed\u010dku vylou\u010deny.<\/p>\n\n    <p><em>&#8222;Za\u0159azen\u00ed do \u017eeb\u0159\u00ed\u010dku Forbes Diamonds je d\u016fkazem odvahy a efektivn\u00edch obchodn\u00edch strategi\u00ed, kter\u00e9 se dob\u0159e p\u0159izp\u016fsobuj\u00ed turbulentn\u00ed dob\u011b,&#8220; uvedla Ewa \u0141uniewska<\/em>, viceprezidentka p\u0159edstavenstva ING Bank \u015al\u0105ski, strategick\u00e9ho partnera sout\u011b\u017ee.<\/p>\n    <p>&nbsp;<\/p>\n    \n\n    <div class=\"wp-block-image\">\n    <figure class=\"aligncenter size-large is-resized\"><img loading=\"lazy\" decoding=\"async\" width=\"1024\" height=\"535\" src=\"https:\/\/antersystem.com\/wp-content\/uploads\/Diamenty-Forbes-2024-Anter-System-1024x535.jpg\" alt=\"Anter System - ocen&#x11B;n&#xED; Forbes Diamonds 2024\" class=\"wp-image-3741\" style=\"width:709px;height:auto\" srcset=\"https:\/\/antersystem.com\/wp-content\/uploads\/Diamenty-Forbes-2024-Anter-System-1024x535.jpg 1024w, https:\/\/antersystem.com\/wp-content\/uploads\/Diamenty-Forbes-2024-Anter-System-300x157.jpg 300w, https:\/\/antersystem.com\/wp-content\/uploads\/Diamenty-Forbes-2024-Anter-System-768x401.jpg 768w, https:\/\/antersystem.com\/wp-content\/uploads\/Diamenty-Forbes-2024-Anter-System-450x235.jpg 450w, https:\/\/antersystem.com\/wp-content\/uploads\/Diamenty-Forbes-2024-Anter-System-330x172.jpg 330w, https:\/\/antersystem.com\/wp-content\/uploads\/Diamenty-Forbes-2024-Anter-System.jpg 1200w\" sizes=\"auto, (max-width: 1024px) 100vw, 1024px\" \/><\/figure><\/div>\n  <\/div>\n  \n\n  \n  <div class=\"wp-block-column is-layout-flow wp-block-column-is-layout-flow\" style=\"flex-basis:10%\"><\/div>\n  \n<\/div>\n","protected":false},"excerpt":{"rendered":"<p>Anter System z\u00edskal ocen\u011bn\u00ed Forbes Diamonds Poland 2024 jako jedna z nejdynami\u010dt\u011bji se rozv\u00edjej\u00edc\u00edch spole\u010dnost\u00ed. Slovo od n\u00e1s N\u00e1\u0161 p\u0159\u00edb\u011bh nen\u00ed jako filmov\u00fd sc\u00e9n\u00e1\u0159. Nejde o \u017e\u00e1dn\u00e9 dramatick\u00e9 d\u011bjov\u00e9 zvraty ani nepravd\u011bpodobn\u00e9 n\u00e1hody &#8211; a\u010dkoli stejn\u011b jako mnoz\u00ed podnikatel\u00e9 v Polsku jsme se jist\u011b pot\u00fdkali s \u0159adou probl\u00e9m\u016f. Zakladatel\u00e9 a spolumajitel\u00e9 se nesna\u017e\u00ed hr\u00e1t si [&hellip;]<\/p>\n","protected":false},"author":1,"featured_media":0,"parent":30524,"menu_order":0,"comment_status":"closed","ping_status":"closed","template":"","meta":{"inline_featured_image":false,"ngg_post_thumbnail":0,"footnotes":""},"class_list":["post-15540","page","type-page","status-publish","hentry"],"acf":[],"yoast_head":"<!-- This site is optimized with the Yoast SEO plugin v27.0 - https:\/\/yoast.com\/product\/yoast-seo-wordpress\/ -->\n<title>Forbes Diamonds 2024 - Anter System<\/title>\n<meta name=\"description\" content=\"Anter System z\u00edskal ocen\u011bn\u00ed Forbes Diamonds Poland 2024 jako jedna z nejdynami\u010dt\u011bji se rozv\u00edjej\u00edc\u00edch spole\u010dnost\u00ed. Slovo od n\u00e1s N\u00e1\u0161 p\u0159\u00edb\u011bh nen\u00ed jako\" \/>\n<meta name=\"robots\" content=\"index, follow, max-snippet:-1, max-image-preview:large, max-video-preview:-1\" \/>\n<link rel=\"canonical\" href=\"https:\/\/antersystem.com\/cs\/novinky\/forbes-diamonds-2024\/\" \/>\n<meta property=\"og:locale\" content=\"cs_CZ\" \/>\n<meta property=\"og:type\" content=\"article\" \/>\n<meta property=\"og:title\" content=\"Forbes Diamonds 2024 - Anter System\" \/>\n<meta property=\"og:description\" content=\"Anter System z\u00edskal ocen\u011bn\u00ed Forbes Diamonds Poland 2024 jako jedna z nejdynami\u010dt\u011bji se rozv\u00edjej\u00edc\u00edch spole\u010dnost\u00ed. Slovo od n\u00e1s N\u00e1\u0161 p\u0159\u00edb\u011bh nen\u00ed jako\" \/>\n<meta property=\"og:url\" content=\"https:\/\/antersystem.com\/cs\/novinky\/forbes-diamonds-2024\/\" \/>\n<meta property=\"og:site_name\" content=\"Anter System\" \/>\n<meta property=\"article:modified_time\" content=\"2026-01-30T13:30:54+00:00\" \/>\n<meta property=\"og:image\" content=\"https:\/\/antersystem.com\/wp-content\/uploads\/Diamenty-Forbes-2024-Anter-System-1024x535.jpg\" \/>\n<meta name=\"twitter:card\" content=\"summary_large_image\" \/>\n<meta name=\"twitter:label1\" content=\"Odhadovan\u00e1 doba \u010dten\u00ed\" \/>\n\t<meta name=\"twitter:data1\" content=\"2 minuty\" \/>\n<script type=\"application\/ld+json\" class=\"yoast-schema-graph\">{\"@context\":\"https:\/\/schema.org\",\"@graph\":[{\"@type\":\"WebPage\",\"@id\":\"https:\/\/antersystem.com\/cs\/novinky\/forbes-diamonds-2024\/\",\"url\":\"https:\/\/antersystem.com\/cs\/novinky\/forbes-diamonds-2024\/\",\"name\":\"Forbes Diamonds 2024 - Anter System\",\"isPartOf\":{\"@id\":\"https:\/\/antersystem.com\/cs\/#website\"},\"primaryImageOfPage\":{\"@id\":\"https:\/\/antersystem.com\/cs\/novinky\/forbes-diamonds-2024\/#primaryimage\"},\"image\":{\"@id\":\"https:\/\/antersystem.com\/cs\/novinky\/forbes-diamonds-2024\/#primaryimage\"},\"thumbnailUrl\":\"https:\/\/antersystem.com\/wp-content\/uploads\/Diamenty-Forbes-2024-Anter-System-1024x535.jpg\",\"datePublished\":\"2023-12-07T08:34:39+00:00\",\"dateModified\":\"2026-01-30T13:30:54+00:00\",\"description\":\"Anter System z\u00edskal ocen\u011bn\u00ed Forbes Diamonds Poland 2024 jako jedna z nejdynami\u010dt\u011bji se rozv\u00edjej\u00edc\u00edch spole\u010dnost\u00ed. Slovo od n\u00e1s N\u00e1\u0161 p\u0159\u00edb\u011bh nen\u00ed jako\",\"breadcrumb\":{\"@id\":\"https:\/\/antersystem.com\/cs\/novinky\/forbes-diamonds-2024\/#breadcrumb\"},\"inLanguage\":\"cs\",\"potentialAction\":[{\"@type\":\"ReadAction\",\"target\":[\"https:\/\/antersystem.com\/cs\/novinky\/forbes-diamonds-2024\/\"]}]},{\"@type\":\"ImageObject\",\"inLanguage\":\"cs\",\"@id\":\"https:\/\/antersystem.com\/cs\/novinky\/forbes-diamonds-2024\/#primaryimage\",\"url\":\"https:\/\/antersystem.com\/wp-content\/uploads\/Diamenty-Forbes-2024-Anter-System-1024x535.jpg\",\"contentUrl\":\"https:\/\/antersystem.com\/wp-content\/uploads\/Diamenty-Forbes-2024-Anter-System-1024x535.jpg\"},{\"@type\":\"BreadcrumbList\",\"@id\":\"https:\/\/antersystem.com\/cs\/novinky\/forbes-diamonds-2024\/#breadcrumb\",\"itemListElement\":[{\"@type\":\"ListItem\",\"position\":1,\"name\":\"AnterSystem\",\"item\":\"https:\/\/antersystem.com\/cs\/\"},{\"@type\":\"ListItem\",\"position\":2,\"name\":\"Zpr\u00e1vy\",\"item\":\"https:\/\/antersystem.com\/cs\/novinky\/\"},{\"@type\":\"ListItem\",\"position\":3,\"name\":\"Forbes Diamonds 2024\"}]},{\"@type\":\"WebSite\",\"@id\":\"https:\/\/antersystem.com\/cs\/#website\",\"url\":\"https:\/\/antersystem.com\/cs\/\",\"name\":\"Anter System\",\"description\":\"Jeste\u015bmy polskim producentem elastycznych barier ochronnych wykonywanych z polimerowych tworzyw sztucznych. Na rynku krajowym i zagranicznym dzia\u0142amy od ponad 15 lat dbaj\u0105c o zapewnienie bezpiecze\u0144stwa w zak\u0142adach produkcyjnych, magazynach oraz centrach logistycznych.\",\"potentialAction\":[{\"@type\":\"SearchAction\",\"target\":{\"@type\":\"EntryPoint\",\"urlTemplate\":\"https:\/\/antersystem.com\/cs\/?s={search_term_string}\"},\"query-input\":{\"@type\":\"PropertyValueSpecification\",\"valueRequired\":true,\"valueName\":\"search_term_string\"}}],\"inLanguage\":\"cs\"}]}<\/script>\n<!-- \/ Yoast SEO plugin. -->","yoast_head_json":{"title":"Forbes Diamonds 2024 - Anter System","description":"Anter System z\u00edskal ocen\u011bn\u00ed Forbes Diamonds Poland 2024 jako jedna z nejdynami\u010dt\u011bji se rozv\u00edjej\u00edc\u00edch spole\u010dnost\u00ed. Slovo od n\u00e1s N\u00e1\u0161 p\u0159\u00edb\u011bh nen\u00ed jako","robots":{"index":"index","follow":"follow","max-snippet":"max-snippet:-1","max-image-preview":"max-image-preview:large","max-video-preview":"max-video-preview:-1"},"canonical":"https:\/\/antersystem.com\/cs\/novinky\/forbes-diamonds-2024\/","og_locale":"cs_CZ","og_type":"article","og_title":"Forbes Diamonds 2024 - Anter System","og_description":"Anter System z\u00edskal ocen\u011bn\u00ed Forbes Diamonds Poland 2024 jako jedna z nejdynami\u010dt\u011bji se rozv\u00edjej\u00edc\u00edch spole\u010dnost\u00ed. Slovo od n\u00e1s N\u00e1\u0161 p\u0159\u00edb\u011bh nen\u00ed jako","og_url":"https:\/\/antersystem.com\/cs\/novinky\/forbes-diamonds-2024\/","og_site_name":"Anter System","article_modified_time":"2026-01-30T13:30:54+00:00","og_image":[{"url":"https:\/\/antersystem.com\/wp-content\/uploads\/Diamenty-Forbes-2024-Anter-System-1024x535.jpg","type":"","width":"","height":""}],"twitter_card":"summary_large_image","twitter_misc":{"Odhadovan\u00e1 doba \u010dten\u00ed":"2 minuty"},"schema":{"@context":"https:\/\/schema.org","@graph":[{"@type":"WebPage","@id":"https:\/\/antersystem.com\/cs\/novinky\/forbes-diamonds-2024\/","url":"https:\/\/antersystem.com\/cs\/novinky\/forbes-diamonds-2024\/","name":"Forbes Diamonds 2024 - Anter System","isPartOf":{"@id":"https:\/\/antersystem.com\/cs\/#website"},"primaryImageOfPage":{"@id":"https:\/\/antersystem.com\/cs\/novinky\/forbes-diamonds-2024\/#primaryimage"},"image":{"@id":"https:\/\/antersystem.com\/cs\/novinky\/forbes-diamonds-2024\/#primaryimage"},"thumbnailUrl":"https:\/\/antersystem.com\/wp-content\/uploads\/Diamenty-Forbes-2024-Anter-System-1024x535.jpg","datePublished":"2023-12-07T08:34:39+00:00","dateModified":"2026-01-30T13:30:54+00:00","description":"Anter System z\u00edskal ocen\u011bn\u00ed Forbes Diamonds Poland 2024 jako jedna z nejdynami\u010dt\u011bji se rozv\u00edjej\u00edc\u00edch spole\u010dnost\u00ed. Slovo od n\u00e1s N\u00e1\u0161 p\u0159\u00edb\u011bh nen\u00ed jako","breadcrumb":{"@id":"https:\/\/antersystem.com\/cs\/novinky\/forbes-diamonds-2024\/#breadcrumb"},"inLanguage":"cs","potentialAction":[{"@type":"ReadAction","target":["https:\/\/antersystem.com\/cs\/novinky\/forbes-diamonds-2024\/"]}]},{"@type":"ImageObject","inLanguage":"cs","@id":"https:\/\/antersystem.com\/cs\/novinky\/forbes-diamonds-2024\/#primaryimage","url":"https:\/\/antersystem.com\/wp-content\/uploads\/Diamenty-Forbes-2024-Anter-System-1024x535.jpg","contentUrl":"https:\/\/antersystem.com\/wp-content\/uploads\/Diamenty-Forbes-2024-Anter-System-1024x535.jpg"},{"@type":"BreadcrumbList","@id":"https:\/\/antersystem.com\/cs\/novinky\/forbes-diamonds-2024\/#breadcrumb","itemListElement":[{"@type":"ListItem","position":1,"name":"AnterSystem","item":"https:\/\/antersystem.com\/cs\/"},{"@type":"ListItem","position":2,"name":"Zpr\u00e1vy","item":"https:\/\/antersystem.com\/cs\/novinky\/"},{"@type":"ListItem","position":3,"name":"Forbes Diamonds 2024"}]},{"@type":"WebSite","@id":"https:\/\/antersystem.com\/cs\/#website","url":"https:\/\/antersystem.com\/cs\/","name":"Anter System","description":"Jeste\u015bmy polskim producentem elastycznych barier ochronnych wykonywanych z polimerowych tworzyw sztucznych. Na rynku krajowym i zagranicznym dzia\u0142amy od ponad 15 lat dbaj\u0105c o zapewnienie bezpiecze\u0144stwa w zak\u0142adach produkcyjnych, magazynach oraz centrach logistycznych.","potentialAction":[{"@type":"SearchAction","target":{"@type":"EntryPoint","urlTemplate":"https:\/\/antersystem.com\/cs\/?s={search_term_string}"},"query-input":{"@type":"PropertyValueSpecification","valueRequired":true,"valueName":"search_term_string"}}],"inLanguage":"cs"}]}},"_links":{"self":[{"href":"https:\/\/antersystem.com\/cs\/wp-json\/wp\/v2\/pages\/15540","targetHints":{"allow":["GET"]}}],"collection":[{"href":"https:\/\/antersystem.com\/cs\/wp-json\/wp\/v2\/pages"}],"about":[{"href":"https:\/\/antersystem.com\/cs\/wp-json\/wp\/v2\/types\/page"}],"author":[{"embeddable":true,"href":"https:\/\/antersystem.com\/cs\/wp-json\/wp\/v2\/users\/1"}],"replies":[{"embeddable":true,"href":"https:\/\/antersystem.com\/cs\/wp-json\/wp\/v2\/comments?post=15540"}],"version-history":[{"count":1,"href":"https:\/\/antersystem.com\/cs\/wp-json\/wp\/v2\/pages\/15540\/revisions"}],"predecessor-version":[{"id":15546,"href":"https:\/\/antersystem.com\/cs\/wp-json\/wp\/v2\/pages\/15540\/revisions\/15546"}],"up":[{"embeddable":true,"href":"https:\/\/antersystem.com\/cs\/wp-json\/wp\/v2\/pages\/30524"}],"wp:attachment":[{"href":"https:\/\/antersystem.com\/cs\/wp-json\/wp\/v2\/media?parent=15540"}],"curies":[{"name":"wp","href":"https:\/\/api.w.org\/{rel}","templated":true}]}}