{"id":15592,"date":"2024-03-26T13:03:30","date_gmt":"2024-03-26T12:03:30","guid":{"rendered":"https:\/\/new.antersystem.com\/sawo-2024\/"},"modified":"2026-01-30T14:30:54","modified_gmt":"2026-01-30T13:30:54","slug":"sawo-2024","status":"publish","type":"page","link":"https:\/\/antersystem.com\/cs\/novinky\/sawo-2024\/","title":{"rendered":"Veletrhy SAWO"},"content":{"rendered":"\n<div class=\"wp-block-columns is-layout-flex wp-container-core-columns-is-layout-9d6595d7 wp-block-columns-is-layout-flex\">\n<div class=\"wp-block-column is-layout-flow wp-block-column-is-layout-flow\" style=\"flex-basis:10%\"><\/div>\n\n\n\n<div class=\"wp-block-column is-layout-flow wp-block-column-is-layout-flow\">\n<h3 class=\"wp-block-heading\">Bezpe\u010dnost pr\u00e1ce a \u0159e\u0161en\u00ed mimo\u0159\u00e1dn\u00fdch ud\u00e1lost\u00ed &#8211; veletrh SAWO&#8217;24 v Poznani.<\/h3>\n\n\n\n<p>Kdyby byly v\u00fdrobn\u00ed haly, sklady a dal\u0161\u00ed pr\u016fmyslov\u00e9 objekty l\u00e9pe chr\u00e1n\u011bny, po\u010det nehod by byl jist\u011b mnohem ni\u017e\u0161\u00ed. Zd\u00e1 se, \u017ee roz\u0161i\u0159ov\u00e1n\u00ed znalost\u00ed v t\u00e9to oblasti by mohlo b\u00fdt nekone\u010dn\u00e9 &#8211; a to je dob\u0159e. Dal\u0161\u00ed p\u0159\u00edle\u017eitost se naskytne v druh\u00e9 polovin\u011b dubna, a to 23.-25. dubna v Poznani. <strong>Mezin\u00e1rodn\u00ed veletrh bezpe\u010dnosti pr\u00e1ce, po\u017e\u00e1rn\u00ed ochrany a z\u00e1chran\u00e1\u0159stv\u00ed SAWO je<\/strong> nejv\u011bt\u0161\u00edm veletrhem BOZP ve st\u0159edn\u00ed a v\u00fdchodn\u00ed Evrop\u011b.<\/p>\n\n\n\n<p>B\u011bhem akce <strong>budou p\u0159edstaveny<\/strong> nejnov\u011bj\u0161\u00ed \u00fasp\u011bchy polsk\u00fdch a mezin\u00e1rodn\u00edch <strong>v\u00fdrobc\u016f za\u0159\u00edzen\u00ed a \u0159e\u0161en\u00ed zam\u011b\u0159en\u00fdch na bezpe\u010dnost, ochranu zdrav\u00ed a pr\u00e1ci<\/strong>. Veletrh SAWO je tak\u00e9 prostorem pro prezentaci modern\u00edch technologi\u00ed pou\u017e\u00edvan\u00fdch p\u0159i specializovan\u00fdch z\u00e1chrann\u00fdch operac\u00edch. N\u00e1v\u0161t\u011bvn\u00edci se mohou t\u011b\u0161it nejen na rozmanitou v\u00fdstavu, ale tak\u00e9 na mo\u017enost z\u00fa\u010dastnit se tematick\u00fdch konferenc\u00ed a velkolep\u00fdch \u017eiv\u00fdch uk\u00e1zek.<\/p>\n\n\n\n<p>Diskuse o tom, jak spr\u00e1vn\u011b chr\u00e1nit zam\u011bstnance a majetek spole\u010dnosti p\u0159ed n\u00e1sledky lidsk\u00fdch chyb a nehod, prob\u00edhaj\u00ed ji\u017e \u0159adu let. Jednou z kl\u00ed\u010dov\u00fdch v\u00fdzev, kter\u00fdm \u010del\u00ed modern\u00ed zam\u011bstnavatel\u00e9, je nutnost p\u0159izp\u016fsobit ochranu za\u0159\u00edzen\u00ed dynamicky se m\u011bn\u00edc\u00edm podm\u00ednk\u00e1m na trhu a nov\u00fdm \u0159e\u0161en\u00edm a technologi\u00edm. O sv\u00e9 poznatky na toto t\u00e9ma se chceme pod\u011blit b\u011bhem veletrhu SAWO.<\/p>\n\n\n\n<p>Mezi nejv\u011bt\u0161\u00ed <a href=\"https:\/\/antersystem.com\/nasze-systemy\/\"><strong>v\u00fdhody flexibiln\u00edch bari\u00e9rov\u00fdch syst\u00e9m\u016f Anter System<\/strong><\/a> jsou jejich robustn\u00ed konstrukce a mo\u017enost flexibiln\u00edho roz\u0161\u00ed\u0159en\u00ed o dal\u0161\u00ed moduly. V\u00fdznamn\u00e1 je tak\u00e9 jejich p\u0159\u00edzniv\u00e1 cena &#8211; zejm\u00e9na ve vztahu ke kvalit\u011b v\u00fdrobk\u016f. Flexibiln\u00ed z\u00e1brany zvy\u0161uj\u00ed \u00farove\u0148 bezpe\u010dnosti operac\u00ed s vysokozdvi\u017en\u00fdmi voz\u00edky a pom\u00e1haj\u00ed chr\u00e1nit ostatn\u00ed zam\u011bstnance p\u0159ed n\u00e1sledky chyb obsluhy. Pou\u017eit\u00ed bari\u00e9r pohlcuj\u00edc\u00edch energii v pr\u016fmyslov\u00fdch za\u0159\u00edzen\u00edch z\u00e1rove\u0148 vede k m\u011b\u0159iteln\u00e9mu a dlouhodob\u00e9mu sn\u00ed\u017een\u00ed n\u00e1klad\u016f d\u00edky lep\u0161\u00ed ochran\u011b n\u00e1kladu a optimalizaci skladov\u00fdch prostor. Tyto v\u00fdrobky podporuj\u00ed bezpe\u010dn\u00e9 a pohodln\u00e9 skladov\u00e1n\u00ed zbo\u017e\u00ed ve velk\u00fdch v\u00fd\u0161k\u00e1ch, nap\u0159\u00edklad bez rizika n\u00e1hodn\u00e9ho posunut\u00ed.<\/p>\n\n\n\n<p>Tak na vid\u011bnou na nadch\u00e1zej\u00edc\u00edm ro\u010dn\u00edku! Zveme v\u00e1s, abyste si na\u0161e v\u00fdrobky prohl\u00e9dli zbl\u00edzka: <strong>Hala 3A (p\u0159\u00edzem\u00ed), st\u00e1nek \u010d. 121.<\/strong><\/p>\n\n\n\n<p>Odkaz na ud\u00e1lost: <a href=\"https:\/\/targisawo.pl\/pl\/program-wydarzen\/\"><strong>targisawo.pl<\/strong><\/a><\/p>\n\n\n\n<p><strong>#SAWO #tradefair #rescue #OHS<\/strong> <strong>#flexiblesafetybarriers<\/strong><\/p>\n<\/div>\n\n\n\n<div class=\"wp-block-column is-layout-flow wp-block-column-is-layout-flow\" style=\"flex-basis:10%\"><\/div>\n<\/div>\n<div class=\"wp-block-image\">\n<figure class=\"aligncenter size-large is-resized\"><img loading=\"lazy\" decoding=\"async\" width=\"1024\" height=\"535\" src=\"https:\/\/antersystem.com\/wp-content\/uploads\/SAWO-targi-ochrony-pracy-pozarnictwa-i-ratownictwa-Anter-System-1024x535.webp\" alt=\"\" class=\"wp-image-4389\" style=\"width:720px;height:auto\" srcset=\"https:\/\/antersystem.com\/wp-content\/uploads\/SAWO-targi-ochrony-pracy-pozarnictwa-i-ratownictwa-Anter-System-1024x535.webp 1024w, https:\/\/antersystem.com\/wp-content\/uploads\/SAWO-targi-ochrony-pracy-pozarnictwa-i-ratownictwa-Anter-System-300x157.webp 300w, https:\/\/antersystem.com\/wp-content\/uploads\/SAWO-targi-ochrony-pracy-pozarnictwa-i-ratownictwa-Anter-System-768x401.webp 768w, https:\/\/antersystem.com\/wp-content\/uploads\/SAWO-targi-ochrony-pracy-pozarnictwa-i-ratownictwa-Anter-System-450x235.webp 450w, https:\/\/antersystem.com\/wp-content\/uploads\/SAWO-targi-ochrony-pracy-pozarnictwa-i-ratownictwa-Anter-System-330x172.webp 330w, https:\/\/antersystem.com\/wp-content\/uploads\/SAWO-targi-ochrony-pracy-pozarnictwa-i-ratownictwa-Anter-System.webp 1200w\" sizes=\"auto, (max-width: 1024px) 100vw, 1024px\" \/><\/figure><\/div>","protected":false},"excerpt":{"rendered":"<p>Bezpe\u010dnost pr\u00e1ce a \u0159e\u0161en\u00ed mimo\u0159\u00e1dn\u00fdch ud\u00e1lost\u00ed &#8211; veletrh SAWO&#8217;24 v Poznani. Kdyby byly v\u00fdrobn\u00ed haly, sklady a dal\u0161\u00ed pr\u016fmyslov\u00e9 objekty l\u00e9pe chr\u00e1n\u011bny, po\u010det nehod by byl jist\u011b mnohem ni\u017e\u0161\u00ed. Zd\u00e1 se, \u017ee roz\u0161i\u0159ov\u00e1n\u00ed znalost\u00ed v t\u00e9to oblasti by mohlo b\u00fdt nekone\u010dn\u00e9 &#8211; a to je dob\u0159e. Dal\u0161\u00ed p\u0159\u00edle\u017eitost se naskytne v druh\u00e9 polovin\u011b dubna, a [&hellip;]<\/p>\n","protected":false},"author":1,"featured_media":0,"parent":30524,"menu_order":0,"comment_status":"closed","ping_status":"closed","template":"","meta":{"inline_featured_image":false,"ngg_post_thumbnail":0,"footnotes":""},"class_list":["post-15592","page","type-page","status-publish","hentry"],"acf":[],"yoast_head":"<!-- This site is optimized with the Yoast SEO plugin v27.0 - https:\/\/yoast.com\/product\/yoast-seo-wordpress\/ -->\n<title>Veletrhy SAWO - Anter System<\/title>\n<meta name=\"description\" content=\"Bezpe\u010dnost pr\u00e1ce a \u0159e\u0161en\u00ed mimo\u0159\u00e1dn\u00fdch ud\u00e1lost\u00ed - veletrh SAWO&#039;24 v Poznani. Kdyby byly v\u00fdrobn\u00ed haly, sklady a dal\u0161\u00ed pr\u016fmyslov\u00e9 objekty l\u00e9pe chr\u00e1n\u011bny,\" \/>\n<meta name=\"robots\" content=\"index, follow, max-snippet:-1, max-image-preview:large, max-video-preview:-1\" \/>\n<link rel=\"canonical\" href=\"https:\/\/antersystem.com\/cs\/novinky\/sawo-2024\/\" \/>\n<meta property=\"og:locale\" content=\"cs_CZ\" \/>\n<meta property=\"og:type\" content=\"article\" \/>\n<meta property=\"og:title\" content=\"Veletrhy SAWO - Anter System\" \/>\n<meta property=\"og:description\" content=\"Bezpe\u010dnost pr\u00e1ce a \u0159e\u0161en\u00ed mimo\u0159\u00e1dn\u00fdch ud\u00e1lost\u00ed - veletrh SAWO&#039;24 v Poznani. Kdyby byly v\u00fdrobn\u00ed haly, sklady a dal\u0161\u00ed pr\u016fmyslov\u00e9 objekty l\u00e9pe chr\u00e1n\u011bny,\" \/>\n<meta property=\"og:url\" content=\"https:\/\/antersystem.com\/cs\/novinky\/sawo-2024\/\" \/>\n<meta property=\"og:site_name\" content=\"Anter System\" \/>\n<meta property=\"article:modified_time\" content=\"2026-01-30T13:30:54+00:00\" \/>\n<meta property=\"og:image\" content=\"https:\/\/antersystem.com\/wp-content\/uploads\/SAWO-targi-ochrony-pracy-pozarnictwa-i-ratownictwa-Anter-System-1024x535.webp\" \/>\n<meta name=\"twitter:card\" content=\"summary_large_image\" \/>\n<meta name=\"twitter:label1\" content=\"Odhadovan\u00e1 doba \u010dten\u00ed\" \/>\n\t<meta name=\"twitter:data1\" content=\"2 minuty\" \/>\n<script type=\"application\/ld+json\" class=\"yoast-schema-graph\">{\"@context\":\"https:\/\/schema.org\",\"@graph\":[{\"@type\":\"WebPage\",\"@id\":\"https:\/\/antersystem.com\/cs\/novinky\/sawo-2024\/\",\"url\":\"https:\/\/antersystem.com\/cs\/novinky\/sawo-2024\/\",\"name\":\"Veletrhy SAWO - Anter System\",\"isPartOf\":{\"@id\":\"https:\/\/antersystem.com\/cs\/#website\"},\"primaryImageOfPage\":{\"@id\":\"https:\/\/antersystem.com\/cs\/novinky\/sawo-2024\/#primaryimage\"},\"image\":{\"@id\":\"https:\/\/antersystem.com\/cs\/novinky\/sawo-2024\/#primaryimage\"},\"thumbnailUrl\":\"https:\/\/antersystem.com\/wp-content\/uploads\/SAWO-targi-ochrony-pracy-pozarnictwa-i-ratownictwa-Anter-System-1024x535.webp\",\"datePublished\":\"2024-03-26T12:03:30+00:00\",\"dateModified\":\"2026-01-30T13:30:54+00:00\",\"description\":\"Bezpe\u010dnost pr\u00e1ce a \u0159e\u0161en\u00ed mimo\u0159\u00e1dn\u00fdch ud\u00e1lost\u00ed - veletrh SAWO'24 v Poznani. Kdyby byly v\u00fdrobn\u00ed haly, sklady a dal\u0161\u00ed pr\u016fmyslov\u00e9 objekty l\u00e9pe chr\u00e1n\u011bny,\",\"breadcrumb\":{\"@id\":\"https:\/\/antersystem.com\/cs\/novinky\/sawo-2024\/#breadcrumb\"},\"inLanguage\":\"cs\",\"potentialAction\":[{\"@type\":\"ReadAction\",\"target\":[\"https:\/\/antersystem.com\/cs\/novinky\/sawo-2024\/\"]}]},{\"@type\":\"ImageObject\",\"inLanguage\":\"cs\",\"@id\":\"https:\/\/antersystem.com\/cs\/novinky\/sawo-2024\/#primaryimage\",\"url\":\"https:\/\/antersystem.com\/wp-content\/uploads\/SAWO-targi-ochrony-pracy-pozarnictwa-i-ratownictwa-Anter-System-1024x535.webp\",\"contentUrl\":\"https:\/\/antersystem.com\/wp-content\/uploads\/SAWO-targi-ochrony-pracy-pozarnictwa-i-ratownictwa-Anter-System-1024x535.webp\"},{\"@type\":\"BreadcrumbList\",\"@id\":\"https:\/\/antersystem.com\/cs\/novinky\/sawo-2024\/#breadcrumb\",\"itemListElement\":[{\"@type\":\"ListItem\",\"position\":1,\"name\":\"AnterSystem\",\"item\":\"https:\/\/antersystem.com\/cs\/\"},{\"@type\":\"ListItem\",\"position\":2,\"name\":\"Zpr\u00e1vy\",\"item\":\"https:\/\/antersystem.com\/cs\/novinky\/\"},{\"@type\":\"ListItem\",\"position\":3,\"name\":\"Veletrhy SAWO\"}]},{\"@type\":\"WebSite\",\"@id\":\"https:\/\/antersystem.com\/cs\/#website\",\"url\":\"https:\/\/antersystem.com\/cs\/\",\"name\":\"Anter System\",\"description\":\"Jeste\u015bmy polskim producentem elastycznych barier ochronnych wykonywanych z polimerowych tworzyw sztucznych. Na rynku krajowym i zagranicznym dzia\u0142amy od ponad 15 lat dbaj\u0105c o zapewnienie bezpiecze\u0144stwa w zak\u0142adach produkcyjnych, magazynach oraz centrach logistycznych.\",\"potentialAction\":[{\"@type\":\"SearchAction\",\"target\":{\"@type\":\"EntryPoint\",\"urlTemplate\":\"https:\/\/antersystem.com\/cs\/?s={search_term_string}\"},\"query-input\":{\"@type\":\"PropertyValueSpecification\",\"valueRequired\":true,\"valueName\":\"search_term_string\"}}],\"inLanguage\":\"cs\"}]}<\/script>\n<!-- \/ Yoast SEO plugin. -->","yoast_head_json":{"title":"Veletrhy SAWO - Anter System","description":"Bezpe\u010dnost pr\u00e1ce a \u0159e\u0161en\u00ed mimo\u0159\u00e1dn\u00fdch ud\u00e1lost\u00ed - veletrh SAWO'24 v Poznani. Kdyby byly v\u00fdrobn\u00ed haly, sklady a dal\u0161\u00ed pr\u016fmyslov\u00e9 objekty l\u00e9pe chr\u00e1n\u011bny,","robots":{"index":"index","follow":"follow","max-snippet":"max-snippet:-1","max-image-preview":"max-image-preview:large","max-video-preview":"max-video-preview:-1"},"canonical":"https:\/\/antersystem.com\/cs\/novinky\/sawo-2024\/","og_locale":"cs_CZ","og_type":"article","og_title":"Veletrhy SAWO - Anter System","og_description":"Bezpe\u010dnost pr\u00e1ce a \u0159e\u0161en\u00ed mimo\u0159\u00e1dn\u00fdch ud\u00e1lost\u00ed - veletrh SAWO'24 v Poznani. Kdyby byly v\u00fdrobn\u00ed haly, sklady a dal\u0161\u00ed pr\u016fmyslov\u00e9 objekty l\u00e9pe chr\u00e1n\u011bny,","og_url":"https:\/\/antersystem.com\/cs\/novinky\/sawo-2024\/","og_site_name":"Anter System","article_modified_time":"2026-01-30T13:30:54+00:00","og_image":[{"url":"https:\/\/antersystem.com\/wp-content\/uploads\/SAWO-targi-ochrony-pracy-pozarnictwa-i-ratownictwa-Anter-System-1024x535.webp","type":"","width":"","height":""}],"twitter_card":"summary_large_image","twitter_misc":{"Odhadovan\u00e1 doba \u010dten\u00ed":"2 minuty"},"schema":{"@context":"https:\/\/schema.org","@graph":[{"@type":"WebPage","@id":"https:\/\/antersystem.com\/cs\/novinky\/sawo-2024\/","url":"https:\/\/antersystem.com\/cs\/novinky\/sawo-2024\/","name":"Veletrhy SAWO - Anter System","isPartOf":{"@id":"https:\/\/antersystem.com\/cs\/#website"},"primaryImageOfPage":{"@id":"https:\/\/antersystem.com\/cs\/novinky\/sawo-2024\/#primaryimage"},"image":{"@id":"https:\/\/antersystem.com\/cs\/novinky\/sawo-2024\/#primaryimage"},"thumbnailUrl":"https:\/\/antersystem.com\/wp-content\/uploads\/SAWO-targi-ochrony-pracy-pozarnictwa-i-ratownictwa-Anter-System-1024x535.webp","datePublished":"2024-03-26T12:03:30+00:00","dateModified":"2026-01-30T13:30:54+00:00","description":"Bezpe\u010dnost pr\u00e1ce a \u0159e\u0161en\u00ed mimo\u0159\u00e1dn\u00fdch ud\u00e1lost\u00ed - veletrh SAWO'24 v Poznani. Kdyby byly v\u00fdrobn\u00ed haly, sklady a dal\u0161\u00ed pr\u016fmyslov\u00e9 objekty l\u00e9pe chr\u00e1n\u011bny,","breadcrumb":{"@id":"https:\/\/antersystem.com\/cs\/novinky\/sawo-2024\/#breadcrumb"},"inLanguage":"cs","potentialAction":[{"@type":"ReadAction","target":["https:\/\/antersystem.com\/cs\/novinky\/sawo-2024\/"]}]},{"@type":"ImageObject","inLanguage":"cs","@id":"https:\/\/antersystem.com\/cs\/novinky\/sawo-2024\/#primaryimage","url":"https:\/\/antersystem.com\/wp-content\/uploads\/SAWO-targi-ochrony-pracy-pozarnictwa-i-ratownictwa-Anter-System-1024x535.webp","contentUrl":"https:\/\/antersystem.com\/wp-content\/uploads\/SAWO-targi-ochrony-pracy-pozarnictwa-i-ratownictwa-Anter-System-1024x535.webp"},{"@type":"BreadcrumbList","@id":"https:\/\/antersystem.com\/cs\/novinky\/sawo-2024\/#breadcrumb","itemListElement":[{"@type":"ListItem","position":1,"name":"AnterSystem","item":"https:\/\/antersystem.com\/cs\/"},{"@type":"ListItem","position":2,"name":"Zpr\u00e1vy","item":"https:\/\/antersystem.com\/cs\/novinky\/"},{"@type":"ListItem","position":3,"name":"Veletrhy SAWO"}]},{"@type":"WebSite","@id":"https:\/\/antersystem.com\/cs\/#website","url":"https:\/\/antersystem.com\/cs\/","name":"Anter System","description":"Jeste\u015bmy polskim producentem elastycznych barier ochronnych wykonywanych z polimerowych tworzyw sztucznych. Na rynku krajowym i zagranicznym dzia\u0142amy od ponad 15 lat dbaj\u0105c o zapewnienie bezpiecze\u0144stwa w zak\u0142adach produkcyjnych, magazynach oraz centrach logistycznych.","potentialAction":[{"@type":"SearchAction","target":{"@type":"EntryPoint","urlTemplate":"https:\/\/antersystem.com\/cs\/?s={search_term_string}"},"query-input":{"@type":"PropertyValueSpecification","valueRequired":true,"valueName":"search_term_string"}}],"inLanguage":"cs"}]}},"_links":{"self":[{"href":"https:\/\/antersystem.com\/cs\/wp-json\/wp\/v2\/pages\/15592","targetHints":{"allow":["GET"]}}],"collection":[{"href":"https:\/\/antersystem.com\/cs\/wp-json\/wp\/v2\/pages"}],"about":[{"href":"https:\/\/antersystem.com\/cs\/wp-json\/wp\/v2\/types\/page"}],"author":[{"embeddable":true,"href":"https:\/\/antersystem.com\/cs\/wp-json\/wp\/v2\/users\/1"}],"replies":[{"embeddable":true,"href":"https:\/\/antersystem.com\/cs\/wp-json\/wp\/v2\/comments?post=15592"}],"version-history":[{"count":1,"href":"https:\/\/antersystem.com\/cs\/wp-json\/wp\/v2\/pages\/15592\/revisions"}],"predecessor-version":[{"id":15595,"href":"https:\/\/antersystem.com\/cs\/wp-json\/wp\/v2\/pages\/15592\/revisions\/15595"}],"up":[{"embeddable":true,"href":"https:\/\/antersystem.com\/cs\/wp-json\/wp\/v2\/pages\/30524"}],"wp:attachment":[{"href":"https:\/\/antersystem.com\/cs\/wp-json\/wp\/v2\/media?parent=15592"}],"curies":[{"name":"wp","href":"https:\/\/api.w.org\/{rel}","templated":true}]}}