{"id":15607,"date":"2023-10-09T09:58:06","date_gmt":"2023-10-09T07:58:06","guid":{"rendered":"https:\/\/new.antersystem.com\/modernlog-2023\/"},"modified":"2026-01-30T14:30:54","modified_gmt":"2026-01-30T13:30:54","slug":"modernlog-2023","status":"publish","type":"page","link":"https:\/\/antersystem.com\/cs\/novinky\/modernlog-2023\/","title":{"rendered":"Modernlog 2023"},"content":{"rendered":"\n<div class=\"wp-block-columns is-layout-flex wp-container-core-columns-is-layout-9d6595d7 wp-block-columns-is-layout-flex\">\n<div class=\"wp-block-column is-layout-flow wp-block-column-is-layout-flow\" style=\"flex-basis:10%\"><\/div>\n\n\n\n<div class=\"wp-block-column is-layout-flow wp-block-column-is-layout-flow\">\n<h3 class=\"wp-block-heading\">Anter System na Modernlog 2023<\/h3>\n\n\n\n<p style=\"text-align: left;\">Jsme r\u00e1di, \u017ee jsme se mohli z\u00fa\u010dastnit veletrhu Modernlog &#8211; p\u0159edn\u00edho veletrhu v oblasti logistiky, skladov\u00e1n\u00ed a dopravy. Jako renomovan\u00fd v\u00fdrobce flexibiln\u00edch bezpe\u010dnostn\u00edch z\u00e1bran m\u011bla spole\u010dnost Anter System skv\u011blou p\u0159\u00edle\u017eitost p\u0159edstavit sv\u00e1 inovativn\u00ed \u0159e\u0161en\u00ed \u0161irok\u00e9mu odborn\u00e9mu publiku.<\/p>\n<p style=\"text-align: left;\">Zveme v\u00e1s ke shl\u00e9dnut\u00ed na\u0161eho souhrnn\u00e9ho videa z t\u00e9to ud\u00e1losti. Zjist\u011bte, jak p\u0159edstavujeme na\u0161e \u0159e\u0161en\u00ed ur\u010den\u00e1 k optimalizaci logistick\u00fdch operac\u00ed zv\u00fd\u0161en\u00edm bezpe\u010dnosti a efektivity ve skladov\u00e9m prost\u0159ed\u00ed. Ve videu jsou tak\u00e9 zachyceny na\u0161e interakce s klienty a partnery a na\u0161e \u00fa\u010dast v inspirativn\u00edch diskus\u00edch o budoucnosti tohoto odv\u011btv\u00ed.<\/p>\n<p style=\"text-align: left;\">B\u011bhem veletrhu Modernlog z\u00edskaly na\u0161e flexibiln\u00ed bezpe\u010dnostn\u00ed z\u00e1brany uzn\u00e1n\u00ed mnoha odborn\u00edk\u016f z oboru, co\u017e potvrdilo, \u017ee spole\u010dnost Anter System stoj\u00ed v \u010dele inovac\u00ed v oblasti bezpe\u010dnosti sklad\u016f.<\/p>\n<p style=\"text-align: left;\">Srde\u010dn\u011b v\u00e1s zveme ke zhl\u00e9dnut\u00ed videa a pro\u017eit\u00ed atmosf\u00e9ry t\u00e9to inspirativn\u00ed akce. Pod\u00edvejte se, jak spole\u010dnost Anter System p\u0159isp\u00edv\u00e1 k utv\u00e1\u0159en\u00ed budoucnosti logistick\u00e9ho odv\u011btv\u00ed.<\/p>\n\n\n<p><video style=\"width: 100%; height: auto;\" controls><source src=\"https:\/\/antersystem.com\/wp-content\/uploads\/antersystem_small_Modernlog.mp4\" type=\"video\/mp4\"><\/video><\/p>\n<\/div>\n\n\n\n<div class=\"wp-block-column is-layout-flow wp-block-column-is-layout-flow\" style=\"flex-basis:10%\"><\/div>\n<\/div>\n","protected":false},"excerpt":{"rendered":"<p>Anter System na Modernlog 2023 Jsme r\u00e1di, \u017ee jsme se mohli z\u00fa\u010dastnit veletrhu Modernlog &#8211; p\u0159edn\u00edho veletrhu v oblasti logistiky, skladov\u00e1n\u00ed a dopravy. Jako renomovan\u00fd v\u00fdrobce flexibiln\u00edch bezpe\u010dnostn\u00edch z\u00e1bran m\u011bla spole\u010dnost Anter System skv\u011blou p\u0159\u00edle\u017eitost p\u0159edstavit sv\u00e1 inovativn\u00ed \u0159e\u0161en\u00ed \u0161irok\u00e9mu odborn\u00e9mu publiku. Zveme v\u00e1s ke shl\u00e9dnut\u00ed na\u0161eho souhrnn\u00e9ho videa z t\u00e9to ud\u00e1losti. Zjist\u011bte, jak p\u0159edstavujeme [&hellip;]<\/p>\n","protected":false},"author":1,"featured_media":0,"parent":30524,"menu_order":0,"comment_status":"closed","ping_status":"closed","template":"","meta":{"inline_featured_image":false,"ngg_post_thumbnail":0,"footnotes":""},"class_list":["post-15607","page","type-page","status-publish","hentry"],"acf":[],"yoast_head":"<!-- This site is optimized with the Yoast SEO plugin v27.0 - https:\/\/yoast.com\/product\/yoast-seo-wordpress\/ -->\n<title>Modernlog 2023 - Anter System<\/title>\n<meta name=\"description\" content=\"Anter System, jako renomowany producent elastycznych barier ochronnych, mia\u0142 niezwyk\u0142\u0105 okazj\u0119, aby zaprezentowa\u0107 swoje innowacyjne rozwi\u0105zania szerokiej publiczno\u015bci z bran\u017cy podczas targ\u00f3w Modernlog 2023.\" \/>\n<meta name=\"robots\" content=\"index, follow, max-snippet:-1, max-image-preview:large, max-video-preview:-1\" \/>\n<link rel=\"canonical\" href=\"https:\/\/antersystem.com\/cs\/novinky\/modernlog-2023\/\" \/>\n<meta property=\"og:locale\" content=\"cs_CZ\" \/>\n<meta property=\"og:type\" content=\"article\" \/>\n<meta property=\"og:title\" content=\"Modernlog 2023 - Anter System\" \/>\n<meta property=\"og:description\" content=\"Anter System, jako renomowany producent elastycznych barier ochronnych, mia\u0142 niezwyk\u0142\u0105 okazj\u0119, aby zaprezentowa\u0107 swoje innowacyjne rozwi\u0105zania szerokiej publiczno\u015bci z bran\u017cy podczas targ\u00f3w Modernlog 2023.\" \/>\n<meta property=\"og:url\" content=\"https:\/\/antersystem.com\/cs\/novinky\/modernlog-2023\/\" \/>\n<meta property=\"og:site_name\" content=\"Anter System\" \/>\n<meta property=\"article:modified_time\" content=\"2026-01-30T13:30:54+00:00\" \/>\n<meta name=\"twitter:card\" content=\"summary_large_image\" \/>\n<meta name=\"twitter:label1\" content=\"Odhadovan\u00e1 doba \u010dten\u00ed\" \/>\n\t<meta name=\"twitter:data1\" content=\"1 minuta\" \/>\n<script type=\"application\/ld+json\" class=\"yoast-schema-graph\">{\"@context\":\"https:\/\/schema.org\",\"@graph\":[{\"@type\":\"WebPage\",\"@id\":\"https:\/\/antersystem.com\/cs\/novinky\/modernlog-2023\/\",\"url\":\"https:\/\/antersystem.com\/cs\/novinky\/modernlog-2023\/\",\"name\":\"Modernlog 2023 - Anter System\",\"isPartOf\":{\"@id\":\"https:\/\/antersystem.com\/cs\/#website\"},\"datePublished\":\"2023-10-09T07:58:06+00:00\",\"dateModified\":\"2026-01-30T13:30:54+00:00\",\"description\":\"Anter System, jako renomowany producent elastycznych barier ochronnych, mia\u0142 niezwyk\u0142\u0105 okazj\u0119, aby zaprezentowa\u0107 swoje innowacyjne rozwi\u0105zania szerokiej publiczno\u015bci z bran\u017cy podczas targ\u00f3w Modernlog 2023.\",\"breadcrumb\":{\"@id\":\"https:\/\/antersystem.com\/cs\/novinky\/modernlog-2023\/#breadcrumb\"},\"inLanguage\":\"cs\",\"potentialAction\":[{\"@type\":\"ReadAction\",\"target\":[\"https:\/\/antersystem.com\/cs\/novinky\/modernlog-2023\/\"]}]},{\"@type\":\"BreadcrumbList\",\"@id\":\"https:\/\/antersystem.com\/cs\/novinky\/modernlog-2023\/#breadcrumb\",\"itemListElement\":[{\"@type\":\"ListItem\",\"position\":1,\"name\":\"AnterSystem\",\"item\":\"https:\/\/antersystem.com\/cs\/\"},{\"@type\":\"ListItem\",\"position\":2,\"name\":\"Zpr\u00e1vy\",\"item\":\"https:\/\/antersystem.com\/cs\/novinky\/\"},{\"@type\":\"ListItem\",\"position\":3,\"name\":\"Modernlog 2023\"}]},{\"@type\":\"WebSite\",\"@id\":\"https:\/\/antersystem.com\/cs\/#website\",\"url\":\"https:\/\/antersystem.com\/cs\/\",\"name\":\"Anter System\",\"description\":\"Jeste\u015bmy polskim producentem elastycznych barier ochronnych wykonywanych z polimerowych tworzyw sztucznych. Na rynku krajowym i zagranicznym dzia\u0142amy od ponad 15 lat dbaj\u0105c o zapewnienie bezpiecze\u0144stwa w zak\u0142adach produkcyjnych, magazynach oraz centrach logistycznych.\",\"potentialAction\":[{\"@type\":\"SearchAction\",\"target\":{\"@type\":\"EntryPoint\",\"urlTemplate\":\"https:\/\/antersystem.com\/cs\/?s={search_term_string}\"},\"query-input\":{\"@type\":\"PropertyValueSpecification\",\"valueRequired\":true,\"valueName\":\"search_term_string\"}}],\"inLanguage\":\"cs\"}]}<\/script>\n<!-- \/ Yoast SEO plugin. -->","yoast_head_json":{"title":"Modernlog 2023 - Anter System","description":"Anter System, jako renomowany producent elastycznych barier ochronnych, mia\u0142 niezwyk\u0142\u0105 okazj\u0119, aby zaprezentowa\u0107 swoje innowacyjne rozwi\u0105zania szerokiej publiczno\u015bci z bran\u017cy podczas targ\u00f3w Modernlog 2023.","robots":{"index":"index","follow":"follow","max-snippet":"max-snippet:-1","max-image-preview":"max-image-preview:large","max-video-preview":"max-video-preview:-1"},"canonical":"https:\/\/antersystem.com\/cs\/novinky\/modernlog-2023\/","og_locale":"cs_CZ","og_type":"article","og_title":"Modernlog 2023 - Anter System","og_description":"Anter System, jako renomowany producent elastycznych barier ochronnych, mia\u0142 niezwyk\u0142\u0105 okazj\u0119, aby zaprezentowa\u0107 swoje innowacyjne rozwi\u0105zania szerokiej publiczno\u015bci z bran\u017cy podczas targ\u00f3w Modernlog 2023.","og_url":"https:\/\/antersystem.com\/cs\/novinky\/modernlog-2023\/","og_site_name":"Anter System","article_modified_time":"2026-01-30T13:30:54+00:00","twitter_card":"summary_large_image","twitter_misc":{"Odhadovan\u00e1 doba \u010dten\u00ed":"1 minuta"},"schema":{"@context":"https:\/\/schema.org","@graph":[{"@type":"WebPage","@id":"https:\/\/antersystem.com\/cs\/novinky\/modernlog-2023\/","url":"https:\/\/antersystem.com\/cs\/novinky\/modernlog-2023\/","name":"Modernlog 2023 - Anter System","isPartOf":{"@id":"https:\/\/antersystem.com\/cs\/#website"},"datePublished":"2023-10-09T07:58:06+00:00","dateModified":"2026-01-30T13:30:54+00:00","description":"Anter System, jako renomowany producent elastycznych barier ochronnych, mia\u0142 niezwyk\u0142\u0105 okazj\u0119, aby zaprezentowa\u0107 swoje innowacyjne rozwi\u0105zania szerokiej publiczno\u015bci z bran\u017cy podczas targ\u00f3w Modernlog 2023.","breadcrumb":{"@id":"https:\/\/antersystem.com\/cs\/novinky\/modernlog-2023\/#breadcrumb"},"inLanguage":"cs","potentialAction":[{"@type":"ReadAction","target":["https:\/\/antersystem.com\/cs\/novinky\/modernlog-2023\/"]}]},{"@type":"BreadcrumbList","@id":"https:\/\/antersystem.com\/cs\/novinky\/modernlog-2023\/#breadcrumb","itemListElement":[{"@type":"ListItem","position":1,"name":"AnterSystem","item":"https:\/\/antersystem.com\/cs\/"},{"@type":"ListItem","position":2,"name":"Zpr\u00e1vy","item":"https:\/\/antersystem.com\/cs\/novinky\/"},{"@type":"ListItem","position":3,"name":"Modernlog 2023"}]},{"@type":"WebSite","@id":"https:\/\/antersystem.com\/cs\/#website","url":"https:\/\/antersystem.com\/cs\/","name":"Anter System","description":"Jeste\u015bmy polskim producentem elastycznych barier ochronnych wykonywanych z polimerowych tworzyw sztucznych. Na rynku krajowym i zagranicznym dzia\u0142amy od ponad 15 lat dbaj\u0105c o zapewnienie bezpiecze\u0144stwa w zak\u0142adach produkcyjnych, magazynach oraz centrach logistycznych.","potentialAction":[{"@type":"SearchAction","target":{"@type":"EntryPoint","urlTemplate":"https:\/\/antersystem.com\/cs\/?s={search_term_string}"},"query-input":{"@type":"PropertyValueSpecification","valueRequired":true,"valueName":"search_term_string"}}],"inLanguage":"cs"}]}},"_links":{"self":[{"href":"https:\/\/antersystem.com\/cs\/wp-json\/wp\/v2\/pages\/15607","targetHints":{"allow":["GET"]}}],"collection":[{"href":"https:\/\/antersystem.com\/cs\/wp-json\/wp\/v2\/pages"}],"about":[{"href":"https:\/\/antersystem.com\/cs\/wp-json\/wp\/v2\/types\/page"}],"author":[{"embeddable":true,"href":"https:\/\/antersystem.com\/cs\/wp-json\/wp\/v2\/users\/1"}],"replies":[{"embeddable":true,"href":"https:\/\/antersystem.com\/cs\/wp-json\/wp\/v2\/comments?post=15607"}],"version-history":[{"count":1,"href":"https:\/\/antersystem.com\/cs\/wp-json\/wp\/v2\/pages\/15607\/revisions"}],"predecessor-version":[{"id":15610,"href":"https:\/\/antersystem.com\/cs\/wp-json\/wp\/v2\/pages\/15607\/revisions\/15610"}],"up":[{"embeddable":true,"href":"https:\/\/antersystem.com\/cs\/wp-json\/wp\/v2\/pages\/30524"}],"wp:attachment":[{"href":"https:\/\/antersystem.com\/cs\/wp-json\/wp\/v2\/media?parent=15607"}],"curies":[{"name":"wp","href":"https:\/\/api.w.org\/{rel}","templated":true}]}}