{"id":15660,"date":"2023-11-15T15:46:20","date_gmt":"2023-11-15T14:46:20","guid":{"rendered":"https:\/\/new.antersystem.com\/axon-intralogistyka-magazynowanie-2023\/"},"modified":"2026-01-30T14:30:54","modified_gmt":"2026-01-30T13:30:54","slug":"axon-intralogistyka-magazynowanie-2023","status":"publish","type":"page","link":"https:\/\/antersystem.com\/cs\/novinky\/axon-intralogistyka-magazynowanie-2023\/","title":{"rendered":"Jak efektivn\u011b vyu\u017e\u00edt prostor a bezpe\u010dn\u011b skladovat?"},"content":{"rendered":"\n<div class=\"wp-block-columns is-layout-flex wp-container-core-columns-is-layout-9d6595d7 wp-block-columns-is-layout-flex\">\n  \n  <div class=\"wp-block-column is-layout-flow wp-block-column-is-layout-flow\" style=\"flex-basis:10%\"><\/div>\n  \n\n  \n  <div class=\"wp-block-column is-layout-flow wp-block-column-is-layout-flow\">\n    \n    <h3 class=\"wp-block-heading\">Jak efektivn\u011b vyu\u017e\u00edt prostor a zajistit bezpe\u010dn\u00e9 skladov\u00e1n\u00ed?<\/h3>\n    \n\n    \n    <p><strong>P\u0159ipojte se k n\u00e1m 23. listopadu na bezplatnou technickou konferenci na adrese <\/strong><strong>Terminal Hotel \/ Wroc\u0142aw &#8211; <\/strong><strong><a href=\"https:\/\/www.axonmedia.pl\/konferencje\/program\/intralogistyka-magazynowanie-2023-wroclaw\/\">&#8222;Rozwi\u0105zania intralogistyczne i magazynowe&#8220;<\/a><\/strong><\/p>\n    <p>Praktici a odborn\u00edci z r\u016fzn\u00fdch odv\u011btv\u00ed se zde pod\u011bl\u00ed o sv\u00e9 znalosti a zku\u0161enosti se zlep\u0161ov\u00e1n\u00edm intern\u00edch proces\u016f a budou diskutovat o probl\u00e9mech a chyb\u00e1ch, kter\u00e9 vznikaj\u00ed p\u0159i p\u0159izp\u016fsobov\u00e1n\u00ed logistick\u00fdch operac\u00ed pot\u0159eb\u00e1m modern\u00edch za\u0159\u00edzen\u00ed.<\/p>\n    <p>Odborn\u00edci ze spole\u010dnosti Anter System budou na m\u00edst\u011b p\u0159edv\u00e1d\u011bt, jak implementovat \u0159e\u0161en\u00ed, kter\u00e1 \u0161et\u0159\u00ed \u010das i pen\u00edze. Najdete je v showroomu flexibiln\u00edch bezpe\u010dnostn\u00edch z\u00e1bran. <a href=\"https:\/\/antersystem.com\/wiedza-i-nowosci\/bariery-ochronne-z-polimerowych-tworzyw\/\">Nejnov\u011bj\u0161\u00ed v\u00fdrobky z<\/a> t\u00e9to kategorie budou p\u0159edv\u00e1d\u011bny po cel\u00fd den. Pokud se pr\u00e1v\u011b chyst\u00e1te zm\u011bnit sv\u016fj dodavatelsk\u00fd \u0159et\u011bzec, optimalizovat rozlo\u017een\u00ed v\u00fdroby nebo zav\u00e9st automatizaci proces\u016f &#8211; p\u0159ij\u010fte mezi n\u00e1s! Poj\u010fme si promluvit o tom, jak zv\u00fd\u0161it bezpe\u010dnostn\u00ed standardy ve va\u0161ich za\u0159\u00edzen\u00edch a integrovat ochrann\u00e1 za\u0159\u00edzen\u00ed se syst\u00e9my automatizace budov. I kdy\u017e se t\u011bmito t\u00e9maty teprve zab\u00fdv\u00e1te, bezpe\u010dnostn\u00ed bari\u00e9ry a produkty, jako jsou stojany na p\u0159\u00edv\u011bsy, v\u00e1m pomohou zjistit, jak takov\u00e1 zlep\u0161en\u00ed zvy\u0161uj\u00ed kvalitu pracovi\u0161t\u011b i finan\u010dn\u00ed efektivitu.<\/p>\n    <p><strong>Program konference pokr\u00fdv\u00e1<\/strong> \u0161irokou \u0161k\u00e1lu t\u00e9mat, <strong>kter\u00e1<\/strong> umo\u017en\u00ed ka\u017ed\u00e9mu \u00fa\u010dastn\u00edkovi naj\u00edt technologick\u00e1 \u0159e\u0161en\u00ed \u0161it\u00e1 na m\u00edru jeho pot\u0159eb\u00e1m.<\/p>\n    <p>O den d\u0159\u00edve, <strong>22. listopadu,<\/strong> se <strong>na<\/strong> stejn\u00e9m <strong>m\u00edst\u011b<\/strong> uskute\u010dn\u00ed dal\u0161\u00ed technick\u00e1 konference &#8211; &#8220; <strong>Spolehlivost a \u00fadr\u017eba ve v\u00fdrobn\u00edch za\u0159\u00edzen\u00edch&#8220; &#8211; kterou<\/strong> jm\u00e9nem po\u0159adatele, spole\u010dnosti Axon Media, rovn\u011b\u017e v\u0159ele doporu\u010dujeme.<\/p>\n    <p>&nbsp;<\/p>\n    <p>Hotel Terminal &#8211; Dynamic Congress Centre<br>Rakietowa 33<br>54-615 Wroc\u0142aw<\/p>\n    <p>&nbsp;<\/p>\n    \n\n    <div class=\"wp-block-image\">\n    <figure class=\"aligncenter size-large is-resized\"><img loading=\"lazy\" decoding=\"async\" width=\"1024\" height=\"535\" src=\"https:\/\/antersystem.com\/wp-content\/uploads\/Konferencja-Axon-Media-Anter-System-2023-2-1024x535.jpg\" alt=\"Anter System na technick&#xE9; konferenci Axon Media 2023\" class=\"wp-image-3540\" style=\"width:714px;height:auto\" srcset=\"https:\/\/antersystem.com\/wp-content\/uploads\/Konferencja-Axon-Media-Anter-System-2023-2-1024x535.jpg 1024w, https:\/\/antersystem.com\/wp-content\/uploads\/Konferencja-Axon-Media-Anter-System-2023-2-300x157.jpg 300w, https:\/\/antersystem.com\/wp-content\/uploads\/Konferencja-Axon-Media-Anter-System-2023-2-768x401.jpg 768w, https:\/\/antersystem.com\/wp-content\/uploads\/Konferencja-Axon-Media-Anter-System-2023-2-450x235.jpg 450w, https:\/\/antersystem.com\/wp-content\/uploads\/Konferencja-Axon-Media-Anter-System-2023-2-330x172.jpg 330w, https:\/\/antersystem.com\/wp-content\/uploads\/Konferencja-Axon-Media-Anter-System-2023-2.jpg 1200w\" sizes=\"auto, (max-width: 1024px) 100vw, 1024px\" \/><\/figure><\/div>\n  <\/div>\n  \n\n  \n  <div class=\"wp-block-column is-layout-flow wp-block-column-is-layout-flow\" style=\"flex-basis:10%\"><\/div>\n  \n<\/div>\n","protected":false},"excerpt":{"rendered":"<p>Jak efektivn\u011b vyu\u017e\u00edt prostor a zajistit bezpe\u010dn\u00e9 skladov\u00e1n\u00ed? P\u0159ipojte se k n\u00e1m 23. listopadu na bezplatnou technickou konferenci na adrese Terminal Hotel \/ Wroc\u0142aw &#8211; &#8222;Rozwi\u0105zania intralogistyczne i magazynowe&#8220; Praktici a odborn\u00edci z r\u016fzn\u00fdch odv\u011btv\u00ed se zde pod\u011bl\u00ed o sv\u00e9 znalosti a zku\u0161enosti se zlep\u0161ov\u00e1n\u00edm intern\u00edch proces\u016f a budou diskutovat o probl\u00e9mech a chyb\u00e1ch, kter\u00e9 [&hellip;]<\/p>\n","protected":false},"author":1,"featured_media":0,"parent":30524,"menu_order":0,"comment_status":"closed","ping_status":"closed","template":"","meta":{"inline_featured_image":false,"ngg_post_thumbnail":0,"footnotes":""},"class_list":["post-15660","page","type-page","status-publish","hentry"],"acf":[],"yoast_head":"<!-- This site is optimized with the Yoast SEO plugin v27.0 - https:\/\/yoast.com\/product\/yoast-seo-wordpress\/ -->\n<title>Jak efektivn\u011b vyu\u017e\u00edt prostor a bezpe\u010dn\u011b skladovat? - Anter System<\/title>\n<meta name=\"description\" content=\"Jak efektivn\u011b vyu\u017e\u00edt prostor a zajistit bezpe\u010dn\u00e9 skladov\u00e1n\u00ed? P\u0159ipojte se k n\u00e1m 23. listopadu na bezplatnou technickou konferenci na adrese Terminal Hotel\" \/>\n<meta name=\"robots\" content=\"index, follow, max-snippet:-1, max-image-preview:large, max-video-preview:-1\" \/>\n<link rel=\"canonical\" href=\"https:\/\/antersystem.com\/cs\/novinky\/axon-intralogistyka-magazynowanie-2023\/\" \/>\n<meta property=\"og:locale\" content=\"cs_CZ\" \/>\n<meta property=\"og:type\" content=\"article\" \/>\n<meta property=\"og:title\" content=\"Jak efektivn\u011b vyu\u017e\u00edt prostor a bezpe\u010dn\u011b skladovat? - Anter System\" \/>\n<meta property=\"og:description\" content=\"Jak efektivn\u011b vyu\u017e\u00edt prostor a zajistit bezpe\u010dn\u00e9 skladov\u00e1n\u00ed? P\u0159ipojte se k n\u00e1m 23. listopadu na bezplatnou technickou konferenci na adrese Terminal Hotel\" \/>\n<meta property=\"og:url\" content=\"https:\/\/antersystem.com\/cs\/novinky\/axon-intralogistyka-magazynowanie-2023\/\" \/>\n<meta property=\"og:site_name\" content=\"Anter System\" \/>\n<meta property=\"article:modified_time\" content=\"2026-01-30T13:30:54+00:00\" \/>\n<meta property=\"og:image\" content=\"https:\/\/antersystem.com\/wp-content\/uploads\/Konferencja-Axon-Media-Anter-System-2023-2-1024x535.jpg\" \/>\n<meta name=\"twitter:card\" content=\"summary_large_image\" \/>\n<meta name=\"twitter:label1\" content=\"Odhadovan\u00e1 doba \u010dten\u00ed\" \/>\n\t<meta name=\"twitter:data1\" content=\"2 minuty\" \/>\n<script type=\"application\/ld+json\" class=\"yoast-schema-graph\">{\"@context\":\"https:\/\/schema.org\",\"@graph\":[{\"@type\":\"WebPage\",\"@id\":\"https:\/\/antersystem.com\/cs\/novinky\/axon-intralogistyka-magazynowanie-2023\/\",\"url\":\"https:\/\/antersystem.com\/cs\/novinky\/axon-intralogistyka-magazynowanie-2023\/\",\"name\":\"Jak efektivn\u011b vyu\u017e\u00edt prostor a bezpe\u010dn\u011b skladovat? - Anter System\",\"isPartOf\":{\"@id\":\"https:\/\/antersystem.com\/cs\/#website\"},\"primaryImageOfPage\":{\"@id\":\"https:\/\/antersystem.com\/cs\/novinky\/axon-intralogistyka-magazynowanie-2023\/#primaryimage\"},\"image\":{\"@id\":\"https:\/\/antersystem.com\/cs\/novinky\/axon-intralogistyka-magazynowanie-2023\/#primaryimage\"},\"thumbnailUrl\":\"https:\/\/antersystem.com\/wp-content\/uploads\/Konferencja-Axon-Media-Anter-System-2023-2-1024x535.jpg\",\"datePublished\":\"2023-11-15T14:46:20+00:00\",\"dateModified\":\"2026-01-30T13:30:54+00:00\",\"description\":\"Jak efektivn\u011b vyu\u017e\u00edt prostor a zajistit bezpe\u010dn\u00e9 skladov\u00e1n\u00ed? P\u0159ipojte se k n\u00e1m 23. listopadu na bezplatnou technickou konferenci na adrese Terminal Hotel\",\"breadcrumb\":{\"@id\":\"https:\/\/antersystem.com\/cs\/novinky\/axon-intralogistyka-magazynowanie-2023\/#breadcrumb\"},\"inLanguage\":\"cs\",\"potentialAction\":[{\"@type\":\"ReadAction\",\"target\":[\"https:\/\/antersystem.com\/cs\/novinky\/axon-intralogistyka-magazynowanie-2023\/\"]}]},{\"@type\":\"ImageObject\",\"inLanguage\":\"cs\",\"@id\":\"https:\/\/antersystem.com\/cs\/novinky\/axon-intralogistyka-magazynowanie-2023\/#primaryimage\",\"url\":\"https:\/\/antersystem.com\/wp-content\/uploads\/Konferencja-Axon-Media-Anter-System-2023-2-1024x535.jpg\",\"contentUrl\":\"https:\/\/antersystem.com\/wp-content\/uploads\/Konferencja-Axon-Media-Anter-System-2023-2-1024x535.jpg\"},{\"@type\":\"BreadcrumbList\",\"@id\":\"https:\/\/antersystem.com\/cs\/novinky\/axon-intralogistyka-magazynowanie-2023\/#breadcrumb\",\"itemListElement\":[{\"@type\":\"ListItem\",\"position\":1,\"name\":\"AnterSystem\",\"item\":\"https:\/\/antersystem.com\/cs\/\"},{\"@type\":\"ListItem\",\"position\":2,\"name\":\"Zpr\u00e1vy\",\"item\":\"https:\/\/antersystem.com\/cs\/novinky\/\"},{\"@type\":\"ListItem\",\"position\":3,\"name\":\"Jak efektivn\u011b vyu\u017e\u00edt prostor a bezpe\u010dn\u011b skladovat?\"}]},{\"@type\":\"WebSite\",\"@id\":\"https:\/\/antersystem.com\/cs\/#website\",\"url\":\"https:\/\/antersystem.com\/cs\/\",\"name\":\"Anter System\",\"description\":\"Jeste\u015bmy polskim producentem elastycznych barier ochronnych wykonywanych z polimerowych tworzyw sztucznych. Na rynku krajowym i zagranicznym dzia\u0142amy od ponad 15 lat dbaj\u0105c o zapewnienie bezpiecze\u0144stwa w zak\u0142adach produkcyjnych, magazynach oraz centrach logistycznych.\",\"potentialAction\":[{\"@type\":\"SearchAction\",\"target\":{\"@type\":\"EntryPoint\",\"urlTemplate\":\"https:\/\/antersystem.com\/cs\/?s={search_term_string}\"},\"query-input\":{\"@type\":\"PropertyValueSpecification\",\"valueRequired\":true,\"valueName\":\"search_term_string\"}}],\"inLanguage\":\"cs\"}]}<\/script>\n<!-- \/ Yoast SEO plugin. -->","yoast_head_json":{"title":"Jak efektivn\u011b vyu\u017e\u00edt prostor a bezpe\u010dn\u011b skladovat? - Anter System","description":"Jak efektivn\u011b vyu\u017e\u00edt prostor a zajistit bezpe\u010dn\u00e9 skladov\u00e1n\u00ed? P\u0159ipojte se k n\u00e1m 23. listopadu na bezplatnou technickou konferenci na adrese Terminal Hotel","robots":{"index":"index","follow":"follow","max-snippet":"max-snippet:-1","max-image-preview":"max-image-preview:large","max-video-preview":"max-video-preview:-1"},"canonical":"https:\/\/antersystem.com\/cs\/novinky\/axon-intralogistyka-magazynowanie-2023\/","og_locale":"cs_CZ","og_type":"article","og_title":"Jak efektivn\u011b vyu\u017e\u00edt prostor a bezpe\u010dn\u011b skladovat? - Anter System","og_description":"Jak efektivn\u011b vyu\u017e\u00edt prostor a zajistit bezpe\u010dn\u00e9 skladov\u00e1n\u00ed? P\u0159ipojte se k n\u00e1m 23. listopadu na bezplatnou technickou konferenci na adrese Terminal Hotel","og_url":"https:\/\/antersystem.com\/cs\/novinky\/axon-intralogistyka-magazynowanie-2023\/","og_site_name":"Anter System","article_modified_time":"2026-01-30T13:30:54+00:00","og_image":[{"url":"https:\/\/antersystem.com\/wp-content\/uploads\/Konferencja-Axon-Media-Anter-System-2023-2-1024x535.jpg","type":"","width":"","height":""}],"twitter_card":"summary_large_image","twitter_misc":{"Odhadovan\u00e1 doba \u010dten\u00ed":"2 minuty"},"schema":{"@context":"https:\/\/schema.org","@graph":[{"@type":"WebPage","@id":"https:\/\/antersystem.com\/cs\/novinky\/axon-intralogistyka-magazynowanie-2023\/","url":"https:\/\/antersystem.com\/cs\/novinky\/axon-intralogistyka-magazynowanie-2023\/","name":"Jak efektivn\u011b vyu\u017e\u00edt prostor a bezpe\u010dn\u011b skladovat? - Anter System","isPartOf":{"@id":"https:\/\/antersystem.com\/cs\/#website"},"primaryImageOfPage":{"@id":"https:\/\/antersystem.com\/cs\/novinky\/axon-intralogistyka-magazynowanie-2023\/#primaryimage"},"image":{"@id":"https:\/\/antersystem.com\/cs\/novinky\/axon-intralogistyka-magazynowanie-2023\/#primaryimage"},"thumbnailUrl":"https:\/\/antersystem.com\/wp-content\/uploads\/Konferencja-Axon-Media-Anter-System-2023-2-1024x535.jpg","datePublished":"2023-11-15T14:46:20+00:00","dateModified":"2026-01-30T13:30:54+00:00","description":"Jak efektivn\u011b vyu\u017e\u00edt prostor a zajistit bezpe\u010dn\u00e9 skladov\u00e1n\u00ed? P\u0159ipojte se k n\u00e1m 23. listopadu na bezplatnou technickou konferenci na adrese Terminal Hotel","breadcrumb":{"@id":"https:\/\/antersystem.com\/cs\/novinky\/axon-intralogistyka-magazynowanie-2023\/#breadcrumb"},"inLanguage":"cs","potentialAction":[{"@type":"ReadAction","target":["https:\/\/antersystem.com\/cs\/novinky\/axon-intralogistyka-magazynowanie-2023\/"]}]},{"@type":"ImageObject","inLanguage":"cs","@id":"https:\/\/antersystem.com\/cs\/novinky\/axon-intralogistyka-magazynowanie-2023\/#primaryimage","url":"https:\/\/antersystem.com\/wp-content\/uploads\/Konferencja-Axon-Media-Anter-System-2023-2-1024x535.jpg","contentUrl":"https:\/\/antersystem.com\/wp-content\/uploads\/Konferencja-Axon-Media-Anter-System-2023-2-1024x535.jpg"},{"@type":"BreadcrumbList","@id":"https:\/\/antersystem.com\/cs\/novinky\/axon-intralogistyka-magazynowanie-2023\/#breadcrumb","itemListElement":[{"@type":"ListItem","position":1,"name":"AnterSystem","item":"https:\/\/antersystem.com\/cs\/"},{"@type":"ListItem","position":2,"name":"Zpr\u00e1vy","item":"https:\/\/antersystem.com\/cs\/novinky\/"},{"@type":"ListItem","position":3,"name":"Jak efektivn\u011b vyu\u017e\u00edt prostor a bezpe\u010dn\u011b skladovat?"}]},{"@type":"WebSite","@id":"https:\/\/antersystem.com\/cs\/#website","url":"https:\/\/antersystem.com\/cs\/","name":"Anter System","description":"Jeste\u015bmy polskim producentem elastycznych barier ochronnych wykonywanych z polimerowych tworzyw sztucznych. Na rynku krajowym i zagranicznym dzia\u0142amy od ponad 15 lat dbaj\u0105c o zapewnienie bezpiecze\u0144stwa w zak\u0142adach produkcyjnych, magazynach oraz centrach logistycznych.","potentialAction":[{"@type":"SearchAction","target":{"@type":"EntryPoint","urlTemplate":"https:\/\/antersystem.com\/cs\/?s={search_term_string}"},"query-input":{"@type":"PropertyValueSpecification","valueRequired":true,"valueName":"search_term_string"}}],"inLanguage":"cs"}]}},"_links":{"self":[{"href":"https:\/\/antersystem.com\/cs\/wp-json\/wp\/v2\/pages\/15660","targetHints":{"allow":["GET"]}}],"collection":[{"href":"https:\/\/antersystem.com\/cs\/wp-json\/wp\/v2\/pages"}],"about":[{"href":"https:\/\/antersystem.com\/cs\/wp-json\/wp\/v2\/types\/page"}],"author":[{"embeddable":true,"href":"https:\/\/antersystem.com\/cs\/wp-json\/wp\/v2\/users\/1"}],"replies":[{"embeddable":true,"href":"https:\/\/antersystem.com\/cs\/wp-json\/wp\/v2\/comments?post=15660"}],"version-history":[{"count":1,"href":"https:\/\/antersystem.com\/cs\/wp-json\/wp\/v2\/pages\/15660\/revisions"}],"predecessor-version":[{"id":15663,"href":"https:\/\/antersystem.com\/cs\/wp-json\/wp\/v2\/pages\/15660\/revisions\/15663"}],"up":[{"embeddable":true,"href":"https:\/\/antersystem.com\/cs\/wp-json\/wp\/v2\/pages\/30524"}],"wp:attachment":[{"href":"https:\/\/antersystem.com\/cs\/wp-json\/wp\/v2\/media?parent=15660"}],"curies":[{"name":"wp","href":"https:\/\/api.w.org\/{rel}","templated":true}]}}