{"id":15680,"date":"2023-10-20T11:06:59","date_gmt":"2023-10-20T09:06:59","guid":{"rendered":"https:\/\/new.antersystem.com\/ecovadis-2023-anter-system\/"},"modified":"2026-01-30T14:30:54","modified_gmt":"2026-01-30T13:30:54","slug":"ecovadis-2023-anter-system","status":"publish","type":"page","link":"https:\/\/antersystem.com\/cs\/novinky\/ecovadis-2023-anter-system\/","title":{"rendered":"St\u0159\u00edbrn\u00fd certifik\u00e1t udr\u017eitelnosti EcoVadis"},"content":{"rendered":"\n<div class=\"wp-block-columns is-layout-flex wp-container-core-columns-is-layout-9d6595d7 wp-block-columns-is-layout-flex\">\n  \n  <div class=\"wp-block-column is-layout-flow wp-block-column-is-layout-flow\" style=\"flex-basis:10%\"><\/div>\n  \n\n  \n  <div class=\"wp-block-column is-layout-flow wp-block-column-is-layout-flow\">\n    \n    <h3 class=\"wp-block-heading\">Podnik\u00e1n\u00ed by m\u011blo respektovat \u017eivotn\u00ed prost\u0159ed\u00ed!  <br\/>V roce 2023 jsme z\u00edskali st\u0159\u00edbrn\u00fd certifik\u00e1t udr\u017eitelnosti EcoVadis.<\/h3>\n    \n\n    \n    <p>Je to velk\u00e1 pocta, kter\u00e1 korunuje na\u0161e \u00fasil\u00ed v oblasti ochrany \u017eivotn\u00edho prost\u0159ed\u00ed a spole\u010densk\u00e9 odpov\u011bdnosti. Chceme-li toto m\u00edsto i nad\u00e1le ob\u00fdvat, mus\u00edme udr\u017eovat jasn\u00e9 a respektuj\u00edc\u00ed vztahy mezi spole\u010dnost\u00ed, p\u0159\u00edrodou a jej\u00edm komer\u010dn\u00edm vyu\u017eit\u00edm.<\/p>\n\n    <h4>Certifik\u00e1t EcoVadis &#8211; co znamen\u00e1?<\/h4>\n    <p>Certifik\u00e1t EcoVadis potvrzuje, \u017ee spole\u010dnost \u00fa\u010dinn\u011b \u0159\u00edd\u00ed sv\u00e9 <strong>postupy<\/strong> <strong>CSR (Corporate Social Responsibility) a ESG (<\/strong> <strong>Environmental, Social and Governance).<\/strong>  Hodnot\u00ed v\u00fdkonnost podle mezin\u00e1rodn\u00edch standard\u016f v oblastech, jako jsou <strong>pracovn\u00ed pr\u00e1va, dopad na \u017eivotn\u00ed prost\u0159ed\u00ed, etika, udr\u017eiteln\u00e9 zad\u00e1v\u00e1n\u00ed ve\u0159ejn\u00fdch zak\u00e1zek a lidsk\u00e1 pr\u00e1va, a to ve 200 kategori\u00edch<\/strong>.<\/p>\n\n    <p>Glob\u00e1ln\u00ed t\u00fdm odborn\u00edk\u016f z r\u016fzn\u00fdch obor\u016f, kte\u0159\u00ed pracuj\u00ed prost\u0159ednictv\u00edm technologick\u00e9 platformy EcoVadis, hodnot\u00ed spole\u010dnosti na z\u00e1klad\u011b komplexn\u00edho hodnocen\u00ed udr\u017eitelnosti.  <strong>Pouze 25 % spole\u010dnost\u00ed na cel\u00e9m sv\u011bt\u011b, kter\u00e9 projdou t\u00edmto hodnot\u00edc\u00edm procesem, z\u00edsk\u00e1 st\u0159\u00edbrn\u00fd certifik\u00e1t &#8211; a my jsme hrd\u00ed, \u017ee pat\u0159\u00edme mezi n\u011b.<\/strong><\/p>\n\n    <p>\u00dasp\u011b\u0161n\u011b jsme dokon\u010dili hodnocen\u00ed a prok\u00e1zali jsme siln\u00fd syst\u00e9m \u0159\u00edzen\u00ed v souladu s metodikou EcoVadis. Certifikace zohled\u0148uje n\u00e1sleduj\u00edc\u00ed mezin\u00e1rodn\u00ed normy:<\/p>\n    <ul>\n      <li>S\u00ed\u0165 Global Compact OSN<\/li>\n      <li>Glob\u00e1ln\u00ed iniciativa pro pod\u00e1v\u00e1n\u00ed zpr\u00e1v (GRI)<\/li>\n      <li>\u00damluvy Mezin\u00e1rodn\u00ed organizace pr\u00e1ce (MOP)<\/li>\n      <li>Norma ISO 26000<\/li>\n      <li>Obecn\u00e9 z\u00e1sady OSN pro podnik\u00e1n\u00ed a lidsk\u00e1 pr\u00e1va<\/li>\n      <li>Pl\u00e1n CERES<\/li>\n    <\/ul>\n\n    <p><strong>D\u011bkujeme v\u0161em na\u0161im zam\u011bstnanc\u016fm a partner\u016fm za jejich pod\u00edl na dosa\u017een\u00ed tohoto miln\u00edku.<\/strong><\/p>\n    <p>&nbsp;<\/p>\n    \n  <\/div>\n  \n\n  \n  <div class=\"wp-block-column is-layout-flow wp-block-column-is-layout-flow\" style=\"flex-basis:10%\"><\/div>\n  \n<\/div>\n<div class=\"wp-block-image\">\n<figure class=\"aligncenter size-full is-resized\"><img loading=\"lazy\" decoding=\"async\" width=\"720\" height=\"480\" src=\"https:\/\/antersystem.com\/wp-content\/uploads\/eco-vadis-111-eng-edited.jpg\" alt=\"St&#x159;&#xED;brn&#xFD; certifik&#xE1;t udr&#x17E;itelnosti EcoVadis 2023\" class=\"wp-image-3096\" style=\"aspect-ratio:1.5;object-fit:cover;width:504px;height:auto\" srcset=\"https:\/\/antersystem.com\/wp-content\/uploads\/eco-vadis-111-eng-edited.jpg 720w, https:\/\/antersystem.com\/wp-content\/uploads\/eco-vadis-111-eng-edited-300x200.jpg 300w, https:\/\/antersystem.com\/wp-content\/uploads\/eco-vadis-111-eng-edited-450x300.jpg 450w, https:\/\/antersystem.com\/wp-content\/uploads\/eco-vadis-111-eng-edited-330x220.jpg 330w\" sizes=\"auto, (max-width: 720px) 100vw, 720px\" \/><\/figure><\/div>","protected":false},"excerpt":{"rendered":"<p>Podnik\u00e1n\u00ed by m\u011blo respektovat \u017eivotn\u00ed prost\u0159ed\u00ed! V roce 2023 jsme z\u00edskali st\u0159\u00edbrn\u00fd certifik\u00e1t udr\u017eitelnosti EcoVadis. Je to velk\u00e1 pocta, kter\u00e1 korunuje na\u0161e \u00fasil\u00ed v oblasti ochrany \u017eivotn\u00edho prost\u0159ed\u00ed a spole\u010densk\u00e9 odpov\u011bdnosti. Chceme-li toto m\u00edsto i nad\u00e1le ob\u00fdvat, mus\u00edme udr\u017eovat jasn\u00e9 a respektuj\u00edc\u00ed vztahy mezi spole\u010dnost\u00ed, p\u0159\u00edrodou a jej\u00edm komer\u010dn\u00edm vyu\u017eit\u00edm. Certifik\u00e1t EcoVadis &#8211; co znamen\u00e1? [&hellip;]<\/p>\n","protected":false},"author":1,"featured_media":0,"parent":30524,"menu_order":0,"comment_status":"closed","ping_status":"closed","template":"","meta":{"inline_featured_image":false,"ngg_post_thumbnail":0,"footnotes":""},"class_list":["post-15680","page","type-page","status-publish","hentry"],"acf":[],"yoast_head":"<!-- This site is optimized with the Yoast SEO plugin v27.0 - https:\/\/yoast.com\/product\/yoast-seo-wordpress\/ -->\n<title>St\u0159\u00edbrn\u00fd certifik\u00e1t udr\u017eitelnosti EcoVadis - Anter System<\/title>\n<meta name=\"description\" content=\"Podnik\u00e1n\u00ed by m\u011blo respektovat \u017eivotn\u00ed prost\u0159ed\u00ed! V roce 2023 jsme z\u00edskali st\u0159\u00edbrn\u00fd certifik\u00e1t udr\u017eitelnosti EcoVadis. Je to velk\u00e1 pocta, kter\u00e1 korunuje\" \/>\n<meta name=\"robots\" content=\"index, follow, max-snippet:-1, max-image-preview:large, max-video-preview:-1\" \/>\n<link rel=\"canonical\" href=\"https:\/\/antersystem.com\/cs\/novinky\/ecovadis-2023-anter-system\/\" \/>\n<meta property=\"og:locale\" content=\"cs_CZ\" \/>\n<meta property=\"og:type\" content=\"article\" \/>\n<meta property=\"og:title\" content=\"St\u0159\u00edbrn\u00fd certifik\u00e1t udr\u017eitelnosti EcoVadis - Anter System\" \/>\n<meta property=\"og:description\" content=\"Podnik\u00e1n\u00ed by m\u011blo respektovat \u017eivotn\u00ed prost\u0159ed\u00ed! V roce 2023 jsme z\u00edskali st\u0159\u00edbrn\u00fd certifik\u00e1t udr\u017eitelnosti EcoVadis. Je to velk\u00e1 pocta, kter\u00e1 korunuje\" \/>\n<meta property=\"og:url\" content=\"https:\/\/antersystem.com\/cs\/novinky\/ecovadis-2023-anter-system\/\" \/>\n<meta property=\"og:site_name\" content=\"Anter System\" \/>\n<meta property=\"article:modified_time\" content=\"2026-01-30T13:30:54+00:00\" \/>\n<meta property=\"og:image\" content=\"https:\/\/antersystem.com\/wp-content\/uploads\/eco-vadis-111-eng-edited.jpg\" \/>\n<meta name=\"twitter:card\" content=\"summary_large_image\" \/>\n<meta name=\"twitter:label1\" content=\"Odhadovan\u00e1 doba \u010dten\u00ed\" \/>\n\t<meta name=\"twitter:data1\" content=\"1 minuta\" \/>\n<script type=\"application\/ld+json\" class=\"yoast-schema-graph\">{\"@context\":\"https:\/\/schema.org\",\"@graph\":[{\"@type\":\"WebPage\",\"@id\":\"https:\/\/antersystem.com\/cs\/novinky\/ecovadis-2023-anter-system\/\",\"url\":\"https:\/\/antersystem.com\/cs\/novinky\/ecovadis-2023-anter-system\/\",\"name\":\"St\u0159\u00edbrn\u00fd certifik\u00e1t udr\u017eitelnosti EcoVadis - Anter System\",\"isPartOf\":{\"@id\":\"https:\/\/antersystem.com\/cs\/#website\"},\"primaryImageOfPage\":{\"@id\":\"https:\/\/antersystem.com\/cs\/novinky\/ecovadis-2023-anter-system\/#primaryimage\"},\"image\":{\"@id\":\"https:\/\/antersystem.com\/cs\/novinky\/ecovadis-2023-anter-system\/#primaryimage\"},\"thumbnailUrl\":\"https:\/\/antersystem.com\/wp-content\/uploads\/eco-vadis-111-eng-edited.jpg\",\"datePublished\":\"2023-10-20T09:06:59+00:00\",\"dateModified\":\"2026-01-30T13:30:54+00:00\",\"description\":\"Podnik\u00e1n\u00ed by m\u011blo respektovat \u017eivotn\u00ed prost\u0159ed\u00ed! V roce 2023 jsme z\u00edskali st\u0159\u00edbrn\u00fd certifik\u00e1t udr\u017eitelnosti EcoVadis. Je to velk\u00e1 pocta, kter\u00e1 korunuje\",\"breadcrumb\":{\"@id\":\"https:\/\/antersystem.com\/cs\/novinky\/ecovadis-2023-anter-system\/#breadcrumb\"},\"inLanguage\":\"cs\",\"potentialAction\":[{\"@type\":\"ReadAction\",\"target\":[\"https:\/\/antersystem.com\/cs\/novinky\/ecovadis-2023-anter-system\/\"]}]},{\"@type\":\"ImageObject\",\"inLanguage\":\"cs\",\"@id\":\"https:\/\/antersystem.com\/cs\/novinky\/ecovadis-2023-anter-system\/#primaryimage\",\"url\":\"https:\/\/antersystem.com\/wp-content\/uploads\/eco-vadis-111-eng-edited.jpg\",\"contentUrl\":\"https:\/\/antersystem.com\/wp-content\/uploads\/eco-vadis-111-eng-edited.jpg\"},{\"@type\":\"BreadcrumbList\",\"@id\":\"https:\/\/antersystem.com\/cs\/novinky\/ecovadis-2023-anter-system\/#breadcrumb\",\"itemListElement\":[{\"@type\":\"ListItem\",\"position\":1,\"name\":\"AnterSystem\",\"item\":\"https:\/\/antersystem.com\/cs\/\"},{\"@type\":\"ListItem\",\"position\":2,\"name\":\"Zpr\u00e1vy\",\"item\":\"https:\/\/antersystem.com\/cs\/novinky\/\"},{\"@type\":\"ListItem\",\"position\":3,\"name\":\"St\u0159\u00edbrn\u00fd certifik\u00e1t udr\u017eitelnosti EcoVadis\"}]},{\"@type\":\"WebSite\",\"@id\":\"https:\/\/antersystem.com\/cs\/#website\",\"url\":\"https:\/\/antersystem.com\/cs\/\",\"name\":\"Anter System\",\"description\":\"Jeste\u015bmy polskim producentem elastycznych barier ochronnych wykonywanych z polimerowych tworzyw sztucznych. Na rynku krajowym i zagranicznym dzia\u0142amy od ponad 15 lat dbaj\u0105c o zapewnienie bezpiecze\u0144stwa w zak\u0142adach produkcyjnych, magazynach oraz centrach logistycznych.\",\"potentialAction\":[{\"@type\":\"SearchAction\",\"target\":{\"@type\":\"EntryPoint\",\"urlTemplate\":\"https:\/\/antersystem.com\/cs\/?s={search_term_string}\"},\"query-input\":{\"@type\":\"PropertyValueSpecification\",\"valueRequired\":true,\"valueName\":\"search_term_string\"}}],\"inLanguage\":\"cs\"}]}<\/script>\n<!-- \/ Yoast SEO plugin. -->","yoast_head_json":{"title":"St\u0159\u00edbrn\u00fd certifik\u00e1t udr\u017eitelnosti EcoVadis - Anter System","description":"Podnik\u00e1n\u00ed by m\u011blo respektovat \u017eivotn\u00ed prost\u0159ed\u00ed! V roce 2023 jsme z\u00edskali st\u0159\u00edbrn\u00fd certifik\u00e1t udr\u017eitelnosti EcoVadis. Je to velk\u00e1 pocta, kter\u00e1 korunuje","robots":{"index":"index","follow":"follow","max-snippet":"max-snippet:-1","max-image-preview":"max-image-preview:large","max-video-preview":"max-video-preview:-1"},"canonical":"https:\/\/antersystem.com\/cs\/novinky\/ecovadis-2023-anter-system\/","og_locale":"cs_CZ","og_type":"article","og_title":"St\u0159\u00edbrn\u00fd certifik\u00e1t udr\u017eitelnosti EcoVadis - Anter System","og_description":"Podnik\u00e1n\u00ed by m\u011blo respektovat \u017eivotn\u00ed prost\u0159ed\u00ed! V roce 2023 jsme z\u00edskali st\u0159\u00edbrn\u00fd certifik\u00e1t udr\u017eitelnosti EcoVadis. Je to velk\u00e1 pocta, kter\u00e1 korunuje","og_url":"https:\/\/antersystem.com\/cs\/novinky\/ecovadis-2023-anter-system\/","og_site_name":"Anter System","article_modified_time":"2026-01-30T13:30:54+00:00","og_image":[{"url":"https:\/\/antersystem.com\/wp-content\/uploads\/eco-vadis-111-eng-edited.jpg","type":"","width":"","height":""}],"twitter_card":"summary_large_image","twitter_misc":{"Odhadovan\u00e1 doba \u010dten\u00ed":"1 minuta"},"schema":{"@context":"https:\/\/schema.org","@graph":[{"@type":"WebPage","@id":"https:\/\/antersystem.com\/cs\/novinky\/ecovadis-2023-anter-system\/","url":"https:\/\/antersystem.com\/cs\/novinky\/ecovadis-2023-anter-system\/","name":"St\u0159\u00edbrn\u00fd certifik\u00e1t udr\u017eitelnosti EcoVadis - Anter System","isPartOf":{"@id":"https:\/\/antersystem.com\/cs\/#website"},"primaryImageOfPage":{"@id":"https:\/\/antersystem.com\/cs\/novinky\/ecovadis-2023-anter-system\/#primaryimage"},"image":{"@id":"https:\/\/antersystem.com\/cs\/novinky\/ecovadis-2023-anter-system\/#primaryimage"},"thumbnailUrl":"https:\/\/antersystem.com\/wp-content\/uploads\/eco-vadis-111-eng-edited.jpg","datePublished":"2023-10-20T09:06:59+00:00","dateModified":"2026-01-30T13:30:54+00:00","description":"Podnik\u00e1n\u00ed by m\u011blo respektovat \u017eivotn\u00ed prost\u0159ed\u00ed! V roce 2023 jsme z\u00edskali st\u0159\u00edbrn\u00fd certifik\u00e1t udr\u017eitelnosti EcoVadis. Je to velk\u00e1 pocta, kter\u00e1 korunuje","breadcrumb":{"@id":"https:\/\/antersystem.com\/cs\/novinky\/ecovadis-2023-anter-system\/#breadcrumb"},"inLanguage":"cs","potentialAction":[{"@type":"ReadAction","target":["https:\/\/antersystem.com\/cs\/novinky\/ecovadis-2023-anter-system\/"]}]},{"@type":"ImageObject","inLanguage":"cs","@id":"https:\/\/antersystem.com\/cs\/novinky\/ecovadis-2023-anter-system\/#primaryimage","url":"https:\/\/antersystem.com\/wp-content\/uploads\/eco-vadis-111-eng-edited.jpg","contentUrl":"https:\/\/antersystem.com\/wp-content\/uploads\/eco-vadis-111-eng-edited.jpg"},{"@type":"BreadcrumbList","@id":"https:\/\/antersystem.com\/cs\/novinky\/ecovadis-2023-anter-system\/#breadcrumb","itemListElement":[{"@type":"ListItem","position":1,"name":"AnterSystem","item":"https:\/\/antersystem.com\/cs\/"},{"@type":"ListItem","position":2,"name":"Zpr\u00e1vy","item":"https:\/\/antersystem.com\/cs\/novinky\/"},{"@type":"ListItem","position":3,"name":"St\u0159\u00edbrn\u00fd certifik\u00e1t udr\u017eitelnosti EcoVadis"}]},{"@type":"WebSite","@id":"https:\/\/antersystem.com\/cs\/#website","url":"https:\/\/antersystem.com\/cs\/","name":"Anter System","description":"Jeste\u015bmy polskim producentem elastycznych barier ochronnych wykonywanych z polimerowych tworzyw sztucznych. Na rynku krajowym i zagranicznym dzia\u0142amy od ponad 15 lat dbaj\u0105c o zapewnienie bezpiecze\u0144stwa w zak\u0142adach produkcyjnych, magazynach oraz centrach logistycznych.","potentialAction":[{"@type":"SearchAction","target":{"@type":"EntryPoint","urlTemplate":"https:\/\/antersystem.com\/cs\/?s={search_term_string}"},"query-input":{"@type":"PropertyValueSpecification","valueRequired":true,"valueName":"search_term_string"}}],"inLanguage":"cs"}]}},"_links":{"self":[{"href":"https:\/\/antersystem.com\/cs\/wp-json\/wp\/v2\/pages\/15680","targetHints":{"allow":["GET"]}}],"collection":[{"href":"https:\/\/antersystem.com\/cs\/wp-json\/wp\/v2\/pages"}],"about":[{"href":"https:\/\/antersystem.com\/cs\/wp-json\/wp\/v2\/types\/page"}],"author":[{"embeddable":true,"href":"https:\/\/antersystem.com\/cs\/wp-json\/wp\/v2\/users\/1"}],"replies":[{"embeddable":true,"href":"https:\/\/antersystem.com\/cs\/wp-json\/wp\/v2\/comments?post=15680"}],"version-history":[{"count":1,"href":"https:\/\/antersystem.com\/cs\/wp-json\/wp\/v2\/pages\/15680\/revisions"}],"predecessor-version":[{"id":15687,"href":"https:\/\/antersystem.com\/cs\/wp-json\/wp\/v2\/pages\/15680\/revisions\/15687"}],"up":[{"embeddable":true,"href":"https:\/\/antersystem.com\/cs\/wp-json\/wp\/v2\/pages\/30524"}],"wp:attachment":[{"href":"https:\/\/antersystem.com\/cs\/wp-json\/wp\/v2\/media?parent=15680"}],"curies":[{"name":"wp","href":"https:\/\/api.w.org\/{rel}","templated":true}]}}