{"id":15727,"date":"2024-05-28T10:54:04","date_gmt":"2024-05-28T08:54:04","guid":{"rendered":"https:\/\/new.antersystem.com\/modernlog24\/"},"modified":"2026-01-30T14:30:54","modified_gmt":"2026-01-30T13:30:54","slug":"modernlog24","status":"publish","type":"page","link":"https:\/\/antersystem.com\/cs\/novinky\/modernlog24\/","title":{"rendered":"MODERNLOG&#8217;24"},"content":{"rendered":"\n<div class=\"wp-block-columns is-layout-flex wp-container-core-columns-is-layout-9d6595d7 wp-block-columns-is-layout-flex\">\n<div class=\"wp-block-column is-layout-flow wp-block-column-is-layout-flow\" style=\"flex-basis:10%\"><\/div>\n\n\n\n<div class=\"wp-block-column is-layout-flow wp-block-column-is-layout-flow\">\n<h2 class=\"wp-block-heading\">Anter System &#8211; technologick\u00fd partner spole\u010dnosti IN4LOG<\/h2>\n\n\n\n<h2 class=\"wp-block-heading\"><br\/>Veletrh Modernlog se bude konat od 4. do 7. \u010dervna 2024 na mezin\u00e1rodn\u00edm v\u00fdstavi\u0161ti v Poznani v pavilonech 7, 7A, 8 a 8A.<\/h2>\n\n\n\n<p>Za\u010d\u00e1tek \u010dervna slibuje na mezin\u00e1rodn\u00edm v\u00fdstavi\u0161ti v Poznani vzru\u0161uj\u00edc\u00ed obdob\u00ed. Soub\u011b\u017en\u011b s veletrhem <strong>ITM Industry Europe<\/strong> <strong>se<\/strong> kon\u00e1 <strong>konference<\/strong> <strong>Modernlog a<\/strong> <strong>konference Smart Warehouse<\/strong> <strong>,<\/strong> kter\u00e1 p\u0159edstavuje \u00fasp\u011bchy polsk\u00e9ho a sv\u011btov\u00e9ho pr\u016fmyslu. Mezi doprovodn\u00e9 akce pat\u0159\u00ed tak\u00e9 <strong>veletrh pr\u016fmyslov\u00e9 spolupr\u00e1ce Subdodavatel\u00e9.<\/strong> <a href=\"https:\/\/modernlog.pl\/pl\/aktualnosci\/wieksze-potrzeby-wieksza-powierzchnia-targi-modernlog-i-konferencja-smart-warehouse-z-nowa-lokalizacja\/\">V\u00edce informac\u00ed naleznete na webov\u00fdch str\u00e1nk\u00e1ch po\u0159adatele.<\/a> N\u00e1v\u0161t\u011bvn\u00edci, kte\u0159\u00ed se pl\u00e1nuj\u00ed z\u00fa\u010dastnit, by si rozhodn\u011b m\u011bli pe\u010dliv\u011b napl\u00e1novat trasu!<\/p>\n\n\n\n<p>Nyn\u00ed zp\u011bt k Modernlogu. Hlavn\u00edm l\u00e1kadlem <strong>veletrhu logistiky, skladov\u00e1n\u00ed a dopravy jsou<\/strong> \u017eiv\u00e9 uk\u00e1zky stroj\u016f v <strong>z\u00f3n\u011b In4Log, po\u0159\u00e1dan\u00e9<\/strong> ve spolupr\u00e1ci s technologick\u00fdmi partnery. <strong>Pr\u00e1v\u011b zde n\u00e1s najdete &#8211; p\u0159edv\u00e1d\u00edme na\u0161e flexibiln\u00ed bezpe\u010dnostn\u00ed bari\u00e9ry.<\/strong> Jako technologick\u00fd partner z\u00f3ny a konference <strong>poskytne spole\u010dnost<\/strong> Anter <strong>System<\/strong> bezpe\u010dnostn\u00ed syst\u00e9my pro z\u00f3nu In4Log. Mnoh\u00e1 z ochrann\u00fdch \u0159e\u0161en\u00ed, kter\u00e1 zde pr\u016fb\u011b\u017en\u011b popisujeme, budou k dispozici p\u0159\u00edmo na m\u00edst\u011b pro praktick\u00e9 vyzkou\u0161en\u00ed.<\/p>\n\n\n\n<h3 class=\"wp-block-heading\">Optimalizace v akci<\/h3>\n\n\n\n<p><strong>In4Log je<\/strong> \u017eiv\u00e1 prezentace intralogistick\u00fdch proces\u016f, kter\u00e1 rekonstruuje kritick\u00e9 operace ze skladov\u00e9ho a logistick\u00e9ho prost\u0159ed\u00ed. Je to ide\u00e1ln\u00ed m\u00edsto, kde se m\u016f\u017eete pod\u00edvat na sv\u00e9 st\u00e1vaj\u00edc\u00ed vybaven\u00ed z nov\u00e9 perspektivy a d\u00edky lep\u0161\u00edmu vyu\u017eit\u00ed zdroj\u016f dos\u00e1hnout vy\u0161\u0161\u00ed produktivity. Spr\u00e1vn\u00e9 postupy a podp\u016frn\u00e9 produkty mohou inspirovat kreativn\u011bj\u0161\u00ed p\u0159\u00edstup k logistice. Uk\u00e1zky budou prob\u00edhat ka\u017ed\u00fd den akce.<\/p>\n\n\n\n<h3 class=\"wp-block-heading\">Budouc\u00ed technologie v logistice<\/h3>\n\n\n\n<p>Leto\u0161n\u00ed Modernlog je nabit\u00fd znalostmi. N\u00e1v\u0161t\u011bvn\u00edci jsou zv\u00e1ni na <strong>konferenci Smart Warehouse,<\/strong> kter\u00e1 nab\u00edz\u00ed praktick\u00e9 p\u0159\u00edpadov\u00e9 studie, poznatky o logistice <strong>4.0 a modern\u00ed \u0159e\u0161en\u00ed<\/strong> pro sklady budoucnosti. Program zahrnuje tematick\u00e9 panely, jako jsou:<\/p>\n\n\n\n<ul>\n<li>Mana\u017ee\u0159i \u010del\u00ed v\u00fdzv\u00e1m logistiky budoucnosti<\/li>\n<li>Digitalizace a IoT &#8211; podpora skladov\u00fdch proces\u016f<\/li>\n<li>Chytr\u00e9 sklady &#8211; automatizace a transformace<\/li>\n<li>Roboti a technologie budoucnosti<\/li>\n<li>Pln\u011bn\u00ed e-commerce &#8211; rostouc\u00ed pot\u0159eby, nov\u00e9 v\u00fdzvy<\/li>\n<\/ul>\n\n\n\n<p>Pro z\u00e1jemce o dopad um\u011bl\u00e9 inteligence na pracovi\u0161t\u011b je obzvl\u00e1\u0161t\u011b zaj\u00edmav\u00e1 p\u0159edn\u00e1\u0161ka: <em>&#8222;Mezi smyslem a nesmyslem &#8211; jak technologick\u00fd v\u00fdvoj zm\u011bn\u00ed na\u0161i pracovn\u00ed zku\u0161enost&#8220; (<\/em> 1. <em>den<\/em>, p\u0159edn\u00e1\u0161ej\u00edc\u00ed: Bart\u0142omiej Brach).<\/p>\n\n\n\n<p>Na\u0161e <strong>flexibiln\u00ed bari\u00e9ry jsou<\/strong> p\u0159\u00edmou reakc\u00ed na v\u00fdzvy rychle se vyv\u00edjej\u00edc\u00edho sv\u011bta zalo\u017een\u00e9ho na technologi\u00edch. Umo\u017e\u0148uj\u00ed dynamick\u00e9 p\u0159izp\u016fsoben\u00ed m\u011bn\u00edc\u00edm se provozn\u00edm podm\u00ednk\u00e1m, nab\u00edzej\u00ed \u0159\u00edzen\u00ed i ochranu a z\u00e1rove\u0148 umo\u017e\u0148uj\u00ed rozv\u00edjet v\u00fdhody automatizace.<\/p>\n\n\n\n<p>Zveme v\u00e1s k prozkoum\u00e1n\u00ed v\u00fdhod flexibiln\u00edch bari\u00e9r &#8211; v\u00fdrobk\u016f s mnoha inovativn\u00edmi funkcemi, kter\u00e9 je\u0161t\u011b nebyly objeveny. P\u0159edstav\u00edme tak\u00e9 <strong>oce\u0148ovan\u00e9 inovace spole\u010dnosti Anter System, kter\u00e9 byly ocen\u011bny<\/strong> ve v\u00fdznamn\u00fdch oborov\u00fdch sout\u011b\u017e\u00edch. <strong>O\u010dek\u00e1vejte odborn\u00e9 poradenstv\u00ed a poutav\u00fd praktick\u00fd z\u00e1\u017eitek.<\/strong> A pro ty, kte\u0159\u00ed se cht\u011bj\u00ed pod\u00edvat, co je \u010dek\u00e1 &#8211; zde je na\u0161e <strong><a href=\"https:\/\/antersystem.com\/wiedza-i-nowosci\/modernlog-targi-logistyki-magazynowania-i-transportu\/\">rekapitulace z p\u0159edchoz\u00edho ro\u010dn\u00edku.<\/a><\/strong><\/p>\n\n\n\n<p>Brzy se uvid\u00edme na <strong>Modernlogu 2024!<\/strong> Objevte, jak mohou \u0159e\u0161en\u00ed Anter System zm\u011bnit va\u0161e podnik\u00e1n\u00ed: <strong>Pavilon 7A, st\u00e1nek 44.<\/strong><\/p>\n\n\n\n<p>Odkaz na ud\u00e1lost: <strong><a href=\"https:\/\/modernlog.pl\/pl\/\">Modernlog<\/a><\/strong><\/p>\n\n\n\n<p><strong>#Modernlog #tradeshow #bezpe\u010dnost #OHS #flexiblebarriers<\/strong><\/p>\n<\/div>\n\n\n\n<div class=\"wp-block-column is-layout-flow wp-block-column-is-layout-flow\" style=\"flex-basis:10%\"><\/div>\n<\/div>\n<div class=\"wp-block-image\">\n<figure class=\"aligncenter size-large is-resized\"><img loading=\"lazy\" decoding=\"async\" width=\"1024\" height=\"535\" src=\"https:\/\/antersystem.com\/wp-content\/uploads\/ZAJAWKA-MODERNLOG-1024x535.webp\" alt=\"Anter System na Modernlog 2024\" class=\"wp-image-4733\" style=\"width:720px;height:auto\" srcset=\"https:\/\/antersystem.com\/wp-content\/uploads\/ZAJAWKA-MODERNLOG-1024x535.webp 1024w, https:\/\/antersystem.com\/wp-content\/uploads\/ZAJAWKA-MODERNLOG-300x157.webp 300w, https:\/\/antersystem.com\/wp-content\/uploads\/ZAJAWKA-MODERNLOG-768x401.webp 768w, https:\/\/antersystem.com\/wp-content\/uploads\/ZAJAWKA-MODERNLOG-450x235.webp 450w, https:\/\/antersystem.com\/wp-content\/uploads\/ZAJAWKA-MODERNLOG-330x172.webp 330w, https:\/\/antersystem.com\/wp-content\/uploads\/ZAJAWKA-MODERNLOG.webp 1200w\" sizes=\"auto, (max-width: 1024px) 100vw, 1024px\" \/><\/figure><\/div>","protected":false},"excerpt":{"rendered":"<p>Anter System &#8211; technologick\u00fd partner spole\u010dnosti IN4LOG Veletrh Modernlog se bude konat od 4. do 7. \u010dervna 2024 na mezin\u00e1rodn\u00edm v\u00fdstavi\u0161ti v Poznani v pavilonech 7, 7A, 8 a 8A. Za\u010d\u00e1tek \u010dervna slibuje na mezin\u00e1rodn\u00edm v\u00fdstavi\u0161ti v Poznani vzru\u0161uj\u00edc\u00ed obdob\u00ed. Soub\u011b\u017en\u011b s veletrhem ITM Industry Europe se kon\u00e1 konference Modernlog a konference Smart Warehouse , [&hellip;]<\/p>\n","protected":false},"author":1,"featured_media":0,"parent":30524,"menu_order":0,"comment_status":"closed","ping_status":"closed","template":"","meta":{"inline_featured_image":false,"ngg_post_thumbnail":0,"footnotes":""},"class_list":["post-15727","page","type-page","status-publish","hentry"],"acf":[],"yoast_head":"<!-- This site is optimized with the Yoast SEO plugin v27.0 - https:\/\/yoast.com\/product\/yoast-seo-wordpress\/ -->\n<title>MODERNLOG&#039;24 - Anter System<\/title>\n<meta name=\"description\" content=\"Targi Modernlog potrwaj\u0105 od 4 do 7 czerwca&#039;24 na terenie Mi\u0119dzynarodowych Targ\u00f3w Pozna\u0144skich. Anter System zabezpieczy tam stref\u0119 In4Log.\" \/>\n<meta name=\"robots\" content=\"index, follow, max-snippet:-1, max-image-preview:large, max-video-preview:-1\" \/>\n<link rel=\"canonical\" href=\"https:\/\/antersystem.com\/cs\/novinky\/modernlog24\/\" \/>\n<meta property=\"og:locale\" content=\"cs_CZ\" \/>\n<meta property=\"og:type\" content=\"article\" \/>\n<meta property=\"og:title\" content=\"MODERNLOG&#039;24 - Anter System\" \/>\n<meta property=\"og:description\" content=\"Targi Modernlog potrwaj\u0105 od 4 do 7 czerwca&#039;24 na terenie Mi\u0119dzynarodowych Targ\u00f3w Pozna\u0144skich. Anter System zabezpieczy tam stref\u0119 In4Log.\" \/>\n<meta property=\"og:url\" content=\"https:\/\/antersystem.com\/cs\/novinky\/modernlog24\/\" \/>\n<meta property=\"og:site_name\" content=\"Anter System\" \/>\n<meta property=\"article:modified_time\" content=\"2026-01-30T13:30:54+00:00\" \/>\n<meta property=\"og:image\" content=\"https:\/\/antersystem.com\/wp-content\/uploads\/ZAJAWKA-MODERNLOG-1024x535.webp\" \/>\n<meta name=\"twitter:card\" content=\"summary_large_image\" \/>\n<meta name=\"twitter:label1\" content=\"Odhadovan\u00e1 doba \u010dten\u00ed\" \/>\n\t<meta name=\"twitter:data1\" content=\"3 minuty\" \/>\n<script type=\"application\/ld+json\" class=\"yoast-schema-graph\">{\"@context\":\"https:\/\/schema.org\",\"@graph\":[{\"@type\":\"WebPage\",\"@id\":\"https:\/\/antersystem.com\/cs\/novinky\/modernlog24\/\",\"url\":\"https:\/\/antersystem.com\/cs\/novinky\/modernlog24\/\",\"name\":\"MODERNLOG'24 - Anter System\",\"isPartOf\":{\"@id\":\"https:\/\/antersystem.com\/cs\/#website\"},\"primaryImageOfPage\":{\"@id\":\"https:\/\/antersystem.com\/cs\/novinky\/modernlog24\/#primaryimage\"},\"image\":{\"@id\":\"https:\/\/antersystem.com\/cs\/novinky\/modernlog24\/#primaryimage\"},\"thumbnailUrl\":\"https:\/\/antersystem.com\/wp-content\/uploads\/ZAJAWKA-MODERNLOG-1024x535.webp\",\"datePublished\":\"2024-05-28T08:54:04+00:00\",\"dateModified\":\"2026-01-30T13:30:54+00:00\",\"description\":\"Targi Modernlog potrwaj\u0105 od 4 do 7 czerwca'24 na terenie Mi\u0119dzynarodowych Targ\u00f3w Pozna\u0144skich. Anter System zabezpieczy tam stref\u0119 In4Log.\",\"breadcrumb\":{\"@id\":\"https:\/\/antersystem.com\/cs\/novinky\/modernlog24\/#breadcrumb\"},\"inLanguage\":\"cs\",\"potentialAction\":[{\"@type\":\"ReadAction\",\"target\":[\"https:\/\/antersystem.com\/cs\/novinky\/modernlog24\/\"]}]},{\"@type\":\"ImageObject\",\"inLanguage\":\"cs\",\"@id\":\"https:\/\/antersystem.com\/cs\/novinky\/modernlog24\/#primaryimage\",\"url\":\"https:\/\/antersystem.com\/wp-content\/uploads\/ZAJAWKA-MODERNLOG-1024x535.webp\",\"contentUrl\":\"https:\/\/antersystem.com\/wp-content\/uploads\/ZAJAWKA-MODERNLOG-1024x535.webp\"},{\"@type\":\"BreadcrumbList\",\"@id\":\"https:\/\/antersystem.com\/cs\/novinky\/modernlog24\/#breadcrumb\",\"itemListElement\":[{\"@type\":\"ListItem\",\"position\":1,\"name\":\"AnterSystem\",\"item\":\"https:\/\/antersystem.com\/cs\/\"},{\"@type\":\"ListItem\",\"position\":2,\"name\":\"Zpr\u00e1vy\",\"item\":\"https:\/\/antersystem.com\/cs\/novinky\/\"},{\"@type\":\"ListItem\",\"position\":3,\"name\":\"MODERNLOG&#8217;24\"}]},{\"@type\":\"WebSite\",\"@id\":\"https:\/\/antersystem.com\/cs\/#website\",\"url\":\"https:\/\/antersystem.com\/cs\/\",\"name\":\"Anter System\",\"description\":\"Jeste\u015bmy polskim producentem elastycznych barier ochronnych wykonywanych z polimerowych tworzyw sztucznych. Na rynku krajowym i zagranicznym dzia\u0142amy od ponad 15 lat dbaj\u0105c o zapewnienie bezpiecze\u0144stwa w zak\u0142adach produkcyjnych, magazynach oraz centrach logistycznych.\",\"potentialAction\":[{\"@type\":\"SearchAction\",\"target\":{\"@type\":\"EntryPoint\",\"urlTemplate\":\"https:\/\/antersystem.com\/cs\/?s={search_term_string}\"},\"query-input\":{\"@type\":\"PropertyValueSpecification\",\"valueRequired\":true,\"valueName\":\"search_term_string\"}}],\"inLanguage\":\"cs\"}]}<\/script>\n<!-- \/ Yoast SEO plugin. -->","yoast_head_json":{"title":"MODERNLOG'24 - Anter System","description":"Targi Modernlog potrwaj\u0105 od 4 do 7 czerwca'24 na terenie Mi\u0119dzynarodowych Targ\u00f3w Pozna\u0144skich. Anter System zabezpieczy tam stref\u0119 In4Log.","robots":{"index":"index","follow":"follow","max-snippet":"max-snippet:-1","max-image-preview":"max-image-preview:large","max-video-preview":"max-video-preview:-1"},"canonical":"https:\/\/antersystem.com\/cs\/novinky\/modernlog24\/","og_locale":"cs_CZ","og_type":"article","og_title":"MODERNLOG'24 - Anter System","og_description":"Targi Modernlog potrwaj\u0105 od 4 do 7 czerwca'24 na terenie Mi\u0119dzynarodowych Targ\u00f3w Pozna\u0144skich. Anter System zabezpieczy tam stref\u0119 In4Log.","og_url":"https:\/\/antersystem.com\/cs\/novinky\/modernlog24\/","og_site_name":"Anter System","article_modified_time":"2026-01-30T13:30:54+00:00","og_image":[{"url":"https:\/\/antersystem.com\/wp-content\/uploads\/ZAJAWKA-MODERNLOG-1024x535.webp","type":"","width":"","height":""}],"twitter_card":"summary_large_image","twitter_misc":{"Odhadovan\u00e1 doba \u010dten\u00ed":"3 minuty"},"schema":{"@context":"https:\/\/schema.org","@graph":[{"@type":"WebPage","@id":"https:\/\/antersystem.com\/cs\/novinky\/modernlog24\/","url":"https:\/\/antersystem.com\/cs\/novinky\/modernlog24\/","name":"MODERNLOG'24 - Anter System","isPartOf":{"@id":"https:\/\/antersystem.com\/cs\/#website"},"primaryImageOfPage":{"@id":"https:\/\/antersystem.com\/cs\/novinky\/modernlog24\/#primaryimage"},"image":{"@id":"https:\/\/antersystem.com\/cs\/novinky\/modernlog24\/#primaryimage"},"thumbnailUrl":"https:\/\/antersystem.com\/wp-content\/uploads\/ZAJAWKA-MODERNLOG-1024x535.webp","datePublished":"2024-05-28T08:54:04+00:00","dateModified":"2026-01-30T13:30:54+00:00","description":"Targi Modernlog potrwaj\u0105 od 4 do 7 czerwca'24 na terenie Mi\u0119dzynarodowych Targ\u00f3w Pozna\u0144skich. Anter System zabezpieczy tam stref\u0119 In4Log.","breadcrumb":{"@id":"https:\/\/antersystem.com\/cs\/novinky\/modernlog24\/#breadcrumb"},"inLanguage":"cs","potentialAction":[{"@type":"ReadAction","target":["https:\/\/antersystem.com\/cs\/novinky\/modernlog24\/"]}]},{"@type":"ImageObject","inLanguage":"cs","@id":"https:\/\/antersystem.com\/cs\/novinky\/modernlog24\/#primaryimage","url":"https:\/\/antersystem.com\/wp-content\/uploads\/ZAJAWKA-MODERNLOG-1024x535.webp","contentUrl":"https:\/\/antersystem.com\/wp-content\/uploads\/ZAJAWKA-MODERNLOG-1024x535.webp"},{"@type":"BreadcrumbList","@id":"https:\/\/antersystem.com\/cs\/novinky\/modernlog24\/#breadcrumb","itemListElement":[{"@type":"ListItem","position":1,"name":"AnterSystem","item":"https:\/\/antersystem.com\/cs\/"},{"@type":"ListItem","position":2,"name":"Zpr\u00e1vy","item":"https:\/\/antersystem.com\/cs\/novinky\/"},{"@type":"ListItem","position":3,"name":"MODERNLOG&#8217;24"}]},{"@type":"WebSite","@id":"https:\/\/antersystem.com\/cs\/#website","url":"https:\/\/antersystem.com\/cs\/","name":"Anter System","description":"Jeste\u015bmy polskim producentem elastycznych barier ochronnych wykonywanych z polimerowych tworzyw sztucznych. Na rynku krajowym i zagranicznym dzia\u0142amy od ponad 15 lat dbaj\u0105c o zapewnienie bezpiecze\u0144stwa w zak\u0142adach produkcyjnych, magazynach oraz centrach logistycznych.","potentialAction":[{"@type":"SearchAction","target":{"@type":"EntryPoint","urlTemplate":"https:\/\/antersystem.com\/cs\/?s={search_term_string}"},"query-input":{"@type":"PropertyValueSpecification","valueRequired":true,"valueName":"search_term_string"}}],"inLanguage":"cs"}]}},"_links":{"self":[{"href":"https:\/\/antersystem.com\/cs\/wp-json\/wp\/v2\/pages\/15727","targetHints":{"allow":["GET"]}}],"collection":[{"href":"https:\/\/antersystem.com\/cs\/wp-json\/wp\/v2\/pages"}],"about":[{"href":"https:\/\/antersystem.com\/cs\/wp-json\/wp\/v2\/types\/page"}],"author":[{"embeddable":true,"href":"https:\/\/antersystem.com\/cs\/wp-json\/wp\/v2\/users\/1"}],"replies":[{"embeddable":true,"href":"https:\/\/antersystem.com\/cs\/wp-json\/wp\/v2\/comments?post=15727"}],"version-history":[{"count":1,"href":"https:\/\/antersystem.com\/cs\/wp-json\/wp\/v2\/pages\/15727\/revisions"}],"predecessor-version":[{"id":15732,"href":"https:\/\/antersystem.com\/cs\/wp-json\/wp\/v2\/pages\/15727\/revisions\/15732"}],"up":[{"embeddable":true,"href":"https:\/\/antersystem.com\/cs\/wp-json\/wp\/v2\/pages\/30524"}],"wp:attachment":[{"href":"https:\/\/antersystem.com\/cs\/wp-json\/wp\/v2\/media?parent=15727"}],"curies":[{"name":"wp","href":"https:\/\/api.w.org\/{rel}","templated":true}]}}