{"id":30202,"date":"2023-11-22T10:15:28","date_gmt":"2023-11-22T09:15:28","guid":{"rendered":"https:\/\/new.antersystem.com\/big-5-global-2023\/"},"modified":"2026-01-30T14:30:54","modified_gmt":"2026-01-30T13:30:54","slug":"big-5-global-2023","status":"publish","type":"page","link":"https:\/\/antersystem.com\/cs\/novinky\/big-5-global-2023\/","title":{"rendered":"Anter System na Big 5 Global&#8217;23"},"content":{"rendered":"\n<div class=\"wp-block-columns is-layout-flex wp-container-core-columns-is-layout-9d6595d7 wp-block-columns-is-layout-flex\">\n<div class=\"wp-block-column is-layout-flow wp-block-column-is-layout-flow\" style=\"flex-basis:10%\"><\/div>\n\n\n\n<div class=\"wp-block-column is-layout-flow wp-block-column-is-layout-flow\">\n<h3 class=\"wp-block-heading\"><strong>Anter System ve spolupr\u00e1ci s Polskou agenturou pro investice a obchod v Dubaji<\/strong><\/h3>\n\n\n\n<p>St\u00e1le v\u00edce vyu\u017e\u00edv\u00e1me digitalizaci a internet v\u011bc\u00ed. Digit\u00e1ln\u00ed ob\u011bh dokument\u016f a roz\u0161\u00ed\u0159en\u00e9 pou\u017e\u00edv\u00e1n\u00ed GPS se staly standardem. Krom\u011b nov\u00fdch technologi\u00ed jsou v\u0161ak cestou k objevov\u00e1n\u00ed nezn\u00e1m\u00e9ho tak\u00e9 mezin\u00e1rodn\u00ed partnerstv\u00ed a vstup na vzd\u00e1len\u00e9 trhy. Co skute\u010dn\u011b v\u00edme o trz\u00edch na Bl\u00edzk\u00e9m v\u00fdchod\u011b? Jak dob\u0159e zn\u00e1 sv\u011btov\u00fd pr\u016fmysl speciality polsk\u00fdch firem?<\/p>\n\n\n\n<p>To se pr\u00e1v\u011b dozv\u00edd\u00e1me! Jako v\u00fdrobce flexibiln\u00edch bezpe\u010dnostn\u00edch z\u00e1bran jsme p\u0159ijali pozv\u00e1n\u00ed spole\u010dnosti PAIH k \u00fa\u010dasti na stavebn\u00edm veletrhu Big 5 Global 2023. Akce se bude konat 4. a\u017e 7. prosince 2023 v Dubaji (Spojen\u00e9 arabsk\u00e9 emir\u00e1ty).<\/p>\n\n\n\n<h4 class=\"wp-block-heading\">Big 5 Global<\/h4>\n\n\n\n<p><a href=\"https:\/\/www.big5global.com\/\">Veletrh Big 5 Global<\/a> je jednou z nejv\u00fdznamn\u011bj\u0161\u00edch ud\u00e1lost\u00ed v celosv\u011btov\u00e9m stavebnictv\u00ed a infrastruktu\u0159e. P\u0159edchoz\u00edho ro\u010dn\u00edku se z\u00fa\u010dastnilo 2 200 vystavovatel\u016f ze 150 zem\u00ed a v\u00edce ne\u017e 68 000 n\u00e1v\u0161t\u011bvn\u00edk\u016f. Sou\u010d\u00e1st\u00ed akce je tak\u00e9 \u0159ada dal\u0161\u00edch iniciativ, konferenc\u00ed a tematick\u00fdch zased\u00e1n\u00ed.<\/p>\n\n\n\n<p>Jsme velmi r\u00e1di, \u017ee m\u00e1me mo\u017enost p\u0159edstavit polsk\u00e9 v\u00fdrobky a slu\u017eby \u0161irok\u00e9mu okruhu potenci\u00e1ln\u00edch klient\u016f. C\u00edt\u00edme se poct\u011bni reakc\u00ed Polsk\u00e9 agentury pro investice a obchod. Spole\u010dnost Anter System, kter\u00e1 se specializuje na bezpe\u010dnostn\u00ed syst\u00e9my, vznikla na z\u00e1klad\u011b rozs\u00e1hl\u00fdch zku\u0161enost\u00ed sv\u00fdch zakladatel\u016f v t\u00e9to oblasti. Poskytov\u00e1n\u00ed poradenstv\u00ed v oblasti \u0159e\u0161en\u00ed, kter\u00e1 mohou zv\u00fd\u0161it kvalitu a bezpe\u010dnost pr\u00e1ce, je jedn\u00edm ze z\u00e1kladn\u00edch kamen\u016f na\u0161eho rozvoje. Jsme p\u0159esv\u011bd\u010deni, \u017ee schopnost organizovat prostor pomoc\u00ed flexibiln\u00edch bezpe\u010dnostn\u00edch bari\u00e9r je na konkuren\u010dn\u00edm trhu silnou v\u00fdhodou.<\/p>\n\n\n\n<p>Zveme v\u00e1s k n\u00e1v\u0161t\u011bv\u011b na\u0161eho st\u00e1nku a ke sd\u00edlen\u00ed va\u0161ich n\u00e1pad\u016f!<\/p>\n<\/div>\n\n\n\n<div class=\"wp-block-column is-layout-flow wp-block-column-is-layout-flow\" style=\"flex-basis:10%\"><\/div>\n<\/div>\n\n<p><\/p>\n<div class=\"wp-block-image\">\n<figure class=\"aligncenter size-large is-resized\"><img loading=\"lazy\" decoding=\"async\" width=\"1024\" height=\"535\" src=\"https:\/\/antersystem.com\/wp-content\/uploads\/4-7-December-2023-Dubai-World-Trade-Centre-1-1024x535.jpg\" alt=\"\" class=\"wp-image-3635\" style=\"width:720px;height:auto\" srcset=\"https:\/\/antersystem.com\/wp-content\/uploads\/4-7-December-2023-Dubai-World-Trade-Centre-1-1024x535.jpg 1024w, https:\/\/antersystem.com\/wp-content\/uploads\/4-7-December-2023-Dubai-World-Trade-Centre-1-300x157.jpg 300w, https:\/\/antersystem.com\/wp-content\/uploads\/4-7-December-2023-Dubai-World-Trade-Centre-1-768x401.jpg 768w, https:\/\/antersystem.com\/wp-content\/uploads\/4-7-December-2023-Dubai-World-Trade-Centre-1-450x235.jpg 450w, https:\/\/antersystem.com\/wp-content\/uploads\/4-7-December-2023-Dubai-World-Trade-Centre-1-330x172.jpg 330w, https:\/\/antersystem.com\/wp-content\/uploads\/4-7-December-2023-Dubai-World-Trade-Centre-1.jpg 1200w\" sizes=\"auto, (max-width: 1024px) 100vw, 1024px\" \/><\/figure><\/div>","protected":false},"excerpt":{"rendered":"<p>Anter System ve spolupr\u00e1ci s Polskou agenturou pro investice a obchod v Dubaji St\u00e1le v\u00edce vyu\u017e\u00edv\u00e1me digitalizaci a internet v\u011bc\u00ed. Digit\u00e1ln\u00ed ob\u011bh dokument\u016f a roz\u0161\u00ed\u0159en\u00e9 pou\u017e\u00edv\u00e1n\u00ed GPS se staly standardem. Krom\u011b nov\u00fdch technologi\u00ed jsou v\u0161ak cestou k objevov\u00e1n\u00ed nezn\u00e1m\u00e9ho tak\u00e9 mezin\u00e1rodn\u00ed partnerstv\u00ed a vstup na vzd\u00e1len\u00e9 trhy. Co skute\u010dn\u011b v\u00edme o trz\u00edch na Bl\u00edzk\u00e9m v\u00fdchod\u011b? [&hellip;]<\/p>\n","protected":false},"author":1,"featured_media":0,"parent":30524,"menu_order":0,"comment_status":"closed","ping_status":"closed","template":"","meta":{"inline_featured_image":false,"ngg_post_thumbnail":0,"footnotes":""},"class_list":["post-30202","page","type-page","status-publish","hentry"],"acf":[],"yoast_head":"<!-- This site is optimized with the Yoast SEO plugin v27.0 - https:\/\/yoast.com\/product\/yoast-seo-wordpress\/ -->\n<title>Anter System na Big 5 Global&#039;23 - Anter System<\/title>\n<meta name=\"description\" content=\"Jako producent elastycznych barier ochronnych przyj\u0119li\u015bmy zaproszenie PAIH do udzia\u0142u w targach budowlanych Big 5 Global 2023.\" \/>\n<meta name=\"robots\" content=\"index, follow, max-snippet:-1, max-image-preview:large, max-video-preview:-1\" \/>\n<link rel=\"canonical\" href=\"https:\/\/antersystem.com\/cs\/novinky\/big-5-global-2023\/\" \/>\n<meta property=\"og:locale\" content=\"cs_CZ\" \/>\n<meta property=\"og:type\" content=\"article\" \/>\n<meta property=\"og:title\" content=\"Anter System na Big 5 Global&#039;23 - Anter System\" \/>\n<meta property=\"og:description\" content=\"Jako producent elastycznych barier ochronnych przyj\u0119li\u015bmy zaproszenie PAIH do udzia\u0142u w targach budowlanych Big 5 Global 2023.\" \/>\n<meta property=\"og:url\" content=\"https:\/\/antersystem.com\/cs\/novinky\/big-5-global-2023\/\" \/>\n<meta property=\"og:site_name\" content=\"Anter System\" \/>\n<meta property=\"article:modified_time\" content=\"2026-01-30T13:30:54+00:00\" \/>\n<meta property=\"og:image\" content=\"https:\/\/antersystem.com\/wp-content\/uploads\/4-7-December-2023-Dubai-World-Trade-Centre-1-1024x535.jpg\" \/>\n<meta name=\"twitter:card\" content=\"summary_large_image\" \/>\n<meta name=\"twitter:label1\" content=\"Odhadovan\u00e1 doba \u010dten\u00ed\" \/>\n\t<meta name=\"twitter:data1\" content=\"2 minuty\" \/>\n<script type=\"application\/ld+json\" class=\"yoast-schema-graph\">{\"@context\":\"https:\/\/schema.org\",\"@graph\":[{\"@type\":\"WebPage\",\"@id\":\"https:\/\/antersystem.com\/cs\/novinky\/big-5-global-2023\/\",\"url\":\"https:\/\/antersystem.com\/cs\/novinky\/big-5-global-2023\/\",\"name\":\"Anter System na Big 5 Global'23 - Anter System\",\"isPartOf\":{\"@id\":\"https:\/\/antersystem.com\/cs\/#website\"},\"primaryImageOfPage\":{\"@id\":\"https:\/\/antersystem.com\/cs\/novinky\/big-5-global-2023\/#primaryimage\"},\"image\":{\"@id\":\"https:\/\/antersystem.com\/cs\/novinky\/big-5-global-2023\/#primaryimage\"},\"thumbnailUrl\":\"https:\/\/antersystem.com\/wp-content\/uploads\/4-7-December-2023-Dubai-World-Trade-Centre-1-1024x535.jpg\",\"datePublished\":\"2023-11-22T09:15:28+00:00\",\"dateModified\":\"2026-01-30T13:30:54+00:00\",\"description\":\"Jako producent elastycznych barier ochronnych przyj\u0119li\u015bmy zaproszenie PAIH do udzia\u0142u w targach budowlanych Big 5 Global 2023.\",\"breadcrumb\":{\"@id\":\"https:\/\/antersystem.com\/cs\/novinky\/big-5-global-2023\/#breadcrumb\"},\"inLanguage\":\"cs\",\"potentialAction\":[{\"@type\":\"ReadAction\",\"target\":[\"https:\/\/antersystem.com\/cs\/novinky\/big-5-global-2023\/\"]}]},{\"@type\":\"ImageObject\",\"inLanguage\":\"cs\",\"@id\":\"https:\/\/antersystem.com\/cs\/novinky\/big-5-global-2023\/#primaryimage\",\"url\":\"https:\/\/antersystem.com\/wp-content\/uploads\/4-7-December-2023-Dubai-World-Trade-Centre-1-1024x535.jpg\",\"contentUrl\":\"https:\/\/antersystem.com\/wp-content\/uploads\/4-7-December-2023-Dubai-World-Trade-Centre-1-1024x535.jpg\"},{\"@type\":\"BreadcrumbList\",\"@id\":\"https:\/\/antersystem.com\/cs\/novinky\/big-5-global-2023\/#breadcrumb\",\"itemListElement\":[{\"@type\":\"ListItem\",\"position\":1,\"name\":\"AnterSystem\",\"item\":\"https:\/\/antersystem.com\/cs\/\"},{\"@type\":\"ListItem\",\"position\":2,\"name\":\"Zpr\u00e1vy\",\"item\":\"https:\/\/antersystem.com\/cs\/novinky\/\"},{\"@type\":\"ListItem\",\"position\":3,\"name\":\"Anter System na Big 5 Global&#8217;23\"}]},{\"@type\":\"WebSite\",\"@id\":\"https:\/\/antersystem.com\/cs\/#website\",\"url\":\"https:\/\/antersystem.com\/cs\/\",\"name\":\"Anter System\",\"description\":\"Jeste\u015bmy polskim producentem elastycznych barier ochronnych wykonywanych z polimerowych tworzyw sztucznych. Na rynku krajowym i zagranicznym dzia\u0142amy od ponad 15 lat dbaj\u0105c o zapewnienie bezpiecze\u0144stwa w zak\u0142adach produkcyjnych, magazynach oraz centrach logistycznych.\",\"potentialAction\":[{\"@type\":\"SearchAction\",\"target\":{\"@type\":\"EntryPoint\",\"urlTemplate\":\"https:\/\/antersystem.com\/cs\/?s={search_term_string}\"},\"query-input\":{\"@type\":\"PropertyValueSpecification\",\"valueRequired\":true,\"valueName\":\"search_term_string\"}}],\"inLanguage\":\"cs\"}]}<\/script>\n<!-- \/ Yoast SEO plugin. -->","yoast_head_json":{"title":"Anter System na Big 5 Global'23 - Anter System","description":"Jako producent elastycznych barier ochronnych przyj\u0119li\u015bmy zaproszenie PAIH do udzia\u0142u w targach budowlanych Big 5 Global 2023.","robots":{"index":"index","follow":"follow","max-snippet":"max-snippet:-1","max-image-preview":"max-image-preview:large","max-video-preview":"max-video-preview:-1"},"canonical":"https:\/\/antersystem.com\/cs\/novinky\/big-5-global-2023\/","og_locale":"cs_CZ","og_type":"article","og_title":"Anter System na Big 5 Global'23 - Anter System","og_description":"Jako producent elastycznych barier ochronnych przyj\u0119li\u015bmy zaproszenie PAIH do udzia\u0142u w targach budowlanych Big 5 Global 2023.","og_url":"https:\/\/antersystem.com\/cs\/novinky\/big-5-global-2023\/","og_site_name":"Anter System","article_modified_time":"2026-01-30T13:30:54+00:00","og_image":[{"url":"https:\/\/antersystem.com\/wp-content\/uploads\/4-7-December-2023-Dubai-World-Trade-Centre-1-1024x535.jpg","type":"","width":"","height":""}],"twitter_card":"summary_large_image","twitter_misc":{"Odhadovan\u00e1 doba \u010dten\u00ed":"2 minuty"},"schema":{"@context":"https:\/\/schema.org","@graph":[{"@type":"WebPage","@id":"https:\/\/antersystem.com\/cs\/novinky\/big-5-global-2023\/","url":"https:\/\/antersystem.com\/cs\/novinky\/big-5-global-2023\/","name":"Anter System na Big 5 Global'23 - Anter System","isPartOf":{"@id":"https:\/\/antersystem.com\/cs\/#website"},"primaryImageOfPage":{"@id":"https:\/\/antersystem.com\/cs\/novinky\/big-5-global-2023\/#primaryimage"},"image":{"@id":"https:\/\/antersystem.com\/cs\/novinky\/big-5-global-2023\/#primaryimage"},"thumbnailUrl":"https:\/\/antersystem.com\/wp-content\/uploads\/4-7-December-2023-Dubai-World-Trade-Centre-1-1024x535.jpg","datePublished":"2023-11-22T09:15:28+00:00","dateModified":"2026-01-30T13:30:54+00:00","description":"Jako producent elastycznych barier ochronnych przyj\u0119li\u015bmy zaproszenie PAIH do udzia\u0142u w targach budowlanych Big 5 Global 2023.","breadcrumb":{"@id":"https:\/\/antersystem.com\/cs\/novinky\/big-5-global-2023\/#breadcrumb"},"inLanguage":"cs","potentialAction":[{"@type":"ReadAction","target":["https:\/\/antersystem.com\/cs\/novinky\/big-5-global-2023\/"]}]},{"@type":"ImageObject","inLanguage":"cs","@id":"https:\/\/antersystem.com\/cs\/novinky\/big-5-global-2023\/#primaryimage","url":"https:\/\/antersystem.com\/wp-content\/uploads\/4-7-December-2023-Dubai-World-Trade-Centre-1-1024x535.jpg","contentUrl":"https:\/\/antersystem.com\/wp-content\/uploads\/4-7-December-2023-Dubai-World-Trade-Centre-1-1024x535.jpg"},{"@type":"BreadcrumbList","@id":"https:\/\/antersystem.com\/cs\/novinky\/big-5-global-2023\/#breadcrumb","itemListElement":[{"@type":"ListItem","position":1,"name":"AnterSystem","item":"https:\/\/antersystem.com\/cs\/"},{"@type":"ListItem","position":2,"name":"Zpr\u00e1vy","item":"https:\/\/antersystem.com\/cs\/novinky\/"},{"@type":"ListItem","position":3,"name":"Anter System na Big 5 Global&#8217;23"}]},{"@type":"WebSite","@id":"https:\/\/antersystem.com\/cs\/#website","url":"https:\/\/antersystem.com\/cs\/","name":"Anter System","description":"Jeste\u015bmy polskim producentem elastycznych barier ochronnych wykonywanych z polimerowych tworzyw sztucznych. Na rynku krajowym i zagranicznym dzia\u0142amy od ponad 15 lat dbaj\u0105c o zapewnienie bezpiecze\u0144stwa w zak\u0142adach produkcyjnych, magazynach oraz centrach logistycznych.","potentialAction":[{"@type":"SearchAction","target":{"@type":"EntryPoint","urlTemplate":"https:\/\/antersystem.com\/cs\/?s={search_term_string}"},"query-input":{"@type":"PropertyValueSpecification","valueRequired":true,"valueName":"search_term_string"}}],"inLanguage":"cs"}]}},"_links":{"self":[{"href":"https:\/\/antersystem.com\/cs\/wp-json\/wp\/v2\/pages\/30202","targetHints":{"allow":["GET"]}}],"collection":[{"href":"https:\/\/antersystem.com\/cs\/wp-json\/wp\/v2\/pages"}],"about":[{"href":"https:\/\/antersystem.com\/cs\/wp-json\/wp\/v2\/types\/page"}],"author":[{"embeddable":true,"href":"https:\/\/antersystem.com\/cs\/wp-json\/wp\/v2\/users\/1"}],"replies":[{"embeddable":true,"href":"https:\/\/antersystem.com\/cs\/wp-json\/wp\/v2\/comments?post=30202"}],"version-history":[{"count":1,"href":"https:\/\/antersystem.com\/cs\/wp-json\/wp\/v2\/pages\/30202\/revisions"}],"predecessor-version":[{"id":30203,"href":"https:\/\/antersystem.com\/cs\/wp-json\/wp\/v2\/pages\/30202\/revisions\/30203"}],"up":[{"embeddable":true,"href":"https:\/\/antersystem.com\/cs\/wp-json\/wp\/v2\/pages\/30524"}],"wp:attachment":[{"href":"https:\/\/antersystem.com\/cs\/wp-json\/wp\/v2\/media?parent=30202"}],"curies":[{"name":"wp","href":"https:\/\/api.w.org\/{rel}","templated":true}]}}