{"id":30610,"date":"2024-02-15T10:41:35","date_gmt":"2024-02-15T09:41:35","guid":{"rendered":"https:\/\/new.antersystem.com\/novinky\/logimat-2024\/"},"modified":"2026-01-30T14:34:48","modified_gmt":"2026-01-30T13:34:48","slug":"logimat-2024","status":"publish","type":"page","link":"https:\/\/antersystem.com\/cs\/novinky\/logimat-2024\/","title":{"rendered":"LogiMAT 2024"},"content":{"rendered":"\n<div class=\"wp-block-columns is-layout-flex wp-container-core-columns-is-layout-9d6595d7 wp-block-columns-is-layout-flex\">\n  \n  <div class=\"wp-block-column is-layout-flow wp-block-column-is-layout-flow\" style=\"flex-basis:10%\"><\/div>\n  \n\n  \n  <div class=\"wp-block-column is-layout-flow wp-block-column-is-layout-flow\">\n    \n    <h3 class=\"wp-block-heading\">Pozv\u00e1nka na LogiMAT!<\/h3>\n    \n\n    \n    <p>Ji\u017e za m\u011bs\u00edc za\u010dne ve Stuttgartu mezin\u00e1rodn\u00ed <strong>veletrh LogiMAT<\/strong>. Od <strong>19. do 21. b\u0159ezna<\/strong> p\u0159edstav\u00edme na\u0161e syst\u00e9my, kter\u00e9 zvy\u0161uj\u00ed bezpe\u010dnost ve skladech a logistick\u00fdch centrech. Na t\u00e9to akci se m\u016f\u017eete sezn\u00e1mit s nov\u00fdmi trendy v oboru a nejmodern\u011bj\u0161\u00edmi produkty. Hlavn\u00ed t\u00e9ma leto\u0161n\u00ed obchodn\u00ed platformy: <strong>SPOLE\u010cN\u011a UTV\u00c1\u0158ET ZM\u011aNU.<\/strong><\/p>\n    \n\n    \n    <h4 class=\"wp-block-heading\"><strong>Co o\u010dek\u00e1vat na veletrhu LogiMAT 2024?<\/strong><\/h4>\n    \n\n    \n    <p>Vedle sv\u011btov\u00fdch a evropsk\u00fdch premi\u00e9r <strong>se<\/strong> odborn\u00edci na <strong>veletrhu LogiMAT 2024<\/strong> sezn\u00e1m\u00ed s celou \u0159adou nov\u00fdch a vylep\u0161en\u00fdch \u0159e\u0161en\u00ed ur\u010den\u00fdch k optimalizaci intralogistick\u00fdch pracovn\u00edch postup\u016f. \u00dast\u0159edn\u00edm t\u00e9matem leto\u0161n\u00edho ro\u010dn\u00edku <strong>bude mobilita sklad\u016f<\/strong>, kter\u00e1 bude zd\u016frazn\u011bna nap\u0159\u00ed\u010d produkty a \u0159e\u0161en\u00edmi prezentovan\u00fdmi r\u016fzn\u00fdmi vystavovateli &#8211; od v\u00fdrobc\u016f stroj\u016f a za\u0159\u00edzen\u00ed, p\u0159es v\u00fdvoj\u00e1\u0159e autonomn\u00edch mobiln\u00edch robot\u016f (AMR), v\u00fdrobce pr\u016fmyslov\u00fdch voz\u00edk\u016f a\u017e po spole\u010dnosti, jako jsme my &#8211; v\u00fdrobci <a href=\"https:\/\/antersystem.com\/produkty\/\">mobiln\u00edch a flexibiln\u00edch bezpe\u010dnostn\u00edch z\u00e1bran.<\/a><\/p>\n    \n\n    \n    <p>Vstupenky na akci si m\u016f\u017eete rezervovat zde: <a href=\"https:\/\/www.logimat-messe.de\/en\"><strong>logimat-messe.de\/en<\/strong><\/a><\/p>\n    \n\n    \n    <p><em>&#8222;D\u00edky cel\u00e9mu spektru inovac\u00ed, kter\u00e9 vystavovatel\u00e9 do Stuttgartu p\u0159ivezou, odr\u00e1\u017e\u00ed LogiMAT 2024 aktu\u00e1ln\u00ed trendy, kter\u00e9 formuj\u00ed cel\u00fd sektor intralogistiky,&#8220; shrnuje<\/em> \u0159editel <em>v\u00fdstavy<\/em> Michael <strong>Ruchty.<\/strong> <em>&#8222;LogiMAT d\u00e1v\u00e1 odborn\u00edk\u016fm p\u0159\u00edle\u017eitost sezn\u00e1mit se s nejmodern\u011bj\u0161\u00edmi \u0159e\u0161en\u00edmi, kter\u00e1 budou v p\u0159\u00ed\u0161t\u00edch letech ur\u010dovat toto odv\u011btv\u00ed.&#8220;<\/em><\/p>\n    \n\n    \n    <h4 class=\"wp-block-heading\"><strong>Sd\u00edlen\u00ed znalost\u00ed<\/strong><\/h4>\n    \n\n    \n    <p>Poskytujeme odborn\u00e1 \u0159e\u0161en\u00ed pro pos\u00edlen\u00ed bezpe\u010dnosti pr\u00e1ce ve va\u0161\u00ed firm\u011b. Pokud m\u00e1te z\u00e1jem se s n\u00e1mi spojit, r\u00e1di se s v\u00e1mi sejdeme a podrobn\u011b probereme konkr\u00e9tn\u00ed mo\u017enosti. Nav\u0161tivte n\u00e1s v <strong>hale 9, st\u00e1nek 9A17.<\/strong> Nad\u00e1le tak\u00e9 nab\u00edz\u00edme <strong>bezplatn\u00fd bezpe\u010dnostn\u00ed audit na m\u00edst\u011b zam\u011b\u0159en\u00fd<\/strong> na zlep\u0161en\u00ed stability a spolehlivosti pracovn\u00edch prostor &#8211; pro napl\u00e1nov\u00e1n\u00ed va\u0161eho auditu n\u00e1m zavolejte na telefonn\u00ed \u010d\u00edslo <a href=\"tel:+48%20606%20116%20171\"><strong>+48 606 116 171<\/strong><\/a>.<\/p>\n    \n\n    \n    <hr class=\"wp-block-separator has-text-color has-white-color has-alpha-channel-opacity has-white-background-color has-background is-style-default\"\/>\n    \n  <\/div>\n  \n\n  \n  <div class=\"wp-block-column is-layout-flow wp-block-column-is-layout-flow\" style=\"flex-basis:10%\"><\/div>\n  \n<\/div>\n<div class=\"wp-block-image\">\n<figure class=\"aligncenter size-large is-resized\"><img loading=\"lazy\" decoding=\"async\" width=\"1024\" height=\"535\" src=\"https:\/\/antersystem.com\/wp-content\/uploads\/Logimat2024-Anter-System-invitation-2-1024x535.jpg\" alt=\"Anter System na pozv&#xE1;nce na LogiMAT 2024\" class=\"wp-image-4227\" style=\"width:720px;height:auto\" srcset=\"https:\/\/antersystem.com\/wp-content\/uploads\/Logimat2024-Anter-System-invitation-2-1024x535.jpg 1024w, https:\/\/antersystem.com\/wp-content\/uploads\/Logimat2024-Anter-System-invitation-2-300x157.jpg 300w, https:\/\/antersystem.com\/wp-content\/uploads\/Logimat2024-Anter-System-invitation-2-768x401.jpg 768w, https:\/\/antersystem.com\/wp-content\/uploads\/Logimat2024-Anter-System-invitation-2-450x235.jpg 450w, https:\/\/antersystem.com\/wp-content\/uploads\/Logimat2024-Anter-System-invitation-2-330x172.jpg 330w, https:\/\/antersystem.com\/wp-content\/uploads\/Logimat2024-Anter-System-invitation-2.jpg 1200w\" sizes=\"auto, (max-width: 1024px) 100vw, 1024px\" \/><\/figure><\/div>","protected":false},"excerpt":{"rendered":"<p>Pozv\u00e1nka na LogiMAT! Ji\u017e za m\u011bs\u00edc za\u010dne ve Stuttgartu mezin\u00e1rodn\u00ed veletrh LogiMAT. Od 19. do 21. b\u0159ezna p\u0159edstav\u00edme na\u0161e syst\u00e9my, kter\u00e9 zvy\u0161uj\u00ed bezpe\u010dnost ve skladech a logistick\u00fdch centrech. Na t\u00e9to akci se m\u016f\u017eete sezn\u00e1mit s nov\u00fdmi trendy v oboru a nejmodern\u011bj\u0161\u00edmi produkty. Hlavn\u00ed t\u00e9ma leto\u0161n\u00ed obchodn\u00ed platformy: SPOLE\u010cN\u011a UTV\u00c1\u0158ET ZM\u011aNU. Co o\u010dek\u00e1vat na veletrhu LogiMAT [&hellip;]<\/p>\n","protected":false},"author":1,"featured_media":0,"parent":30524,"menu_order":0,"comment_status":"closed","ping_status":"closed","template":"","meta":{"inline_featured_image":false,"ngg_post_thumbnail":0,"footnotes":""},"class_list":["post-30610","page","type-page","status-publish","hentry"],"acf":[],"yoast_head":"<!-- This site is optimized with the Yoast SEO plugin v27.0 - https:\/\/yoast.com\/product\/yoast-seo-wordpress\/ -->\n<title>LogiMAT 2024 - Anter System<\/title>\n<meta name=\"description\" content=\"Ju\u017c za miesi\u0105c rozpoczynaj\u0105 si\u0119 mi\u0119dzynarodowe Targi Logimat w Stuttgarcie. W dniach 19-21.03 b\u0119dziemy prezentowa\u0107 tam nasze systemy.\" \/>\n<meta name=\"robots\" content=\"index, follow, max-snippet:-1, max-image-preview:large, max-video-preview:-1\" \/>\n<link rel=\"canonical\" href=\"https:\/\/antersystem.com\/cs\/novinky\/logimat-2024\/\" \/>\n<meta property=\"og:locale\" content=\"cs_CZ\" \/>\n<meta property=\"og:type\" content=\"article\" \/>\n<meta property=\"og:title\" content=\"LogiMAT 2024 - Anter System\" \/>\n<meta property=\"og:description\" content=\"Ju\u017c za miesi\u0105c rozpoczynaj\u0105 si\u0119 mi\u0119dzynarodowe Targi Logimat w Stuttgarcie. W dniach 19-21.03 b\u0119dziemy prezentowa\u0107 tam nasze systemy.\" \/>\n<meta property=\"og:url\" content=\"https:\/\/antersystem.com\/cs\/novinky\/logimat-2024\/\" \/>\n<meta property=\"og:site_name\" content=\"Anter System\" \/>\n<meta property=\"article:modified_time\" content=\"2026-01-30T13:34:48+00:00\" \/>\n<meta property=\"og:image\" content=\"https:\/\/antersystem.com\/wp-content\/uploads\/Logimat2024-Anter-System-invitation-2-1024x535.jpg\" \/>\n<meta name=\"twitter:card\" content=\"summary_large_image\" \/>\n<meta name=\"twitter:label1\" content=\"Odhadovan\u00e1 doba \u010dten\u00ed\" \/>\n\t<meta name=\"twitter:data1\" content=\"2 minuty\" \/>\n<script type=\"application\/ld+json\" class=\"yoast-schema-graph\">{\"@context\":\"https:\/\/schema.org\",\"@graph\":[{\"@type\":\"WebPage\",\"@id\":\"https:\/\/antersystem.com\/cs\/novinky\/logimat-2024\/\",\"url\":\"https:\/\/antersystem.com\/cs\/novinky\/logimat-2024\/\",\"name\":\"LogiMAT 2024 - Anter System\",\"isPartOf\":{\"@id\":\"https:\/\/antersystem.com\/cs\/#website\"},\"primaryImageOfPage\":{\"@id\":\"https:\/\/antersystem.com\/cs\/novinky\/logimat-2024\/#primaryimage\"},\"image\":{\"@id\":\"https:\/\/antersystem.com\/cs\/novinky\/logimat-2024\/#primaryimage\"},\"thumbnailUrl\":\"https:\/\/antersystem.com\/wp-content\/uploads\/Logimat2024-Anter-System-invitation-2-1024x535.jpg\",\"datePublished\":\"2024-02-15T09:41:35+00:00\",\"dateModified\":\"2026-01-30T13:34:48+00:00\",\"description\":\"Ju\u017c za miesi\u0105c rozpoczynaj\u0105 si\u0119 mi\u0119dzynarodowe Targi Logimat w Stuttgarcie. W dniach 19-21.03 b\u0119dziemy prezentowa\u0107 tam nasze systemy.\",\"breadcrumb\":{\"@id\":\"https:\/\/antersystem.com\/cs\/novinky\/logimat-2024\/#breadcrumb\"},\"inLanguage\":\"cs\",\"potentialAction\":[{\"@type\":\"ReadAction\",\"target\":[\"https:\/\/antersystem.com\/cs\/novinky\/logimat-2024\/\"]}]},{\"@type\":\"ImageObject\",\"inLanguage\":\"cs\",\"@id\":\"https:\/\/antersystem.com\/cs\/novinky\/logimat-2024\/#primaryimage\",\"url\":\"https:\/\/antersystem.com\/wp-content\/uploads\/Logimat2024-Anter-System-invitation-2-1024x535.jpg\",\"contentUrl\":\"https:\/\/antersystem.com\/wp-content\/uploads\/Logimat2024-Anter-System-invitation-2-1024x535.jpg\"},{\"@type\":\"BreadcrumbList\",\"@id\":\"https:\/\/antersystem.com\/cs\/novinky\/logimat-2024\/#breadcrumb\",\"itemListElement\":[{\"@type\":\"ListItem\",\"position\":1,\"name\":\"AnterSystem\",\"item\":\"https:\/\/antersystem.com\/cs\/\"},{\"@type\":\"ListItem\",\"position\":2,\"name\":\"Zpr\u00e1vy\",\"item\":\"https:\/\/antersystem.com\/cs\/novinky\/\"},{\"@type\":\"ListItem\",\"position\":3,\"name\":\"LogiMAT 2024\"}]},{\"@type\":\"WebSite\",\"@id\":\"https:\/\/antersystem.com\/cs\/#website\",\"url\":\"https:\/\/antersystem.com\/cs\/\",\"name\":\"Anter System\",\"description\":\"Jeste\u015bmy polskim producentem elastycznych barier ochronnych wykonywanych z polimerowych tworzyw sztucznych. Na rynku krajowym i zagranicznym dzia\u0142amy od ponad 15 lat dbaj\u0105c o zapewnienie bezpiecze\u0144stwa w zak\u0142adach produkcyjnych, magazynach oraz centrach logistycznych.\",\"potentialAction\":[{\"@type\":\"SearchAction\",\"target\":{\"@type\":\"EntryPoint\",\"urlTemplate\":\"https:\/\/antersystem.com\/cs\/?s={search_term_string}\"},\"query-input\":{\"@type\":\"PropertyValueSpecification\",\"valueRequired\":true,\"valueName\":\"search_term_string\"}}],\"inLanguage\":\"cs\"}]}<\/script>\n<!-- \/ Yoast SEO plugin. -->","yoast_head_json":{"title":"LogiMAT 2024 - Anter System","description":"Ju\u017c za miesi\u0105c rozpoczynaj\u0105 si\u0119 mi\u0119dzynarodowe Targi Logimat w Stuttgarcie. W dniach 19-21.03 b\u0119dziemy prezentowa\u0107 tam nasze systemy.","robots":{"index":"index","follow":"follow","max-snippet":"max-snippet:-1","max-image-preview":"max-image-preview:large","max-video-preview":"max-video-preview:-1"},"canonical":"https:\/\/antersystem.com\/cs\/novinky\/logimat-2024\/","og_locale":"cs_CZ","og_type":"article","og_title":"LogiMAT 2024 - Anter System","og_description":"Ju\u017c za miesi\u0105c rozpoczynaj\u0105 si\u0119 mi\u0119dzynarodowe Targi Logimat w Stuttgarcie. W dniach 19-21.03 b\u0119dziemy prezentowa\u0107 tam nasze systemy.","og_url":"https:\/\/antersystem.com\/cs\/novinky\/logimat-2024\/","og_site_name":"Anter System","article_modified_time":"2026-01-30T13:34:48+00:00","og_image":[{"url":"https:\/\/antersystem.com\/wp-content\/uploads\/Logimat2024-Anter-System-invitation-2-1024x535.jpg","type":"","width":"","height":""}],"twitter_card":"summary_large_image","twitter_misc":{"Odhadovan\u00e1 doba \u010dten\u00ed":"2 minuty"},"schema":{"@context":"https:\/\/schema.org","@graph":[{"@type":"WebPage","@id":"https:\/\/antersystem.com\/cs\/novinky\/logimat-2024\/","url":"https:\/\/antersystem.com\/cs\/novinky\/logimat-2024\/","name":"LogiMAT 2024 - Anter System","isPartOf":{"@id":"https:\/\/antersystem.com\/cs\/#website"},"primaryImageOfPage":{"@id":"https:\/\/antersystem.com\/cs\/novinky\/logimat-2024\/#primaryimage"},"image":{"@id":"https:\/\/antersystem.com\/cs\/novinky\/logimat-2024\/#primaryimage"},"thumbnailUrl":"https:\/\/antersystem.com\/wp-content\/uploads\/Logimat2024-Anter-System-invitation-2-1024x535.jpg","datePublished":"2024-02-15T09:41:35+00:00","dateModified":"2026-01-30T13:34:48+00:00","description":"Ju\u017c za miesi\u0105c rozpoczynaj\u0105 si\u0119 mi\u0119dzynarodowe Targi Logimat w Stuttgarcie. W dniach 19-21.03 b\u0119dziemy prezentowa\u0107 tam nasze systemy.","breadcrumb":{"@id":"https:\/\/antersystem.com\/cs\/novinky\/logimat-2024\/#breadcrumb"},"inLanguage":"cs","potentialAction":[{"@type":"ReadAction","target":["https:\/\/antersystem.com\/cs\/novinky\/logimat-2024\/"]}]},{"@type":"ImageObject","inLanguage":"cs","@id":"https:\/\/antersystem.com\/cs\/novinky\/logimat-2024\/#primaryimage","url":"https:\/\/antersystem.com\/wp-content\/uploads\/Logimat2024-Anter-System-invitation-2-1024x535.jpg","contentUrl":"https:\/\/antersystem.com\/wp-content\/uploads\/Logimat2024-Anter-System-invitation-2-1024x535.jpg"},{"@type":"BreadcrumbList","@id":"https:\/\/antersystem.com\/cs\/novinky\/logimat-2024\/#breadcrumb","itemListElement":[{"@type":"ListItem","position":1,"name":"AnterSystem","item":"https:\/\/antersystem.com\/cs\/"},{"@type":"ListItem","position":2,"name":"Zpr\u00e1vy","item":"https:\/\/antersystem.com\/cs\/novinky\/"},{"@type":"ListItem","position":3,"name":"LogiMAT 2024"}]},{"@type":"WebSite","@id":"https:\/\/antersystem.com\/cs\/#website","url":"https:\/\/antersystem.com\/cs\/","name":"Anter System","description":"Jeste\u015bmy polskim producentem elastycznych barier ochronnych wykonywanych z polimerowych tworzyw sztucznych. Na rynku krajowym i zagranicznym dzia\u0142amy od ponad 15 lat dbaj\u0105c o zapewnienie bezpiecze\u0144stwa w zak\u0142adach produkcyjnych, magazynach oraz centrach logistycznych.","potentialAction":[{"@type":"SearchAction","target":{"@type":"EntryPoint","urlTemplate":"https:\/\/antersystem.com\/cs\/?s={search_term_string}"},"query-input":{"@type":"PropertyValueSpecification","valueRequired":true,"valueName":"search_term_string"}}],"inLanguage":"cs"}]}},"_links":{"self":[{"href":"https:\/\/antersystem.com\/cs\/wp-json\/wp\/v2\/pages\/30610","targetHints":{"allow":["GET"]}}],"collection":[{"href":"https:\/\/antersystem.com\/cs\/wp-json\/wp\/v2\/pages"}],"about":[{"href":"https:\/\/antersystem.com\/cs\/wp-json\/wp\/v2\/types\/page"}],"author":[{"embeddable":true,"href":"https:\/\/antersystem.com\/cs\/wp-json\/wp\/v2\/users\/1"}],"replies":[{"embeddable":true,"href":"https:\/\/antersystem.com\/cs\/wp-json\/wp\/v2\/comments?post=30610"}],"version-history":[{"count":1,"href":"https:\/\/antersystem.com\/cs\/wp-json\/wp\/v2\/pages\/30610\/revisions"}],"predecessor-version":[{"id":30611,"href":"https:\/\/antersystem.com\/cs\/wp-json\/wp\/v2\/pages\/30610\/revisions\/30611"}],"up":[{"embeddable":true,"href":"https:\/\/antersystem.com\/cs\/wp-json\/wp\/v2\/pages\/30524"}],"wp:attachment":[{"href":"https:\/\/antersystem.com\/cs\/wp-json\/wp\/v2\/media?parent=30610"}],"curies":[{"name":"wp","href":"https:\/\/api.w.org\/{rel}","templated":true}]}}