{"id":38845,"date":"2024-06-14T14:17:21","date_gmt":"2024-06-14T12:17:21","guid":{"rendered":"https:\/\/antersystem.com\/novinky\/modernlog-2024\/"},"modified":"2026-02-02T14:14:31","modified_gmt":"2026-02-02T13:14:31","slug":"modernlog-2024","status":"publish","type":"page","link":"https:\/\/antersystem.com\/cs\/novinky\/modernlog-2024\/","title":{"rendered":"Modernlog 2024"},"content":{"rendered":"\n<div class=\"wp-block-columns is-layout-flex wp-container-core-columns-is-layout-9d6595d7 wp-block-columns-is-layout-flex\">\n<div class=\"wp-block-column is-layout-flow wp-block-column-is-layout-flow\">\n<h2 class=\"wp-block-heading\">Zpr\u00e1va z Modernlogu, 4.-7. \u010dervna 2024<\/h2>\n\n\n\n<div class=\"wp-block-columns is-layout-flex wp-container-core-columns-is-layout-9d6595d7 wp-block-columns-is-layout-flex\">\n<div class=\"wp-block-column is-layout-flow wp-block-column-is-layout-flow\" style=\"flex-basis:10%\"><\/div>\n\n\n\n<div class=\"wp-block-column is-layout-flow wp-block-column-is-layout-flow\">\n<div class=\"wp-block-media-text has-media-on-the-right is-stacked-on-mobile\"><div class=\"wp-block-media-text__content\">\n<p>Slavnost logistick\u00e9ho pr\u016fmyslu v Poznani &#8211; sou\u010d\u00e1st nejv\u011bt\u0161\u00edho bloku pr\u016fmyslov\u00fdch akc\u00ed pro Pr\u016fmysl 4.0 v Polsku &#8211; je u konce. Ve dnech 4. a\u017e 7. \u010dervna <strong>se<\/strong> na mezin\u00e1rodn\u00edm v\u00fdstavi\u0161ti v Poznani <strong>konal veletrh Modernlog<\/strong>, jeho\u017e sou\u010d\u00e1st\u00ed byly odborn\u00e9 konference, \u017eiv\u00e9 uk\u00e1zky a networkingov\u00e1 setk\u00e1n\u00ed. \u00da\u010dastn\u00edci m\u011bli mo\u017enost sezn\u00e1mit se s \u0161irokou nab\u00eddkou vystavovatel\u016f, co\u017e vedlo k nav\u00e1z\u00e1n\u00ed mnoha nov\u00fdch obchodn\u00edch vztah\u016f s firmami hledaj\u00edc\u00edmi inovativn\u00ed logistick\u00e1 \u0159e\u0161en\u00ed.  <\/p>\n<\/div><figure class=\"wp-block-media-text__media\"><img loading=\"lazy\" decoding=\"async\" width=\"1024\" height=\"683\" src=\"https:\/\/antersystem.com\/wp-content\/uploads\/2024-06-05_modernlog_fotobueno_-1836-1-1024x683.jpg\" alt=\"Veletrh Modernlog 2024 v Poznani\" class=\"wp-image-4800 size-full\" srcset=\"https:\/\/antersystem.com\/wp-content\/uploads\/2024-06-05_modernlog_fotobueno_-1836-1-1024x683.jpg 1024w, https:\/\/antersystem.com\/wp-content\/uploads\/2024-06-05_modernlog_fotobueno_-1836-1-300x200.jpg 300w, https:\/\/antersystem.com\/wp-content\/uploads\/2024-06-05_modernlog_fotobueno_-1836-1-768x512.jpg 768w, https:\/\/antersystem.com\/wp-content\/uploads\/2024-06-05_modernlog_fotobueno_-1836-1-1536x1024.jpg 1536w, https:\/\/antersystem.com\/wp-content\/uploads\/2024-06-05_modernlog_fotobueno_-1836-1-2048x1365.jpg 2048w, https:\/\/antersystem.com\/wp-content\/uploads\/2024-06-05_modernlog_fotobueno_-1836-1-450x300.jpg 450w, https:\/\/antersystem.com\/wp-content\/uploads\/2024-06-05_modernlog_fotobueno_-1836-1-330x220.jpg 330w\" sizes=\"auto, (max-width: 1024px) 100vw, 1024px\" \/><\/figure><\/div>\n\n\n\n<div class=\"wp-block-media-text is-stacked-on-mobile\"><figure class=\"wp-block-media-text__media\"><img loading=\"lazy\" decoding=\"async\" width=\"1024\" height=\"683\" src=\"https:\/\/antersystem.com\/wp-content\/uploads\/2024-06-05_modernlog_fotobueno_-1976-1-1024x683.jpg\" alt=\"Konference Smart Warehouse na veletrhu Modernlog 2024\" class=\"wp-image-4794 size-full\" srcset=\"https:\/\/antersystem.com\/wp-content\/uploads\/2024-06-05_modernlog_fotobueno_-1976-1-1024x683.jpg 1024w, https:\/\/antersystem.com\/wp-content\/uploads\/2024-06-05_modernlog_fotobueno_-1976-1-300x200.jpg 300w, https:\/\/antersystem.com\/wp-content\/uploads\/2024-06-05_modernlog_fotobueno_-1976-1-768x512.jpg 768w, https:\/\/antersystem.com\/wp-content\/uploads\/2024-06-05_modernlog_fotobueno_-1976-1-1536x1024.jpg 1536w, https:\/\/antersystem.com\/wp-content\/uploads\/2024-06-05_modernlog_fotobueno_-1976-1-2048x1365.jpg 2048w, https:\/\/antersystem.com\/wp-content\/uploads\/2024-06-05_modernlog_fotobueno_-1976-1-450x300.jpg 450w, https:\/\/antersystem.com\/wp-content\/uploads\/2024-06-05_modernlog_fotobueno_-1976-1-330x220.jpg 330w\" sizes=\"auto, (max-width: 1024px) 100vw, 1024px\" \/><\/figure><div class=\"wp-block-media-text__content\">\n<p>B\u011bhem <strong>konference Smart Warehouse<\/strong> diskutovali \u0159e\u010dn\u00edci a \u00fa\u010dastn\u00edci o budouc\u00edm sm\u011b\u0159ov\u00e1n\u00ed polsk\u00e9ho skladov\u00e1n\u00ed &#8211; se zam\u011b\u0159en\u00edm na robotiku, automatizaci a vyu\u017eit\u00ed um\u011bl\u00e9 inteligence. N\u00e1v\u0161t\u011bvn\u00edci si mohli prohl\u00e9dnout logistick\u00e9 technologie prezentovan\u00e9 v\u00edce ne\u017e 100 vystavovateli. V <strong>z\u00f3n\u011b In4Log,<\/strong> vytvo\u0159en\u00e9 ve spolupr\u00e1ci s vydavatelstv\u00edm MEDIALOG a technologick\u00fdmi partnery, prob\u00edhaly \u017eiv\u00e9 uk\u00e1zky stroj\u016f. V simulovan\u00e9m logistick\u00e9m za\u0159\u00edzen\u00ed byla p\u0159edstavena nejmodern\u011bj\u0161\u00ed skladov\u00e1 \u0159e\u0161en\u00ed pro 21. stolet\u00ed &#8211; v\u010detn\u011b technologi\u00ed spole\u010dnosti <strong>Anter System<\/strong>.   <\/p>\n<\/div><\/div>\n\n\n\n<div class=\"wp-block-media-text has-media-on-the-right is-stacked-on-mobile\"><div class=\"wp-block-media-text__content\">\n<p>Leto\u0161n\u00ed akce byla tak\u00e9 p\u0159\u00edle\u017eitost\u00ed k \u0159e\u0161en\u00ed kl\u00ed\u010dov\u00fdch probl\u00e9m\u016f, kter\u00fdm \u010del\u00ed odv\u011btv\u00ed logistiky. Aby si odv\u011btv\u00ed udr\u017eelo konkurenceschopnost, mus\u00ed \u00fa\u010dinn\u011b proj\u00edt technologickou a digit\u00e1ln\u00ed transformac\u00ed sm\u011brem k <strong>Pr\u016fmyslu 4.0 a ekologick\u00fdm p\u0159echodem<\/strong> k n\u00edzkoemisn\u00ed <strong>v\u00fdrob\u011b.<\/strong> Polsko, jako jeden z l\u00eddr\u016f reindustrializace v Evrop\u011b, m\u00e1 st\u00e1le zna\u010dn\u00fd potenci\u00e1l pro rozvoj technologicky vysp\u011bl\u00e9, automatizovan\u00e9 a robotizovan\u00e9 pr\u016fmyslov\u00e9 z\u00e1kladny.  <\/p>\n<\/div><figure class=\"wp-block-media-text__media\"><img loading=\"lazy\" decoding=\"async\" width=\"840\" height=\"560\" src=\"https:\/\/antersystem.com\/wp-content\/uploads\/2024-06-05_modernlog_fotobueno_-3154.jpg\" alt=\"Panelov\u00e1 diskuse na Modernlogu 2024\" class=\"wp-image-4795 size-full\" srcset=\"https:\/\/antersystem.com\/wp-content\/uploads\/2024-06-05_modernlog_fotobueno_-3154.jpg 840w, https:\/\/antersystem.com\/wp-content\/uploads\/2024-06-05_modernlog_fotobueno_-3154-300x200.jpg 300w, https:\/\/antersystem.com\/wp-content\/uploads\/2024-06-05_modernlog_fotobueno_-3154-768x512.jpg 768w, https:\/\/antersystem.com\/wp-content\/uploads\/2024-06-05_modernlog_fotobueno_-3154-450x300.jpg 450w, https:\/\/antersystem.com\/wp-content\/uploads\/2024-06-05_modernlog_fotobueno_-3154-330x220.jpg 330w\" sizes=\"auto, (max-width: 840px) 100vw, 840px\" \/><\/figure><\/div>\n\n\n\n<div class=\"wp-block-media-text is-stacked-on-mobile\"><figure class=\"wp-block-media-text__media\"><img loading=\"lazy\" decoding=\"async\" width=\"1024\" height=\"683\" src=\"https:\/\/antersystem.com\/wp-content\/uploads\/2024-06-05_modernlog_fotobueno_-2950-1-1024x683.jpg\" alt=\"Slavnostn\u00ed zah\u00e1jen\u00ed veletrhu Modernlog 2024\" class=\"wp-image-4797 size-full\" srcset=\"https:\/\/antersystem.com\/wp-content\/uploads\/2024-06-05_modernlog_fotobueno_-2950-1-1024x683.jpg 1024w, https:\/\/antersystem.com\/wp-content\/uploads\/2024-06-05_modernlog_fotobueno_-2950-1-300x200.jpg 300w, https:\/\/antersystem.com\/wp-content\/uploads\/2024-06-05_modernlog_fotobueno_-2950-1-768x512.jpg 768w, https:\/\/antersystem.com\/wp-content\/uploads\/2024-06-05_modernlog_fotobueno_-2950-1-1536x1024.jpg 1536w, https:\/\/antersystem.com\/wp-content\/uploads\/2024-06-05_modernlog_fotobueno_-2950-1-2048x1365.jpg 2048w, https:\/\/antersystem.com\/wp-content\/uploads\/2024-06-05_modernlog_fotobueno_-2950-1-450x300.jpg 450w, https:\/\/antersystem.com\/wp-content\/uploads\/2024-06-05_modernlog_fotobueno_-2950-1-330x220.jpg 330w\" sizes=\"auto, (max-width: 1024px) 100vw, 1024px\" \/><\/figure><div class=\"wp-block-media-text__content\">\n<p>Zah\u00e1jen\u00ed veletrhu poctil svou p\u0159\u00edtomnost\u00ed Ignacy <strong>Niemczycki, n\u00e1m\u011bstek<\/strong> st\u00e1tn\u00edho tajemn\u00edka na ministerstvu rozvoje a technologi\u00ed. Sou\u010d\u00e1st\u00ed akce byly dynamick\u00e9 panelov\u00e9 diskuse, poutav\u00e9 p\u0159\u00edpadov\u00e9 studie a cenn\u00e9 p\u0159\u00edle\u017eitosti k nav\u00e1z\u00e1n\u00ed kontakt\u016f. \u00da\u010dastn\u00edci roz\u0161\u00ed\u0159ili sv\u00e9 profesn\u00ed kontakty &#8211; mezi dodavateli, konzultanty a logistick\u00fdmi oper\u00e1tory &#8211; a z\u00e1rove\u0148 prozkoumali nejnov\u011bj\u0161\u00ed trendy a porovnali je s realitou sv\u00fdch vlastn\u00edch organizac\u00ed.  <\/p>\n<\/div><\/div>\n\n\n\n<div class=\"wp-block-media-text has-media-on-the-right is-stacked-on-mobile\"><div class=\"wp-block-media-text__content\">\n<p><strong>Modernlog 2024 byl<\/strong> v\u00fdjime\u010dnou p\u0159\u00edle\u017eitost\u00ed k z\u00edsk\u00e1n\u00ed p\u0159ehledu o nejnov\u011bj\u0161\u00edch logistick\u00fdch technologi\u00edch a trendech Pr\u016fmyslu 4.0, stejn\u011b jako k nav\u00e1z\u00e1n\u00ed cenn\u00fdch obchodn\u00edch kontakt\u016f a v\u00fdm\u011bn\u011b zku\u0161enost\u00ed s l\u00eddry v oboru. Zveme v\u00e1s k prohl\u00eddce na\u0161\u00ed fotogalerie n\u00ed\u017ee: <\/p>\n<\/div><figure class=\"wp-block-media-text__media\"><img loading=\"lazy\" decoding=\"async\" width=\"1024\" height=\"683\" src=\"https:\/\/antersystem.com\/wp-content\/uploads\/2024-06-05_modernlog_fotobueno_-1954-1-1024x683.jpg\" alt=\"Fotoreport\u00e1\u017e z Modernlogu 2024\" class=\"wp-image-4798 size-full\" srcset=\"https:\/\/antersystem.com\/wp-content\/uploads\/2024-06-05_modernlog_fotobueno_-1954-1-1024x683.jpg 1024w, https:\/\/antersystem.com\/wp-content\/uploads\/2024-06-05_modernlog_fotobueno_-1954-1-300x200.jpg 300w, https:\/\/antersystem.com\/wp-content\/uploads\/2024-06-05_modernlog_fotobueno_-1954-1-768x512.jpg 768w, https:\/\/antersystem.com\/wp-content\/uploads\/2024-06-05_modernlog_fotobueno_-1954-1-1536x1024.jpg 1536w, https:\/\/antersystem.com\/wp-content\/uploads\/2024-06-05_modernlog_fotobueno_-1954-1-2048x1365.jpg 2048w, https:\/\/antersystem.com\/wp-content\/uploads\/2024-06-05_modernlog_fotobueno_-1954-1-450x300.jpg 450w, https:\/\/antersystem.com\/wp-content\/uploads\/2024-06-05_modernlog_fotobueno_-1954-1-330x220.jpg 330w\" sizes=\"auto, (max-width: 1024px) 100vw, 1024px\" \/><\/figure><\/div>\n<\/div>\n\n\n\n<div class=\"wp-block-column is-layout-flow wp-block-column-is-layout-flow\" style=\"flex-basis:10%\"><\/div>\n<\/div>\n\n\n\nngg_shortcode_0_placeholder\n<\/div>\n<\/div>\n\n<p><\/p>\n","protected":false},"excerpt":{"rendered":"<p>Zpr\u00e1va z Modernlogu, 4.-7. \u010dervna 2024 Slavnost logistick\u00e9ho pr\u016fmyslu v Poznani &#8211; sou\u010d\u00e1st nejv\u011bt\u0161\u00edho bloku pr\u016fmyslov\u00fdch akc\u00ed pro Pr\u016fmysl 4.0 v Polsku &#8211; je u konce. Ve dnech 4. a\u017e 7. \u010dervna se na mezin\u00e1rodn\u00edm v\u00fdstavi\u0161ti v Poznani konal veletrh Modernlog, jeho\u017e sou\u010d\u00e1st\u00ed byly odborn\u00e9 konference, \u017eiv\u00e9 uk\u00e1zky a networkingov\u00e1 setk\u00e1n\u00ed. \u00da\u010dastn\u00edci m\u011bli mo\u017enost sezn\u00e1mit [&hellip;]<\/p>\n","protected":false},"author":1,"featured_media":0,"parent":30524,"menu_order":0,"comment_status":"closed","ping_status":"closed","template":"","meta":{"inline_featured_image":false,"ngg_post_thumbnail":0,"footnotes":""},"class_list":["post-38845","page","type-page","status-publish","hentry"],"acf":[],"yoast_head":"<!-- This site is optimized with the Yoast SEO plugin v27.0 - https:\/\/yoast.com\/product\/yoast-seo-wordpress\/ -->\n<title>Modernlog 2024 - Anter System<\/title>\n<meta name=\"description\" content=\"W dniach 4-7 czerwca odby\u0142 si\u0119 Modernlog, kt\u00f3ry wype\u0142niony by\u0142 specjalistycznymi konferencjami i pokazami.\" \/>\n<meta name=\"robots\" content=\"index, follow, max-snippet:-1, max-image-preview:large, max-video-preview:-1\" \/>\n<link rel=\"canonical\" href=\"https:\/\/antersystem.com\/cs\/novinky\/modernlog-2024\/\" \/>\n<meta property=\"og:locale\" content=\"cs_CZ\" \/>\n<meta property=\"og:type\" content=\"article\" \/>\n<meta property=\"og:title\" content=\"Modernlog 2024 - Anter System\" \/>\n<meta property=\"og:description\" content=\"W dniach 4-7 czerwca odby\u0142 si\u0119 Modernlog, kt\u00f3ry wype\u0142niony by\u0142 specjalistycznymi konferencjami i pokazami.\" \/>\n<meta property=\"og:url\" content=\"https:\/\/antersystem.com\/cs\/novinky\/modernlog-2024\/\" \/>\n<meta property=\"og:site_name\" content=\"Anter System\" \/>\n<meta property=\"article:modified_time\" content=\"2026-02-02T13:14:31+00:00\" \/>\n<meta property=\"og:image\" content=\"https:\/\/antersystem.com\/wp-content\/uploads\/2024-06-05_modernlog_fotobueno_-1836-1-1024x683.jpg\" \/>\n<meta name=\"twitter:card\" content=\"summary_large_image\" \/>\n<meta name=\"twitter:label1\" content=\"Odhadovan\u00e1 doba \u010dten\u00ed\" \/>\n\t<meta name=\"twitter:data1\" content=\"2 minuty\" \/>\n<script type=\"application\/ld+json\" class=\"yoast-schema-graph\">{\"@context\":\"https:\/\/schema.org\",\"@graph\":[{\"@type\":\"WebPage\",\"@id\":\"https:\/\/antersystem.com\/cs\/novinky\/modernlog-2024\/\",\"url\":\"https:\/\/antersystem.com\/cs\/novinky\/modernlog-2024\/\",\"name\":\"Modernlog 2024 - Anter System\",\"isPartOf\":{\"@id\":\"https:\/\/antersystem.com\/cs\/#website\"},\"primaryImageOfPage\":{\"@id\":\"https:\/\/antersystem.com\/cs\/novinky\/modernlog-2024\/#primaryimage\"},\"image\":{\"@id\":\"https:\/\/antersystem.com\/cs\/novinky\/modernlog-2024\/#primaryimage\"},\"thumbnailUrl\":\"https:\/\/antersystem.com\/wp-content\/uploads\/2024-06-05_modernlog_fotobueno_-1836-1-1024x683.jpg\",\"datePublished\":\"2024-06-14T12:17:21+00:00\",\"dateModified\":\"2026-02-02T13:14:31+00:00\",\"description\":\"W dniach 4-7 czerwca odby\u0142 si\u0119 Modernlog, kt\u00f3ry wype\u0142niony by\u0142 specjalistycznymi konferencjami i pokazami.\",\"breadcrumb\":{\"@id\":\"https:\/\/antersystem.com\/cs\/novinky\/modernlog-2024\/#breadcrumb\"},\"inLanguage\":\"cs\",\"potentialAction\":[{\"@type\":\"ReadAction\",\"target\":[\"https:\/\/antersystem.com\/cs\/novinky\/modernlog-2024\/\"]}]},{\"@type\":\"ImageObject\",\"inLanguage\":\"cs\",\"@id\":\"https:\/\/antersystem.com\/cs\/novinky\/modernlog-2024\/#primaryimage\",\"url\":\"https:\/\/antersystem.com\/wp-content\/uploads\/2024-06-05_modernlog_fotobueno_-1836-1-1024x683.jpg\",\"contentUrl\":\"https:\/\/antersystem.com\/wp-content\/uploads\/2024-06-05_modernlog_fotobueno_-1836-1-1024x683.jpg\"},{\"@type\":\"BreadcrumbList\",\"@id\":\"https:\/\/antersystem.com\/cs\/novinky\/modernlog-2024\/#breadcrumb\",\"itemListElement\":[{\"@type\":\"ListItem\",\"position\":1,\"name\":\"AnterSystem\",\"item\":\"https:\/\/antersystem.com\/cs\/\"},{\"@type\":\"ListItem\",\"position\":2,\"name\":\"Zpr\u00e1vy\",\"item\":\"https:\/\/antersystem.com\/cs\/novinky\/\"},{\"@type\":\"ListItem\",\"position\":3,\"name\":\"Modernlog 2024\"}]},{\"@type\":\"WebSite\",\"@id\":\"https:\/\/antersystem.com\/cs\/#website\",\"url\":\"https:\/\/antersystem.com\/cs\/\",\"name\":\"Anter System\",\"description\":\"Jeste\u015bmy polskim producentem elastycznych barier ochronnych wykonywanych z polimerowych tworzyw sztucznych. Na rynku krajowym i zagranicznym dzia\u0142amy od ponad 15 lat dbaj\u0105c o zapewnienie bezpiecze\u0144stwa w zak\u0142adach produkcyjnych, magazynach oraz centrach logistycznych.\",\"potentialAction\":[{\"@type\":\"SearchAction\",\"target\":{\"@type\":\"EntryPoint\",\"urlTemplate\":\"https:\/\/antersystem.com\/cs\/?s={search_term_string}\"},\"query-input\":{\"@type\":\"PropertyValueSpecification\",\"valueRequired\":true,\"valueName\":\"search_term_string\"}}],\"inLanguage\":\"cs\"}]}<\/script>\n<!-- \/ Yoast SEO plugin. -->","yoast_head_json":{"title":"Modernlog 2024 - Anter System","description":"W dniach 4-7 czerwca odby\u0142 si\u0119 Modernlog, kt\u00f3ry wype\u0142niony by\u0142 specjalistycznymi konferencjami i pokazami.","robots":{"index":"index","follow":"follow","max-snippet":"max-snippet:-1","max-image-preview":"max-image-preview:large","max-video-preview":"max-video-preview:-1"},"canonical":"https:\/\/antersystem.com\/cs\/novinky\/modernlog-2024\/","og_locale":"cs_CZ","og_type":"article","og_title":"Modernlog 2024 - Anter System","og_description":"W dniach 4-7 czerwca odby\u0142 si\u0119 Modernlog, kt\u00f3ry wype\u0142niony by\u0142 specjalistycznymi konferencjami i pokazami.","og_url":"https:\/\/antersystem.com\/cs\/novinky\/modernlog-2024\/","og_site_name":"Anter System","article_modified_time":"2026-02-02T13:14:31+00:00","og_image":[{"url":"https:\/\/antersystem.com\/wp-content\/uploads\/2024-06-05_modernlog_fotobueno_-1836-1-1024x683.jpg","type":"","width":"","height":""}],"twitter_card":"summary_large_image","twitter_misc":{"Odhadovan\u00e1 doba \u010dten\u00ed":"2 minuty"},"schema":{"@context":"https:\/\/schema.org","@graph":[{"@type":"WebPage","@id":"https:\/\/antersystem.com\/cs\/novinky\/modernlog-2024\/","url":"https:\/\/antersystem.com\/cs\/novinky\/modernlog-2024\/","name":"Modernlog 2024 - Anter System","isPartOf":{"@id":"https:\/\/antersystem.com\/cs\/#website"},"primaryImageOfPage":{"@id":"https:\/\/antersystem.com\/cs\/novinky\/modernlog-2024\/#primaryimage"},"image":{"@id":"https:\/\/antersystem.com\/cs\/novinky\/modernlog-2024\/#primaryimage"},"thumbnailUrl":"https:\/\/antersystem.com\/wp-content\/uploads\/2024-06-05_modernlog_fotobueno_-1836-1-1024x683.jpg","datePublished":"2024-06-14T12:17:21+00:00","dateModified":"2026-02-02T13:14:31+00:00","description":"W dniach 4-7 czerwca odby\u0142 si\u0119 Modernlog, kt\u00f3ry wype\u0142niony by\u0142 specjalistycznymi konferencjami i pokazami.","breadcrumb":{"@id":"https:\/\/antersystem.com\/cs\/novinky\/modernlog-2024\/#breadcrumb"},"inLanguage":"cs","potentialAction":[{"@type":"ReadAction","target":["https:\/\/antersystem.com\/cs\/novinky\/modernlog-2024\/"]}]},{"@type":"ImageObject","inLanguage":"cs","@id":"https:\/\/antersystem.com\/cs\/novinky\/modernlog-2024\/#primaryimage","url":"https:\/\/antersystem.com\/wp-content\/uploads\/2024-06-05_modernlog_fotobueno_-1836-1-1024x683.jpg","contentUrl":"https:\/\/antersystem.com\/wp-content\/uploads\/2024-06-05_modernlog_fotobueno_-1836-1-1024x683.jpg"},{"@type":"BreadcrumbList","@id":"https:\/\/antersystem.com\/cs\/novinky\/modernlog-2024\/#breadcrumb","itemListElement":[{"@type":"ListItem","position":1,"name":"AnterSystem","item":"https:\/\/antersystem.com\/cs\/"},{"@type":"ListItem","position":2,"name":"Zpr\u00e1vy","item":"https:\/\/antersystem.com\/cs\/novinky\/"},{"@type":"ListItem","position":3,"name":"Modernlog 2024"}]},{"@type":"WebSite","@id":"https:\/\/antersystem.com\/cs\/#website","url":"https:\/\/antersystem.com\/cs\/","name":"Anter System","description":"Jeste\u015bmy polskim producentem elastycznych barier ochronnych wykonywanych z polimerowych tworzyw sztucznych. Na rynku krajowym i zagranicznym dzia\u0142amy od ponad 15 lat dbaj\u0105c o zapewnienie bezpiecze\u0144stwa w zak\u0142adach produkcyjnych, magazynach oraz centrach logistycznych.","potentialAction":[{"@type":"SearchAction","target":{"@type":"EntryPoint","urlTemplate":"https:\/\/antersystem.com\/cs\/?s={search_term_string}"},"query-input":{"@type":"PropertyValueSpecification","valueRequired":true,"valueName":"search_term_string"}}],"inLanguage":"cs"}]}},"_links":{"self":[{"href":"https:\/\/antersystem.com\/cs\/wp-json\/wp\/v2\/pages\/38845","targetHints":{"allow":["GET"]}}],"collection":[{"href":"https:\/\/antersystem.com\/cs\/wp-json\/wp\/v2\/pages"}],"about":[{"href":"https:\/\/antersystem.com\/cs\/wp-json\/wp\/v2\/types\/page"}],"author":[{"embeddable":true,"href":"https:\/\/antersystem.com\/cs\/wp-json\/wp\/v2\/users\/1"}],"replies":[{"embeddable":true,"href":"https:\/\/antersystem.com\/cs\/wp-json\/wp\/v2\/comments?post=38845"}],"version-history":[{"count":1,"href":"https:\/\/antersystem.com\/cs\/wp-json\/wp\/v2\/pages\/38845\/revisions"}],"predecessor-version":[{"id":38846,"href":"https:\/\/antersystem.com\/cs\/wp-json\/wp\/v2\/pages\/38845\/revisions\/38846"}],"up":[{"embeddable":true,"href":"https:\/\/antersystem.com\/cs\/wp-json\/wp\/v2\/pages\/30524"}],"wp:attachment":[{"href":"https:\/\/antersystem.com\/cs\/wp-json\/wp\/v2\/media?parent=38845"}],"curies":[{"name":"wp","href":"https:\/\/api.w.org\/{rel}","templated":true}]}}