{"id":38889,"date":"2024-11-25T09:14:04","date_gmt":"2024-11-25T08:14:04","guid":{"rendered":"https:\/\/antersystem.com\/novinky\/anter-system-at-intralogistyka-i-magazynowanie-conference-2024\/"},"modified":"2026-02-02T14:15:46","modified_gmt":"2026-02-02T13:15:46","slug":"anter-system-at-intralogistyka-i-magazynowanie-conference-2024","status":"publish","type":"page","link":"https:\/\/antersystem.com\/cs\/novinky\/anter-system-at-intralogistyka-i-magazynowanie-conference-2024\/","title":{"rendered":"Anter System na konferenci &#8222;Intralogistyka i magazynowanie&#8220;"},"content":{"rendered":"\n<div class=\"wp-block-columns is-layout-flex wp-container-core-columns-is-layout-9d6595d7 wp-block-columns-is-layout-flex\">\n<div class=\"wp-block-column is-layout-flow wp-block-column-is-layout-flow\" style=\"flex-basis:10%\"><\/div>\n\n\n\n<div class=\"wp-block-column is-layout-flow wp-block-column-is-layout-flow\">\n<h2 class=\"wp-block-heading\">Objevte nejnov\u011bj\u0161\u00ed trendy v intralogistice!<\/h2>\n\n\n\n<p>S pot\u011b\u0161en\u00edm oznamujeme, \u017ee spole\u010dnost Anter System je partnerem konference &#8220; <strong>Optimalizace intralogistick\u00fdch a skladov\u00fdch proces\u016f&#8220;, kter\u00e1 se bude<\/strong> konat 5. prosince <strong>2024 ve Swarz\u0119dzu u<\/strong> Poznan\u011b. Hlavn\u00edm c\u00edlem akce je setk\u00e1n\u00ed odborn\u00edk\u016f z oblasti skladov\u00e9 logistiky, pr\u016fmyslu a automatizace a vytvo\u0159en\u00ed platformy pro v\u00fdm\u011bnu znalost\u00ed a prezentaci nejnov\u011bj\u0161\u00edch \u0159e\u0161en\u00ed. <\/p>\n\n\n\n<p><strong>P\u0159edn\u00e1\u0161ky, workshopy, navazov\u00e1n\u00ed obchodn\u00edch kontakt\u016f<\/strong><\/p>\n\n\n\n<p>Konference se bude zab\u00fdvat kl\u00ed\u010dov\u00fdmi t\u00e9maty souvisej\u00edc\u00edmi s <strong>automatizac\u00ed skladov\u00fdch proces\u016f, zav\u00e1d\u011bn\u00edm inovativn\u00edch technologi\u00ed a<\/strong> <strong>zvy\u0161ov\u00e1n\u00edm bezpe\u010dnosti ve skladov\u00e9m<\/strong> prost\u0159ed\u00ed. Mezi diskutovan\u00e1 t\u00e9mata budou pat\u0159it syst\u00e9my vnitropodnikov\u00e9 dopravy, skladov\u00e9 roboty, automatizovan\u00e9 syst\u00e9my skladov\u00e1n\u00ed a vychyst\u00e1v\u00e1n\u00ed, technologie RFID a bezdr\u00e1tov\u00e9 identifikace a tak\u00e9 programov\u00e1n\u00ed pro intralogistiku. \u00da\u010dastn\u00edci budou m\u00edt tak\u00e9 mo\u017enost z\u00fa\u010dastnit se technick\u00fdch workshop\u016f &#8211; v\u00fdborn\u00e1 p\u0159\u00edle\u017eitost k prohlouben\u00ed praktick\u00fdch dovednost\u00ed souvisej\u00edc\u00edch s t\u00e9maty konference. Dal\u0161\u00ed v\u00fdhodou akce bude <strong>mo\u017enost nav\u00e1zat cenn\u00e9 obchodn\u00ed vztahy, kter\u00e9<\/strong> mohou podpo\u0159it profesn\u00ed rozvoj nebo v\u00e9st k nov\u00fdm partnerstv\u00edm.   <\/p>\n\n\n\n<p><strong>Promluvme si o bezpe\u010dnosti<\/strong><\/p>\n\n\n\n<p><strong>Spole\u010dnost Anter System bude na konferenci p\u0159\u00edtomna<\/strong> jako <strong>partner akce a bude odpov\u00eddat na<\/strong> ot\u00e1zky t\u00fdkaj\u00edc\u00ed se nejmodern\u011bj\u0161\u00edch \u0159e\u0161en\u00ed podporuj\u00edc\u00edch efektivitu a bezpe\u010dnost intralogistiky. \u00da\u010dastn\u00edci budou m\u00edt p\u0159\u00edle\u017eitost dozv\u011bd\u011bt se v\u00edce o na\u0161ich syst\u00e9mech ochrany infrastruktury, produktech pro spr\u00e1vu skladov\u00fdch prostor a bezpe\u010dnostn\u00edch \u0159e\u0161en\u00edch ur\u010den\u00fdch pro pr\u016fmyslov\u00e9 a skladovac\u00ed prostory. <\/p>\n\n\n\n<p>Srde\u010dn\u011b v\u00e1s zveme k \u00fa\u010dasti na konferenci a k rozhovor\u016fm s na\u0161imi z\u00e1stupci.<\/p>\n\n\n\n<p><strong>Datum:<\/strong> Swarz\u0119dz u Poznan\u011b, 8:00 &#8211; 15:30<br\/><strong>M\u00edsto kon\u00e1n\u00ed:<\/strong> 5. prosince 2024, Swarz\u0119dz u Poznan\u011b, 8:00 &#8211; 15:30 hod: Antoniego Tabaki 1, Swarz\u0119dz.<\/p>\n\n\n\n<p>\u00da\u010dast na konferenci je bezplatn\u00e1.<\/p>\n\n\n\n<p><strong>Dal\u0161\u00ed informace a registrace:<\/strong> <em><a href=\"https:\/\/www.axonmedia.pl\/konferencje\/aktualne\/intralogistyka-magazynowanie-2024-poznan\/\">&#8222;Intralogistika a skladov\u00e1n\u00ed&#8220;<\/a><\/em><\/p>\n\n\n\n<p>Uvid\u00edme se ve Swarz\u0119dzu &#8211; poj\u010fme spole\u010dn\u011b utv\u00e1\u0159et budoucnost modern\u00edch sklad\u016f!<\/p>\n\n\n\n<p><\/p>\n\n\n\n<p><\/p>\n<\/div>\n\n\n\n<div class=\"wp-block-column is-layout-flow wp-block-column-is-layout-flow\" style=\"flex-basis:10%\"><\/div>\n<\/div>\n<div class=\"wp-block-image\">\n<figure class=\"aligncenter size-large is-resized\"><img loading=\"lazy\" decoding=\"async\" width=\"1024\" height=\"576\" src=\"https:\/\/antersystem.com\/wp-content\/uploads\/axon_12_2024_konferencja_Intralogistyka-1024x576.jpg\" alt=\"\" class=\"wp-image-5650\" style=\"width:620px;height:auto\" srcset=\"https:\/\/antersystem.com\/wp-content\/uploads\/axon_12_2024_konferencja_Intralogistyka-1024x576.jpg 1024w, https:\/\/antersystem.com\/wp-content\/uploads\/axon_12_2024_konferencja_Intralogistyka-300x169.jpg 300w, https:\/\/antersystem.com\/wp-content\/uploads\/axon_12_2024_konferencja_Intralogistyka-768x432.jpg 768w, https:\/\/antersystem.com\/wp-content\/uploads\/axon_12_2024_konferencja_Intralogistyka-450x253.jpg 450w, https:\/\/antersystem.com\/wp-content\/uploads\/axon_12_2024_konferencja_Intralogistyka-330x186.jpg 330w, https:\/\/antersystem.com\/wp-content\/uploads\/axon_12_2024_konferencja_Intralogistyka.jpg 1115w\" sizes=\"auto, (max-width: 1024px) 100vw, 1024px\" \/><\/figure><\/div>","protected":false},"excerpt":{"rendered":"<p>Objevte nejnov\u011bj\u0161\u00ed trendy v intralogistice! S pot\u011b\u0161en\u00edm oznamujeme, \u017ee spole\u010dnost Anter System je partnerem konference &#8220; Optimalizace intralogistick\u00fdch a skladov\u00fdch proces\u016f&#8220;, kter\u00e1 se bude konat 5. prosince 2024 ve Swarz\u0119dzu u Poznan\u011b. Hlavn\u00edm c\u00edlem akce je setk\u00e1n\u00ed odborn\u00edk\u016f z oblasti skladov\u00e9 logistiky, pr\u016fmyslu a automatizace a vytvo\u0159en\u00ed platformy pro v\u00fdm\u011bnu znalost\u00ed a prezentaci nejnov\u011bj\u0161\u00edch \u0159e\u0161en\u00ed. [&hellip;]<\/p>\n","protected":false},"author":1,"featured_media":0,"parent":30524,"menu_order":0,"comment_status":"closed","ping_status":"closed","template":"","meta":{"inline_featured_image":false,"ngg_post_thumbnail":0,"footnotes":""},"class_list":["post-38889","page","type-page","status-publish","hentry"],"acf":[],"yoast_head":"<!-- This site is optimized with the Yoast SEO plugin v27.0 - https:\/\/yoast.com\/product\/yoast-seo-wordpress\/ -->\n<title>Anter System na konferenci &quot;Intralogistyka i magazynowanie&quot; - Anter System<\/title>\n<meta name=\"description\" content=\"Zapraszamy na konferencj\u0119 &quot;Intralogistyka i magazynowanie, kt\u00f3rej tematyka obejmuj mi\u0119dzy innymi zagadnienia zwi\u0105zane z bezpiecznym magazynem\" \/>\n<meta name=\"robots\" content=\"index, follow, max-snippet:-1, max-image-preview:large, max-video-preview:-1\" \/>\n<link rel=\"canonical\" href=\"https:\/\/antersystem.com\/cs\/novinky\/anter-system-at-intralogistyka-i-magazynowanie-conference-2024\/\" \/>\n<meta property=\"og:locale\" content=\"cs_CZ\" \/>\n<meta property=\"og:type\" content=\"article\" \/>\n<meta property=\"og:title\" content=\"Anter System na konferenci &quot;Intralogistyka i magazynowanie&quot; - Anter System\" \/>\n<meta property=\"og:description\" content=\"Zapraszamy na konferencj\u0119 &quot;Intralogistyka i magazynowanie, kt\u00f3rej tematyka obejmuj mi\u0119dzy innymi zagadnienia zwi\u0105zane z bezpiecznym magazynem\" \/>\n<meta property=\"og:url\" content=\"https:\/\/antersystem.com\/cs\/novinky\/anter-system-at-intralogistyka-i-magazynowanie-conference-2024\/\" \/>\n<meta property=\"og:site_name\" content=\"Anter System\" \/>\n<meta property=\"article:modified_time\" content=\"2026-02-02T13:15:46+00:00\" \/>\n<meta property=\"og:image\" content=\"https:\/\/antersystem.com\/wp-content\/uploads\/axon_12_2024_konferencja_Intralogistyka-1024x576.jpg\" \/>\n<meta name=\"twitter:card\" content=\"summary_large_image\" \/>\n<meta name=\"twitter:label1\" content=\"Odhadovan\u00e1 doba \u010dten\u00ed\" \/>\n\t<meta name=\"twitter:data1\" content=\"2 minuty\" \/>\n<script type=\"application\/ld+json\" class=\"yoast-schema-graph\">{\"@context\":\"https:\/\/schema.org\",\"@graph\":[{\"@type\":\"WebPage\",\"@id\":\"https:\/\/antersystem.com\/cs\/novinky\/anter-system-at-intralogistyka-i-magazynowanie-conference-2024\/\",\"url\":\"https:\/\/antersystem.com\/cs\/novinky\/anter-system-at-intralogistyka-i-magazynowanie-conference-2024\/\",\"name\":\"Anter System na konferenci \\\"Intralogistyka i magazynowanie\\\" - Anter System\",\"isPartOf\":{\"@id\":\"https:\/\/antersystem.com\/cs\/#website\"},\"primaryImageOfPage\":{\"@id\":\"https:\/\/antersystem.com\/cs\/novinky\/anter-system-at-intralogistyka-i-magazynowanie-conference-2024\/#primaryimage\"},\"image\":{\"@id\":\"https:\/\/antersystem.com\/cs\/novinky\/anter-system-at-intralogistyka-i-magazynowanie-conference-2024\/#primaryimage\"},\"thumbnailUrl\":\"https:\/\/antersystem.com\/wp-content\/uploads\/axon_12_2024_konferencja_Intralogistyka-1024x576.jpg\",\"datePublished\":\"2024-11-25T08:14:04+00:00\",\"dateModified\":\"2026-02-02T13:15:46+00:00\",\"description\":\"Zapraszamy na konferencj\u0119 \\\"Intralogistyka i magazynowanie, kt\u00f3rej tematyka obejmuj mi\u0119dzy innymi zagadnienia zwi\u0105zane z bezpiecznym magazynem\",\"breadcrumb\":{\"@id\":\"https:\/\/antersystem.com\/cs\/novinky\/anter-system-at-intralogistyka-i-magazynowanie-conference-2024\/#breadcrumb\"},\"inLanguage\":\"cs\",\"potentialAction\":[{\"@type\":\"ReadAction\",\"target\":[\"https:\/\/antersystem.com\/cs\/novinky\/anter-system-at-intralogistyka-i-magazynowanie-conference-2024\/\"]}]},{\"@type\":\"ImageObject\",\"inLanguage\":\"cs\",\"@id\":\"https:\/\/antersystem.com\/cs\/novinky\/anter-system-at-intralogistyka-i-magazynowanie-conference-2024\/#primaryimage\",\"url\":\"https:\/\/antersystem.com\/wp-content\/uploads\/axon_12_2024_konferencja_Intralogistyka-1024x576.jpg\",\"contentUrl\":\"https:\/\/antersystem.com\/wp-content\/uploads\/axon_12_2024_konferencja_Intralogistyka-1024x576.jpg\"},{\"@type\":\"BreadcrumbList\",\"@id\":\"https:\/\/antersystem.com\/cs\/novinky\/anter-system-at-intralogistyka-i-magazynowanie-conference-2024\/#breadcrumb\",\"itemListElement\":[{\"@type\":\"ListItem\",\"position\":1,\"name\":\"AnterSystem\",\"item\":\"https:\/\/antersystem.com\/cs\/\"},{\"@type\":\"ListItem\",\"position\":2,\"name\":\"Zpr\u00e1vy\",\"item\":\"https:\/\/antersystem.com\/cs\/novinky\/\"},{\"@type\":\"ListItem\",\"position\":3,\"name\":\"Anter System na konferenci &#8220;Intralogistyka i magazynowanie&#8221;\"}]},{\"@type\":\"WebSite\",\"@id\":\"https:\/\/antersystem.com\/cs\/#website\",\"url\":\"https:\/\/antersystem.com\/cs\/\",\"name\":\"Anter System\",\"description\":\"Jeste\u015bmy polskim producentem elastycznych barier ochronnych wykonywanych z polimerowych tworzyw sztucznych. Na rynku krajowym i zagranicznym dzia\u0142amy od ponad 15 lat dbaj\u0105c o zapewnienie bezpiecze\u0144stwa w zak\u0142adach produkcyjnych, magazynach oraz centrach logistycznych.\",\"potentialAction\":[{\"@type\":\"SearchAction\",\"target\":{\"@type\":\"EntryPoint\",\"urlTemplate\":\"https:\/\/antersystem.com\/cs\/?s={search_term_string}\"},\"query-input\":{\"@type\":\"PropertyValueSpecification\",\"valueRequired\":true,\"valueName\":\"search_term_string\"}}],\"inLanguage\":\"cs\"}]}<\/script>\n<!-- \/ Yoast SEO plugin. -->","yoast_head_json":{"title":"Anter System na konferenci \"Intralogistyka i magazynowanie\" - Anter System","description":"Zapraszamy na konferencj\u0119 \"Intralogistyka i magazynowanie, kt\u00f3rej tematyka obejmuj mi\u0119dzy innymi zagadnienia zwi\u0105zane z bezpiecznym magazynem","robots":{"index":"index","follow":"follow","max-snippet":"max-snippet:-1","max-image-preview":"max-image-preview:large","max-video-preview":"max-video-preview:-1"},"canonical":"https:\/\/antersystem.com\/cs\/novinky\/anter-system-at-intralogistyka-i-magazynowanie-conference-2024\/","og_locale":"cs_CZ","og_type":"article","og_title":"Anter System na konferenci \"Intralogistyka i magazynowanie\" - Anter System","og_description":"Zapraszamy na konferencj\u0119 \"Intralogistyka i magazynowanie, kt\u00f3rej tematyka obejmuj mi\u0119dzy innymi zagadnienia zwi\u0105zane z bezpiecznym magazynem","og_url":"https:\/\/antersystem.com\/cs\/novinky\/anter-system-at-intralogistyka-i-magazynowanie-conference-2024\/","og_site_name":"Anter System","article_modified_time":"2026-02-02T13:15:46+00:00","og_image":[{"url":"https:\/\/antersystem.com\/wp-content\/uploads\/axon_12_2024_konferencja_Intralogistyka-1024x576.jpg","type":"","width":"","height":""}],"twitter_card":"summary_large_image","twitter_misc":{"Odhadovan\u00e1 doba \u010dten\u00ed":"2 minuty"},"schema":{"@context":"https:\/\/schema.org","@graph":[{"@type":"WebPage","@id":"https:\/\/antersystem.com\/cs\/novinky\/anter-system-at-intralogistyka-i-magazynowanie-conference-2024\/","url":"https:\/\/antersystem.com\/cs\/novinky\/anter-system-at-intralogistyka-i-magazynowanie-conference-2024\/","name":"Anter System na konferenci \"Intralogistyka i magazynowanie\" - Anter System","isPartOf":{"@id":"https:\/\/antersystem.com\/cs\/#website"},"primaryImageOfPage":{"@id":"https:\/\/antersystem.com\/cs\/novinky\/anter-system-at-intralogistyka-i-magazynowanie-conference-2024\/#primaryimage"},"image":{"@id":"https:\/\/antersystem.com\/cs\/novinky\/anter-system-at-intralogistyka-i-magazynowanie-conference-2024\/#primaryimage"},"thumbnailUrl":"https:\/\/antersystem.com\/wp-content\/uploads\/axon_12_2024_konferencja_Intralogistyka-1024x576.jpg","datePublished":"2024-11-25T08:14:04+00:00","dateModified":"2026-02-02T13:15:46+00:00","description":"Zapraszamy na konferencj\u0119 \"Intralogistyka i magazynowanie, kt\u00f3rej tematyka obejmuj mi\u0119dzy innymi zagadnienia zwi\u0105zane z bezpiecznym magazynem","breadcrumb":{"@id":"https:\/\/antersystem.com\/cs\/novinky\/anter-system-at-intralogistyka-i-magazynowanie-conference-2024\/#breadcrumb"},"inLanguage":"cs","potentialAction":[{"@type":"ReadAction","target":["https:\/\/antersystem.com\/cs\/novinky\/anter-system-at-intralogistyka-i-magazynowanie-conference-2024\/"]}]},{"@type":"ImageObject","inLanguage":"cs","@id":"https:\/\/antersystem.com\/cs\/novinky\/anter-system-at-intralogistyka-i-magazynowanie-conference-2024\/#primaryimage","url":"https:\/\/antersystem.com\/wp-content\/uploads\/axon_12_2024_konferencja_Intralogistyka-1024x576.jpg","contentUrl":"https:\/\/antersystem.com\/wp-content\/uploads\/axon_12_2024_konferencja_Intralogistyka-1024x576.jpg"},{"@type":"BreadcrumbList","@id":"https:\/\/antersystem.com\/cs\/novinky\/anter-system-at-intralogistyka-i-magazynowanie-conference-2024\/#breadcrumb","itemListElement":[{"@type":"ListItem","position":1,"name":"AnterSystem","item":"https:\/\/antersystem.com\/cs\/"},{"@type":"ListItem","position":2,"name":"Zpr\u00e1vy","item":"https:\/\/antersystem.com\/cs\/novinky\/"},{"@type":"ListItem","position":3,"name":"Anter System na konferenci &#8220;Intralogistyka i magazynowanie&#8221;"}]},{"@type":"WebSite","@id":"https:\/\/antersystem.com\/cs\/#website","url":"https:\/\/antersystem.com\/cs\/","name":"Anter System","description":"Jeste\u015bmy polskim producentem elastycznych barier ochronnych wykonywanych z polimerowych tworzyw sztucznych. Na rynku krajowym i zagranicznym dzia\u0142amy od ponad 15 lat dbaj\u0105c o zapewnienie bezpiecze\u0144stwa w zak\u0142adach produkcyjnych, magazynach oraz centrach logistycznych.","potentialAction":[{"@type":"SearchAction","target":{"@type":"EntryPoint","urlTemplate":"https:\/\/antersystem.com\/cs\/?s={search_term_string}"},"query-input":{"@type":"PropertyValueSpecification","valueRequired":true,"valueName":"search_term_string"}}],"inLanguage":"cs"}]}},"_links":{"self":[{"href":"https:\/\/antersystem.com\/cs\/wp-json\/wp\/v2\/pages\/38889","targetHints":{"allow":["GET"]}}],"collection":[{"href":"https:\/\/antersystem.com\/cs\/wp-json\/wp\/v2\/pages"}],"about":[{"href":"https:\/\/antersystem.com\/cs\/wp-json\/wp\/v2\/types\/page"}],"author":[{"embeddable":true,"href":"https:\/\/antersystem.com\/cs\/wp-json\/wp\/v2\/users\/1"}],"replies":[{"embeddable":true,"href":"https:\/\/antersystem.com\/cs\/wp-json\/wp\/v2\/comments?post=38889"}],"version-history":[{"count":1,"href":"https:\/\/antersystem.com\/cs\/wp-json\/wp\/v2\/pages\/38889\/revisions"}],"predecessor-version":[{"id":38890,"href":"https:\/\/antersystem.com\/cs\/wp-json\/wp\/v2\/pages\/38889\/revisions\/38890"}],"up":[{"embeddable":true,"href":"https:\/\/antersystem.com\/cs\/wp-json\/wp\/v2\/pages\/30524"}],"wp:attachment":[{"href":"https:\/\/antersystem.com\/cs\/wp-json\/wp\/v2\/media?parent=38889"}],"curies":[{"name":"wp","href":"https:\/\/api.w.org\/{rel}","templated":true}]}}