{"id":38966,"date":"2024-12-12T15:46:51","date_gmt":"2024-12-12T14:46:51","guid":{"rendered":"https:\/\/antersystem.com\/novinky\/anter-system-expert-commentary-for-kaizen-magazine\/"},"modified":"2026-02-02T15:23:18","modified_gmt":"2026-02-02T14:23:18","slug":"anter-system-expert-commentary-for-kaizen-magazine","status":"publish","type":"page","link":"https:\/\/antersystem.com\/cs\/novinky\/anter-system-expert-commentary-for-kaizen-magazine\/","title":{"rendered":"Odborn\u00fd koment\u00e1\u0159 spole\u010dnosti Anter System pro \u010dasopis KAIZEN"},"content":{"rendered":"\n<div class=\"wp-block-columns is-layout-flex wp-container-core-columns-is-layout-9d6595d7 wp-block-columns-is-layout-flex\">\n  \n  <div class=\"wp-block-column is-layout-flow wp-block-column-is-layout-flow\" style=\"flex-basis:10%\"><\/div>\n  \n\n  \n  <div class=\"wp-block-column is-layout-flow wp-block-column-is-layout-flow\">\n    \n    <h2 class=\"wp-block-heading\">N\u011bkolik slov spole\u010dnosti Anter System o pr\u016fmyslov\u00e9 bezpe\u010dnosti pro <em>\u010dasopis Kaizen<\/em> <\/h2>\n    \n\n    \n    <p>S pot\u011b\u0161en\u00edm v\u00e1m oznamujeme, \u017ee v nejnov\u011bj\u0161\u00edm \u010d\u00edsle <em>\u010dasopisu Kaizen<\/em> (\u0159\u00edjen &#8211; listopad 2024, \u010d. 5(70)\/2024) vy\u0161el odborn\u00fd koment\u00e1\u0159 Natalie Margatis, projektov\u00e9 <strong>mana\u017eerky spole\u010dnosti Anter System.<\/strong> Koment\u00e1\u0159 je sou\u010d\u00e1st\u00ed \u010dl\u00e1nku Micha\u0142a Jurczaka s n\u00e1zvem <em>&#8222;Dopravn\u00ed z\u00f3na. Jak a \u010d\u00edm zabezpe\u010dit prostory pro pohyb za\u0159\u00edzen\u00ed a osob v pr\u016fmyslov\u00fdch hal\u00e1ch?&#8220;, kter\u00fd se zab\u00fdv\u00e1<\/em> sou\u010dasn\u00fdmi <strong>trendy v oblasti bezpe\u010dnosti pr\u00e1ce v pr\u016fmyslov\u00e9m prost\u0159ed\u00ed.<\/strong> \u010cl\u00e1nek pod\u00e1v\u00e1 p\u0159ehled \u0161irok\u00e9 \u0161k\u00e1ly modern\u00edch \u0159e\u0161en\u00ed &#8211; od IT syst\u00e9m\u016f a\u017e po opat\u0159en\u00ed fyzick\u00e9 ochrany. <\/p>\n    \n\n    \n    <p><strong>N\u00e1\u0161 odborn\u00fd koment\u00e1\u0159 se zam\u011b\u0159uje<\/strong> na rostouc\u00ed pov\u011bdom\u00ed o prevenci \u00faraz\u016f v modern\u00edch pr\u016fmyslov\u00fdch za\u0159\u00edzen\u00edch, spolupr\u00e1ci s odborn\u00edky na bezpe\u010dnost pr\u00e1ce p\u0159i bezpe\u010dnostn\u00edch auditech a na nejnov\u011bj\u0161\u00ed inovace modul\u00e1rn\u00edho syst\u00e9mu flexibiln\u00edch ochrann\u00fdch bari\u00e9r vyvinut\u00e9ho spole\u010dnost\u00ed Anter System.<\/p>\n    \n\n    \n    <blockquote class=\"wp-block-quote is-layout-flow wp-block-quote-is-layout-flow\">\n      \n      <p><em>&#8222;[&#8230;] Fyzick\u00e9 bezpe\u010dnostn\u00ed bari\u00e9ry z\u016fst\u00e1vaj\u00ed kl\u00ed\u010dov\u00fdm prvkem ochrann\u00fdch syst\u00e9m\u016f v pr\u016fmyslov\u00fdch hal\u00e1ch. Pom\u00e1haj\u00ed minimalizovat riziko \u00faraz\u016f chodc\u016f a \u00fa\u010dinn\u011b chr\u00e1n\u00ed stroje, reg\u00e1ly, infrastrukturu a dal\u0161\u00ed oblasti vystaven\u00e9 po\u0161kozen\u00ed. P\u0159i v\u00fdb\u011bru spr\u00e1vn\u00e9 ochrany hraje z\u00e1sadn\u00ed roli pou\u017eit\u00fd materi\u00e1l. Je vhodn\u00e9 zv\u00e1\u017eit odolnost, \u017eivotnost, snadnou \u00fadr\u017ebu a estetiku nab\u00edzen\u00fdch \u0159e\u0161en\u00ed. [&#8230;]      <\/em><\/p>\n      \n\n      \n      <p><em>Tyto modern\u00ed syst\u00e9my nab\u00edzej\u00ed i dal\u0161\u00ed funkce, jako jsou v\u00fdstra\u017en\u00e1 sv\u011btla nebo zvukov\u00e9 sign\u00e1ly. St\u00e1le popul\u00e1rn\u011bj\u0161\u00ed jsou \u0159e\u0161en\u00ed, kter\u00e1 blokuj\u00ed bezpe\u010dnostn\u00ed br\u00e1ny, kdy\u017e je detekov\u00e1no bl\u00ed\u017e\u00edc\u00ed se vozidlo. C\u00edlem v\u0161ech t\u011bchto funkc\u00ed je zabr\u00e1nit st\u0159et\u016fm chodc\u016f s vozidly v m\u00edstech, kter\u00e1 jsou obzvl\u00e1\u0161t\u011b vystavena n\u00e1raz\u016fm.&#8220;  <\/em><\/p>\n      \n      <cite>Natalia Margatis, projektov\u00e1 mana\u017eerka spole\u010dnosti Anter System, Kaizen \u010d <em>. 5(70<\/em> )\/2024<\/cite>\n    <\/blockquote>\n    \n\n    \n    <p>Cel\u00fd \u010dl\u00e1nek je k dispozici online na adrese: <a href=\"https:\/\/www.logistyczny.com\/sklep24\/index.php\/kaizen\/2024\/kaizen-5-2024-e-wydanie.html\"><em>Kaizen 5\/2024 e-edition &#8211; 2024 &#8211; Kaizen<\/em><\/a><\/p>\n    \n\n    \n    <p>Nejnov\u011bj\u0161\u00ed vyd\u00e1n\u00ed obsahuje tak\u00e9 mnoho dal\u0161\u00edch zaj\u00edmav\u00fdch t\u00e9mat pro odborn\u00edky v pr\u016fmyslov\u00e9m odv\u011btv\u00ed &#8211; o managementu, automatizaci, robotice a um\u011bl\u00e9 inteligenci ve v\u00fdrob\u011b &#8211; spolu se zaj\u00edmav\u00fdm v\u00fdro\u010dn\u00edm shrnuj\u00edc\u00edm \u010dl\u00e1nkem: <em>&#8222;P\u011bt trend\u016f. Nov\u00e9 technologie v logistice a pr\u016fmyslu v roce 2024 &#8211; od um\u011bl\u00e9 inteligence po elektrifikaci&#8220;.<\/em> V\u0159ele doporu\u010dujeme k p\u0159e\u010dten\u00ed!<\/p>\n    \n\n    \n    <p>&#8212;&#8212;&#8212;&#8212;&#8212;&#8212;&#8212;&#8212;&#8212;&#8212;&#8212;&#8212;-<\/p>\n    \n\n    \n    <p><em>&#8222;Kaizen. \u010casopis o n\u00e1stroj\u00edch neust\u00e1l\u00e9ho zlep\u0161ov\u00e1n\u00ed ve \u0161t\u00edhl\u00e9 v\u00fdrob\u011b&#8220; je<\/em> jedinou polskou publikac\u00ed ur\u010denou koordin\u00e1tor\u016fm Kaizen\/Lean a odborn\u00edk\u016fm, kte\u0159\u00ed zav\u00e1d\u011bj\u00ed strategie \u0161t\u00edhl\u00e9ho \u0159\u00edzen\u00ed v podnic\u00edch &#8211; se zvl\u00e1\u0161tn\u00edm zam\u011b\u0159en\u00edm na v\u00fdrobn\u00ed oblasti a procesy. Dopl\u0148uj\u00edc\u00edm obsahem jsou materi\u00e1ly o hardwarov\u00e9 infrastruktu\u0159e pou\u017e\u00edvan\u00e9 na v\u00fdrobn\u00edch link\u00e1ch, \u0159e\u0161en\u00edch automatizuj\u00edc\u00edch tok materi\u00e1lu a v\u00fdrobk\u016f a IT syst\u00e9mech \u0159\u00edd\u00edc\u00edch v\u00fdrobn\u00ed procesy. <\/p>\n    \n\n    \n    <p><em>Zdroj: <a href=\"https:\/\/www.logistyczny.com\/\">www.logistyczny.com<\/a><\/em><\/p>\n    \n  <\/div>\n  \n\n  \n  <div class=\"wp-block-column is-layout-flow wp-block-column-is-layout-flow\" style=\"flex-basis:10%\"><\/div>\n  \n<\/div>\n","protected":false},"excerpt":{"rendered":"<p>N\u011bkolik slov spole\u010dnosti Anter System o pr\u016fmyslov\u00e9 bezpe\u010dnosti pro \u010dasopis Kaizen S pot\u011b\u0161en\u00edm v\u00e1m oznamujeme, \u017ee v nejnov\u011bj\u0161\u00edm \u010d\u00edsle \u010dasopisu Kaizen (\u0159\u00edjen &#8211; listopad 2024, \u010d. 5(70)\/2024) vy\u0161el odborn\u00fd koment\u00e1\u0159 Natalie Margatis, projektov\u00e9 mana\u017eerky spole\u010dnosti Anter System. Koment\u00e1\u0159 je sou\u010d\u00e1st\u00ed \u010dl\u00e1nku Micha\u0142a Jurczaka s n\u00e1zvem &#8222;Dopravn\u00ed z\u00f3na. Jak a \u010d\u00edm zabezpe\u010dit prostory pro pohyb za\u0159\u00edzen\u00ed [&hellip;]<\/p>\n","protected":false},"author":1,"featured_media":0,"parent":30524,"menu_order":0,"comment_status":"closed","ping_status":"closed","template":"","meta":{"inline_featured_image":false,"ngg_post_thumbnail":0,"footnotes":""},"class_list":["post-38966","page","type-page","status-publish","hentry"],"acf":[],"yoast_head":"<!-- This site is optimized with the Yoast SEO plugin v27.0 - https:\/\/yoast.com\/product\/yoast-seo-wordpress\/ -->\n<title>Odborn\u00fd koment\u00e1\u0159 spole\u010dnosti Anter System pro \u010dasopis KAIZEN - Anter System<\/title>\n<meta name=\"description\" content=\"Zapraszamy do lektury najnowszego wydania magazynu KAIZEN, w kt\u00f3rym ukaza\u0142 si\u0119 komentarz ekspercki firmy Anter System\" \/>\n<meta name=\"robots\" content=\"index, follow, max-snippet:-1, max-image-preview:large, max-video-preview:-1\" \/>\n<link rel=\"canonical\" href=\"https:\/\/antersystem.com\/cs\/novinky\/anter-system-expert-commentary-for-kaizen-magazine\/\" \/>\n<meta property=\"og:locale\" content=\"cs_CZ\" \/>\n<meta property=\"og:type\" content=\"article\" \/>\n<meta property=\"og:title\" content=\"Odborn\u00fd koment\u00e1\u0159 spole\u010dnosti Anter System pro \u010dasopis KAIZEN - Anter System\" \/>\n<meta property=\"og:description\" content=\"Zapraszamy do lektury najnowszego wydania magazynu KAIZEN, w kt\u00f3rym ukaza\u0142 si\u0119 komentarz ekspercki firmy Anter System\" \/>\n<meta property=\"og:url\" content=\"https:\/\/antersystem.com\/cs\/novinky\/anter-system-expert-commentary-for-kaizen-magazine\/\" \/>\n<meta property=\"og:site_name\" content=\"Anter System\" \/>\n<meta property=\"article:modified_time\" content=\"2026-02-02T14:23:18+00:00\" \/>\n<meta name=\"twitter:card\" content=\"summary_large_image\" \/>\n<meta name=\"twitter:label1\" content=\"Odhadovan\u00e1 doba \u010dten\u00ed\" \/>\n\t<meta name=\"twitter:data1\" content=\"3 minuty\" \/>\n<script type=\"application\/ld+json\" class=\"yoast-schema-graph\">{\"@context\":\"https:\/\/schema.org\",\"@graph\":[{\"@type\":\"WebPage\",\"@id\":\"https:\/\/antersystem.com\/cs\/novinky\/anter-system-expert-commentary-for-kaizen-magazine\/\",\"url\":\"https:\/\/antersystem.com\/cs\/novinky\/anter-system-expert-commentary-for-kaizen-magazine\/\",\"name\":\"Odborn\u00fd koment\u00e1\u0159 spole\u010dnosti Anter System pro \u010dasopis KAIZEN - Anter System\",\"isPartOf\":{\"@id\":\"https:\/\/antersystem.com\/cs\/#website\"},\"datePublished\":\"2024-12-12T14:46:51+00:00\",\"dateModified\":\"2026-02-02T14:23:18+00:00\",\"description\":\"Zapraszamy do lektury najnowszego wydania magazynu KAIZEN, w kt\u00f3rym ukaza\u0142 si\u0119 komentarz ekspercki firmy Anter System\",\"breadcrumb\":{\"@id\":\"https:\/\/antersystem.com\/cs\/novinky\/anter-system-expert-commentary-for-kaizen-magazine\/#breadcrumb\"},\"inLanguage\":\"cs\",\"potentialAction\":[{\"@type\":\"ReadAction\",\"target\":[\"https:\/\/antersystem.com\/cs\/novinky\/anter-system-expert-commentary-for-kaizen-magazine\/\"]}]},{\"@type\":\"BreadcrumbList\",\"@id\":\"https:\/\/antersystem.com\/cs\/novinky\/anter-system-expert-commentary-for-kaizen-magazine\/#breadcrumb\",\"itemListElement\":[{\"@type\":\"ListItem\",\"position\":1,\"name\":\"AnterSystem\",\"item\":\"https:\/\/antersystem.com\/cs\/\"},{\"@type\":\"ListItem\",\"position\":2,\"name\":\"Zpr\u00e1vy\",\"item\":\"https:\/\/antersystem.com\/cs\/novinky\/\"},{\"@type\":\"ListItem\",\"position\":3,\"name\":\"Odborn\u00fd koment\u00e1\u0159 spole\u010dnosti Anter System pro \u010dasopis KAIZEN\"}]},{\"@type\":\"WebSite\",\"@id\":\"https:\/\/antersystem.com\/cs\/#website\",\"url\":\"https:\/\/antersystem.com\/cs\/\",\"name\":\"Anter System\",\"description\":\"Jeste\u015bmy polskim producentem elastycznych barier ochronnych wykonywanych z polimerowych tworzyw sztucznych. Na rynku krajowym i zagranicznym dzia\u0142amy od ponad 15 lat dbaj\u0105c o zapewnienie bezpiecze\u0144stwa w zak\u0142adach produkcyjnych, magazynach oraz centrach logistycznych.\",\"potentialAction\":[{\"@type\":\"SearchAction\",\"target\":{\"@type\":\"EntryPoint\",\"urlTemplate\":\"https:\/\/antersystem.com\/cs\/?s={search_term_string}\"},\"query-input\":{\"@type\":\"PropertyValueSpecification\",\"valueRequired\":true,\"valueName\":\"search_term_string\"}}],\"inLanguage\":\"cs\"}]}<\/script>\n<!-- \/ Yoast SEO plugin. -->","yoast_head_json":{"title":"Odborn\u00fd koment\u00e1\u0159 spole\u010dnosti Anter System pro \u010dasopis KAIZEN - Anter System","description":"Zapraszamy do lektury najnowszego wydania magazynu KAIZEN, w kt\u00f3rym ukaza\u0142 si\u0119 komentarz ekspercki firmy Anter System","robots":{"index":"index","follow":"follow","max-snippet":"max-snippet:-1","max-image-preview":"max-image-preview:large","max-video-preview":"max-video-preview:-1"},"canonical":"https:\/\/antersystem.com\/cs\/novinky\/anter-system-expert-commentary-for-kaizen-magazine\/","og_locale":"cs_CZ","og_type":"article","og_title":"Odborn\u00fd koment\u00e1\u0159 spole\u010dnosti Anter System pro \u010dasopis KAIZEN - Anter System","og_description":"Zapraszamy do lektury najnowszego wydania magazynu KAIZEN, w kt\u00f3rym ukaza\u0142 si\u0119 komentarz ekspercki firmy Anter System","og_url":"https:\/\/antersystem.com\/cs\/novinky\/anter-system-expert-commentary-for-kaizen-magazine\/","og_site_name":"Anter System","article_modified_time":"2026-02-02T14:23:18+00:00","twitter_card":"summary_large_image","twitter_misc":{"Odhadovan\u00e1 doba \u010dten\u00ed":"3 minuty"},"schema":{"@context":"https:\/\/schema.org","@graph":[{"@type":"WebPage","@id":"https:\/\/antersystem.com\/cs\/novinky\/anter-system-expert-commentary-for-kaizen-magazine\/","url":"https:\/\/antersystem.com\/cs\/novinky\/anter-system-expert-commentary-for-kaizen-magazine\/","name":"Odborn\u00fd koment\u00e1\u0159 spole\u010dnosti Anter System pro \u010dasopis KAIZEN - Anter System","isPartOf":{"@id":"https:\/\/antersystem.com\/cs\/#website"},"datePublished":"2024-12-12T14:46:51+00:00","dateModified":"2026-02-02T14:23:18+00:00","description":"Zapraszamy do lektury najnowszego wydania magazynu KAIZEN, w kt\u00f3rym ukaza\u0142 si\u0119 komentarz ekspercki firmy Anter System","breadcrumb":{"@id":"https:\/\/antersystem.com\/cs\/novinky\/anter-system-expert-commentary-for-kaizen-magazine\/#breadcrumb"},"inLanguage":"cs","potentialAction":[{"@type":"ReadAction","target":["https:\/\/antersystem.com\/cs\/novinky\/anter-system-expert-commentary-for-kaizen-magazine\/"]}]},{"@type":"BreadcrumbList","@id":"https:\/\/antersystem.com\/cs\/novinky\/anter-system-expert-commentary-for-kaizen-magazine\/#breadcrumb","itemListElement":[{"@type":"ListItem","position":1,"name":"AnterSystem","item":"https:\/\/antersystem.com\/cs\/"},{"@type":"ListItem","position":2,"name":"Zpr\u00e1vy","item":"https:\/\/antersystem.com\/cs\/novinky\/"},{"@type":"ListItem","position":3,"name":"Odborn\u00fd koment\u00e1\u0159 spole\u010dnosti Anter System pro \u010dasopis KAIZEN"}]},{"@type":"WebSite","@id":"https:\/\/antersystem.com\/cs\/#website","url":"https:\/\/antersystem.com\/cs\/","name":"Anter System","description":"Jeste\u015bmy polskim producentem elastycznych barier ochronnych wykonywanych z polimerowych tworzyw sztucznych. Na rynku krajowym i zagranicznym dzia\u0142amy od ponad 15 lat dbaj\u0105c o zapewnienie bezpiecze\u0144stwa w zak\u0142adach produkcyjnych, magazynach oraz centrach logistycznych.","potentialAction":[{"@type":"SearchAction","target":{"@type":"EntryPoint","urlTemplate":"https:\/\/antersystem.com\/cs\/?s={search_term_string}"},"query-input":{"@type":"PropertyValueSpecification","valueRequired":true,"valueName":"search_term_string"}}],"inLanguage":"cs"}]}},"_links":{"self":[{"href":"https:\/\/antersystem.com\/cs\/wp-json\/wp\/v2\/pages\/38966","targetHints":{"allow":["GET"]}}],"collection":[{"href":"https:\/\/antersystem.com\/cs\/wp-json\/wp\/v2\/pages"}],"about":[{"href":"https:\/\/antersystem.com\/cs\/wp-json\/wp\/v2\/types\/page"}],"author":[{"embeddable":true,"href":"https:\/\/antersystem.com\/cs\/wp-json\/wp\/v2\/users\/1"}],"replies":[{"embeddable":true,"href":"https:\/\/antersystem.com\/cs\/wp-json\/wp\/v2\/comments?post=38966"}],"version-history":[{"count":1,"href":"https:\/\/antersystem.com\/cs\/wp-json\/wp\/v2\/pages\/38966\/revisions"}],"predecessor-version":[{"id":38968,"href":"https:\/\/antersystem.com\/cs\/wp-json\/wp\/v2\/pages\/38966\/revisions\/38968"}],"up":[{"embeddable":true,"href":"https:\/\/antersystem.com\/cs\/wp-json\/wp\/v2\/pages\/30524"}],"wp:attachment":[{"href":"https:\/\/antersystem.com\/cs\/wp-json\/wp\/v2\/media?parent=38966"}],"curies":[{"name":"wp","href":"https:\/\/api.w.org\/{rel}","templated":true}]}}